{"id":21518,"date":"2022-09-15T16:41:09","date_gmt":"2022-09-15T14:41:09","guid":{"rendered":"https:\/\/pohjanmaantehtaanmyymala.fi\/?post_type=product&#038;p=21518"},"modified":"2026-04-14T11:08:34","modified_gmt":"2026-04-14T09:08:34","slug":"brent-tuoli-musta","status":"publish","type":"product","link":"https:\/\/pohjanmaantehtaanmyymala.fi\/en\/tuote\/brent-tuoli-musta\/","title":{"rendered":"Brent tuoli musta"},"content":{"rendered":"<div class=\"std descr2 descr2-after-descr1\"><strong>Tuote on poistumassa valikoimista, tarkista saatavuus!<\/strong><\/div>\n<div><\/div>\n<div class=\"std descr2 descr2-after-descr1\">Rowicon metallirunkoinen Brent-tuoli mustalla PU-istuinveroilulla. Tuoli sopii monenlaiseen sisustukseen. Tuolissa on mukava istuinmukavuus pehmustetun istuinosan ja muotoillun viilutetun puisen selk\u00e4nojan ansiosta.<br \/>\nTuolin siro metallijalka saa tuolin n\u00e4ytt\u00e4m\u00e4\u00e4n kevyelt\u00e4.<\/div>\n<p>Tuolin istuinkorkeus 48 cm ja istuin syvyys 42 cm.<\/p>\n<h3>Tuotetiedot:<\/h3>\n<p>Verhoilu: PU-keinonahkaa<br \/>\nSelk\u00e4noja: tammiviilutettu vaneri<br \/>\nJalka: Pulverimaalattua metallia<\/p>\n<p>Toimitetaan jalat irrallaan.<\/p>\n","protected":false},"excerpt":{"rendered":"<p>Tuote on poistumassa valikoimista, tarkista saatavuus! Rowicon metallirunkoinen Brent-tuoli mustalla PU-istuinveroilulla. Tuoli sopii monenlaiseen sisustukseen. Tuolissa on mukava istuinmukavuus pehmustetun istuinosan ja muotoillun viilutetun puisen selk\u00e4nojan ansiosta. Tuolin siro metallijalka saa tuolin n\u00e4ytt\u00e4m\u00e4\u00e4n kevyelt\u00e4. Tuolin istuinkorkeus 48 cm ja istuin syvyys 42 cm. Tuotetiedot: Verhoilu: PU-keinonahkaa Selk\u00e4noja: tammiviilutettu vaneri Jalka: Pulverimaalattua metallia Toimitetaan jalat irrallaan.<\/p>\n","protected":false},"featured_media":21534,"comment_status":"closed","ping_status":"closed","template":"","meta":{"_acf_changed":false,"jetpack_post_was_ever_published":false,"jetpack_publicize_message":"","jetpack_publicize_feature_enabled":true,"jetpack_social_post_already_shared":true,"jetpack_social_options":{"image_generator_settings":{"template":"highway","default_image_id":0,"font":"","enabled":false},"version":2}},"product_brand":[179],"product_cat":[213,194],"product_tag":[],"class_list":{"0":"post-21518","1":"product","2":"type-product","3":"status-publish","4":"has-post-thumbnail","6":"product_brand-rowico","7":"product_cat-outlet","8":"product_cat-ruokapoydat-ja-tuolit","9":"product_shipping_class-161","11":"first","12":"instock","13":"purchasable","14":"product-type-simple"},"acf":[],"jetpack_publicize_connections":[],"jetpack_sharing_enabled":true,"jetpack-related-posts":[{"id":26185,"url":"https:\/\/pohjanmaantehtaanmyymala.fi\/en\/tuote\/marcus-tuoli-musta\/","url_meta":{"origin":21518,"position":0},"title":"Marcus tuoli musta","author":"Miro Nevala","date":"October 2, 2024","format":false,"excerpt":"N\u00e4ytt\u00e4v\u00e4 ja elegantti ruokatuoli!","rel":"","context":"Similar post","block_context":{"text":"Similar post","link":""},"img":{"alt_text":"Marcus tuoli musta kulmakuva","src":"https:\/\/i0.wp.com\/pohjanmaantehtaanmyymala.fi\/wp-content\/uploads\/2024\/03\/Marcus-musta-kulmakuva.jpg?fit=960%2C960&ssl=1&resize=350%2C200","width":350,"height":200,"srcset":"https:\/\/i0.wp.com\/pohjanmaantehtaanmyymala.fi\/wp-content\/uploads\/2024\/03\/Marcus-musta-kulmakuva.jpg?fit=960%2C960&ssl=1&resize=350%2C200 1x, https:\/\/i0.wp.com\/pohjanmaantehtaanmyymala.fi\/wp-content\/uploads\/2024\/03\/Marcus-musta-kulmakuva.jpg?fit=960%2C960&ssl=1&resize=525%2C300 1.5x, https:\/\/i0.wp.com\/pohjanmaantehtaanmyymala.fi\/wp-content\/uploads\/2024\/03\/Marcus-musta-kulmakuva.jpg?fit=960%2C960&ssl=1&resize=700%2C400 2x"},"classes":[]},{"id":18957,"url":"https:\/\/pohjanmaantehtaanmyymala.fi\/en\/tuote\/harbo-tuoli-ruskea-nahka\/","url_meta":{"origin":21518,"position":1},"title":"Harbo -tuoli, ruskea nahka","author":"Sami Viitala","date":"November 10, 2021","format":false,"excerpt":"Kevyt keinonahkainen k\u00e4sinojatuoli House Nordicilta.","rel":"","context":"Similar post","block_context":{"text":"Similar post","link":""},"img":{"alt_text":"Harbo k\u00e4sinoja tuoli konjakin ruskea pu-nahka","src":"https:\/\/i0.wp.com\/pohjanmaantehtaanmyymala.fi\/wp-content\/uploads\/2021\/11\/Harbo-tuoli-ruskea-1001150.jpg?fit=1000%2C1000&ssl=1&resize=350%2C200","width":350,"height":200,"srcset":"https:\/\/i0.wp.com\/pohjanmaantehtaanmyymala.fi\/wp-content\/uploads\/2021\/11\/Harbo-tuoli-ruskea-1001150.jpg?fit=1000%2C1000&ssl=1&resize=350%2C200 1x, https:\/\/i0.wp.com\/pohjanmaantehtaanmyymala.fi\/wp-content\/uploads\/2021\/11\/Harbo-tuoli-ruskea-1001150.jpg?fit=1000%2C1000&ssl=1&resize=525%2C300 1.5x, https:\/\/i0.wp.com\/pohjanmaantehtaanmyymala.fi\/wp-content\/uploads\/2021\/11\/Harbo-tuoli-ruskea-1001150.jpg?fit=1000%2C1000&ssl=1&resize=700%2C400 2x"},"classes":[]},{"id":18931,"url":"https:\/\/pohjanmaantehtaanmyymala.fi\/en\/tuote\/harbo-tuoli-pu-nahka-musta\/","url_meta":{"origin":21518,"position":2},"title":"Harbo -tuoli, pu-nahka musta","author":"Sami Viitala","date":"November 10, 2021","format":false,"excerpt":"Tyylik\u00e4s keinonahkainen k\u00e4sinojatuoli House Nordicilta.","rel":"","context":"Similar post","block_context":{"text":"Similar post","link":""},"img":{"alt_text":"Harbo k\u00e4sinoja tuoli musta pu-nahka","src":"https:\/\/i0.wp.com\/pohjanmaantehtaanmyymala.fi\/wp-content\/uploads\/2021\/11\/Harbo-tuoli-msuta-1001153.jpg?fit=1000%2C1000&ssl=1&resize=350%2C200","width":350,"height":200,"srcset":"https:\/\/i0.wp.com\/pohjanmaantehtaanmyymala.fi\/wp-content\/uploads\/2021\/11\/Harbo-tuoli-msuta-1001153.jpg?fit=1000%2C1000&ssl=1&resize=350%2C200 1x, https:\/\/i0.wp.com\/pohjanmaantehtaanmyymala.fi\/wp-content\/uploads\/2021\/11\/Harbo-tuoli-msuta-1001153.jpg?fit=1000%2C1000&ssl=1&resize=525%2C300 1.5x, https:\/\/i0.wp.com\/pohjanmaantehtaanmyymala.fi\/wp-content\/uploads\/2021\/11\/Harbo-tuoli-msuta-1001153.jpg?fit=1000%2C1000&ssl=1&resize=700%2C400 2x"},"classes":[]},{"id":26206,"url":"https:\/\/pohjanmaantehtaanmyymala.fi\/en\/tuote\/siera-ruokaryhma-marcus-tuoleilla\/","url_meta":{"origin":21518,"position":3},"title":"Siera ruokaryhm\u00e4 Marcus-tuoleilla","author":"Miro Nevala","date":"October 2, 2024","format":false,"excerpt":"N\u00e4ytt\u00e4v\u00e4 py\u00f6re\u00e4 Siera-ruokaryhm\u00e4 mustilla Marcus tuoleilla!","rel":"","context":"Similar post","block_context":{"text":"Similar post","link":""},"img":{"alt_text":"Siera p\u00f6yt\u00e4 valkoinen mustien Marcus tuolien kanssa","src":"https:\/\/i0.wp.com\/pohjanmaantehtaanmyymala.fi\/wp-content\/uploads\/2024\/03\/Siera-po%CC%88yta%CC%88-valkoinen-Marcus-tuoleilla.jpg?fit=960%2C960&ssl=1&resize=350%2C200","width":350,"height":200,"srcset":"https:\/\/i0.wp.com\/pohjanmaantehtaanmyymala.fi\/wp-content\/uploads\/2024\/03\/Siera-po%CC%88yta%CC%88-valkoinen-Marcus-tuoleilla.jpg?fit=960%2C960&ssl=1&resize=350%2C200 1x, https:\/\/i0.wp.com\/pohjanmaantehtaanmyymala.fi\/wp-content\/uploads\/2024\/03\/Siera-po%CC%88yta%CC%88-valkoinen-Marcus-tuoleilla.jpg?fit=960%2C960&ssl=1&resize=525%2C300 1.5x, https:\/\/i0.wp.com\/pohjanmaantehtaanmyymala.fi\/wp-content\/uploads\/2024\/03\/Siera-po%CC%88yta%CC%88-valkoinen-Marcus-tuoleilla.jpg?fit=960%2C960&ssl=1&resize=700%2C400 2x"},"classes":[]},{"id":18855,"url":"https:\/\/pohjanmaantehtaanmyymala.fi\/en\/tuote\/harbo-tuoli-pyoriva-pu-nahka\/","url_meta":{"origin":21518,"position":4},"title":"Harbo -tuoli py\u00f6riv\u00e4, musta pu-nahka","author":"Sami Viitala","date":"November 6, 2021","format":false,"excerpt":"Py\u00f6riv\u00e4 keitti\u00f6n tuoli eri v\u00e4reiss\u00e4 House Nordicilta.","rel":"","context":"Similar post","block_context":{"text":"Similar post","link":""},"img":{"alt_text":"Harbo tuoli p\u00f6yriv\u00e4 pu-nahka musta","src":"https:\/\/i0.wp.com\/pohjanmaantehtaanmyymala.fi\/wp-content\/uploads\/2021\/11\/Harbo-tuoli-musta1001167.jpg?fit=1200%2C1200&ssl=1&resize=350%2C200","width":350,"height":200,"srcset":"https:\/\/i0.wp.com\/pohjanmaantehtaanmyymala.fi\/wp-content\/uploads\/2021\/11\/Harbo-tuoli-musta1001167.jpg?fit=1200%2C1200&ssl=1&resize=350%2C200 1x, https:\/\/i0.wp.com\/pohjanmaantehtaanmyymala.fi\/wp-content\/uploads\/2021\/11\/Harbo-tuoli-musta1001167.jpg?fit=1200%2C1200&ssl=1&resize=525%2C300 1.5x, https:\/\/i0.wp.com\/pohjanmaantehtaanmyymala.fi\/wp-content\/uploads\/2021\/11\/Harbo-tuoli-musta1001167.jpg?fit=1200%2C1200&ssl=1&resize=700%2C400 2x, https:\/\/i0.wp.com\/pohjanmaantehtaanmyymala.fi\/wp-content\/uploads\/2021\/11\/Harbo-tuoli-musta1001167.jpg?fit=1200%2C1200&ssl=1&resize=1050%2C600 3x"},"classes":[]},{"id":19027,"url":"https:\/\/pohjanmaantehtaanmyymala.fi\/en\/tuote\/harbo-tuoli-pyoriva-konjakinruskea\/","url_meta":{"origin":21518,"position":5},"title":"Harbo -tuoli py\u00f6riv\u00e4, konjakinruskea","author":"Sami Viitala","date":"November 11, 2021","format":false,"excerpt":"Kaunis k\u00e4sinojatuoli House Nordicilta.","rel":"","context":"Similar post","block_context":{"text":"Similar post","link":""},"img":{"alt_text":"Harbo tuoli p\u00f6yriv\u00e4 pu-nahka konjakinruskea","src":"https:\/\/i0.wp.com\/pohjanmaantehtaanmyymala.fi\/wp-content\/uploads\/2021\/11\/Hasbo-tuoli-konjakinruskea-1001165.jpg?fit=1200%2C1200&ssl=1&resize=350%2C200","width":350,"height":200,"srcset":"https:\/\/i0.wp.com\/pohjanmaantehtaanmyymala.fi\/wp-content\/uploads\/2021\/11\/Hasbo-tuoli-konjakinruskea-1001165.jpg?fit=1200%2C1200&ssl=1&resize=350%2C200 1x, https:\/\/i0.wp.com\/pohjanmaantehtaanmyymala.fi\/wp-content\/uploads\/2021\/11\/Hasbo-tuoli-konjakinruskea-1001165.jpg?fit=1200%2C1200&ssl=1&resize=525%2C300 1.5x, https:\/\/i0.wp.com\/pohjanmaantehtaanmyymala.fi\/wp-content\/uploads\/2021\/11\/Hasbo-tuoli-konjakinruskea-1001165.jpg?fit=1200%2C1200&ssl=1&resize=700%2C400 2x, https:\/\/i0.wp.com\/pohjanmaantehtaanmyymala.fi\/wp-content\/uploads\/2021\/11\/Hasbo-tuoli-konjakinruskea-1001165.jpg?fit=1200%2C1200&ssl=1&resize=1050%2C600 3x"},"classes":[]}],"_links":{"self":[{"href":"https:\/\/pohjanmaantehtaanmyymala.fi\/en\/wp-json\/wp\/v2\/product\/21518","targetHints":{"allow":["GET"]}}],"collection":[{"href":"https:\/\/pohjanmaantehtaanmyymala.fi\/en\/wp-json\/wp\/v2\/product"}],"about":[{"href":"https:\/\/pohjanmaantehtaanmyymala.fi\/en\/wp-json\/wp\/v2\/types\/product"}],"replies":[{"embeddable":true,"href":"https:\/\/pohjanmaantehtaanmyymala.fi\/en\/wp-json\/wp\/v2\/comments?post=21518"}],"wp:featuredmedia":[{"embeddable":true,"href":"https:\/\/pohjanmaantehtaanmyymala.fi\/en\/wp-json\/wp\/v2\/media\/21534"}],"wp:attachment":[{"href":"https:\/\/pohjanmaantehtaanmyymala.fi\/en\/wp-json\/wp\/v2\/media?parent=21518"}],"wp:term":[{"taxonomy":"product_brand","embeddable":true,"href":"https:\/\/pohjanmaantehtaanmyymala.fi\/en\/wp-json\/wp\/v2\/product_brand?post=21518"},{"taxonomy":"product_cat","embeddable":true,"href":"https:\/\/pohjanmaantehtaanmyymala.fi\/en\/wp-json\/wp\/v2\/product_cat?post=21518"},{"taxonomy":"product_tag","embeddable":true,"href":"https:\/\/pohjanmaantehtaanmyymala.fi\/en\/wp-json\/wp\/v2\/product_tag?post=21518"}],"curies":[{"name":"wp","href":"https:\/\/api.w.org\/{rel}","templated":true}]}}