{"id":21231,"date":"2022-09-05T18:01:52","date_gmt":"2022-09-05T16:01:52","guid":{"rendered":"https:\/\/pohjanmaantehtaanmyymala.fi\/?post_type=product&#038;p=21231"},"modified":"2026-03-17T09:04:35","modified_gmt":"2026-03-17T07:04:35","slug":"yumi-sarjapoyta-pyorea","status":"publish","type":"product","link":"https:\/\/pohjanmaantehtaanmyymala.fi\/en\/tuote\/yumi-sarjapoyta-pyorea\/","title":{"rendered":"YUMI &#8211; sarjap\u00f6yt\u00e4 py\u00f6re\u00e4"},"content":{"rendered":"<p>Yumi- sarjap\u00f6yt\u00e4 sopii olohuoneen sohvp\u00f6yd\u00e4ksi tai vaikka makuuhuoneen y\u00f6p\u00f6yd\u00e4ksi. Saatavana tammi-lv tai valkopestyn\u00e4.<br \/>\nIsomman p\u00f6yd\u00e4n halkaisija on 50 cm, korkeus 45 cm ja pienemm\u00e4n halkaisija on 40 cm, korkeus 40 cm.<\/p>\n<p>Tuotetiedot:<br \/>\nValmistettu tammiviilutetusta levyst\u00e4.<\/p>\n<p>P\u00f6yd\u00e4t toimitetaan jalat irrallaan.<\/p>\n","protected":false},"excerpt":{"rendered":"<p>Yumi- sarjap\u00f6yt\u00e4 sopii olohuoneen sohvp\u00f6yd\u00e4ksi tai vaikka makuuhuoneen y\u00f6p\u00f6yd\u00e4ksi. Saatavana tammi-lv tai valkopestyn\u00e4. Isomman p\u00f6yd\u00e4n halkaisija on 50 cm, korkeus 45 cm ja pienemm\u00e4n halkaisija on 40 cm, korkeus 40 cm. Tuotetiedot: Valmistettu tammiviilutetusta levyst\u00e4. P\u00f6yd\u00e4t toimitetaan jalat irrallaan.<\/p>\n","protected":false},"featured_media":18118,"comment_status":"closed","ping_status":"closed","template":"","meta":{"_acf_changed":false,"jetpack_post_was_ever_published":false,"jetpack_publicize_message":"","jetpack_publicize_feature_enabled":true,"jetpack_social_post_already_shared":true,"jetpack_social_options":{"image_generator_settings":{"template":"highway","default_image_id":0,"font":"","enabled":false},"version":2}},"product_brand":[179],"product_cat":[199],"product_tag":[],"class_list":{"0":"post-21231","1":"product","2":"type-product","3":"status-publish","4":"has-post-thumbnail","6":"product_brand-rowico","7":"product_cat-sohva-ja-sivupoydat","8":"product_shipping_class-161","10":"first","11":"instock","12":"sale","13":"purchasable","14":"product-type-simple"},"acf":[],"jetpack_publicize_connections":[],"jetpack_sharing_enabled":true,"jetpack-related-posts":[{"id":9344,"url":"https:\/\/pohjanmaantehtaanmyymala.fi\/en\/tuote\/yumi-sarjapoytasetti\/","url_meta":{"origin":21231,"position":0},"title":"YUMI &#8211; sarjap\u00f6yt\u00e4","author":"petri","date":"September 14, 2019","format":false,"excerpt":"Yumi- sarjap\u00f6yt\u00e4 sopii olohuoneen sohvp\u00f6yd\u00e4ksi tai vaikka makuuhuoneen y\u00f6p\u00f6yd\u00e4ksi. Saatavana mustana ja ruskeana. Isomman p\u00f6yd\u00e4n on 50 cm, korkeus 45 cm ja pienemm\u00e4n halkaisija on 40 cm, korkeus 40 cm. Tuotetiedot: Valmistettu saarniiviilutetusta levyst\u00e4. P\u00f6yd\u00e4t toimitetaan jalat irrallaan.","rel":"","context":"Similar post","block_context":{"text":"Similar post","link":""},"img":{"alt_text":"Yumi py\u00f6re\u00e4 sarjap\u00f6yt\u00e4 valkopesty","src":"https:\/\/i0.wp.com\/pohjanmaantehtaanmyymala.fi\/wp-content\/uploads\/2019\/09\/Yumi-sarjapoyta-musta-52220.jpg?fit=960%2C960&ssl=1&resize=350%2C200","width":350,"height":200,"srcset":"https:\/\/i0.wp.com\/pohjanmaantehtaanmyymala.fi\/wp-content\/uploads\/2019\/09\/Yumi-sarjapoyta-musta-52220.jpg?fit=960%2C960&ssl=1&resize=350%2C200 1x, https:\/\/i0.wp.com\/pohjanmaantehtaanmyymala.fi\/wp-content\/uploads\/2019\/09\/Yumi-sarjapoyta-musta-52220.jpg?fit=960%2C960&ssl=1&resize=525%2C300 1.5x, https:\/\/i0.wp.com\/pohjanmaantehtaanmyymala.fi\/wp-content\/uploads\/2019\/09\/Yumi-sarjapoyta-musta-52220.jpg?fit=960%2C960&ssl=1&resize=700%2C400 2x"},"classes":[]},{"id":9333,"url":"https:\/\/pohjanmaantehtaanmyymala.fi\/en\/tuote\/yumi-ruokapoyta-pyorea\/","url_meta":{"origin":21231,"position":1},"title":"YUMI &#8211; ruokap\u00f6yt\u00e4 py\u00f6re\u00e4 115 cm","author":"petri","date":"September 14, 2019","format":false,"excerpt":"Py\u00f6re\u00e4n Yumi ruokap\u00f6yd\u00e4n kansi on kauniisti viistetty joka sirojen jalkojen kanssa antaa kevyen ilmeen p\u00f6yd\u00e4lle. P\u00f6yt\u00e4 on saatavana tammisena, ruskeana ja valkopestyn\u00e4. Kysy tarjousta myynnist\u00e4mme! Tuotetiedot: Kannen halkaisija: 115 cm. P\u00f6yd\u00e4n korkeus: 74 cm. Kansi: viilutettu mdf-levy. Jalat: massiivipuu.","rel":"","context":"Similar post","block_context":{"text":"Similar post","link":""},"img":{"alt_text":"Yumi py\u00f6re\u00e4 ruokap\u00f6yt\u00e4 tammi-lv halkaisija 115 cm","src":"https:\/\/i0.wp.com\/pohjanmaantehtaanmyymala.fi\/wp-content\/uploads\/2019\/09\/116988-52213-Yumi-matbord-runt-ek.jpg?fit=960%2C960&ssl=1&resize=350%2C200","width":350,"height":200,"srcset":"https:\/\/i0.wp.com\/pohjanmaantehtaanmyymala.fi\/wp-content\/uploads\/2019\/09\/116988-52213-Yumi-matbord-runt-ek.jpg?fit=960%2C960&ssl=1&resize=350%2C200 1x, https:\/\/i0.wp.com\/pohjanmaantehtaanmyymala.fi\/wp-content\/uploads\/2019\/09\/116988-52213-Yumi-matbord-runt-ek.jpg?fit=960%2C960&ssl=1&resize=525%2C300 1.5x, https:\/\/i0.wp.com\/pohjanmaantehtaanmyymala.fi\/wp-content\/uploads\/2019\/09\/116988-52213-Yumi-matbord-runt-ek.jpg?fit=960%2C960&ssl=1&resize=700%2C400 2x"},"classes":[]},{"id":21214,"url":"https:\/\/pohjanmaantehtaanmyymala.fi\/en\/tuote\/yumi-sohvapoyta-90-cm\/","url_meta":{"origin":21231,"position":2},"title":"YUMI sohvap\u00f6yt\u00e4 90 cm","author":"Sami Viitala","date":"September 5, 2022","format":false,"excerpt":"Py\u00f6re\u00e4 Rowicon Yumi-sohvap\u00f6yt\u00e4. Valmistettu saarnista. Saatavana mustana ja ruskeana. Toimitetaan jalat irrallaan.","rel":"","context":"Similar post","block_context":{"text":"Similar post","link":""},"img":{"alt_text":"Yumi py\u00f6re\u00e4 sohvap\u00f6yt\u00e4 halkaisija 90 cm ruskea","src":"https:\/\/i0.wp.com\/pohjanmaantehtaanmyymala.fi\/wp-content\/uploads\/2022\/09\/116967_Yumi_round_coffee_table_brown_ash.jpg?fit=960%2C960&ssl=1&resize=350%2C200","width":350,"height":200,"srcset":"https:\/\/i0.wp.com\/pohjanmaantehtaanmyymala.fi\/wp-content\/uploads\/2022\/09\/116967_Yumi_round_coffee_table_brown_ash.jpg?fit=960%2C960&ssl=1&resize=350%2C200 1x, https:\/\/i0.wp.com\/pohjanmaantehtaanmyymala.fi\/wp-content\/uploads\/2022\/09\/116967_Yumi_round_coffee_table_brown_ash.jpg?fit=960%2C960&ssl=1&resize=525%2C300 1.5x, https:\/\/i0.wp.com\/pohjanmaantehtaanmyymala.fi\/wp-content\/uploads\/2022\/09\/116967_Yumi_round_coffee_table_brown_ash.jpg?fit=960%2C960&ssl=1&resize=700%2C400 2x"},"classes":[]},{"id":9353,"url":"https:\/\/pohjanmaantehtaanmyymala.fi\/en\/tuote\/yumi-sohvapoyta\/","url_meta":{"origin":21231,"position":3},"title":"YUMI sohvap\u00f6yt\u00e4 halk. 90 cm","author":"petri","date":"September 14, 2019","format":false,"excerpt":"Py\u00f6re\u00e4 Rowicon Yumi-sohvap\u00f6yt\u00e4, joka on 90 cm halkaisijaltaan. Saatavana valkolakattuna tammena ja lv-tammena. Toimitetaan jalat irrallaan.","rel":"","context":"Similar post","block_context":{"text":"Similar post","link":""},"img":{"alt_text":"","src":"https:\/\/i0.wp.com\/pohjanmaantehtaanmyymala.fi\/wp-content\/uploads\/2019\/06\/52420-Yumi-soffbord-runt-ww.jpg?fit=960%2C960&ssl=1&resize=350%2C200","width":350,"height":200,"srcset":"https:\/\/i0.wp.com\/pohjanmaantehtaanmyymala.fi\/wp-content\/uploads\/2019\/06\/52420-Yumi-soffbord-runt-ww.jpg?fit=960%2C960&ssl=1&resize=350%2C200 1x, https:\/\/i0.wp.com\/pohjanmaantehtaanmyymala.fi\/wp-content\/uploads\/2019\/06\/52420-Yumi-soffbord-runt-ww.jpg?fit=960%2C960&ssl=1&resize=525%2C300 1.5x, https:\/\/i0.wp.com\/pohjanmaantehtaanmyymala.fi\/wp-content\/uploads\/2019\/06\/52420-Yumi-soffbord-runt-ww.jpg?fit=960%2C960&ssl=1&resize=700%2C400 2x"},"classes":[]},{"id":26890,"url":"https:\/\/pohjanmaantehtaanmyymala.fi\/en\/tuote\/yumi-ruokapoyta-pyorea-115-cm-musta\/","url_meta":{"origin":21231,"position":4},"title":"YUMI &#8211; ruokap\u00f6yt\u00e4 py\u00f6re\u00e4 115 cm musta","author":"Sami Viitala","date":"April 29, 2024","format":false,"excerpt":"Py\u00f6re\u00e4n Yumi ruokap\u00f6yd\u00e4n kansi on kauniisti viistetty joka sirojen jalkojen kanssa antaa kevyen ilmeen p\u00f6yd\u00e4lle. P\u00f6yt\u00e4 on valkoisen v\u00e4rinen. Saatavilla my\u00f6s mustana, tammen v\u00e4risen\u00e4, ruskeana sek\u00e4 valkolakattuna. Kysy tarjousta myynnist\u00e4mme! Tuotetiedot: Kansi: saarniviilutettu mdf-levy. Jalat: massiivipuu.","rel":"","context":"Similar post","block_context":{"text":"Similar post","link":""},"img":{"alt_text":"Rowico Yumi py\u00f6re\u00e4 1150 cm ruokap\u00f6yt\u00e4 musta","src":"https:\/\/i0.wp.com\/pohjanmaantehtaanmyymala.fi\/wp-content\/uploads\/2024\/04\/52212-Yumi-matbord-runt-svart.jpg?fit=960%2C960&ssl=1&resize=350%2C200","width":350,"height":200,"srcset":"https:\/\/i0.wp.com\/pohjanmaantehtaanmyymala.fi\/wp-content\/uploads\/2024\/04\/52212-Yumi-matbord-runt-svart.jpg?fit=960%2C960&ssl=1&resize=350%2C200 1x, https:\/\/i0.wp.com\/pohjanmaantehtaanmyymala.fi\/wp-content\/uploads\/2024\/04\/52212-Yumi-matbord-runt-svart.jpg?fit=960%2C960&ssl=1&resize=525%2C300 1.5x, https:\/\/i0.wp.com\/pohjanmaantehtaanmyymala.fi\/wp-content\/uploads\/2024\/04\/52212-Yumi-matbord-runt-svart.jpg?fit=960%2C960&ssl=1&resize=700%2C400 2x"},"classes":[]},{"id":9339,"url":"https:\/\/pohjanmaantehtaanmyymala.fi\/en\/tuote\/yumi-ruokapoyta\/","url_meta":{"origin":21231,"position":5},"title":"YUMI &#8211; ruokap\u00f6yt\u00e4 190 cm","author":"petri","date":"September 14, 2019","format":false,"excerpt":"Rowicon tammesta valmistettu Yumi- ruokap\u00f6yt\u00e4. T\u00e4m\u00e4n p\u00f6yd\u00e4n kanssa sopii hyvin esimerkiksi KATO- tuolit! P\u00f6yt\u00e4\u00e4n saatavana my\u00f6s jatkopalat molempiin p\u00e4ihin. Tuotetiedot: Valmistettu tammesta. Lakattu. Vapaa tila jalkojen v\u00e4liss\u00e4: 160 cm. Saatavana Tammisena ja mustana. Toimitetaan jalat irrallaan.","rel":"","context":"Similar post","block_context":{"text":"Similar post","link":""},"img":{"alt_text":"","src":"https:\/\/i0.wp.com\/pohjanmaantehtaanmyymala.fi\/wp-content\/uploads\/2019\/06\/116927-b-Yumi-matbord-190-svart.jpg?fit=960%2C960&ssl=1&resize=350%2C200","width":350,"height":200,"srcset":"https:\/\/i0.wp.com\/pohjanmaantehtaanmyymala.fi\/wp-content\/uploads\/2019\/06\/116927-b-Yumi-matbord-190-svart.jpg?fit=960%2C960&ssl=1&resize=350%2C200 1x, https:\/\/i0.wp.com\/pohjanmaantehtaanmyymala.fi\/wp-content\/uploads\/2019\/06\/116927-b-Yumi-matbord-190-svart.jpg?fit=960%2C960&ssl=1&resize=525%2C300 1.5x, https:\/\/i0.wp.com\/pohjanmaantehtaanmyymala.fi\/wp-content\/uploads\/2019\/06\/116927-b-Yumi-matbord-190-svart.jpg?fit=960%2C960&ssl=1&resize=700%2C400 2x"},"classes":[]}],"_links":{"self":[{"href":"https:\/\/pohjanmaantehtaanmyymala.fi\/en\/wp-json\/wp\/v2\/product\/21231","targetHints":{"allow":["GET"]}}],"collection":[{"href":"https:\/\/pohjanmaantehtaanmyymala.fi\/en\/wp-json\/wp\/v2\/product"}],"about":[{"href":"https:\/\/pohjanmaantehtaanmyymala.fi\/en\/wp-json\/wp\/v2\/types\/product"}],"replies":[{"embeddable":true,"href":"https:\/\/pohjanmaantehtaanmyymala.fi\/en\/wp-json\/wp\/v2\/comments?post=21231"}],"wp:featuredmedia":[{"embeddable":true,"href":"https:\/\/pohjanmaantehtaanmyymala.fi\/en\/wp-json\/wp\/v2\/media\/18118"}],"wp:attachment":[{"href":"https:\/\/pohjanmaantehtaanmyymala.fi\/en\/wp-json\/wp\/v2\/media?parent=21231"}],"wp:term":[{"taxonomy":"product_brand","embeddable":true,"href":"https:\/\/pohjanmaantehtaanmyymala.fi\/en\/wp-json\/wp\/v2\/product_brand?post=21231"},{"taxonomy":"product_cat","embeddable":true,"href":"https:\/\/pohjanmaantehtaanmyymala.fi\/en\/wp-json\/wp\/v2\/product_cat?post=21231"},{"taxonomy":"product_tag","embeddable":true,"href":"https:\/\/pohjanmaantehtaanmyymala.fi\/en\/wp-json\/wp\/v2\/product_tag?post=21231"}],"curies":[{"name":"wp","href":"https:\/\/api.w.org\/{rel}","templated":true}]}}