{"id":20678,"date":"2022-06-15T16:33:46","date_gmt":"2022-06-15T14:33:46","guid":{"rendered":"https:\/\/pohjanmaantehtaanmyymala.fi\/?post_type=product&#038;p=20678"},"modified":"2025-05-16T09:37:00","modified_gmt":"2025-05-16T07:37:00","slug":"camp-picnic-poytasetti-150-cm-harmaa","status":"publish","type":"product","link":"https:\/\/pohjanmaantehtaanmyymala.fi\/en\/tuote\/camp-picnic-poytasetti-150-cm-harmaa\/","title":{"rendered":"Camp p\u00f6yt\u00e4-penkkisetti 150 cm, harmaa"},"content":{"rendered":"<div class=\"std descr1\"><strong>Tuote on loppu varastosta!<\/strong><\/div>\n<div><\/div>\n<div class=\"std descr1\">Akadas Liettuasta valmistaa korkealuokkaista m\u00e4ntykalusteista ulkotiloihin. T\u00e4m\u00e4 k\u00e4tev\u00e4 Camp-p\u00f6yt\u00e4setti k\u00e4\u00e4nnett\u00e4vill\u00e4 penkeill\u00e4 k\u00e4y mainiosti puutarhaan tai vaikka laiturille. Kannet ovat harjattua m\u00e4nty\u00e4, joka on k\u00e4sitelty harmaaksi. Taivasalla pidett\u00e4ess\u00e4 tuote on \u00f6ljytt\u00e4v\u00e4 kerran vuodessa, jolloin sen k\u00e4ytt\u00f6ik\u00e4 pitenee huomattavasti.<\/div>\n<h3>Tuotetiedot:<\/h3>\n<p>Materiaalit: m\u00e4nty<br \/>\nV\u00e4rivaihtoehdot: harmaa<br \/>\nP\u00f6yt\u00e4kansi 150&#215;77 cm<br \/>\nSetin ottama laattiatila 150&#215;159 cm<br \/>\nkorkeus 76 cm<br \/>\nistuinkorkeus 44 cm<br \/>\nToimitetaan osina.<\/p>\n<p>Kysy saatavuutta <a href=\"https:\/\/pohjanmaantehtaanmyymala.fi\/yhteys\/\">myynnist\u00e4mme!<\/a><\/p>\n<p>&nbsp;<\/p>\n","protected":false},"excerpt":{"rendered":"<p>M\u00e4ntyinen puutarhap\u00f6yt\u00e4ryhm\u00e4 taittuvilla penkeill\u00e4<\/p>\n","protected":false},"featured_media":20679,"comment_status":"closed","ping_status":"closed","template":"","meta":{"_acf_changed":false,"jetpack_post_was_ever_published":false,"jetpack_publicize_message":"","jetpack_publicize_feature_enabled":true,"jetpack_social_post_already_shared":true,"jetpack_social_options":{"image_generator_settings":{"template":"highway","default_image_id":0,"font":"","enabled":false},"version":2}},"product_brand":[],"product_cat":[200],"product_tag":[],"class_list":{"0":"post-20678","1":"product","2":"type-product","3":"status-publish","4":"has-post-thumbnail","6":"product_cat-kesakalusteet","8":"first","9":"outofstock","10":"shipping-taxable","11":"purchasable","12":"product-type-simple"},"acf":[],"jetpack_publicize_connections":[],"jetpack_sharing_enabled":true,"jetpack-related-posts":[{"id":23072,"url":"https:\/\/pohjanmaantehtaanmyymala.fi\/en\/tuote\/country-poytaryhma-penkeilla-valkoinen-harmaa\/","url_meta":{"origin":20678,"position":0},"title":"Country p\u00f6yt\u00e4ryhm\u00e4 penkeill\u00e4 valkoinen\/harmaa","author":"Sami Viitala","date":"June 27, 2023","format":false,"excerpt":"Korkealuokkainen m\u00e4ntykalustesetti ulkotiloihin.","rel":"","context":"Similar post","block_context":{"text":"Similar post","link":""},"img":{"alt_text":"Country p\u00f6yt\u00e4ryhm\u00e4 penkeill\u00e4, valkoinen\/harmaa","src":"https:\/\/i0.wp.com\/pohjanmaantehtaanmyymala.fi\/wp-content\/uploads\/2022\/06\/Country_poytaryhma.jpg?fit=960%2C960&ssl=1&resize=350%2C200","width":350,"height":200,"srcset":"https:\/\/i0.wp.com\/pohjanmaantehtaanmyymala.fi\/wp-content\/uploads\/2022\/06\/Country_poytaryhma.jpg?fit=960%2C960&ssl=1&resize=350%2C200 1x, https:\/\/i0.wp.com\/pohjanmaantehtaanmyymala.fi\/wp-content\/uploads\/2022\/06\/Country_poytaryhma.jpg?fit=960%2C960&ssl=1&resize=525%2C300 1.5x, https:\/\/i0.wp.com\/pohjanmaantehtaanmyymala.fi\/wp-content\/uploads\/2022\/06\/Country_poytaryhma.jpg?fit=960%2C960&ssl=1&resize=700%2C400 2x"},"classes":[]},{"id":20582,"url":"https:\/\/pohjanmaantehtaanmyymala.fi\/en\/tuote\/ecofurn-tupla-granny-penkki-manty\/","url_meta":{"origin":20678,"position":1},"title":"Ecofurn Tupla-Granny penkki, m\u00e4nty","author":"Sami Viitala","date":"May 7, 2022","format":false,"excerpt":"M\u00e4yntyinen klassikko puutarhapenkki eri v\u00e4reiss\u00e4. Valitse v\u00e4ri!","rel":"","context":"Similar post","block_context":{"text":"Similar post","link":""},"img":{"alt_text":"EcoFurn tupla-Granny penkki harmaa","src":"https:\/\/i0.wp.com\/pohjanmaantehtaanmyymala.fi\/wp-content\/uploads\/2022\/05\/EcoFurn_Tupla_Granny_harmaa.jpg?fit=960%2C960&ssl=1&resize=350%2C200","width":350,"height":200,"srcset":"https:\/\/i0.wp.com\/pohjanmaantehtaanmyymala.fi\/wp-content\/uploads\/2022\/05\/EcoFurn_Tupla_Granny_harmaa.jpg?fit=960%2C960&ssl=1&resize=350%2C200 1x, https:\/\/i0.wp.com\/pohjanmaantehtaanmyymala.fi\/wp-content\/uploads\/2022\/05\/EcoFurn_Tupla_Granny_harmaa.jpg?fit=960%2C960&ssl=1&resize=525%2C300 1.5x, https:\/\/i0.wp.com\/pohjanmaantehtaanmyymala.fi\/wp-content\/uploads\/2022\/05\/EcoFurn_Tupla_Granny_harmaa.jpg?fit=960%2C960&ssl=1&resize=700%2C400 2x"},"classes":[]},{"id":17263,"url":"https:\/\/pohjanmaantehtaanmyymala.fi\/en\/tuote\/tupla-hanna-puutarhapenkki-manty\/","url_meta":{"origin":20678,"position":2},"title":"Tupla-Aino puutarhapenkki, kyll\u00e4stetty m\u00e4nty","author":"Sami Viitala","date":"April 17, 2021","format":false,"excerpt":"M\u00e4yntyinen pihapenkki p\u00f6yt\u00e4tasolla. Valitse v\u00e4ri!","rel":"","context":"Similar post","block_context":{"text":"Similar post","link":""},"img":{"alt_text":"Tupla-Hanna Aino Ville puutarha penkki kyll\u00e4stetty\u00e4 m\u00e4nty\u00e4 ruskea.","src":"https:\/\/i0.wp.com\/pohjanmaantehtaanmyymala.fi\/wp-content\/uploads\/2021\/04\/Aino_Tupla_puutarhapenkki_2.jpg?fit=960%2C960&ssl=1&resize=350%2C200","width":350,"height":200,"srcset":"https:\/\/i0.wp.com\/pohjanmaantehtaanmyymala.fi\/wp-content\/uploads\/2021\/04\/Aino_Tupla_puutarhapenkki_2.jpg?fit=960%2C960&ssl=1&resize=350%2C200 1x, https:\/\/i0.wp.com\/pohjanmaantehtaanmyymala.fi\/wp-content\/uploads\/2021\/04\/Aino_Tupla_puutarhapenkki_2.jpg?fit=960%2C960&ssl=1&resize=525%2C300 1.5x, https:\/\/i0.wp.com\/pohjanmaantehtaanmyymala.fi\/wp-content\/uploads\/2021\/04\/Aino_Tupla_puutarhapenkki_2.jpg?fit=960%2C960&ssl=1&resize=700%2C400 2x"},"classes":[]},{"id":16932,"url":"https:\/\/pohjanmaantehtaanmyymala.fi\/en\/tuote\/ecofurn-ekotuoli-manty\/","url_meta":{"origin":20678,"position":3},"title":"Ecofurn Ekotuoli, m\u00e4nty","author":"Sami Viitala","date":"April 8, 2021","format":false,"excerpt":"Osta aito ja alkuper\u00e4inen m\u00e4ntyinen Ecotuoli. Valitse v\u00e4ri!","rel":"","context":"Similar post","block_context":{"text":"Similar post","link":""},"img":{"alt_text":"Ecofurn Ecochair ekotuoli harmaa m\u00e4nty","src":"https:\/\/i0.wp.com\/pohjanmaantehtaanmyymala.fi\/wp-content\/uploads\/2021\/04\/90214_EcoChair_pine_grey.jpg?fit=1200%2C1200&ssl=1&resize=350%2C200","width":350,"height":200,"srcset":"https:\/\/i0.wp.com\/pohjanmaantehtaanmyymala.fi\/wp-content\/uploads\/2021\/04\/90214_EcoChair_pine_grey.jpg?fit=1200%2C1200&ssl=1&resize=350%2C200 1x, https:\/\/i0.wp.com\/pohjanmaantehtaanmyymala.fi\/wp-content\/uploads\/2021\/04\/90214_EcoChair_pine_grey.jpg?fit=1200%2C1200&ssl=1&resize=525%2C300 1.5x, https:\/\/i0.wp.com\/pohjanmaantehtaanmyymala.fi\/wp-content\/uploads\/2021\/04\/90214_EcoChair_pine_grey.jpg?fit=1200%2C1200&ssl=1&resize=700%2C400 2x, https:\/\/i0.wp.com\/pohjanmaantehtaanmyymala.fi\/wp-content\/uploads\/2021\/04\/90214_EcoChair_pine_grey.jpg?fit=1200%2C1200&ssl=1&resize=1050%2C600 3x"},"classes":[]},{"id":17200,"url":"https:\/\/pohjanmaantehtaanmyymala.fi\/en\/tuote\/ecofurn-granny-tuoli-manty\/","url_meta":{"origin":20678,"position":4},"title":"Ecofurn Granny-tuoli, m\u00e4nty","author":"Sami Viitala","date":"April 16, 2021","format":false,"excerpt":"M\u00e4yntyinen klassikko puutarha-tuoli eri v\u00e4reiss\u00e4. Valitse v\u00e4ri!","rel":"","context":"Similar post","block_context":{"text":"Similar post","link":""},"img":{"alt_text":"Granny-tuoli kalliolla","src":"https:\/\/i0.wp.com\/pohjanmaantehtaanmyymala.fi\/wp-content\/uploads\/2021\/04\/Granny_rocks-kalliolla.jpg?fit=1010%2C918&ssl=1&resize=350%2C200","width":350,"height":200,"srcset":"https:\/\/i0.wp.com\/pohjanmaantehtaanmyymala.fi\/wp-content\/uploads\/2021\/04\/Granny_rocks-kalliolla.jpg?fit=1010%2C918&ssl=1&resize=350%2C200 1x, https:\/\/i0.wp.com\/pohjanmaantehtaanmyymala.fi\/wp-content\/uploads\/2021\/04\/Granny_rocks-kalliolla.jpg?fit=1010%2C918&ssl=1&resize=525%2C300 1.5x, https:\/\/i0.wp.com\/pohjanmaantehtaanmyymala.fi\/wp-content\/uploads\/2021\/04\/Granny_rocks-kalliolla.jpg?fit=1010%2C918&ssl=1&resize=700%2C400 2x"},"classes":[]},{"id":17007,"url":"https:\/\/pohjanmaantehtaanmyymala.fi\/en\/tuote\/ecofurn-lilli-poyta-rahi-manty\/","url_meta":{"origin":20678,"position":5},"title":"Ecofurn Lilli p\u00f6yt\u00e4-rahi, m\u00e4nty","author":"Sami Viitala","date":"April 10, 2021","format":false,"excerpt":"Osta aito ja alkuper\u00e4inen m\u00e4ntyinen Ekop\u00f6yt\u00e4 meilt\u00e4! Valitse v\u00e4ri!","rel":"","context":"Similar post","block_context":{"text":"Similar post","link":""},"img":{"alt_text":"EcoFurn Lilli p\u00f6yt\u00e4-rahi valkoinen m\u00e4nty","src":"https:\/\/i0.wp.com\/pohjanmaantehtaanmyymala.fi\/wp-content\/uploads\/2021\/04\/Lilli90580-valkoinen-manty.jpg?fit=1200%2C1200&ssl=1&resize=350%2C200","width":350,"height":200,"srcset":"https:\/\/i0.wp.com\/pohjanmaantehtaanmyymala.fi\/wp-content\/uploads\/2021\/04\/Lilli90580-valkoinen-manty.jpg?fit=1200%2C1200&ssl=1&resize=350%2C200 1x, https:\/\/i0.wp.com\/pohjanmaantehtaanmyymala.fi\/wp-content\/uploads\/2021\/04\/Lilli90580-valkoinen-manty.jpg?fit=1200%2C1200&ssl=1&resize=525%2C300 1.5x, https:\/\/i0.wp.com\/pohjanmaantehtaanmyymala.fi\/wp-content\/uploads\/2021\/04\/Lilli90580-valkoinen-manty.jpg?fit=1200%2C1200&ssl=1&resize=700%2C400 2x, https:\/\/i0.wp.com\/pohjanmaantehtaanmyymala.fi\/wp-content\/uploads\/2021\/04\/Lilli90580-valkoinen-manty.jpg?fit=1200%2C1200&ssl=1&resize=1050%2C600 3x"},"classes":[]}],"_links":{"self":[{"href":"https:\/\/pohjanmaantehtaanmyymala.fi\/en\/wp-json\/wp\/v2\/product\/20678","targetHints":{"allow":["GET"]}}],"collection":[{"href":"https:\/\/pohjanmaantehtaanmyymala.fi\/en\/wp-json\/wp\/v2\/product"}],"about":[{"href":"https:\/\/pohjanmaantehtaanmyymala.fi\/en\/wp-json\/wp\/v2\/types\/product"}],"replies":[{"embeddable":true,"href":"https:\/\/pohjanmaantehtaanmyymala.fi\/en\/wp-json\/wp\/v2\/comments?post=20678"}],"wp:featuredmedia":[{"embeddable":true,"href":"https:\/\/pohjanmaantehtaanmyymala.fi\/en\/wp-json\/wp\/v2\/media\/20679"}],"wp:attachment":[{"href":"https:\/\/pohjanmaantehtaanmyymala.fi\/en\/wp-json\/wp\/v2\/media?parent=20678"}],"wp:term":[{"taxonomy":"product_brand","embeddable":true,"href":"https:\/\/pohjanmaantehtaanmyymala.fi\/en\/wp-json\/wp\/v2\/product_brand?post=20678"},{"taxonomy":"product_cat","embeddable":true,"href":"https:\/\/pohjanmaantehtaanmyymala.fi\/en\/wp-json\/wp\/v2\/product_cat?post=20678"},{"taxonomy":"product_tag","embeddable":true,"href":"https:\/\/pohjanmaantehtaanmyymala.fi\/en\/wp-json\/wp\/v2\/product_tag?post=20678"}],"curies":[{"name":"wp","href":"https:\/\/api.w.org\/{rel}","templated":true}]}}