{"id":20561,"date":"2022-05-03T16:47:23","date_gmt":"2022-05-03T14:47:23","guid":{"rendered":"https:\/\/pohjanmaantehtaanmyymala.fi\/?post_type=product&#038;p=20561"},"modified":"2022-09-04T18:18:55","modified_gmt":"2022-09-04T16:18:55","slug":"leon-nojatuoli-jalkarahilla-harmaa","status":"publish","type":"product","link":"https:\/\/pohjanmaantehtaanmyymala.fi\/en\/tuote\/leon-nojatuoli-jalkarahilla-harmaa\/","title":{"rendered":"Leon nojatuoli Jalkarahilla harmaa"},"content":{"rendered":"<p>House Nordic Leon nojatuoli ja rahi harmaata polyrottinkia. Tuolissa on mukava istua ja rentoutua p\u00e4iv\u00e4rutiinien j\u00e4lkeen.<\/p>\n<h3><strong>Tuotetiedot:<\/strong><\/h3>\n<p>l. 71 cm, k. 102 cm, s. 82 cm<br \/>\nIstuinkorkeus on 47 cm ja -syvyys 64 cm.<br \/>\nMetallirunko ja PE-polyrottinkipunos<br \/>\nIstuintyynyss\u00e4 polyesteri kangas<br \/>\nToimitetaan jalat irrallaan<\/p>\n<p>Tuoli toimitetaan valmiiksi kasattuna pahvipaketissa.<\/p>\n","protected":false},"excerpt":{"rendered":"<p>N\u00e4ytt\u00e4v\u00e4 polyrottinkinen nojatuoli rahilla<\/p>\n","protected":false},"featured_media":20565,"comment_status":"closed","ping_status":"closed","template":"","meta":{"_acf_changed":false,"jetpack_post_was_ever_published":false,"jetpack_publicize_message":"","jetpack_publicize_feature_enabled":true,"jetpack_social_post_already_shared":true,"jetpack_social_options":{"image_generator_settings":{"template":"highway","default_image_id":0,"font":"","enabled":false},"version":2}},"product_brand":[220],"product_cat":[200],"product_tag":[],"class_list":{"0":"post-20561","1":"product","2":"type-product","3":"status-publish","4":"has-post-thumbnail","6":"product_brand-house-nordic","7":"product_cat-kesakalusteet","8":"product_shipping_class-161","10":"first","11":"instock","12":"sale","13":"purchasable","14":"product-type-simple"},"acf":[],"jetpack_publicize_connections":[],"jetpack_sharing_enabled":true,"jetpack-related-posts":[{"id":25299,"url":"https:\/\/pohjanmaantehtaanmyymala.fi\/en\/tuote\/emil-nojatuoli-ja-rahi-raisa-kankaalla\/","url_meta":{"origin":20561,"position":0},"title":"Emil-nojatuoli ja rahi Raisa-kankaalla","author":"Miro Nevala","date":"March 15, 2024","format":false,"excerpt":"Moderni, ajaton ja mukava nojatuoli ja rahi rentoutumiseen. Valitse v\u00e4ri!","rel":"","context":"Similar post","block_context":{"text":"Similar post","link":""},"img":{"alt_text":"Emil tuoli ja rahi Raisa kankaalla v\u00e4ri vaalea","src":"https:\/\/i0.wp.com\/pohjanmaantehtaanmyymala.fi\/wp-content\/uploads\/2024\/02\/Emil-tuoli-ja-rahi-Raisa-kangas-960dpi.jpg?fit=960%2C960&ssl=1&resize=350%2C200","width":350,"height":200,"srcset":"https:\/\/i0.wp.com\/pohjanmaantehtaanmyymala.fi\/wp-content\/uploads\/2024\/02\/Emil-tuoli-ja-rahi-Raisa-kangas-960dpi.jpg?fit=960%2C960&ssl=1&resize=350%2C200 1x, https:\/\/i0.wp.com\/pohjanmaantehtaanmyymala.fi\/wp-content\/uploads\/2024\/02\/Emil-tuoli-ja-rahi-Raisa-kangas-960dpi.jpg?fit=960%2C960&ssl=1&resize=525%2C300 1.5x, https:\/\/i0.wp.com\/pohjanmaantehtaanmyymala.fi\/wp-content\/uploads\/2024\/02\/Emil-tuoli-ja-rahi-Raisa-kangas-960dpi.jpg?fit=960%2C960&ssl=1&resize=700%2C400 2x"},"classes":[]},{"id":20731,"url":"https:\/\/pohjanmaantehtaanmyymala.fi\/en\/tuote\/vila-orust-nojatuoli-polyrottinkia-ruskeanharmaa\/","url_meta":{"origin":20561,"position":1},"title":"VILA orust &#8211; nojatuoli polyrottinkia ruskeanharmaa","author":"Sami Viitala","date":"July 5, 2022","format":false,"excerpt":"1 kpl J\u00e4ljell\u00e4! Tyylik\u00e4s matala Vila -nojatuoli ruskeanharmaasta polyrottingista. Tuolissa on kest\u00e4v\u00e4 alumiinirunko ja ruskeat pehmusteet. Tuoli toimitetaa valmiiksi kasattuna pahvipaketissa. Mittatiedot: koko: l 65, s 61, k 86 cm istuinkorkeus: 40 cm istuinsyvyys: 52 cm istuinleveys: 47 cm k\u00e4sinojan korkeus maasta: 64 cm pehmusteen paksuus: 6 cm","rel":"","context":"Similar post","block_context":{"text":"Similar post","link":""},"img":{"alt_text":"Vila orust nojatuoli harmaanruskea polyrottinki","src":"https:\/\/i0.wp.com\/pohjanmaantehtaanmyymala.fi\/wp-content\/uploads\/2022\/07\/629108-s1.jpg?fit=960%2C960&ssl=1&resize=350%2C200","width":350,"height":200,"srcset":"https:\/\/i0.wp.com\/pohjanmaantehtaanmyymala.fi\/wp-content\/uploads\/2022\/07\/629108-s1.jpg?fit=960%2C960&ssl=1&resize=350%2C200 1x, https:\/\/i0.wp.com\/pohjanmaantehtaanmyymala.fi\/wp-content\/uploads\/2022\/07\/629108-s1.jpg?fit=960%2C960&ssl=1&resize=525%2C300 1.5x, https:\/\/i0.wp.com\/pohjanmaantehtaanmyymala.fi\/wp-content\/uploads\/2022\/07\/629108-s1.jpg?fit=960%2C960&ssl=1&resize=700%2C400 2x"},"classes":[]},{"id":25396,"url":"https:\/\/pohjanmaantehtaanmyymala.fi\/en\/tuote\/emil-nojatuoli-perfect-harmony-kankaalla\/","url_meta":{"origin":20561,"position":2},"title":"Emil-nojatuoli Perfect Harmony-kankaalla","author":"Miro Nevala","date":"February 14, 2024","format":false,"excerpt":"Moderni, ajaton ja mukava nojatuoli rentoutumiseen!","rel":"","context":"Similar post","block_context":{"text":"Similar post","link":""},"img":{"alt_text":"Emil tuoli vinokuva","src":"https:\/\/i0.wp.com\/pohjanmaantehtaanmyymala.fi\/wp-content\/uploads\/2024\/02\/Emil-tuoli-fusion-960dpi.jpg?fit=960%2C960&ssl=1&resize=350%2C200","width":350,"height":200,"srcset":"https:\/\/i0.wp.com\/pohjanmaantehtaanmyymala.fi\/wp-content\/uploads\/2024\/02\/Emil-tuoli-fusion-960dpi.jpg?fit=960%2C960&ssl=1&resize=350%2C200 1x, https:\/\/i0.wp.com\/pohjanmaantehtaanmyymala.fi\/wp-content\/uploads\/2024\/02\/Emil-tuoli-fusion-960dpi.jpg?fit=960%2C960&ssl=1&resize=525%2C300 1.5x, https:\/\/i0.wp.com\/pohjanmaantehtaanmyymala.fi\/wp-content\/uploads\/2024\/02\/Emil-tuoli-fusion-960dpi.jpg?fit=960%2C960&ssl=1&resize=700%2C400 2x"},"classes":[]},{"id":25401,"url":"https:\/\/pohjanmaantehtaanmyymala.fi\/en\/tuote\/emil-nojatuoli-raisa-kankaalla\/","url_meta":{"origin":20561,"position":3},"title":"Emil-nojatuoli Raisa-kankaalla","author":"Miro Nevala","date":"February 14, 2024","format":false,"excerpt":"Moderni ja mukava nojatuoli rentoutumiseen. Valitse v\u00e4ri!","rel":"","context":"Similar post","block_context":{"text":"Similar post","link":""},"img":{"alt_text":"Emil tuoli Raisa kankaalla v\u00e4ri vaalea","src":"https:\/\/i0.wp.com\/pohjanmaantehtaanmyymala.fi\/wp-content\/uploads\/2024\/02\/Emil-tuoli-Raisa-kangas-960dpi.jpg?fit=960%2C960&ssl=1&resize=350%2C200","width":350,"height":200,"srcset":"https:\/\/i0.wp.com\/pohjanmaantehtaanmyymala.fi\/wp-content\/uploads\/2024\/02\/Emil-tuoli-Raisa-kangas-960dpi.jpg?fit=960%2C960&ssl=1&resize=350%2C200 1x, https:\/\/i0.wp.com\/pohjanmaantehtaanmyymala.fi\/wp-content\/uploads\/2024\/02\/Emil-tuoli-Raisa-kangas-960dpi.jpg?fit=960%2C960&ssl=1&resize=525%2C300 1.5x, https:\/\/i0.wp.com\/pohjanmaantehtaanmyymala.fi\/wp-content\/uploads\/2024\/02\/Emil-tuoli-Raisa-kangas-960dpi.jpg?fit=960%2C960&ssl=1&resize=700%2C400 2x"},"classes":[]},{"id":9487,"url":"https:\/\/pohjanmaantehtaanmyymala.fi\/en\/tuote\/outfit-anders-mekanismituoli-saadettavalla-selkanojalla\/","url_meta":{"origin":20561,"position":4},"title":"Anders \u2013 mekanismituoli polyrottinki musta\/harmaa","author":"petri","date":"September 14, 2019","format":false,"excerpt":"Edullinen lepotuoli mekanismilla l\u00f6h\u00f6ilyyn.","rel":"","context":"Similar post","block_context":{"text":"Similar post","link":""},"img":{"alt_text":"Anders mekanismituoli polyrottinkia musta harmaat pehmusteet","src":"https:\/\/i0.wp.com\/pohjanmaantehtaanmyymala.fi\/wp-content\/uploads\/2019\/09\/Anders-629040_f.jpg?fit=960%2C960&ssl=1&resize=350%2C200","width":350,"height":200,"srcset":"https:\/\/i0.wp.com\/pohjanmaantehtaanmyymala.fi\/wp-content\/uploads\/2019\/09\/Anders-629040_f.jpg?fit=960%2C960&ssl=1&resize=350%2C200 1x, https:\/\/i0.wp.com\/pohjanmaantehtaanmyymala.fi\/wp-content\/uploads\/2019\/09\/Anders-629040_f.jpg?fit=960%2C960&ssl=1&resize=525%2C300 1.5x, https:\/\/i0.wp.com\/pohjanmaantehtaanmyymala.fi\/wp-content\/uploads\/2019\/09\/Anders-629040_f.jpg?fit=960%2C960&ssl=1&resize=700%2C400 2x"},"classes":[]},{"id":25372,"url":"https:\/\/pohjanmaantehtaanmyymala.fi\/en\/tuote\/emil-nojatuoli-ja-rahi\/","url_meta":{"origin":20561,"position":5},"title":"Emil-nojatuoli ja rahi","author":"Miro Nevala","date":"February 14, 2024","format":false,"excerpt":"Moderni, ajaton ja mukava nojatuoli ja rahi rentoutumiseen!","rel":"","context":"Similar post","block_context":{"text":"Similar post","link":""},"img":{"alt_text":"Emil tuoli ja rahi tumma","src":"https:\/\/i0.wp.com\/pohjanmaantehtaanmyymala.fi\/wp-content\/uploads\/2024\/02\/Emil-tuolirahi-fusion-960dpi.jpg?fit=960%2C960&ssl=1&resize=350%2C200","width":350,"height":200,"srcset":"https:\/\/i0.wp.com\/pohjanmaantehtaanmyymala.fi\/wp-content\/uploads\/2024\/02\/Emil-tuolirahi-fusion-960dpi.jpg?fit=960%2C960&ssl=1&resize=350%2C200 1x, https:\/\/i0.wp.com\/pohjanmaantehtaanmyymala.fi\/wp-content\/uploads\/2024\/02\/Emil-tuolirahi-fusion-960dpi.jpg?fit=960%2C960&ssl=1&resize=525%2C300 1.5x, https:\/\/i0.wp.com\/pohjanmaantehtaanmyymala.fi\/wp-content\/uploads\/2024\/02\/Emil-tuolirahi-fusion-960dpi.jpg?fit=960%2C960&ssl=1&resize=700%2C400 2x"},"classes":[]}],"_links":{"self":[{"href":"https:\/\/pohjanmaantehtaanmyymala.fi\/en\/wp-json\/wp\/v2\/product\/20561","targetHints":{"allow":["GET"]}}],"collection":[{"href":"https:\/\/pohjanmaantehtaanmyymala.fi\/en\/wp-json\/wp\/v2\/product"}],"about":[{"href":"https:\/\/pohjanmaantehtaanmyymala.fi\/en\/wp-json\/wp\/v2\/types\/product"}],"replies":[{"embeddable":true,"href":"https:\/\/pohjanmaantehtaanmyymala.fi\/en\/wp-json\/wp\/v2\/comments?post=20561"}],"wp:featuredmedia":[{"embeddable":true,"href":"https:\/\/pohjanmaantehtaanmyymala.fi\/en\/wp-json\/wp\/v2\/media\/20565"}],"wp:attachment":[{"href":"https:\/\/pohjanmaantehtaanmyymala.fi\/en\/wp-json\/wp\/v2\/media?parent=20561"}],"wp:term":[{"taxonomy":"product_brand","embeddable":true,"href":"https:\/\/pohjanmaantehtaanmyymala.fi\/en\/wp-json\/wp\/v2\/product_brand?post=20561"},{"taxonomy":"product_cat","embeddable":true,"href":"https:\/\/pohjanmaantehtaanmyymala.fi\/en\/wp-json\/wp\/v2\/product_cat?post=20561"},{"taxonomy":"product_tag","embeddable":true,"href":"https:\/\/pohjanmaantehtaanmyymala.fi\/en\/wp-json\/wp\/v2\/product_tag?post=20561"}],"curies":[{"name":"wp","href":"https:\/\/api.w.org\/{rel}","templated":true}]}}