{"id":20461,"date":"2022-03-29T18:55:07","date_gmt":"2022-03-29T16:55:07","guid":{"rendered":"https:\/\/pohjanmaantehtaanmyymala.fi\/?post_type=product&#038;p=20461"},"modified":"2025-05-21T09:59:06","modified_gmt":"2025-05-21T07:59:06","slug":"asolo-kulmasohva-ja-poyta-polyrottinki-harmaa-mustat-pehmusteet","status":"publish","type":"product","link":"https:\/\/pohjanmaantehtaanmyymala.fi\/en\/tuote\/asolo-kulmasohva-ja-poyta-polyrottinki-harmaa-mustat-pehmusteet\/","title":{"rendered":"Asolo kulmasohva ja p\u00f6yt\u00e4, polyrottinki harmaa\/mustat pehmusteet"},"content":{"rendered":"<p><strong>En\u00e4\u00e4 2 kpl j\u00e4ljell\u00e4!<\/strong><\/p>\n<p>Tyylik\u00e4s harmaa Asolo polyrottinkikulmasohvaryhm\u00e4 p\u00f6yd\u00e4ll\u00e4. Ryhm\u00e4n mukana toimitetaan ruokap\u00f6yt\u00e4 ja mustat istuin- ja selk\u00e4nojapehmusteet.<\/p>\n<h3>Tuotetiedot:<\/h3>\n<p>-Kulmansohvan koko 182&#215;238 cm.<br \/>\n-P\u00f6yd\u00e4n koko on l. 144 cm, s. 73 cm, k. 68 cm.<br \/>\n-Metallirunko mustaa polyrottinkia<br \/>\n-polywood-p\u00f6yd\u00e4nkansi.<br \/>\n-Pehmusteet tummanharmaat.<\/p>\n<p>Toimitetaan osina 2 pakkauksessa.<\/p>\n","protected":false},"excerpt":{"rendered":"<p>Upea terassikulmasohvaryhm\u00e4<\/p>\n","protected":false},"featured_media":20462,"comment_status":"closed","ping_status":"closed","template":"","meta":{"_acf_changed":false,"jetpack_post_was_ever_published":false,"jetpack_publicize_message":"","jetpack_publicize_feature_enabled":true,"jetpack_social_post_already_shared":true,"jetpack_social_options":{"image_generator_settings":{"template":"highway","default_image_id":0,"font":"","enabled":false},"version":2}},"product_brand":[220],"product_cat":[200],"product_tag":[299],"class_list":{"0":"post-20461","1":"product","2":"type-product","3":"status-publish","4":"has-post-thumbnail","6":"product_brand-house-nordic","7":"product_cat-kesakalusteet","8":"product_tag-pihakaluste","9":"product_shipping_class-161","11":"first","12":"instock","13":"sale","14":"purchasable","15":"product-type-simple"},"acf":[],"jetpack_publicize_connections":[],"jetpack_sharing_enabled":true,"jetpack-related-posts":[{"id":16483,"url":"https:\/\/pohjanmaantehtaanmyymala.fi\/en\/tuote\/outfit-polyrottinki-kulmasohva-ja-poyta-musta-harmaa\/","url_meta":{"origin":20461,"position":0},"title":"OUTFIT &#8211; polyrottinki-kulmasohva ja p\u00f6yt\u00e4, musta\/harmaa","author":"Sami Viitala","date":"February 12, 2021","format":false,"excerpt":"Tilava kulmasohva-ryhm\u00e4, jossa k\u00e4tisyys on vaihdettavissa.","rel":"","context":"Similar post","block_context":{"text":"Similar post","link":""},"img":{"alt_text":"Outfit kulmasohva p\u00f6yd\u00e4ll\u00e4 polyrottinki musta","src":"https:\/\/i0.wp.com\/pohjanmaantehtaanmyymala.fi\/wp-content\/uploads\/2021\/02\/49201_f1_300.jpg?fit=1200%2C1200&ssl=1&resize=350%2C200","width":350,"height":200,"srcset":"https:\/\/i0.wp.com\/pohjanmaantehtaanmyymala.fi\/wp-content\/uploads\/2021\/02\/49201_f1_300.jpg?fit=1200%2C1200&ssl=1&resize=350%2C200 1x, https:\/\/i0.wp.com\/pohjanmaantehtaanmyymala.fi\/wp-content\/uploads\/2021\/02\/49201_f1_300.jpg?fit=1200%2C1200&ssl=1&resize=525%2C300 1.5x, https:\/\/i0.wp.com\/pohjanmaantehtaanmyymala.fi\/wp-content\/uploads\/2021\/02\/49201_f1_300.jpg?fit=1200%2C1200&ssl=1&resize=700%2C400 2x, https:\/\/i0.wp.com\/pohjanmaantehtaanmyymala.fi\/wp-content\/uploads\/2021\/02\/49201_f1_300.jpg?fit=1200%2C1200&ssl=1&resize=1050%2C600 3x"},"classes":[]},{"id":9487,"url":"https:\/\/pohjanmaantehtaanmyymala.fi\/en\/tuote\/outfit-anders-mekanismituoli-saadettavalla-selkanojalla\/","url_meta":{"origin":20461,"position":1},"title":"Anders \u2013 mekanismituoli polyrottinki musta\/harmaa","author":"petri","date":"September 14, 2019","format":false,"excerpt":"Edullinen lepotuoli mekanismilla l\u00f6h\u00f6ilyyn.","rel":"","context":"Similar post","block_context":{"text":"Similar post","link":""},"img":{"alt_text":"Anders mekanismituoli polyrottinkia musta harmaat pehmusteet","src":"https:\/\/i0.wp.com\/pohjanmaantehtaanmyymala.fi\/wp-content\/uploads\/2019\/09\/Anders-629040_f.jpg?fit=960%2C960&ssl=1&resize=350%2C200","width":350,"height":200,"srcset":"https:\/\/i0.wp.com\/pohjanmaantehtaanmyymala.fi\/wp-content\/uploads\/2019\/09\/Anders-629040_f.jpg?fit=960%2C960&ssl=1&resize=350%2C200 1x, https:\/\/i0.wp.com\/pohjanmaantehtaanmyymala.fi\/wp-content\/uploads\/2019\/09\/Anders-629040_f.jpg?fit=960%2C960&ssl=1&resize=525%2C300 1.5x, https:\/\/i0.wp.com\/pohjanmaantehtaanmyymala.fi\/wp-content\/uploads\/2019\/09\/Anders-629040_f.jpg?fit=960%2C960&ssl=1&resize=700%2C400 2x"},"classes":[]},{"id":22034,"url":"https:\/\/pohjanmaantehtaanmyymala.fi\/en\/tuote\/kuura-ruokaryhma-2-tuolilla-musta\/","url_meta":{"origin":20461,"position":2},"title":"Huurre-Kuura ruokaryhm\u00e4 2-tuolilla musta","author":"Sami Viitala","date":"December 13, 2022","format":false,"excerpt":"Siro Kuura- ruokailuryhm\u00e4 sis\u00e4lt\u00e4\u00e4 k\u00e4tev\u00e4n pienen neli\u00f6p\u00f6yd\u00e4n 68*68 cm ja 2 kpl tuolia. Kuura ruokailuryhm\u00e4 on valmistettu koivusta ja MDF-levyst\u00e4, joka on maalattu mustaksi. Tuolien istuin on pehmustettu ja verhoiltu harmaalla kankaalla. P\u00f6yd\u00e4n mitat:\u00a0 68x68 cm, korkeus 74 cm Tuolin mitat: korkeus 95 cm, leveys 43 cm, syvyys 49 cm.\u2026","rel":"","context":"Similar post","block_context":{"text":"Similar post","link":""},"img":{"alt_text":"Kuura ruokaryhm\u00e4 2-tuolilla musta tuoleissa harmaat pehmusteet","src":"https:\/\/i0.wp.com\/pohjanmaantehtaanmyymala.fi\/wp-content\/uploads\/2022\/12\/Kuura-ruokaryhma-2-tuolilla-musta.jpg?fit=960%2C960&ssl=1&resize=350%2C200","width":350,"height":200,"srcset":"https:\/\/i0.wp.com\/pohjanmaantehtaanmyymala.fi\/wp-content\/uploads\/2022\/12\/Kuura-ruokaryhma-2-tuolilla-musta.jpg?fit=960%2C960&ssl=1&resize=350%2C200 1x, https:\/\/i0.wp.com\/pohjanmaantehtaanmyymala.fi\/wp-content\/uploads\/2022\/12\/Kuura-ruokaryhma-2-tuolilla-musta.jpg?fit=960%2C960&ssl=1&resize=525%2C300 1.5x, https:\/\/i0.wp.com\/pohjanmaantehtaanmyymala.fi\/wp-content\/uploads\/2022\/12\/Kuura-ruokaryhma-2-tuolilla-musta.jpg?fit=960%2C960&ssl=1&resize=700%2C400 2x"},"classes":[]},{"id":20731,"url":"https:\/\/pohjanmaantehtaanmyymala.fi\/en\/tuote\/vila-orust-nojatuoli-polyrottinkia-ruskeanharmaa\/","url_meta":{"origin":20461,"position":3},"title":"VILA orust &#8211; nojatuoli polyrottinkia ruskeanharmaa","author":"Sami Viitala","date":"July 5, 2022","format":false,"excerpt":"1 kpl J\u00e4ljell\u00e4! Tyylik\u00e4s matala Vila -nojatuoli ruskeanharmaasta polyrottingista. Tuolissa on kest\u00e4v\u00e4 alumiinirunko ja ruskeat pehmusteet. Tuoli toimitetaa valmiiksi kasattuna pahvipaketissa. Mittatiedot: koko: l 65, s 61, k 86 cm istuinkorkeus: 40 cm istuinsyvyys: 52 cm istuinleveys: 47 cm k\u00e4sinojan korkeus maasta: 64 cm pehmusteen paksuus: 6 cm","rel":"","context":"Similar post","block_context":{"text":"Similar post","link":""},"img":{"alt_text":"Vila orust nojatuoli harmaanruskea polyrottinki","src":"https:\/\/i0.wp.com\/pohjanmaantehtaanmyymala.fi\/wp-content\/uploads\/2022\/07\/629108-s1.jpg?fit=960%2C960&ssl=1&resize=350%2C200","width":350,"height":200,"srcset":"https:\/\/i0.wp.com\/pohjanmaantehtaanmyymala.fi\/wp-content\/uploads\/2022\/07\/629108-s1.jpg?fit=960%2C960&ssl=1&resize=350%2C200 1x, https:\/\/i0.wp.com\/pohjanmaantehtaanmyymala.fi\/wp-content\/uploads\/2022\/07\/629108-s1.jpg?fit=960%2C960&ssl=1&resize=525%2C300 1.5x, https:\/\/i0.wp.com\/pohjanmaantehtaanmyymala.fi\/wp-content\/uploads\/2022\/07\/629108-s1.jpg?fit=960%2C960&ssl=1&resize=700%2C400 2x"},"classes":[]},{"id":17302,"url":"https:\/\/pohjanmaantehtaanmyymala.fi\/en\/tuote\/anders-mekanismituoli-polyrottinki-luonnonvari\/","url_meta":{"origin":20461,"position":4},"title":"Anders \u2013 mekanismituoli polyrottinki luonnonv\u00e4ri","author":"Sami Viitala","date":"April 22, 2021","format":false,"excerpt":"Edullinen lepotuoli mekanismilla l\u00f6h\u00f6ilyyn.","rel":"","context":"Similar post","block_context":{"text":"Similar post","link":""},"img":{"alt_text":"Anders lepotuoli mekanismi tuoli luonnonv\u00e4ri beige","src":"https:\/\/i0.wp.com\/pohjanmaantehtaanmyymala.fi\/wp-content\/uploads\/2021\/04\/Anders-recliner-629025-edesta.jpg?fit=1200%2C1200&ssl=1&resize=350%2C200","width":350,"height":200,"srcset":"https:\/\/i0.wp.com\/pohjanmaantehtaanmyymala.fi\/wp-content\/uploads\/2021\/04\/Anders-recliner-629025-edesta.jpg?fit=1200%2C1200&ssl=1&resize=350%2C200 1x, https:\/\/i0.wp.com\/pohjanmaantehtaanmyymala.fi\/wp-content\/uploads\/2021\/04\/Anders-recliner-629025-edesta.jpg?fit=1200%2C1200&ssl=1&resize=525%2C300 1.5x, https:\/\/i0.wp.com\/pohjanmaantehtaanmyymala.fi\/wp-content\/uploads\/2021\/04\/Anders-recliner-629025-edesta.jpg?fit=1200%2C1200&ssl=1&resize=700%2C400 2x, https:\/\/i0.wp.com\/pohjanmaantehtaanmyymala.fi\/wp-content\/uploads\/2021\/04\/Anders-recliner-629025-edesta.jpg?fit=1200%2C1200&ssl=1&resize=1050%2C600 3x"},"classes":[]},{"id":9572,"url":"https:\/\/pohjanmaantehtaanmyymala.fi\/en\/tuote\/vila-ruokapoyta-140x74-harmaa-polyrottinki\/","url_meta":{"origin":20461,"position":5},"title":"VILA \u2013 ruokap\u00f6yt\u00e4 140&#215;74 harmaa polyrottinki","author":"petri","date":"September 14, 2019","format":false,"excerpt":"Vila polyrottinkinen puutarhap\u00f6yt\u00e4, jossa Polywood-kansi. P\u00f6yt\u00e4 soveltuu Vila -kulmasohvan tai Vila -puutarhatuolien kanssa muodostamaan ruokaryhm\u00e4n. P\u00f6yd\u00e4ss\u00e4 on harmaa runko ja vaaleanharmaa kansi. Tilaustuote! Tuote toimitetaa osina pahvipaketissa.","rel":"","context":"Similar post","block_context":{"text":"Similar post","link":""},"img":{"alt_text":"","src":"https:\/\/i0.wp.com\/pohjanmaantehtaanmyymala.fi\/wp-content\/uploads\/2019\/06\/624797-s.jpg?fit=960%2C960&ssl=1&resize=350%2C200","width":350,"height":200,"srcset":"https:\/\/i0.wp.com\/pohjanmaantehtaanmyymala.fi\/wp-content\/uploads\/2019\/06\/624797-s.jpg?fit=960%2C960&ssl=1&resize=350%2C200 1x, https:\/\/i0.wp.com\/pohjanmaantehtaanmyymala.fi\/wp-content\/uploads\/2019\/06\/624797-s.jpg?fit=960%2C960&ssl=1&resize=525%2C300 1.5x, https:\/\/i0.wp.com\/pohjanmaantehtaanmyymala.fi\/wp-content\/uploads\/2019\/06\/624797-s.jpg?fit=960%2C960&ssl=1&resize=700%2C400 2x"},"classes":[]}],"_links":{"self":[{"href":"https:\/\/pohjanmaantehtaanmyymala.fi\/en\/wp-json\/wp\/v2\/product\/20461","targetHints":{"allow":["GET"]}}],"collection":[{"href":"https:\/\/pohjanmaantehtaanmyymala.fi\/en\/wp-json\/wp\/v2\/product"}],"about":[{"href":"https:\/\/pohjanmaantehtaanmyymala.fi\/en\/wp-json\/wp\/v2\/types\/product"}],"replies":[{"embeddable":true,"href":"https:\/\/pohjanmaantehtaanmyymala.fi\/en\/wp-json\/wp\/v2\/comments?post=20461"}],"wp:featuredmedia":[{"embeddable":true,"href":"https:\/\/pohjanmaantehtaanmyymala.fi\/en\/wp-json\/wp\/v2\/media\/20462"}],"wp:attachment":[{"href":"https:\/\/pohjanmaantehtaanmyymala.fi\/en\/wp-json\/wp\/v2\/media?parent=20461"}],"wp:term":[{"taxonomy":"product_brand","embeddable":true,"href":"https:\/\/pohjanmaantehtaanmyymala.fi\/en\/wp-json\/wp\/v2\/product_brand?post=20461"},{"taxonomy":"product_cat","embeddable":true,"href":"https:\/\/pohjanmaantehtaanmyymala.fi\/en\/wp-json\/wp\/v2\/product_cat?post=20461"},{"taxonomy":"product_tag","embeddable":true,"href":"https:\/\/pohjanmaantehtaanmyymala.fi\/en\/wp-json\/wp\/v2\/product_tag?post=20461"}],"curies":[{"name":"wp","href":"https:\/\/api.w.org\/{rel}","templated":true}]}}