{"id":20215,"date":"2022-03-28T10:45:35","date_gmt":"2022-03-28T08:45:35","guid":{"rendered":"https:\/\/pohjanmaantehtaanmyymala.fi\/?post_type=product&#038;p=20215"},"modified":"2022-09-05T10:38:47","modified_gmt":"2022-09-05T08:38:47","slug":"pohjanmaan-koko-tuoli-kuultovalkoinen-tammi","status":"publish","type":"product","link":"https:\/\/pohjanmaantehtaanmyymala.fi\/en\/tuote\/pohjanmaan-koko-tuoli-kuultovalkoinen-tammi\/","title":{"rendered":"Pohjanmaan KOKO tuoli kuultovalkoinen tammi"},"content":{"rendered":"<p>Kaunis valkopetsattu tamminen KOKO-tuoli on valmistettu Pohjanmaan Kalusteen tehtailla. KOKO-tuoli sopii yhteen eri mallisten ruokap\u00f6ytien kanssa. Moderni KOKO-tuoli k\u00e4y my\u00f6s sellaisenaan yksitt\u00e4iseksi istuimeksi vaikka ty\u00f6huoneeseen.\u00a0 Tuoli on my\u00f6s pinottava, joten sopii my\u00f6s ravintolak\u00e4ytt\u00f6\u00f6n. Kysy tarjousta <a href=\"https:\/\/pohjanmaantehtaanmyymala.fi\/yhteys\/\">myynnist\u00e4mme!<\/a><\/p>\n<h3>Tuotetiedot:<\/h3>\n<p>-istuinleveys 41 cm. -korkeus 46 cm. -syvyys 36 cm.<br \/>\n-Leveys: 49 cm<br \/>\n-Korkeus: 80 cm<br \/>\n-Syvyys: 52 cm<br \/>\n-Materiaali: massiivitammi<br \/>\n-V\u00e4rit: valkopetsattu<\/p>\n<p>Toimitetaan 2 kpl:n paketissa valmiiksi kasattuna! Tuolia voi ostaa my\u00f6s yksitellen.<\/p>\n","protected":false},"excerpt":{"rendered":"<p>Tyylik\u00e4s tuoli, joka sopii monenlaiseen sisustukseen.<\/p>\n","protected":false},"featured_media":20216,"comment_status":"closed","ping_status":"closed","template":"","meta":{"_acf_changed":false,"jetpack_post_was_ever_published":false,"jetpack_publicize_message":"","jetpack_publicize_feature_enabled":true,"jetpack_social_post_already_shared":true,"jetpack_social_options":{"image_generator_settings":{"template":"highway","default_image_id":0,"font":"","enabled":false},"version":2}},"product_brand":[270],"product_cat":[194],"product_tag":[],"class_list":{"0":"post-20215","1":"product","2":"type-product","3":"status-publish","4":"has-post-thumbnail","6":"product_brand-pohjanmaan","7":"product_cat-ruokapoydat-ja-tuolit","8":"product_shipping_class-161","10":"first","11":"instock","12":"sale","13":"purchasable","14":"product-type-simple"},"acf":[],"jetpack_publicize_connections":[],"jetpack_sharing_enabled":true,"jetpack-related-posts":[{"id":18580,"url":"https:\/\/pohjanmaantehtaanmyymala.fi\/en\/tuote\/pohjanmaan-koko-tuoli-tammilakattu\/","url_meta":{"origin":20215,"position":0},"title":"Pohjanmaan KOKO tuoli lakattu tammi","author":"Sami Viitala","date":"October 29, 2021","format":false,"excerpt":"Tyylik\u00e4s tuoli, joka sopii monenlaiseen sisustukseen.","rel":"","context":"Similar post","block_context":{"text":"Similar post","link":""},"img":{"alt_text":"Koko-tuoli tammi lakattu","src":"https:\/\/i0.wp.com\/pohjanmaantehtaanmyymala.fi\/wp-content\/uploads\/2021\/10\/Pohjanmaan_KoKo_tuoli_tammilakattu.jpg?fit=960%2C960&ssl=1&resize=350%2C200","width":350,"height":200,"srcset":"https:\/\/i0.wp.com\/pohjanmaantehtaanmyymala.fi\/wp-content\/uploads\/2021\/10\/Pohjanmaan_KoKo_tuoli_tammilakattu.jpg?fit=960%2C960&ssl=1&resize=350%2C200 1x, https:\/\/i0.wp.com\/pohjanmaantehtaanmyymala.fi\/wp-content\/uploads\/2021\/10\/Pohjanmaan_KoKo_tuoli_tammilakattu.jpg?fit=960%2C960&ssl=1&resize=525%2C300 1.5x, https:\/\/i0.wp.com\/pohjanmaantehtaanmyymala.fi\/wp-content\/uploads\/2021\/10\/Pohjanmaan_KoKo_tuoli_tammilakattu.jpg?fit=960%2C960&ssl=1&resize=700%2C400 2x"},"classes":[]},{"id":18597,"url":"https:\/\/pohjanmaantehtaanmyymala.fi\/en\/tuote\/pohjanmaan-koko-tuoli-musta-tammi\/","url_meta":{"origin":20215,"position":1},"title":"Pohjanmaan KOKO tuoli musta tammi","author":"Sami Viitala","date":"October 29, 2021","format":false,"excerpt":"Tyylik\u00e4s tuoli, joka vangitsee katsojan muotoilullaan.","rel":"","context":"Similar post","block_context":{"text":"Similar post","link":""},"img":{"alt_text":"Pohjanmaan Koko-tuoli musta tammi","src":"https:\/\/i0.wp.com\/pohjanmaantehtaanmyymala.fi\/wp-content\/uploads\/2021\/10\/Pohjanmaan_KoKo_tuoli_tammi-musta.jpg?fit=960%2C960&ssl=1&resize=350%2C200","width":350,"height":200,"srcset":"https:\/\/i0.wp.com\/pohjanmaantehtaanmyymala.fi\/wp-content\/uploads\/2021\/10\/Pohjanmaan_KoKo_tuoli_tammi-musta.jpg?fit=960%2C960&ssl=1&resize=350%2C200 1x, https:\/\/i0.wp.com\/pohjanmaantehtaanmyymala.fi\/wp-content\/uploads\/2021\/10\/Pohjanmaan_KoKo_tuoli_tammi-musta.jpg?fit=960%2C960&ssl=1&resize=525%2C300 1.5x, https:\/\/i0.wp.com\/pohjanmaantehtaanmyymala.fi\/wp-content\/uploads\/2021\/10\/Pohjanmaan_KoKo_tuoli_tammi-musta.jpg?fit=960%2C960&ssl=1&resize=700%2C400 2x"},"classes":[]},{"id":23966,"url":"https:\/\/pohjanmaantehtaanmyymala.fi\/en\/tuote\/pohjanmaan-lilja-pinnatuoli-tammi-lv\/","url_meta":{"origin":20215,"position":2},"title":"Pohjanmaan LILJA -pinnatuoli tammi lv","author":"Sami Viitala","date":"November 14, 2023","format":false,"excerpt":"Kest\u00e4v\u00e4 pinnatuoli monenlaiseen sisustukseen.","rel":"","context":"Similar post","block_context":{"text":"Similar post","link":""},"img":{"alt_text":"Lilja pinnatuoli tammi lv","src":"https:\/\/i0.wp.com\/pohjanmaantehtaanmyymala.fi\/wp-content\/uploads\/2023\/11\/Pohjanmaan_Lilja_pinnatuoli__tammilv3.jpg?fit=1000%2C1034&ssl=1&resize=350%2C200","width":350,"height":200,"srcset":"https:\/\/i0.wp.com\/pohjanmaantehtaanmyymala.fi\/wp-content\/uploads\/2023\/11\/Pohjanmaan_Lilja_pinnatuoli__tammilv3.jpg?fit=1000%2C1034&ssl=1&resize=350%2C200 1x, https:\/\/i0.wp.com\/pohjanmaantehtaanmyymala.fi\/wp-content\/uploads\/2023\/11\/Pohjanmaan_Lilja_pinnatuoli__tammilv3.jpg?fit=1000%2C1034&ssl=1&resize=525%2C300 1.5x, https:\/\/i0.wp.com\/pohjanmaantehtaanmyymala.fi\/wp-content\/uploads\/2023\/11\/Pohjanmaan_Lilja_pinnatuoli__tammilv3.jpg?fit=1000%2C1034&ssl=1&resize=700%2C400 2x"},"classes":[]},{"id":23149,"url":"https:\/\/pohjanmaantehtaanmyymala.fi\/en\/tuote\/pohjanmaan-lilja-pinnatuoli-nordic-koivu\/","url_meta":{"origin":20215,"position":3},"title":"Pohjanmaan LILJA -pinnatuoli nordic koivu","author":"Sami Viitala","date":"August 23, 2023","format":false,"excerpt":"Tyylik\u00e4s Pohjanmaan Kalusteen pinnatuoli monenlaiseen sisustukseen.","rel":"","context":"Similar post","block_context":{"text":"Similar post","link":""},"img":{"alt_text":"Lilja pinnatuoli kuultovalkea koivu","src":"https:\/\/i0.wp.com\/pohjanmaantehtaanmyymala.fi\/wp-content\/uploads\/2023\/08\/Pohjanmaan_Lilja_pinnatuoli_koivu_nordic.jpg?fit=960%2C960&ssl=1&resize=350%2C200","width":350,"height":200,"srcset":"https:\/\/i0.wp.com\/pohjanmaantehtaanmyymala.fi\/wp-content\/uploads\/2023\/08\/Pohjanmaan_Lilja_pinnatuoli_koivu_nordic.jpg?fit=960%2C960&ssl=1&resize=350%2C200 1x, https:\/\/i0.wp.com\/pohjanmaantehtaanmyymala.fi\/wp-content\/uploads\/2023\/08\/Pohjanmaan_Lilja_pinnatuoli_koivu_nordic.jpg?fit=960%2C960&ssl=1&resize=525%2C300 1.5x, https:\/\/i0.wp.com\/pohjanmaantehtaanmyymala.fi\/wp-content\/uploads\/2023\/08\/Pohjanmaan_Lilja_pinnatuoli_koivu_nordic.jpg?fit=960%2C960&ssl=1&resize=700%2C400 2x"},"classes":[]},{"id":26773,"url":"https:\/\/pohjanmaantehtaanmyymala.fi\/en\/tuote\/pohjanmaan-lilja-pinnatuoli-tammi-teak\/","url_meta":{"origin":20215,"position":4},"title":"Pohjanmaan LILJA -pinnatuoli tammi teak","author":"Sami Viitala","date":"April 10, 2024","format":false,"excerpt":"Kest\u00e4v\u00e4 pinnatuoli monenlaiseen sisustukseen.","rel":"","context":"Similar post","block_context":{"text":"Similar post","link":""},"img":{"alt_text":"Lilja pinnatuoli teakin v\u00e4rinen, massiivitammea","src":"https:\/\/i0.wp.com\/pohjanmaantehtaanmyymala.fi\/wp-content\/uploads\/2024\/04\/Pohjanmaan_Lilja_pinnatuoli_teak.jpg?fit=960%2C960&ssl=1&resize=350%2C200","width":350,"height":200,"srcset":"https:\/\/i0.wp.com\/pohjanmaantehtaanmyymala.fi\/wp-content\/uploads\/2024\/04\/Pohjanmaan_Lilja_pinnatuoli_teak.jpg?fit=960%2C960&ssl=1&resize=350%2C200 1x, https:\/\/i0.wp.com\/pohjanmaantehtaanmyymala.fi\/wp-content\/uploads\/2024\/04\/Pohjanmaan_Lilja_pinnatuoli_teak.jpg?fit=960%2C960&ssl=1&resize=525%2C300 1.5x, https:\/\/i0.wp.com\/pohjanmaantehtaanmyymala.fi\/wp-content\/uploads\/2024\/04\/Pohjanmaan_Lilja_pinnatuoli_teak.jpg?fit=960%2C960&ssl=1&resize=700%2C400 2x"},"classes":[]},{"id":15321,"url":"https:\/\/pohjanmaantehtaanmyymala.fi\/en\/tuote\/pohjanmaan-lilja-pinnatuoli-valkoinen\/","url_meta":{"origin":20215,"position":5},"title":"Pohjanmaan LILJA -pinnatuoli valkoinen","author":"Sami Viitala","date":"November 16, 2020","format":false,"excerpt":"Tyylik\u00e4s pinnatuoli, joka sopii monenlaiseen sisustukseen.","rel":"","context":"Similar post","block_context":{"text":"Similar post","link":""},"img":{"alt_text":"Lilja pinnatuoli valkoinen","src":"https:\/\/i0.wp.com\/pohjanmaantehtaanmyymala.fi\/wp-content\/uploads\/2020\/11\/Pohjanmaan_Lilja_pinnatuoli_valkoinen.jpg?fit=1200%2C1200&ssl=1&resize=350%2C200","width":350,"height":200,"srcset":"https:\/\/i0.wp.com\/pohjanmaantehtaanmyymala.fi\/wp-content\/uploads\/2020\/11\/Pohjanmaan_Lilja_pinnatuoli_valkoinen.jpg?fit=1200%2C1200&ssl=1&resize=350%2C200 1x, https:\/\/i0.wp.com\/pohjanmaantehtaanmyymala.fi\/wp-content\/uploads\/2020\/11\/Pohjanmaan_Lilja_pinnatuoli_valkoinen.jpg?fit=1200%2C1200&ssl=1&resize=525%2C300 1.5x, https:\/\/i0.wp.com\/pohjanmaantehtaanmyymala.fi\/wp-content\/uploads\/2020\/11\/Pohjanmaan_Lilja_pinnatuoli_valkoinen.jpg?fit=1200%2C1200&ssl=1&resize=700%2C400 2x, https:\/\/i0.wp.com\/pohjanmaantehtaanmyymala.fi\/wp-content\/uploads\/2020\/11\/Pohjanmaan_Lilja_pinnatuoli_valkoinen.jpg?fit=1200%2C1200&ssl=1&resize=1050%2C600 3x"},"classes":[]}],"_links":{"self":[{"href":"https:\/\/pohjanmaantehtaanmyymala.fi\/en\/wp-json\/wp\/v2\/product\/20215","targetHints":{"allow":["GET"]}}],"collection":[{"href":"https:\/\/pohjanmaantehtaanmyymala.fi\/en\/wp-json\/wp\/v2\/product"}],"about":[{"href":"https:\/\/pohjanmaantehtaanmyymala.fi\/en\/wp-json\/wp\/v2\/types\/product"}],"replies":[{"embeddable":true,"href":"https:\/\/pohjanmaantehtaanmyymala.fi\/en\/wp-json\/wp\/v2\/comments?post=20215"}],"wp:featuredmedia":[{"embeddable":true,"href":"https:\/\/pohjanmaantehtaanmyymala.fi\/en\/wp-json\/wp\/v2\/media\/20216"}],"wp:attachment":[{"href":"https:\/\/pohjanmaantehtaanmyymala.fi\/en\/wp-json\/wp\/v2\/media?parent=20215"}],"wp:term":[{"taxonomy":"product_brand","embeddable":true,"href":"https:\/\/pohjanmaantehtaanmyymala.fi\/en\/wp-json\/wp\/v2\/product_brand?post=20215"},{"taxonomy":"product_cat","embeddable":true,"href":"https:\/\/pohjanmaantehtaanmyymala.fi\/en\/wp-json\/wp\/v2\/product_cat?post=20215"},{"taxonomy":"product_tag","embeddable":true,"href":"https:\/\/pohjanmaantehtaanmyymala.fi\/en\/wp-json\/wp\/v2\/product_tag?post=20215"}],"curies":[{"name":"wp","href":"https:\/\/api.w.org\/{rel}","templated":true}]}}