{"id":20165,"date":"2022-03-25T15:23:33","date_gmt":"2022-03-25T13:23:33","guid":{"rendered":"https:\/\/pohjanmaantehtaanmyymala.fi\/?post_type=product&#038;p=20165"},"modified":"2024-08-05T15:28:32","modified_gmt":"2024-08-05T13:28:32","slug":"uniikki-ergo-runkopatjasetti-160x200-cm-petauspatjalla","status":"publish","type":"product","link":"https:\/\/pohjanmaantehtaanmyymala.fi\/en\/tuote\/uniikki-ergo-runkopatjasetti-160x200-cm-petauspatjalla\/","title":{"rendered":"Uniikki ergo runkopatjasetti 160&#215;200 cm petauspatjalla"},"content":{"rendered":"<p>Uniikki Ergo on runkos\u00e4nky, jonka j\u00e4ykk\u00e4 vaahtomuovisisusta yhdess\u00e4 paksun viskoelastisen vaahtomuovi petauspatjan kanssa antaa nukkujan vartalolle ergonomisesti hyv\u00e4n tuen. T\u00e4ss\u00e4 on s\u00e4nky sinulle, jos tarvitset suhteellisen kovaa s\u00e4nky\u00e4.<\/p>\n<p>Ergo s\u00e4nkysettiin voi valita sijauspatjan kolmesta eri j\u00e4ykkyydest\u00e4: soft, medium tai hard.<\/p>\n<p>Uniikki Ergoline s\u00e4nkysetti\u00e4 on saatavana my\u00f6s <a href=\"https:\/\/pohjanmaantehtaanmyymala.fi\/tuote\/uniikki-ergo-runkopatjasetti-180x200-cm-petauspatjalla\/\">180 cm leve\u00e4n\u00e4.<\/a><\/p>\n<p><strong>Tuotetiedot:<\/strong><br \/>\nVisco petauspatja, paksuus 10 cm, irroitettava vesipest\u00e4v\u00e4 p\u00e4\u00e4llinen<br \/>\nRunkopatjoissa puurunko 17 cm. Sisus E30 tukivaahtoa.<br \/>\nVerhoilu beigell\u00e4 Cosmo-kankaalla.<br \/>\nTammijalat (runkopaketissa mukana)<br \/>\nToimitetaan muoviin pakattuna, jalat irrallaan.<\/p>\n","protected":false},"excerpt":{"rendered":"<p>Pintapaineita ehk\u00e4isev\u00e4 j\u00e4m\u00e4kk\u00e4 ergoline s\u00e4nky.<\/p>\n","protected":false},"featured_media":20177,"comment_status":"closed","ping_status":"closed","template":"","meta":{"_acf_changed":false,"jetpack_post_was_ever_published":false,"jetpack_publicize_message":"","jetpack_publicize_feature_enabled":true,"jetpack_social_post_already_shared":true,"jetpack_social_options":{"image_generator_settings":{"template":"highway","default_image_id":0,"font":"","enabled":false},"version":2}},"product_brand":[206],"product_cat":[198],"product_tag":[],"class_list":{"0":"post-20165","1":"product","2":"type-product","3":"status-publish","4":"has-post-thumbnail","6":"product_brand-furnico","7":"product_cat-patjat-ja-sangyt","8":"product_shipping_class-161","10":"first","11":"instock","12":"sale","13":"purchasable","14":"product-type-simple"},"acf":[],"jetpack_publicize_connections":[],"jetpack_sharing_enabled":true,"jetpack-related-posts":[{"id":20181,"url":"https:\/\/pohjanmaantehtaanmyymala.fi\/en\/tuote\/uniikki-ergo-runkopatjasetti-180x200-cm-petauspatjalla\/","url_meta":{"origin":20165,"position":0},"title":"Uniikki ergo runkopatjasetti 180&#215;200 cm petauspatjalla","author":"Sami Viitala","date":"March 25, 2022","format":false,"excerpt":"Pintapaineita ehk\u00e4isev\u00e4 j\u00e4m\u00e4kk\u00e4 ergoline s\u00e4nky.","rel":"","context":"Similar post","block_context":{"text":"Similar post","link":""},"img":{"alt_text":"Ergoline s\u00e4nkysetti viskoelastisella petauspatjalla 180 cm leve\u00e4","src":"https:\/\/i0.wp.com\/pohjanmaantehtaanmyymala.fi\/wp-content\/uploads\/2022\/03\/Uniikki-Ergo-sankysetti-160cm-1.jpg?fit=960%2C960&ssl=1&resize=350%2C200","width":350,"height":200,"srcset":"https:\/\/i0.wp.com\/pohjanmaantehtaanmyymala.fi\/wp-content\/uploads\/2022\/03\/Uniikki-Ergo-sankysetti-160cm-1.jpg?fit=960%2C960&ssl=1&resize=350%2C200 1x, https:\/\/i0.wp.com\/pohjanmaantehtaanmyymala.fi\/wp-content\/uploads\/2022\/03\/Uniikki-Ergo-sankysetti-160cm-1.jpg?fit=960%2C960&ssl=1&resize=525%2C300 1.5x, https:\/\/i0.wp.com\/pohjanmaantehtaanmyymala.fi\/wp-content\/uploads\/2022\/03\/Uniikki-Ergo-sankysetti-160cm-1.jpg?fit=960%2C960&ssl=1&resize=700%2C400 2x"},"classes":[]},{"id":10516,"url":"https:\/\/pohjanmaantehtaanmyymala.fi\/en\/tuote\/uniikki-lux-jenkkisanky-petauspatjalla\/","url_meta":{"origin":20165,"position":1},"title":"HIGH LUX &#8211; jenkkis\u00e4nky 120 cm visco-petauspatjalla","author":"petri","date":"September 14, 2019","format":false,"excerpt":"T\u00e4m\u00e4 muhkea s\u00e4nky kruunaa t\u00e4ydellisen makuuhuoneen.","rel":"","context":"Similar post","block_context":{"text":"Similar post","link":""},"img":{"alt_text":"","src":"https:\/\/i0.wp.com\/pohjanmaantehtaanmyymala.fi\/wp-content\/uploads\/2019\/09\/Uniikkilux-120-1500pxl.jpg?fit=960%2C960&ssl=1&resize=350%2C200","width":350,"height":200,"srcset":"https:\/\/i0.wp.com\/pohjanmaantehtaanmyymala.fi\/wp-content\/uploads\/2019\/09\/Uniikkilux-120-1500pxl.jpg?fit=960%2C960&ssl=1&resize=350%2C200 1x, https:\/\/i0.wp.com\/pohjanmaantehtaanmyymala.fi\/wp-content\/uploads\/2019\/09\/Uniikkilux-120-1500pxl.jpg?fit=960%2C960&ssl=1&resize=525%2C300 1.5x, https:\/\/i0.wp.com\/pohjanmaantehtaanmyymala.fi\/wp-content\/uploads\/2019\/09\/Uniikkilux-120-1500pxl.jpg?fit=960%2C960&ssl=1&resize=700%2C400 2x"},"classes":[]},{"id":10523,"url":"https:\/\/pohjanmaantehtaanmyymala.fi\/en\/tuote\/uniikki-plus-runkopatja-petauspatjalla\/","url_meta":{"origin":20165,"position":2},"title":"UNIIKKI PLUS paris\u00e4nkysetti","author":"petri","date":"September 14, 2019","format":false,"excerpt":"Korkeampi s\u00e4ngyn runko n\u00e4ytt\u00e4\u00e4 muhkeammalta. Valitse koko alta!","rel":"","context":"Similar post","block_context":{"text":"Similar post","link":""},"img":{"alt_text":"Uniikki plus s\u00e4nkysetti 160 cm leve\u00e4n\u00e4","src":"https:\/\/i0.wp.com\/pohjanmaantehtaanmyymala.fi\/wp-content\/uploads\/2019\/09\/Uniikki_plus_runkopatjasetti_160.jpg?fit=960%2C960&ssl=1&resize=350%2C200","width":350,"height":200,"srcset":"https:\/\/i0.wp.com\/pohjanmaantehtaanmyymala.fi\/wp-content\/uploads\/2019\/09\/Uniikki_plus_runkopatjasetti_160.jpg?fit=960%2C960&ssl=1&resize=350%2C200 1x, https:\/\/i0.wp.com\/pohjanmaantehtaanmyymala.fi\/wp-content\/uploads\/2019\/09\/Uniikki_plus_runkopatjasetti_160.jpg?fit=960%2C960&ssl=1&resize=525%2C300 1.5x, https:\/\/i0.wp.com\/pohjanmaantehtaanmyymala.fi\/wp-content\/uploads\/2019\/09\/Uniikki_plus_runkopatjasetti_160.jpg?fit=960%2C960&ssl=1&resize=700%2C400 2x"},"classes":[]},{"id":17529,"url":"https:\/\/pohjanmaantehtaanmyymala.fi\/en\/tuote\/high-lux-jenkkisanky-140-cm-visco-petauspatjalla\/","url_meta":{"origin":20165,"position":3},"title":"HIGH LUX &#8211; jenkkis\u00e4nky 140 cm visco-petauspatjalla","author":"Sami Viitala","date":"July 13, 2021","format":false,"excerpt":"T\u00e4m\u00e4 muhkea s\u00e4nky kruunaa t\u00e4ydellisen makuuhuoneen.","rel":"","context":"Similar post","block_context":{"text":"Similar post","link":""},"img":{"alt_text":"High lux jenkki 140 cm","src":"https:\/\/i0.wp.com\/pohjanmaantehtaanmyymala.fi\/wp-content\/uploads\/2021\/07\/Uniikki_Lux_jenkki_140-2.jpg?fit=1200%2C1200&ssl=1&resize=350%2C200","width":350,"height":200,"srcset":"https:\/\/i0.wp.com\/pohjanmaantehtaanmyymala.fi\/wp-content\/uploads\/2021\/07\/Uniikki_Lux_jenkki_140-2.jpg?fit=1200%2C1200&ssl=1&resize=350%2C200 1x, https:\/\/i0.wp.com\/pohjanmaantehtaanmyymala.fi\/wp-content\/uploads\/2021\/07\/Uniikki_Lux_jenkki_140-2.jpg?fit=1200%2C1200&ssl=1&resize=525%2C300 1.5x, https:\/\/i0.wp.com\/pohjanmaantehtaanmyymala.fi\/wp-content\/uploads\/2021\/07\/Uniikki_Lux_jenkki_140-2.jpg?fit=1200%2C1200&ssl=1&resize=700%2C400 2x, https:\/\/i0.wp.com\/pohjanmaantehtaanmyymala.fi\/wp-content\/uploads\/2021\/07\/Uniikki_Lux_jenkki_140-2.jpg?fit=1200%2C1200&ssl=1&resize=1050%2C600 3x"},"classes":[]},{"id":17540,"url":"https:\/\/pohjanmaantehtaanmyymala.fi\/en\/tuote\/high-lux-jenkkisanky-160-cm-visco-petauspatjalla\/","url_meta":{"origin":20165,"position":4},"title":"HIGH LUX &#8211; jenkkis\u00e4nky 160 cm visco-petauspatjalla","author":"Sami Viitala","date":"July 16, 2021","format":false,"excerpt":"T\u00e4m\u00e4 muhkea s\u00e4nky kruunaa t\u00e4ydellisen makuuhuoneen.","rel":"","context":"Similar post","block_context":{"text":"Similar post","link":""},"img":{"alt_text":"High lux jenkki 160x200 cm","src":"https:\/\/i0.wp.com\/pohjanmaantehtaanmyymala.fi\/wp-content\/uploads\/2021\/07\/Uniikki_Lux_jenkki_160.jpg?fit=1200%2C1200&ssl=1&resize=350%2C200","width":350,"height":200,"srcset":"https:\/\/i0.wp.com\/pohjanmaantehtaanmyymala.fi\/wp-content\/uploads\/2021\/07\/Uniikki_Lux_jenkki_160.jpg?fit=1200%2C1200&ssl=1&resize=350%2C200 1x, https:\/\/i0.wp.com\/pohjanmaantehtaanmyymala.fi\/wp-content\/uploads\/2021\/07\/Uniikki_Lux_jenkki_160.jpg?fit=1200%2C1200&ssl=1&resize=525%2C300 1.5x, https:\/\/i0.wp.com\/pohjanmaantehtaanmyymala.fi\/wp-content\/uploads\/2021\/07\/Uniikki_Lux_jenkki_160.jpg?fit=1200%2C1200&ssl=1&resize=700%2C400 2x, https:\/\/i0.wp.com\/pohjanmaantehtaanmyymala.fi\/wp-content\/uploads\/2021\/07\/Uniikki_Lux_jenkki_160.jpg?fit=1200%2C1200&ssl=1&resize=1050%2C600 3x"},"classes":[]},{"id":17548,"url":"https:\/\/pohjanmaantehtaanmyymala.fi\/en\/tuote\/high-lux-jenkkisanky-180-cm-visco-petauspatjalla\/","url_meta":{"origin":20165,"position":5},"title":"HIGH LUX &#8211; jenkkis\u00e4nky 180 cm visco-petauspatjalla","author":"Sami Viitala","date":"July 16, 2021","format":false,"excerpt":"T\u00e4m\u00e4 muhkea s\u00e4nky kruunaa t\u00e4ydellisen makuuhuoneen.","rel":"","context":"Similar post","block_context":{"text":"Similar post","link":""},"img":{"alt_text":"High lux jenkki 180x200 cm","src":"https:\/\/i0.wp.com\/pohjanmaantehtaanmyymala.fi\/wp-content\/uploads\/2021\/07\/Uniikki_Lux_jenkki_180.jpg?fit=1200%2C1200&ssl=1&resize=350%2C200","width":350,"height":200,"srcset":"https:\/\/i0.wp.com\/pohjanmaantehtaanmyymala.fi\/wp-content\/uploads\/2021\/07\/Uniikki_Lux_jenkki_180.jpg?fit=1200%2C1200&ssl=1&resize=350%2C200 1x, https:\/\/i0.wp.com\/pohjanmaantehtaanmyymala.fi\/wp-content\/uploads\/2021\/07\/Uniikki_Lux_jenkki_180.jpg?fit=1200%2C1200&ssl=1&resize=525%2C300 1.5x, https:\/\/i0.wp.com\/pohjanmaantehtaanmyymala.fi\/wp-content\/uploads\/2021\/07\/Uniikki_Lux_jenkki_180.jpg?fit=1200%2C1200&ssl=1&resize=700%2C400 2x, https:\/\/i0.wp.com\/pohjanmaantehtaanmyymala.fi\/wp-content\/uploads\/2021\/07\/Uniikki_Lux_jenkki_180.jpg?fit=1200%2C1200&ssl=1&resize=1050%2C600 3x"},"classes":[]}],"_links":{"self":[{"href":"https:\/\/pohjanmaantehtaanmyymala.fi\/en\/wp-json\/wp\/v2\/product\/20165","targetHints":{"allow":["GET"]}}],"collection":[{"href":"https:\/\/pohjanmaantehtaanmyymala.fi\/en\/wp-json\/wp\/v2\/product"}],"about":[{"href":"https:\/\/pohjanmaantehtaanmyymala.fi\/en\/wp-json\/wp\/v2\/types\/product"}],"replies":[{"embeddable":true,"href":"https:\/\/pohjanmaantehtaanmyymala.fi\/en\/wp-json\/wp\/v2\/comments?post=20165"}],"wp:featuredmedia":[{"embeddable":true,"href":"https:\/\/pohjanmaantehtaanmyymala.fi\/en\/wp-json\/wp\/v2\/media\/20177"}],"wp:attachment":[{"href":"https:\/\/pohjanmaantehtaanmyymala.fi\/en\/wp-json\/wp\/v2\/media?parent=20165"}],"wp:term":[{"taxonomy":"product_brand","embeddable":true,"href":"https:\/\/pohjanmaantehtaanmyymala.fi\/en\/wp-json\/wp\/v2\/product_brand?post=20165"},{"taxonomy":"product_cat","embeddable":true,"href":"https:\/\/pohjanmaantehtaanmyymala.fi\/en\/wp-json\/wp\/v2\/product_cat?post=20165"},{"taxonomy":"product_tag","embeddable":true,"href":"https:\/\/pohjanmaantehtaanmyymala.fi\/en\/wp-json\/wp\/v2\/product_tag?post=20165"}],"curies":[{"name":"wp","href":"https:\/\/api.w.org\/{rel}","templated":true}]}}