{"id":20139,"date":"2022-03-23T17:23:27","date_gmt":"2022-03-23T15:23:27","guid":{"rendered":"https:\/\/pohjanmaantehtaanmyymala.fi\/?post_type=product&#038;p=20139"},"modified":"2026-04-14T11:08:37","modified_gmt":"2026-04-14T09:08:37","slug":"lotta-ruokapoyta-180x90-cm-musta","status":"publish","type":"product","link":"https:\/\/pohjanmaantehtaanmyymala.fi\/en\/tuote\/lotta-ruokapoyta-180x90-cm-musta\/","title":{"rendered":"LOTTA-ruokap\u00f6yt\u00e4 180&#215;90 cm musta"},"content":{"rendered":"<p><strong>Poistomalli, viel\u00e4 1 kpl j\u00e4ljell\u00e4!<\/strong><\/p>\n<p>Rowicon 6 -hengen Lotta-ruokap\u00f6yt\u00e4 sopii monenlaiseen ruokailutilaan ja keitti\u00f6\u00f6n.<\/p>\n<p>Kansi on saarniviilutettua MDF-levy\u00e4 ja jalat massiivipuuta<\/p>\n<p>V\u00e4rivaihtoehdot ovat musta.<\/p>\n<p>Lotta- p\u00f6yd\u00e4n kanssa sopii mainiosti <a href=\"https:\/\/pohjanmaantehtaanmyymala.fi\/tuote\/lotta-pinnatuoli\/\">Lotta -pinnatuolien<\/a> kanssa.<\/p>\n<p>Toimitus jalat irrallaan.<\/p>\n","protected":false},"excerpt":{"rendered":"<p>Poistomalli, viel\u00e4 1 kpl j\u00e4ljell\u00e4! Rowicon 6 -hengen Lotta-ruokap\u00f6yt\u00e4 sopii monenlaiseen ruokailutilaan ja keitti\u00f6\u00f6n. Kansi on saarniviilutettua MDF-levy\u00e4 ja jalat massiivipuuta V\u00e4rivaihtoehdot ovat musta. Lotta- p\u00f6yd\u00e4n kanssa sopii mainiosti Lotta -pinnatuolien kanssa. Toimitus jalat irrallaan.<\/p>\n","protected":false},"featured_media":20140,"comment_status":"closed","ping_status":"closed","template":"","meta":{"_acf_changed":false,"jetpack_post_was_ever_published":false,"jetpack_publicize_message":"","jetpack_publicize_feature_enabled":true,"jetpack_social_post_already_shared":true,"jetpack_social_options":{"image_generator_settings":{"template":"highway","default_image_id":0,"font":"","enabled":false},"version":2}},"product_brand":[179],"product_cat":[213,194],"product_tag":[],"class_list":{"0":"post-20139","1":"product","2":"type-product","3":"status-publish","4":"has-post-thumbnail","6":"product_brand-rowico","7":"product_cat-outlet","8":"product_cat-ruokapoydat-ja-tuolit","9":"product_shipping_class-161","11":"first","12":"instock","13":"purchasable","14":"product-type-simple"},"acf":[],"jetpack_publicize_connections":[],"jetpack_sharing_enabled":true,"jetpack-related-posts":[{"id":9214,"url":"https:\/\/pohjanmaantehtaanmyymala.fi\/en\/tuote\/lotta-pinnatuoli\/","url_meta":{"origin":20139,"position":0},"title":"LOTTA &#8211; pinnatuoli","author":"petri","date":"September 14, 2019","format":false,"excerpt":"Tyylik\u00e4s pinnatuoli monenlaiseen sisustukseen.","rel":"","context":"Similar post","block_context":{"text":"Similar post","link":""},"img":{"alt_text":"Lotta valkoinen pinnatuoli","src":"https:\/\/i0.wp.com\/pohjanmaantehtaanmyymala.fi\/wp-content\/uploads\/2019\/09\/Lotta-stol-vit-miljo2-PD1.jpg?fit=960%2C960&ssl=1&resize=350%2C200","width":350,"height":200,"srcset":"https:\/\/i0.wp.com\/pohjanmaantehtaanmyymala.fi\/wp-content\/uploads\/2019\/09\/Lotta-stol-vit-miljo2-PD1.jpg?fit=960%2C960&ssl=1&resize=350%2C200 1x, https:\/\/i0.wp.com\/pohjanmaantehtaanmyymala.fi\/wp-content\/uploads\/2019\/09\/Lotta-stol-vit-miljo2-PD1.jpg?fit=960%2C960&ssl=1&resize=525%2C300 1.5x, https:\/\/i0.wp.com\/pohjanmaantehtaanmyymala.fi\/wp-content\/uploads\/2019\/09\/Lotta-stol-vit-miljo2-PD1.jpg?fit=960%2C960&ssl=1&resize=700%2C400 2x"},"classes":[]},{"id":9211,"url":"https:\/\/pohjanmaantehtaanmyymala.fi\/en\/tuote\/lotta-klaffipoyta-120cm\/","url_meta":{"origin":20139,"position":1},"title":"LOTTA &#8211; klaffip\u00f6yt\u00e4 120 cm","author":"petri","date":"September 14, 2019","format":false,"excerpt":"Tyylik\u00e4s Lotta -Klaffip\u00f6yt\u00e4 on funktionaalinen 4-hengen p\u00f6yt\u00e4ratkaisu, josta saa k\u00e4den k\u00e4\u00e4nteess\u00e4 6-hengen ruokap\u00f6yd\u00e4n. T\u00e4m\u00e4n hienon retrohenkisen p\u00f6yd\u00e4n kanssa sopii hyvin yhteen esimerkiksi Lotta pinnatuoli. P\u00f6yt\u00e4 on saatavana valkoisella v\u00e4rill\u00e4. Toimitetaan jalat irrallaan.","rel":"","context":"Similar post","block_context":{"text":"Similar post","link":""},"img":{"alt_text":"Lotta klaffip\u00f6yt\u00e4 valkoinen","src":"https:\/\/i0.wp.com\/pohjanmaantehtaanmyymala.fi\/wp-content\/uploads\/2019\/09\/110649-a-Lotta-klaffbord-120-R.jpg?fit=960%2C960&ssl=1&resize=350%2C200","width":350,"height":200,"srcset":"https:\/\/i0.wp.com\/pohjanmaantehtaanmyymala.fi\/wp-content\/uploads\/2019\/09\/110649-a-Lotta-klaffbord-120-R.jpg?fit=960%2C960&ssl=1&resize=350%2C200 1x, https:\/\/i0.wp.com\/pohjanmaantehtaanmyymala.fi\/wp-content\/uploads\/2019\/09\/110649-a-Lotta-klaffbord-120-R.jpg?fit=960%2C960&ssl=1&resize=525%2C300 1.5x, https:\/\/i0.wp.com\/pohjanmaantehtaanmyymala.fi\/wp-content\/uploads\/2019\/09\/110649-a-Lotta-klaffbord-120-R.jpg?fit=960%2C960&ssl=1&resize=700%2C400 2x"},"classes":[]},{"id":9207,"url":"https:\/\/pohjanmaantehtaanmyymala.fi\/en\/tuote\/lotta-klaffipoyta-80cm\/","url_meta":{"origin":20139,"position":2},"title":"LOTTA &#8211; klaffip\u00f6yt\u00e4 80 cm valkoinen","author":"petri","date":"September 14, 2019","format":false,"excerpt":"Lotta klaffip\u00f6yt\u00e4 on pienten tilojen ratkaisu.","rel":"","context":"Similar post","block_context":{"text":"Similar post","link":""},"img":{"alt_text":"","src":"https:\/\/i0.wp.com\/pohjanmaantehtaanmyymala.fi\/wp-content\/uploads\/2019\/06\/110647-a-Lotta-klaffbord-80-R.jpg?fit=960%2C960&ssl=1&resize=350%2C200","width":350,"height":200,"srcset":"https:\/\/i0.wp.com\/pohjanmaantehtaanmyymala.fi\/wp-content\/uploads\/2019\/06\/110647-a-Lotta-klaffbord-80-R.jpg?fit=960%2C960&ssl=1&resize=350%2C200 1x, https:\/\/i0.wp.com\/pohjanmaantehtaanmyymala.fi\/wp-content\/uploads\/2019\/06\/110647-a-Lotta-klaffbord-80-R.jpg?fit=960%2C960&ssl=1&resize=525%2C300 1.5x, https:\/\/i0.wp.com\/pohjanmaantehtaanmyymala.fi\/wp-content\/uploads\/2019\/06\/110647-a-Lotta-klaffbord-80-R.jpg?fit=960%2C960&ssl=1&resize=700%2C400 2x"},"classes":[]},{"id":13056,"url":"https:\/\/pohjanmaantehtaanmyymala.fi\/en\/tuote\/house-nordic-vojens-ruokapoyta-120-cm\/","url_meta":{"origin":20139,"position":3},"title":"House Nordic Vojens -ruokap\u00f6yt\u00e4 120 cm","author":"Sami Viitala","date":"September 17, 2020","format":false,"excerpt":"Pieni ja tyylik\u00e4s ruokap\u00f6yt\u00e4 vaikka opiskelija-asuntoon.","rel":"","context":"Similar post","block_context":{"text":"Similar post","link":""},"img":{"alt_text":"Vojens p\u00f6yt\u00e4 80x120 cm puunv\u00e4riset jalat ja valkoinen kansi","src":"https:\/\/i0.wp.com\/pohjanmaantehtaanmyymala.fi\/wp-content\/uploads\/2020\/09\/Vojens_2201030.jpg?fit=960%2C960&ssl=1&resize=350%2C200","width":350,"height":200,"srcset":"https:\/\/i0.wp.com\/pohjanmaantehtaanmyymala.fi\/wp-content\/uploads\/2020\/09\/Vojens_2201030.jpg?fit=960%2C960&ssl=1&resize=350%2C200 1x, https:\/\/i0.wp.com\/pohjanmaantehtaanmyymala.fi\/wp-content\/uploads\/2020\/09\/Vojens_2201030.jpg?fit=960%2C960&ssl=1&resize=525%2C300 1.5x, https:\/\/i0.wp.com\/pohjanmaantehtaanmyymala.fi\/wp-content\/uploads\/2020\/09\/Vojens_2201030.jpg?fit=960%2C960&ssl=1&resize=700%2C400 2x"},"classes":[]},{"id":13112,"url":"https:\/\/pohjanmaantehtaanmyymala.fi\/en\/tuote\/zoom-ruokapoyta-200x100-cm\/","url_meta":{"origin":20139,"position":4},"title":"ZOOM ruokap\u00f6yt\u00e4 200&#215;100 cm viilutettu","author":"Sami Viitala","date":"September 18, 2020","format":false,"excerpt":"Suoralinjainen ja massiivinen ruokap\u00f6yt\u00e4 moderniin sisustukseen.","rel":"","context":"Similar post","block_context":{"text":"Similar post","link":""},"img":{"alt_text":"Zoom 100x200 ruokap\u00f6yt\u00e4 kuura tuoli musta","src":"https:\/\/i0.wp.com\/pohjanmaantehtaanmyymala.fi\/wp-content\/uploads\/2020\/09\/Zoom-100x200-poyta-kuura-tuoli-musta.jpg?fit=1200%2C1200&ssl=1&resize=350%2C200","width":350,"height":200,"srcset":"https:\/\/i0.wp.com\/pohjanmaantehtaanmyymala.fi\/wp-content\/uploads\/2020\/09\/Zoom-100x200-poyta-kuura-tuoli-musta.jpg?fit=1200%2C1200&ssl=1&resize=350%2C200 1x, https:\/\/i0.wp.com\/pohjanmaantehtaanmyymala.fi\/wp-content\/uploads\/2020\/09\/Zoom-100x200-poyta-kuura-tuoli-musta.jpg?fit=1200%2C1200&ssl=1&resize=525%2C300 1.5x, https:\/\/i0.wp.com\/pohjanmaantehtaanmyymala.fi\/wp-content\/uploads\/2020\/09\/Zoom-100x200-poyta-kuura-tuoli-musta.jpg?fit=1200%2C1200&ssl=1&resize=700%2C400 2x, https:\/\/i0.wp.com\/pohjanmaantehtaanmyymala.fi\/wp-content\/uploads\/2020\/09\/Zoom-100x200-poyta-kuura-tuoli-musta.jpg?fit=1200%2C1200&ssl=1&resize=1050%2C600 3x"},"classes":[]},{"id":23161,"url":"https:\/\/pohjanmaantehtaanmyymala.fi\/en\/tuote\/pohjanmaan-lilja-ruokapoyta-190x90-cm\/","url_meta":{"origin":20139,"position":5},"title":"Pohjanmaan LILJA ruokap\u00f6yt\u00e4 190&#215;90 cm koivu","author":"Sami Viitala","date":"August 23, 2023","format":false,"excerpt":"Siro, mutta j\u00e4m\u00e4kk\u00e4 Lilja ruokap\u00f6yt\u00e4 on valmistettu massiivikoivusta. P\u00f6yt\u00e4 sopii yhteen eri mallisten ruokatuolien kanssa, mutta erityisen hyvin Lilja pinnatuolin kanssa. P\u00f6yd\u00e4st\u00e4 on saatavana my\u00f6s koot: 140*90 cm ja 240*90 cm. Liljaa saa my\u00f6s eri v\u00e4reill\u00e4 sek\u00e4 tammisena. Esim. p\u00f6yt\u00e4 190x90 cm valkoinena alkaen\u00a0 679 \u20ac ja kokotammisena 1295 \u20ac.\u2026","rel":"","context":"Similar post","block_context":{"text":"Similar post","link":""},"img":{"alt_text":"Lilja ruokap\u00f6yt\u00e4 kansi valkopetsattu koivu, jalat mustat","src":"https:\/\/i0.wp.com\/pohjanmaantehtaanmyymala.fi\/wp-content\/uploads\/2023\/08\/Lilja_RP_90x190_MustaKoivu_NordicKoivu.jpg?fit=960%2C960&ssl=1&resize=350%2C200","width":350,"height":200,"srcset":"https:\/\/i0.wp.com\/pohjanmaantehtaanmyymala.fi\/wp-content\/uploads\/2023\/08\/Lilja_RP_90x190_MustaKoivu_NordicKoivu.jpg?fit=960%2C960&ssl=1&resize=350%2C200 1x, https:\/\/i0.wp.com\/pohjanmaantehtaanmyymala.fi\/wp-content\/uploads\/2023\/08\/Lilja_RP_90x190_MustaKoivu_NordicKoivu.jpg?fit=960%2C960&ssl=1&resize=525%2C300 1.5x, https:\/\/i0.wp.com\/pohjanmaantehtaanmyymala.fi\/wp-content\/uploads\/2023\/08\/Lilja_RP_90x190_MustaKoivu_NordicKoivu.jpg?fit=960%2C960&ssl=1&resize=700%2C400 2x"},"classes":[]}],"_links":{"self":[{"href":"https:\/\/pohjanmaantehtaanmyymala.fi\/en\/wp-json\/wp\/v2\/product\/20139","targetHints":{"allow":["GET"]}}],"collection":[{"href":"https:\/\/pohjanmaantehtaanmyymala.fi\/en\/wp-json\/wp\/v2\/product"}],"about":[{"href":"https:\/\/pohjanmaantehtaanmyymala.fi\/en\/wp-json\/wp\/v2\/types\/product"}],"replies":[{"embeddable":true,"href":"https:\/\/pohjanmaantehtaanmyymala.fi\/en\/wp-json\/wp\/v2\/comments?post=20139"}],"wp:featuredmedia":[{"embeddable":true,"href":"https:\/\/pohjanmaantehtaanmyymala.fi\/en\/wp-json\/wp\/v2\/media\/20140"}],"wp:attachment":[{"href":"https:\/\/pohjanmaantehtaanmyymala.fi\/en\/wp-json\/wp\/v2\/media?parent=20139"}],"wp:term":[{"taxonomy":"product_brand","embeddable":true,"href":"https:\/\/pohjanmaantehtaanmyymala.fi\/en\/wp-json\/wp\/v2\/product_brand?post=20139"},{"taxonomy":"product_cat","embeddable":true,"href":"https:\/\/pohjanmaantehtaanmyymala.fi\/en\/wp-json\/wp\/v2\/product_cat?post=20139"},{"taxonomy":"product_tag","embeddable":true,"href":"https:\/\/pohjanmaantehtaanmyymala.fi\/en\/wp-json\/wp\/v2\/product_tag?post=20139"}],"curies":[{"name":"wp","href":"https:\/\/api.w.org\/{rel}","templated":true}]}}