{"id":19758,"date":"2022-02-14T17:00:44","date_gmt":"2022-02-14T15:00:44","guid":{"rendered":"https:\/\/pohjanmaantehtaanmyymala.fi\/?post_type=product&#038;p=19758"},"modified":"2026-04-14T11:08:40","modified_gmt":"2026-04-14T09:08:40","slug":"norwell-tuoli","status":"publish","type":"product","link":"https:\/\/pohjanmaantehtaanmyymala.fi\/en\/tuote\/norwell-tuoli\/","title":{"rendered":"NORWELL tuoli"},"content":{"rendered":"<p>Rowico Norwell-tuoli on upea valinta kodin ruokailutilaan. Tuolissa on py\u00f6riv\u00e4 istuinosa. Norwell tuoli on verhoiltu kest\u00e4v\u00e4ll\u00e4 ja helppohoitoisella huonekaluverhoilukankaalla. Tuolista on saatavana kaksi eri v\u00e4ri\u00e4, beige ja harmaa.<br \/>\nTuolin jalat ovat metallia.<\/p>\n<p>Tuolin istuinkorkeus 46 cm ja istuin syvyys 45 cm<\/p>\n<h3>Tuotetiedot:<\/h3>\n<p>Istuin: polyesterikangasta, Martindale 45000.<br \/>\nJalat: Pulverimaalattua metallia<\/p>\n<p>Toimitetaan jalat irrallaan.<\/p>\n","protected":false},"excerpt":{"rendered":"<p>Rowicon tyylik\u00e4s tuoli py\u00f6riv\u00e4ll\u00e4 jalalla.<\/p>\n","protected":false},"featured_media":20113,"comment_status":"closed","ping_status":"closed","template":"","meta":{"_acf_changed":false,"jetpack_post_was_ever_published":false,"jetpack_publicize_message":"","jetpack_publicize_feature_enabled":true,"jetpack_social_post_already_shared":true,"jetpack_social_options":{"image_generator_settings":{"template":"highway","default_image_id":0,"font":"","enabled":false},"version":2}},"product_brand":[179],"product_cat":[194],"product_tag":[],"class_list":{"0":"post-19758","1":"product","2":"type-product","3":"status-publish","4":"has-post-thumbnail","6":"product_brand-rowico","7":"product_cat-ruokapoydat-ja-tuolit","8":"product_shipping_class-161","9":"pa_vari-beige","10":"pa_vari-harmaa","12":"first","13":"instock","14":"purchasable","15":"product-type-variable","16":"has-default-attributes"},"acf":[],"jetpack_publicize_connections":[],"jetpack_sharing_enabled":true,"jetpack-related-posts":[{"id":15800,"url":"https:\/\/pohjanmaantehtaanmyymala.fi\/en\/tuote\/rowico-alison-tuoli\/","url_meta":{"origin":19758,"position":0},"title":"ALISON py\u00f6riv\u00e4 tuoli metallijalalla","author":"Sami Viitala","date":"November 23, 2020","format":false,"excerpt":"Rowicon kaunis ruokap\u00f6yd\u00e4n tuoli harmaalla tai beigell\u00e4 verhoilulla.","rel":"","context":"Similar post","block_context":{"text":"Similar post","link":""},"img":{"alt_text":"Rowico Alison tuoli antrasiitti mikrokuitu","src":"https:\/\/i0.wp.com\/pohjanmaantehtaanmyymala.fi\/wp-content\/uploads\/2020\/11\/Alison-tuoli-harmaa.jpg?fit=1200%2C1200&ssl=1&resize=350%2C200","width":350,"height":200,"srcset":"https:\/\/i0.wp.com\/pohjanmaantehtaanmyymala.fi\/wp-content\/uploads\/2020\/11\/Alison-tuoli-harmaa.jpg?fit=1200%2C1200&ssl=1&resize=350%2C200 1x, https:\/\/i0.wp.com\/pohjanmaantehtaanmyymala.fi\/wp-content\/uploads\/2020\/11\/Alison-tuoli-harmaa.jpg?fit=1200%2C1200&ssl=1&resize=525%2C300 1.5x, https:\/\/i0.wp.com\/pohjanmaantehtaanmyymala.fi\/wp-content\/uploads\/2020\/11\/Alison-tuoli-harmaa.jpg?fit=1200%2C1200&ssl=1&resize=700%2C400 2x, https:\/\/i0.wp.com\/pohjanmaantehtaanmyymala.fi\/wp-content\/uploads\/2020\/11\/Alison-tuoli-harmaa.jpg?fit=1200%2C1200&ssl=1&resize=1050%2C600 3x"},"classes":[]},{"id":8938,"url":"https:\/\/pohjanmaantehtaanmyymala.fi\/en\/tuote\/alpha-tuoli\/","url_meta":{"origin":19758,"position":1},"title":"AUBURN &#8211; tuoli","author":"petri","date":"September 14, 2019","format":false,"excerpt":"Auburn -tuoli on tyylik\u00e4s valinta kodin ruokailutilaan. Tuolin jalat ovat metallia ja istuimessa helppohoitoinen tekstiilinahka (keinonahka). Auburn -tuolissa on miellytt\u00e4v\u00e4 istua pidempi\u00e4kin aikoja. Tuolin istuinkorkeus 47 cm. Tuotetiedot: Istuin: Musta tekstiilinahkaa Jalat: Pulverimaalattua metallia Toimitetaan jalat irrallaan.","rel":"","context":"Similar post","block_context":{"text":"Similar post","link":""},"img":{"alt_text":"","src":"https:\/\/i0.wp.com\/pohjanmaantehtaanmyymala.fi\/wp-content\/uploads\/2019\/06\/117650-a-Alpha-stol-svart-sv-konstlader-R.jpg?fit=960%2C960&ssl=1&resize=350%2C200","width":350,"height":200,"srcset":"https:\/\/i0.wp.com\/pohjanmaantehtaanmyymala.fi\/wp-content\/uploads\/2019\/06\/117650-a-Alpha-stol-svart-sv-konstlader-R.jpg?fit=960%2C960&ssl=1&resize=350%2C200 1x, https:\/\/i0.wp.com\/pohjanmaantehtaanmyymala.fi\/wp-content\/uploads\/2019\/06\/117650-a-Alpha-stol-svart-sv-konstlader-R.jpg?fit=960%2C960&ssl=1&resize=525%2C300 1.5x, https:\/\/i0.wp.com\/pohjanmaantehtaanmyymala.fi\/wp-content\/uploads\/2019\/06\/117650-a-Alpha-stol-svart-sv-konstlader-R.jpg?fit=960%2C960&ssl=1&resize=700%2C400 2x"},"classes":[]},{"id":28308,"url":"https:\/\/pohjanmaantehtaanmyymala.fi\/en\/tuote\/alison-tuoli-pyorivalla-istuimella-vaaleabeige\/","url_meta":{"origin":19758,"position":2},"title":"ALISON py\u00f6riv\u00e4 tuoli, vaaleabeige, puujalalla","author":"Sami Viitala","date":"January 14, 2025","format":false,"excerpt":"Suosittu ruokap\u00f6yd\u00e4n tuoli vaaleanbeigell\u00e4 verhoilulla. Valitse jalkav\u00e4ri!","rel":"","context":"Similar post","block_context":{"text":"Similar post","link":""},"img":{"alt_text":"Rowico Alison py\u00f6riv\u00e4 tuoli vaaleabeige valkopestyll\u00e4 puujalalla milj\u00f6\u00f6ss\u00e4","src":"https:\/\/i0.wp.com\/pohjanmaantehtaanmyymala.fi\/wp-content\/uploads\/2025\/01\/117861_b_mb__Alison_chair_light_beige_whitewash.jpg?fit=1000%2C1000&ssl=1&resize=350%2C200","width":350,"height":200,"srcset":"https:\/\/i0.wp.com\/pohjanmaantehtaanmyymala.fi\/wp-content\/uploads\/2025\/01\/117861_b_mb__Alison_chair_light_beige_whitewash.jpg?fit=1000%2C1000&ssl=1&resize=350%2C200 1x, https:\/\/i0.wp.com\/pohjanmaantehtaanmyymala.fi\/wp-content\/uploads\/2025\/01\/117861_b_mb__Alison_chair_light_beige_whitewash.jpg?fit=1000%2C1000&ssl=1&resize=525%2C300 1.5x, https:\/\/i0.wp.com\/pohjanmaantehtaanmyymala.fi\/wp-content\/uploads\/2025\/01\/117861_b_mb__Alison_chair_light_beige_whitewash.jpg?fit=1000%2C1000&ssl=1&resize=700%2C400 2x"},"classes":[]},{"id":28371,"url":"https:\/\/pohjanmaantehtaanmyymala.fi\/en\/tuote\/alison-pyoriva-tuoli-tummabeige-puujalalla\/","url_meta":{"origin":19758,"position":3},"title":"ALISON py\u00f6riv\u00e4 tuoli, tummabeige, puujalalla","author":"Sami Viitala","date":"February 17, 2025","format":false,"excerpt":"Suosittu ruokap\u00f6yd\u00e4n tuoli tumman beigell\u00e4 verhoilulla. Valitse jalkav\u00e4ri!","rel":"","context":"Similar post","block_context":{"text":"Similar post","link":""},"img":{"alt_text":"Rowico Alison py\u00f6riv\u00e4 tuoli tumma beige ruskealla puujalalla","src":"https:\/\/i0.wp.com\/pohjanmaantehtaanmyymala.fi\/wp-content\/uploads\/2025\/02\/117866_a_Alison_swivelchair_dark_beige_brown_oak.jpg?fit=1000%2C1000&ssl=1&resize=350%2C200","width":350,"height":200,"srcset":"https:\/\/i0.wp.com\/pohjanmaantehtaanmyymala.fi\/wp-content\/uploads\/2025\/02\/117866_a_Alison_swivelchair_dark_beige_brown_oak.jpg?fit=1000%2C1000&ssl=1&resize=350%2C200 1x, https:\/\/i0.wp.com\/pohjanmaantehtaanmyymala.fi\/wp-content\/uploads\/2025\/02\/117866_a_Alison_swivelchair_dark_beige_brown_oak.jpg?fit=1000%2C1000&ssl=1&resize=525%2C300 1.5x, https:\/\/i0.wp.com\/pohjanmaantehtaanmyymala.fi\/wp-content\/uploads\/2025\/02\/117866_a_Alison_swivelchair_dark_beige_brown_oak.jpg?fit=1000%2C1000&ssl=1&resize=700%2C400 2x"},"classes":[]},{"id":28391,"url":"https:\/\/pohjanmaantehtaanmyymala.fi\/en\/tuote\/alison-pyoriva-tuoli-beige-nahka-puujalalla\/","url_meta":{"origin":19758,"position":4},"title":"ALISON py\u00f6riv\u00e4 tuoli, beige nahka, puujalalla","author":"Sami Viitala","date":"February 17, 2025","format":false,"excerpt":"Suosittu ruokap\u00f6yd\u00e4n tuoli tumman beigell\u00e4 verhoilulla. Valitse jalkav\u00e4ri!","rel":"","context":"Similar post","block_context":{"text":"Similar post","link":""},"img":{"alt_text":"Rowico Alison py\u00f6riv\u00e4 tuoli beigen v\u00e4rinen nahka ruskealla puujalalla edest\u00e4 p\u00e4in.","src":"https:\/\/i0.wp.com\/pohjanmaantehtaanmyymala.fi\/wp-content\/uploads\/2025\/02\/118136_b_sb_a_Alison_swivelchair_beige_leather_brown_oak.jpg?fit=1000%2C1000&ssl=1&resize=350%2C200","width":350,"height":200,"srcset":"https:\/\/i0.wp.com\/pohjanmaantehtaanmyymala.fi\/wp-content\/uploads\/2025\/02\/118136_b_sb_a_Alison_swivelchair_beige_leather_brown_oak.jpg?fit=1000%2C1000&ssl=1&resize=350%2C200 1x, https:\/\/i0.wp.com\/pohjanmaantehtaanmyymala.fi\/wp-content\/uploads\/2025\/02\/118136_b_sb_a_Alison_swivelchair_beige_leather_brown_oak.jpg?fit=1000%2C1000&ssl=1&resize=525%2C300 1.5x, https:\/\/i0.wp.com\/pohjanmaantehtaanmyymala.fi\/wp-content\/uploads\/2025\/02\/118136_b_sb_a_Alison_swivelchair_beige_leather_brown_oak.jpg?fit=1000%2C1000&ssl=1&resize=700%2C400 2x"},"classes":[]},{"id":29609,"url":"https:\/\/pohjanmaantehtaanmyymala.fi\/en\/tuote\/rowico-lowell-pyoriva-tuoli-kasinojilla\/","url_meta":{"origin":19758,"position":5},"title":"Rowico Lowell py\u00f6riv\u00e4 tuoli k\u00e4sinojilla","author":"Sami Viitala","date":"January 20, 2026","format":false,"excerpt":"Nosta ruokailutilasi ilme uudelle tasolle Rowico Lowell -tuolilla!","rel":"","context":"Similar post","block_context":{"text":"Similar post","link":""},"img":{"alt_text":"Rowico mustat Lowell tuolit ja valkotamminen Emmet p\u00f6yt\u00e4 milj\u00f6\u00f6kuvassa.","src":"https:\/\/i0.wp.com\/pohjanmaantehtaanmyymala.fi\/wp-content\/uploads\/2026\/01\/emmet-120350lowell-120261-miljoo.jpg?fit=1000%2C1000&ssl=1&resize=350%2C200","width":350,"height":200,"srcset":"https:\/\/i0.wp.com\/pohjanmaantehtaanmyymala.fi\/wp-content\/uploads\/2026\/01\/emmet-120350lowell-120261-miljoo.jpg?fit=1000%2C1000&ssl=1&resize=350%2C200 1x, https:\/\/i0.wp.com\/pohjanmaantehtaanmyymala.fi\/wp-content\/uploads\/2026\/01\/emmet-120350lowell-120261-miljoo.jpg?fit=1000%2C1000&ssl=1&resize=525%2C300 1.5x, https:\/\/i0.wp.com\/pohjanmaantehtaanmyymala.fi\/wp-content\/uploads\/2026\/01\/emmet-120350lowell-120261-miljoo.jpg?fit=1000%2C1000&ssl=1&resize=700%2C400 2x"},"classes":[]}],"_links":{"self":[{"href":"https:\/\/pohjanmaantehtaanmyymala.fi\/en\/wp-json\/wp\/v2\/product\/19758","targetHints":{"allow":["GET"]}}],"collection":[{"href":"https:\/\/pohjanmaantehtaanmyymala.fi\/en\/wp-json\/wp\/v2\/product"}],"about":[{"href":"https:\/\/pohjanmaantehtaanmyymala.fi\/en\/wp-json\/wp\/v2\/types\/product"}],"replies":[{"embeddable":true,"href":"https:\/\/pohjanmaantehtaanmyymala.fi\/en\/wp-json\/wp\/v2\/comments?post=19758"}],"wp:featuredmedia":[{"embeddable":true,"href":"https:\/\/pohjanmaantehtaanmyymala.fi\/en\/wp-json\/wp\/v2\/media\/20113"}],"wp:attachment":[{"href":"https:\/\/pohjanmaantehtaanmyymala.fi\/en\/wp-json\/wp\/v2\/media?parent=19758"}],"wp:term":[{"taxonomy":"product_brand","embeddable":true,"href":"https:\/\/pohjanmaantehtaanmyymala.fi\/en\/wp-json\/wp\/v2\/product_brand?post=19758"},{"taxonomy":"product_cat","embeddable":true,"href":"https:\/\/pohjanmaantehtaanmyymala.fi\/en\/wp-json\/wp\/v2\/product_cat?post=19758"},{"taxonomy":"product_tag","embeddable":true,"href":"https:\/\/pohjanmaantehtaanmyymala.fi\/en\/wp-json\/wp\/v2\/product_tag?post=19758"}],"curies":[{"name":"wp","href":"https:\/\/api.w.org\/{rel}","templated":true}]}}