{"id":19624,"date":"2022-01-23T16:03:46","date_gmt":"2022-01-23T14:03:46","guid":{"rendered":"https:\/\/pohjanmaantehtaanmyymala.fi\/?post_type=product&#038;p=19624"},"modified":"2024-02-05T16:18:55","modified_gmt":"2024-02-05T14:18:55","slug":"art-vuodesohva-inari-kankaalla","status":"publish","type":"product","link":"https:\/\/pohjanmaantehtaanmyymala.fi\/en\/tuote\/art-vuodesohva-inari-kankaalla\/","title":{"rendered":"Art vuodesohva Inari-kankaalla"},"content":{"rendered":"<p>Tyylik\u00e4s Art 3-istuttava vuodesohva, jossa on k\u00e4tev\u00e4 vuodemekanismi. Sohvan mukaan tulee samaan hintaan kevyt sijauspatja. V<span class=\"base\" data-ui-id=\"page-title-wrapper\">uodesohva on verhoiltu Inari-kangasverhoilulla. Art sohvassa ovat mustat korkeahkot jalat, jotka luovat ilmavuuden tunnetta ja tekev\u00e4t sohvasta kevyenn\u00e4k\u00f6isen.<br \/>\n<\/span><\/p>\n<p>Inari kangas on todella kest\u00e4v\u00e4 ja helppo pit\u00e4\u00e4 puhtaana. Hankauksenkesto on 49.000 martindalea. K\u00e4tev\u00e4 vuodevaatelaatikko kruunaa n\u00e4ytt\u00e4v\u00e4n sohvan.<\/p>\n<p><b>Kotiinkuljetamme sohvat kaikkialle Suomeen.<\/b><\/p>\n<h3>Tuotetiedot:<\/h3>\n<p>Leveys: 215 cm<br \/>\nSyvyys: 93 cm<br \/>\nKorkeus: 93 cm<br \/>\nIstuinkorkeus 46 cm, ja -syvyys 52 cm.<br \/>\nVuodekoko: 188&#215;136 cm<br \/>\nRunko: Massiivipuu, vaneri ja kovalevy.<br \/>\nIstuinpehmuste: No-Zag jouset, vaahtomuovi + vanu.<br \/>\nSelk\u00e4noja:\u00a0 100 % polyesteri-vanu. Irralliset selk\u00e4tyynyt.<br \/>\nVerhoilu: Inari -kangas<br \/>\nJalat: wenge-jalka, kork. 17 cm.<\/p>\n<p>Toimitetaan k\u00e4sinojat ja jalat irrallaan.<\/p>\n","protected":false},"excerpt":{"rendered":"<p>Vuodesohva, jossa on helppotoiminen vuodemekanismi. Saatavana eri v\u00e4reill\u00e4.<\/p>\n","protected":false},"featured_media":19630,"comment_status":"closed","ping_status":"closed","template":"","meta":{"_acf_changed":false,"jetpack_post_was_ever_published":false,"jetpack_publicize_message":"","jetpack_publicize_feature_enabled":true,"jetpack_social_post_already_shared":true,"jetpack_social_options":{"image_generator_settings":{"template":"highway","default_image_id":0,"font":"","enabled":false},"version":2}},"product_brand":[374],"product_cat":[201,193],"product_tag":[],"class_list":{"0":"post-19624","1":"product","2":"type-product","3":"status-publish","4":"has-post-thumbnail","6":"product_brand-rave-furniture","7":"product_cat-sohvat","8":"product_cat-vuodesohvat","9":"product_shipping_class-161","10":"pa_vari-harmaa-inari-95","11":"pa_vari-muut-savyt-inari-kangas","13":"first","14":"onbackorder","15":"sale","16":"purchasable","17":"product-type-variable","18":"has-default-attributes"},"acf":[],"jetpack_publicize_connections":[],"jetpack_sharing_enabled":true,"jetpack-related-posts":[{"id":28553,"url":"https:\/\/pohjanmaantehtaanmyymala.fi\/en\/tuote\/senna-vuodesohva-gripsholm-kankaalla\/","url_meta":{"origin":19624,"position":0},"title":"Senna-vuodesohva Gripsholm-kankaalla","author":"Sami Viitala","date":"July 10, 2025","format":false,"excerpt":"Hulppea vuodesohva hyv\u00e4ll\u00e4 vuodemekanismilla.","rel":"","context":"Similar post","block_context":{"text":"Similar post","link":""},"img":{"alt_text":"Senna vuodesohva Gripsholm kukkakankaalla","src":"https:\/\/i0.wp.com\/pohjanmaantehtaanmyymala.fi\/wp-content\/uploads\/2025\/07\/senna_vuodesohva_gripsholm-2.jpg?fit=1000%2C1000&ssl=1&resize=350%2C200","width":350,"height":200,"srcset":"https:\/\/i0.wp.com\/pohjanmaantehtaanmyymala.fi\/wp-content\/uploads\/2025\/07\/senna_vuodesohva_gripsholm-2.jpg?fit=1000%2C1000&ssl=1&resize=350%2C200 1x, https:\/\/i0.wp.com\/pohjanmaantehtaanmyymala.fi\/wp-content\/uploads\/2025\/07\/senna_vuodesohva_gripsholm-2.jpg?fit=1000%2C1000&ssl=1&resize=525%2C300 1.5x, https:\/\/i0.wp.com\/pohjanmaantehtaanmyymala.fi\/wp-content\/uploads\/2025\/07\/senna_vuodesohva_gripsholm-2.jpg?fit=1000%2C1000&ssl=1&resize=700%2C400 2x"},"classes":[]},{"id":17868,"url":"https:\/\/pohjanmaantehtaanmyymala.fi\/en\/tuote\/sienna-vuodesohva-connect-kankaalla\/","url_meta":{"origin":19624,"position":1},"title":"Senna-vuodesohva Hygge-kankaalla","author":"Sami Viitala","date":"August 26, 2021","format":false,"excerpt":"Helppotoiminen vuodesohva hyv\u00e4ll\u00e4 istuinmukavuudella.","rel":"","context":"Similar post","block_context":{"text":"Similar post","link":""},"img":{"alt_text":"Ermatiko Senna vuodesohva harmaa kangas","src":"https:\/\/i0.wp.com\/pohjanmaantehtaanmyymala.fi\/wp-content\/uploads\/2021\/08\/senna-vuodesohva-harmaa.jpg?fit=1000%2C1000&ssl=1&resize=350%2C200","width":350,"height":200,"srcset":"https:\/\/i0.wp.com\/pohjanmaantehtaanmyymala.fi\/wp-content\/uploads\/2021\/08\/senna-vuodesohva-harmaa.jpg?fit=1000%2C1000&ssl=1&resize=350%2C200 1x, https:\/\/i0.wp.com\/pohjanmaantehtaanmyymala.fi\/wp-content\/uploads\/2021\/08\/senna-vuodesohva-harmaa.jpg?fit=1000%2C1000&ssl=1&resize=525%2C300 1.5x, https:\/\/i0.wp.com\/pohjanmaantehtaanmyymala.fi\/wp-content\/uploads\/2021\/08\/senna-vuodesohva-harmaa.jpg?fit=1000%2C1000&ssl=1&resize=700%2C400 2x"},"classes":[]},{"id":23896,"url":"https:\/\/pohjanmaantehtaanmyymala.fi\/en\/tuote\/senna-vuodesohva-milton-kankaalla\/","url_meta":{"origin":19624,"position":2},"title":"Senna-vuodesohva Milton-kankaalla","author":"Sami Viitala","date":"October 26, 2023","format":false,"excerpt":"Iso vuodesohva hyv\u00e4ll\u00e4 istuinmukavuudella.","rel":"","context":"Similar post","block_context":{"text":"Similar post","link":""},"img":{"alt_text":"Senna vuodesohva harmaalla kankaalla","src":"https:\/\/i0.wp.com\/pohjanmaantehtaanmyymala.fi\/wp-content\/uploads\/2023\/10\/Senna-vuodesohva.jpg?fit=960%2C960&ssl=1&resize=350%2C200","width":350,"height":200,"srcset":"https:\/\/i0.wp.com\/pohjanmaantehtaanmyymala.fi\/wp-content\/uploads\/2023\/10\/Senna-vuodesohva.jpg?fit=960%2C960&ssl=1&resize=350%2C200 1x, https:\/\/i0.wp.com\/pohjanmaantehtaanmyymala.fi\/wp-content\/uploads\/2023\/10\/Senna-vuodesohva.jpg?fit=960%2C960&ssl=1&resize=525%2C300 1.5x, https:\/\/i0.wp.com\/pohjanmaantehtaanmyymala.fi\/wp-content\/uploads\/2023\/10\/Senna-vuodesohva.jpg?fit=960%2C960&ssl=1&resize=700%2C400 2x"},"classes":[]},{"id":25313,"url":"https:\/\/pohjanmaantehtaanmyymala.fi\/en\/tuote\/leo-leksa-vuodesohva-leo-kankaalla\/","url_meta":{"origin":19624,"position":3},"title":"Leo &#8220;Leksa&#8221;- vuodesohva Leo-kankaalla","author":"Miro Nevala","date":"March 1, 2024","format":false,"excerpt":"K\u00e4yt\u00e4nn\u00f6llinen ja kompakti vaihtoehto vuodesohvalle!","rel":"","context":"Similar post","block_context":{"text":"Similar post","link":""},"img":{"alt_text":"Leo vuodesohva Roosa v\u00e4riss\u00e4 kuva edest\u00e4p\u00e4in","src":"https:\/\/i0.wp.com\/pohjanmaantehtaanmyymala.fi\/wp-content\/uploads\/2024\/02\/Leo-vuodesohva-roosa-960dpi.jpg?fit=960%2C960&ssl=1&resize=350%2C200","width":350,"height":200,"srcset":"https:\/\/i0.wp.com\/pohjanmaantehtaanmyymala.fi\/wp-content\/uploads\/2024\/02\/Leo-vuodesohva-roosa-960dpi.jpg?fit=960%2C960&ssl=1&resize=350%2C200 1x, https:\/\/i0.wp.com\/pohjanmaantehtaanmyymala.fi\/wp-content\/uploads\/2024\/02\/Leo-vuodesohva-roosa-960dpi.jpg?fit=960%2C960&ssl=1&resize=525%2C300 1.5x, https:\/\/i0.wp.com\/pohjanmaantehtaanmyymala.fi\/wp-content\/uploads\/2024\/02\/Leo-vuodesohva-roosa-960dpi.jpg?fit=960%2C960&ssl=1&resize=700%2C400 2x"},"classes":[]},{"id":26462,"url":"https:\/\/pohjanmaantehtaanmyymala.fi\/en\/tuote\/america-nest-vuodesohva-3-istuttava\/","url_meta":{"origin":19624,"position":4},"title":"America Nest 215 cm vuodesohva 3-istuttava","author":"Miro Nevala","date":"September 25, 2024","format":false,"excerpt":"Skandinaavisuutta henkiv\u00e4 ja monimuotoisuudessaan ly\u00f6m\u00e4t\u00f6n vuodesohva.","rel":"","context":"Similar post","block_context":{"text":"Similar post","link":""},"img":{"alt_text":"America 3-ist. vuodesohva Luna lila kankaalla.","src":"https:\/\/i0.wp.com\/pohjanmaantehtaanmyymala.fi\/wp-content\/uploads\/2024\/09\/America_3Mnest193_Luna29-3.jpg?fit=960%2C960&ssl=1&resize=350%2C200","width":350,"height":200,"srcset":"https:\/\/i0.wp.com\/pohjanmaantehtaanmyymala.fi\/wp-content\/uploads\/2024\/09\/America_3Mnest193_Luna29-3.jpg?fit=960%2C960&ssl=1&resize=350%2C200 1x, https:\/\/i0.wp.com\/pohjanmaantehtaanmyymala.fi\/wp-content\/uploads\/2024\/09\/America_3Mnest193_Luna29-3.jpg?fit=960%2C960&ssl=1&resize=525%2C300 1.5x, https:\/\/i0.wp.com\/pohjanmaantehtaanmyymala.fi\/wp-content\/uploads\/2024\/09\/America_3Mnest193_Luna29-3.jpg?fit=960%2C960&ssl=1&resize=700%2C400 2x"},"classes":[]},{"id":25123,"url":"https:\/\/pohjanmaantehtaanmyymala.fi\/en\/tuote\/dolphin-vuodesohva-kangasverhoilulla\/","url_meta":{"origin":19624,"position":5},"title":"Dolphin vuodesohva kangasverhoilulla","author":"Miro Nevala","date":"March 4, 2024","format":false,"excerpt":"Upea kangasvuodesohva mekanismilla useilla v\u00e4rivaihtoehdoilla!","rel":"","context":"Similar post","block_context":{"text":"Similar post","link":""},"img":{"alt_text":"Pohjanmaan Dolphin vuodesohva","src":"https:\/\/i0.wp.com\/pohjanmaantehtaanmyymala.fi\/wp-content\/uploads\/2024\/02\/Pohjanmaan-Dolphin-vuodesohva-960dpi.jpg?fit=960%2C960&ssl=1&resize=350%2C200","width":350,"height":200,"srcset":"https:\/\/i0.wp.com\/pohjanmaantehtaanmyymala.fi\/wp-content\/uploads\/2024\/02\/Pohjanmaan-Dolphin-vuodesohva-960dpi.jpg?fit=960%2C960&ssl=1&resize=350%2C200 1x, https:\/\/i0.wp.com\/pohjanmaantehtaanmyymala.fi\/wp-content\/uploads\/2024\/02\/Pohjanmaan-Dolphin-vuodesohva-960dpi.jpg?fit=960%2C960&ssl=1&resize=525%2C300 1.5x, https:\/\/i0.wp.com\/pohjanmaantehtaanmyymala.fi\/wp-content\/uploads\/2024\/02\/Pohjanmaan-Dolphin-vuodesohva-960dpi.jpg?fit=960%2C960&ssl=1&resize=700%2C400 2x"},"classes":[]}],"_links":{"self":[{"href":"https:\/\/pohjanmaantehtaanmyymala.fi\/en\/wp-json\/wp\/v2\/product\/19624","targetHints":{"allow":["GET"]}}],"collection":[{"href":"https:\/\/pohjanmaantehtaanmyymala.fi\/en\/wp-json\/wp\/v2\/product"}],"about":[{"href":"https:\/\/pohjanmaantehtaanmyymala.fi\/en\/wp-json\/wp\/v2\/types\/product"}],"replies":[{"embeddable":true,"href":"https:\/\/pohjanmaantehtaanmyymala.fi\/en\/wp-json\/wp\/v2\/comments?post=19624"}],"wp:featuredmedia":[{"embeddable":true,"href":"https:\/\/pohjanmaantehtaanmyymala.fi\/en\/wp-json\/wp\/v2\/media\/19630"}],"wp:attachment":[{"href":"https:\/\/pohjanmaantehtaanmyymala.fi\/en\/wp-json\/wp\/v2\/media?parent=19624"}],"wp:term":[{"taxonomy":"product_brand","embeddable":true,"href":"https:\/\/pohjanmaantehtaanmyymala.fi\/en\/wp-json\/wp\/v2\/product_brand?post=19624"},{"taxonomy":"product_cat","embeddable":true,"href":"https:\/\/pohjanmaantehtaanmyymala.fi\/en\/wp-json\/wp\/v2\/product_cat?post=19624"},{"taxonomy":"product_tag","embeddable":true,"href":"https:\/\/pohjanmaantehtaanmyymala.fi\/en\/wp-json\/wp\/v2\/product_tag?post=19624"}],"curies":[{"name":"wp","href":"https:\/\/api.w.org\/{rel}","templated":true}]}}