{"id":19559,"date":"2022-01-14T15:21:58","date_gmt":"2022-01-14T13:21:58","guid":{"rendered":"https:\/\/pohjanmaantehtaanmyymala.fi\/?post_type=product&#038;p=19559"},"modified":"2026-01-27T00:18:41","modified_gmt":"2026-01-26T22:18:41","slug":"eden-7-ergo-jenkkisanky-180x200-cm-petauspatjalla","status":"publish","type":"product","link":"https:\/\/pohjanmaantehtaanmyymala.fi\/en\/tuote\/eden-7-ergo-jenkkisanky-180x200-cm-petauspatjalla\/","title":{"rendered":"EDEN 7 ergo jenkkis\u00e4nky 180&#215;200 cm petauspatjalla"},"content":{"rendered":"<p>Kotimaisissa EDEN 7-s\u00e4ngyiss\u00e4 on kerrostettu viskovaahtomuovi -rakenne, joka muotoutuu kehon painon ja l\u00e4mm\u00f6n vaikutuksesta t\u00e4ydellisesti. Eden 7 -jenkkis\u00e4nky sopii l\u00e4hes joka vartalolle ja takaa paremmat levollisemmat unet. Muotoutuva viskoelastinen materiaali jakaa vartalon painon tasaisemmin ja tukee juuri oikeista kohdista. S\u00e4ngyn viimeistelee muotoutuva Exlusive- petauspatja, jossa on 7 cm paksu visco-t\u00e4yte.<\/p>\n<p>Eden 7 -Jenkkis\u00e4ngylle valmistaja Hilding Anders antaa 10-vuoden painumattomuustakuun. Allergia-, iho- ja astmaliitto ry:n hyv\u00e4ksym\u00e4 tuote.<\/p>\n<p>Valittavana kaksi eri j\u00e4ykkyytt\u00e4, my\u00f6t\u00e4ilev\u00e4n pehme\u00e4 ja j\u00e4m\u00e4kk\u00e4. Jenkkis\u00e4ngyn voi my\u00f6s valita niin, ett\u00e4 toinen puoli my\u00f6t\u00e4ilev\u00e4 ja toinen puoli j\u00e4m\u00e4kk\u00e4. My\u00f6t\u00e4ilev\u00e4: Sopii hyvin 50-85 kg painoiselle nukkujalle, joka nukkuu enimm\u00e4kseen kylkiasennossa, tai muuten vain pehme\u00e4st\u00e4 patjasta tykk\u00e4\u00e4v\u00e4lle. J\u00e4m\u00e4kk\u00e4: Sopii hyvin 80 kilosta yl\u00f6sp\u00e4in tai kovan patjan yst\u00e4v\u00e4lle, joka nukkuu enimm\u00e4kseen sel\u00e4ll\u00e4\u00e4n tai vatsallaan.<\/p>\n<p>EDEN 7 -patjoissa ylempi kerros on l\u00e4mp\u00f6\u00f6n reagoivaa korkealaatuista ja kest\u00e4v\u00e4\u00e4 pienisoluista viskoosimateriaalia joka palautuu muotoonsa noustuasi patjalta. Viskoelastisen kerroksen alla on paksu erikoisvaahtomuovi.<\/p>\n<h3>Tuotetiedot:<\/h3>\n<p>Tukeva massiivipuurunko, 20-vuoden runkotakuulla.<br \/>\nverhoiluvaihtoehdot: sininen, vihre\u00e4, tummanharmaa tai vaaleanharmaa.<br \/>\nVerhoiltu tyylikk\u00e4\u00e4ll\u00e4 huonekalukankaalla.<br \/>\nPatjassa hyvin ergonominen kerrostettu viskovaahto rakenne, 10-vuoden painumattomuustakuulla.<br \/>\nExlusive- petauspatjassa hyvin my\u00f6t\u00e4ilev\u00e4 profiloitu viskovaahto.<br \/>\nViona 14 cm korkeat tammijalat, joiden v\u00e4rivaihtoehdot ovat tammi lv tai hiilenmusta.<br \/>\nTuotteella on Allergia-, iho- ja astmaliiton tunnus.<br \/>\nTakuu: My\u00f6nn\u00e4mme EDEN 7 -patjojen pehmustemateriaalille 10 vuoden painumattomuustakuun. Takuu kattaa virheet ja muutokset jotka ovat aiheuttaneet materiaaliin yli 2cm:n pysyvi\u00e4 n\u00e4kyvi\u00e4 painaumia. Takuu ei koske sijauspatjaa.<\/p>\n<p>Toimitusaika on n. 3 viikkoa tilauksesta.<\/p>\n","protected":false},"excerpt":{"rendered":"<p>Valitse malli ja v\u00e4ri alta!<\/p>\n","protected":false},"featured_media":27709,"comment_status":"closed","ping_status":"closed","template":"","meta":{"_acf_changed":false,"jetpack_post_was_ever_published":false,"jetpack_publicize_message":"","jetpack_publicize_feature_enabled":true,"jetpack_social_post_already_shared":true,"jetpack_social_options":{"image_generator_settings":{"template":"highway","default_image_id":0,"font":"","enabled":false},"version":2}},"product_brand":[203],"product_cat":[198,316],"product_tag":[],"class_list":{"0":"post-19559","1":"product","2":"type-product","3":"status-publish","4":"has-post-thumbnail","6":"product_brand-hilding","7":"product_cat-patjat-ja-sangyt","8":"product_cat-jenkkisanky","9":"product_shipping_class-161","10":"pa_malli-jamakka","11":"pa_malli-jamakka-myotaileva","12":"pa_malli-myotaileva","13":"pa_vari-antrasiitti","14":"pa_vari-graniitti","15":"pa_vari-hiekka","17":"first","18":"instock","19":"purchasable","20":"product-type-variable","21":"has-default-attributes"},"acf":[],"jetpack_publicize_connections":[],"jetpack_sharing_enabled":true,"jetpack-related-posts":[{"id":10396,"url":"https:\/\/pohjanmaantehtaanmyymala.fi\/en\/tuote\/aina-jenkkisanky-160x200-cm\/","url_meta":{"origin":19559,"position":0},"title":"EDEN 7 ergo jenkkis\u00e4nky 160&#215;200 cm petauspatjalla","author":"petri","date":"September 14, 2019","format":false,"excerpt":"Valitse malli ja v\u00e4ri alta!","rel":"","context":"Similar post","block_context":{"text":"Similar post","link":""},"img":{"alt_text":"Eden 7 muotoutuva jenkkis\u00e4nky Exclusive-petauspatjalla 160 x200 cm","src":"https:\/\/i0.wp.com\/pohjanmaantehtaanmyymala.fi\/wp-content\/uploads\/2019\/09\/Eden_7_muotoutuva_jenkki_160-e1761580749693.jpg?fit=1000%2C770&ssl=1&resize=350%2C200","width":350,"height":200,"srcset":"https:\/\/i0.wp.com\/pohjanmaantehtaanmyymala.fi\/wp-content\/uploads\/2019\/09\/Eden_7_muotoutuva_jenkki_160-e1761580749693.jpg?fit=1000%2C770&ssl=1&resize=350%2C200 1x, https:\/\/i0.wp.com\/pohjanmaantehtaanmyymala.fi\/wp-content\/uploads\/2019\/09\/Eden_7_muotoutuva_jenkki_160-e1761580749693.jpg?fit=1000%2C770&ssl=1&resize=525%2C300 1.5x, https:\/\/i0.wp.com\/pohjanmaantehtaanmyymala.fi\/wp-content\/uploads\/2019\/09\/Eden_7_muotoutuva_jenkki_160-e1761580749693.jpg?fit=1000%2C770&ssl=1&resize=700%2C400 2x"},"classes":[]},{"id":10393,"url":"https:\/\/pohjanmaantehtaanmyymala.fi\/en\/tuote\/aina-runkopatja-80x200-cm-petari-ei-sis-hintaan\/","url_meta":{"origin":19559,"position":1},"title":"EDEN 7 ergo -runkopatja 80&#215;200 cm petauspatjalla","author":"petri","date":"September 14, 2019","format":false,"excerpt":"Pintapaineita ehk\u00e4isev\u00e4, kehon l\u00e4mp\u00f6\u00f6n ja painoon reakoiva s\u00e4nky. Kaksi eri j\u00e4ykkyyt\u00e4 ja viisi eri v\u00e4ri\u00e4.","rel":"","context":"Similar post","block_context":{"text":"Similar post","link":""},"img":{"alt_text":"Eden 7 runkopatja 80x200 cm petauspatjalla grafiitti runko ja tammiset jalat","src":"https:\/\/i0.wp.com\/pohjanmaantehtaanmyymala.fi\/wp-content\/uploads\/2019\/09\/Hilding-Ergo_eden_7_muotoutuva_runko_80.jpg?fit=1200%2C1039&ssl=1&resize=350%2C200","width":350,"height":200,"srcset":"https:\/\/i0.wp.com\/pohjanmaantehtaanmyymala.fi\/wp-content\/uploads\/2019\/09\/Hilding-Ergo_eden_7_muotoutuva_runko_80.jpg?fit=1200%2C1039&ssl=1&resize=350%2C200 1x, https:\/\/i0.wp.com\/pohjanmaantehtaanmyymala.fi\/wp-content\/uploads\/2019\/09\/Hilding-Ergo_eden_7_muotoutuva_runko_80.jpg?fit=1200%2C1039&ssl=1&resize=525%2C300 1.5x, https:\/\/i0.wp.com\/pohjanmaantehtaanmyymala.fi\/wp-content\/uploads\/2019\/09\/Hilding-Ergo_eden_7_muotoutuva_runko_80.jpg?fit=1200%2C1039&ssl=1&resize=700%2C400 2x, https:\/\/i0.wp.com\/pohjanmaantehtaanmyymala.fi\/wp-content\/uploads\/2019\/09\/Hilding-Ergo_eden_7_muotoutuva_runko_80.jpg?fit=1200%2C1039&ssl=1&resize=1050%2C600 3x"},"classes":[]},{"id":10395,"url":"https:\/\/pohjanmaantehtaanmyymala.fi\/en\/tuote\/aina-runkopatja-90x200-cm-petari-ei-sis-hintaan\/","url_meta":{"origin":19559,"position":2},"title":"EDEN 7 ergo -runkopatja 90&#215;200 cm petauspatjalla","author":"petri","date":"September 14, 2019","format":false,"excerpt":"Pintapaineita ehk\u00e4isev\u00e4, kehon l\u00e4mp\u00f6\u00f6n ja painoon reakoiva s\u00e4nky, valitse 2 eri j\u00e4ykkyyt\u00e4 3 eri\u00a0 runkov\u00e4ri\u00e4.","rel":"","context":"Similar post","block_context":{"text":"Similar post","link":""},"img":{"alt_text":"Eden 7 runkopatja petauspatjalla grafiitti runko ja tammiset jalat","src":"https:\/\/i0.wp.com\/pohjanmaantehtaanmyymala.fi\/wp-content\/uploads\/2019\/09\/Hilding-Ergo_eden_7_muotoutuva_runko.jpg?fit=1200%2C1039&ssl=1&resize=350%2C200","width":350,"height":200,"srcset":"https:\/\/i0.wp.com\/pohjanmaantehtaanmyymala.fi\/wp-content\/uploads\/2019\/09\/Hilding-Ergo_eden_7_muotoutuva_runko.jpg?fit=1200%2C1039&ssl=1&resize=350%2C200 1x, https:\/\/i0.wp.com\/pohjanmaantehtaanmyymala.fi\/wp-content\/uploads\/2019\/09\/Hilding-Ergo_eden_7_muotoutuva_runko.jpg?fit=1200%2C1039&ssl=1&resize=525%2C300 1.5x, https:\/\/i0.wp.com\/pohjanmaantehtaanmyymala.fi\/wp-content\/uploads\/2019\/09\/Hilding-Ergo_eden_7_muotoutuva_runko.jpg?fit=1200%2C1039&ssl=1&resize=700%2C400 2x, https:\/\/i0.wp.com\/pohjanmaantehtaanmyymala.fi\/wp-content\/uploads\/2019\/09\/Hilding-Ergo_eden_7_muotoutuva_runko.jpg?fit=1200%2C1039&ssl=1&resize=1050%2C600 3x"},"classes":[]},{"id":10401,"url":"https:\/\/pohjanmaantehtaanmyymala.fi\/en\/tuote\/aina-viskoelastinen-runkopatjasetti-160-cm-levea\/","url_meta":{"origin":19559,"position":3},"title":"EDEN 7 ergo runkopatjasetti 160&#215;200 cm","author":"petri","date":"September 14, 2019","format":false,"excerpt":"T\u00e4ysin jouseton Eden 7 ergo -runkos\u00e4nky l\u00e4mm\u00f6n ja nukkujan painon mukaan muotoutuvalla viskovaahtomuovi -rakenteella. T\u00e4m\u00e4 ergonominen s\u00e4nkysetti sis\u00e4lt\u00e4\u00e4 160 cm leve\u00e4n Ecxlusive-petauspatjan kaksi 80 cm leve\u00e4\u00e4 runkopatjaa ja jalat. Eden 7 -runkopatjoissa ylempi kerros on l\u00e4mp\u00f6\u00f6n reagoivaa korkealaatuista ja kest\u00e4v\u00e4\u00e4 pienisoluista viskoosimateriaalia joka palautuu muotoonsa noustuasi patjalta. Viskoelastisen kerroksen alla\u2026","rel":"","context":"Similar post","block_context":{"text":"Similar post","link":""},"img":{"alt_text":"Eden 7 muotoutuva runkos\u00e4nkykokonaisuus Exclusive-petauspatjalla 160 x200 cm","src":"https:\/\/i0.wp.com\/pohjanmaantehtaanmyymala.fi\/wp-content\/uploads\/2019\/09\/Hilding-Ergo_eden_7_muotoutuva_runkopatjasetti.jpg?fit=1200%2C914&ssl=1&resize=350%2C200","width":350,"height":200,"srcset":"https:\/\/i0.wp.com\/pohjanmaantehtaanmyymala.fi\/wp-content\/uploads\/2019\/09\/Hilding-Ergo_eden_7_muotoutuva_runkopatjasetti.jpg?fit=1200%2C914&ssl=1&resize=350%2C200 1x, https:\/\/i0.wp.com\/pohjanmaantehtaanmyymala.fi\/wp-content\/uploads\/2019\/09\/Hilding-Ergo_eden_7_muotoutuva_runkopatjasetti.jpg?fit=1200%2C914&ssl=1&resize=525%2C300 1.5x, https:\/\/i0.wp.com\/pohjanmaantehtaanmyymala.fi\/wp-content\/uploads\/2019\/09\/Hilding-Ergo_eden_7_muotoutuva_runkopatjasetti.jpg?fit=1200%2C914&ssl=1&resize=700%2C400 2x, https:\/\/i0.wp.com\/pohjanmaantehtaanmyymala.fi\/wp-content\/uploads\/2019\/09\/Hilding-Ergo_eden_7_muotoutuva_runkopatjasetti.jpg?fit=1200%2C914&ssl=1&resize=1050%2C600 3x"},"classes":[]},{"id":10398,"url":"https:\/\/pohjanmaantehtaanmyymala.fi\/en\/tuote\/eden7-viskoelastinen-patja-80-cm-levea\/","url_meta":{"origin":19559,"position":4},"title":"EDEN 7 muotoutuva patja 200&#215;80 cm","author":"petri","date":"September 14, 2019","format":false,"excerpt":"T\u00e4ysin jouseton 80 cm leve\u00e4 Eden 7 -patja muotoutuvalla viskovaahto rakenteella. EDEN 7 -patjoissa ylempi kerros on l\u00e4mp\u00f6\u00f6n reagoivaa korkealaatuista ja kest\u00e4v\u00e4\u00e4 pienisoluista viskoosimateriaalia joka palautuu muotoonsa noustuasi patjalta. Viskoelastisen kerroksen alla on paksu erikoisvaahtomuovi. Patjoja on saatavana sek\u00e4 j\u00e4m\u00e4kk\u00e4n\u00e4 ett\u00e4 my\u00f6t\u00e4ilev\u00e4n\u00e4. Suosittelemme j\u00e4m\u00e4k\u00e4mpi\u00e4 malleja erityisesti painavimmille nukkujille. Vuode viimeistell\u00e4\u00e4n\u2026","rel":"","context":"Similar post","block_context":{"text":"Similar post","link":""},"img":{"alt_text":"Eden patja","src":"https:\/\/i0.wp.com\/pohjanmaantehtaanmyymala.fi\/wp-content\/uploads\/2019\/09\/Eden6jp1500.jpg?fit=1200%2C1200&ssl=1&resize=350%2C200","width":350,"height":200,"srcset":"https:\/\/i0.wp.com\/pohjanmaantehtaanmyymala.fi\/wp-content\/uploads\/2019\/09\/Eden6jp1500.jpg?fit=1200%2C1200&ssl=1&resize=350%2C200 1x, https:\/\/i0.wp.com\/pohjanmaantehtaanmyymala.fi\/wp-content\/uploads\/2019\/09\/Eden6jp1500.jpg?fit=1200%2C1200&ssl=1&resize=525%2C300 1.5x, https:\/\/i0.wp.com\/pohjanmaantehtaanmyymala.fi\/wp-content\/uploads\/2019\/09\/Eden6jp1500.jpg?fit=1200%2C1200&ssl=1&resize=700%2C400 2x, https:\/\/i0.wp.com\/pohjanmaantehtaanmyymala.fi\/wp-content\/uploads\/2019\/09\/Eden6jp1500.jpg?fit=1200%2C1200&ssl=1&resize=1050%2C600 3x"},"classes":[]},{"id":10400,"url":"https:\/\/pohjanmaantehtaanmyymala.fi\/en\/tuote\/eden7-viskoelastinen-patja-90cm-levea\/","url_meta":{"origin":19559,"position":5},"title":"EDEN 7 muotoutuva patja 200&#215;90 cm","author":"petri","date":"September 14, 2019","format":false,"excerpt":"T\u00e4ysin jouseton Eden 7 -patja muotoutuvalla viskovaahto rakenteella. EDEN 7 -patjoissa ylempi kerros on l\u00e4mp\u00f6\u00f6n reagoivaa korkealaatuista ja kest\u00e4v\u00e4\u00e4 pienisoluista viskoosimateriaalia joka palautuu muotoonsa noustuasi patjalta. Viskoelastisen kerroksen alla on paksu erikoisvaahtomuovi. Patjoja on saatavana sek\u00e4 j\u00e4m\u00e4kk\u00e4n\u00e4 ett\u00e4 my\u00f6t\u00e4ilev\u00e4n\u00e4. Suosittelemme j\u00e4m\u00e4k\u00e4mpi\u00e4 malleja erityisesti painavimmille nukkujille. Vuode viimeistell\u00e4\u00e4n profiloidulla ja my\u00f6t\u00e4ilev\u00e4ll\u00e4\u2026","rel":"","context":"Similar post","block_context":{"text":"Similar post","link":""},"img":{"alt_text":"Eden7 patjan l\u00e4pileikkauskuva rakenne","src":"https:\/\/i0.wp.com\/pohjanmaantehtaanmyymala.fi\/wp-content\/uploads\/2019\/09\/Eden7-patja-leikkauskuva.jpg?fit=1200%2C849&ssl=1&resize=350%2C200","width":350,"height":200,"srcset":"https:\/\/i0.wp.com\/pohjanmaantehtaanmyymala.fi\/wp-content\/uploads\/2019\/09\/Eden7-patja-leikkauskuva.jpg?fit=1200%2C849&ssl=1&resize=350%2C200 1x, https:\/\/i0.wp.com\/pohjanmaantehtaanmyymala.fi\/wp-content\/uploads\/2019\/09\/Eden7-patja-leikkauskuva.jpg?fit=1200%2C849&ssl=1&resize=525%2C300 1.5x, https:\/\/i0.wp.com\/pohjanmaantehtaanmyymala.fi\/wp-content\/uploads\/2019\/09\/Eden7-patja-leikkauskuva.jpg?fit=1200%2C849&ssl=1&resize=700%2C400 2x, https:\/\/i0.wp.com\/pohjanmaantehtaanmyymala.fi\/wp-content\/uploads\/2019\/09\/Eden7-patja-leikkauskuva.jpg?fit=1200%2C849&ssl=1&resize=1050%2C600 3x"},"classes":[]}],"_links":{"self":[{"href":"https:\/\/pohjanmaantehtaanmyymala.fi\/en\/wp-json\/wp\/v2\/product\/19559","targetHints":{"allow":["GET"]}}],"collection":[{"href":"https:\/\/pohjanmaantehtaanmyymala.fi\/en\/wp-json\/wp\/v2\/product"}],"about":[{"href":"https:\/\/pohjanmaantehtaanmyymala.fi\/en\/wp-json\/wp\/v2\/types\/product"}],"replies":[{"embeddable":true,"href":"https:\/\/pohjanmaantehtaanmyymala.fi\/en\/wp-json\/wp\/v2\/comments?post=19559"}],"wp:featuredmedia":[{"embeddable":true,"href":"https:\/\/pohjanmaantehtaanmyymala.fi\/en\/wp-json\/wp\/v2\/media\/27709"}],"wp:attachment":[{"href":"https:\/\/pohjanmaantehtaanmyymala.fi\/en\/wp-json\/wp\/v2\/media?parent=19559"}],"wp:term":[{"taxonomy":"product_brand","embeddable":true,"href":"https:\/\/pohjanmaantehtaanmyymala.fi\/en\/wp-json\/wp\/v2\/product_brand?post=19559"},{"taxonomy":"product_cat","embeddable":true,"href":"https:\/\/pohjanmaantehtaanmyymala.fi\/en\/wp-json\/wp\/v2\/product_cat?post=19559"},{"taxonomy":"product_tag","embeddable":true,"href":"https:\/\/pohjanmaantehtaanmyymala.fi\/en\/wp-json\/wp\/v2\/product_tag?post=19559"}],"curies":[{"name":"wp","href":"https:\/\/api.w.org\/{rel}","templated":true}]}}