{"id":19520,"date":"2022-01-13T21:52:44","date_gmt":"2022-01-13T19:52:44","guid":{"rendered":"https:\/\/pohjanmaantehtaanmyymala.fi\/?post_type=product&#038;p=19520"},"modified":"2022-06-01T20:38:08","modified_gmt":"2022-06-01T18:38:08","slug":"vilja-taso-ovilla-100-cm-valkoinen","status":"publish","type":"product","link":"https:\/\/pohjanmaantehtaanmyymala.fi\/en\/tuote\/vilja-taso-ovilla-100-cm-valkoinen\/","title":{"rendered":"Vilja taso ovilla, 100 cm, valkoinen"},"content":{"rendered":"<p>Hiipakan valmistama Vilja-taso on tyylik\u00e4s valinta vaikka tv-tasoksi. Vilja-tason etusarjojen n\u00e4ytt\u00e4v\u00e4t kuvioinnit antavat sille personoidun ulkon\u00e4\u00f6n sek\u00e4 korkeat jalat tekev\u00e4t siit\u00e4 kevyenn\u00e4k\u00f6isen. Vilja-tasoa on saatavana valkoisena ja mustana. Tason ovissa on helppok\u00e4ytt\u00f6iset push to open-mekanismit; oven saa avattua painamalla ovea sis\u00e4\u00e4np\u00e4in. Vilja-tason oven takana oleva tila on jaettu v\u00e4lihyllyll\u00e4.<\/p>\n<p>Huomioitavaa, ett\u00e4 mustat Vilja-kalusteet ovat maalattu kauttaaltaan struktuurimaalilla, joka v\u00e4hent\u00e4\u00e4 huomattavasti esimerkiksi sormenj\u00e4lkien n\u00e4kyvyytt\u00e4 pinnoilla.<\/p>\n<p>Vilja-sarjasta on saatavilla useita muitakin s\u00e4ilytyskalusteita, kysy lis\u00e4\u00e4 <a href=\"https:\/\/pohjanmaantehtaanmyymala.fi\/yhteys\/\">myynnist\u00e4mme!<\/a><\/p>\n<h3>Tuotetiedot:<\/h3>\n<p>Mitat:<br \/>\nL 100 cm<br \/>\nK 62 cm<br \/>\nS 40 cm<\/p>\n<p>Runko: MCF-kalustelevy.<br \/>\nEtusarjat: MDF-kalustelevy.<br \/>\nVetimett\u00f6miss\u00e4 laatikoissa kest\u00e4v\u00e4t push-to-open mekanismit.<br \/>\nJalat: massiivipuuta, korkeus 18 cm<\/p>\n<p>Kotisi turvallisuuden vuoksi, yli 50 cm korkea huonekalu tulee kiinnitt\u00e4\u00e4 sein\u00e4\u00e4n tuotteen mukana tulevalla nauhalla, joka est\u00e4\u00e4 tuotteen kaatumisen.<\/p>\n<p>Toimitetaan valmiiksi kasattuna, vain jalat ovat irrallaan.<\/p>\n<p>Tuote on valmistettu Suomessa.<\/p>\n","protected":false},"excerpt":{"rendered":"<p>Hiipakan valmistama Vilja-taso on tyylik\u00e4s valinta vaikka tv-tasoksi. Vilja-tason etusarjojen n\u00e4ytt\u00e4v\u00e4t kuvioinnit antavat sille personoidun ulkon\u00e4\u00f6n sek\u00e4 korkeat jalat tekev\u00e4t siit\u00e4 kevyenn\u00e4k\u00f6isen. Vilja-tasoa on saatavana valkoisena ja mustana. Tason ovissa on helppok\u00e4ytt\u00f6iset push to open-mekanismit; oven saa avattua painamalla ovea sis\u00e4\u00e4np\u00e4in. Vilja-tason oven takana oleva tila on jaettu v\u00e4lihyllyll\u00e4. Huomioitavaa, ett\u00e4 mustat Vilja-kalusteet ovat maalattu [&hellip;]<\/p>\n","protected":false},"featured_media":19476,"comment_status":"closed","ping_status":"closed","template":"","meta":{"_acf_changed":false,"jetpack_post_was_ever_published":false,"jetpack_publicize_message":"","jetpack_publicize_feature_enabled":true,"jetpack_social_post_already_shared":true,"jetpack_social_options":{"image_generator_settings":{"template":"highway","default_image_id":0,"font":"","enabled":false},"version":2}},"product_brand":[172],"product_cat":[196,370],"product_tag":[],"class_list":{"0":"post-19520","1":"product","2":"type-product","3":"status-publish","4":"has-post-thumbnail","6":"product_brand-hiipakka","7":"product_cat-sailytyskalusteet-ja-tv-tasot","8":"product_cat-hiikappa-vilja","9":"product_shipping_class-161","10":"pa_vari-musta","11":"pa_vari-valkoinen","13":"first","14":"instock","15":"sale","16":"purchasable","17":"product-type-simple"},"acf":[],"jetpack_publicize_connections":[],"jetpack_sharing_enabled":true,"jetpack-related-posts":[{"id":19470,"url":"https:\/\/pohjanmaantehtaanmyymala.fi\/en\/tuote\/vilja-taso-ovilla-100-cm\/","url_meta":{"origin":19520,"position":0},"title":"Vilja taso ovilla, 100 cm, musta","author":"Sami Viitala","date":"January 13, 2022","format":false,"excerpt":"Hiipakan valmistama Vilja-taso on tyylik\u00e4s valinta vaikka tv-tasoksi. Vilja-tason etusarjojen n\u00e4ytt\u00e4v\u00e4t kuvioinnit antavat sille personoidun ulkon\u00e4\u00f6n sek\u00e4 korkeat jalat tekev\u00e4t siit\u00e4 kevyenn\u00e4k\u00f6isen. Vilja-tasoa on saatavana valkoisena ja mustana. Tason ovissa on helppok\u00e4ytt\u00f6iset push to open-mekanismit; oven saa avattua painamalla ovea sis\u00e4\u00e4np\u00e4in. Vilja-tason oven takana oleva tila on jaettu v\u00e4lihyllyll\u00e4. Huomioitavaa,\u2026","rel":"","context":"Similar post","block_context":{"text":"Similar post","link":""},"img":{"alt_text":"Hiipakka Vilja 100 cm leve\u00e4 taso ovilla musta","src":"https:\/\/i0.wp.com\/pohjanmaantehtaanmyymala.fi\/wp-content\/uploads\/2022\/01\/Hiipakka_Vilja_tv-taso_26.jpg?fit=960%2C960&ssl=1&resize=350%2C200","width":350,"height":200,"srcset":"https:\/\/i0.wp.com\/pohjanmaantehtaanmyymala.fi\/wp-content\/uploads\/2022\/01\/Hiipakka_Vilja_tv-taso_26.jpg?fit=960%2C960&ssl=1&resize=350%2C200 1x, https:\/\/i0.wp.com\/pohjanmaantehtaanmyymala.fi\/wp-content\/uploads\/2022\/01\/Hiipakka_Vilja_tv-taso_26.jpg?fit=960%2C960&ssl=1&resize=525%2C300 1.5x, https:\/\/i0.wp.com\/pohjanmaantehtaanmyymala.fi\/wp-content\/uploads\/2022\/01\/Hiipakka_Vilja_tv-taso_26.jpg?fit=960%2C960&ssl=1&resize=700%2C400 2x"},"classes":[]},{"id":19517,"url":"https:\/\/pohjanmaantehtaanmyymala.fi\/en\/tuote\/vilja-taso-ovilla-150-cm-valkoinen\/","url_meta":{"origin":19520,"position":1},"title":"Vilja taso ovilla, 150 cm, valkoinen","author":"Sami Viitala","date":"January 13, 2022","format":false,"excerpt":"Kotimainen Hiipakan valmistama taso.","rel":"","context":"Similar post","block_context":{"text":"Similar post","link":""},"img":{"alt_text":"Vilja taso 3 ovella 150 cm leve\u00e4 valkoinen","src":"https:\/\/i0.wp.com\/pohjanmaantehtaanmyymala.fi\/wp-content\/uploads\/2021\/12\/vlija_taso-3ovea_valkoinen.jpg?fit=960%2C960&ssl=1&resize=350%2C200","width":350,"height":200,"srcset":"https:\/\/i0.wp.com\/pohjanmaantehtaanmyymala.fi\/wp-content\/uploads\/2021\/12\/vlija_taso-3ovea_valkoinen.jpg?fit=960%2C960&ssl=1&resize=350%2C200 1x, https:\/\/i0.wp.com\/pohjanmaantehtaanmyymala.fi\/wp-content\/uploads\/2021\/12\/vlija_taso-3ovea_valkoinen.jpg?fit=960%2C960&ssl=1&resize=525%2C300 1.5x, https:\/\/i0.wp.com\/pohjanmaantehtaanmyymala.fi\/wp-content\/uploads\/2021\/12\/vlija_taso-3ovea_valkoinen.jpg?fit=960%2C960&ssl=1&resize=700%2C400 2x"},"classes":[]},{"id":19373,"url":"https:\/\/pohjanmaantehtaanmyymala.fi\/en\/tuote\/vilja-tv-taso-ovilla-l-150-cm\/","url_meta":{"origin":19520,"position":2},"title":"Vilja taso ovilla, 150 cm, musta","author":"Sami Viitala","date":"December 14, 2021","format":false,"excerpt":"Kotimainen Hiipakan valmistama mediataso.","rel":"","context":"Similar post","block_context":{"text":"Similar post","link":""},"img":{"alt_text":"Vilja taso 3 ovella 150 cm leve\u00e4 musta","src":"https:\/\/i0.wp.com\/pohjanmaantehtaanmyymala.fi\/wp-content\/uploads\/2021\/12\/Hiipakka_Vilja_tv-taso_musta_51.jpg?fit=960%2C960&ssl=1&resize=350%2C200","width":350,"height":200,"srcset":"https:\/\/i0.wp.com\/pohjanmaantehtaanmyymala.fi\/wp-content\/uploads\/2021\/12\/Hiipakka_Vilja_tv-taso_musta_51.jpg?fit=960%2C960&ssl=1&resize=350%2C200 1x, https:\/\/i0.wp.com\/pohjanmaantehtaanmyymala.fi\/wp-content\/uploads\/2021\/12\/Hiipakka_Vilja_tv-taso_musta_51.jpg?fit=960%2C960&ssl=1&resize=525%2C300 1.5x, https:\/\/i0.wp.com\/pohjanmaantehtaanmyymala.fi\/wp-content\/uploads\/2021\/12\/Hiipakka_Vilja_tv-taso_musta_51.jpg?fit=960%2C960&ssl=1&resize=700%2C400 2x"},"classes":[]},{"id":19481,"url":"https:\/\/pohjanmaantehtaanmyymala.fi\/en\/tuote\/vilja-tv-taso-ovilla-200-cm\/","url_meta":{"origin":19520,"position":3},"title":"Vilja tv-taso ovilla, 200 cm, musta","author":"Sami Viitala","date":"January 13, 2022","format":false,"excerpt":"Leve\u00e4 mediataso Hiipakan Tehtailta.","rel":"","context":"Similar post","block_context":{"text":"Similar post","link":""},"img":{"alt_text":"Hiipakka Vilja tv-taso ovilla 200 cm leve\u00e4 musta","src":"https:\/\/i0.wp.com\/pohjanmaantehtaanmyymala.fi\/wp-content\/uploads\/2022\/01\/vlija_taso_4ovea_musta.jpg?fit=960%2C960&ssl=1&resize=350%2C200","width":350,"height":200,"srcset":"https:\/\/i0.wp.com\/pohjanmaantehtaanmyymala.fi\/wp-content\/uploads\/2022\/01\/vlija_taso_4ovea_musta.jpg?fit=960%2C960&ssl=1&resize=350%2C200 1x, https:\/\/i0.wp.com\/pohjanmaantehtaanmyymala.fi\/wp-content\/uploads\/2022\/01\/vlija_taso_4ovea_musta.jpg?fit=960%2C960&ssl=1&resize=525%2C300 1.5x, https:\/\/i0.wp.com\/pohjanmaantehtaanmyymala.fi\/wp-content\/uploads\/2022\/01\/vlija_taso_4ovea_musta.jpg?fit=960%2C960&ssl=1&resize=700%2C400 2x"},"classes":[]},{"id":19523,"url":"https:\/\/pohjanmaantehtaanmyymala.fi\/en\/tuote\/vilja-tv-taso-ovilla-200-cm-valkoinen\/","url_meta":{"origin":19520,"position":4},"title":"Vilja tv-taso ovilla, 200 cm, valkoinen","author":"Sami Viitala","date":"January 13, 2022","format":false,"excerpt":"Leve\u00e4 mediataso Hiipakan Tehtailta.","rel":"","context":"Similar post","block_context":{"text":"Similar post","link":""},"img":{"alt_text":"Hiipakka Vilja tv-taso ovilla 200 cm leve\u00e4 valkoinen","src":"https:\/\/i0.wp.com\/pohjanmaantehtaanmyymala.fi\/wp-content\/uploads\/2022\/01\/vlija_taso_4ovea_valkoinen.jpg?fit=960%2C960&ssl=1&resize=350%2C200","width":350,"height":200,"srcset":"https:\/\/i0.wp.com\/pohjanmaantehtaanmyymala.fi\/wp-content\/uploads\/2022\/01\/vlija_taso_4ovea_valkoinen.jpg?fit=960%2C960&ssl=1&resize=350%2C200 1x, https:\/\/i0.wp.com\/pohjanmaantehtaanmyymala.fi\/wp-content\/uploads\/2022\/01\/vlija_taso_4ovea_valkoinen.jpg?fit=960%2C960&ssl=1&resize=525%2C300 1.5x, https:\/\/i0.wp.com\/pohjanmaantehtaanmyymala.fi\/wp-content\/uploads\/2022\/01\/vlija_taso_4ovea_valkoinen.jpg?fit=960%2C960&ssl=1&resize=700%2C400 2x"},"classes":[]},{"id":19500,"url":"https:\/\/pohjanmaantehtaanmyymala.fi\/en\/tuote\/vilja-tv-taso-laatikoilla-ja-ovilla-150-cm\/","url_meta":{"origin":19520,"position":5},"title":"Vilja tv-taso laatikoilla ja ovilla, 150 cm, musta","author":"Sami Viitala","date":"January 13, 2022","format":false,"excerpt":"Musta tv-taso Hiipakan Vilja-kalustesarjasta.","rel":"","context":"Similar post","block_context":{"text":"Similar post","link":""},"img":{"alt_text":"Vilja taso laatikoilla ja 2 ovella 150 cm leve\u00e4 musta","src":"https:\/\/i0.wp.com\/pohjanmaantehtaanmyymala.fi\/wp-content\/uploads\/2022\/01\/vlija_taso_laatikotjaovet_musta.jpg?fit=960%2C960&ssl=1&resize=350%2C200","width":350,"height":200,"srcset":"https:\/\/i0.wp.com\/pohjanmaantehtaanmyymala.fi\/wp-content\/uploads\/2022\/01\/vlija_taso_laatikotjaovet_musta.jpg?fit=960%2C960&ssl=1&resize=350%2C200 1x, https:\/\/i0.wp.com\/pohjanmaantehtaanmyymala.fi\/wp-content\/uploads\/2022\/01\/vlija_taso_laatikotjaovet_musta.jpg?fit=960%2C960&ssl=1&resize=525%2C300 1.5x, https:\/\/i0.wp.com\/pohjanmaantehtaanmyymala.fi\/wp-content\/uploads\/2022\/01\/vlija_taso_laatikotjaovet_musta.jpg?fit=960%2C960&ssl=1&resize=700%2C400 2x"},"classes":[]}],"_links":{"self":[{"href":"https:\/\/pohjanmaantehtaanmyymala.fi\/en\/wp-json\/wp\/v2\/product\/19520","targetHints":{"allow":["GET"]}}],"collection":[{"href":"https:\/\/pohjanmaantehtaanmyymala.fi\/en\/wp-json\/wp\/v2\/product"}],"about":[{"href":"https:\/\/pohjanmaantehtaanmyymala.fi\/en\/wp-json\/wp\/v2\/types\/product"}],"replies":[{"embeddable":true,"href":"https:\/\/pohjanmaantehtaanmyymala.fi\/en\/wp-json\/wp\/v2\/comments?post=19520"}],"wp:featuredmedia":[{"embeddable":true,"href":"https:\/\/pohjanmaantehtaanmyymala.fi\/en\/wp-json\/wp\/v2\/media\/19476"}],"wp:attachment":[{"href":"https:\/\/pohjanmaantehtaanmyymala.fi\/en\/wp-json\/wp\/v2\/media?parent=19520"}],"wp:term":[{"taxonomy":"product_brand","embeddable":true,"href":"https:\/\/pohjanmaantehtaanmyymala.fi\/en\/wp-json\/wp\/v2\/product_brand?post=19520"},{"taxonomy":"product_cat","embeddable":true,"href":"https:\/\/pohjanmaantehtaanmyymala.fi\/en\/wp-json\/wp\/v2\/product_cat?post=19520"},{"taxonomy":"product_tag","embeddable":true,"href":"https:\/\/pohjanmaantehtaanmyymala.fi\/en\/wp-json\/wp\/v2\/product_tag?post=19520"}],"curies":[{"name":"wp","href":"https:\/\/api.w.org\/{rel}","templated":true}]}}