{"id":19373,"date":"2021-12-14T21:13:43","date_gmt":"2021-12-14T19:13:43","guid":{"rendered":"https:\/\/pohjanmaantehtaanmyymala.fi\/?post_type=product&#038;p=19373"},"modified":"2022-09-04T18:33:02","modified_gmt":"2022-09-04T16:33:02","slug":"vilja-tv-taso-ovilla-l-150-cm","status":"publish","type":"product","link":"https:\/\/pohjanmaantehtaanmyymala.fi\/en\/tuote\/vilja-tv-taso-ovilla-l-150-cm\/","title":{"rendered":"Vilja taso ovilla, 150 cm, musta"},"content":{"rendered":"<p>Hiipakan valmistama tilava Vilja-taso, jossa on helppok\u00e4ytt\u00f6iset push-to-open ovet. Vilja-sarjan etusarjojen n\u00e4ytt\u00e4v\u00e4t kuvioinnit antavat sille personoidun ulkon\u00e4\u00f6n sek\u00e4 korkeat jalat tekev\u00e4t Vilja-tasosta kevyenn\u00e4k\u00f6isen. Vilja TV-tasoa on saatavana valkoisena ja mustana.<\/p>\n<p>Vilja-sarjasta on saatavilla useita muitakin s\u00e4ilytyskalusteita, kysy lis\u00e4\u00e4 <a href=\"https:\/\/pohjanmaantehtaanmyymala.fi\/yhteys\/\">myynnist\u00e4mme!<\/a><\/p>\n<h3>Tuotetiedot:<\/h3>\n<p>Runko: MCF-kalustelevy.<br \/>\nEtusarjat: MDF-kalustelevy.<br \/>\nmustaksi tai valkoiseksi maalattu levy.<br \/>\nVetimett\u00f6miss\u00e4 laatikoissa kest\u00e4v\u00e4t push-to-open mekanismit.<br \/>\nJalat: musta tai valkoinen massiivipuu<br \/>\nJalan korkeus 18 cm<\/p>\n<p>Mitat:<br \/>\nL 150 cm<br \/>\nK 62 cm<br \/>\nS 40 cm<\/p>\n<p>Toimitetaan valmiiksi kasattuna, vain jalat ovat irrallaan.<\/p>\n","protected":false},"excerpt":{"rendered":"<p>Kotimainen Hiipakan valmistama mediataso.<\/p>\n","protected":false},"featured_media":19497,"comment_status":"closed","ping_status":"closed","template":"","meta":{"_acf_changed":false,"jetpack_post_was_ever_published":false,"jetpack_publicize_message":"","jetpack_publicize_feature_enabled":true,"jetpack_social_post_already_shared":true,"jetpack_social_options":{"image_generator_settings":{"template":"highway","default_image_id":0,"font":"","enabled":false},"version":2}},"product_brand":[172],"product_cat":[196,370],"product_tag":[],"class_list":{"0":"post-19373","1":"product","2":"type-product","3":"status-publish","4":"has-post-thumbnail","6":"product_brand-hiipakka","7":"product_cat-sailytyskalusteet-ja-tv-tasot","8":"product_cat-hiikappa-vilja","9":"product_shipping_class-161","10":"pa_vari-musta","11":"pa_vari-valkoinen","13":"first","14":"instock","15":"sale","16":"purchasable","17":"product-type-simple"},"acf":[],"jetpack_publicize_connections":[],"jetpack_sharing_enabled":true,"jetpack-related-posts":[{"id":19517,"url":"https:\/\/pohjanmaantehtaanmyymala.fi\/en\/tuote\/vilja-taso-ovilla-150-cm-valkoinen\/","url_meta":{"origin":19373,"position":0},"title":"Vilja taso ovilla, 150 cm, valkoinen","author":"Sami Viitala","date":"January 13, 2022","format":false,"excerpt":"Kotimainen Hiipakan valmistama taso.","rel":"","context":"Similar post","block_context":{"text":"Similar post","link":""},"img":{"alt_text":"Vilja taso 3 ovella 150 cm leve\u00e4 valkoinen","src":"https:\/\/i0.wp.com\/pohjanmaantehtaanmyymala.fi\/wp-content\/uploads\/2021\/12\/vlija_taso-3ovea_valkoinen.jpg?fit=960%2C960&ssl=1&resize=350%2C200","width":350,"height":200,"srcset":"https:\/\/i0.wp.com\/pohjanmaantehtaanmyymala.fi\/wp-content\/uploads\/2021\/12\/vlija_taso-3ovea_valkoinen.jpg?fit=960%2C960&ssl=1&resize=350%2C200 1x, https:\/\/i0.wp.com\/pohjanmaantehtaanmyymala.fi\/wp-content\/uploads\/2021\/12\/vlija_taso-3ovea_valkoinen.jpg?fit=960%2C960&ssl=1&resize=525%2C300 1.5x, https:\/\/i0.wp.com\/pohjanmaantehtaanmyymala.fi\/wp-content\/uploads\/2021\/12\/vlija_taso-3ovea_valkoinen.jpg?fit=960%2C960&ssl=1&resize=700%2C400 2x"},"classes":[]},{"id":19500,"url":"https:\/\/pohjanmaantehtaanmyymala.fi\/en\/tuote\/vilja-tv-taso-laatikoilla-ja-ovilla-150-cm\/","url_meta":{"origin":19373,"position":1},"title":"Vilja tv-taso laatikoilla ja ovilla, 150 cm, musta","author":"Sami Viitala","date":"January 13, 2022","format":false,"excerpt":"Musta tv-taso Hiipakan Vilja-kalustesarjasta.","rel":"","context":"Similar post","block_context":{"text":"Similar post","link":""},"img":{"alt_text":"Vilja taso laatikoilla ja 2 ovella 150 cm leve\u00e4 musta","src":"https:\/\/i0.wp.com\/pohjanmaantehtaanmyymala.fi\/wp-content\/uploads\/2022\/01\/vlija_taso_laatikotjaovet_musta.jpg?fit=960%2C960&ssl=1&resize=350%2C200","width":350,"height":200,"srcset":"https:\/\/i0.wp.com\/pohjanmaantehtaanmyymala.fi\/wp-content\/uploads\/2022\/01\/vlija_taso_laatikotjaovet_musta.jpg?fit=960%2C960&ssl=1&resize=350%2C200 1x, https:\/\/i0.wp.com\/pohjanmaantehtaanmyymala.fi\/wp-content\/uploads\/2022\/01\/vlija_taso_laatikotjaovet_musta.jpg?fit=960%2C960&ssl=1&resize=525%2C300 1.5x, https:\/\/i0.wp.com\/pohjanmaantehtaanmyymala.fi\/wp-content\/uploads\/2022\/01\/vlija_taso_laatikotjaovet_musta.jpg?fit=960%2C960&ssl=1&resize=700%2C400 2x"},"classes":[]},{"id":19513,"url":"https:\/\/pohjanmaantehtaanmyymala.fi\/en\/tuote\/vilja-tv-taso-laatikoilla-ja-ovilla-150-cm-valkoinen\/","url_meta":{"origin":19373,"position":2},"title":"Vilja tv-taso laatikoilla ja ovilla, 150 cm, valkoinen","author":"Sami Viitala","date":"January 13, 2022","format":false,"excerpt":"Tyylik\u00e4s tv-taso Hiipakan Vilja-kalustesarjasta.","rel":"","context":"Similar post","block_context":{"text":"Similar post","link":""},"img":{"alt_text":"Vilja taso laatikoilla ja 2 ovella 150 cm leve\u00e4 valkoinen","src":"https:\/\/i0.wp.com\/pohjanmaantehtaanmyymala.fi\/wp-content\/uploads\/2022\/01\/vlija_taso_laatikotjaovet_valkoinen.jpg?fit=960%2C960&ssl=1&resize=350%2C200","width":350,"height":200,"srcset":"https:\/\/i0.wp.com\/pohjanmaantehtaanmyymala.fi\/wp-content\/uploads\/2022\/01\/vlija_taso_laatikotjaovet_valkoinen.jpg?fit=960%2C960&ssl=1&resize=350%2C200 1x, https:\/\/i0.wp.com\/pohjanmaantehtaanmyymala.fi\/wp-content\/uploads\/2022\/01\/vlija_taso_laatikotjaovet_valkoinen.jpg?fit=960%2C960&ssl=1&resize=525%2C300 1.5x, https:\/\/i0.wp.com\/pohjanmaantehtaanmyymala.fi\/wp-content\/uploads\/2022\/01\/vlija_taso_laatikotjaovet_valkoinen.jpg?fit=960%2C960&ssl=1&resize=700%2C400 2x"},"classes":[]},{"id":19481,"url":"https:\/\/pohjanmaantehtaanmyymala.fi\/en\/tuote\/vilja-tv-taso-ovilla-200-cm\/","url_meta":{"origin":19373,"position":3},"title":"Vilja tv-taso ovilla, 200 cm, musta","author":"Sami Viitala","date":"January 13, 2022","format":false,"excerpt":"Leve\u00e4 mediataso Hiipakan Tehtailta.","rel":"","context":"Similar post","block_context":{"text":"Similar post","link":""},"img":{"alt_text":"Hiipakka Vilja tv-taso ovilla 200 cm leve\u00e4 musta","src":"https:\/\/i0.wp.com\/pohjanmaantehtaanmyymala.fi\/wp-content\/uploads\/2022\/01\/vlija_taso_4ovea_musta.jpg?fit=960%2C960&ssl=1&resize=350%2C200","width":350,"height":200,"srcset":"https:\/\/i0.wp.com\/pohjanmaantehtaanmyymala.fi\/wp-content\/uploads\/2022\/01\/vlija_taso_4ovea_musta.jpg?fit=960%2C960&ssl=1&resize=350%2C200 1x, https:\/\/i0.wp.com\/pohjanmaantehtaanmyymala.fi\/wp-content\/uploads\/2022\/01\/vlija_taso_4ovea_musta.jpg?fit=960%2C960&ssl=1&resize=525%2C300 1.5x, https:\/\/i0.wp.com\/pohjanmaantehtaanmyymala.fi\/wp-content\/uploads\/2022\/01\/vlija_taso_4ovea_musta.jpg?fit=960%2C960&ssl=1&resize=700%2C400 2x"},"classes":[]},{"id":19470,"url":"https:\/\/pohjanmaantehtaanmyymala.fi\/en\/tuote\/vilja-taso-ovilla-100-cm\/","url_meta":{"origin":19373,"position":4},"title":"Vilja taso ovilla, 100 cm, musta","author":"Sami Viitala","date":"January 13, 2022","format":false,"excerpt":"Hiipakan valmistama Vilja-taso on tyylik\u00e4s valinta vaikka tv-tasoksi. Vilja-tason etusarjojen n\u00e4ytt\u00e4v\u00e4t kuvioinnit antavat sille personoidun ulkon\u00e4\u00f6n sek\u00e4 korkeat jalat tekev\u00e4t siit\u00e4 kevyenn\u00e4k\u00f6isen. Vilja-tasoa on saatavana valkoisena ja mustana. Tason ovissa on helppok\u00e4ytt\u00f6iset push to open-mekanismit; oven saa avattua painamalla ovea sis\u00e4\u00e4np\u00e4in. Vilja-tason oven takana oleva tila on jaettu v\u00e4lihyllyll\u00e4. Huomioitavaa,\u2026","rel":"","context":"Similar post","block_context":{"text":"Similar post","link":""},"img":{"alt_text":"Hiipakka Vilja 100 cm leve\u00e4 taso ovilla musta","src":"https:\/\/i0.wp.com\/pohjanmaantehtaanmyymala.fi\/wp-content\/uploads\/2022\/01\/Hiipakka_Vilja_tv-taso_26.jpg?fit=960%2C960&ssl=1&resize=350%2C200","width":350,"height":200,"srcset":"https:\/\/i0.wp.com\/pohjanmaantehtaanmyymala.fi\/wp-content\/uploads\/2022\/01\/Hiipakka_Vilja_tv-taso_26.jpg?fit=960%2C960&ssl=1&resize=350%2C200 1x, https:\/\/i0.wp.com\/pohjanmaantehtaanmyymala.fi\/wp-content\/uploads\/2022\/01\/Hiipakka_Vilja_tv-taso_26.jpg?fit=960%2C960&ssl=1&resize=525%2C300 1.5x, https:\/\/i0.wp.com\/pohjanmaantehtaanmyymala.fi\/wp-content\/uploads\/2022\/01\/Hiipakka_Vilja_tv-taso_26.jpg?fit=960%2C960&ssl=1&resize=700%2C400 2x"},"classes":[]},{"id":19523,"url":"https:\/\/pohjanmaantehtaanmyymala.fi\/en\/tuote\/vilja-tv-taso-ovilla-200-cm-valkoinen\/","url_meta":{"origin":19373,"position":5},"title":"Vilja tv-taso ovilla, 200 cm, valkoinen","author":"Sami Viitala","date":"January 13, 2022","format":false,"excerpt":"Leve\u00e4 mediataso Hiipakan Tehtailta.","rel":"","context":"Similar post","block_context":{"text":"Similar post","link":""},"img":{"alt_text":"Hiipakka Vilja tv-taso ovilla 200 cm leve\u00e4 valkoinen","src":"https:\/\/i0.wp.com\/pohjanmaantehtaanmyymala.fi\/wp-content\/uploads\/2022\/01\/vlija_taso_4ovea_valkoinen.jpg?fit=960%2C960&ssl=1&resize=350%2C200","width":350,"height":200,"srcset":"https:\/\/i0.wp.com\/pohjanmaantehtaanmyymala.fi\/wp-content\/uploads\/2022\/01\/vlija_taso_4ovea_valkoinen.jpg?fit=960%2C960&ssl=1&resize=350%2C200 1x, https:\/\/i0.wp.com\/pohjanmaantehtaanmyymala.fi\/wp-content\/uploads\/2022\/01\/vlija_taso_4ovea_valkoinen.jpg?fit=960%2C960&ssl=1&resize=525%2C300 1.5x, https:\/\/i0.wp.com\/pohjanmaantehtaanmyymala.fi\/wp-content\/uploads\/2022\/01\/vlija_taso_4ovea_valkoinen.jpg?fit=960%2C960&ssl=1&resize=700%2C400 2x"},"classes":[]}],"_links":{"self":[{"href":"https:\/\/pohjanmaantehtaanmyymala.fi\/en\/wp-json\/wp\/v2\/product\/19373","targetHints":{"allow":["GET"]}}],"collection":[{"href":"https:\/\/pohjanmaantehtaanmyymala.fi\/en\/wp-json\/wp\/v2\/product"}],"about":[{"href":"https:\/\/pohjanmaantehtaanmyymala.fi\/en\/wp-json\/wp\/v2\/types\/product"}],"replies":[{"embeddable":true,"href":"https:\/\/pohjanmaantehtaanmyymala.fi\/en\/wp-json\/wp\/v2\/comments?post=19373"}],"wp:featuredmedia":[{"embeddable":true,"href":"https:\/\/pohjanmaantehtaanmyymala.fi\/en\/wp-json\/wp\/v2\/media\/19497"}],"wp:attachment":[{"href":"https:\/\/pohjanmaantehtaanmyymala.fi\/en\/wp-json\/wp\/v2\/media?parent=19373"}],"wp:term":[{"taxonomy":"product_brand","embeddable":true,"href":"https:\/\/pohjanmaantehtaanmyymala.fi\/en\/wp-json\/wp\/v2\/product_brand?post=19373"},{"taxonomy":"product_cat","embeddable":true,"href":"https:\/\/pohjanmaantehtaanmyymala.fi\/en\/wp-json\/wp\/v2\/product_cat?post=19373"},{"taxonomy":"product_tag","embeddable":true,"href":"https:\/\/pohjanmaantehtaanmyymala.fi\/en\/wp-json\/wp\/v2\/product_tag?post=19373"}],"curies":[{"name":"wp","href":"https:\/\/api.w.org\/{rel}","templated":true}]}}