{"id":19188,"date":"2021-11-23T17:52:33","date_gmt":"2021-11-23T15:52:33","guid":{"rendered":"https:\/\/pohjanmaantehtaanmyymala.fi\/?post_type=product&#038;p=19188"},"modified":"2025-12-09T00:01:33","modified_gmt":"2025-12-08T22:01:33","slug":"eden-1-sangynpaaty-120-cm-levea","status":"publish","type":"product","link":"https:\/\/pohjanmaantehtaanmyymala.fi\/en\/tuote\/eden-1-sangynpaaty-120-cm-levea\/","title":{"rendered":"EDEN 1 -s\u00e4ngynp\u00e4\u00e4ty 120 cm leve\u00e4"},"content":{"rendered":"<p>Harmaa Eden-s\u00e4ngynp\u00e4\u00e4ty 120 cm leve\u00e4\u00e4n jenkkis\u00e4nkyyn tai runkopatjoihin. Eden 1-p\u00e4\u00e4ty on verhoiltu harmaalla kankaalla. Verhoilukangas on sama kuin Eden 1 s\u00e4nkysarjassa. Eden-p\u00e4\u00e4ty\u00e4 ei kiinnitet\u00e4 s\u00e4nkyyn, vaan se asetetaan vain s\u00e4ngyn ja sein\u00e4n v\u00e4liin.<\/p>\n<p>Eden 1-p\u00e4\u00e4ty k\u00e4y hienosti esimerkiksi <a href=\"https:\/\/pohjanmaantehtaanmyymala.fi\/tuote\/eden-1-jenkkisanky-120x200-cm\/\">jenkkis\u00e4nkyyn.<\/a><\/p>\n","protected":false},"excerpt":{"rendered":"<p>Harmaa Eden-s\u00e4ngynp\u00e4\u00e4ty 120 cm leve\u00e4\u00e4n jenkkis\u00e4nkyyn tai runkopatjoihin. Eden 1-p\u00e4\u00e4ty on verhoiltu harmaalla kankaalla. Verhoilukangas on sama kuin Eden 1 s\u00e4nkysarjassa. Eden-p\u00e4\u00e4ty\u00e4 ei kiinnitet\u00e4 s\u00e4nkyyn, vaan se asetetaan vain s\u00e4ngyn ja sein\u00e4n v\u00e4liin. Eden 1-p\u00e4\u00e4ty k\u00e4y hienosti esimerkiksi jenkkis\u00e4nkyyn.<\/p>\n","protected":false},"featured_media":10862,"comment_status":"closed","ping_status":"closed","template":"","meta":{"_acf_changed":false,"jetpack_post_was_ever_published":false,"jetpack_publicize_message":"","jetpack_publicize_feature_enabled":true,"jetpack_social_post_already_shared":true,"jetpack_social_options":{"image_generator_settings":{"template":"highway","default_image_id":0,"font":"","enabled":false},"version":2}},"product_brand":[203],"product_cat":[198],"product_tag":[],"class_list":{"0":"post-19188","1":"product","2":"type-product","3":"status-publish","4":"has-post-thumbnail","6":"product_brand-hilding","7":"product_cat-patjat-ja-sangyt","8":"product_shipping_class-161","10":"first","11":"instock","12":"purchasable","13":"product-type-simple"},"acf":[],"jetpack_publicize_connections":[],"jetpack_sharing_enabled":true,"jetpack-related-posts":[{"id":10861,"url":"https:\/\/pohjanmaantehtaanmyymala.fi\/en\/tuote\/eden-1-sangynpaaty-160-cm-levea\/","url_meta":{"origin":19188,"position":0},"title":"EDEN 1 -s\u00e4ngynp\u00e4\u00e4ty 160 cm leve\u00e4","author":"petri","date":"September 14, 2019","format":false,"excerpt":"Harmaa s\u00e4ngynp\u00e4\u00e4ty 160 cm leve\u00e4\u00e4n jenkkis\u00e4nkyyn tai runkopatjoihin. Eden 1-p\u00e4\u00e4ty on verhoiltu harmaalla kankaalla. Verhoilukangas on sama kuin Eden 1 s\u00e4nkysarjassa. Eden-p\u00e4\u00e4ty\u00e4 ei kiinnitet\u00e4 s\u00e4nkyyn, vaan se asetetaan vain s\u00e4ngyn ja sein\u00e4n v\u00e4liin. Eden 1-p\u00e4\u00e4ty k\u00e4y hienosti jenkkis\u00e4nkyyn.","rel":"","context":"Similar post","block_context":{"text":"Similar post","link":""},"img":{"alt_text":"","src":"https:\/\/i0.wp.com\/pohjanmaantehtaanmyymala.fi\/wp-content\/uploads\/2019\/09\/Eden1-s%C3%A4ngynp%C3%A4%C3%A4ty-verhoiltu.jpg?fit=960%2C960&ssl=1&resize=350%2C200","width":350,"height":200,"srcset":"https:\/\/i0.wp.com\/pohjanmaantehtaanmyymala.fi\/wp-content\/uploads\/2019\/09\/Eden1-s%C3%A4ngynp%C3%A4%C3%A4ty-verhoiltu.jpg?fit=960%2C960&ssl=1&resize=350%2C200 1x, https:\/\/i0.wp.com\/pohjanmaantehtaanmyymala.fi\/wp-content\/uploads\/2019\/09\/Eden1-s%C3%A4ngynp%C3%A4%C3%A4ty-verhoiltu.jpg?fit=960%2C960&ssl=1&resize=525%2C300 1.5x, https:\/\/i0.wp.com\/pohjanmaantehtaanmyymala.fi\/wp-content\/uploads\/2019\/09\/Eden1-s%C3%A4ngynp%C3%A4%C3%A4ty-verhoiltu.jpg?fit=960%2C960&ssl=1&resize=700%2C400 2x"},"classes":[]},{"id":19180,"url":"https:\/\/pohjanmaantehtaanmyymala.fi\/en\/tuote\/eden-comfort-sangynpaaty-l-160-cm\/","url_meta":{"origin":19188,"position":1},"title":"EDEN Comfort -s\u00e4ngynp\u00e4\u00e4ty l. 160 cm","author":"Sami Viitala","date":"November 23, 2021","format":false,"excerpt":"Suoralinjainen p\u00e4\u00e4ty, joka sopii Eden-sarjan s\u00e4ngyihin","rel":"","context":"Similar post","block_context":{"text":"Similar post","link":""},"img":{"alt_text":"Eden comfort s\u00e4ngynp\u00e4\u00e4ty","src":"https:\/\/i0.wp.com\/pohjanmaantehtaanmyymala.fi\/wp-content\/uploads\/2021\/11\/Eden-Comfort-paaty.jpg?fit=960%2C960&ssl=1&resize=350%2C200","width":350,"height":200,"srcset":"https:\/\/i0.wp.com\/pohjanmaantehtaanmyymala.fi\/wp-content\/uploads\/2021\/11\/Eden-Comfort-paaty.jpg?fit=960%2C960&ssl=1&resize=350%2C200 1x, https:\/\/i0.wp.com\/pohjanmaantehtaanmyymala.fi\/wp-content\/uploads\/2021\/11\/Eden-Comfort-paaty.jpg?fit=960%2C960&ssl=1&resize=525%2C300 1.5x, https:\/\/i0.wp.com\/pohjanmaantehtaanmyymala.fi\/wp-content\/uploads\/2021\/11\/Eden-Comfort-paaty.jpg?fit=960%2C960&ssl=1&resize=700%2C400 2x"},"classes":[]},{"id":19192,"url":"https:\/\/pohjanmaantehtaanmyymala.fi\/en\/tuote\/eden-comfort-sangynpaaty-l-180-cm\/","url_meta":{"origin":19188,"position":2},"title":"EDEN Comfort -s\u00e4ngynp\u00e4\u00e4ty l. 180 cm","author":"Sami Viitala","date":"November 23, 2021","format":false,"excerpt":"S\u00e4ngynp\u00e4\u00e4ty Eden-sarjan s\u00e4ngyihin","rel":"","context":"Similar post","block_context":{"text":"Similar post","link":""},"img":{"alt_text":"Eden comfort s\u00e4ngynp\u00e4\u00e4ty","src":"https:\/\/i0.wp.com\/pohjanmaantehtaanmyymala.fi\/wp-content\/uploads\/2021\/11\/Eden-Comfort-paaty-2.jpg?fit=960%2C960&ssl=1&resize=350%2C200","width":350,"height":200,"srcset":"https:\/\/i0.wp.com\/pohjanmaantehtaanmyymala.fi\/wp-content\/uploads\/2021\/11\/Eden-Comfort-paaty-2.jpg?fit=960%2C960&ssl=1&resize=350%2C200 1x, https:\/\/i0.wp.com\/pohjanmaantehtaanmyymala.fi\/wp-content\/uploads\/2021\/11\/Eden-Comfort-paaty-2.jpg?fit=960%2C960&ssl=1&resize=525%2C300 1.5x, https:\/\/i0.wp.com\/pohjanmaantehtaanmyymala.fi\/wp-content\/uploads\/2021\/11\/Eden-Comfort-paaty-2.jpg?fit=960%2C960&ssl=1&resize=700%2C400 2x"},"classes":[]},{"id":29696,"url":"https:\/\/pohjanmaantehtaanmyymala.fi\/en\/tuote\/eden-1-jenkkisanky-160x200-cm-petauspatjalla\/","url_meta":{"origin":19188,"position":3},"title":"EDEN 1 -jenkkis\u00e4nky 160&#215;200 cm petauspatjalla","author":"Sami Viitala","date":"January 27, 2026","format":false,"excerpt":"T\u00e4st\u00e4 jenkkis\u00e4nkypaketti edullisesti.","rel":"","context":"Similar post","block_context":{"text":"Similar post","link":""},"img":{"alt_text":"Eden 1 jenkkis\u00e4nky 160x200 cm petauspatjalla","src":"https:\/\/i0.wp.com\/pohjanmaantehtaanmyymala.fi\/wp-content\/uploads\/2019\/09\/Eden1-jenkkis%C3%A4nky.jpg?fit=960%2C960&ssl=1&resize=350%2C200","width":350,"height":200,"srcset":"https:\/\/i0.wp.com\/pohjanmaantehtaanmyymala.fi\/wp-content\/uploads\/2019\/09\/Eden1-jenkkis%C3%A4nky.jpg?fit=960%2C960&ssl=1&resize=350%2C200 1x, https:\/\/i0.wp.com\/pohjanmaantehtaanmyymala.fi\/wp-content\/uploads\/2019\/09\/Eden1-jenkkis%C3%A4nky.jpg?fit=960%2C960&ssl=1&resize=525%2C300 1.5x, https:\/\/i0.wp.com\/pohjanmaantehtaanmyymala.fi\/wp-content\/uploads\/2019\/09\/Eden1-jenkkis%C3%A4nky.jpg?fit=960%2C960&ssl=1&resize=700%2C400 2x"},"classes":[]},{"id":10859,"url":"https:\/\/pohjanmaantehtaanmyymala.fi\/en\/tuote\/eden-1-jenkkisanky-140x200-cm-tarjous\/","url_meta":{"origin":19188,"position":4},"title":"EDEN 1 -jenkkis\u00e4nky 140&#215;200 cm petauspatjalla","author":"petri","date":"September 14, 2019","format":false,"excerpt":"T\u00e4st\u00e4 jenkkis\u00e4nkypaketti edullisesti.","rel":"","context":"Similar post","block_context":{"text":"Similar post","link":""},"img":{"alt_text":"Hilding Anders Eden 1 jenkkis\u00e4nky 140x200 cm profiloidulla petauspajalla ja mustilla jaloilla.","src":"https:\/\/i0.wp.com\/pohjanmaantehtaanmyymala.fi\/wp-content\/uploads\/2019\/09\/Eden_1_Jenkki_140.jpg?fit=1000%2C1000&ssl=1&resize=350%2C200","width":350,"height":200,"srcset":"https:\/\/i0.wp.com\/pohjanmaantehtaanmyymala.fi\/wp-content\/uploads\/2019\/09\/Eden_1_Jenkki_140.jpg?fit=1000%2C1000&ssl=1&resize=350%2C200 1x, https:\/\/i0.wp.com\/pohjanmaantehtaanmyymala.fi\/wp-content\/uploads\/2019\/09\/Eden_1_Jenkki_140.jpg?fit=1000%2C1000&ssl=1&resize=525%2C300 1.5x, https:\/\/i0.wp.com\/pohjanmaantehtaanmyymala.fi\/wp-content\/uploads\/2019\/09\/Eden_1_Jenkki_140.jpg?fit=1000%2C1000&ssl=1&resize=700%2C400 2x"},"classes":[]},{"id":24959,"url":"https:\/\/pohjanmaantehtaanmyymala.fi\/en\/tuote\/uniikki-chess-sangynpaaty\/","url_meta":{"origin":19188,"position":5},"title":"Uniikki Chess s\u00e4ngynp\u00e4\u00e4ty","author":"Miro Nevala","date":"February 6, 2024","format":false,"excerpt":"Tyylik\u00e4s verhoitu p\u00e4\u00e4ty useassa eri koossa ja v\u00e4rill\u00e4. Valitse alta malli ja v\u00e4ri!","rel":"","context":"Similar post","block_context":{"text":"Similar post","link":""},"img":{"alt_text":"Uniikki Chess p\u00e4\u00e4ty v\u00e4ri vaalean harmaa","src":"https:\/\/i0.wp.com\/pohjanmaantehtaanmyymala.fi\/wp-content\/uploads\/2024\/02\/Chess-pa%CC%88a%CC%88ty-960dpi.jpg?fit=960%2C960&ssl=1&resize=350%2C200","width":350,"height":200,"srcset":"https:\/\/i0.wp.com\/pohjanmaantehtaanmyymala.fi\/wp-content\/uploads\/2024\/02\/Chess-pa%CC%88a%CC%88ty-960dpi.jpg?fit=960%2C960&ssl=1&resize=350%2C200 1x, https:\/\/i0.wp.com\/pohjanmaantehtaanmyymala.fi\/wp-content\/uploads\/2024\/02\/Chess-pa%CC%88a%CC%88ty-960dpi.jpg?fit=960%2C960&ssl=1&resize=525%2C300 1.5x, https:\/\/i0.wp.com\/pohjanmaantehtaanmyymala.fi\/wp-content\/uploads\/2024\/02\/Chess-pa%CC%88a%CC%88ty-960dpi.jpg?fit=960%2C960&ssl=1&resize=700%2C400 2x"},"classes":[]}],"_links":{"self":[{"href":"https:\/\/pohjanmaantehtaanmyymala.fi\/en\/wp-json\/wp\/v2\/product\/19188","targetHints":{"allow":["GET"]}}],"collection":[{"href":"https:\/\/pohjanmaantehtaanmyymala.fi\/en\/wp-json\/wp\/v2\/product"}],"about":[{"href":"https:\/\/pohjanmaantehtaanmyymala.fi\/en\/wp-json\/wp\/v2\/types\/product"}],"replies":[{"embeddable":true,"href":"https:\/\/pohjanmaantehtaanmyymala.fi\/en\/wp-json\/wp\/v2\/comments?post=19188"}],"wp:featuredmedia":[{"embeddable":true,"href":"https:\/\/pohjanmaantehtaanmyymala.fi\/en\/wp-json\/wp\/v2\/media\/10862"}],"wp:attachment":[{"href":"https:\/\/pohjanmaantehtaanmyymala.fi\/en\/wp-json\/wp\/v2\/media?parent=19188"}],"wp:term":[{"taxonomy":"product_brand","embeddable":true,"href":"https:\/\/pohjanmaantehtaanmyymala.fi\/en\/wp-json\/wp\/v2\/product_brand?post=19188"},{"taxonomy":"product_cat","embeddable":true,"href":"https:\/\/pohjanmaantehtaanmyymala.fi\/en\/wp-json\/wp\/v2\/product_cat?post=19188"},{"taxonomy":"product_tag","embeddable":true,"href":"https:\/\/pohjanmaantehtaanmyymala.fi\/en\/wp-json\/wp\/v2\/product_tag?post=19188"}],"curies":[{"name":"wp","href":"https:\/\/api.w.org\/{rel}","templated":true}]}}