{"id":19096,"date":"2021-11-17T19:48:32","date_gmt":"2021-11-17T17:48:32","guid":{"rendered":"https:\/\/pohjanmaantehtaanmyymala.fi\/?post_type=product&#038;p=19096"},"modified":"2026-04-25T11:26:07","modified_gmt":"2026-04-25T09:26:07","slug":"rowico-winnipeg-poyta-200-cm","status":"publish","type":"product","link":"https:\/\/pohjanmaantehtaanmyymala.fi\/en\/tuote\/rowico-winnipeg-poyta-200-cm\/","title":{"rendered":"Rowico Winnipeg-p\u00f6yt\u00e4 200&#215;100 cm"},"content":{"rendered":"<p>Tyylik\u00e4s Winnipeg-ruokap\u00f6yd\u00e4n kansi tammiviilutettua kalustelevy\u00e4. P\u00f6yd\u00e4n n\u00e4ytt\u00e4v\u00e4t metallijalat ovat mustaksi maalattua ter\u00e4st\u00e4. Kansiv\u00e4riksi voit valita kauniin valkopestyn tammen tai mustan.<\/p>\n<p>Winnipeg -P\u00f6yd\u00e4ss\u00e4 on ruokailutilaa jopa kahdeksalle henkil\u00f6lle, sill\u00e4 my\u00f6s p\u00f6yd\u00e4n p\u00e4iss\u00e4 on tilaa kahdelle istujalle.<\/p>\n<p>P\u00f6yd\u00e4n kanssa sopii useita eri tuolimalleja.<\/p>\n<p>Winnipeg-ruokap\u00f6yd\u00e4n jatkopala on 50 cm mittaisen, jonka voi kiinnitt\u00e4\u00e4 molempiin p\u00e4ihin. Jatkopala myyd\u00e4\u00e4n p\u00f6yt\u00e4\u00e4n erikseen. Kysy lis\u00e4\u00e4 <a href=\"https:\/\/pohjanmaantehtaanmyymala.fi\/yhteys\/\">myynnist\u00e4mme!<\/a><\/p>\n<h3>Tuotetiedot:<\/h3>\n<p>pituus 200 cm, leveys 100 cm, korkeus 75 cm<\/p>\n<p>Kansi: Tammiviilutettu levy, paksuus 35 mm.<br \/>\nKannenv\u00e4ri: valkotammipetsi, lakattu viimeistely tai musta<br \/>\nJalat: Metallia, v\u00e4ri musta<\/p>\n<p>Jalkojen v\u00e4linen mitta 160 cm<\/p>\n<p>Toimitetaan jalat irrallaan.<\/p>\n","protected":false},"excerpt":{"rendered":"<p>Selk\u00e4linjainen ruokap\u00f6yt\u00e4 metallijaloilla. Saatavan kahdessa eri v\u00e4riss\u00e4.<\/p>\n","protected":false},"featured_media":19051,"comment_status":"closed","ping_status":"closed","template":"","meta":{"_acf_changed":false,"jetpack_post_was_ever_published":false,"jetpack_publicize_message":"","jetpack_publicize_feature_enabled":true,"jetpack_social_post_already_shared":true,"jetpack_social_options":{"image_generator_settings":{"template":"highway","default_image_id":0,"font":"","enabled":false},"version":2}},"product_brand":[179],"product_cat":[194],"product_tag":[],"class_list":{"0":"post-19096","1":"product","2":"type-product","3":"status-publish","4":"has-post-thumbnail","6":"product_brand-rowico","7":"product_cat-ruokapoydat-ja-tuolit","8":"product_shipping_class-161","9":"pa_vari-musta","10":"pa_vari-valkopesty-musta","12":"first","13":"instock","14":"purchasable","15":"product-type-variable","16":"has-default-attributes"},"acf":[],"jetpack_publicize_connections":[],"jetpack_sharing_enabled":true,"jetpack-related-posts":[{"id":13112,"url":"https:\/\/pohjanmaantehtaanmyymala.fi\/en\/tuote\/zoom-ruokapoyta-200x100-cm\/","url_meta":{"origin":19096,"position":0},"title":"ZOOM ruokap\u00f6yt\u00e4 200&#215;100 cm viilutettu","author":"Sami Viitala","date":"September 18, 2020","format":false,"excerpt":"Suoralinjainen ja massiivinen ruokap\u00f6yt\u00e4 moderniin sisustukseen.","rel":"","context":"Similar post","block_context":{"text":"Similar post","link":""},"img":{"alt_text":"Zoom 100x200 ruokap\u00f6yt\u00e4 kuura tuoli musta","src":"https:\/\/i0.wp.com\/pohjanmaantehtaanmyymala.fi\/wp-content\/uploads\/2020\/09\/Zoom-100x200-poyta-kuura-tuoli-musta.jpg?fit=1200%2C1200&ssl=1&resize=350%2C200","width":350,"height":200,"srcset":"https:\/\/i0.wp.com\/pohjanmaantehtaanmyymala.fi\/wp-content\/uploads\/2020\/09\/Zoom-100x200-poyta-kuura-tuoli-musta.jpg?fit=1200%2C1200&ssl=1&resize=350%2C200 1x, https:\/\/i0.wp.com\/pohjanmaantehtaanmyymala.fi\/wp-content\/uploads\/2020\/09\/Zoom-100x200-poyta-kuura-tuoli-musta.jpg?fit=1200%2C1200&ssl=1&resize=525%2C300 1.5x, https:\/\/i0.wp.com\/pohjanmaantehtaanmyymala.fi\/wp-content\/uploads\/2020\/09\/Zoom-100x200-poyta-kuura-tuoli-musta.jpg?fit=1200%2C1200&ssl=1&resize=700%2C400 2x, https:\/\/i0.wp.com\/pohjanmaantehtaanmyymala.fi\/wp-content\/uploads\/2020\/09\/Zoom-100x200-poyta-kuura-tuoli-musta.jpg?fit=1200%2C1200&ssl=1&resize=1050%2C600 3x"},"classes":[]},{"id":9049,"url":"https:\/\/pohjanmaantehtaanmyymala.fi\/en\/tuote\/fenwood-ruokapoyta-jatkopaloilla\/","url_meta":{"origin":19096,"position":1},"title":"FENWOOD &#8211; ruokap\u00f6yt\u00e4 jatkopaloilla","author":"petri","date":"September 14, 2019","format":false,"excerpt":"Rowicon Fenwood- sarjan musta ruokap\u00f6yt\u00e4 sis\u00e4lt\u00e4\u00e4 kaksi jatkopalaa kun p\u00f6yt\u00e4 jatketaan molemmilla jatkopaloilla p\u00f6yd\u00e4n pituudeksi tulee hulppeat 260 cm. P\u00f6yt\u00e4\u00e4 voi k\u00e4ytt\u00e4\u00e4 my\u00f6s vain yhdell\u00e4 jatkopalalla. Tuotetiedot: Musta lakattu pinta. Toimitus sis\u00e4lt\u00e4\u00e4 kaksi 40 cm jatkopalaa. Toimitetaan jalat irrallaan.","rel":"","context":"Similar post","block_context":{"text":"Similar post","link":""},"img":{"alt_text":"","src":"https:\/\/i0.wp.com\/pohjanmaantehtaanmyymala.fi\/wp-content\/uploads\/2019\/06\/118600-a-Fenwood-matbord-svart.jpg?fit=960%2C960&ssl=1&resize=350%2C200","width":350,"height":200,"srcset":"https:\/\/i0.wp.com\/pohjanmaantehtaanmyymala.fi\/wp-content\/uploads\/2019\/06\/118600-a-Fenwood-matbord-svart.jpg?fit=960%2C960&ssl=1&resize=350%2C200 1x, https:\/\/i0.wp.com\/pohjanmaantehtaanmyymala.fi\/wp-content\/uploads\/2019\/06\/118600-a-Fenwood-matbord-svart.jpg?fit=960%2C960&ssl=1&resize=525%2C300 1.5x, https:\/\/i0.wp.com\/pohjanmaantehtaanmyymala.fi\/wp-content\/uploads\/2019\/06\/118600-a-Fenwood-matbord-svart.jpg?fit=960%2C960&ssl=1&resize=700%2C400 2x"},"classes":[]},{"id":8995,"url":"https:\/\/pohjanmaantehtaanmyymala.fi\/en\/tuote\/brooklyn-ruokapoydan-jatkopala\/","url_meta":{"origin":19096,"position":2},"title":"BROOKLYN ruokap\u00f6yd\u00e4n jatkopala 50 cm","author":"petri","date":"September 14, 2019","format":false,"excerpt":"Jatkopala Rowico Brooklyn ruokap\u00f6yt\u00e4\u00e4n. Yhteen p\u00f6yt\u00e4\u00e4n on mahdollista asentaa 2 jatkopalaa, yksi p\u00f6yd\u00e4n molempiin p\u00e4ihin. T\u00e4m\u00e4 jatkopala soveltuu kaikkiin Rowicon Brooklyn ruokap\u00f6ytiin, my\u00f6s metallijalkaisiin malleihin. Jatkopalan koko: 50x90 cm. Valittavanasi kolme eri v\u00e4ri\u00e4: LV-tammi, Tummanruskea tammi ja Valkopesty tammi.","rel":"","context":"Similar post","block_context":{"text":"Similar post","link":""},"img":{"alt_text":"Rowico Brooklyn ruokap\u00f6yd\u00e4n jatkopala 50 cm tammi","src":"https:\/\/i0.wp.com\/pohjanmaantehtaanmyymala.fi\/wp-content\/uploads\/2019\/09\/108594-Brooklyn-tillaggskiva-ek-EXP.jpg?fit=960%2C960&ssl=1&resize=350%2C200","width":350,"height":200,"srcset":"https:\/\/i0.wp.com\/pohjanmaantehtaanmyymala.fi\/wp-content\/uploads\/2019\/09\/108594-Brooklyn-tillaggskiva-ek-EXP.jpg?fit=960%2C960&ssl=1&resize=350%2C200 1x, https:\/\/i0.wp.com\/pohjanmaantehtaanmyymala.fi\/wp-content\/uploads\/2019\/09\/108594-Brooklyn-tillaggskiva-ek-EXP.jpg?fit=960%2C960&ssl=1&resize=525%2C300 1.5x, https:\/\/i0.wp.com\/pohjanmaantehtaanmyymala.fi\/wp-content\/uploads\/2019\/09\/108594-Brooklyn-tillaggskiva-ek-EXP.jpg?fit=960%2C960&ssl=1&resize=700%2C400 2x"},"classes":[]},{"id":13056,"url":"https:\/\/pohjanmaantehtaanmyymala.fi\/en\/tuote\/house-nordic-vojens-ruokapoyta-120-cm\/","url_meta":{"origin":19096,"position":3},"title":"House Nordic Vojens -ruokap\u00f6yt\u00e4 120 cm","author":"Sami Viitala","date":"September 17, 2020","format":false,"excerpt":"Pieni ja tyylik\u00e4s ruokap\u00f6yt\u00e4 vaikka opiskelija-asuntoon.","rel":"","context":"Similar post","block_context":{"text":"Similar post","link":""},"img":{"alt_text":"Vojens p\u00f6yt\u00e4 80x120 cm puunv\u00e4riset jalat ja valkoinen kansi","src":"https:\/\/i0.wp.com\/pohjanmaantehtaanmyymala.fi\/wp-content\/uploads\/2020\/09\/Vojens_2201030.jpg?fit=960%2C960&ssl=1&resize=350%2C200","width":350,"height":200,"srcset":"https:\/\/i0.wp.com\/pohjanmaantehtaanmyymala.fi\/wp-content\/uploads\/2020\/09\/Vojens_2201030.jpg?fit=960%2C960&ssl=1&resize=350%2C200 1x, https:\/\/i0.wp.com\/pohjanmaantehtaanmyymala.fi\/wp-content\/uploads\/2020\/09\/Vojens_2201030.jpg?fit=960%2C960&ssl=1&resize=525%2C300 1.5x, https:\/\/i0.wp.com\/pohjanmaantehtaanmyymala.fi\/wp-content\/uploads\/2020\/09\/Vojens_2201030.jpg?fit=960%2C960&ssl=1&resize=700%2C400 2x"},"classes":[]},{"id":9339,"url":"https:\/\/pohjanmaantehtaanmyymala.fi\/en\/tuote\/yumi-ruokapoyta\/","url_meta":{"origin":19096,"position":4},"title":"YUMI &#8211; ruokap\u00f6yt\u00e4 190 cm","author":"petri","date":"September 14, 2019","format":false,"excerpt":"Rowicon tammesta valmistettu Yumi- ruokap\u00f6yt\u00e4. T\u00e4m\u00e4n p\u00f6yd\u00e4n kanssa sopii hyvin esimerkiksi KATO- tuolit! P\u00f6yt\u00e4\u00e4n saatavana my\u00f6s jatkopalat molempiin p\u00e4ihin. Tuotetiedot: Valmistettu tammesta. Lakattu. Vapaa tila jalkojen v\u00e4liss\u00e4: 160 cm. Saatavana Tammisena ja mustana. Toimitetaan jalat irrallaan.","rel":"","context":"Similar post","block_context":{"text":"Similar post","link":""},"img":{"alt_text":"","src":"https:\/\/i0.wp.com\/pohjanmaantehtaanmyymala.fi\/wp-content\/uploads\/2019\/06\/116927-b-Yumi-matbord-190-svart.jpg?fit=960%2C960&ssl=1&resize=350%2C200","width":350,"height":200,"srcset":"https:\/\/i0.wp.com\/pohjanmaantehtaanmyymala.fi\/wp-content\/uploads\/2019\/06\/116927-b-Yumi-matbord-190-svart.jpg?fit=960%2C960&ssl=1&resize=350%2C200 1x, https:\/\/i0.wp.com\/pohjanmaantehtaanmyymala.fi\/wp-content\/uploads\/2019\/06\/116927-b-Yumi-matbord-190-svart.jpg?fit=960%2C960&ssl=1&resize=525%2C300 1.5x, https:\/\/i0.wp.com\/pohjanmaantehtaanmyymala.fi\/wp-content\/uploads\/2019\/06\/116927-b-Yumi-matbord-190-svart.jpg?fit=960%2C960&ssl=1&resize=700%2C400 2x"},"classes":[]},{"id":18646,"url":"https:\/\/pohjanmaantehtaanmyymala.fi\/en\/tuote\/ohio-lankkupoyta-200-cm\/","url_meta":{"origin":19096,"position":5},"title":"Ohio &#8211; lankkup\u00f6yt\u00e4 200&#215;95 cm","author":"Sami Viitala","date":"October 31, 2021","format":false,"excerpt":"Tilava lankkuruokap\u00f6yt\u00e4 metallijaloilla.","rel":"","context":"Similar post","block_context":{"text":"Similar post","link":""},"img":{"alt_text":"Ohio lankkup\u00f6yt\u00e4 200x95 cm smoked-v\u00e4ri metallijaloilla","src":"https:\/\/i0.wp.com\/pohjanmaantehtaanmyymala.fi\/wp-content\/uploads\/2021\/10\/Pohjanmaan_Ohio-lankkupoyta-200.jpg?fit=960%2C960&ssl=1&resize=350%2C200","width":350,"height":200,"srcset":"https:\/\/i0.wp.com\/pohjanmaantehtaanmyymala.fi\/wp-content\/uploads\/2021\/10\/Pohjanmaan_Ohio-lankkupoyta-200.jpg?fit=960%2C960&ssl=1&resize=350%2C200 1x, https:\/\/i0.wp.com\/pohjanmaantehtaanmyymala.fi\/wp-content\/uploads\/2021\/10\/Pohjanmaan_Ohio-lankkupoyta-200.jpg?fit=960%2C960&ssl=1&resize=525%2C300 1.5x, https:\/\/i0.wp.com\/pohjanmaantehtaanmyymala.fi\/wp-content\/uploads\/2021\/10\/Pohjanmaan_Ohio-lankkupoyta-200.jpg?fit=960%2C960&ssl=1&resize=700%2C400 2x"},"classes":[]}],"_links":{"self":[{"href":"https:\/\/pohjanmaantehtaanmyymala.fi\/en\/wp-json\/wp\/v2\/product\/19096","targetHints":{"allow":["GET"]}}],"collection":[{"href":"https:\/\/pohjanmaantehtaanmyymala.fi\/en\/wp-json\/wp\/v2\/product"}],"about":[{"href":"https:\/\/pohjanmaantehtaanmyymala.fi\/en\/wp-json\/wp\/v2\/types\/product"}],"replies":[{"embeddable":true,"href":"https:\/\/pohjanmaantehtaanmyymala.fi\/en\/wp-json\/wp\/v2\/comments?post=19096"}],"wp:featuredmedia":[{"embeddable":true,"href":"https:\/\/pohjanmaantehtaanmyymala.fi\/en\/wp-json\/wp\/v2\/media\/19051"}],"wp:attachment":[{"href":"https:\/\/pohjanmaantehtaanmyymala.fi\/en\/wp-json\/wp\/v2\/media?parent=19096"}],"wp:term":[{"taxonomy":"product_brand","embeddable":true,"href":"https:\/\/pohjanmaantehtaanmyymala.fi\/en\/wp-json\/wp\/v2\/product_brand?post=19096"},{"taxonomy":"product_cat","embeddable":true,"href":"https:\/\/pohjanmaantehtaanmyymala.fi\/en\/wp-json\/wp\/v2\/product_cat?post=19096"},{"taxonomy":"product_tag","embeddable":true,"href":"https:\/\/pohjanmaantehtaanmyymala.fi\/en\/wp-json\/wp\/v2\/product_tag?post=19096"}],"curies":[{"name":"wp","href":"https:\/\/api.w.org\/{rel}","templated":true}]}}