{"id":18990,"date":"2021-11-10T17:15:26","date_gmt":"2021-11-10T15:15:26","guid":{"rendered":"https:\/\/pohjanmaantehtaanmyymala.fi\/?post_type=product&#038;p=18990"},"modified":"2022-03-28T19:16:51","modified_gmt":"2022-03-28T17:16:51","slug":"harbo-tuoli-vihrea-samettikangas","status":"publish","type":"product","link":"https:\/\/pohjanmaantehtaanmyymala.fi\/en\/tuote\/harbo-tuoli-vihrea-samettikangas\/","title":{"rendered":"Harbo -tuoli, vihre\u00e4 samettikangas"},"content":{"rendered":"<p>Linjakas Harbo-k\u00e4sinojatuoli sopii mainiosti vaikkapa ison lankkuruokap\u00f6yd\u00e4n kanssa tai ihan vaikka yksitt\u00e4iseksi istuimeksi. Tuoli on verhoiltu samettikankaalla. Tuolin selk\u00e4nojassa on ilmett\u00e4 antamataa kauniit vinotikkaukset.<\/p>\n<p>Harbo-tuolia saa my\u00f6s keinonahka-verhoilulla. Kysy my\u00f6s muita v\u00e4rivaihtoehtoja <a href=\"https:\/\/pohjanmaantehtaanmyymala.fi\/yhteys\/\">myynnist\u00e4mme!<\/a><\/p>\n<h3>Mittatiedot:<\/h3>\n<p>Leveys 57 cm, syvyys 65 cm, Korkeus 87 cm<br \/>\nIstuinsyvyys 47 cm<br \/>\nIstuinkorkeus 47 cm<br \/>\nIstuinleveys 44 cm<\/p>\n<h3>Tuotetiedot:<\/h3>\n<p>Verhoilu: mikrokuitu 100 % polyesteri<br \/>\njalat: Ter\u00e4st\u00e4<br \/>\nPaino: 6 kg<\/p>\n<p>Toimitetaan 2 kpl:n pahvipakkauksessa jalat irrallaan.<\/p>\n","protected":false},"excerpt":{"rendered":"<p>Siro ja kevyt tuoli House Nordicilta. Valitse v\u00e4ri alta!<\/p>\n","protected":false},"featured_media":19004,"comment_status":"closed","ping_status":"closed","template":"","meta":{"_acf_changed":false,"jetpack_post_was_ever_published":false,"jetpack_publicize_message":"","jetpack_publicize_feature_enabled":true,"jetpack_social_post_already_shared":true,"jetpack_social_options":{"image_generator_settings":{"template":"highway","default_image_id":0,"font":"","enabled":false},"version":2}},"product_brand":[220],"product_cat":[194,197],"product_tag":[],"class_list":{"0":"post-18990","1":"product","2":"type-product","3":"status-publish","4":"has-post-thumbnail","6":"product_brand-house-nordic","7":"product_cat-ruokapoydat-ja-tuolit","8":"product_cat-toimistokalusteet","9":"product_shipping_class-161","10":"pa_vari-sininen","11":"pa_vari-vihrea","13":"first","14":"onbackorder","15":"sale","16":"purchasable","17":"product-type-simple"},"acf":[],"jetpack_publicize_connections":[],"jetpack_sharing_enabled":true,"jetpack-related-posts":[{"id":18951,"url":"https:\/\/pohjanmaantehtaanmyymala.fi\/en\/tuote\/harbo-tuoli-ruskea\/","url_meta":{"origin":18990,"position":0},"title":"Harbo -tuoli, ruskea samettikangas","author":"Sami Viitala","date":"November 10, 2021","format":false,"excerpt":"Kevyt keinonahkainen k\u00e4sinojatuoli House Nordicilta.","rel":"","context":"Similar post","block_context":{"text":"Similar post","link":""},"img":{"alt_text":"Harbo tuoli samettikangas ruskea","src":"https:\/\/i0.wp.com\/pohjanmaantehtaanmyymala.fi\/wp-content\/uploads\/2021\/11\/Harbo-tuoli-ruskea1001154.jpg?fit=1000%2C1000&ssl=1&resize=350%2C200","width":350,"height":200,"srcset":"https:\/\/i0.wp.com\/pohjanmaantehtaanmyymala.fi\/wp-content\/uploads\/2021\/11\/Harbo-tuoli-ruskea1001154.jpg?fit=1000%2C1000&ssl=1&resize=350%2C200 1x, https:\/\/i0.wp.com\/pohjanmaantehtaanmyymala.fi\/wp-content\/uploads\/2021\/11\/Harbo-tuoli-ruskea1001154.jpg?fit=1000%2C1000&ssl=1&resize=525%2C300 1.5x, https:\/\/i0.wp.com\/pohjanmaantehtaanmyymala.fi\/wp-content\/uploads\/2021\/11\/Harbo-tuoli-ruskea1001154.jpg?fit=1000%2C1000&ssl=1&resize=700%2C400 2x"},"classes":[]},{"id":19007,"url":"https:\/\/pohjanmaantehtaanmyymala.fi\/en\/tuote\/harbo-tuoli-sininen-samettikangas\/","url_meta":{"origin":18990,"position":1},"title":"Harbo -tuoli, sininen samettikangas","author":"Sami Viitala","date":"November 10, 2021","format":false,"excerpt":"Siro ja kevyt tuoli House Nordicilta.","rel":"","context":"Similar post","block_context":{"text":"Similar post","link":""},"img":{"alt_text":"Harbo-tuoli sininen sametti","src":"https:\/\/i0.wp.com\/pohjanmaantehtaanmyymala.fi\/wp-content\/uploads\/2021\/11\/Harbo-tuoli-sininen-1001158.jpg?fit=1200%2C1200&ssl=1&resize=350%2C200","width":350,"height":200,"srcset":"https:\/\/i0.wp.com\/pohjanmaantehtaanmyymala.fi\/wp-content\/uploads\/2021\/11\/Harbo-tuoli-sininen-1001158.jpg?fit=1200%2C1200&ssl=1&resize=350%2C200 1x, https:\/\/i0.wp.com\/pohjanmaantehtaanmyymala.fi\/wp-content\/uploads\/2021\/11\/Harbo-tuoli-sininen-1001158.jpg?fit=1200%2C1200&ssl=1&resize=525%2C300 1.5x, https:\/\/i0.wp.com\/pohjanmaantehtaanmyymala.fi\/wp-content\/uploads\/2021\/11\/Harbo-tuoli-sininen-1001158.jpg?fit=1200%2C1200&ssl=1&resize=700%2C400 2x, https:\/\/i0.wp.com\/pohjanmaantehtaanmyymala.fi\/wp-content\/uploads\/2021\/11\/Harbo-tuoli-sininen-1001158.jpg?fit=1200%2C1200&ssl=1&resize=1050%2C600 3x"},"classes":[]},{"id":18855,"url":"https:\/\/pohjanmaantehtaanmyymala.fi\/en\/tuote\/harbo-tuoli-pyoriva-pu-nahka\/","url_meta":{"origin":18990,"position":2},"title":"Harbo -tuoli py\u00f6riv\u00e4, musta pu-nahka","author":"Sami Viitala","date":"November 6, 2021","format":false,"excerpt":"Py\u00f6riv\u00e4 keitti\u00f6n tuoli eri v\u00e4reiss\u00e4 House Nordicilta.","rel":"","context":"Similar post","block_context":{"text":"Similar post","link":""},"img":{"alt_text":"Harbo tuoli p\u00f6yriv\u00e4 pu-nahka musta","src":"https:\/\/i0.wp.com\/pohjanmaantehtaanmyymala.fi\/wp-content\/uploads\/2021\/11\/Harbo-tuoli-musta1001167.jpg?fit=1200%2C1200&ssl=1&resize=350%2C200","width":350,"height":200,"srcset":"https:\/\/i0.wp.com\/pohjanmaantehtaanmyymala.fi\/wp-content\/uploads\/2021\/11\/Harbo-tuoli-musta1001167.jpg?fit=1200%2C1200&ssl=1&resize=350%2C200 1x, https:\/\/i0.wp.com\/pohjanmaantehtaanmyymala.fi\/wp-content\/uploads\/2021\/11\/Harbo-tuoli-musta1001167.jpg?fit=1200%2C1200&ssl=1&resize=525%2C300 1.5x, https:\/\/i0.wp.com\/pohjanmaantehtaanmyymala.fi\/wp-content\/uploads\/2021\/11\/Harbo-tuoli-musta1001167.jpg?fit=1200%2C1200&ssl=1&resize=700%2C400 2x, https:\/\/i0.wp.com\/pohjanmaantehtaanmyymala.fi\/wp-content\/uploads\/2021\/11\/Harbo-tuoli-musta1001167.jpg?fit=1200%2C1200&ssl=1&resize=1050%2C600 3x"},"classes":[]},{"id":19027,"url":"https:\/\/pohjanmaantehtaanmyymala.fi\/en\/tuote\/harbo-tuoli-pyoriva-konjakinruskea\/","url_meta":{"origin":18990,"position":3},"title":"Harbo -tuoli py\u00f6riv\u00e4, konjakinruskea","author":"Sami Viitala","date":"November 11, 2021","format":false,"excerpt":"Kaunis k\u00e4sinojatuoli House Nordicilta.","rel":"","context":"Similar post","block_context":{"text":"Similar post","link":""},"img":{"alt_text":"Harbo tuoli p\u00f6yriv\u00e4 pu-nahka konjakinruskea","src":"https:\/\/i0.wp.com\/pohjanmaantehtaanmyymala.fi\/wp-content\/uploads\/2021\/11\/Hasbo-tuoli-konjakinruskea-1001165.jpg?fit=1200%2C1200&ssl=1&resize=350%2C200","width":350,"height":200,"srcset":"https:\/\/i0.wp.com\/pohjanmaantehtaanmyymala.fi\/wp-content\/uploads\/2021\/11\/Hasbo-tuoli-konjakinruskea-1001165.jpg?fit=1200%2C1200&ssl=1&resize=350%2C200 1x, https:\/\/i0.wp.com\/pohjanmaantehtaanmyymala.fi\/wp-content\/uploads\/2021\/11\/Hasbo-tuoli-konjakinruskea-1001165.jpg?fit=1200%2C1200&ssl=1&resize=525%2C300 1.5x, https:\/\/i0.wp.com\/pohjanmaantehtaanmyymala.fi\/wp-content\/uploads\/2021\/11\/Hasbo-tuoli-konjakinruskea-1001165.jpg?fit=1200%2C1200&ssl=1&resize=700%2C400 2x, https:\/\/i0.wp.com\/pohjanmaantehtaanmyymala.fi\/wp-content\/uploads\/2021\/11\/Hasbo-tuoli-konjakinruskea-1001165.jpg?fit=1200%2C1200&ssl=1&resize=1050%2C600 3x"},"classes":[]},{"id":18931,"url":"https:\/\/pohjanmaantehtaanmyymala.fi\/en\/tuote\/harbo-tuoli-pu-nahka-musta\/","url_meta":{"origin":18990,"position":4},"title":"Harbo -tuoli, pu-nahka musta","author":"Sami Viitala","date":"November 10, 2021","format":false,"excerpt":"Tyylik\u00e4s keinonahkainen k\u00e4sinojatuoli House Nordicilta.","rel":"","context":"Similar post","block_context":{"text":"Similar post","link":""},"img":{"alt_text":"Harbo k\u00e4sinoja tuoli musta pu-nahka","src":"https:\/\/i0.wp.com\/pohjanmaantehtaanmyymala.fi\/wp-content\/uploads\/2021\/11\/Harbo-tuoli-msuta-1001153.jpg?fit=1000%2C1000&ssl=1&resize=350%2C200","width":350,"height":200,"srcset":"https:\/\/i0.wp.com\/pohjanmaantehtaanmyymala.fi\/wp-content\/uploads\/2021\/11\/Harbo-tuoli-msuta-1001153.jpg?fit=1000%2C1000&ssl=1&resize=350%2C200 1x, https:\/\/i0.wp.com\/pohjanmaantehtaanmyymala.fi\/wp-content\/uploads\/2021\/11\/Harbo-tuoli-msuta-1001153.jpg?fit=1000%2C1000&ssl=1&resize=525%2C300 1.5x, https:\/\/i0.wp.com\/pohjanmaantehtaanmyymala.fi\/wp-content\/uploads\/2021\/11\/Harbo-tuoli-msuta-1001153.jpg?fit=1000%2C1000&ssl=1&resize=700%2C400 2x"},"classes":[]},{"id":18957,"url":"https:\/\/pohjanmaantehtaanmyymala.fi\/en\/tuote\/harbo-tuoli-ruskea-nahka\/","url_meta":{"origin":18990,"position":5},"title":"Harbo -tuoli, ruskea nahka","author":"Sami Viitala","date":"November 10, 2021","format":false,"excerpt":"Kevyt keinonahkainen k\u00e4sinojatuoli House Nordicilta.","rel":"","context":"Similar post","block_context":{"text":"Similar post","link":""},"img":{"alt_text":"Harbo k\u00e4sinoja tuoli konjakin ruskea pu-nahka","src":"https:\/\/i0.wp.com\/pohjanmaantehtaanmyymala.fi\/wp-content\/uploads\/2021\/11\/Harbo-tuoli-ruskea-1001150.jpg?fit=1000%2C1000&ssl=1&resize=350%2C200","width":350,"height":200,"srcset":"https:\/\/i0.wp.com\/pohjanmaantehtaanmyymala.fi\/wp-content\/uploads\/2021\/11\/Harbo-tuoli-ruskea-1001150.jpg?fit=1000%2C1000&ssl=1&resize=350%2C200 1x, https:\/\/i0.wp.com\/pohjanmaantehtaanmyymala.fi\/wp-content\/uploads\/2021\/11\/Harbo-tuoli-ruskea-1001150.jpg?fit=1000%2C1000&ssl=1&resize=525%2C300 1.5x, https:\/\/i0.wp.com\/pohjanmaantehtaanmyymala.fi\/wp-content\/uploads\/2021\/11\/Harbo-tuoli-ruskea-1001150.jpg?fit=1000%2C1000&ssl=1&resize=700%2C400 2x"},"classes":[]}],"_links":{"self":[{"href":"https:\/\/pohjanmaantehtaanmyymala.fi\/en\/wp-json\/wp\/v2\/product\/18990","targetHints":{"allow":["GET"]}}],"collection":[{"href":"https:\/\/pohjanmaantehtaanmyymala.fi\/en\/wp-json\/wp\/v2\/product"}],"about":[{"href":"https:\/\/pohjanmaantehtaanmyymala.fi\/en\/wp-json\/wp\/v2\/types\/product"}],"replies":[{"embeddable":true,"href":"https:\/\/pohjanmaantehtaanmyymala.fi\/en\/wp-json\/wp\/v2\/comments?post=18990"}],"wp:featuredmedia":[{"embeddable":true,"href":"https:\/\/pohjanmaantehtaanmyymala.fi\/en\/wp-json\/wp\/v2\/media\/19004"}],"wp:attachment":[{"href":"https:\/\/pohjanmaantehtaanmyymala.fi\/en\/wp-json\/wp\/v2\/media?parent=18990"}],"wp:term":[{"taxonomy":"product_brand","embeddable":true,"href":"https:\/\/pohjanmaantehtaanmyymala.fi\/en\/wp-json\/wp\/v2\/product_brand?post=18990"},{"taxonomy":"product_cat","embeddable":true,"href":"https:\/\/pohjanmaantehtaanmyymala.fi\/en\/wp-json\/wp\/v2\/product_cat?post=18990"},{"taxonomy":"product_tag","embeddable":true,"href":"https:\/\/pohjanmaantehtaanmyymala.fi\/en\/wp-json\/wp\/v2\/product_tag?post=18990"}],"curies":[{"name":"wp","href":"https:\/\/api.w.org\/{rel}","templated":true}]}}