{"id":18673,"date":"2021-10-31T19:43:34","date_gmt":"2021-10-31T17:43:34","guid":{"rendered":"https:\/\/pohjanmaantehtaanmyymala.fi\/?post_type=product&#038;p=18673"},"modified":"2023-06-02T14:09:56","modified_gmt":"2023-06-02T12:09:56","slug":"pohjanmaan-namu-rahi","status":"publish","type":"product","link":"https:\/\/pohjanmaantehtaanmyymala.fi\/en\/tuote\/pohjanmaan-namu-rahi\/","title":{"rendered":"Pohjanmaan Namu-rahi 60&#215;60 cm"},"content":{"rendered":"<p>K\u00e4tev\u00e4 Namu-rahi tarjoaa tyylikk\u00e4\u00e4sti istuintilaa. Rahi toimii my\u00f6s jalkojen lepuutukseen ja sohvap\u00f6yt\u00e4n\u00e4. Suorakaiteen muotoista Namuu-rahia saa kahtena eri kokona; 60&#215;60 cm ja <a href=\"https:\/\/pohjanmaantehtaanmyymala.fi\/tuote\/pohjanmaan-namu-rahi-60x80-cm\/\">80&#215;60 cm<\/a>.<\/p>\n<p>Hinnat alkaen hintaryhm\u00e4n yksi kankailla.<\/p>\n<p>Namu-rahia voi tilata kaikilla merkkitilauskankailla sek\u00e4 nahkaverhoilulla. Rahi on my\u00f6s mahdollista suojata tehtaalla likaa hylkiv\u00e4ll\u00e4 k\u00e4sittelyll\u00e4.<\/p>\n<p>*Kysy tarjous <a href=\"https:\/\/pohjanmaantehtaanmyymala.fi\/yhteys\/\">myynnist\u00e4mme!<\/a><\/p>\n<h3>Tuotetiedot:<\/h3>\n<p>-Runko: koivuvaneria<br \/>\n-Pehmuste: HR 33\/140 vaahtomuovia, paksuus 30 mm, vanu 150 g\/m\u00b3<br \/>\n-Istuinkorkeus: 46 cm<br \/>\n-Mitat: 60&#215;60 cm<br \/>\n-jalat muovia, korkeus 20 mm, v\u00e4ri musta.<br \/>\nToimitetaan valmiiksi kasattuna.<\/p>\n<p>Namu-s\u00e4ilytysrahi on tilaustuote.<\/p>\n<p>&nbsp;<\/p>\n","protected":false},"excerpt":{"rendered":"<p>Perinteinen rahi kahdessa eri koossa.<\/p>\n","protected":false},"featured_media":18677,"comment_status":"closed","ping_status":"closed","template":"","meta":{"_acf_changed":false,"jetpack_post_was_ever_published":false,"jetpack_publicize_message":"","jetpack_publicize_feature_enabled":true,"jetpack_social_post_already_shared":true,"jetpack_social_options":{"image_generator_settings":{"template":"highway","default_image_id":0,"font":"","enabled":false},"version":2}},"product_brand":[270],"product_cat":[195,196],"product_tag":[],"class_list":{"0":"post-18673","1":"product","2":"type-product","3":"status-publish","4":"has-post-thumbnail","6":"product_brand-pohjanmaan","7":"product_cat-lepotuolit-ja-rahit","8":"product_cat-sailytyskalusteet-ja-tv-tasot","9":"product_shipping_class-161","11":"first","12":"instock","13":"sale","14":"purchasable","15":"product-type-simple"},"acf":[],"jetpack_publicize_connections":[],"jetpack_sharing_enabled":true,"jetpack-related-posts":[{"id":18687,"url":"https:\/\/pohjanmaantehtaanmyymala.fi\/en\/tuote\/pohjanmaan-namu-rahi-60x80-cm\/","url_meta":{"origin":18673,"position":0},"title":"Pohjanmaan Namu-rahi 60&#215;80 cm","author":"Sami Viitala","date":"October 31, 2021","format":false,"excerpt":"Vankka ja k\u00e4tev\u00e4 istuinrahi.","rel":"","context":"Similar post","block_context":{"text":"Similar post","link":""},"img":{"alt_text":"Pohjanmaan Namu-rahi 60x80 cm roosa","src":"https:\/\/i0.wp.com\/pohjanmaantehtaanmyymala.fi\/wp-content\/uploads\/2021\/10\/Namu-rahi-80x60-1.jpg?fit=551%2C551&ssl=1&resize=350%2C200","width":350,"height":200,"srcset":"https:\/\/i0.wp.com\/pohjanmaantehtaanmyymala.fi\/wp-content\/uploads\/2021\/10\/Namu-rahi-80x60-1.jpg?fit=551%2C551&ssl=1&resize=350%2C200 1x, https:\/\/i0.wp.com\/pohjanmaantehtaanmyymala.fi\/wp-content\/uploads\/2021\/10\/Namu-rahi-80x60-1.jpg?fit=551%2C551&ssl=1&resize=525%2C300 1.5x"},"classes":[]},{"id":18691,"url":"https:\/\/pohjanmaantehtaanmyymala.fi\/en\/tuote\/pohjanmaan-namu-rahi-o-40-cm\/","url_meta":{"origin":18673,"position":1},"title":"Pohjanmaan Namu-rahi \u00d8 40 cm","author":"Sami Viitala","date":"October 31, 2021","format":false,"excerpt":"Vankka istuinjakkara.","rel":"","context":"Similar post","block_context":{"text":"Similar post","link":""},"img":{"alt_text":"Namu py\u00f6re\u00e4t rahit 40 cm ja 90 cm nahkainen ja kangas","src":"https:\/\/i0.wp.com\/pohjanmaantehtaanmyymala.fi\/wp-content\/uploads\/2021\/10\/Namu-rahi-pyorea-40-80-1.jpg?fit=960%2C960&ssl=1&resize=350%2C200","width":350,"height":200,"srcset":"https:\/\/i0.wp.com\/pohjanmaantehtaanmyymala.fi\/wp-content\/uploads\/2021\/10\/Namu-rahi-pyorea-40-80-1.jpg?fit=960%2C960&ssl=1&resize=350%2C200 1x, https:\/\/i0.wp.com\/pohjanmaantehtaanmyymala.fi\/wp-content\/uploads\/2021\/10\/Namu-rahi-pyorea-40-80-1.jpg?fit=960%2C960&ssl=1&resize=525%2C300 1.5x, https:\/\/i0.wp.com\/pohjanmaantehtaanmyymala.fi\/wp-content\/uploads\/2021\/10\/Namu-rahi-pyorea-40-80-1.jpg?fit=960%2C960&ssl=1&resize=700%2C400 2x"},"classes":[]},{"id":18705,"url":"https:\/\/pohjanmaantehtaanmyymala.fi\/en\/tuote\/pohjanmaan-namu-rahi-o-90-cm\/","url_meta":{"origin":18673,"position":2},"title":"Pohjanmaan Namu-rahi \u00d8 90 cm","author":"Sami Viitala","date":"October 31, 2021","format":false,"excerpt":"N\u00e4ytt\u00e4v\u00e4n kokoinen py\u00f6re\u00e4 istuinrahi.","rel":"","context":"Similar post","block_context":{"text":"Similar post","link":""},"img":{"alt_text":"Py\u00f6re\u00e4t Namu- rahit ruskea nahka 40 cm ja kirjava kangas 90 cm.","src":"https:\/\/i0.wp.com\/pohjanmaantehtaanmyymala.fi\/wp-content\/uploads\/2021\/10\/Namu-rahi-pyorea-40-80-3.jpg?fit=960%2C960&ssl=1&resize=350%2C200","width":350,"height":200,"srcset":"https:\/\/i0.wp.com\/pohjanmaantehtaanmyymala.fi\/wp-content\/uploads\/2021\/10\/Namu-rahi-pyorea-40-80-3.jpg?fit=960%2C960&ssl=1&resize=350%2C200 1x, https:\/\/i0.wp.com\/pohjanmaantehtaanmyymala.fi\/wp-content\/uploads\/2021\/10\/Namu-rahi-pyorea-40-80-3.jpg?fit=960%2C960&ssl=1&resize=525%2C300 1.5x, https:\/\/i0.wp.com\/pohjanmaantehtaanmyymala.fi\/wp-content\/uploads\/2021\/10\/Namu-rahi-pyorea-40-80-3.jpg?fit=960%2C960&ssl=1&resize=700%2C400 2x"},"classes":[]},{"id":17030,"url":"https:\/\/pohjanmaantehtaanmyymala.fi\/en\/tuote\/ecofurn-lilli-poyta-rahi-saarni\/","url_meta":{"origin":18673,"position":3},"title":"Ecofurn Lilli p\u00f6yt\u00e4-rahi, saarni","author":"Sami Viitala","date":"April 11, 2021","format":false,"excerpt":"Osta aito ja alkuper\u00e4inen jalopuinen Ecorahi. Valitse v\u00e4ri!","rel":"","context":"Similar post","block_context":{"text":"Similar post","link":""},"img":{"alt_text":"EcoFurn Lilli p\u00f6yt\u00e4-rahi ruskea saarni","src":"https:\/\/i0.wp.com\/pohjanmaantehtaanmyymala.fi\/wp-content\/uploads\/2021\/04\/Lilli90719-ruskea-saarni.jpg?fit=1200%2C1200&ssl=1&resize=350%2C200","width":350,"height":200,"srcset":"https:\/\/i0.wp.com\/pohjanmaantehtaanmyymala.fi\/wp-content\/uploads\/2021\/04\/Lilli90719-ruskea-saarni.jpg?fit=1200%2C1200&ssl=1&resize=350%2C200 1x, https:\/\/i0.wp.com\/pohjanmaantehtaanmyymala.fi\/wp-content\/uploads\/2021\/04\/Lilli90719-ruskea-saarni.jpg?fit=1200%2C1200&ssl=1&resize=525%2C300 1.5x, https:\/\/i0.wp.com\/pohjanmaantehtaanmyymala.fi\/wp-content\/uploads\/2021\/04\/Lilli90719-ruskea-saarni.jpg?fit=1200%2C1200&ssl=1&resize=700%2C400 2x, https:\/\/i0.wp.com\/pohjanmaantehtaanmyymala.fi\/wp-content\/uploads\/2021\/04\/Lilli90719-ruskea-saarni.jpg?fit=1200%2C1200&ssl=1&resize=1050%2C600 3x"},"classes":[]},{"id":17051,"url":"https:\/\/pohjanmaantehtaanmyymala.fi\/en\/tuote\/ecofurn-lilli-poyta-rahi-tervaleppa\/","url_meta":{"origin":18673,"position":4},"title":"Ecofurn Lilli p\u00f6yt\u00e4-rahi, tervalepp\u00e4","author":"Sami Viitala","date":"April 11, 2021","format":false,"excerpt":"Osta aito ja alkuper\u00e4inen Ecorahi. Valitse v\u00e4ri!","rel":"","context":"Similar post","block_context":{"text":"Similar post","link":""},"img":{"alt_text":"EcoFurn Lilli p\u00f6yt\u00e4-rahi musta tervalepp\u00e4","src":"https:\/\/i0.wp.com\/pohjanmaantehtaanmyymala.fi\/wp-content\/uploads\/2021\/04\/Lilli90849-musta-tervaleppa.jpg?fit=1200%2C1200&ssl=1&resize=350%2C200","width":350,"height":200,"srcset":"https:\/\/i0.wp.com\/pohjanmaantehtaanmyymala.fi\/wp-content\/uploads\/2021\/04\/Lilli90849-musta-tervaleppa.jpg?fit=1200%2C1200&ssl=1&resize=350%2C200 1x, https:\/\/i0.wp.com\/pohjanmaantehtaanmyymala.fi\/wp-content\/uploads\/2021\/04\/Lilli90849-musta-tervaleppa.jpg?fit=1200%2C1200&ssl=1&resize=525%2C300 1.5x, https:\/\/i0.wp.com\/pohjanmaantehtaanmyymala.fi\/wp-content\/uploads\/2021\/04\/Lilli90849-musta-tervaleppa.jpg?fit=1200%2C1200&ssl=1&resize=700%2C400 2x, https:\/\/i0.wp.com\/pohjanmaantehtaanmyymala.fi\/wp-content\/uploads\/2021\/04\/Lilli90849-musta-tervaleppa.jpg?fit=1200%2C1200&ssl=1&resize=1050%2C600 3x"},"classes":[]},{"id":17073,"url":"https:\/\/pohjanmaantehtaanmyymala.fi\/en\/tuote\/ecofurn-lilli-poyta-rahi-lehtikuusi\/","url_meta":{"origin":18673,"position":5},"title":"Ecofurn Lilli p\u00f6yt\u00e4-rahi, lehtikuusi","author":"Sami Viitala","date":"April 12, 2021","format":false,"excerpt":"Osta aito ja kest\u00e4v\u00e4 siperianlehtikuusesta valmistettu Ecorahi.","rel":"","context":"Similar post","block_context":{"text":"Similar post","link":""},"img":{"alt_text":"EcoFurn Lilli p\u00f6yt\u00e4-rahi lehtikuusi","src":"https:\/\/i0.wp.com\/pohjanmaantehtaanmyymala.fi\/wp-content\/uploads\/2021\/04\/Lilli90511-lehtikuusi.jpg?fit=1200%2C1200&ssl=1&resize=350%2C200","width":350,"height":200,"srcset":"https:\/\/i0.wp.com\/pohjanmaantehtaanmyymala.fi\/wp-content\/uploads\/2021\/04\/Lilli90511-lehtikuusi.jpg?fit=1200%2C1200&ssl=1&resize=350%2C200 1x, https:\/\/i0.wp.com\/pohjanmaantehtaanmyymala.fi\/wp-content\/uploads\/2021\/04\/Lilli90511-lehtikuusi.jpg?fit=1200%2C1200&ssl=1&resize=525%2C300 1.5x, https:\/\/i0.wp.com\/pohjanmaantehtaanmyymala.fi\/wp-content\/uploads\/2021\/04\/Lilli90511-lehtikuusi.jpg?fit=1200%2C1200&ssl=1&resize=700%2C400 2x, https:\/\/i0.wp.com\/pohjanmaantehtaanmyymala.fi\/wp-content\/uploads\/2021\/04\/Lilli90511-lehtikuusi.jpg?fit=1200%2C1200&ssl=1&resize=1050%2C600 3x"},"classes":[]}],"_links":{"self":[{"href":"https:\/\/pohjanmaantehtaanmyymala.fi\/en\/wp-json\/wp\/v2\/product\/18673","targetHints":{"allow":["GET"]}}],"collection":[{"href":"https:\/\/pohjanmaantehtaanmyymala.fi\/en\/wp-json\/wp\/v2\/product"}],"about":[{"href":"https:\/\/pohjanmaantehtaanmyymala.fi\/en\/wp-json\/wp\/v2\/types\/product"}],"replies":[{"embeddable":true,"href":"https:\/\/pohjanmaantehtaanmyymala.fi\/en\/wp-json\/wp\/v2\/comments?post=18673"}],"wp:featuredmedia":[{"embeddable":true,"href":"https:\/\/pohjanmaantehtaanmyymala.fi\/en\/wp-json\/wp\/v2\/media\/18677"}],"wp:attachment":[{"href":"https:\/\/pohjanmaantehtaanmyymala.fi\/en\/wp-json\/wp\/v2\/media?parent=18673"}],"wp:term":[{"taxonomy":"product_brand","embeddable":true,"href":"https:\/\/pohjanmaantehtaanmyymala.fi\/en\/wp-json\/wp\/v2\/product_brand?post=18673"},{"taxonomy":"product_cat","embeddable":true,"href":"https:\/\/pohjanmaantehtaanmyymala.fi\/en\/wp-json\/wp\/v2\/product_cat?post=18673"},{"taxonomy":"product_tag","embeddable":true,"href":"https:\/\/pohjanmaantehtaanmyymala.fi\/en\/wp-json\/wp\/v2\/product_tag?post=18673"}],"curies":[{"name":"wp","href":"https:\/\/api.w.org\/{rel}","templated":true}]}}