{"id":18606,"date":"2021-10-29T16:36:30","date_gmt":"2021-10-29T14:36:30","guid":{"rendered":"https:\/\/pohjanmaantehtaanmyymala.fi\/?post_type=product&#038;p=18606"},"modified":"2023-02-27T18:22:46","modified_gmt":"2023-02-27T16:22:46","slug":"ohio-lankkupoyta-240-cm","status":"publish","type":"product","link":"https:\/\/pohjanmaantehtaanmyymala.fi\/en\/tuote\/ohio-lankkupoyta-240-cm\/","title":{"rendered":"Ohio &#8211; lankkup\u00f6yt\u00e4 240&#215;95 cm"},"content":{"rendered":"<p>Iso Ohio -ruokap\u00f6yt\u00e4 240&#215;95 cm on kaunis massiivitammesta valmistettu p\u00f6yt\u00e4, jossa on metallijalat. Ohiossa on kaksi p\u00f6yt\u00e4 lankku, jotka ovat viimeistelty\u00e4 tammea. P\u00e4\u00e4kuvan p\u00f6yt\u00e4 on valkolakattua (nordic oak) tammea. Ohio p\u00f6yd\u00e4n muut v\u00e4rit ovat lakattu- ja \u00f6ljytty tammi sek\u00e4 smoked-ruskea.<\/p>\n<p>Ohio-p\u00f6yd\u00e4n jalat saa mustana tai valkoisena.<\/p>\n<p>Ohio-p\u00f6yt\u00e4st\u00e4 saa my\u00f6s koot: 180&#215;95 cm ja 200&#215;95 cm.<\/p>\n<p>P\u00f6yt\u00e4\u00e4 voit halutessasi valita my\u00f6s 1-osaisen t\u00e4ysleve\u00e4n kannen.<\/p>\n<p>Lis\u00e4\u00e4 Pohjanmaan Kalusteen valmistamia ruokap\u00f6yti\u00e4 l\u00f6yd\u00e4t my\u00f6s <a href=\"https:\/\/www.pohjanmaan.fi\/ruokapoydat\" target=\"_blank\" rel=\"noopener\">Pohjanmaan.fi verkkosivuilta.<\/a><\/p>\n<p>*Kysy tarjous <a href=\"https:\/\/pohjanmaantehtaanmyymala.fi\/yhteys\/\">myynnist\u00e4mme!<\/a><\/p>\n<h3>Tuotetiedot:<\/h3>\n<p>-Kansi: Massiivitammea<br \/>\n-Kannen koko: 240&#215;95 cm<br \/>\n-Kannen vahvuus 25 mm<br \/>\n-jalat ter\u00e4st\u00e4<\/p>\n<p>Toimitetaan jalat irrallaan.<\/p>\n","protected":false},"excerpt":{"rendered":"<p>N\u00e4ytt\u00e4v\u00e4 ruokap\u00f6yt\u00e4 metallijaloilla.<\/p>\n","protected":false},"featured_media":18607,"comment_status":"closed","ping_status":"closed","template":"","meta":{"_acf_changed":false,"jetpack_post_was_ever_published":false,"jetpack_publicize_message":"","jetpack_publicize_feature_enabled":true,"jetpack_social_post_already_shared":true,"jetpack_social_options":{"image_generator_settings":{"template":"highway","default_image_id":0,"font":"","enabled":false},"version":2}},"product_brand":[270],"product_cat":[194],"product_tag":[],"class_list":{"0":"post-18606","1":"product","2":"type-product","3":"status-publish","4":"has-post-thumbnail","6":"product_brand-pohjanmaan","7":"product_cat-ruokapoydat-ja-tuolit","8":"product_shipping_class-161","10":"first","11":"instock","12":"sale","13":"purchasable","14":"product-type-simple"},"acf":[],"jetpack_publicize_connections":[],"jetpack_sharing_enabled":true,"jetpack-related-posts":[{"id":18646,"url":"https:\/\/pohjanmaantehtaanmyymala.fi\/en\/tuote\/ohio-lankkupoyta-200-cm\/","url_meta":{"origin":18606,"position":0},"title":"Ohio &#8211; lankkup\u00f6yt\u00e4 200&#215;95 cm","author":"Sami Viitala","date":"October 31, 2021","format":false,"excerpt":"Tilava lankkuruokap\u00f6yt\u00e4 metallijaloilla.","rel":"","context":"Similar post","block_context":{"text":"Similar post","link":""},"img":{"alt_text":"Ohio lankkup\u00f6yt\u00e4 200x95 cm smoked-v\u00e4ri metallijaloilla","src":"https:\/\/i0.wp.com\/pohjanmaantehtaanmyymala.fi\/wp-content\/uploads\/2021\/10\/Pohjanmaan_Ohio-lankkupoyta-200.jpg?fit=960%2C960&ssl=1&resize=350%2C200","width":350,"height":200,"srcset":"https:\/\/i0.wp.com\/pohjanmaantehtaanmyymala.fi\/wp-content\/uploads\/2021\/10\/Pohjanmaan_Ohio-lankkupoyta-200.jpg?fit=960%2C960&ssl=1&resize=350%2C200 1x, https:\/\/i0.wp.com\/pohjanmaantehtaanmyymala.fi\/wp-content\/uploads\/2021\/10\/Pohjanmaan_Ohio-lankkupoyta-200.jpg?fit=960%2C960&ssl=1&resize=525%2C300 1.5x, https:\/\/i0.wp.com\/pohjanmaantehtaanmyymala.fi\/wp-content\/uploads\/2021\/10\/Pohjanmaan_Ohio-lankkupoyta-200.jpg?fit=960%2C960&ssl=1&resize=700%2C400 2x"},"classes":[]},{"id":18631,"url":"https:\/\/pohjanmaantehtaanmyymala.fi\/en\/tuote\/ohio-lankkupoyta-180-cm\/","url_meta":{"origin":18606,"position":1},"title":"Ohio &#8211; lankkup\u00f6yt\u00e4 180&#215;95 cm","author":"Sami Viitala","date":"October 30, 2021","format":false,"excerpt":"N\u00e4ytt\u00e4v\u00e4 lankkuruokap\u00f6yt\u00e4 metallijaloilla.","rel":"","context":"Similar post","block_context":{"text":"Similar post","link":""},"img":{"alt_text":"Ohio-lankkup\u00f6yt\u00e4 180 cm smoked-v\u00e4ri","src":"https:\/\/i0.wp.com\/pohjanmaantehtaanmyymala.fi\/wp-content\/uploads\/2021\/10\/Pohjanmaan_Ohio-lankkup_180-smoked.jpg?fit=960%2C960&ssl=1&resize=350%2C200","width":350,"height":200,"srcset":"https:\/\/i0.wp.com\/pohjanmaantehtaanmyymala.fi\/wp-content\/uploads\/2021\/10\/Pohjanmaan_Ohio-lankkup_180-smoked.jpg?fit=960%2C960&ssl=1&resize=350%2C200 1x, https:\/\/i0.wp.com\/pohjanmaantehtaanmyymala.fi\/wp-content\/uploads\/2021\/10\/Pohjanmaan_Ohio-lankkup_180-smoked.jpg?fit=960%2C960&ssl=1&resize=525%2C300 1.5x, https:\/\/i0.wp.com\/pohjanmaantehtaanmyymala.fi\/wp-content\/uploads\/2021\/10\/Pohjanmaan_Ohio-lankkup_180-smoked.jpg?fit=960%2C960&ssl=1&resize=700%2C400 2x"},"classes":[]},{"id":8641,"url":"https:\/\/pohjanmaantehtaanmyymala.fi\/en\/tuote\/delta-tammipoyta-220cm\/","url_meta":{"origin":18606,"position":2},"title":"DELTA &#8211; tammip\u00f6yt\u00e4 220&#215;100 cm","author":"petri","date":"September 14, 2019","format":false,"excerpt":"Delta -ruokap\u00f6yt\u00e4 on todella tukeva massiivitammesta valmistettu p\u00f6yt\u00e4. Tammi on puulajina yksi kest\u00e4vimmist\u00e4, joka pit\u00e4\u00e4 ominaisuutensa vuosia, eik\u00e4 kulu kovassakaan k\u00e4yt\u00f6ss\u00e4. V\u00e4rivaihtoehdot tammip\u00f6yt\u00e4\u00e4n: \u00f6ljytty ja lakattu tammi sek\u00e4 lis\u00e4hintaan teak, musta, smoked ja nordic-valkolakattu. Delta-p\u00f6yt\u00e4\u00e4 saa my\u00f6s massiivikoivuisena eri v\u00e4reiss\u00e4 sek\u00e4 valkoiseksi maalattuna (kansi on silloin MDF-levy\u00e4). Delta-p\u00f6yd\u00e4n muut saatavilla\u2026","rel":"","context":"Similar post","block_context":{"text":"Similar post","link":""},"img":{"alt_text":"Delta p\u00f6yt\u00e4 100x200 \u00d6ljytty Massiivitammi","src":"https:\/\/i0.wp.com\/pohjanmaantehtaanmyymala.fi\/wp-content\/uploads\/2019\/06\/Delta-100x200-Oljytty-Massiivitammi-1.jpg?fit=960%2C960&ssl=1&resize=350%2C200","width":350,"height":200,"srcset":"https:\/\/i0.wp.com\/pohjanmaantehtaanmyymala.fi\/wp-content\/uploads\/2019\/06\/Delta-100x200-Oljytty-Massiivitammi-1.jpg?fit=960%2C960&ssl=1&resize=350%2C200 1x, https:\/\/i0.wp.com\/pohjanmaantehtaanmyymala.fi\/wp-content\/uploads\/2019\/06\/Delta-100x200-Oljytty-Massiivitammi-1.jpg?fit=960%2C960&ssl=1&resize=525%2C300 1.5x, https:\/\/i0.wp.com\/pohjanmaantehtaanmyymala.fi\/wp-content\/uploads\/2019\/06\/Delta-100x200-Oljytty-Massiivitammi-1.jpg?fit=960%2C960&ssl=1&resize=700%2C400 2x"},"classes":[]},{"id":21201,"url":"https:\/\/pohjanmaantehtaanmyymala.fi\/en\/tuote\/delta-tammipoyta-280x115-cm\/","url_meta":{"origin":18606,"position":3},"title":"DELTA &#8211; tammip\u00f6yt\u00e4 280&#215;115 cm","author":"Sami Viitala","date":"September 5, 2022","format":false,"excerpt":"Delta ruokap\u00f6yt\u00e4 on todella tukeva massiivitammesta valmistettu p\u00f6yt\u00e4. Tammi on puulajina yksi kest\u00e4vimmist\u00e4, joka pit\u00e4\u00e4 ominaisuutensa vuosia, eik\u00e4 kulu kovassakaan k\u00e4yt\u00f6ss\u00e4. V\u00e4rivaihtoehdot tammip\u00f6yt\u00e4\u00e4n: \u00f6ljytty ja lakattu tammi sek\u00e4 lis\u00e4hintaan teak, musta, smoked ja nordic-valkolakattu. Delta-p\u00f6yt\u00e4\u00e4 saa my\u00f6s massiivikoivuisena eri v\u00e4reiss\u00e4 sek\u00e4 valkoiseksi maalattuna (kansi on silloin MDF-levy\u00e4). Delta-p\u00f6yd\u00e4n muut saatavilla\u2026","rel":"","context":"Similar post","block_context":{"text":"Similar post","link":""},"img":{"alt_text":"Delta p\u00f6yt\u00e4 100x200 \u00d6ljytty Massiivitammi","src":"https:\/\/i0.wp.com\/pohjanmaantehtaanmyymala.fi\/wp-content\/uploads\/2019\/06\/Delta-100x200-Oljytty-Massiivitammi-1.jpg?fit=960%2C960&ssl=1&resize=350%2C200","width":350,"height":200,"srcset":"https:\/\/i0.wp.com\/pohjanmaantehtaanmyymala.fi\/wp-content\/uploads\/2019\/06\/Delta-100x200-Oljytty-Massiivitammi-1.jpg?fit=960%2C960&ssl=1&resize=350%2C200 1x, https:\/\/i0.wp.com\/pohjanmaantehtaanmyymala.fi\/wp-content\/uploads\/2019\/06\/Delta-100x200-Oljytty-Massiivitammi-1.jpg?fit=960%2C960&ssl=1&resize=525%2C300 1.5x, https:\/\/i0.wp.com\/pohjanmaantehtaanmyymala.fi\/wp-content\/uploads\/2019\/06\/Delta-100x200-Oljytty-Massiivitammi-1.jpg?fit=960%2C960&ssl=1&resize=700%2C400 2x"},"classes":[]},{"id":8723,"url":"https:\/\/pohjanmaantehtaanmyymala.fi\/en\/tuote\/delta-tammipoyta-180cm\/","url_meta":{"origin":18606,"position":4},"title":"DELTA &#8211; tammip\u00f6yt\u00e4 180&#215;95 cm","author":"petri","date":"September 14, 2019","format":false,"excerpt":"Delta -ruokap\u00f6yt\u00e4 on jykev\u00e4 massiivitammesta valmistettu p\u00f6yt\u00e4. Tammi on puulajina kest\u00e4v\u00e4, joka pit\u00e4\u00e4 ominaisuutensa vuosia, eik\u00e4 kulu kovassakaan k\u00e4yt\u00f6ss\u00e4. V\u00e4rivaihtoehdot tammip\u00f6yt\u00e4\u00e4n: \u00f6ljytty ja lakattu tammi sek\u00e4 lis\u00e4hintaan teak, musta, smoked ja nordic-valkolakattu. Delta-p\u00f6yt\u00e4\u00e4 saa my\u00f6s massiivikoivuisena eri v\u00e4reiss\u00e4 sek\u00e4 valkoiseksi maalattuna (kansi on silloin MDF-levy\u00e4). Kysy my\u00f6s muita kokoja ja\u2026","rel":"","context":"Similar post","block_context":{"text":"Similar post","link":""},"img":{"alt_text":"Delta p\u00f6yt\u00e4 100x200 \u00d6ljytty Massiivitammi","src":"https:\/\/i0.wp.com\/pohjanmaantehtaanmyymala.fi\/wp-content\/uploads\/2019\/06\/Delta-100x200-Oljytty-Massiivitammi-1.jpg?fit=960%2C960&ssl=1&resize=350%2C200","width":350,"height":200,"srcset":"https:\/\/i0.wp.com\/pohjanmaantehtaanmyymala.fi\/wp-content\/uploads\/2019\/06\/Delta-100x200-Oljytty-Massiivitammi-1.jpg?fit=960%2C960&ssl=1&resize=350%2C200 1x, https:\/\/i0.wp.com\/pohjanmaantehtaanmyymala.fi\/wp-content\/uploads\/2019\/06\/Delta-100x200-Oljytty-Massiivitammi-1.jpg?fit=960%2C960&ssl=1&resize=525%2C300 1.5x, https:\/\/i0.wp.com\/pohjanmaantehtaanmyymala.fi\/wp-content\/uploads\/2019\/06\/Delta-100x200-Oljytty-Massiivitammi-1.jpg?fit=960%2C960&ssl=1&resize=700%2C400 2x"},"classes":[]},{"id":19096,"url":"https:\/\/pohjanmaantehtaanmyymala.fi\/en\/tuote\/rowico-winnipeg-poyta-200-cm\/","url_meta":{"origin":18606,"position":5},"title":"Rowico Winnipeg-p\u00f6yt\u00e4 200&#215;100 cm","author":"Sami Viitala","date":"November 17, 2021","format":false,"excerpt":"Selk\u00e4linjainen ruokap\u00f6yt\u00e4 metallijaloilla. Saatavan kahdessa eri v\u00e4riss\u00e4.","rel":"","context":"Similar post","block_context":{"text":"Similar post","link":""},"img":{"alt_text":"Winnipeg p\u00f6yt\u00e4 valkopesty tammi mustat jalat ruokatilassa","src":"https:\/\/i0.wp.com\/pohjanmaantehtaanmyymala.fi\/wp-content\/uploads\/2021\/11\/Winnipeg-poyta-200-valkotammi-musta-miljoo.jpg?fit=960%2C960&ssl=1&resize=350%2C200","width":350,"height":200,"srcset":"https:\/\/i0.wp.com\/pohjanmaantehtaanmyymala.fi\/wp-content\/uploads\/2021\/11\/Winnipeg-poyta-200-valkotammi-musta-miljoo.jpg?fit=960%2C960&ssl=1&resize=350%2C200 1x, https:\/\/i0.wp.com\/pohjanmaantehtaanmyymala.fi\/wp-content\/uploads\/2021\/11\/Winnipeg-poyta-200-valkotammi-musta-miljoo.jpg?fit=960%2C960&ssl=1&resize=525%2C300 1.5x, https:\/\/i0.wp.com\/pohjanmaantehtaanmyymala.fi\/wp-content\/uploads\/2021\/11\/Winnipeg-poyta-200-valkotammi-musta-miljoo.jpg?fit=960%2C960&ssl=1&resize=700%2C400 2x"},"classes":[]}],"_links":{"self":[{"href":"https:\/\/pohjanmaantehtaanmyymala.fi\/en\/wp-json\/wp\/v2\/product\/18606","targetHints":{"allow":["GET"]}}],"collection":[{"href":"https:\/\/pohjanmaantehtaanmyymala.fi\/en\/wp-json\/wp\/v2\/product"}],"about":[{"href":"https:\/\/pohjanmaantehtaanmyymala.fi\/en\/wp-json\/wp\/v2\/types\/product"}],"replies":[{"embeddable":true,"href":"https:\/\/pohjanmaantehtaanmyymala.fi\/en\/wp-json\/wp\/v2\/comments?post=18606"}],"wp:featuredmedia":[{"embeddable":true,"href":"https:\/\/pohjanmaantehtaanmyymala.fi\/en\/wp-json\/wp\/v2\/media\/18607"}],"wp:attachment":[{"href":"https:\/\/pohjanmaantehtaanmyymala.fi\/en\/wp-json\/wp\/v2\/media?parent=18606"}],"wp:term":[{"taxonomy":"product_brand","embeddable":true,"href":"https:\/\/pohjanmaantehtaanmyymala.fi\/en\/wp-json\/wp\/v2\/product_brand?post=18606"},{"taxonomy":"product_cat","embeddable":true,"href":"https:\/\/pohjanmaantehtaanmyymala.fi\/en\/wp-json\/wp\/v2\/product_cat?post=18606"},{"taxonomy":"product_tag","embeddable":true,"href":"https:\/\/pohjanmaantehtaanmyymala.fi\/en\/wp-json\/wp\/v2\/product_tag?post=18606"}],"curies":[{"name":"wp","href":"https:\/\/api.w.org\/{rel}","templated":true}]}}