{"id":18217,"date":"2021-10-03T21:00:03","date_gmt":"2021-10-03T19:00:03","guid":{"rendered":"https:\/\/pohjanmaantehtaanmyymala.fi\/?post_type=product&#038;p=18217"},"modified":"2023-09-15T12:08:24","modified_gmt":"2023-09-15T10:08:24","slug":"vm-carpet-kide-matto","status":"publish","type":"product","link":"https:\/\/pohjanmaantehtaanmyymala.fi\/en\/tuote\/vm-carpet-kide-matto\/","title":{"rendered":"VM Carpet Kide-matto"},"content":{"rendered":"<p>VM Carpetin Kide on tihe\u00e4nukkainen ja mukanvan pehme\u00e4 matto. Se vaimentaa \u00e4\u00e4ni\u00e4 ja on pehme\u00e4 jalan alla. Kide-matto on monipuolinen, ja se solvetuu moniin kodin k\u00e4ytt\u00f6kohteisiin. Maton lyhyt nukka helpottaa maton puhditusta. Kide-maton pohjassa on liukumaton EVAPOLYTEX\u00ae, joka tekee matosta joustavan ja ryhdikk\u00e4\u00e4n. Niin kuin kaikista VM Carpetin matoista, niin my\u00f6s Kide-mattosta on mahdollisuus tilata omien mittojen mukaan tehdyn erikoiskokoisen maton.<\/p>\n<p>Voit my\u00f6s laskea itse omalle koolle suuntaa antavan ohjehinnan <a href=\"https:\/\/vm-carpet.fi\/tuote\/kide\/\">VM-Carpetin Kide-maton tuotesivulla<\/a> olevalla laskurilla. Tuotesivulla n\u00e4et my\u00f6s vakiokokoisten mattojen ohjehinnat.<\/p>\n<p>Kide-maton koot:<br \/>\n-py\u00f6re\u00e4t koot: \u00d8 133 cm, \u00d8 160 cm, \u00d8 200 cm, \u00d8 240 cm<br \/>\n-k\u00e4yt\u00e4v\u00e4koot: 80&#215;150 cm, 80&#215;200 cm, 80&#215;250 cm, 80&#215;300 cm<br \/>\n-suorakaidekoot: 133&#215;200 cm, 160&#215;230 cm, 200&#215;300 cm<\/p>\n<p>V\u00e4rivaihtoehdot ovat:<br \/>\n-Vaaleanharmaa 174<br \/>\n-Harmaa 175<br \/>\n-Antrasiitti 76<br \/>\n-Oranssi 225<br \/>\n-Beige 73<br \/>\n-Ruskea 94<\/p>\n<p>Ole hyv\u00e4 ja kysy <a href=\"https:\/\/pohjanmaantehtaanmyymala.fi\/yhteys\/\">myynnist\u00e4mme<\/a> p\u00e4iv\u00e4n tarjoushinta. Toimitamme maton kotiisi tai voit noutaa sen Tehtaanmyym\u00e4l\u00e4st\u00e4 Kurikasta n. 2-3 viikon sis\u00e4ll\u00e4 tilauksestasi.<\/p>\n<h3>Tuotetiedot:<\/h3>\n<p><strong>Materiaali<\/strong>: 100 % polyamidi<br \/>\n<strong>Pohjaus<\/strong>: EVAPOLYTEX\u00ae<br \/>\n<strong>Hoito-ohjeet<\/strong>: Imurointi ja tarvittaessa tuuletus. Tahrojen poisto tuoreeltaan puhtaalla, kostealla liinalla, ei hankausta.<br \/>\n<strong>Pesuohjeet<\/strong>: Kuivapesu vaahdolla joko tai ammattimainen tasovesipesu max. +30\u00b0C miedolla hienopesuaineliuoksella. Ei kest\u00e4 liuotusta tai kovaa hankausta! Huuhtelu mahdollisimman runsaalla vedell\u00e4. Ylim\u00e4\u00e4r\u00e4inen vesi poistetaan esim. telapuristimella. Matto muotoillaan kosteana ja kuivatetaan ilmavasti tasossa. Ei saa taittaa.<\/p>\n","protected":false},"excerpt":{"rendered":"<p>\u00c4\u00e4nt\u00e4vaimentava ja miellytt\u00e4v\u00e4n tuntuinen polyamidi-nukkamatto.<\/p>\n","protected":false},"featured_media":18218,"comment_status":"closed","ping_status":"closed","template":"","meta":{"_acf_changed":false,"jetpack_post_was_ever_published":false,"jetpack_publicize_message":"","jetpack_publicize_feature_enabled":true,"jetpack_social_post_already_shared":true,"jetpack_social_options":{"image_generator_settings":{"template":"highway","default_image_id":0,"font":"","enabled":false},"version":2}},"product_brand":[324],"product_cat":[210,325],"product_tag":[],"class_list":{"0":"post-18217","1":"product","2":"type-product","3":"status-publish","4":"has-post-thumbnail","6":"product_brand-vm-carpet","7":"product_cat-matot","8":"product_cat-vm-carpet-matot","9":"pa_vari-antrasiitti-76","10":"pa_vari-beige-73","11":"pa_vari-harmaa-175","12":"pa_vari-oranssi-225","13":"pa_vari-ruskea-94","14":"pa_vari-vaaleanharmaa-174","16":"first","17":"instock","18":"shipping-taxable","19":"purchasable","20":"product-type-simple"},"acf":[],"jetpack_publicize_connections":[],"jetpack_sharing_enabled":true,"jetpack-related-posts":[{"id":18254,"url":"https:\/\/pohjanmaantehtaanmyymala.fi\/en\/tuote\/vm-carpet-tessa-matto\/","url_meta":{"origin":18217,"position":0},"title":"VM Carpet Basaltti-matto","author":"Sami Viitala","date":"October 4, 2021","format":false,"excerpt":"Upea el\u00e4v\u00e4pintainen nukkamatto.","rel":"","context":"Similar post","block_context":{"text":"Similar post","link":""},"img":{"alt_text":"Vm Carpetin mahongin v\u00e4rinen Basaltti matto ruokailutilassa","src":"https:\/\/i0.wp.com\/pohjanmaantehtaanmyymala.fi\/wp-content\/uploads\/2021\/10\/Basaltti-mahonki-300-miljoo.jpg?fit=960%2C960&ssl=1&resize=350%2C200","width":350,"height":200,"srcset":"https:\/\/i0.wp.com\/pohjanmaantehtaanmyymala.fi\/wp-content\/uploads\/2021\/10\/Basaltti-mahonki-300-miljoo.jpg?fit=960%2C960&ssl=1&resize=350%2C200 1x, https:\/\/i0.wp.com\/pohjanmaantehtaanmyymala.fi\/wp-content\/uploads\/2021\/10\/Basaltti-mahonki-300-miljoo.jpg?fit=960%2C960&ssl=1&resize=525%2C300 1.5x, https:\/\/i0.wp.com\/pohjanmaantehtaanmyymala.fi\/wp-content\/uploads\/2021\/10\/Basaltti-mahonki-300-miljoo.jpg?fit=960%2C960&ssl=1&resize=700%2C400 2x"},"classes":[]},{"id":18198,"url":"https:\/\/pohjanmaantehtaanmyymala.fi\/en\/tuote\/vm-carpet-hattara-matto\/","url_meta":{"origin":18217,"position":1},"title":"VM Carpet Hattara-matto","author":"Sami Viitala","date":"October 3, 2021","format":false,"excerpt":"Pehme\u00e4 ja kest\u00e4v\u00e4 polyamidi-nukkamatto kotik\u00e4ytt\u00f6\u00f6n.","rel":"","context":"Similar post","block_context":{"text":"Similar post","link":""},"img":{"alt_text":"Hattara matto beige","src":"https:\/\/i0.wp.com\/pohjanmaantehtaanmyymala.fi\/wp-content\/uploads\/2021\/10\/Hattara-beige-49-interior-pien.jpg?fit=960%2C960&ssl=1&resize=350%2C200","width":350,"height":200,"srcset":"https:\/\/i0.wp.com\/pohjanmaantehtaanmyymala.fi\/wp-content\/uploads\/2021\/10\/Hattara-beige-49-interior-pien.jpg?fit=960%2C960&ssl=1&resize=350%2C200 1x, https:\/\/i0.wp.com\/pohjanmaantehtaanmyymala.fi\/wp-content\/uploads\/2021\/10\/Hattara-beige-49-interior-pien.jpg?fit=960%2C960&ssl=1&resize=525%2C300 1.5x, https:\/\/i0.wp.com\/pohjanmaantehtaanmyymala.fi\/wp-content\/uploads\/2021\/10\/Hattara-beige-49-interior-pien.jpg?fit=960%2C960&ssl=1&resize=700%2C400 2x"},"classes":[]},{"id":18233,"url":"https:\/\/pohjanmaantehtaanmyymala.fi\/en\/tuote\/vm-carpet-silkkitie-matto\/","url_meta":{"origin":18217,"position":2},"title":"VM Carpet Silkkitie-matto","author":"Sami Viitala","date":"October 4, 2021","format":false,"excerpt":"Ajattoman kaunis ja tuntuu mukavan silkinpehme\u00e4lt\u00e4 jalan alla.","rel":"","context":"Similar post","block_context":{"text":"Similar post","link":""},"img":{"alt_text":"Silkkitie-matto Vm Carpet beige olohuoneessa","src":"https:\/\/i0.wp.com\/pohjanmaantehtaanmyymala.fi\/wp-content\/uploads\/2021\/10\/Silkkitie-beige-49-3-pien.jpg?fit=960%2C960&ssl=1&resize=350%2C200","width":350,"height":200,"srcset":"https:\/\/i0.wp.com\/pohjanmaantehtaanmyymala.fi\/wp-content\/uploads\/2021\/10\/Silkkitie-beige-49-3-pien.jpg?fit=960%2C960&ssl=1&resize=350%2C200 1x, https:\/\/i0.wp.com\/pohjanmaantehtaanmyymala.fi\/wp-content\/uploads\/2021\/10\/Silkkitie-beige-49-3-pien.jpg?fit=960%2C960&ssl=1&resize=525%2C300 1.5x, https:\/\/i0.wp.com\/pohjanmaantehtaanmyymala.fi\/wp-content\/uploads\/2021\/10\/Silkkitie-beige-49-3-pien.jpg?fit=960%2C960&ssl=1&resize=700%2C400 2x"},"classes":[]},{"id":23513,"url":"https:\/\/pohjanmaantehtaanmyymala.fi\/en\/tuote\/vm-carpet-satine-matto\/","url_meta":{"origin":18217,"position":3},"title":"VM Carpet Satine-matto","author":"Sami Viitala","date":"September 15, 2023","format":false,"excerpt":"Ajattoman kaunis ja tuntuu mukavan silkinpehme\u00e4lt\u00e4 jalan alla.","rel":"","context":"Similar post","block_context":{"text":"Similar post","link":""},"img":{"alt_text":"Vm Carpet Satine matto vihre\u00e4 milj\u00f6\u00f6kuva","src":"https:\/\/i0.wp.com\/pohjanmaantehtaanmyymala.fi\/wp-content\/uploads\/2023\/09\/Satine-green-pien.jpg?fit=960%2C960&ssl=1&resize=350%2C200","width":350,"height":200,"srcset":"https:\/\/i0.wp.com\/pohjanmaantehtaanmyymala.fi\/wp-content\/uploads\/2023\/09\/Satine-green-pien.jpg?fit=960%2C960&ssl=1&resize=350%2C200 1x, https:\/\/i0.wp.com\/pohjanmaantehtaanmyymala.fi\/wp-content\/uploads\/2023\/09\/Satine-green-pien.jpg?fit=960%2C960&ssl=1&resize=525%2C300 1.5x, https:\/\/i0.wp.com\/pohjanmaantehtaanmyymala.fi\/wp-content\/uploads\/2023\/09\/Satine-green-pien.jpg?fit=960%2C960&ssl=1&resize=700%2C400 2x"},"classes":[]},{"id":18414,"url":"https:\/\/pohjanmaantehtaanmyymala.fi\/en\/tuote\/vm-carpet-viita-matto\/","url_meta":{"origin":18217,"position":4},"title":"VM Carpet Viita-matto","author":"Sami Viitala","date":"October 7, 2021","format":false,"excerpt":"Upea kotimainen pellava-villamatto.","rel":"","context":"Similar post","block_context":{"text":"Similar post","link":""},"img":{"alt_text":"Viita-matto beige lepotuolin kanssa","src":"https:\/\/i0.wp.com\/pohjanmaantehtaanmyymala.fi\/wp-content\/uploads\/2021\/10\/Viita-matto-beige-72.jpg?fit=960%2C960&ssl=1&resize=350%2C200","width":350,"height":200,"srcset":"https:\/\/i0.wp.com\/pohjanmaantehtaanmyymala.fi\/wp-content\/uploads\/2021\/10\/Viita-matto-beige-72.jpg?fit=960%2C960&ssl=1&resize=350%2C200 1x, https:\/\/i0.wp.com\/pohjanmaantehtaanmyymala.fi\/wp-content\/uploads\/2021\/10\/Viita-matto-beige-72.jpg?fit=960%2C960&ssl=1&resize=525%2C300 1.5x, https:\/\/i0.wp.com\/pohjanmaantehtaanmyymala.fi\/wp-content\/uploads\/2021\/10\/Viita-matto-beige-72.jpg?fit=960%2C960&ssl=1&resize=700%2C400 2x"},"classes":[]},{"id":18277,"url":"https:\/\/pohjanmaantehtaanmyymala.fi\/en\/tuote\/vm-carpet-rustiikki-matto\/","url_meta":{"origin":18217,"position":5},"title":"VM Carpet Rustiikki-matto","author":"Sami Viitala","date":"October 4, 2021","format":false,"excerpt":"Monivivahteiset v\u00e4rit ovat antavat t\u00e4lle matolle todellista luonnetta.","rel":"","context":"Similar post","block_context":{"text":"Similar post","link":""},"img":{"alt_text":"VM Capet Rustiikki-matto sininen kavilassa","src":"https:\/\/i0.wp.com\/pohjanmaantehtaanmyymala.fi\/wp-content\/uploads\/2021\/10\/Rustiikki-matto-sininen.jpg?fit=960%2C960&ssl=1&resize=350%2C200","width":350,"height":200,"srcset":"https:\/\/i0.wp.com\/pohjanmaantehtaanmyymala.fi\/wp-content\/uploads\/2021\/10\/Rustiikki-matto-sininen.jpg?fit=960%2C960&ssl=1&resize=350%2C200 1x, https:\/\/i0.wp.com\/pohjanmaantehtaanmyymala.fi\/wp-content\/uploads\/2021\/10\/Rustiikki-matto-sininen.jpg?fit=960%2C960&ssl=1&resize=525%2C300 1.5x, https:\/\/i0.wp.com\/pohjanmaantehtaanmyymala.fi\/wp-content\/uploads\/2021\/10\/Rustiikki-matto-sininen.jpg?fit=960%2C960&ssl=1&resize=700%2C400 2x"},"classes":[]}],"_links":{"self":[{"href":"https:\/\/pohjanmaantehtaanmyymala.fi\/en\/wp-json\/wp\/v2\/product\/18217","targetHints":{"allow":["GET"]}}],"collection":[{"href":"https:\/\/pohjanmaantehtaanmyymala.fi\/en\/wp-json\/wp\/v2\/product"}],"about":[{"href":"https:\/\/pohjanmaantehtaanmyymala.fi\/en\/wp-json\/wp\/v2\/types\/product"}],"replies":[{"embeddable":true,"href":"https:\/\/pohjanmaantehtaanmyymala.fi\/en\/wp-json\/wp\/v2\/comments?post=18217"}],"wp:featuredmedia":[{"embeddable":true,"href":"https:\/\/pohjanmaantehtaanmyymala.fi\/en\/wp-json\/wp\/v2\/media\/18218"}],"wp:attachment":[{"href":"https:\/\/pohjanmaantehtaanmyymala.fi\/en\/wp-json\/wp\/v2\/media?parent=18217"}],"wp:term":[{"taxonomy":"product_brand","embeddable":true,"href":"https:\/\/pohjanmaantehtaanmyymala.fi\/en\/wp-json\/wp\/v2\/product_brand?post=18217"},{"taxonomy":"product_cat","embeddable":true,"href":"https:\/\/pohjanmaantehtaanmyymala.fi\/en\/wp-json\/wp\/v2\/product_cat?post=18217"},{"taxonomy":"product_tag","embeddable":true,"href":"https:\/\/pohjanmaantehtaanmyymala.fi\/en\/wp-json\/wp\/v2\/product_tag?post=18217"}],"curies":[{"name":"wp","href":"https:\/\/api.w.org\/{rel}","templated":true}]}}