{"id":17852,"date":"2021-08-25T18:54:49","date_gmt":"2021-08-25T16:54:49","guid":{"rendered":"https:\/\/pohjanmaantehtaanmyymala.fi\/?post_type=product&#038;p=17852"},"modified":"2024-12-10T12:55:39","modified_gmt":"2024-12-10T10:55:39","slug":"atlanta-recliner-mekanismituoli-nahkaa","status":"publish","type":"product","link":"https:\/\/pohjanmaantehtaanmyymala.fi\/en\/tuote\/atlanta-recliner-mekanismituoli-nahkaa\/","title":{"rendered":"ATLANTA recliner mekanismituoli, nahkaa"},"content":{"rendered":"<p>Pohjanmaan Kalusteen Atlanta -mekanismituolissa on sis\u00e4\u00e4nrekennetut vy\u00f6hykkeet selk\u00e4- ja istuinosassa. jotka tukevat juuri oikealla tavalla tarjoten n\u00e4in erinomaisen istuinmukavuuden.<br \/>\nAtlanta -reclinertuolissa on mauaalisesti s\u00e4\u00e4tyv\u00e4t jalkarahi ja selk\u00e4noja.\u00a0 Atlanta reclineriin on saatavana lis\u00e4varusteena s\u00e4\u00e4dett\u00e4v\u00e4 Ergo-niskatuki, hintaan 140 \u20ac.<\/p>\n<p>Tuolin hinta on laskettu Labrador -nahkalla, mutta Atlantan verhoilun voi valita useista kangas- ja nahkavaihtoehdoista.<\/p>\n<p>Kuvan tuolissa on lis\u00e4varusteena metallikahva ja rosterinen jalusta, jotka sis\u00e4ltyv\u00e4t laskemaamme hintaan.<\/p>\n<p>Tutustu laajempaan valikoimaan tehtaanmyym\u00e4l\u00e4ss\u00e4mme. Lis\u00e4tietoja saat<a href=\"https:\/\/pohjanmaantehtaanmyymala.fi\/yhteys\/\"> myynnist\u00e4mme.<\/a><\/p>\n<p><a href=\"https:\/\/www.pohjanmaan.fi\/tuotteet\/atlanta\/mekanismituoli\" target=\"_blank\" rel=\"noopener\">Linkki Pohjanmaan Atlanta-tuolin tuotesivulle.<\/a><\/p>\n<h3>Tuotetiedot:<\/h3>\n<p>Runko: Massiivipuu, vaneri ja kovalevy (takuu 10-vuotta).<br \/>\nMekanismi: Metallia (takuu 2-vuotta)<br \/>\nIstuinpehmuste: No-zag jouset, 35HR100 vaahtomuovi.<br \/>\nSelk\u00e4nojan pehmuste: Kumivy\u00f6t, vanutyynyt.<br \/>\nVerhoilu: Labrador-nahka, taustat keinonahkaa.<br \/>\nJalka: ter\u00e4st\u00e4.<\/p>\n","protected":false},"excerpt":{"rendered":"<p>Lepotuoli, jossa on viident\u00e4hden istuinmukavuus.<\/p>\n","protected":false},"featured_media":15607,"comment_status":"closed","ping_status":"closed","template":"","meta":{"_acf_changed":false,"jetpack_post_was_ever_published":false,"jetpack_publicize_message":"","jetpack_publicize_feature_enabled":true,"jetpack_social_post_already_shared":true,"jetpack_social_options":{"image_generator_settings":{"template":"highway","default_image_id":0,"font":"","enabled":false},"version":2}},"product_brand":[270],"product_cat":[195],"product_tag":[],"class_list":{"0":"post-17852","1":"product","2":"type-product","3":"status-publish","4":"has-post-thumbnail","6":"product_brand-pohjanmaan","7":"product_cat-lepotuolit-ja-rahit","8":"product_shipping_class-161","10":"first","11":"instock","12":"sale","13":"purchasable","14":"product-type-simple"},"acf":[],"jetpack_publicize_connections":[],"jetpack_sharing_enabled":true,"jetpack-related-posts":[],"_links":{"self":[{"href":"https:\/\/pohjanmaantehtaanmyymala.fi\/en\/wp-json\/wp\/v2\/product\/17852","targetHints":{"allow":["GET"]}}],"collection":[{"href":"https:\/\/pohjanmaantehtaanmyymala.fi\/en\/wp-json\/wp\/v2\/product"}],"about":[{"href":"https:\/\/pohjanmaantehtaanmyymala.fi\/en\/wp-json\/wp\/v2\/types\/product"}],"replies":[{"embeddable":true,"href":"https:\/\/pohjanmaantehtaanmyymala.fi\/en\/wp-json\/wp\/v2\/comments?post=17852"}],"wp:featuredmedia":[{"embeddable":true,"href":"https:\/\/pohjanmaantehtaanmyymala.fi\/en\/wp-json\/wp\/v2\/media\/15607"}],"wp:attachment":[{"href":"https:\/\/pohjanmaantehtaanmyymala.fi\/en\/wp-json\/wp\/v2\/media?parent=17852"}],"wp:term":[{"taxonomy":"product_brand","embeddable":true,"href":"https:\/\/pohjanmaantehtaanmyymala.fi\/en\/wp-json\/wp\/v2\/product_brand?post=17852"},{"taxonomy":"product_cat","embeddable":true,"href":"https:\/\/pohjanmaantehtaanmyymala.fi\/en\/wp-json\/wp\/v2\/product_cat?post=17852"},{"taxonomy":"product_tag","embeddable":true,"href":"https:\/\/pohjanmaantehtaanmyymala.fi\/en\/wp-json\/wp\/v2\/product_tag?post=17852"}],"curies":[{"name":"wp","href":"https:\/\/api.w.org\/{rel}","templated":true}]}}