{"id":17772,"date":"2021-08-24T08:23:48","date_gmt":"2021-08-24T06:23:48","guid":{"rendered":"https:\/\/pohjanmaantehtaanmyymala.fi\/?post_type=product&#038;p=17772"},"modified":"2026-02-27T11:20:31","modified_gmt":"2026-02-27T09:20:31","slug":"halti-kulmavuodesohva-avopaadylla","status":"publish","type":"product","link":"https:\/\/pohjanmaantehtaanmyymala.fi\/en\/tuote\/halti-kulmavuodesohva-avopaadylla\/","title":{"rendered":"Halti kulmavuodesohva avop\u00e4\u00e4dyll\u00e4 alk."},"content":{"rendered":"<p>Pohjanmaan Kalusteen vientimalliston upeassa Halti-kulmavuodesohvassa on laadukas vuodemekanismi, s\u00e4ilytyslaatikko ja s\u00e4\u00e4dett\u00e4v\u00e4t niskatuet selk\u00e4nojissa. Haltista saat tehty\u00e4 helposti mielytt\u00e4v\u00e4n varavuoteen kahdelle. Varavuoteen lis\u00e4ksi kulmasohvasta l\u00f6ytyy tilava s\u00e4ilytyslaatikko avokulmaosan alta. Halti -kulmavuodesohvassa on k\u00e4tev\u00e4sti s\u00e4\u00e4dett\u00e4v\u00e4t selk\u00e4nojan niskatuet. Halti kulmasohvan istuinosan vuodemekanismissa on my\u00f6s k\u00e4tev\u00e4 toiminto; istuinosaa liu&#8217;uttamalla eteenp\u00e4in saadaan noin 10 cm syvempi istuinsyvyys. Lis\u00e4ksi Haltissa on huippulaadukkaat istuin- ja selk\u00e4pehmusteet, joten se sopiikin mainiosti jokap\u00e4iv\u00e4iseen kovaan k\u00e4ytt\u00f6\u00f6n kotiisi tai vapaa-ajanasunnolle.<\/p>\n<p>Halti kulmavuodesohvaa saa sek\u00e4 oikea- ett\u00e4 vasenk\u00e4tisen\u00e4 versiona. Me Pohjanmaalla katsomme aina sohvia edest\u00e4 p\u00e4in. Eli puhumme oikeak\u00e4tisest\u00e4 divaanisohvasta, niin silloin divaaniosa edest\u00e4 p\u00e4in katsottuna oikealla.<\/p>\n<p>Alkaenhinta laskettu hintaryhm\u00e4 1:sen kankaalla.<\/p>\n<p>Halti kulma-vuodesohvaa on saatavilla kest\u00e4vill\u00e4 verhoilunahoilla sek\u00e4\u00a0 my\u00f6s useilla eri kangasverhoiluvaihtoehdoilla, kysy tarjous ja lis\u00e4tietoa <a href=\"https:\/\/pohjanmaantehtaanmyymala.fi\/yhteys\/\">myynnist\u00e4mme!<\/a><\/p>\n<h3>Tuotetiedot:<\/h3>\n<p>Mitat: leveys 265 cm, korkeus 83-97 cm, syvyys 177 cm.<br \/>\nVuodekoko: 138&#215;203 cm.<br \/>\nRunko: Massiivipuu, vaneri ja kovalevy. (takuu 20-vuotta)<br \/>\nIstuinpehmusteet: no-zag jouset, HR35130 vaahtomuovi.<br \/>\nSelk\u00e4pehmuste: vaahtomuovi.<\/p>\n<p><a href=\"https:\/\/www.pohjanmaan.fi\/tuotteet\/halti\/kulmavuodesohva\" target=\"_blank\" rel=\"noopener noreferrer\">T\u00e4st\u00e4 on linkki Pohjanmaan Halti-tuotesivulle<\/a><\/p>\n<p>&nbsp;<\/p>\n","protected":false},"excerpt":{"rendered":"<p>Halti on laadukas valinta, kun on s\u00e4\u00e4nn\u00f6list\u00e4 tarvetta hyv\u00e4lle varavuoteelle.<\/p>\n","protected":false},"featured_media":17774,"comment_status":"closed","ping_status":"closed","template":"","meta":{"_acf_changed":false,"jetpack_post_was_ever_published":false,"jetpack_publicize_message":"","jetpack_publicize_feature_enabled":true,"jetpack_social_post_already_shared":true,"jetpack_social_options":{"image_generator_settings":{"template":"highway","default_image_id":0,"font":"","enabled":false},"version":2}},"product_brand":[270],"product_cat":[201,193],"product_tag":[],"class_list":{"0":"post-17772","1":"product","2":"type-product","3":"status-publish","4":"has-post-thumbnail","6":"product_brand-pohjanmaan","7":"product_cat-sohvat","8":"product_cat-vuodesohvat","9":"pa_vari-oliver-173-vaaleanharmaa","10":"pa_vari-oliver-236-beige","11":"pa_vari-oliver-358-keltainen","12":"pa_vari-oliver-515-5-mustanharmaa","13":"pa_vari-oliver-688-sininen","14":"pa_vari-oliver-715-punainen","15":"pa_vari-oliver-750-luonnonvalkoinen","17":"first","18":"instock","19":"sale","20":"shipping-taxable","21":"purchasable","22":"product-type-simple"},"acf":[],"jetpack_publicize_connections":[],"jetpack_sharing_enabled":true,"jetpack-related-posts":[{"id":21324,"url":"https:\/\/pohjanmaantehtaanmyymala.fi\/en\/tuote\/halti-vuodesohva\/","url_meta":{"origin":17772,"position":0},"title":"Halti vuodesohva alken hinta","author":"Sami Viitala","date":"September 10, 2022","format":false,"excerpt":"Pohjanmaan Kalusteen Luonto Furniture Amerikan vientimalliston isossa Halti-vuodesohvassa on laadukas vuodemekanismi ja s\u00e4\u00e4dett\u00e4v\u00e4t niskatuet selk\u00e4nojissa. Haltista voit tehd\u00e4 helposti mielytt\u00e4v\u00e4n varavuoteen kahdelle. Halti -vuodesohvassa on k\u00e4tev\u00e4sti s\u00e4\u00e4dett\u00e4v\u00e4t selk\u00e4nojan niskatuet. Lis\u00e4ksi Haltissa on huippulaadukkaat istuin- ja selk\u00e4pehmusteet, joten se sopiikin mainiosti jokap\u00e4iv\u00e4iseen kovaan k\u00e4ytt\u00f6\u00f6n kotiisi tai vapaa-ajanasunnolle. Linkki Halti-tuotekortiin tehtaan sivuille.\u2026","rel":"","context":"Similar post","block_context":{"text":"Similar post","link":""},"img":{"alt_text":"Halti vuodesohva harmaa","src":"https:\/\/i0.wp.com\/pohjanmaantehtaanmyymala.fi\/wp-content\/uploads\/2022\/09\/Halti_vuodesohva_Lens700.jpg?fit=1200%2C1200&ssl=1&resize=350%2C200","width":350,"height":200,"srcset":"https:\/\/i0.wp.com\/pohjanmaantehtaanmyymala.fi\/wp-content\/uploads\/2022\/09\/Halti_vuodesohva_Lens700.jpg?fit=1200%2C1200&ssl=1&resize=350%2C200 1x, https:\/\/i0.wp.com\/pohjanmaantehtaanmyymala.fi\/wp-content\/uploads\/2022\/09\/Halti_vuodesohva_Lens700.jpg?fit=1200%2C1200&ssl=1&resize=525%2C300 1.5x, https:\/\/i0.wp.com\/pohjanmaantehtaanmyymala.fi\/wp-content\/uploads\/2022\/09\/Halti_vuodesohva_Lens700.jpg?fit=1200%2C1200&ssl=1&resize=700%2C400 2x, https:\/\/i0.wp.com\/pohjanmaantehtaanmyymala.fi\/wp-content\/uploads\/2022\/09\/Halti_vuodesohva_Lens700.jpg?fit=1200%2C1200&ssl=1&resize=1050%2C600 3x"},"classes":[]},{"id":8669,"url":"https:\/\/pohjanmaantehtaanmyymala.fi\/en\/tuote\/atlanta-recliner-mekanismituoli\/","url_meta":{"origin":17772,"position":1},"title":"ATLANTA ERGO &#8211; recliner mekanismituoli","author":"petri","date":"September 14, 2019","format":false,"excerpt":"Pohjanmaan recliner - mekanismituoli s\u00e4\u00e4dett\u00e4v\u00e4ll\u00e4 niskatuella.","rel":"","context":"Similar post","block_context":{"text":"Similar post","link":""},"img":{"alt_text":"Atlanta Recliner","src":"https:\/\/i0.wp.com\/pohjanmaantehtaanmyymala.fi\/wp-content\/uploads\/2019\/06\/Atlanta-Recliner.jpg?fit=960%2C960&ssl=1&resize=350%2C200","width":350,"height":200,"srcset":"https:\/\/i0.wp.com\/pohjanmaantehtaanmyymala.fi\/wp-content\/uploads\/2019\/06\/Atlanta-Recliner.jpg?fit=960%2C960&ssl=1&resize=350%2C200 1x, https:\/\/i0.wp.com\/pohjanmaantehtaanmyymala.fi\/wp-content\/uploads\/2019\/06\/Atlanta-Recliner.jpg?fit=960%2C960&ssl=1&resize=525%2C300 1.5x, https:\/\/i0.wp.com\/pohjanmaantehtaanmyymala.fi\/wp-content\/uploads\/2019\/06\/Atlanta-Recliner.jpg?fit=960%2C960&ssl=1&resize=700%2C400 2x"},"classes":[]},{"id":22725,"url":"https:\/\/pohjanmaantehtaanmyymala.fi\/en\/tuote\/easy-vuodesohva-vaaleanharmaa-kangas\/","url_meta":{"origin":17772,"position":2},"title":"EASY &#8211; vuodesohva vaaleanharmaa kangas","author":"Sami Viitala","date":"March 10, 2023","format":false,"excerpt":"Helppotoiminen vuodesohva s\u00e4ilytyslaatikolla.","rel":"","context":"Similar post","block_context":{"text":"Similar post","link":""},"img":{"alt_text":"Pohjanmaan Easy vuodesohva austin vaaleanharmaalla kankaalla","src":"https:\/\/i0.wp.com\/pohjanmaantehtaanmyymala.fi\/wp-content\/uploads\/2023\/03\/Easy_vuodesohva_Austin_harmaa18-1.jpg?fit=960%2C960&ssl=1&resize=350%2C200","width":350,"height":200,"srcset":"https:\/\/i0.wp.com\/pohjanmaantehtaanmyymala.fi\/wp-content\/uploads\/2023\/03\/Easy_vuodesohva_Austin_harmaa18-1.jpg?fit=960%2C960&ssl=1&resize=350%2C200 1x, https:\/\/i0.wp.com\/pohjanmaantehtaanmyymala.fi\/wp-content\/uploads\/2023\/03\/Easy_vuodesohva_Austin_harmaa18-1.jpg?fit=960%2C960&ssl=1&resize=525%2C300 1.5x, https:\/\/i0.wp.com\/pohjanmaantehtaanmyymala.fi\/wp-content\/uploads\/2023\/03\/Easy_vuodesohva_Austin_harmaa18-1.jpg?fit=960%2C960&ssl=1&resize=700%2C400 2x"},"classes":[]},{"id":26395,"url":"https:\/\/pohjanmaantehtaanmyymala.fi\/en\/tuote\/west-vuodesohva-rodeo-kankaalla\/","url_meta":{"origin":17772,"position":3},"title":"West-vuodesohva Rodeo-kankaalla","author":"Miro Nevala","date":"September 11, 2024","format":false,"excerpt":"S\u00e4\u00e4dett\u00e4vill\u00e4 niskatuilla varustettu tyylik\u00e4s vuodesohva!","rel":"","context":"Similar post","block_context":{"text":"Similar post","link":""},"img":{"alt_text":"West vuodesohva edest\u00e4","src":"https:\/\/i0.wp.com\/pohjanmaantehtaanmyymala.fi\/wp-content\/uploads\/2024\/03\/West-vuodesohva-edesta%CC%88.jpg?fit=960%2C960&ssl=1&resize=350%2C200","width":350,"height":200,"srcset":"https:\/\/i0.wp.com\/pohjanmaantehtaanmyymala.fi\/wp-content\/uploads\/2024\/03\/West-vuodesohva-edesta%CC%88.jpg?fit=960%2C960&ssl=1&resize=350%2C200 1x, https:\/\/i0.wp.com\/pohjanmaantehtaanmyymala.fi\/wp-content\/uploads\/2024\/03\/West-vuodesohva-edesta%CC%88.jpg?fit=960%2C960&ssl=1&resize=525%2C300 1.5x, https:\/\/i0.wp.com\/pohjanmaantehtaanmyymala.fi\/wp-content\/uploads\/2024\/03\/West-vuodesohva-edesta%CC%88.jpg?fit=960%2C960&ssl=1&resize=700%2C400 2x"},"classes":[]},{"id":26422,"url":"https:\/\/pohjanmaantehtaanmyymala.fi\/en\/tuote\/west-vuodesohva-nahka\/","url_meta":{"origin":17772,"position":4},"title":"West-vuodesohva nahka","author":"Miro Nevala","date":"March 11, 2024","format":false,"excerpt":"S\u00e4\u00e4dett\u00e4vill\u00e4 niskatuilla varustettu tyylik\u00e4s nahkavuodesohva!","rel":"","context":"Similar post","block_context":{"text":"Similar post","link":""},"img":{"alt_text":"West vuodesohva nahka","src":"https:\/\/i0.wp.com\/pohjanmaantehtaanmyymala.fi\/wp-content\/uploads\/2024\/03\/West-vuodesohva-nahka.jpg?fit=960%2C960&ssl=1&resize=350%2C200","width":350,"height":200,"srcset":"https:\/\/i0.wp.com\/pohjanmaantehtaanmyymala.fi\/wp-content\/uploads\/2024\/03\/West-vuodesohva-nahka.jpg?fit=960%2C960&ssl=1&resize=350%2C200 1x, https:\/\/i0.wp.com\/pohjanmaantehtaanmyymala.fi\/wp-content\/uploads\/2024\/03\/West-vuodesohva-nahka.jpg?fit=960%2C960&ssl=1&resize=525%2C300 1.5x, https:\/\/i0.wp.com\/pohjanmaantehtaanmyymala.fi\/wp-content\/uploads\/2024\/03\/West-vuodesohva-nahka.jpg?fit=960%2C960&ssl=1&resize=700%2C400 2x"},"classes":[]},{"id":17735,"url":"https:\/\/pohjanmaantehtaanmyymala.fi\/en\/tuote\/noah-vuodesohva-divaani-oikealla\/","url_meta":{"origin":17772,"position":5},"title":"Noah divaani-vuodesohva alk. nahka","author":"Sami Viitala","date":"August 23, 2021","format":false,"excerpt":"Huippulaadukas sohva joka p\u00e4iv\u00e4iseen k\u00e4ytt\u00f6\u00f6n.","rel":"","context":"Similar post","block_context":{"text":"Similar post","link":""},"img":{"alt_text":"Noah vuodesohva nahkaa","src":"https:\/\/i0.wp.com\/pohjanmaantehtaanmyymala.fi\/wp-content\/uploads\/2021\/08\/Noah_vuodesohva_tyynyt_oik.jpg?fit=1200%2C1200&ssl=1&resize=350%2C200","width":350,"height":200,"srcset":"https:\/\/i0.wp.com\/pohjanmaantehtaanmyymala.fi\/wp-content\/uploads\/2021\/08\/Noah_vuodesohva_tyynyt_oik.jpg?fit=1200%2C1200&ssl=1&resize=350%2C200 1x, https:\/\/i0.wp.com\/pohjanmaantehtaanmyymala.fi\/wp-content\/uploads\/2021\/08\/Noah_vuodesohva_tyynyt_oik.jpg?fit=1200%2C1200&ssl=1&resize=525%2C300 1.5x, https:\/\/i0.wp.com\/pohjanmaantehtaanmyymala.fi\/wp-content\/uploads\/2021\/08\/Noah_vuodesohva_tyynyt_oik.jpg?fit=1200%2C1200&ssl=1&resize=700%2C400 2x, https:\/\/i0.wp.com\/pohjanmaantehtaanmyymala.fi\/wp-content\/uploads\/2021\/08\/Noah_vuodesohva_tyynyt_oik.jpg?fit=1200%2C1200&ssl=1&resize=1050%2C600 3x"},"classes":[]}],"_links":{"self":[{"href":"https:\/\/pohjanmaantehtaanmyymala.fi\/en\/wp-json\/wp\/v2\/product\/17772","targetHints":{"allow":["GET"]}}],"collection":[{"href":"https:\/\/pohjanmaantehtaanmyymala.fi\/en\/wp-json\/wp\/v2\/product"}],"about":[{"href":"https:\/\/pohjanmaantehtaanmyymala.fi\/en\/wp-json\/wp\/v2\/types\/product"}],"replies":[{"embeddable":true,"href":"https:\/\/pohjanmaantehtaanmyymala.fi\/en\/wp-json\/wp\/v2\/comments?post=17772"}],"wp:featuredmedia":[{"embeddable":true,"href":"https:\/\/pohjanmaantehtaanmyymala.fi\/en\/wp-json\/wp\/v2\/media\/17774"}],"wp:attachment":[{"href":"https:\/\/pohjanmaantehtaanmyymala.fi\/en\/wp-json\/wp\/v2\/media?parent=17772"}],"wp:term":[{"taxonomy":"product_brand","embeddable":true,"href":"https:\/\/pohjanmaantehtaanmyymala.fi\/en\/wp-json\/wp\/v2\/product_brand?post=17772"},{"taxonomy":"product_cat","embeddable":true,"href":"https:\/\/pohjanmaantehtaanmyymala.fi\/en\/wp-json\/wp\/v2\/product_cat?post=17772"},{"taxonomy":"product_tag","embeddable":true,"href":"https:\/\/pohjanmaantehtaanmyymala.fi\/en\/wp-json\/wp\/v2\/product_tag?post=17772"}],"curies":[{"name":"wp","href":"https:\/\/api.w.org\/{rel}","templated":true}]}}