{"id":17688,"date":"2021-08-19T08:09:39","date_gmt":"2021-08-19T06:09:39","guid":{"rendered":"https:\/\/pohjanmaantehtaanmyymala.fi\/?post_type=product&#038;p=17688"},"modified":"2026-01-27T00:18:42","modified_gmt":"2026-01-26T22:18:42","slug":"eden-6-jenkkisanky-180x200-cm-petauspatjalla","status":"publish","type":"product","link":"https:\/\/pohjanmaantehtaanmyymala.fi\/en\/tuote\/eden-6-jenkkisanky-180x200-cm-petauspatjalla\/","title":{"rendered":"EDEN 6 -jenkkis\u00e4nky 180&#215;200 cm petauspatjalla"},"content":{"rendered":"<p>Hilding Andersin N\u00e4rpi\u00f6ss\u00e4 valmistama Eden 6-jenkkis\u00e4nky on varma valinta sinulle joka etsit laadukasta ja pehme\u00e4\u00e4 s\u00e4nky\u00e4. Jenkkis\u00e4nky koostuu juositetuista alarungoista, vy\u00f6hykepussijousitetusta v\u00e4lipatjasta sek\u00e4 160 cm leve\u00e4st\u00e4 Premiun stylex-vaahtomuovisijauspatjasta. Eden 6-jenkkis\u00e4ngyss\u00e4 on 5-vy\u00f6hykkeellinen pussijousitus, jonka jousitus my\u00f6t\u00e4ilee erinomaisesti nukkujan vartaloa. Pussijousitetussa patjassa jokainen jousi on omassa kangaspussissa ja jokainen jousi toimii t\u00e4ysin itsen\u00e4isesti.<\/p>\n<p>Voit valita Eden-jenkkis\u00e4nkyyn kaksi kovuusastetta, medium ja hard, joko niin ett\u00e4 koko s\u00e4nky on saman j\u00e4ykkyinen tai toisella puolella on medium- ja toisella hard-kovuus.<\/p>\n<p>Eden 6-jenkkis\u00e4nky\u00e4 on saatavana 3:ll\u00e4 eri v\u00e4rill\u00e4, Antrasiitti, Hiekka ja Grafiitti.<\/p>\n<p>Eden Premium-Stylex-petauspatja on valkoista joustokangasta.<\/p>\n<p>T\u00e4h\u00e4n pakettiin kuuluu mukana tammiset Royalin jalat.<\/p>\n<p>S\u00e4ngyn on mahdollista ostaa my\u00f6s muillakin petauspatja- ja jalkamalleilla\/v\u00e4reill\u00e4, kysy tietoja <a href=\"https:\/\/pohjanmaantehtaanmyymala.fi\/yhteys\/\">myynnist\u00e4mme.<\/a><\/p>\n<h3>Tuotetiedot:<\/h3>\n<p>Tiedot: Verhoiltu kest\u00e4v\u00e4ll\u00e4 laminoidulla huonekalukankaalla, 3 eri v\u00e4ris\u00e4vy\u00e4<br \/>\nV\u00e4lipatja: Vy\u00f6hykePussijousitettu.<br \/>\nAlarungot: Bonneljousitettu, valmistettu puusta\/vanerista.<br \/>\nTakuu: Puurungolle ja jousistolle 10-vuotta.<br \/>\nPetauspatja: Sisus Stylex-vaahtomuovia, irroitettava ja vesipest\u00e4v\u00e4 joustokangasp\u00e4\u00e4llinen, paksuus 7 cm.<br \/>\nJalat: Tammijalat 14 cm<\/p>\n<p>Jenkkis\u00e4ngyn v\u00e4lijoustinpatja toimitetaan kolmessa eri osassa, juosielementit ja p\u00e4\u00e4llinen irrallaan. T\u00e4m\u00e4 helpottaa kuljetusta sek\u00e4 voit itse p\u00e4\u00e4tt\u00e4\u00e4 kummalle puolelle asennat eri j\u00e4ykkyiset joustin elementit.<br \/>\nAlarungot ovat valmiiksi koottu, vain jalat tulevat irrallaan.<\/p>\n<p>Eden s\u00e4nkysarjan toimitusaika on n. 3 viikkoa tilauksesta.<\/p>\n<p>Osta kotimainen laadukas jenkkis\u00e4nkysetti edullisesti Tehtaanmyym\u00e4l\u00e4st\u00e4!<\/p>\n","protected":false},"excerpt":{"rendered":"<p>Kotimainen N\u00e4rpi\u00f6ss\u00e4 valmistettu luxus-jenkkis\u00e4nkypaketti. Valitse malli\/v\u00e4ri alta!<\/p>\n","protected":false},"featured_media":27999,"comment_status":"closed","ping_status":"closed","template":"","meta":{"_acf_changed":false,"jetpack_post_was_ever_published":false,"jetpack_publicize_message":"","jetpack_publicize_feature_enabled":true,"jetpack_social_post_already_shared":true,"jetpack_social_options":{"image_generator_settings":{"template":"highway","default_image_id":0,"font":"","enabled":false},"version":2}},"product_brand":[203],"product_cat":[198,316],"product_tag":[],"class_list":{"0":"post-17688","1":"product","2":"type-product","3":"status-publish","4":"has-post-thumbnail","6":"product_brand-hilding","7":"product_cat-patjat-ja-sangyt","8":"product_cat-jenkkisanky","9":"product_shipping_class-161","10":"pa_malli-hard","11":"pa_malli-hard-medium","12":"pa_malli-medium","13":"pa_vari-antrasiitti","14":"pa_vari-graniitti","15":"pa_vari-hiekka","17":"first","18":"instock","19":"purchasable","20":"product-type-variable","21":"has-default-attributes"},"acf":[],"jetpack_publicize_connections":[],"jetpack_sharing_enabled":true,"jetpack-related-posts":[{"id":17665,"url":"https:\/\/pohjanmaantehtaanmyymala.fi\/en\/tuote\/eden-6-jenkkisanky-160x200-cm\/","url_meta":{"origin":17688,"position":0},"title":"EDEN 6 -jenkkis\u00e4nky 160&#215;200 cm petauspatjalla","author":"Sami Viitala","date":"August 19, 2021","format":false,"excerpt":"Kotimainen N\u00e4rpi\u00f6ss\u00e4 valmistettu luxus-jenkkis\u00e4nkypaketti. Valitse malli\/v\u00e4ri alta!","rel":"","context":"Similar post","block_context":{"text":"Similar post","link":""},"img":{"alt_text":"Eden kuusi jenkkis\u00e4nky 160 cm leve\u00e4 v\u00e4ri hiekka","src":"https:\/\/i0.wp.com\/pohjanmaantehtaanmyymala.fi\/wp-content\/uploads\/2021\/08\/Eden6_jenkki_160.jpg?fit=1000%2C1000&ssl=1&resize=350%2C200","width":350,"height":200,"srcset":"https:\/\/i0.wp.com\/pohjanmaantehtaanmyymala.fi\/wp-content\/uploads\/2021\/08\/Eden6_jenkki_160.jpg?fit=1000%2C1000&ssl=1&resize=350%2C200 1x, https:\/\/i0.wp.com\/pohjanmaantehtaanmyymala.fi\/wp-content\/uploads\/2021\/08\/Eden6_jenkki_160.jpg?fit=1000%2C1000&ssl=1&resize=525%2C300 1.5x, https:\/\/i0.wp.com\/pohjanmaantehtaanmyymala.fi\/wp-content\/uploads\/2021\/08\/Eden6_jenkki_160.jpg?fit=1000%2C1000&ssl=1&resize=700%2C400 2x"},"classes":[]},{"id":17605,"url":"https:\/\/pohjanmaantehtaanmyymala.fi\/en\/tuote\/eden-9-jenkkisanky-160x200-cm\/","url_meta":{"origin":17688,"position":1},"title":"EDEN 9 -jenkkis\u00e4nky 160&#215;200 cm petauspatjalla","author":"Sami Viitala","date":"August 17, 2021","format":false,"excerpt":"Kotimainen N\u00e4rpi\u00f6ss\u00e4 valmistettu luxus-jenkkis\u00e4nkypaketti. Valitse malli\/v\u00e4ri alta!","rel":"","context":"Similar post","block_context":{"text":"Similar post","link":""},"img":{"alt_text":"Eden 9 jenkkis\u00e4nky okran v\u00e4rinen","src":"https:\/\/i0.wp.com\/pohjanmaantehtaanmyymala.fi\/wp-content\/uploads\/2021\/08\/EDEN-9-jenkki-tupla-okra.jpg?fit=960%2C960&ssl=1&resize=350%2C200","width":350,"height":200,"srcset":"https:\/\/i0.wp.com\/pohjanmaantehtaanmyymala.fi\/wp-content\/uploads\/2021\/08\/EDEN-9-jenkki-tupla-okra.jpg?fit=960%2C960&ssl=1&resize=350%2C200 1x, https:\/\/i0.wp.com\/pohjanmaantehtaanmyymala.fi\/wp-content\/uploads\/2021\/08\/EDEN-9-jenkki-tupla-okra.jpg?fit=960%2C960&ssl=1&resize=525%2C300 1.5x, https:\/\/i0.wp.com\/pohjanmaantehtaanmyymala.fi\/wp-content\/uploads\/2021\/08\/EDEN-9-jenkki-tupla-okra.jpg?fit=960%2C960&ssl=1&resize=700%2C400 2x"},"classes":[]},{"id":27214,"url":"https:\/\/pohjanmaantehtaanmyymala.fi\/en\/tuote\/eden-9-jenkkisanky-180x200-cm-petauspatjalla\/","url_meta":{"origin":17688,"position":2},"title":"EDEN 9 -jenkkis\u00e4nky 180&#215;200 cm petauspatjalla","author":"Sami Viitala","date":"September 30, 2024","format":false,"excerpt":"Kotimainen N\u00e4rpi\u00f6ss\u00e4 valmistettu luxus-jenkkis\u00e4nkypaketti. Valitse malli\/v\u00e4ri alta!","rel":"","context":"Similar post","block_context":{"text":"Similar post","link":""},"img":{"alt_text":"Eden 9 jenkkis\u00e4nky okran v\u00e4rinen 180 cm","src":"https:\/\/i0.wp.com\/pohjanmaantehtaanmyymala.fi\/wp-content\/uploads\/2024\/09\/EDEN-9-jenkki-180-okra.jpg?fit=960%2C960&ssl=1&resize=350%2C200","width":350,"height":200,"srcset":"https:\/\/i0.wp.com\/pohjanmaantehtaanmyymala.fi\/wp-content\/uploads\/2024\/09\/EDEN-9-jenkki-180-okra.jpg?fit=960%2C960&ssl=1&resize=350%2C200 1x, https:\/\/i0.wp.com\/pohjanmaantehtaanmyymala.fi\/wp-content\/uploads\/2024\/09\/EDEN-9-jenkki-180-okra.jpg?fit=960%2C960&ssl=1&resize=525%2C300 1.5x, https:\/\/i0.wp.com\/pohjanmaantehtaanmyymala.fi\/wp-content\/uploads\/2024\/09\/EDEN-9-jenkki-180-okra.jpg?fit=960%2C960&ssl=1&resize=700%2C400 2x"},"classes":[]},{"id":27259,"url":"https:\/\/pohjanmaantehtaanmyymala.fi\/en\/tuote\/eden-9-jenkkisanky-kokonaisuus-180x200-cm-paadylla\/","url_meta":{"origin":17688,"position":3},"title":"EDEN 9 -jenkkis\u00e4nky kokonaisuus 180&#215;200 cm p\u00e4\u00e4dyll\u00e4","author":"Sami Viitala","date":"September 30, 2024","format":false,"excerpt":"Kotimainen N\u00e4rpi\u00f6ss\u00e4 valmistettu luxus-jenkkis\u00e4nkypaketti. Valitse malli\/v\u00e4ri alta!","rel":"","context":"Similar post","block_context":{"text":"Similar post","link":""},"img":{"alt_text":"Eden 9 jenkkis\u00e4nky p\u00e4\u00e4dyll\u00e4 okran v\u00e4rinen 180 cm","src":"https:\/\/i0.wp.com\/pohjanmaantehtaanmyymala.fi\/wp-content\/uploads\/2024\/09\/EDEN-9-jenkki-tupla-paaty.jpg?fit=960%2C960&ssl=1&resize=350%2C200","width":350,"height":200,"srcset":"https:\/\/i0.wp.com\/pohjanmaantehtaanmyymala.fi\/wp-content\/uploads\/2024\/09\/EDEN-9-jenkki-tupla-paaty.jpg?fit=960%2C960&ssl=1&resize=350%2C200 1x, https:\/\/i0.wp.com\/pohjanmaantehtaanmyymala.fi\/wp-content\/uploads\/2024\/09\/EDEN-9-jenkki-tupla-paaty.jpg?fit=960%2C960&ssl=1&resize=525%2C300 1.5x, https:\/\/i0.wp.com\/pohjanmaantehtaanmyymala.fi\/wp-content\/uploads\/2024\/09\/EDEN-9-jenkki-tupla-paaty.jpg?fit=960%2C960&ssl=1&resize=700%2C400 2x"},"classes":[]},{"id":27236,"url":"https:\/\/pohjanmaantehtaanmyymala.fi\/en\/tuote\/eden-9-jenkkisanky-kokonaisuus-160x200-cm-paadylla\/","url_meta":{"origin":17688,"position":4},"title":"EDEN 9 -jenkkis\u00e4nky kokonaisuus 160&#215;200 cm p\u00e4\u00e4dyll\u00e4","author":"Sami Viitala","date":"September 30, 2024","format":false,"excerpt":"Kotimainen N\u00e4rpi\u00f6ss\u00e4 valmistettu luxus-jenkkis\u00e4nkypaketti. Valitse malli\/v\u00e4ri alta!","rel":"","context":"Similar post","block_context":{"text":"Similar post","link":""},"img":{"alt_text":"Eden 9 jenkkis\u00e4nky p\u00e4\u00e4dyll\u00e4 okran v\u00e4rinen 160 cm leve\u00e4","src":"https:\/\/i0.wp.com\/pohjanmaantehtaanmyymala.fi\/wp-content\/uploads\/2024\/09\/EDEN-9-jenkki-tupla-paaty-180.jpg?fit=960%2C960&ssl=1&resize=350%2C200","width":350,"height":200,"srcset":"https:\/\/i0.wp.com\/pohjanmaantehtaanmyymala.fi\/wp-content\/uploads\/2024\/09\/EDEN-9-jenkki-tupla-paaty-180.jpg?fit=960%2C960&ssl=1&resize=350%2C200 1x, https:\/\/i0.wp.com\/pohjanmaantehtaanmyymala.fi\/wp-content\/uploads\/2024\/09\/EDEN-9-jenkki-tupla-paaty-180.jpg?fit=960%2C960&ssl=1&resize=525%2C300 1.5x, https:\/\/i0.wp.com\/pohjanmaantehtaanmyymala.fi\/wp-content\/uploads\/2024\/09\/EDEN-9-jenkki-tupla-paaty-180.jpg?fit=960%2C960&ssl=1&resize=700%2C400 2x"},"classes":[]},{"id":24709,"url":"https:\/\/pohjanmaantehtaanmyymala.fi\/en\/tuote\/eden-3-jenkkisanky-160x200-petauspatjalla\/","url_meta":{"origin":17688,"position":5},"title":"EDEN 3 jenkkis\u00e4nky 160&#215;200 cm petauspatjalla","author":"Miro Nevala","date":"January 30, 2024","format":false,"excerpt":"Laadukas jenkkis\u00e4nky kahdella eri j\u00e4ykkyydell\u00e4.","rel":"","context":"Similar post","block_context":{"text":"Similar post","link":""},"img":{"alt_text":"Eden kolme jenkkis\u00e4nky 160 cm leve\u00e4 v\u00e4ri antrasiitti","src":"https:\/\/i0.wp.com\/pohjanmaantehtaanmyymala.fi\/wp-content\/uploads\/2024\/01\/Eden3_jenkki_tp-web.jpg?fit=960%2C960&ssl=1&resize=350%2C200","width":350,"height":200,"srcset":"https:\/\/i0.wp.com\/pohjanmaantehtaanmyymala.fi\/wp-content\/uploads\/2024\/01\/Eden3_jenkki_tp-web.jpg?fit=960%2C960&ssl=1&resize=350%2C200 1x, https:\/\/i0.wp.com\/pohjanmaantehtaanmyymala.fi\/wp-content\/uploads\/2024\/01\/Eden3_jenkki_tp-web.jpg?fit=960%2C960&ssl=1&resize=525%2C300 1.5x, https:\/\/i0.wp.com\/pohjanmaantehtaanmyymala.fi\/wp-content\/uploads\/2024\/01\/Eden3_jenkki_tp-web.jpg?fit=960%2C960&ssl=1&resize=700%2C400 2x"},"classes":[]}],"_links":{"self":[{"href":"https:\/\/pohjanmaantehtaanmyymala.fi\/en\/wp-json\/wp\/v2\/product\/17688","targetHints":{"allow":["GET"]}}],"collection":[{"href":"https:\/\/pohjanmaantehtaanmyymala.fi\/en\/wp-json\/wp\/v2\/product"}],"about":[{"href":"https:\/\/pohjanmaantehtaanmyymala.fi\/en\/wp-json\/wp\/v2\/types\/product"}],"replies":[{"embeddable":true,"href":"https:\/\/pohjanmaantehtaanmyymala.fi\/en\/wp-json\/wp\/v2\/comments?post=17688"}],"wp:featuredmedia":[{"embeddable":true,"href":"https:\/\/pohjanmaantehtaanmyymala.fi\/en\/wp-json\/wp\/v2\/media\/27999"}],"wp:attachment":[{"href":"https:\/\/pohjanmaantehtaanmyymala.fi\/en\/wp-json\/wp\/v2\/media?parent=17688"}],"wp:term":[{"taxonomy":"product_brand","embeddable":true,"href":"https:\/\/pohjanmaantehtaanmyymala.fi\/en\/wp-json\/wp\/v2\/product_brand?post=17688"},{"taxonomy":"product_cat","embeddable":true,"href":"https:\/\/pohjanmaantehtaanmyymala.fi\/en\/wp-json\/wp\/v2\/product_cat?post=17688"},{"taxonomy":"product_tag","embeddable":true,"href":"https:\/\/pohjanmaantehtaanmyymala.fi\/en\/wp-json\/wp\/v2\/product_tag?post=17688"}],"curies":[{"name":"wp","href":"https:\/\/api.w.org\/{rel}","templated":true}]}}