{"id":17640,"date":"2021-08-18T12:05:05","date_gmt":"2021-08-18T10:05:05","guid":{"rendered":"https:\/\/pohjanmaantehtaanmyymala.fi\/?post_type=product&#038;p=17640"},"modified":"2025-08-22T16:41:28","modified_gmt":"2025-08-22T14:41:28","slug":"eden-1-jenkkisanky-120x200-cm","status":"publish","type":"product","link":"https:\/\/pohjanmaantehtaanmyymala.fi\/en\/tuote\/eden-1-jenkkisanky-120x200-cm\/","title":{"rendered":"EDEN 1 -jenkkis\u00e4nky 120&#215;200 cm petauspatjalla"},"content":{"rendered":"<p>Osta kotimainen laadukas jenkkis\u00e4nkysetti edullisesti Tehtaanmyym\u00e4l\u00e4st\u00e4!<\/p>\n<p>Hilding Andersin N\u00e4rpi\u00f6ss\u00e4 valmistama jenkkis\u00e4nky on hyv\u00e4 valinta sinulle joka etsit edullista ja kest\u00e4v\u00e4\u00e4 s\u00e4nky\u00e4.<\/p>\n<p>Jenkkis\u00e4nkypaketti sis\u00e4lt\u00e4\u00e4:<br \/>\n-joustamattoman alarungon<br \/>\n-joustinpatjan<br \/>\n-vaahtomuovisijauspatjan, paksuus 4 cm<br \/>\n-jalakasarjan<\/p>\n<p>Eden 1-Jenkkis\u00e4nky\u00e4 on saatavilla my\u00f6s <a href=\"https:\/\/pohjanmaantehtaanmyymala.fi\/tuote\/eden-1-jenkkisanky-160x200-cm-tarjous\/\">160 cm leve\u00e4n\u00e4<\/a>.<\/p>\n<h3>Tuotetiedot:<\/h3>\n<p>Tiedot: Verhoiltu kest\u00e4v\u00e4ll\u00e4 harmaalla huonekalukankaalla.<br \/>\nV\u00e4lipatja: Pussijousitettu. Jousen lankavahvuus 1,9mm, joita on 250kpl\/m2.<br \/>\nAlarunko: Joustamaton solidbase rakenne, valmistettu puusta\/vanerista.<br \/>\nTakuu: Puurungolle ja jousistolle 10-vuotta.<br \/>\nPetauspatja: Sisus vaahtomuovia, irroitettava ja pest\u00e4v\u00e4 p\u00e4\u00e4llinen, paksuus 4 cm.<br \/>\nJoustinpatja toimitetaan rullalle pakattuna. Alarunko on valmiiksi koottu, jalat irrallaan.<\/p>\n<p>Eden s\u00e4nkysarjan toimitusaika on n. 3 viikkoa tilauksesta.<\/p>\n","protected":false},"excerpt":{"rendered":"<p>T\u00e4st\u00e4 kotimainen N\u00e4rpi\u00f6ss\u00e4 valmistettu jenkkis\u00e4nkypaketti edullisesti.<\/p>\n","protected":false},"featured_media":28662,"comment_status":"closed","ping_status":"closed","template":"","meta":{"_acf_changed":false,"jetpack_post_was_ever_published":false,"jetpack_publicize_message":"","jetpack_publicize_feature_enabled":true,"jetpack_social_post_already_shared":true,"jetpack_social_options":{"image_generator_settings":{"template":"highway","default_image_id":0,"font":"","enabled":false},"version":2}},"product_brand":[203],"product_cat":[212,198,316],"product_tag":[],"class_list":{"0":"post-17640","1":"product","2":"type-product","3":"status-publish","4":"has-post-thumbnail","6":"product_brand-hilding","7":"product_cat-ajankohtaiset","8":"product_cat-patjat-ja-sangyt","9":"product_cat-jenkkisanky","10":"product_shipping_class-161","12":"first","13":"instock","14":"sale","15":"purchasable","16":"product-type-simple"},"acf":[],"jetpack_publicize_connections":[],"jetpack_sharing_enabled":true,"jetpack-related-posts":[{"id":29696,"url":"https:\/\/pohjanmaantehtaanmyymala.fi\/en\/tuote\/eden-1-jenkkisanky-160x200-cm-petauspatjalla\/","url_meta":{"origin":17640,"position":0},"title":"EDEN 1 -jenkkis\u00e4nky 160&#215;200 cm petauspatjalla","author":"Sami Viitala","date":"January 27, 2026","format":false,"excerpt":"T\u00e4st\u00e4 jenkkis\u00e4nkypaketti edullisesti.","rel":"","context":"Similar post","block_context":{"text":"Similar post","link":""},"img":{"alt_text":"Eden 1 jenkkis\u00e4nky 160x200 cm petauspatjalla","src":"https:\/\/i0.wp.com\/pohjanmaantehtaanmyymala.fi\/wp-content\/uploads\/2019\/09\/Eden1-jenkkis%C3%A4nky.jpg?fit=960%2C960&ssl=1&resize=350%2C200","width":350,"height":200,"srcset":"https:\/\/i0.wp.com\/pohjanmaantehtaanmyymala.fi\/wp-content\/uploads\/2019\/09\/Eden1-jenkkis%C3%A4nky.jpg?fit=960%2C960&ssl=1&resize=350%2C200 1x, https:\/\/i0.wp.com\/pohjanmaantehtaanmyymala.fi\/wp-content\/uploads\/2019\/09\/Eden1-jenkkis%C3%A4nky.jpg?fit=960%2C960&ssl=1&resize=525%2C300 1.5x, https:\/\/i0.wp.com\/pohjanmaantehtaanmyymala.fi\/wp-content\/uploads\/2019\/09\/Eden1-jenkkis%C3%A4nky.jpg?fit=960%2C960&ssl=1&resize=700%2C400 2x"},"classes":[]},{"id":10859,"url":"https:\/\/pohjanmaantehtaanmyymala.fi\/en\/tuote\/eden-1-jenkkisanky-140x200-cm-tarjous\/","url_meta":{"origin":17640,"position":1},"title":"EDEN 1 -jenkkis\u00e4nky 140&#215;200 cm petauspatjalla","author":"petri","date":"September 14, 2019","format":false,"excerpt":"T\u00e4st\u00e4 jenkkis\u00e4nkypaketti edullisesti.","rel":"","context":"Similar post","block_context":{"text":"Similar post","link":""},"img":{"alt_text":"Hilding Anders Eden 1 jenkkis\u00e4nky 140x200 cm profiloidulla petauspajalla ja mustilla jaloilla.","src":"https:\/\/i0.wp.com\/pohjanmaantehtaanmyymala.fi\/wp-content\/uploads\/2019\/09\/Eden_1_Jenkki_140.jpg?fit=1000%2C1000&ssl=1&resize=350%2C200","width":350,"height":200,"srcset":"https:\/\/i0.wp.com\/pohjanmaantehtaanmyymala.fi\/wp-content\/uploads\/2019\/09\/Eden_1_Jenkki_140.jpg?fit=1000%2C1000&ssl=1&resize=350%2C200 1x, https:\/\/i0.wp.com\/pohjanmaantehtaanmyymala.fi\/wp-content\/uploads\/2019\/09\/Eden_1_Jenkki_140.jpg?fit=1000%2C1000&ssl=1&resize=525%2C300 1.5x, https:\/\/i0.wp.com\/pohjanmaantehtaanmyymala.fi\/wp-content\/uploads\/2019\/09\/Eden_1_Jenkki_140.jpg?fit=1000%2C1000&ssl=1&resize=700%2C400 2x"},"classes":[]},{"id":10510,"url":"https:\/\/pohjanmaantehtaanmyymala.fi\/en\/tuote\/uniikki-jenkkisanky-petauspatjalla\/","url_meta":{"origin":17640,"position":2},"title":"UNIIKKI &#8211; jenkkis\u00e4nky petauspatjalla","author":"petri","date":"September 14, 2019","format":false,"excerpt":"Valitse mieluinen 4:st\u00e4 eri leveydest\u00e4!","rel":"","context":"Similar post","block_context":{"text":"Similar post","link":""},"img":{"alt_text":"","src":"https:\/\/i0.wp.com\/pohjanmaantehtaanmyymala.fi\/wp-content\/uploads\/2019\/09\/Uniikki-jenkkisanky160.jpg?fit=960%2C960&ssl=1&resize=350%2C200","width":350,"height":200,"srcset":"https:\/\/i0.wp.com\/pohjanmaantehtaanmyymala.fi\/wp-content\/uploads\/2019\/09\/Uniikki-jenkkisanky160.jpg?fit=960%2C960&ssl=1&resize=350%2C200 1x, https:\/\/i0.wp.com\/pohjanmaantehtaanmyymala.fi\/wp-content\/uploads\/2019\/09\/Uniikki-jenkkisanky160.jpg?fit=960%2C960&ssl=1&resize=525%2C300 1.5x, https:\/\/i0.wp.com\/pohjanmaantehtaanmyymala.fi\/wp-content\/uploads\/2019\/09\/Uniikki-jenkkisanky160.jpg?fit=960%2C960&ssl=1&resize=700%2C400 2x"},"classes":[]},{"id":15477,"url":"https:\/\/pohjanmaantehtaanmyymala.fi\/en\/tuote\/kaverit-pocket-jenkkisanky-120x200-cm-2\/","url_meta":{"origin":17640,"position":3},"title":"Kaverit Pocket -jenkkis\u00e4nky 120&#215;200 cm","author":"Sami Viitala","date":"November 18, 2020","format":false,"excerpt":"T\u00e4st\u00e4 t\u00e4ydellinen jenkkis\u00e4nkypaketti edullisesti.","rel":"","context":"Similar post","block_context":{"text":"Similar post","link":""},"img":{"alt_text":"Kaverit jenkkis\u00e4nky 120 cm","src":"https:\/\/i0.wp.com\/pohjanmaantehtaanmyymala.fi\/wp-content\/uploads\/2020\/11\/Kaverit_Pocket_jenkkisanky_120-1.jpg?fit=1200%2C1200&ssl=1&resize=350%2C200","width":350,"height":200,"srcset":"https:\/\/i0.wp.com\/pohjanmaantehtaanmyymala.fi\/wp-content\/uploads\/2020\/11\/Kaverit_Pocket_jenkkisanky_120-1.jpg?fit=1200%2C1200&ssl=1&resize=350%2C200 1x, https:\/\/i0.wp.com\/pohjanmaantehtaanmyymala.fi\/wp-content\/uploads\/2020\/11\/Kaverit_Pocket_jenkkisanky_120-1.jpg?fit=1200%2C1200&ssl=1&resize=525%2C300 1.5x, https:\/\/i0.wp.com\/pohjanmaantehtaanmyymala.fi\/wp-content\/uploads\/2020\/11\/Kaverit_Pocket_jenkkisanky_120-1.jpg?fit=1200%2C1200&ssl=1&resize=700%2C400 2x, https:\/\/i0.wp.com\/pohjanmaantehtaanmyymala.fi\/wp-content\/uploads\/2020\/11\/Kaverit_Pocket_jenkkisanky_120-1.jpg?fit=1200%2C1200&ssl=1&resize=1050%2C600 3x"},"classes":[]},{"id":15358,"url":"https:\/\/pohjanmaantehtaanmyymala.fi\/en\/tuote\/kaverit-pocket-jenkkisanky-160x200-cm\/","url_meta":{"origin":17640,"position":4},"title":"Kaverit Pocket -jenkkis\u00e4nky 160&#215;200 cm","author":"Sami Viitala","date":"November 16, 2020","format":false,"excerpt":"T\u00e4st\u00e4 pussijousitettu jenkkis\u00e4nkypaketti edullisesti.","rel":"","context":"Similar post","block_context":{"text":"Similar post","link":""},"img":{"alt_text":"Kaverit Pocjet jenkkis\u00e4nky musta runko","src":"https:\/\/i0.wp.com\/pohjanmaantehtaanmyymala.fi\/wp-content\/uploads\/2020\/11\/Kaverit_Pocket_jenkki_160.jpg?fit=1200%2C1200&ssl=1&resize=350%2C200","width":350,"height":200,"srcset":"https:\/\/i0.wp.com\/pohjanmaantehtaanmyymala.fi\/wp-content\/uploads\/2020\/11\/Kaverit_Pocket_jenkki_160.jpg?fit=1200%2C1200&ssl=1&resize=350%2C200 1x, https:\/\/i0.wp.com\/pohjanmaantehtaanmyymala.fi\/wp-content\/uploads\/2020\/11\/Kaverit_Pocket_jenkki_160.jpg?fit=1200%2C1200&ssl=1&resize=525%2C300 1.5x, https:\/\/i0.wp.com\/pohjanmaantehtaanmyymala.fi\/wp-content\/uploads\/2020\/11\/Kaverit_Pocket_jenkki_160.jpg?fit=1200%2C1200&ssl=1&resize=700%2C400 2x, https:\/\/i0.wp.com\/pohjanmaantehtaanmyymala.fi\/wp-content\/uploads\/2020\/11\/Kaverit_Pocket_jenkki_160.jpg?fit=1200%2C1200&ssl=1&resize=1050%2C600 3x"},"classes":[]},{"id":10869,"url":"https:\/\/pohjanmaantehtaanmyymala.fi\/en\/tuote\/eden-1-moottorisanky\/","url_meta":{"origin":17640,"position":5},"title":"EDEN 1 -moottoris\u00e4nky","author":"petri","date":"September 14, 2019","format":false,"excerpt":"S\u00e4\u00e4t\u00f6s\u00e4nky, jos on valittavana kaksi eri leveytt\u00e4.","rel":"","context":"Similar post","block_context":{"text":"Similar post","link":""},"img":{"alt_text":"","src":"https:\/\/i0.wp.com\/pohjanmaantehtaanmyymala.fi\/wp-content\/uploads\/2019\/09\/Eden1-moottoris%C3%A4nky.jpg?fit=960%2C960&ssl=1&resize=350%2C200","width":350,"height":200,"srcset":"https:\/\/i0.wp.com\/pohjanmaantehtaanmyymala.fi\/wp-content\/uploads\/2019\/09\/Eden1-moottoris%C3%A4nky.jpg?fit=960%2C960&ssl=1&resize=350%2C200 1x, https:\/\/i0.wp.com\/pohjanmaantehtaanmyymala.fi\/wp-content\/uploads\/2019\/09\/Eden1-moottoris%C3%A4nky.jpg?fit=960%2C960&ssl=1&resize=525%2C300 1.5x, https:\/\/i0.wp.com\/pohjanmaantehtaanmyymala.fi\/wp-content\/uploads\/2019\/09\/Eden1-moottoris%C3%A4nky.jpg?fit=960%2C960&ssl=1&resize=700%2C400 2x"},"classes":[]}],"_links":{"self":[{"href":"https:\/\/pohjanmaantehtaanmyymala.fi\/en\/wp-json\/wp\/v2\/product\/17640","targetHints":{"allow":["GET"]}}],"collection":[{"href":"https:\/\/pohjanmaantehtaanmyymala.fi\/en\/wp-json\/wp\/v2\/product"}],"about":[{"href":"https:\/\/pohjanmaantehtaanmyymala.fi\/en\/wp-json\/wp\/v2\/types\/product"}],"replies":[{"embeddable":true,"href":"https:\/\/pohjanmaantehtaanmyymala.fi\/en\/wp-json\/wp\/v2\/comments?post=17640"}],"wp:featuredmedia":[{"embeddable":true,"href":"https:\/\/pohjanmaantehtaanmyymala.fi\/en\/wp-json\/wp\/v2\/media\/28662"}],"wp:attachment":[{"href":"https:\/\/pohjanmaantehtaanmyymala.fi\/en\/wp-json\/wp\/v2\/media?parent=17640"}],"wp:term":[{"taxonomy":"product_brand","embeddable":true,"href":"https:\/\/pohjanmaantehtaanmyymala.fi\/en\/wp-json\/wp\/v2\/product_brand?post=17640"},{"taxonomy":"product_cat","embeddable":true,"href":"https:\/\/pohjanmaantehtaanmyymala.fi\/en\/wp-json\/wp\/v2\/product_cat?post=17640"},{"taxonomy":"product_tag","embeddable":true,"href":"https:\/\/pohjanmaantehtaanmyymala.fi\/en\/wp-json\/wp\/v2\/product_tag?post=17640"}],"curies":[{"name":"wp","href":"https:\/\/api.w.org\/{rel}","templated":true}]}}