{"id":17529,"date":"2021-07-13T16:49:39","date_gmt":"2021-07-13T14:49:39","guid":{"rendered":"https:\/\/pohjanmaantehtaanmyymala.fi\/?post_type=product&#038;p=17529"},"modified":"2022-08-09T15:53:47","modified_gmt":"2022-08-09T13:53:47","slug":"high-lux-jenkkisanky-140-cm-visco-petauspatjalla","status":"publish","type":"product","link":"https:\/\/pohjanmaantehtaanmyymala.fi\/en\/tuote\/high-lux-jenkkisanky-140-cm-visco-petauspatjalla\/","title":{"rendered":"HIGH LUX &#8211; jenkkis\u00e4nky 140 cm visco-petauspatjalla"},"content":{"rendered":"<p>Normaalia jenkkis\u00e4nky\u00e4 korkeampi HIGH Lux -jenkkis\u00e4nky on muhkean n\u00e4k\u00f6inen.\u00a0 Jenkkis\u00e4ngyss\u00e4 on j\u00e4m\u00e4kk\u00e4 High Pocket -pussijousitus, joka sopii hyvin painavammallekin nukkujalle. Jenkkis\u00e4ngyn joustamaton alarunko tarjoaa tukevan alustan pussijousitetulle v\u00e4lipatjalle. S\u00e4ngyn viimeistelee viskoelastinen Uniikki Ergo -petauspatja. S\u00e4nkysetiss\u00e4 on metallijalat, kromi tai shampanja.<\/p>\n<p>High Lux -jenkist\u00e4 on saatavana my\u00f6s seuraavat koot: 120&#215;200 cm, 160&#215;200 cm, 180&#215;200 cm ja nyt uutuutena my\u00f6s iso koko 180&#215;210 cm!<\/p>\n<p>S\u00e4nkyyn on saatavana my\u00f6s s\u00e4ngynp\u00e4\u00e4ty\u00e4, Chess tai Mosaik -malli.<\/p>\n<p>Kysy lis\u00e4tietoa <a href=\"https:\/\/www.pohjanmaantehtaanmyymala.fi\/yhteys\/\">myynnist\u00e4mme!<\/a><\/p>\n<h3>Tuotetiedot:<\/h3>\n<p>Alarungot: joustamaton, valmistettu vanerista ja m\u00e4nnyst\u00e4.<br \/>\nV\u00e4lipatja: High Pocket- pussijousitus. Lankavahvuus 2 mm.<br \/>\nVerhoilu: Apen-kangas, patjojen p\u00e4\u00e4ll\u00e4 non-slip ikkuna.<br \/>\nPetauspatja: Viscoelastinen vaahtomuovi, p\u00e4\u00e4llinen vanutikattua joustokangasta. Kokonaisvahvuus 6 cm.<br \/>\nJalat: 12 cm metallijalat.<br \/>\nToimitetaan muoviin ja pahviin pakattuna.<\/p>\n","protected":false},"excerpt":{"rendered":"<p>T\u00e4m\u00e4 muhkea s\u00e4nky kruunaa t\u00e4ydellisen makuuhuoneen.<\/p>\n","protected":false},"featured_media":17531,"comment_status":"closed","ping_status":"closed","template":"","meta":{"_acf_changed":false,"jetpack_post_was_ever_published":false,"jetpack_publicize_message":"","jetpack_publicize_feature_enabled":true,"jetpack_social_post_already_shared":true,"jetpack_social_options":{"image_generator_settings":{"template":"highway","default_image_id":0,"font":"","enabled":false},"version":2}},"product_brand":[206],"product_cat":[198,316],"product_tag":[],"class_list":{"0":"post-17529","1":"product","2":"type-product","3":"status-publish","4":"has-post-thumbnail","6":"product_brand-furnico","7":"product_cat-patjat-ja-sangyt","8":"product_cat-jenkkisanky","9":"product_shipping_class-161","11":"first","12":"instock","13":"sale","14":"purchasable","15":"product-type-simple"},"acf":[],"jetpack_publicize_connections":[],"jetpack_sharing_enabled":true,"jetpack-related-posts":[{"id":17540,"url":"https:\/\/pohjanmaantehtaanmyymala.fi\/en\/tuote\/high-lux-jenkkisanky-160-cm-visco-petauspatjalla\/","url_meta":{"origin":17529,"position":0},"title":"HIGH LUX &#8211; jenkkis\u00e4nky 160 cm visco-petauspatjalla","author":"Sami Viitala","date":"July 16, 2021","format":false,"excerpt":"T\u00e4m\u00e4 muhkea s\u00e4nky kruunaa t\u00e4ydellisen makuuhuoneen.","rel":"","context":"Similar post","block_context":{"text":"Similar post","link":""},"img":{"alt_text":"High lux jenkki 160x200 cm","src":"https:\/\/i0.wp.com\/pohjanmaantehtaanmyymala.fi\/wp-content\/uploads\/2021\/07\/Uniikki_Lux_jenkki_160.jpg?fit=1200%2C1200&ssl=1&resize=350%2C200","width":350,"height":200,"srcset":"https:\/\/i0.wp.com\/pohjanmaantehtaanmyymala.fi\/wp-content\/uploads\/2021\/07\/Uniikki_Lux_jenkki_160.jpg?fit=1200%2C1200&ssl=1&resize=350%2C200 1x, https:\/\/i0.wp.com\/pohjanmaantehtaanmyymala.fi\/wp-content\/uploads\/2021\/07\/Uniikki_Lux_jenkki_160.jpg?fit=1200%2C1200&ssl=1&resize=525%2C300 1.5x, https:\/\/i0.wp.com\/pohjanmaantehtaanmyymala.fi\/wp-content\/uploads\/2021\/07\/Uniikki_Lux_jenkki_160.jpg?fit=1200%2C1200&ssl=1&resize=700%2C400 2x, https:\/\/i0.wp.com\/pohjanmaantehtaanmyymala.fi\/wp-content\/uploads\/2021\/07\/Uniikki_Lux_jenkki_160.jpg?fit=1200%2C1200&ssl=1&resize=1050%2C600 3x"},"classes":[]},{"id":17548,"url":"https:\/\/pohjanmaantehtaanmyymala.fi\/en\/tuote\/high-lux-jenkkisanky-180-cm-visco-petauspatjalla\/","url_meta":{"origin":17529,"position":1},"title":"HIGH LUX &#8211; jenkkis\u00e4nky 180 cm visco-petauspatjalla","author":"Sami Viitala","date":"July 16, 2021","format":false,"excerpt":"T\u00e4m\u00e4 muhkea s\u00e4nky kruunaa t\u00e4ydellisen makuuhuoneen.","rel":"","context":"Similar post","block_context":{"text":"Similar post","link":""},"img":{"alt_text":"High lux jenkki 180x200 cm","src":"https:\/\/i0.wp.com\/pohjanmaantehtaanmyymala.fi\/wp-content\/uploads\/2021\/07\/Uniikki_Lux_jenkki_180.jpg?fit=1200%2C1200&ssl=1&resize=350%2C200","width":350,"height":200,"srcset":"https:\/\/i0.wp.com\/pohjanmaantehtaanmyymala.fi\/wp-content\/uploads\/2021\/07\/Uniikki_Lux_jenkki_180.jpg?fit=1200%2C1200&ssl=1&resize=350%2C200 1x, https:\/\/i0.wp.com\/pohjanmaantehtaanmyymala.fi\/wp-content\/uploads\/2021\/07\/Uniikki_Lux_jenkki_180.jpg?fit=1200%2C1200&ssl=1&resize=525%2C300 1.5x, https:\/\/i0.wp.com\/pohjanmaantehtaanmyymala.fi\/wp-content\/uploads\/2021\/07\/Uniikki_Lux_jenkki_180.jpg?fit=1200%2C1200&ssl=1&resize=700%2C400 2x, https:\/\/i0.wp.com\/pohjanmaantehtaanmyymala.fi\/wp-content\/uploads\/2021\/07\/Uniikki_Lux_jenkki_180.jpg?fit=1200%2C1200&ssl=1&resize=1050%2C600 3x"},"classes":[]},{"id":10516,"url":"https:\/\/pohjanmaantehtaanmyymala.fi\/en\/tuote\/uniikki-lux-jenkkisanky-petauspatjalla\/","url_meta":{"origin":17529,"position":2},"title":"HIGH LUX &#8211; jenkkis\u00e4nky 120 cm visco-petauspatjalla","author":"petri","date":"September 14, 2019","format":false,"excerpt":"T\u00e4m\u00e4 muhkea s\u00e4nky kruunaa t\u00e4ydellisen makuuhuoneen.","rel":"","context":"Similar post","block_context":{"text":"Similar post","link":""},"img":{"alt_text":"","src":"https:\/\/i0.wp.com\/pohjanmaantehtaanmyymala.fi\/wp-content\/uploads\/2019\/09\/Uniikkilux-120-1500pxl.jpg?fit=960%2C960&ssl=1&resize=350%2C200","width":350,"height":200,"srcset":"https:\/\/i0.wp.com\/pohjanmaantehtaanmyymala.fi\/wp-content\/uploads\/2019\/09\/Uniikkilux-120-1500pxl.jpg?fit=960%2C960&ssl=1&resize=350%2C200 1x, https:\/\/i0.wp.com\/pohjanmaantehtaanmyymala.fi\/wp-content\/uploads\/2019\/09\/Uniikkilux-120-1500pxl.jpg?fit=960%2C960&ssl=1&resize=525%2C300 1.5x, https:\/\/i0.wp.com\/pohjanmaantehtaanmyymala.fi\/wp-content\/uploads\/2019\/09\/Uniikkilux-120-1500pxl.jpg?fit=960%2C960&ssl=1&resize=700%2C400 2x"},"classes":[]},{"id":15477,"url":"https:\/\/pohjanmaantehtaanmyymala.fi\/en\/tuote\/kaverit-pocket-jenkkisanky-120x200-cm-2\/","url_meta":{"origin":17529,"position":3},"title":"Kaverit Pocket -jenkkis\u00e4nky 120&#215;200 cm","author":"Sami Viitala","date":"November 18, 2020","format":false,"excerpt":"T\u00e4st\u00e4 t\u00e4ydellinen jenkkis\u00e4nkypaketti edullisesti.","rel":"","context":"Similar post","block_context":{"text":"Similar post","link":""},"img":{"alt_text":"Kaverit jenkkis\u00e4nky 120 cm","src":"https:\/\/i0.wp.com\/pohjanmaantehtaanmyymala.fi\/wp-content\/uploads\/2020\/11\/Kaverit_Pocket_jenkkisanky_120-1.jpg?fit=1200%2C1200&ssl=1&resize=350%2C200","width":350,"height":200,"srcset":"https:\/\/i0.wp.com\/pohjanmaantehtaanmyymala.fi\/wp-content\/uploads\/2020\/11\/Kaverit_Pocket_jenkkisanky_120-1.jpg?fit=1200%2C1200&ssl=1&resize=350%2C200 1x, https:\/\/i0.wp.com\/pohjanmaantehtaanmyymala.fi\/wp-content\/uploads\/2020\/11\/Kaverit_Pocket_jenkkisanky_120-1.jpg?fit=1200%2C1200&ssl=1&resize=525%2C300 1.5x, https:\/\/i0.wp.com\/pohjanmaantehtaanmyymala.fi\/wp-content\/uploads\/2020\/11\/Kaverit_Pocket_jenkkisanky_120-1.jpg?fit=1200%2C1200&ssl=1&resize=700%2C400 2x, https:\/\/i0.wp.com\/pohjanmaantehtaanmyymala.fi\/wp-content\/uploads\/2020\/11\/Kaverit_Pocket_jenkkisanky_120-1.jpg?fit=1200%2C1200&ssl=1&resize=1050%2C600 3x"},"classes":[]},{"id":15358,"url":"https:\/\/pohjanmaantehtaanmyymala.fi\/en\/tuote\/kaverit-pocket-jenkkisanky-160x200-cm\/","url_meta":{"origin":17529,"position":4},"title":"Kaverit Pocket -jenkkis\u00e4nky 160&#215;200 cm","author":"Sami Viitala","date":"November 16, 2020","format":false,"excerpt":"T\u00e4st\u00e4 pussijousitettu jenkkis\u00e4nkypaketti edullisesti.","rel":"","context":"Similar post","block_context":{"text":"Similar post","link":""},"img":{"alt_text":"Kaverit Pocjet jenkkis\u00e4nky musta runko","src":"https:\/\/i0.wp.com\/pohjanmaantehtaanmyymala.fi\/wp-content\/uploads\/2020\/11\/Kaverit_Pocket_jenkki_160.jpg?fit=1200%2C1200&ssl=1&resize=350%2C200","width":350,"height":200,"srcset":"https:\/\/i0.wp.com\/pohjanmaantehtaanmyymala.fi\/wp-content\/uploads\/2020\/11\/Kaverit_Pocket_jenkki_160.jpg?fit=1200%2C1200&ssl=1&resize=350%2C200 1x, https:\/\/i0.wp.com\/pohjanmaantehtaanmyymala.fi\/wp-content\/uploads\/2020\/11\/Kaverit_Pocket_jenkki_160.jpg?fit=1200%2C1200&ssl=1&resize=525%2C300 1.5x, https:\/\/i0.wp.com\/pohjanmaantehtaanmyymala.fi\/wp-content\/uploads\/2020\/11\/Kaverit_Pocket_jenkki_160.jpg?fit=1200%2C1200&ssl=1&resize=700%2C400 2x, https:\/\/i0.wp.com\/pohjanmaantehtaanmyymala.fi\/wp-content\/uploads\/2020\/11\/Kaverit_Pocket_jenkki_160.jpg?fit=1200%2C1200&ssl=1&resize=1050%2C600 3x"},"classes":[]},{"id":10510,"url":"https:\/\/pohjanmaantehtaanmyymala.fi\/en\/tuote\/uniikki-jenkkisanky-petauspatjalla\/","url_meta":{"origin":17529,"position":5},"title":"UNIIKKI &#8211; jenkkis\u00e4nky petauspatjalla","author":"petri","date":"September 14, 2019","format":false,"excerpt":"Valitse mieluinen 4:st\u00e4 eri leveydest\u00e4!","rel":"","context":"Similar post","block_context":{"text":"Similar post","link":""},"img":{"alt_text":"","src":"https:\/\/i0.wp.com\/pohjanmaantehtaanmyymala.fi\/wp-content\/uploads\/2019\/09\/Uniikki-jenkkisanky160.jpg?fit=960%2C960&ssl=1&resize=350%2C200","width":350,"height":200,"srcset":"https:\/\/i0.wp.com\/pohjanmaantehtaanmyymala.fi\/wp-content\/uploads\/2019\/09\/Uniikki-jenkkisanky160.jpg?fit=960%2C960&ssl=1&resize=350%2C200 1x, https:\/\/i0.wp.com\/pohjanmaantehtaanmyymala.fi\/wp-content\/uploads\/2019\/09\/Uniikki-jenkkisanky160.jpg?fit=960%2C960&ssl=1&resize=525%2C300 1.5x, https:\/\/i0.wp.com\/pohjanmaantehtaanmyymala.fi\/wp-content\/uploads\/2019\/09\/Uniikki-jenkkisanky160.jpg?fit=960%2C960&ssl=1&resize=700%2C400 2x"},"classes":[]}],"_links":{"self":[{"href":"https:\/\/pohjanmaantehtaanmyymala.fi\/en\/wp-json\/wp\/v2\/product\/17529","targetHints":{"allow":["GET"]}}],"collection":[{"href":"https:\/\/pohjanmaantehtaanmyymala.fi\/en\/wp-json\/wp\/v2\/product"}],"about":[{"href":"https:\/\/pohjanmaantehtaanmyymala.fi\/en\/wp-json\/wp\/v2\/types\/product"}],"replies":[{"embeddable":true,"href":"https:\/\/pohjanmaantehtaanmyymala.fi\/en\/wp-json\/wp\/v2\/comments?post=17529"}],"wp:featuredmedia":[{"embeddable":true,"href":"https:\/\/pohjanmaantehtaanmyymala.fi\/en\/wp-json\/wp\/v2\/media\/17531"}],"wp:attachment":[{"href":"https:\/\/pohjanmaantehtaanmyymala.fi\/en\/wp-json\/wp\/v2\/media?parent=17529"}],"wp:term":[{"taxonomy":"product_brand","embeddable":true,"href":"https:\/\/pohjanmaantehtaanmyymala.fi\/en\/wp-json\/wp\/v2\/product_brand?post=17529"},{"taxonomy":"product_cat","embeddable":true,"href":"https:\/\/pohjanmaantehtaanmyymala.fi\/en\/wp-json\/wp\/v2\/product_cat?post=17529"},{"taxonomy":"product_tag","embeddable":true,"href":"https:\/\/pohjanmaantehtaanmyymala.fi\/en\/wp-json\/wp\/v2\/product_tag?post=17529"}],"curies":[{"name":"wp","href":"https:\/\/api.w.org\/{rel}","templated":true}]}}