{"id":17186,"date":"2021-04-15T19:20:22","date_gmt":"2021-04-15T17:20:22","guid":{"rendered":"https:\/\/pohjanmaantehtaanmyymala.fi\/?post_type=product&#038;p=17186"},"modified":"2025-05-31T10:59:28","modified_gmt":"2025-05-31T08:59:28","slug":"ecofurn-polkky-jakkara","status":"publish","type":"product","link":"https:\/\/pohjanmaantehtaanmyymala.fi\/en\/tuote\/ecofurn-polkky-jakkara\/","title":{"rendered":"Ecofurn P\u00f6lkky-jakkara"},"content":{"rendered":"<div class=\"std descr1\">Luo alkuper\u00e4istunnelmaa kodin- tai m\u00f6kin pihapiiriin Ecofurn P\u00f6lkky-jakkaran avulla. P\u00f6lkky on m\u00e4ntypuinen jakkara, jossa on juurinaru jakkaran siirtely\u00e4 helpottamaan.\u00a0 P\u00f6lkky\u00e4 on saatava kahta eri kokoa; 30 cm ja 45 cm korkeaa.\u00a0 P\u00f6lkky-jakkara sopii mainiosti vaikka tulisijan ymp\u00e4rille. Siin\u00e4 on mukava istahtaa paistamaan vaikka makkaraa tai ihailemaa muuten vain el\u00e4v\u00e4\u00e4 tulta.<\/div>\n<div class=\"std descr1\">\n<p>P\u00f6lkky-jakkara on tehty vastuullisesti kaadetuista puista.<\/p>\n<p>Toimitamme my\u00f6s edullisesti EcoFrun -tuotteet k\u00e4tev\u00e4sti kotiovellesi tai l\u00e4himm\u00e4lle Matkahuoltopisteelle. Kysy lis\u00e4tietoa <a href=\"https:\/\/pohjanmaantehtaanmyymala.fi\/yhteys\/\">myynist\u00e4mme.<\/a><\/p>\n<p>Tuotteet ovat 100 %:sti kierr\u00e4tett\u00e4vi\u00e4, eik\u00e4 niist\u00e4 j\u00e4\u00e4 mit\u00e4\u00e4n j\u00e4tett\u00e4 luontoa pilaamaan. EcoFurn -tuotteet tehd\u00e4\u00e4n vain pohjoismaisesta FSC-sertifikoidusta massiivipuusta.<\/p>\n<\/div>\n<h3>Tuotetiedot:<\/h3>\n<p>Materiaalit: M\u00e4nty ja juuttinaru<br \/>\nV\u00e4rivaihtoehdot:\u00a0 k\u00e4sittelem\u00e4t\u00f6n<br \/>\nIso malli korkeus 45 cm ja halkaisija n. 30 cm. Paino n. 16 kg<br \/>\nPieni malli korkeus 30 cm ja halkaisija noin 30 cm. Paino n. 12 kg<\/p>\n","protected":false},"excerpt":{"rendered":"<p>Luo aitoa er\u00e4tunnelmaa P\u00f6lkky-jakkaran avulla. 2 eri kokoa!<\/p>\n","protected":false},"featured_media":17190,"comment_status":"closed","ping_status":"closed","template":"","meta":{"_acf_changed":false,"jetpack_post_was_ever_published":false,"jetpack_publicize_message":"","jetpack_publicize_feature_enabled":true,"jetpack_social_post_already_shared":true,"jetpack_social_options":{"image_generator_settings":{"template":"highway","default_image_id":0,"font":"","enabled":false},"version":2}},"product_brand":[300],"product_cat":[200],"product_tag":[],"class_list":{"0":"post-17186","1":"product","2":"type-product","3":"status-publish","4":"has-post-thumbnail","6":"product_brand-ecofurn","7":"product_cat-kesakalusteet","8":"pa_koko-30-cm","9":"pa_koko-45-cm","11":"first","12":"onbackorder","13":"sale","14":"shipping-taxable","15":"purchasable","16":"product-type-variable","17":"has-default-attributes"},"acf":[],"jetpack_publicize_connections":[],"jetpack_sharing_enabled":true,"jetpack-related-posts":[{"id":17377,"url":"https:\/\/pohjanmaantehtaanmyymala.fi\/en\/tuote\/ecofurn-butterfly-jakkara-tervaleppa\/","url_meta":{"origin":17186,"position":0},"title":"Ecofurn butterfly-jakkara, tervalepp\u00e4","author":"Sami Viitala","date":"May 6, 2021","format":false,"excerpt":"K\u00e4tev\u00e4 kasaantaitettava Ecofurn Butterfly perhosjakkara.","rel":"","context":"Similar post","block_context":{"text":"Similar post","link":""},"img":{"alt_text":"Butterfly-jakkara \u00f6ljytty tervalepp\u00e4","src":"https:\/\/i0.wp.com\/pohjanmaantehtaanmyymala.fi\/wp-content\/uploads\/2021\/05\/91846-Butterfly-alder-oiled-2.jpg?fit=960%2C960&ssl=1&resize=350%2C200","width":350,"height":200,"srcset":"https:\/\/i0.wp.com\/pohjanmaantehtaanmyymala.fi\/wp-content\/uploads\/2021\/05\/91846-Butterfly-alder-oiled-2.jpg?fit=960%2C960&ssl=1&resize=350%2C200 1x, https:\/\/i0.wp.com\/pohjanmaantehtaanmyymala.fi\/wp-content\/uploads\/2021\/05\/91846-Butterfly-alder-oiled-2.jpg?fit=960%2C960&ssl=1&resize=525%2C300 1.5x, https:\/\/i0.wp.com\/pohjanmaantehtaanmyymala.fi\/wp-content\/uploads\/2021\/05\/91846-Butterfly-alder-oiled-2.jpg?fit=960%2C960&ssl=1&resize=700%2C400 2x"},"classes":[]},{"id":27809,"url":"https:\/\/pohjanmaantehtaanmyymala.fi\/en\/tuote\/pilvi-jakkara-massiivitammi-oljytty\/","url_meta":{"origin":17186,"position":1},"title":"Pilvi jakkara, massiivitammi, \u00f6ljytty","author":"Sami Viitala","date":"November 27, 2024","format":false,"excerpt":"K\u00e4tev\u00e4 pinottava jakkara tammea","rel":"","context":"Similar post","block_context":{"text":"Similar post","link":""},"img":{"alt_text":"Pilvi \u00f6ljytty tammijakkara pinottava Koko jakkara","src":"https:\/\/i0.wp.com\/pohjanmaantehtaanmyymala.fi\/wp-content\/uploads\/2024\/11\/Pilvi-jakkara-tammi-2.jpg?fit=960%2C960&ssl=1&resize=350%2C200","width":350,"height":200,"srcset":"https:\/\/i0.wp.com\/pohjanmaantehtaanmyymala.fi\/wp-content\/uploads\/2024\/11\/Pilvi-jakkara-tammi-2.jpg?fit=960%2C960&ssl=1&resize=350%2C200 1x, https:\/\/i0.wp.com\/pohjanmaantehtaanmyymala.fi\/wp-content\/uploads\/2024\/11\/Pilvi-jakkara-tammi-2.jpg?fit=960%2C960&ssl=1&resize=525%2C300 1.5x, https:\/\/i0.wp.com\/pohjanmaantehtaanmyymala.fi\/wp-content\/uploads\/2024\/11\/Pilvi-jakkara-tammi-2.jpg?fit=960%2C960&ssl=1&resize=700%2C400 2x"},"classes":[]},{"id":17107,"url":"https:\/\/pohjanmaantehtaanmyymala.fi\/en\/tuote\/4living-betonijakkara-40-cm\/","url_meta":{"origin":17186,"position":2},"title":"4Living betonijakkara 40 cm","author":"Sami Viitala","date":"April 13, 2021","format":false,"excerpt":"Moderni jakkara juuttinarulla","rel":"","context":"Similar post","block_context":{"text":"Similar post","link":""},"img":{"alt_text":"4Living Jakkara Betoni 40 cm","src":"https:\/\/i0.wp.com\/pohjanmaantehtaanmyymala.fi\/wp-content\/uploads\/2021\/04\/Betonijakkara-603087-1.jpg?fit=1200%2C1200&ssl=1&resize=350%2C200","width":350,"height":200,"srcset":"https:\/\/i0.wp.com\/pohjanmaantehtaanmyymala.fi\/wp-content\/uploads\/2021\/04\/Betonijakkara-603087-1.jpg?fit=1200%2C1200&ssl=1&resize=350%2C200 1x, https:\/\/i0.wp.com\/pohjanmaantehtaanmyymala.fi\/wp-content\/uploads\/2021\/04\/Betonijakkara-603087-1.jpg?fit=1200%2C1200&ssl=1&resize=525%2C300 1.5x, https:\/\/i0.wp.com\/pohjanmaantehtaanmyymala.fi\/wp-content\/uploads\/2021\/04\/Betonijakkara-603087-1.jpg?fit=1200%2C1200&ssl=1&resize=700%2C400 2x, https:\/\/i0.wp.com\/pohjanmaantehtaanmyymala.fi\/wp-content\/uploads\/2021\/04\/Betonijakkara-603087-1.jpg?fit=1200%2C1200&ssl=1&resize=1050%2C600 3x"},"classes":[]},{"id":21149,"url":"https:\/\/pohjanmaantehtaanmyymala.fi\/en\/tuote\/austin-baarituoli\/","url_meta":{"origin":17186,"position":3},"title":"Austin baarituoli","author":"Sami Viitala","date":"September 4, 2022","format":false,"excerpt":"Simppeli baarijakkara saatavana kolmella eri v\u00e4rill\u00e4.","rel":"","context":"Similar post","block_context":{"text":"Similar post","link":""},"img":{"alt_text":"Rowico Austin baaarijakkarat ryhm\u00e4kuvassa, musta, tammi ja valkopesty","src":"https:\/\/i0.wp.com\/pohjanmaantehtaanmyymala.fi\/wp-content\/uploads\/2022\/09\/Austin-baarijakkara-kokoelma.jpg?fit=960%2C960&ssl=1&resize=350%2C200","width":350,"height":200,"srcset":"https:\/\/i0.wp.com\/pohjanmaantehtaanmyymala.fi\/wp-content\/uploads\/2022\/09\/Austin-baarijakkara-kokoelma.jpg?fit=960%2C960&ssl=1&resize=350%2C200 1x, https:\/\/i0.wp.com\/pohjanmaantehtaanmyymala.fi\/wp-content\/uploads\/2022\/09\/Austin-baarijakkara-kokoelma.jpg?fit=960%2C960&ssl=1&resize=525%2C300 1.5x, https:\/\/i0.wp.com\/pohjanmaantehtaanmyymala.fi\/wp-content\/uploads\/2022\/09\/Austin-baarijakkara-kokoelma.jpg?fit=960%2C960&ssl=1&resize=700%2C400 2x"},"classes":[]},{"id":18691,"url":"https:\/\/pohjanmaantehtaanmyymala.fi\/en\/tuote\/pohjanmaan-namu-rahi-o-40-cm\/","url_meta":{"origin":17186,"position":4},"title":"Pohjanmaan Namu-rahi \u00d8 40 cm","author":"Sami Viitala","date":"October 31, 2021","format":false,"excerpt":"Vankka istuinjakkara.","rel":"","context":"Similar post","block_context":{"text":"Similar post","link":""},"img":{"alt_text":"Namu py\u00f6re\u00e4t rahit 40 cm ja 90 cm nahkainen ja kangas","src":"https:\/\/i0.wp.com\/pohjanmaantehtaanmyymala.fi\/wp-content\/uploads\/2021\/10\/Namu-rahi-pyorea-40-80-1.jpg?fit=960%2C960&ssl=1&resize=350%2C200","width":350,"height":200,"srcset":"https:\/\/i0.wp.com\/pohjanmaantehtaanmyymala.fi\/wp-content\/uploads\/2021\/10\/Namu-rahi-pyorea-40-80-1.jpg?fit=960%2C960&ssl=1&resize=350%2C200 1x, https:\/\/i0.wp.com\/pohjanmaantehtaanmyymala.fi\/wp-content\/uploads\/2021\/10\/Namu-rahi-pyorea-40-80-1.jpg?fit=960%2C960&ssl=1&resize=525%2C300 1.5x, https:\/\/i0.wp.com\/pohjanmaantehtaanmyymala.fi\/wp-content\/uploads\/2021\/10\/Namu-rahi-pyorea-40-80-1.jpg?fit=960%2C960&ssl=1&resize=700%2C400 2x"},"classes":[]},{"id":17007,"url":"https:\/\/pohjanmaantehtaanmyymala.fi\/en\/tuote\/ecofurn-lilli-poyta-rahi-manty\/","url_meta":{"origin":17186,"position":5},"title":"Ecofurn Lilli p\u00f6yt\u00e4-rahi, m\u00e4nty","author":"Sami Viitala","date":"April 10, 2021","format":false,"excerpt":"Osta aito ja alkuper\u00e4inen m\u00e4ntyinen Ekop\u00f6yt\u00e4 meilt\u00e4! Valitse v\u00e4ri!","rel":"","context":"Similar post","block_context":{"text":"Similar post","link":""},"img":{"alt_text":"EcoFurn Lilli p\u00f6yt\u00e4-rahi valkoinen m\u00e4nty","src":"https:\/\/i0.wp.com\/pohjanmaantehtaanmyymala.fi\/wp-content\/uploads\/2021\/04\/Lilli90580-valkoinen-manty.jpg?fit=1200%2C1200&ssl=1&resize=350%2C200","width":350,"height":200,"srcset":"https:\/\/i0.wp.com\/pohjanmaantehtaanmyymala.fi\/wp-content\/uploads\/2021\/04\/Lilli90580-valkoinen-manty.jpg?fit=1200%2C1200&ssl=1&resize=350%2C200 1x, https:\/\/i0.wp.com\/pohjanmaantehtaanmyymala.fi\/wp-content\/uploads\/2021\/04\/Lilli90580-valkoinen-manty.jpg?fit=1200%2C1200&ssl=1&resize=525%2C300 1.5x, https:\/\/i0.wp.com\/pohjanmaantehtaanmyymala.fi\/wp-content\/uploads\/2021\/04\/Lilli90580-valkoinen-manty.jpg?fit=1200%2C1200&ssl=1&resize=700%2C400 2x, https:\/\/i0.wp.com\/pohjanmaantehtaanmyymala.fi\/wp-content\/uploads\/2021\/04\/Lilli90580-valkoinen-manty.jpg?fit=1200%2C1200&ssl=1&resize=1050%2C600 3x"},"classes":[]}],"_links":{"self":[{"href":"https:\/\/pohjanmaantehtaanmyymala.fi\/en\/wp-json\/wp\/v2\/product\/17186","targetHints":{"allow":["GET"]}}],"collection":[{"href":"https:\/\/pohjanmaantehtaanmyymala.fi\/en\/wp-json\/wp\/v2\/product"}],"about":[{"href":"https:\/\/pohjanmaantehtaanmyymala.fi\/en\/wp-json\/wp\/v2\/types\/product"}],"replies":[{"embeddable":true,"href":"https:\/\/pohjanmaantehtaanmyymala.fi\/en\/wp-json\/wp\/v2\/comments?post=17186"}],"wp:featuredmedia":[{"embeddable":true,"href":"https:\/\/pohjanmaantehtaanmyymala.fi\/en\/wp-json\/wp\/v2\/media\/17190"}],"wp:attachment":[{"href":"https:\/\/pohjanmaantehtaanmyymala.fi\/en\/wp-json\/wp\/v2\/media?parent=17186"}],"wp:term":[{"taxonomy":"product_brand","embeddable":true,"href":"https:\/\/pohjanmaantehtaanmyymala.fi\/en\/wp-json\/wp\/v2\/product_brand?post=17186"},{"taxonomy":"product_cat","embeddable":true,"href":"https:\/\/pohjanmaantehtaanmyymala.fi\/en\/wp-json\/wp\/v2\/product_cat?post=17186"},{"taxonomy":"product_tag","embeddable":true,"href":"https:\/\/pohjanmaantehtaanmyymala.fi\/en\/wp-json\/wp\/v2\/product_tag?post=17186"}],"curies":[{"name":"wp","href":"https:\/\/api.w.org\/{rel}","templated":true}]}}