{"id":17122,"date":"2021-04-13T16:47:21","date_gmt":"2021-04-13T14:47:21","guid":{"rendered":"https:\/\/pohjanmaantehtaanmyymala.fi\/?post_type=product&#038;p=17122"},"modified":"2021-08-24T20:32:09","modified_gmt":"2021-08-24T18:32:09","slug":"4living-hilda-aurinkotuoli","status":"publish","type":"product","link":"https:\/\/pohjanmaantehtaanmyymala.fi\/en\/tuote\/4living-hilda-aurinkotuoli\/","title":{"rendered":"4Living Hilda aurinkotuoli"},"content":{"rendered":"<p>Tyylik\u00e4s alumiinirunkoinen aurinkotuoli, jossa pehmustettu textilene kangas. Hilda aurinkotuolissa kelpaa nauttia aurinkoisista p\u00e4ivist\u00e4.\u00a0 Aurinkotuolia on helppo siirt\u00e4\u00e4 py\u00f6rien avulla paikasta toiseen. Suositeltu k\u00e4ytt\u00e4j\u00e4n max. paino on 110 kg.<\/p>\n<p>Mitat: l. 65 cm, s. 192 cm, k. 35,5 cm.<\/p>\n<p>Toimitetaan pakkausessa jalat irrallaan.<\/p>\n<div class=\"product-img-box\">\n<div class=\"prolabel-wrapper clearer\"><\/div>\n<\/div>\n<div class=\"product-shop\">\n<div class=\"product-shop-inner\">\n<div>\n<div class=\"product-info-fields\">\n<div class=\"product-name\"><\/div>\n<div class=\"product-description\"><\/div>\n<\/div>\n<\/div>\n<\/div>\n<\/div>\n","protected":false},"excerpt":{"rendered":"<p>Moderni mustanharmaa aurinkotuoli<\/p>\n","protected":false},"featured_media":17127,"comment_status":"closed","ping_status":"closed","template":"","meta":{"_acf_changed":false,"jetpack_post_was_ever_published":false,"jetpack_publicize_message":"","jetpack_publicize_feature_enabled":true,"jetpack_social_post_already_shared":true,"jetpack_social_options":{"image_generator_settings":{"template":"highway","default_image_id":0,"font":"","enabled":false},"version":2}},"product_brand":[242],"product_cat":[200],"product_tag":[],"class_list":{"0":"post-17122","1":"product","2":"type-product","3":"status-publish","4":"has-post-thumbnail","6":"product_brand-4living","7":"product_cat-kesakalusteet","8":"product_shipping_class-161","10":"first","11":"outofstock","12":"shipping-taxable","13":"purchasable","14":"product-type-simple"},"acf":[],"jetpack_publicize_connections":[],"jetpack_sharing_enabled":true,"jetpack-related-posts":[{"id":9508,"url":"https:\/\/pohjanmaantehtaanmyymala.fi\/en\/tuote\/envy-niels-sohvaryhma-poydalla-ja-2lla-tuolilla-musta-harmaa\/","url_meta":{"origin":17122,"position":0},"title":"ENVY Niels \u2013 sohvaryhm\u00e4 musta\/harmaa","author":"petri","date":"September 14, 2019","format":false,"excerpt":"Siro alumiinirunkoinen musta sohvaryhm\u00e4, jossa on harmaat pehmusteet ja sohvap\u00f6yd\u00e4ss\u00e4 lasikansi. Verhoilu on vett\u00e4hylkiv\u00e4 ja UV-suojattu. Tuotetiedot: Sohvan leveys 179,4 cm, syvyys 76,7 cm, korkeus 75,5 cm Sohvan istuinleveys 164 cm Tuolin leveys 69,4 cm, syvyys 76,7 cm, korkeus 75,5 cm Tuolin istuinleveys 54 cm Istuinsyvyys 59 cm Istuinkorkeus 37\u2026","rel":"","context":"Similar post","block_context":{"text":"Similar post","link":""},"img":{"alt_text":"","src":"https:\/\/i0.wp.com\/pohjanmaantehtaanmyymala.fi\/wp-content\/uploads\/2019\/06\/47094-f.jpg?fit=960%2C960&ssl=1&resize=350%2C200","width":350,"height":200,"srcset":"https:\/\/i0.wp.com\/pohjanmaantehtaanmyymala.fi\/wp-content\/uploads\/2019\/06\/47094-f.jpg?fit=960%2C960&ssl=1&resize=350%2C200 1x, https:\/\/i0.wp.com\/pohjanmaantehtaanmyymala.fi\/wp-content\/uploads\/2019\/06\/47094-f.jpg?fit=960%2C960&ssl=1&resize=525%2C300 1.5x, https:\/\/i0.wp.com\/pohjanmaantehtaanmyymala.fi\/wp-content\/uploads\/2019\/06\/47094-f.jpg?fit=960%2C960&ssl=1&resize=700%2C400 2x"},"classes":[]},{"id":9391,"url":"https:\/\/pohjanmaantehtaanmyymala.fi\/en\/tuote\/economy-sahkopoyta-140x80-cm\/","url_meta":{"origin":17122,"position":1},"title":"Classic single \u2013 s\u00e4hk\u00f6p\u00f6yt\u00e4 120&#215;80 cm","author":"petri","date":"September 14, 2019","format":false,"excerpt":"Ergonomian ammattilaiset suosittelevat korkeuss\u00e4\u00e4dett\u00e4v\u00e4\u00e4 ty\u00f6p\u00f6yt\u00e4\u00e4 toimistoty\u00f6h\u00f6n.","rel":"","context":"Similar post","block_context":{"text":"Similar post","link":""},"img":{"alt_text":"Toplux Classic Single s\u00e4\u00e4t\u00f6p\u00f6yt\u00e4 ja Trillo ty\u00f6tuoli milj\u00f6\u00f6kuvassa","src":"https:\/\/i0.wp.com\/pohjanmaantehtaanmyymala.fi\/wp-content\/uploads\/2019\/09\/Single-saatopoyta.jpg?fit=1000%2C1000&ssl=1&resize=350%2C200","width":350,"height":200,"srcset":"https:\/\/i0.wp.com\/pohjanmaantehtaanmyymala.fi\/wp-content\/uploads\/2019\/09\/Single-saatopoyta.jpg?fit=1000%2C1000&ssl=1&resize=350%2C200 1x, https:\/\/i0.wp.com\/pohjanmaantehtaanmyymala.fi\/wp-content\/uploads\/2019\/09\/Single-saatopoyta.jpg?fit=1000%2C1000&ssl=1&resize=525%2C300 1.5x, https:\/\/i0.wp.com\/pohjanmaantehtaanmyymala.fi\/wp-content\/uploads\/2019\/09\/Single-saatopoyta.jpg?fit=1000%2C1000&ssl=1&resize=700%2C400 2x"},"classes":[]},{"id":20255,"url":"https:\/\/pohjanmaantehtaanmyymala.fi\/en\/tuote\/mori-sanky-koivua-eri-kokoja\/","url_meta":{"origin":17122,"position":2},"title":"Mori s\u00e4nky koivua, eri kokoja","author":"Sami Viitala","date":"March 28, 2022","format":false,"excerpt":"Kotimainen p\u00e4\u00e4dyt\u00f6n koivus\u00e4nky. Valitse koko!","rel":"","context":"Similar post","block_context":{"text":"Similar post","link":""},"img":{"alt_text":"Kiteen Mori s\u00e4nky wenge","src":"https:\/\/i0.wp.com\/pohjanmaantehtaanmyymala.fi\/wp-content\/uploads\/2022\/03\/Mori_sanky_wenge-1.jpg?fit=960%2C960&ssl=1&resize=350%2C200","width":350,"height":200,"srcset":"https:\/\/i0.wp.com\/pohjanmaantehtaanmyymala.fi\/wp-content\/uploads\/2022\/03\/Mori_sanky_wenge-1.jpg?fit=960%2C960&ssl=1&resize=350%2C200 1x, https:\/\/i0.wp.com\/pohjanmaantehtaanmyymala.fi\/wp-content\/uploads\/2022\/03\/Mori_sanky_wenge-1.jpg?fit=960%2C960&ssl=1&resize=525%2C300 1.5x, https:\/\/i0.wp.com\/pohjanmaantehtaanmyymala.fi\/wp-content\/uploads\/2022\/03\/Mori_sanky_wenge-1.jpg?fit=960%2C960&ssl=1&resize=700%2C400 2x"},"classes":[]},{"id":28902,"url":"https:\/\/pohjanmaantehtaanmyymala.fi\/en\/tuote\/solo-tv-taso-166-cm-ruskea\/","url_meta":{"origin":17122,"position":3},"title":"SOLO TV-taso 166 cm ruskea","author":"Sami Viitala","date":"October 2, 2025","format":false,"excerpt":"Suomalainen edullinen mediataso!","rel":"","context":"Similar post","block_context":{"text":"Similar post","link":""},"img":{"alt_text":"Hiipakka Solo tv-taso 166 cm ruskea","src":"https:\/\/i0.wp.com\/pohjanmaantehtaanmyymala.fi\/wp-content\/uploads\/2025\/10\/Solo_TV-Taso_166_ruskea.jpg?fit=1000%2C1000&ssl=1&resize=350%2C200","width":350,"height":200,"srcset":"https:\/\/i0.wp.com\/pohjanmaantehtaanmyymala.fi\/wp-content\/uploads\/2025\/10\/Solo_TV-Taso_166_ruskea.jpg?fit=1000%2C1000&ssl=1&resize=350%2C200 1x, https:\/\/i0.wp.com\/pohjanmaantehtaanmyymala.fi\/wp-content\/uploads\/2025\/10\/Solo_TV-Taso_166_ruskea.jpg?fit=1000%2C1000&ssl=1&resize=525%2C300 1.5x, https:\/\/i0.wp.com\/pohjanmaantehtaanmyymala.fi\/wp-content\/uploads\/2025\/10\/Solo_TV-Taso_166_ruskea.jpg?fit=1000%2C1000&ssl=1&resize=700%2C400 2x"},"classes":[]},{"id":22485,"url":"https:\/\/pohjanmaantehtaanmyymala.fi\/en\/tuote\/solo-tv-taso-ovilla-166-cm\/","url_meta":{"origin":17122,"position":4},"title":"SOLO TV-taso ovilla 166 cm","author":"Sami Viitala","date":"February 21, 2023","format":false,"excerpt":"Kotimainen edullinen taso, valitse v\u00e4ri alta!","rel":"","context":"Similar post","block_context":{"text":"Similar post","link":""},"img":{"alt_text":"Hiipakka Solo tv-taso 166 cm ovilla valkoinen","src":"https:\/\/i0.wp.com\/pohjanmaantehtaanmyymala.fi\/wp-content\/uploads\/2023\/02\/Solo_TV-Taso_ovilla_valkoinen.jpg?fit=960%2C960&ssl=1&resize=350%2C200","width":350,"height":200,"srcset":"https:\/\/i0.wp.com\/pohjanmaantehtaanmyymala.fi\/wp-content\/uploads\/2023\/02\/Solo_TV-Taso_ovilla_valkoinen.jpg?fit=960%2C960&ssl=1&resize=350%2C200 1x, https:\/\/i0.wp.com\/pohjanmaantehtaanmyymala.fi\/wp-content\/uploads\/2023\/02\/Solo_TV-Taso_ovilla_valkoinen.jpg?fit=960%2C960&ssl=1&resize=525%2C300 1.5x, https:\/\/i0.wp.com\/pohjanmaantehtaanmyymala.fi\/wp-content\/uploads\/2023\/02\/Solo_TV-Taso_ovilla_valkoinen.jpg?fit=960%2C960&ssl=1&resize=700%2C400 2x"},"classes":[]},{"id":9378,"url":"https:\/\/pohjanmaantehtaanmyymala.fi\/en\/tuote\/susanna-medi-sanky-90x200-cm\/","url_meta":{"origin":17122,"position":5},"title":"SUSANNA senioris\u00e4nky 90&#215;200 cm","author":"petri","date":"September 14, 2019","format":false,"excerpt":"Kotimainen Susanna- senioris\u00e4nky nousutuella ja turvalaidalla!","rel":"","context":"Similar post","block_context":{"text":"Similar post","link":""},"img":{"alt_text":"","src":"https:\/\/i0.wp.com\/pohjanmaantehtaanmyymala.fi\/wp-content\/uploads\/2019\/09\/susanna-medi.jpg?fit=960%2C960&ssl=1&resize=350%2C200","width":350,"height":200,"srcset":"https:\/\/i0.wp.com\/pohjanmaantehtaanmyymala.fi\/wp-content\/uploads\/2019\/09\/susanna-medi.jpg?fit=960%2C960&ssl=1&resize=350%2C200 1x, https:\/\/i0.wp.com\/pohjanmaantehtaanmyymala.fi\/wp-content\/uploads\/2019\/09\/susanna-medi.jpg?fit=960%2C960&ssl=1&resize=525%2C300 1.5x, https:\/\/i0.wp.com\/pohjanmaantehtaanmyymala.fi\/wp-content\/uploads\/2019\/09\/susanna-medi.jpg?fit=960%2C960&ssl=1&resize=700%2C400 2x"},"classes":[]}],"_links":{"self":[{"href":"https:\/\/pohjanmaantehtaanmyymala.fi\/en\/wp-json\/wp\/v2\/product\/17122","targetHints":{"allow":["GET"]}}],"collection":[{"href":"https:\/\/pohjanmaantehtaanmyymala.fi\/en\/wp-json\/wp\/v2\/product"}],"about":[{"href":"https:\/\/pohjanmaantehtaanmyymala.fi\/en\/wp-json\/wp\/v2\/types\/product"}],"replies":[{"embeddable":true,"href":"https:\/\/pohjanmaantehtaanmyymala.fi\/en\/wp-json\/wp\/v2\/comments?post=17122"}],"wp:featuredmedia":[{"embeddable":true,"href":"https:\/\/pohjanmaantehtaanmyymala.fi\/en\/wp-json\/wp\/v2\/media\/17127"}],"wp:attachment":[{"href":"https:\/\/pohjanmaantehtaanmyymala.fi\/en\/wp-json\/wp\/v2\/media?parent=17122"}],"wp:term":[{"taxonomy":"product_brand","embeddable":true,"href":"https:\/\/pohjanmaantehtaanmyymala.fi\/en\/wp-json\/wp\/v2\/product_brand?post=17122"},{"taxonomy":"product_cat","embeddable":true,"href":"https:\/\/pohjanmaantehtaanmyymala.fi\/en\/wp-json\/wp\/v2\/product_cat?post=17122"},{"taxonomy":"product_tag","embeddable":true,"href":"https:\/\/pohjanmaantehtaanmyymala.fi\/en\/wp-json\/wp\/v2\/product_tag?post=17122"}],"curies":[{"name":"wp","href":"https:\/\/api.w.org\/{rel}","templated":true}]}}