{"id":17007,"date":"2021-04-10T21:56:21","date_gmt":"2021-04-10T19:56:21","guid":{"rendered":"https:\/\/pohjanmaantehtaanmyymala.fi\/?post_type=product&#038;p=17007"},"modified":"2025-05-31T12:17:51","modified_gmt":"2025-05-31T10:17:51","slug":"ecofurn-lilli-poyta-rahi-manty","status":"publish","type":"product","link":"https:\/\/pohjanmaantehtaanmyymala.fi\/en\/tuote\/ecofurn-lilli-poyta-rahi-manty\/","title":{"rendered":"Ecofurn Lilli p\u00f6yt\u00e4-rahi, m\u00e4nty"},"content":{"rendered":"<div class=\"std descr1\">Ajaton ja tyylik\u00e4s Ecofurn Lilli-rahi, joka k\u00e4y my\u00f6s p\u00f6yd\u00e4st\u00e4 mm. Ekotuolien kanssa. EcoFurnin p\u00f6yt\u00e4-rahi on valmistettu m\u00e4ntyisist\u00e4 puurimoista, jotka on sidottu yhteen hamppuk\u00f6ytt\u00e4 k\u00e4ytt\u00e4en. Lilli p\u00f6yt\u00e4-rahi sopii monenlaiseen sisustukseen terassille, parvekkeelle ja muihin ulko- ja sis\u00e4tiloihin.<\/div>\n<div class=\"std descr1\">\n<p>P\u00f6yt\u00e4-rahin saa taitettua kasaan s\u00e4ilytyst\u00e4 varten.<\/p>\n<p>Toimitamme my\u00f6s edullisesti Ecotuolit ja rahit k\u00e4tev\u00e4sti kotiovellesi tai l\u00e4himm\u00e4lle Matkahuoltopisteelle. Kysy lis\u00e4tietoa <a href=\"https:\/\/pohjanmaantehtaanmyymala.fi\/yhteys\/\">myynist\u00e4mme.<\/a><\/p>\n<p>Tuotteet ovat 100 %:sti kierr\u00e4tett\u00e4vi\u00e4, eik\u00e4 niist\u00e4 j\u00e4\u00e4 mit\u00e4\u00e4n j\u00e4tett\u00e4 luontoa pilaamaan. EcoFurn -tuotteet tehd\u00e4\u00e4n vain pohjoismaisesta FSC-sertifikoidusta massiivipuusta.<\/p>\n<\/div>\n<h3>Tuotetiedot:<\/h3>\n<p>Materiaalit: M\u00e4nty ja Hamppunaru<br \/>\nV\u00e4rivaihtoehdot:\u00a0 harmaa, kuultovalkoinen, musta ja ruskea,<br \/>\nLeveys: 35 cm, Korkeus 45 cm ja syvyys 40 cm<br \/>\nPainorajoitus noin 120-150 kg<br \/>\nToimitetaan osina kierr\u00e4tett\u00e4v\u00e4ss\u00e4 k\u00e4tev\u00e4ss\u00e4 kartonkilaatikossa, jonka koko on\u00a0<span dir=\"ltr\">54 \u00d7 50 \u00d7 12 cm cm<\/span> ja paina n. 4 kg.<\/p>\n<p>Kasausohjevideon voit katsoa t\u00e4\u00e4lt\u00e4; <a href=\"https:\/\/www.youtube.com\/watch?v=-vGQAETnuG4\">Lilli Assembly<\/a><\/p>\n","protected":false},"excerpt":{"rendered":"<p>Osta aito ja alkuper\u00e4inen m\u00e4ntyinen Ekop\u00f6yt\u00e4 meilt\u00e4! Valitse v\u00e4ri!<\/p>\n","protected":false},"featured_media":17012,"comment_status":"closed","ping_status":"closed","template":"","meta":{"_acf_changed":false,"jetpack_post_was_ever_published":false,"jetpack_publicize_message":"","jetpack_publicize_feature_enabled":true,"jetpack_social_post_already_shared":true,"jetpack_social_options":{"image_generator_settings":{"template":"highway","default_image_id":0,"font":"","enabled":false},"version":2}},"product_brand":[300],"product_cat":[200],"product_tag":[],"class_list":{"0":"post-17007","1":"product","2":"type-product","3":"status-publish","4":"has-post-thumbnail","6":"product_brand-ecofurn","7":"product_cat-kesakalusteet","8":"pa_vari-harmaa","9":"pa_vari-kuultovalkoinen","10":"pa_vari-musta","11":"pa_vari-ruskea","13":"first","14":"instock","15":"sale","16":"shipping-taxable","17":"purchasable","18":"product-type-variable","19":"has-default-attributes"},"acf":[],"jetpack_publicize_connections":[],"jetpack_sharing_enabled":true,"jetpack-related-posts":[{"id":17030,"url":"https:\/\/pohjanmaantehtaanmyymala.fi\/en\/tuote\/ecofurn-lilli-poyta-rahi-saarni\/","url_meta":{"origin":17007,"position":0},"title":"Ecofurn Lilli p\u00f6yt\u00e4-rahi, saarni","author":"Sami Viitala","date":"April 11, 2021","format":false,"excerpt":"Osta aito ja alkuper\u00e4inen jalopuinen Ecorahi. Valitse v\u00e4ri!","rel":"","context":"Similar post","block_context":{"text":"Similar post","link":""},"img":{"alt_text":"EcoFurn Lilli p\u00f6yt\u00e4-rahi ruskea saarni","src":"https:\/\/i0.wp.com\/pohjanmaantehtaanmyymala.fi\/wp-content\/uploads\/2021\/04\/Lilli90719-ruskea-saarni.jpg?fit=1200%2C1200&ssl=1&resize=350%2C200","width":350,"height":200,"srcset":"https:\/\/i0.wp.com\/pohjanmaantehtaanmyymala.fi\/wp-content\/uploads\/2021\/04\/Lilli90719-ruskea-saarni.jpg?fit=1200%2C1200&ssl=1&resize=350%2C200 1x, https:\/\/i0.wp.com\/pohjanmaantehtaanmyymala.fi\/wp-content\/uploads\/2021\/04\/Lilli90719-ruskea-saarni.jpg?fit=1200%2C1200&ssl=1&resize=525%2C300 1.5x, https:\/\/i0.wp.com\/pohjanmaantehtaanmyymala.fi\/wp-content\/uploads\/2021\/04\/Lilli90719-ruskea-saarni.jpg?fit=1200%2C1200&ssl=1&resize=700%2C400 2x, https:\/\/i0.wp.com\/pohjanmaantehtaanmyymala.fi\/wp-content\/uploads\/2021\/04\/Lilli90719-ruskea-saarni.jpg?fit=1200%2C1200&ssl=1&resize=1050%2C600 3x"},"classes":[]},{"id":17051,"url":"https:\/\/pohjanmaantehtaanmyymala.fi\/en\/tuote\/ecofurn-lilli-poyta-rahi-tervaleppa\/","url_meta":{"origin":17007,"position":1},"title":"Ecofurn Lilli p\u00f6yt\u00e4-rahi, tervalepp\u00e4","author":"Sami Viitala","date":"April 11, 2021","format":false,"excerpt":"Osta aito ja alkuper\u00e4inen Ecorahi. Valitse v\u00e4ri!","rel":"","context":"Similar post","block_context":{"text":"Similar post","link":""},"img":{"alt_text":"EcoFurn Lilli p\u00f6yt\u00e4-rahi musta tervalepp\u00e4","src":"https:\/\/i0.wp.com\/pohjanmaantehtaanmyymala.fi\/wp-content\/uploads\/2021\/04\/Lilli90849-musta-tervaleppa.jpg?fit=1200%2C1200&ssl=1&resize=350%2C200","width":350,"height":200,"srcset":"https:\/\/i0.wp.com\/pohjanmaantehtaanmyymala.fi\/wp-content\/uploads\/2021\/04\/Lilli90849-musta-tervaleppa.jpg?fit=1200%2C1200&ssl=1&resize=350%2C200 1x, https:\/\/i0.wp.com\/pohjanmaantehtaanmyymala.fi\/wp-content\/uploads\/2021\/04\/Lilli90849-musta-tervaleppa.jpg?fit=1200%2C1200&ssl=1&resize=525%2C300 1.5x, https:\/\/i0.wp.com\/pohjanmaantehtaanmyymala.fi\/wp-content\/uploads\/2021\/04\/Lilli90849-musta-tervaleppa.jpg?fit=1200%2C1200&ssl=1&resize=700%2C400 2x, https:\/\/i0.wp.com\/pohjanmaantehtaanmyymala.fi\/wp-content\/uploads\/2021\/04\/Lilli90849-musta-tervaleppa.jpg?fit=1200%2C1200&ssl=1&resize=1050%2C600 3x"},"classes":[]},{"id":17073,"url":"https:\/\/pohjanmaantehtaanmyymala.fi\/en\/tuote\/ecofurn-lilli-poyta-rahi-lehtikuusi\/","url_meta":{"origin":17007,"position":2},"title":"Ecofurn Lilli p\u00f6yt\u00e4-rahi, lehtikuusi","author":"Sami Viitala","date":"April 12, 2021","format":false,"excerpt":"Osta aito ja kest\u00e4v\u00e4 siperianlehtikuusesta valmistettu Ecorahi.","rel":"","context":"Similar post","block_context":{"text":"Similar post","link":""},"img":{"alt_text":"EcoFurn Lilli p\u00f6yt\u00e4-rahi lehtikuusi","src":"https:\/\/i0.wp.com\/pohjanmaantehtaanmyymala.fi\/wp-content\/uploads\/2021\/04\/Lilli90511-lehtikuusi.jpg?fit=1200%2C1200&ssl=1&resize=350%2C200","width":350,"height":200,"srcset":"https:\/\/i0.wp.com\/pohjanmaantehtaanmyymala.fi\/wp-content\/uploads\/2021\/04\/Lilli90511-lehtikuusi.jpg?fit=1200%2C1200&ssl=1&resize=350%2C200 1x, https:\/\/i0.wp.com\/pohjanmaantehtaanmyymala.fi\/wp-content\/uploads\/2021\/04\/Lilli90511-lehtikuusi.jpg?fit=1200%2C1200&ssl=1&resize=525%2C300 1.5x, https:\/\/i0.wp.com\/pohjanmaantehtaanmyymala.fi\/wp-content\/uploads\/2021\/04\/Lilli90511-lehtikuusi.jpg?fit=1200%2C1200&ssl=1&resize=700%2C400 2x, https:\/\/i0.wp.com\/pohjanmaantehtaanmyymala.fi\/wp-content\/uploads\/2021\/04\/Lilli90511-lehtikuusi.jpg?fit=1200%2C1200&ssl=1&resize=1050%2C600 3x"},"classes":[]},{"id":17353,"url":"https:\/\/pohjanmaantehtaanmyymala.fi\/en\/tuote\/ecofurn-ekotuoli-ja-poyta-harmaa\/","url_meta":{"origin":17007,"position":3},"title":"Ecofurn Ekotuoli ja Lilli-p\u00f6yt\u00e4, harmaa","author":"Sami Viitala","date":"May 6, 2021","format":false,"excerpt":"Osta aito ja alkuper\u00e4inen m\u00e4ntyinen Ekotuoli ja Lilli-p\u00f6yt\u00e4. Ecofurn.","rel":"","context":"Similar post","block_context":{"text":"Similar post","link":""},"img":{"alt_text":"Ecofurn ekotuoli niskatuella ja p\u00f6yt\u00e4 harmaa","src":"https:\/\/i0.wp.com\/pohjanmaantehtaanmyymala.fi\/wp-content\/uploads\/2021\/05\/Ekotuolisetti-tuoli-poyta-harmaa.jpg?fit=1200%2C1200&ssl=1&resize=350%2C200","width":350,"height":200,"srcset":"https:\/\/i0.wp.com\/pohjanmaantehtaanmyymala.fi\/wp-content\/uploads\/2021\/05\/Ekotuolisetti-tuoli-poyta-harmaa.jpg?fit=1200%2C1200&ssl=1&resize=350%2C200 1x, https:\/\/i0.wp.com\/pohjanmaantehtaanmyymala.fi\/wp-content\/uploads\/2021\/05\/Ekotuolisetti-tuoli-poyta-harmaa.jpg?fit=1200%2C1200&ssl=1&resize=525%2C300 1.5x, https:\/\/i0.wp.com\/pohjanmaantehtaanmyymala.fi\/wp-content\/uploads\/2021\/05\/Ekotuolisetti-tuoli-poyta-harmaa.jpg?fit=1200%2C1200&ssl=1&resize=700%2C400 2x, https:\/\/i0.wp.com\/pohjanmaantehtaanmyymala.fi\/wp-content\/uploads\/2021\/05\/Ekotuolisetti-tuoli-poyta-harmaa.jpg?fit=1200%2C1200&ssl=1&resize=1050%2C600 3x"},"classes":[]},{"id":18691,"url":"https:\/\/pohjanmaantehtaanmyymala.fi\/en\/tuote\/pohjanmaan-namu-rahi-o-40-cm\/","url_meta":{"origin":17007,"position":4},"title":"Pohjanmaan Namu-rahi \u00d8 40 cm","author":"Sami Viitala","date":"October 31, 2021","format":false,"excerpt":"Vankka istuinjakkara.","rel":"","context":"Similar post","block_context":{"text":"Similar post","link":""},"img":{"alt_text":"Namu py\u00f6re\u00e4t rahit 40 cm ja 90 cm nahkainen ja kangas","src":"https:\/\/i0.wp.com\/pohjanmaantehtaanmyymala.fi\/wp-content\/uploads\/2021\/10\/Namu-rahi-pyorea-40-80-1.jpg?fit=960%2C960&ssl=1&resize=350%2C200","width":350,"height":200,"srcset":"https:\/\/i0.wp.com\/pohjanmaantehtaanmyymala.fi\/wp-content\/uploads\/2021\/10\/Namu-rahi-pyorea-40-80-1.jpg?fit=960%2C960&ssl=1&resize=350%2C200 1x, https:\/\/i0.wp.com\/pohjanmaantehtaanmyymala.fi\/wp-content\/uploads\/2021\/10\/Namu-rahi-pyorea-40-80-1.jpg?fit=960%2C960&ssl=1&resize=525%2C300 1.5x, https:\/\/i0.wp.com\/pohjanmaantehtaanmyymala.fi\/wp-content\/uploads\/2021\/10\/Namu-rahi-pyorea-40-80-1.jpg?fit=960%2C960&ssl=1&resize=700%2C400 2x"},"classes":[]},{"id":17377,"url":"https:\/\/pohjanmaantehtaanmyymala.fi\/en\/tuote\/ecofurn-butterfly-jakkara-tervaleppa\/","url_meta":{"origin":17007,"position":5},"title":"Ecofurn butterfly-jakkara, tervalepp\u00e4","author":"Sami Viitala","date":"May 6, 2021","format":false,"excerpt":"K\u00e4tev\u00e4 kasaantaitettava Ecofurn Butterfly perhosjakkara.","rel":"","context":"Similar post","block_context":{"text":"Similar post","link":""},"img":{"alt_text":"Butterfly-jakkara \u00f6ljytty tervalepp\u00e4","src":"https:\/\/i0.wp.com\/pohjanmaantehtaanmyymala.fi\/wp-content\/uploads\/2021\/05\/91846-Butterfly-alder-oiled-2.jpg?fit=960%2C960&ssl=1&resize=350%2C200","width":350,"height":200,"srcset":"https:\/\/i0.wp.com\/pohjanmaantehtaanmyymala.fi\/wp-content\/uploads\/2021\/05\/91846-Butterfly-alder-oiled-2.jpg?fit=960%2C960&ssl=1&resize=350%2C200 1x, https:\/\/i0.wp.com\/pohjanmaantehtaanmyymala.fi\/wp-content\/uploads\/2021\/05\/91846-Butterfly-alder-oiled-2.jpg?fit=960%2C960&ssl=1&resize=525%2C300 1.5x, https:\/\/i0.wp.com\/pohjanmaantehtaanmyymala.fi\/wp-content\/uploads\/2021\/05\/91846-Butterfly-alder-oiled-2.jpg?fit=960%2C960&ssl=1&resize=700%2C400 2x"},"classes":[]}],"_links":{"self":[{"href":"https:\/\/pohjanmaantehtaanmyymala.fi\/en\/wp-json\/wp\/v2\/product\/17007","targetHints":{"allow":["GET"]}}],"collection":[{"href":"https:\/\/pohjanmaantehtaanmyymala.fi\/en\/wp-json\/wp\/v2\/product"}],"about":[{"href":"https:\/\/pohjanmaantehtaanmyymala.fi\/en\/wp-json\/wp\/v2\/types\/product"}],"replies":[{"embeddable":true,"href":"https:\/\/pohjanmaantehtaanmyymala.fi\/en\/wp-json\/wp\/v2\/comments?post=17007"}],"wp:featuredmedia":[{"embeddable":true,"href":"https:\/\/pohjanmaantehtaanmyymala.fi\/en\/wp-json\/wp\/v2\/media\/17012"}],"wp:attachment":[{"href":"https:\/\/pohjanmaantehtaanmyymala.fi\/en\/wp-json\/wp\/v2\/media?parent=17007"}],"wp:term":[{"taxonomy":"product_brand","embeddable":true,"href":"https:\/\/pohjanmaantehtaanmyymala.fi\/en\/wp-json\/wp\/v2\/product_brand?post=17007"},{"taxonomy":"product_cat","embeddable":true,"href":"https:\/\/pohjanmaantehtaanmyymala.fi\/en\/wp-json\/wp\/v2\/product_cat?post=17007"},{"taxonomy":"product_tag","embeddable":true,"href":"https:\/\/pohjanmaantehtaanmyymala.fi\/en\/wp-json\/wp\/v2\/product_tag?post=17007"}],"curies":[{"name":"wp","href":"https:\/\/api.w.org\/{rel}","templated":true}]}}