{"id":16906,"date":"2021-04-08T20:09:06","date_gmt":"2021-04-08T18:09:06","guid":{"rendered":"https:\/\/pohjanmaantehtaanmyymala.fi\/?post_type=product&#038;p=16906"},"modified":"2025-09-01T00:00:23","modified_gmt":"2025-08-31T22:00:23","slug":"ecofurn-ekotuoli-tervaleppa","status":"publish","type":"product","link":"https:\/\/pohjanmaantehtaanmyymala.fi\/en\/tuote\/ecofurn-ekotuoli-tervaleppa\/","title":{"rendered":"Ecofurn Ekotuoli, tervalepp\u00e4"},"content":{"rendered":"<div class=\"std descr1\">T\u00e4st\u00e4 alkuper\u00e4inen Ecofurn ekotuoli. EcoFurnin tuoli on valmistettu tervalep\u00e4n puurimoista, jotka on sidottu yhteen hamppuk\u00f6ytt\u00e4 k\u00e4ytt\u00e4en. Ecofurnin ajaton nojatuoli sopii monenlaiseen sisustukseen terassille, parvekkeelle tai vaikka kodin sis\u00e4tiloihin.\u00a0 Hyv\u00e4n l\u00e4mm\u00f6nsietokyvyn vuoksi tervalepp\u00e4st\u00e4 valmistettu Ekotuoli sopii my\u00f6s aurinkoisiin ja kuumiin paikkoihin kuten lasitetuille parvekkeille, terasseille ja saunatiloihin.<\/div>\n<div class=\"std descr1\">\n<p>Ekotuoli on laadukas ja sen saa taitettua kasaan s\u00e4ilytyst\u00e4 varten. <a href=\"https:\/\/pohjanmaantehtaanmyymala.fi\/tuote\/ecofurn-ekotuolin-niskatyyny\/\">Niskatyyny<\/a> on lis\u00e4hinnallinen ja myyd\u00e4\u00e4n erikseen.<\/p>\n<p>Toimitamme my\u00f6s edullisesti Ecotuolit k\u00e4tev\u00e4sti kotiovellesi tai l\u00e4himm\u00e4lle Matkahuoltopisteelle. Kysy lis\u00e4tietoa <a href=\"https:\/\/pohjanmaantehtaanmyymala.fi\/yhteys\/\">myynist\u00e4mme.<\/a><\/p>\n<p>Tuotteet ovat 100 %:sti kierr\u00e4tett\u00e4vi\u00e4, eik\u00e4 niist\u00e4 j\u00e4\u00e4 mit\u00e4\u00e4n j\u00e4tett\u00e4 luontoa pilaamaan. EcoFurn -tuotteet tehd\u00e4\u00e4n vain pohjoismaisesta FSC-sertifikoidusta massiivipuusta.<\/p>\n<\/div>\n<h3>Tuotetiedot:<\/h3>\n<p>Materiaalit: Tervelepp\u00e4 ja Hamppunaru<br \/>\nPintak\u00e4sittely: v\u00e4rillinen tai v\u00e4rit\u00f6n puu\u00f6ljy<br \/>\nV\u00e4rivaihtoehdot:\u00a0 Greipe, musta, \u00f6ljytty ja k\u00e4sittelem\u00e4t\u00f6n<br \/>\nLeveys: 64 cm, Korkeus 102 cm ja syvyys 90 cm<br \/>\nIstuinkorkeus noin 34 cm. (istuimen pohjasta) etuosasta 39 cm.Niskatyyny myyd\u00e4\u00e4n erikseen<br \/>\nPainorajoitus noin 120-150 kg<br \/>\nToimitetaan osina kierr\u00e4tett\u00e4v\u00e4ss\u00e4 k\u00e4tev\u00e4ss\u00e4 kartonkilaatikossa, jonka koko on 1<span dir=\"ltr\">4x15x127 cm<\/span> ja paina n. 13 kg.<\/p>\n<p>Kasausohjevideon voit katsoa t\u00e4\u00e4lt\u00e4; <a href=\"https:\/\/www.youtube.com\/watch?v=f02N9H2rxXw\">EcoChair Assembly<\/a><\/p>\n","protected":false},"excerpt":{"rendered":"<p>Laadukas, aito ja alkuper\u00e4inen Ecotuoli. Valitse v\u00e4ri!<\/p>\n","protected":false},"featured_media":16919,"comment_status":"closed","ping_status":"closed","template":"","meta":{"_acf_changed":false,"jetpack_post_was_ever_published":false,"jetpack_publicize_message":"","jetpack_publicize_feature_enabled":true,"jetpack_social_post_already_shared":true,"jetpack_social_options":{"image_generator_settings":{"template":"highway","default_image_id":0,"font":"","enabled":false},"version":2}},"product_brand":[300],"product_cat":[200],"product_tag":[],"class_list":{"0":"post-16906","1":"product","2":"type-product","3":"status-publish","4":"has-post-thumbnail","6":"product_brand-ecofurn","7":"product_cat-kesakalusteet","8":"pa_vari-musta","9":"pa_vari-oljytty","10":"pa_vari-puuvalmis","11":"pa_vari-greipe","13":"first","14":"instock","15":"shipping-taxable","16":"purchasable","17":"product-type-variable","18":"has-default-attributes"},"acf":[],"jetpack_publicize_connections":[],"jetpack_sharing_enabled":true,"jetpack-related-posts":[{"id":17051,"url":"https:\/\/pohjanmaantehtaanmyymala.fi\/en\/tuote\/ecofurn-lilli-poyta-rahi-tervaleppa\/","url_meta":{"origin":16906,"position":0},"title":"Ecofurn Lilli p\u00f6yt\u00e4-rahi, tervalepp\u00e4","author":"Sami Viitala","date":"April 11, 2021","format":false,"excerpt":"Osta aito ja alkuper\u00e4inen Ecorahi. Valitse v\u00e4ri!","rel":"","context":"Similar post","block_context":{"text":"Similar post","link":""},"img":{"alt_text":"EcoFurn Lilli p\u00f6yt\u00e4-rahi musta tervalepp\u00e4","src":"https:\/\/i0.wp.com\/pohjanmaantehtaanmyymala.fi\/wp-content\/uploads\/2021\/04\/Lilli90849-musta-tervaleppa.jpg?fit=1200%2C1200&ssl=1&resize=350%2C200","width":350,"height":200,"srcset":"https:\/\/i0.wp.com\/pohjanmaantehtaanmyymala.fi\/wp-content\/uploads\/2021\/04\/Lilli90849-musta-tervaleppa.jpg?fit=1200%2C1200&ssl=1&resize=350%2C200 1x, https:\/\/i0.wp.com\/pohjanmaantehtaanmyymala.fi\/wp-content\/uploads\/2021\/04\/Lilli90849-musta-tervaleppa.jpg?fit=1200%2C1200&ssl=1&resize=525%2C300 1.5x, https:\/\/i0.wp.com\/pohjanmaantehtaanmyymala.fi\/wp-content\/uploads\/2021\/04\/Lilli90849-musta-tervaleppa.jpg?fit=1200%2C1200&ssl=1&resize=700%2C400 2x, https:\/\/i0.wp.com\/pohjanmaantehtaanmyymala.fi\/wp-content\/uploads\/2021\/04\/Lilli90849-musta-tervaleppa.jpg?fit=1200%2C1200&ssl=1&resize=1050%2C600 3x"},"classes":[]},{"id":16986,"url":"https:\/\/pohjanmaantehtaanmyymala.fi\/en\/tuote\/ecofurn-ekotuoli-lehtikuusi\/","url_meta":{"origin":16906,"position":1},"title":"Ecofurn Ekotuoli, lehtikuusi","author":"Sami Viitala","date":"April 9, 2021","format":false,"excerpt":"S\u00e4\u00e4t\u00e4 hyvin kest\u00e4v\u00e4 Ekotuoli.","rel":"","context":"Similar post","block_context":{"text":"Similar post","link":""},"img":{"alt_text":"Ecofurn Ecochair ekotuoli lehtikuusi","src":"https:\/\/i0.wp.com\/pohjanmaantehtaanmyymala.fi\/wp-content\/uploads\/2021\/04\/90092_EcoChair_larch.jpg?fit=1200%2C1200&ssl=1&resize=350%2C200","width":350,"height":200,"srcset":"https:\/\/i0.wp.com\/pohjanmaantehtaanmyymala.fi\/wp-content\/uploads\/2021\/04\/90092_EcoChair_larch.jpg?fit=1200%2C1200&ssl=1&resize=350%2C200 1x, https:\/\/i0.wp.com\/pohjanmaantehtaanmyymala.fi\/wp-content\/uploads\/2021\/04\/90092_EcoChair_larch.jpg?fit=1200%2C1200&ssl=1&resize=525%2C300 1.5x, https:\/\/i0.wp.com\/pohjanmaantehtaanmyymala.fi\/wp-content\/uploads\/2021\/04\/90092_EcoChair_larch.jpg?fit=1200%2C1200&ssl=1&resize=700%2C400 2x, https:\/\/i0.wp.com\/pohjanmaantehtaanmyymala.fi\/wp-content\/uploads\/2021\/04\/90092_EcoChair_larch.jpg?fit=1200%2C1200&ssl=1&resize=1050%2C600 3x"},"classes":[]},{"id":16932,"url":"https:\/\/pohjanmaantehtaanmyymala.fi\/en\/tuote\/ecofurn-ekotuoli-manty\/","url_meta":{"origin":16906,"position":2},"title":"Ecofurn Ekotuoli, m\u00e4nty","author":"Sami Viitala","date":"April 8, 2021","format":false,"excerpt":"Osta aito ja alkuper\u00e4inen m\u00e4ntyinen Ecotuoli. Valitse v\u00e4ri!","rel":"","context":"Similar post","block_context":{"text":"Similar post","link":""},"img":{"alt_text":"Ecofurn Ecochair ekotuoli harmaa m\u00e4nty","src":"https:\/\/i0.wp.com\/pohjanmaantehtaanmyymala.fi\/wp-content\/uploads\/2021\/04\/90214_EcoChair_pine_grey.jpg?fit=1200%2C1200&ssl=1&resize=350%2C200","width":350,"height":200,"srcset":"https:\/\/i0.wp.com\/pohjanmaantehtaanmyymala.fi\/wp-content\/uploads\/2021\/04\/90214_EcoChair_pine_grey.jpg?fit=1200%2C1200&ssl=1&resize=350%2C200 1x, https:\/\/i0.wp.com\/pohjanmaantehtaanmyymala.fi\/wp-content\/uploads\/2021\/04\/90214_EcoChair_pine_grey.jpg?fit=1200%2C1200&ssl=1&resize=525%2C300 1.5x, https:\/\/i0.wp.com\/pohjanmaantehtaanmyymala.fi\/wp-content\/uploads\/2021\/04\/90214_EcoChair_pine_grey.jpg?fit=1200%2C1200&ssl=1&resize=700%2C400 2x, https:\/\/i0.wp.com\/pohjanmaantehtaanmyymala.fi\/wp-content\/uploads\/2021\/04\/90214_EcoChair_pine_grey.jpg?fit=1200%2C1200&ssl=1&resize=1050%2C600 3x"},"classes":[]},{"id":17353,"url":"https:\/\/pohjanmaantehtaanmyymala.fi\/en\/tuote\/ecofurn-ekotuoli-ja-poyta-harmaa\/","url_meta":{"origin":16906,"position":3},"title":"Ecofurn Ekotuoli ja Lilli-p\u00f6yt\u00e4, harmaa","author":"Sami Viitala","date":"May 6, 2021","format":false,"excerpt":"Osta aito ja alkuper\u00e4inen m\u00e4ntyinen Ekotuoli ja Lilli-p\u00f6yt\u00e4. Ecofurn.","rel":"","context":"Similar post","block_context":{"text":"Similar post","link":""},"img":{"alt_text":"Ecofurn ekotuoli niskatuella ja p\u00f6yt\u00e4 harmaa","src":"https:\/\/i0.wp.com\/pohjanmaantehtaanmyymala.fi\/wp-content\/uploads\/2021\/05\/Ekotuolisetti-tuoli-poyta-harmaa.jpg?fit=1200%2C1200&ssl=1&resize=350%2C200","width":350,"height":200,"srcset":"https:\/\/i0.wp.com\/pohjanmaantehtaanmyymala.fi\/wp-content\/uploads\/2021\/05\/Ekotuolisetti-tuoli-poyta-harmaa.jpg?fit=1200%2C1200&ssl=1&resize=350%2C200 1x, https:\/\/i0.wp.com\/pohjanmaantehtaanmyymala.fi\/wp-content\/uploads\/2021\/05\/Ekotuolisetti-tuoli-poyta-harmaa.jpg?fit=1200%2C1200&ssl=1&resize=525%2C300 1.5x, https:\/\/i0.wp.com\/pohjanmaantehtaanmyymala.fi\/wp-content\/uploads\/2021\/05\/Ekotuolisetti-tuoli-poyta-harmaa.jpg?fit=1200%2C1200&ssl=1&resize=700%2C400 2x, https:\/\/i0.wp.com\/pohjanmaantehtaanmyymala.fi\/wp-content\/uploads\/2021\/05\/Ekotuolisetti-tuoli-poyta-harmaa.jpg?fit=1200%2C1200&ssl=1&resize=1050%2C600 3x"},"classes":[]},{"id":16954,"url":"https:\/\/pohjanmaantehtaanmyymala.fi\/en\/tuote\/ecofurn-ekotuoli-saarni\/","url_meta":{"origin":16906,"position":4},"title":"Ecofurn Ekotuoli, saarni","author":"Sami Viitala","date":"April 9, 2021","format":false,"excerpt":"Osta aito ja alkuper\u00e4inen jalopuinen Ecotuoli. Valitse v\u00e4ri!","rel":"","context":"Similar post","block_context":{"text":"Similar post","link":""},"img":{"alt_text":"Ecofurn Ecochair ekotuoli harmaa saarni","src":"https:\/\/i0.wp.com\/pohjanmaantehtaanmyymala.fi\/wp-content\/uploads\/2021\/04\/90276_EcoChair_ash_grey.jpg?fit=1200%2C1200&ssl=1&resize=350%2C200","width":350,"height":200,"srcset":"https:\/\/i0.wp.com\/pohjanmaantehtaanmyymala.fi\/wp-content\/uploads\/2021\/04\/90276_EcoChair_ash_grey.jpg?fit=1200%2C1200&ssl=1&resize=350%2C200 1x, https:\/\/i0.wp.com\/pohjanmaantehtaanmyymala.fi\/wp-content\/uploads\/2021\/04\/90276_EcoChair_ash_grey.jpg?fit=1200%2C1200&ssl=1&resize=525%2C300 1.5x, https:\/\/i0.wp.com\/pohjanmaantehtaanmyymala.fi\/wp-content\/uploads\/2021\/04\/90276_EcoChair_ash_grey.jpg?fit=1200%2C1200&ssl=1&resize=700%2C400 2x, https:\/\/i0.wp.com\/pohjanmaantehtaanmyymala.fi\/wp-content\/uploads\/2021\/04\/90276_EcoChair_ash_grey.jpg?fit=1200%2C1200&ssl=1&resize=1050%2C600 3x"},"classes":[]},{"id":17377,"url":"https:\/\/pohjanmaantehtaanmyymala.fi\/en\/tuote\/ecofurn-butterfly-jakkara-tervaleppa\/","url_meta":{"origin":16906,"position":5},"title":"Ecofurn butterfly-jakkara, tervalepp\u00e4","author":"Sami Viitala","date":"May 6, 2021","format":false,"excerpt":"K\u00e4tev\u00e4 kasaantaitettava Ecofurn Butterfly perhosjakkara.","rel":"","context":"Similar post","block_context":{"text":"Similar post","link":""},"img":{"alt_text":"Butterfly-jakkara \u00f6ljytty tervalepp\u00e4","src":"https:\/\/i0.wp.com\/pohjanmaantehtaanmyymala.fi\/wp-content\/uploads\/2021\/05\/91846-Butterfly-alder-oiled-2.jpg?fit=960%2C960&ssl=1&resize=350%2C200","width":350,"height":200,"srcset":"https:\/\/i0.wp.com\/pohjanmaantehtaanmyymala.fi\/wp-content\/uploads\/2021\/05\/91846-Butterfly-alder-oiled-2.jpg?fit=960%2C960&ssl=1&resize=350%2C200 1x, https:\/\/i0.wp.com\/pohjanmaantehtaanmyymala.fi\/wp-content\/uploads\/2021\/05\/91846-Butterfly-alder-oiled-2.jpg?fit=960%2C960&ssl=1&resize=525%2C300 1.5x, https:\/\/i0.wp.com\/pohjanmaantehtaanmyymala.fi\/wp-content\/uploads\/2021\/05\/91846-Butterfly-alder-oiled-2.jpg?fit=960%2C960&ssl=1&resize=700%2C400 2x"},"classes":[]}],"_links":{"self":[{"href":"https:\/\/pohjanmaantehtaanmyymala.fi\/en\/wp-json\/wp\/v2\/product\/16906","targetHints":{"allow":["GET"]}}],"collection":[{"href":"https:\/\/pohjanmaantehtaanmyymala.fi\/en\/wp-json\/wp\/v2\/product"}],"about":[{"href":"https:\/\/pohjanmaantehtaanmyymala.fi\/en\/wp-json\/wp\/v2\/types\/product"}],"replies":[{"embeddable":true,"href":"https:\/\/pohjanmaantehtaanmyymala.fi\/en\/wp-json\/wp\/v2\/comments?post=16906"}],"wp:featuredmedia":[{"embeddable":true,"href":"https:\/\/pohjanmaantehtaanmyymala.fi\/en\/wp-json\/wp\/v2\/media\/16919"}],"wp:attachment":[{"href":"https:\/\/pohjanmaantehtaanmyymala.fi\/en\/wp-json\/wp\/v2\/media?parent=16906"}],"wp:term":[{"taxonomy":"product_brand","embeddable":true,"href":"https:\/\/pohjanmaantehtaanmyymala.fi\/en\/wp-json\/wp\/v2\/product_brand?post=16906"},{"taxonomy":"product_cat","embeddable":true,"href":"https:\/\/pohjanmaantehtaanmyymala.fi\/en\/wp-json\/wp\/v2\/product_cat?post=16906"},{"taxonomy":"product_tag","embeddable":true,"href":"https:\/\/pohjanmaantehtaanmyymala.fi\/en\/wp-json\/wp\/v2\/product_tag?post=16906"}],"curies":[{"name":"wp","href":"https:\/\/api.w.org\/{rel}","templated":true}]}}