{"id":16407,"date":"2021-02-11T16:23:22","date_gmt":"2021-02-11T14:23:22","guid":{"rendered":"https:\/\/pohjanmaantehtaanmyymala.fi\/?post_type=product&#038;p=16407"},"modified":"2025-03-10T12:49:48","modified_gmt":"2025-03-10T10:49:48","slug":"amiral-2k2-kulmasohva-nahkaa","status":"publish","type":"product","link":"https:\/\/pohjanmaantehtaanmyymala.fi\/en\/tuote\/amiral-2k2-kulmasohva-nahkaa\/","title":{"rendered":"AMIRAL 2+kulma+2 kulmasohva nahkaa"},"content":{"rendered":"<p>Tyylik\u00e4s Amiral aidolla -nahkalla verhoiltuna. Amiral -kulmasohvan korkea selk\u00e4osa niskatyynyll\u00e4 tukee hyvin pitemp\u00e4\u00e4kin istujaa.<br \/>\nSohvan kulutuspinnat verhoiltu kest\u00e4v\u00e4ll\u00e4 Soft antique nahalla. Taustaosat ovat keinonahkaa. Soft Antique -nahkasta l\u00f6ytyy 12 eri v\u00e4ri\u00e4.<\/p>\n<p>Istuimessa j\u00e4m\u00e4kk\u00e4 vaahtomuovi istuin.<br \/>\nPuurungolle my\u00f6nnet\u00e4\u00e4n 20-vuoden takuu.<\/p>\n<p>Amiral kulmasohvaan saa my\u00f6s n\u00e4ytt\u00e4vyytt\u00e4 lis\u00e4\u00e4m\u00e4\u00e4n koristelistat k\u00e4sinojien eteen. Koristelistat maksavat 50 \u20ac lis\u00e4hintaa.<br \/>\nKoristelistojen v\u00e4rivaihtoehdot ovat Luonnonv\u00e4ri, p\u00e4hkin\u00e4 ja wenge(musta).<\/p>\n<p>Amiral mallistosta l\u00f6ytyy my\u00f6s muita kulmasohvaversioita sek\u00e4 recliner -tuoli, 2- ja 3-istuttavat sohvat ja nojatuoli.<\/p>\n<p>Tehtaanmyym\u00e4l\u00e4st\u00e4mme l\u00f6yd\u00e4t my\u00f6s paljon lis\u00e4\u00e4 nahka vaihtoehtoja ja satoja eri kankaita!<br \/>\nHalutessasi voit valita eri verhoilun tai kokoonpanon, ota pyyd\u00e4 <a href=\"https:\/\/pohjanmaantehtaanmyymala.fi\/yhteys\/\">asiakaspalveluumme<\/a>.<\/p>\n<h3>Tuotetiedot:<\/h3>\n<p><a href=\"https:\/\/pohjanmaan-prod.s3.amazonaws.com\/uploads\/product_specs_file\/file\/836\/FIN_-_Pohjanmaan_-_Amiral_8-2020.pdf\">Katso t\u00e4st\u00e4 Amiral-tuotekortti!<\/a><\/p>\n<p>kulmasohva mitat: Lev.230cm, syv. 230 cm, kork 98cm.<br \/>\nIstuinsyvyys:56cm<br \/>\nIstuinkorkeus:47cm<\/p>\n<p>Runko: Massiivipuu vaneri ja kovalevy. Runkotakuu 20-vuotta.<br \/>\nIstuin: No zag jouset 12 cm 35EP150 vaahtomuovi+vanu.<br \/>\nSelk\u00e4noja: Kerrostettu vaahtomuovit\u00e4yte HS23+EP25 vaahtomuovi.<br \/>\nK\u00e4sinojat: Vaahtomuovipehmuste.<br \/>\nJalat: Puujalat miss\u00e4 rosteri levytys.<br \/>\nVerhoilu: Soft Antigue -nahka<\/p>\n<p>Sohvat toimitetaan muovipakkauksessa jalat irrallaan.<\/p>\n","protected":false},"excerpt":{"rendered":"<p>Todella laadukkaat Pohjanmaan Kalusteen valmistamat sohvat tehd\u00e4\u00e4n parhaista materiaaleista 60 vuoden kokemuksella.<\/p>\n","protected":false},"featured_media":16409,"comment_status":"closed","ping_status":"closed","template":"","meta":{"_acf_changed":false,"jetpack_post_was_ever_published":false,"jetpack_publicize_message":"","jetpack_publicize_feature_enabled":true,"jetpack_social_post_already_shared":true,"jetpack_social_options":{"image_generator_settings":{"template":"highway","default_image_id":0,"font":"","enabled":false},"version":2}},"product_brand":[270],"product_cat":[201],"product_tag":[],"class_list":{"0":"post-16407","1":"product","2":"type-product","3":"status-publish","4":"has-post-thumbnail","6":"product_brand-pohjanmaan","7":"product_cat-sohvat","8":"product_shipping_class-161","10":"first","11":"instock","12":"sale","13":"purchasable","14":"product-type-simple"},"acf":[],"jetpack_publicize_connections":[],"jetpack_sharing_enabled":true,"jetpack-related-posts":[{"id":17881,"url":"https:\/\/pohjanmaantehtaanmyymala.fi\/en\/tuote\/amiral-2-ist-nahkasohva\/","url_meta":{"origin":16407,"position":0},"title":"AMIRAL 2-istuttava nahkasohva","author":"Sami Viitala","date":"August 27, 2021","format":false,"excerpt":"Pohjanmaan Kalusteen valmistamat sohvat tehd\u00e4\u00e4n parhaista materiaaleista 60 vuoden kokemuksella.","rel":"","context":"Similar post","block_context":{"text":"Similar post","link":""},"img":{"alt_text":"Amiral 2-istuttava sohva ruskea Labrador-nahka","src":"https:\/\/i0.wp.com\/pohjanmaantehtaanmyymala.fi\/wp-content\/uploads\/2021\/08\/Pohjanmaan_Amiral_2-istuttava.jpg?fit=1200%2C1200&ssl=1&resize=350%2C200","width":350,"height":200,"srcset":"https:\/\/i0.wp.com\/pohjanmaantehtaanmyymala.fi\/wp-content\/uploads\/2021\/08\/Pohjanmaan_Amiral_2-istuttava.jpg?fit=1200%2C1200&ssl=1&resize=350%2C200 1x, https:\/\/i0.wp.com\/pohjanmaantehtaanmyymala.fi\/wp-content\/uploads\/2021\/08\/Pohjanmaan_Amiral_2-istuttava.jpg?fit=1200%2C1200&ssl=1&resize=525%2C300 1.5x, https:\/\/i0.wp.com\/pohjanmaantehtaanmyymala.fi\/wp-content\/uploads\/2021\/08\/Pohjanmaan_Amiral_2-istuttava.jpg?fit=1200%2C1200&ssl=1&resize=700%2C400 2x, https:\/\/i0.wp.com\/pohjanmaantehtaanmyymala.fi\/wp-content\/uploads\/2021\/08\/Pohjanmaan_Amiral_2-istuttava.jpg?fit=1200%2C1200&ssl=1&resize=1050%2C600 3x"},"classes":[]},{"id":17897,"url":"https:\/\/pohjanmaantehtaanmyymala.fi\/en\/tuote\/amiral-lepotuoli-nahkasohva\/","url_meta":{"origin":16407,"position":1},"title":"AMIRAL lepotuoli nahkaa","author":"Sami Viitala","date":"August 27, 2021","format":false,"excerpt":"Pohjanmaan Kalusteen valmistamat sohvat tehd\u00e4\u00e4n parhaista materiaaleista 60 vuoden kokemuksella.","rel":"","context":"Similar post","block_context":{"text":"Similar post","link":""},"img":{"alt_text":"amiral lepotuoli nahka ruskea","src":"https:\/\/i0.wp.com\/pohjanmaantehtaanmyymala.fi\/wp-content\/uploads\/2019\/09\/amiral_tuoli_labrador-nahka.png?fit=711%2C700&ssl=1&resize=350%2C200","width":350,"height":200,"srcset":"https:\/\/i0.wp.com\/pohjanmaantehtaanmyymala.fi\/wp-content\/uploads\/2019\/09\/amiral_tuoli_labrador-nahka.png?fit=711%2C700&ssl=1&resize=350%2C200 1x, https:\/\/i0.wp.com\/pohjanmaantehtaanmyymala.fi\/wp-content\/uploads\/2019\/09\/amiral_tuoli_labrador-nahka.png?fit=711%2C700&ssl=1&resize=525%2C300 1.5x, https:\/\/i0.wp.com\/pohjanmaantehtaanmyymala.fi\/wp-content\/uploads\/2019\/09\/amiral_tuoli_labrador-nahka.png?fit=711%2C700&ssl=1&resize=700%2C400 2x"},"classes":[]},{"id":8653,"url":"https:\/\/pohjanmaantehtaanmyymala.fi\/en\/tuote\/amiral-3-sohva\/","url_meta":{"origin":16407,"position":2},"title":"AMIRAL 3-istuttava nahkasohva","author":"petri","date":"September 14, 2019","format":false,"excerpt":"Todella laadukkaat Pohjanmaan kalusteen valmistamat sohvat tehd\u00e4\u00e4n parhaista materiaaleista 50 vuoden kokemuksella.","rel":"","context":"Similar post","block_context":{"text":"Similar post","link":""},"img":{"alt_text":"Amiral 3:n istuttava","src":"https:\/\/i0.wp.com\/pohjanmaantehtaanmyymala.fi\/wp-content\/uploads\/2019\/06\/amiral-3-web.jpg?fit=960%2C960&ssl=1&resize=350%2C200","width":350,"height":200,"srcset":"https:\/\/i0.wp.com\/pohjanmaantehtaanmyymala.fi\/wp-content\/uploads\/2019\/06\/amiral-3-web.jpg?fit=960%2C960&ssl=1&resize=350%2C200 1x, https:\/\/i0.wp.com\/pohjanmaantehtaanmyymala.fi\/wp-content\/uploads\/2019\/06\/amiral-3-web.jpg?fit=960%2C960&ssl=1&resize=525%2C300 1.5x, https:\/\/i0.wp.com\/pohjanmaantehtaanmyymala.fi\/wp-content\/uploads\/2019\/06\/amiral-3-web.jpg?fit=960%2C960&ssl=1&resize=700%2C400 2x"},"classes":[]},{"id":24241,"url":"https:\/\/pohjanmaantehtaanmyymala.fi\/en\/tuote\/amiral-3-ja-2-istuttavat-nahkasohvat\/","url_meta":{"origin":16407,"position":3},"title":"AMIRAL 3- ja 2-istuttavat nahkasohvat","author":"Sami Viitala","date":"November 23, 2023","format":false,"excerpt":"Pohjanmaan Kalusteen valmistamat sohvat tehd\u00e4\u00e4n k\u00e4sity\u00f6n\u00e4 60 vuoden kokemuksella.","rel":"","context":"Similar post","block_context":{"text":"Similar post","link":""},"img":{"alt_text":"Pohjanmaan Amiral 3- ja 2-istuttavat nahkasohvat musta","src":"https:\/\/i0.wp.com\/pohjanmaantehtaanmyymala.fi\/wp-content\/uploads\/2023\/11\/Pohjanmaan_Amiral_sohvakalusto_32_nahka.jpg?fit=960%2C960&ssl=1&resize=350%2C200","width":350,"height":200,"srcset":"https:\/\/i0.wp.com\/pohjanmaantehtaanmyymala.fi\/wp-content\/uploads\/2023\/11\/Pohjanmaan_Amiral_sohvakalusto_32_nahka.jpg?fit=960%2C960&ssl=1&resize=350%2C200 1x, https:\/\/i0.wp.com\/pohjanmaantehtaanmyymala.fi\/wp-content\/uploads\/2023\/11\/Pohjanmaan_Amiral_sohvakalusto_32_nahka.jpg?fit=960%2C960&ssl=1&resize=525%2C300 1.5x, https:\/\/i0.wp.com\/pohjanmaantehtaanmyymala.fi\/wp-content\/uploads\/2023\/11\/Pohjanmaan_Amiral_sohvakalusto_32_nahka.jpg?fit=960%2C960&ssl=1&resize=700%2C400 2x"},"classes":[]},{"id":17901,"url":"https:\/\/pohjanmaantehtaanmyymala.fi\/en\/tuote\/amiral-3kulma2-kulmasohva-kangas\/","url_meta":{"origin":16407,"position":4},"title":"AMIRAL 3+k+2 kulmasohva Diamons kangas","author":"Sami Viitala","date":"August 27, 2021","format":false,"excerpt":"Tyylik\u00e4s Amiral kulmasohva kest\u00e4v\u00e4ll\u00e4 Diamonds-kankaalla verhoiltuna.","rel":"","context":"Similar post","block_context":{"text":"Similar post","link":""},"img":{"alt_text":"Amiral kulmasohva Diamonds-kankaalla vaalea","src":"https:\/\/i0.wp.com\/pohjanmaantehtaanmyymala.fi\/wp-content\/uploads\/2021\/08\/amiral_3kulma2_diamonds539_kangas-2.jpg?fit=960%2C960&ssl=1&resize=350%2C200","width":350,"height":200,"srcset":"https:\/\/i0.wp.com\/pohjanmaantehtaanmyymala.fi\/wp-content\/uploads\/2021\/08\/amiral_3kulma2_diamonds539_kangas-2.jpg?fit=960%2C960&ssl=1&resize=350%2C200 1x, https:\/\/i0.wp.com\/pohjanmaantehtaanmyymala.fi\/wp-content\/uploads\/2021\/08\/amiral_3kulma2_diamonds539_kangas-2.jpg?fit=960%2C960&ssl=1&resize=525%2C300 1.5x, https:\/\/i0.wp.com\/pohjanmaantehtaanmyymala.fi\/wp-content\/uploads\/2021\/08\/amiral_3kulma2_diamonds539_kangas-2.jpg?fit=960%2C960&ssl=1&resize=700%2C400 2x"},"classes":[]},{"id":8662,"url":"https:\/\/pohjanmaantehtaanmyymala.fi\/en\/tuote\/amiral-sohvakalusto\/","url_meta":{"origin":16407,"position":5},"title":"AMIRAL 3+1+1 sohvakalusto nahkaa","author":"petri","date":"September 14, 2019","format":false,"excerpt":"Pohjanmaankalusteen valmistamat sohvat tehd\u00e4\u00e4n parhaista materiaaleista 60 vuoden kokemuksella.","rel":"","context":"Similar post","block_context":{"text":"Similar post","link":""},"img":{"alt_text":"Amiral 3:n istuttava + tuoli","src":"https:\/\/i0.wp.com\/pohjanmaantehtaanmyymala.fi\/wp-content\/uploads\/2019\/06\/Amiral-3-1.jpg?fit=960%2C960&ssl=1&resize=350%2C200","width":350,"height":200,"srcset":"https:\/\/i0.wp.com\/pohjanmaantehtaanmyymala.fi\/wp-content\/uploads\/2019\/06\/Amiral-3-1.jpg?fit=960%2C960&ssl=1&resize=350%2C200 1x, https:\/\/i0.wp.com\/pohjanmaantehtaanmyymala.fi\/wp-content\/uploads\/2019\/06\/Amiral-3-1.jpg?fit=960%2C960&ssl=1&resize=525%2C300 1.5x, https:\/\/i0.wp.com\/pohjanmaantehtaanmyymala.fi\/wp-content\/uploads\/2019\/06\/Amiral-3-1.jpg?fit=960%2C960&ssl=1&resize=700%2C400 2x"},"classes":[]}],"_links":{"self":[{"href":"https:\/\/pohjanmaantehtaanmyymala.fi\/en\/wp-json\/wp\/v2\/product\/16407","targetHints":{"allow":["GET"]}}],"collection":[{"href":"https:\/\/pohjanmaantehtaanmyymala.fi\/en\/wp-json\/wp\/v2\/product"}],"about":[{"href":"https:\/\/pohjanmaantehtaanmyymala.fi\/en\/wp-json\/wp\/v2\/types\/product"}],"replies":[{"embeddable":true,"href":"https:\/\/pohjanmaantehtaanmyymala.fi\/en\/wp-json\/wp\/v2\/comments?post=16407"}],"wp:featuredmedia":[{"embeddable":true,"href":"https:\/\/pohjanmaantehtaanmyymala.fi\/en\/wp-json\/wp\/v2\/media\/16409"}],"wp:attachment":[{"href":"https:\/\/pohjanmaantehtaanmyymala.fi\/en\/wp-json\/wp\/v2\/media?parent=16407"}],"wp:term":[{"taxonomy":"product_brand","embeddable":true,"href":"https:\/\/pohjanmaantehtaanmyymala.fi\/en\/wp-json\/wp\/v2\/product_brand?post=16407"},{"taxonomy":"product_cat","embeddable":true,"href":"https:\/\/pohjanmaantehtaanmyymala.fi\/en\/wp-json\/wp\/v2\/product_cat?post=16407"},{"taxonomy":"product_tag","embeddable":true,"href":"https:\/\/pohjanmaantehtaanmyymala.fi\/en\/wp-json\/wp\/v2\/product_tag?post=16407"}],"curies":[{"name":"wp","href":"https:\/\/api.w.org\/{rel}","templated":true}]}}