{"id":15967,"date":"2020-11-26T21:28:52","date_gmt":"2020-11-26T19:28:52","guid":{"rendered":"https:\/\/pohjanmaantehtaanmyymala.fi\/?post_type=product&#038;p=15967"},"modified":"2024-03-12T15:45:31","modified_gmt":"2024-03-12T13:45:31","slug":"zoom-sohvapoyta-140x80-cm-poistomalli-2","status":"publish","type":"product","link":"https:\/\/pohjanmaantehtaanmyymala.fi\/en\/tuote\/zoom-sohvapoyta-140x80-cm-poistomalli-2\/","title":{"rendered":"ZOOM &#8211; sohvap\u00f6yt\u00e4 140&#215;80 cm (poistomalli)"},"content":{"rendered":"<p>Pohjanmaan Kalusteen valmistama jykev\u00e4 Zoom-sohvap\u00f6yt\u00e4.<br \/>\nMyynniss\u00e4 tehtaan koko loppuvarasto poistohintaan.<br \/>\nV\u00e4rivaihtoehdot: koivu LV, kirsikka, py\u00f6kki ja wenge.<\/p>\n<p>Tuotetiedot:<br \/>\nMateriaalina laadukas MDF-levy joka on koivuviilutettu.<\/p>\n<p>P\u00f6yt\u00e4 toimitetaan jalat irrallaan paketissa.<\/p>\n","protected":false},"excerpt":{"rendered":"<p>Koivuviilutetut versiot, valitse v\u00e4ri! Tuotteita on rajoitetut er\u00e4t saatavilla.<\/p>\n","protected":false},"featured_media":15973,"comment_status":"closed","ping_status":"closed","template":"","meta":{"_acf_changed":false,"jetpack_post_was_ever_published":false,"jetpack_publicize_message":"","jetpack_publicize_feature_enabled":true,"jetpack_social_post_already_shared":true,"jetpack_social_options":{"image_generator_settings":{"template":"highway","default_image_id":0,"font":"","enabled":false},"version":2}},"product_brand":[270],"product_cat":[213,199],"product_tag":[],"class_list":{"0":"post-15967","1":"product","2":"type-product","3":"status-publish","4":"has-post-thumbnail","6":"product_brand-pohjanmaan","7":"product_cat-outlet","8":"product_cat-sohva-ja-sivupoydat","9":"product_shipping_class-161","10":"pa_vari-kirsikkapetsattu","11":"pa_vari-koivu-lv","12":"pa_vari-pahkina","13":"pa_vari-pyokkipetsattu","14":"pa_vari-wenge","16":"first","17":"instock","18":"sale","19":"purchasable","20":"product-type-variable","21":"has-default-attributes"},"acf":[],"jetpack_publicize_connections":[],"jetpack_sharing_enabled":true,"jetpack-related-posts":[{"id":13173,"url":"https:\/\/pohjanmaantehtaanmyymala.fi\/en\/tuote\/zoom-sohvapoyta-105x105-cm-poistomalli\/","url_meta":{"origin":15967,"position":0},"title":"ZOOM &#8211; sohvap\u00f6yt\u00e4 105&#215;105 cm (poistomalli)","author":"Sami Viitala","date":"September 18, 2020","format":false,"excerpt":"Koivuviilutetut Zoom-p\u00f6yd\u00e4t, valitse v\u00e4ri alta! Tuotteita on rajoitetut er\u00e4t saatavilla.","rel":"","context":"Similar post","block_context":{"text":"Similar post","link":""},"img":{"alt_text":"Zoom sohvap\u00f6yt\u00e4 105x105 p\u00e4hkin\u00e4","src":"https:\/\/i0.wp.com\/pohjanmaantehtaanmyymala.fi\/wp-content\/uploads\/2020\/09\/Zoom-sohvapoyta-105x105-pahkina.jpg?fit=1200%2C1200&ssl=1&resize=350%2C200","width":350,"height":200,"srcset":"https:\/\/i0.wp.com\/pohjanmaantehtaanmyymala.fi\/wp-content\/uploads\/2020\/09\/Zoom-sohvapoyta-105x105-pahkina.jpg?fit=1200%2C1200&ssl=1&resize=350%2C200 1x, https:\/\/i0.wp.com\/pohjanmaantehtaanmyymala.fi\/wp-content\/uploads\/2020\/09\/Zoom-sohvapoyta-105x105-pahkina.jpg?fit=1200%2C1200&ssl=1&resize=525%2C300 1.5x, https:\/\/i0.wp.com\/pohjanmaantehtaanmyymala.fi\/wp-content\/uploads\/2020\/09\/Zoom-sohvapoyta-105x105-pahkina.jpg?fit=1200%2C1200&ssl=1&resize=700%2C400 2x, https:\/\/i0.wp.com\/pohjanmaantehtaanmyymala.fi\/wp-content\/uploads\/2020\/09\/Zoom-sohvapoyta-105x105-pahkina.jpg?fit=1200%2C1200&ssl=1&resize=1050%2C600 3x"},"classes":[]},{"id":13144,"url":"https:\/\/pohjanmaantehtaanmyymala.fi\/en\/tuote\/zoom-sohvapoyta-105x105-cm-tammiviilu-ja-valkoinen-poistomalli\/","url_meta":{"origin":15967,"position":1},"title":"ZOOM &#8211; sohvap\u00f6yt\u00e4 105&#215;105 cm (poistomalli)","author":"Sami Viitala","date":"September 18, 2020","format":false,"excerpt":"Myynniss\u00e4 tehtaan koko loppuvarasto poistohintaan. Tuotteita on rajoitetut er\u00e4t saatavilla. Tammiviilutetut lakattu sek\u00e4 musta ja valkoinen.","rel":"","context":"Similar post","block_context":{"text":"Similar post","link":""},"img":{"alt_text":"Zoom sohvap\u00f6yt\u00e4 105x105 milj\u00f6\u00f6","src":"https:\/\/i0.wp.com\/pohjanmaantehtaanmyymala.fi\/wp-content\/uploads\/2020\/09\/Zoom-sohvapoyta-105x105-miljoo.jpg?fit=1200%2C1200&ssl=1&resize=350%2C200","width":350,"height":200,"srcset":"https:\/\/i0.wp.com\/pohjanmaantehtaanmyymala.fi\/wp-content\/uploads\/2020\/09\/Zoom-sohvapoyta-105x105-miljoo.jpg?fit=1200%2C1200&ssl=1&resize=350%2C200 1x, https:\/\/i0.wp.com\/pohjanmaantehtaanmyymala.fi\/wp-content\/uploads\/2020\/09\/Zoom-sohvapoyta-105x105-miljoo.jpg?fit=1200%2C1200&ssl=1&resize=525%2C300 1.5x, https:\/\/i0.wp.com\/pohjanmaantehtaanmyymala.fi\/wp-content\/uploads\/2020\/09\/Zoom-sohvapoyta-105x105-miljoo.jpg?fit=1200%2C1200&ssl=1&resize=700%2C400 2x, https:\/\/i0.wp.com\/pohjanmaantehtaanmyymala.fi\/wp-content\/uploads\/2020\/09\/Zoom-sohvapoyta-105x105-miljoo.jpg?fit=1200%2C1200&ssl=1&resize=1050%2C600 3x"},"classes":[]},{"id":13123,"url":"https:\/\/pohjanmaantehtaanmyymala.fi\/en\/tuote\/zoom-ruokapoyta-200x100-cm-valkoinen\/","url_meta":{"origin":15967,"position":2},"title":"ZOOM &#8211; ruokap\u00f6yt\u00e4 200&#215;100 cm valkoinen","author":"Sami Viitala","date":"September 18, 2020","format":false,"excerpt":"Suoralinjainen ja massiivinen ruokap\u00f6yt\u00e4 moderniin sisustukseen.","rel":"","context":"Similar post","block_context":{"text":"Similar post","link":""},"img":{"alt_text":"Zoom ruokap\u00f6yt\u00e4 kuura tuoli","src":"https:\/\/i0.wp.com\/pohjanmaantehtaanmyymala.fi\/wp-content\/uploads\/2020\/09\/Zoom-poyta-kuura-tuoli.jpg?fit=1200%2C1200&ssl=1&resize=350%2C200","width":350,"height":200,"srcset":"https:\/\/i0.wp.com\/pohjanmaantehtaanmyymala.fi\/wp-content\/uploads\/2020\/09\/Zoom-poyta-kuura-tuoli.jpg?fit=1200%2C1200&ssl=1&resize=350%2C200 1x, https:\/\/i0.wp.com\/pohjanmaantehtaanmyymala.fi\/wp-content\/uploads\/2020\/09\/Zoom-poyta-kuura-tuoli.jpg?fit=1200%2C1200&ssl=1&resize=525%2C300 1.5x, https:\/\/i0.wp.com\/pohjanmaantehtaanmyymala.fi\/wp-content\/uploads\/2020\/09\/Zoom-poyta-kuura-tuoli.jpg?fit=1200%2C1200&ssl=1&resize=700%2C400 2x, https:\/\/i0.wp.com\/pohjanmaantehtaanmyymala.fi\/wp-content\/uploads\/2020\/09\/Zoom-poyta-kuura-tuoli.jpg?fit=1200%2C1200&ssl=1&resize=1050%2C600 3x"},"classes":[]},{"id":28704,"url":"https:\/\/pohjanmaantehtaanmyymala.fi\/en\/tuote\/zoom-ruokapoyta-220x100-cm-valkoinen\/","url_meta":{"origin":15967,"position":3},"title":"ZOOM &#8211; ruokap\u00f6yt\u00e4 220&#215;100 cm valkoinen","author":"Sami Viitala","date":"September 22, 2025","format":false,"excerpt":"Suoralinjainen ruokap\u00f6yt\u00e4 moderniin sisustukseen.","rel":"","context":"Similar post","block_context":{"text":"Similar post","link":""},"img":{"alt_text":"Zoom ruokap\u00f6yt\u00e4 valkoinen Kuura tuoleilla barcelona 90 verhoilulla","src":"https:\/\/i0.wp.com\/pohjanmaantehtaanmyymala.fi\/wp-content\/uploads\/2025\/09\/Zoom-95x180-White-Glass-6Zoom-Barcelona90.jpg?fit=960%2C960&ssl=1&resize=350%2C200","width":350,"height":200,"srcset":"https:\/\/i0.wp.com\/pohjanmaantehtaanmyymala.fi\/wp-content\/uploads\/2025\/09\/Zoom-95x180-White-Glass-6Zoom-Barcelona90.jpg?fit=960%2C960&ssl=1&resize=350%2C200 1x, https:\/\/i0.wp.com\/pohjanmaantehtaanmyymala.fi\/wp-content\/uploads\/2025\/09\/Zoom-95x180-White-Glass-6Zoom-Barcelona90.jpg?fit=960%2C960&ssl=1&resize=525%2C300 1.5x, https:\/\/i0.wp.com\/pohjanmaantehtaanmyymala.fi\/wp-content\/uploads\/2025\/09\/Zoom-95x180-White-Glass-6Zoom-Barcelona90.jpg?fit=960%2C960&ssl=1&resize=700%2C400 2x"},"classes":[]},{"id":13112,"url":"https:\/\/pohjanmaantehtaanmyymala.fi\/en\/tuote\/zoom-ruokapoyta-200x100-cm\/","url_meta":{"origin":15967,"position":4},"title":"ZOOM ruokap\u00f6yt\u00e4 200&#215;100 cm viilutettu","author":"Sami Viitala","date":"September 18, 2020","format":false,"excerpt":"Suoralinjainen ja massiivinen ruokap\u00f6yt\u00e4 moderniin sisustukseen.","rel":"","context":"Similar post","block_context":{"text":"Similar post","link":""},"img":{"alt_text":"Zoom 100x200 ruokap\u00f6yt\u00e4 kuura tuoli musta","src":"https:\/\/i0.wp.com\/pohjanmaantehtaanmyymala.fi\/wp-content\/uploads\/2020\/09\/Zoom-100x200-poyta-kuura-tuoli-musta.jpg?fit=1200%2C1200&ssl=1&resize=350%2C200","width":350,"height":200,"srcset":"https:\/\/i0.wp.com\/pohjanmaantehtaanmyymala.fi\/wp-content\/uploads\/2020\/09\/Zoom-100x200-poyta-kuura-tuoli-musta.jpg?fit=1200%2C1200&ssl=1&resize=350%2C200 1x, https:\/\/i0.wp.com\/pohjanmaantehtaanmyymala.fi\/wp-content\/uploads\/2020\/09\/Zoom-100x200-poyta-kuura-tuoli-musta.jpg?fit=1200%2C1200&ssl=1&resize=525%2C300 1.5x, https:\/\/i0.wp.com\/pohjanmaantehtaanmyymala.fi\/wp-content\/uploads\/2020\/09\/Zoom-100x200-poyta-kuura-tuoli-musta.jpg?fit=1200%2C1200&ssl=1&resize=700%2C400 2x, https:\/\/i0.wp.com\/pohjanmaantehtaanmyymala.fi\/wp-content\/uploads\/2020\/09\/Zoom-100x200-poyta-kuura-tuoli-musta.jpg?fit=1200%2C1200&ssl=1&resize=1050%2C600 3x"},"classes":[]},{"id":9483,"url":"https:\/\/pohjanmaantehtaanmyymala.fi\/en\/tuote\/zoom-ruokapoyta\/","url_meta":{"origin":15967,"position":5},"title":"ZOOM &#8211; ruokap\u00f6yt\u00e4 180&#215;95 cm valkoinen","author":"petri","date":"September 14, 2019","format":false,"excerpt":"Suoralinjainen ja massiivinen ruokap\u00f6yt\u00e4 moderniin sisustukseen.","rel":"","context":"Similar post","block_context":{"text":"Similar post","link":""},"img":{"alt_text":"","src":"https:\/\/i0.wp.com\/pohjanmaantehtaanmyymala.fi\/wp-content\/uploads\/2019\/06\/Zoom-95x180-White-Glass-6Zoom-Barcelona90.jpg?fit=960%2C960&ssl=1&resize=350%2C200","width":350,"height":200,"srcset":"https:\/\/i0.wp.com\/pohjanmaantehtaanmyymala.fi\/wp-content\/uploads\/2019\/06\/Zoom-95x180-White-Glass-6Zoom-Barcelona90.jpg?fit=960%2C960&ssl=1&resize=350%2C200 1x, https:\/\/i0.wp.com\/pohjanmaantehtaanmyymala.fi\/wp-content\/uploads\/2019\/06\/Zoom-95x180-White-Glass-6Zoom-Barcelona90.jpg?fit=960%2C960&ssl=1&resize=525%2C300 1.5x, https:\/\/i0.wp.com\/pohjanmaantehtaanmyymala.fi\/wp-content\/uploads\/2019\/06\/Zoom-95x180-White-Glass-6Zoom-Barcelona90.jpg?fit=960%2C960&ssl=1&resize=700%2C400 2x"},"classes":[]}],"_links":{"self":[{"href":"https:\/\/pohjanmaantehtaanmyymala.fi\/en\/wp-json\/wp\/v2\/product\/15967","targetHints":{"allow":["GET"]}}],"collection":[{"href":"https:\/\/pohjanmaantehtaanmyymala.fi\/en\/wp-json\/wp\/v2\/product"}],"about":[{"href":"https:\/\/pohjanmaantehtaanmyymala.fi\/en\/wp-json\/wp\/v2\/types\/product"}],"replies":[{"embeddable":true,"href":"https:\/\/pohjanmaantehtaanmyymala.fi\/en\/wp-json\/wp\/v2\/comments?post=15967"}],"wp:featuredmedia":[{"embeddable":true,"href":"https:\/\/pohjanmaantehtaanmyymala.fi\/en\/wp-json\/wp\/v2\/media\/15973"}],"wp:attachment":[{"href":"https:\/\/pohjanmaantehtaanmyymala.fi\/en\/wp-json\/wp\/v2\/media?parent=15967"}],"wp:term":[{"taxonomy":"product_brand","embeddable":true,"href":"https:\/\/pohjanmaantehtaanmyymala.fi\/en\/wp-json\/wp\/v2\/product_brand?post=15967"},{"taxonomy":"product_cat","embeddable":true,"href":"https:\/\/pohjanmaantehtaanmyymala.fi\/en\/wp-json\/wp\/v2\/product_cat?post=15967"},{"taxonomy":"product_tag","embeddable":true,"href":"https:\/\/pohjanmaantehtaanmyymala.fi\/en\/wp-json\/wp\/v2\/product_tag?post=15967"}],"curies":[{"name":"wp","href":"https:\/\/api.w.org\/{rel}","templated":true}]}}