{"id":15696,"date":"2020-11-22T20:50:16","date_gmt":"2020-11-22T18:50:16","guid":{"rendered":"https:\/\/pohjanmaantehtaanmyymala.fi\/?post_type=product&#038;p=15696"},"modified":"2023-09-01T12:49:37","modified_gmt":"2023-09-01T10:49:37","slug":"pint-vuodesohvadivaani-vasenkatinen","status":"publish","type":"product","link":"https:\/\/pohjanmaantehtaanmyymala.fi\/en\/tuote\/pint-vuodesohvadivaani-vasenkatinen\/","title":{"rendered":"PINT Vuodesohvadivaani vasenk\u00e4tinen"},"content":{"rendered":"<p>Pohjanmaan Kalusteen Amerikan vientimalliston k\u00e4yt\u00e4nn\u00f6llinen Pint -vuodesohvadivaani on varustettu todella helppok\u00e4ytt\u00f6isell\u00e4 vuodemekanismilla. Pint -sohvasta saat tehty\u00e4 k\u00e4denk\u00e4\u00e4nteess\u00e4 varavuoteen kahdelle. K\u00e4tev\u00e4n varavuoteen lis\u00e4ksi sohvasta l\u00f6ytyy tilava s\u00e4ilytyslaatikko, joka on divaaniosan alla. Pint -vuodesohvadivaanissa on huippulaadukkaat istuin- ja selk\u00e4pehmusteet ja se sopiikin mainiosti jokap\u00e4iv\u00e4iseen k\u00e4ytt\u00f6\u00f6n kotiisi tai vapaa-ajanasunnolle. Pint-sohva on kompaktin kokoinen, joten se sopii mainiosti pieniin asuntoihin, joissa usein on tarvetta my\u00f6s varavuoteelle.<\/p>\n<p>Pint-sohva on verhoiltu kest\u00e4v\u00e4ll\u00e4 Oliver-kankaalla jonka seitsem\u00e4st\u00e4 eri vaihtoehdosta voit valita omaan sisutukseen sopivan v\u00e4rin. Pohjanmaan Pint-sohvaa on saatavana my\u00f6s useille eri verhoiluvaihtoehdoilla, kysy lis\u00e4tietoa <a href=\"https:\/\/pohjanmaantehtaanmyymala.fi\/yhteys\/\">myynnist\u00e4mme!<\/a><\/p>\n<h3>Tuotetiedot:<\/h3>\n<p>Mitat: leveys 206 cm, korkeus 84 cm, syvyys 163 cm.<br \/>\nVuodekoko: 137&#215;203 cm.<br \/>\nRunko: Massiivipuu, vaneri ja kovalevy. (takuu 20-vuotta)<br \/>\nIstuinpehmusteet: no-zag jouset, HR35130 vaahtomuovi.<br \/>\nSelk\u00e4pehmuste:Vanutyyny.<br \/>\nKangas: Oliver-kangas, 72 % PES, 28 % PAN.<br \/>\nToimitetaan kahdessa osassa, pakattu muoviin ja pahviin.<\/p>\n","protected":false},"excerpt":{"rendered":"<p>Laadukas vuodesohvadivaani Oliver-kankaalla joka p\u00e4iv\u00e4iseen k\u00e4ytt\u00f6\u00f6n.<\/p>\n","protected":false},"featured_media":15687,"comment_status":"closed","ping_status":"closed","template":"","meta":{"_acf_changed":false,"jetpack_post_was_ever_published":false,"jetpack_publicize_message":"","jetpack_publicize_feature_enabled":true,"jetpack_social_post_already_shared":true,"jetpack_social_options":{"image_generator_settings":{"template":"highway","default_image_id":0,"font":"","enabled":false},"version":2}},"product_brand":[270],"product_cat":[201,193],"product_tag":[],"class_list":{"0":"post-15696","1":"product","2":"type-product","3":"status-publish","4":"has-post-thumbnail","6":"product_brand-pohjanmaan","7":"product_cat-sohvat","8":"product_cat-vuodesohvat","9":"pa_vari-oliver-173-vaaleanharmaa","10":"pa_vari-oliver-236-beige","11":"pa_vari-oliver-358-keltainen","12":"pa_vari-oliver-515-5-mustanharmaa","13":"pa_vari-oliver-688-sininen","14":"pa_vari-oliver-715-punainen","15":"pa_vari-oliver-750-luonnonvalkoinen","17":"first","18":"instock","19":"sale","20":"shipping-taxable","21":"purchasable","22":"product-type-variable"},"acf":[],"jetpack_publicize_connections":[],"jetpack_sharing_enabled":true,"jetpack-related-posts":[{"id":15646,"url":"https:\/\/pohjanmaantehtaanmyymala.fi\/en\/tuote\/pint-vuodesohvadivaani-oikeakatinen\/","url_meta":{"origin":15696,"position":0},"title":"PINT Vuodesohva divaani oikeak\u00e4tinen","author":"Sami Viitala","date":"November 22, 2020","format":false,"excerpt":"Laadukas vuodesohvadivaani Oliver-kankaalla joka p\u00e4iv\u00e4iseen k\u00e4ytt\u00f6\u00f6n.","rel":"","context":"Similar post","block_context":{"text":"Similar post","link":""},"img":{"alt_text":"Pint vuodesohvadivaani","src":"https:\/\/i0.wp.com\/pohjanmaantehtaanmyymala.fi\/wp-content\/uploads\/2020\/11\/Pohjanmaan_Pint_vuodesohva_divaani_oikea.jpg?fit=1200%2C1200&ssl=1&resize=350%2C200","width":350,"height":200,"srcset":"https:\/\/i0.wp.com\/pohjanmaantehtaanmyymala.fi\/wp-content\/uploads\/2020\/11\/Pohjanmaan_Pint_vuodesohva_divaani_oikea.jpg?fit=1200%2C1200&ssl=1&resize=350%2C200 1x, https:\/\/i0.wp.com\/pohjanmaantehtaanmyymala.fi\/wp-content\/uploads\/2020\/11\/Pohjanmaan_Pint_vuodesohva_divaani_oikea.jpg?fit=1200%2C1200&ssl=1&resize=525%2C300 1.5x, https:\/\/i0.wp.com\/pohjanmaantehtaanmyymala.fi\/wp-content\/uploads\/2020\/11\/Pohjanmaan_Pint_vuodesohva_divaani_oikea.jpg?fit=1200%2C1200&ssl=1&resize=700%2C400 2x, https:\/\/i0.wp.com\/pohjanmaantehtaanmyymala.fi\/wp-content\/uploads\/2020\/11\/Pohjanmaan_Pint_vuodesohva_divaani_oikea.jpg?fit=1200%2C1200&ssl=1&resize=1050%2C600 3x"},"classes":[]},{"id":17735,"url":"https:\/\/pohjanmaantehtaanmyymala.fi\/en\/tuote\/noah-vuodesohva-divaani-oikealla\/","url_meta":{"origin":15696,"position":1},"title":"Noah divaani-vuodesohva alk. nahka","author":"Sami Viitala","date":"August 23, 2021","format":false,"excerpt":"Huippulaadukas sohva joka p\u00e4iv\u00e4iseen k\u00e4ytt\u00f6\u00f6n.","rel":"","context":"Similar post","block_context":{"text":"Similar post","link":""},"img":{"alt_text":"Noah vuodesohva nahkaa","src":"https:\/\/i0.wp.com\/pohjanmaantehtaanmyymala.fi\/wp-content\/uploads\/2021\/08\/Noah_vuodesohva_tyynyt_oik.jpg?fit=1200%2C1200&ssl=1&resize=350%2C200","width":350,"height":200,"srcset":"https:\/\/i0.wp.com\/pohjanmaantehtaanmyymala.fi\/wp-content\/uploads\/2021\/08\/Noah_vuodesohva_tyynyt_oik.jpg?fit=1200%2C1200&ssl=1&resize=350%2C200 1x, https:\/\/i0.wp.com\/pohjanmaantehtaanmyymala.fi\/wp-content\/uploads\/2021\/08\/Noah_vuodesohva_tyynyt_oik.jpg?fit=1200%2C1200&ssl=1&resize=525%2C300 1.5x, https:\/\/i0.wp.com\/pohjanmaantehtaanmyymala.fi\/wp-content\/uploads\/2021\/08\/Noah_vuodesohva_tyynyt_oik.jpg?fit=1200%2C1200&ssl=1&resize=700%2C400 2x, https:\/\/i0.wp.com\/pohjanmaantehtaanmyymala.fi\/wp-content\/uploads\/2021\/08\/Noah_vuodesohva_tyynyt_oik.jpg?fit=1200%2C1200&ssl=1&resize=1050%2C600 3x"},"classes":[]},{"id":17772,"url":"https:\/\/pohjanmaantehtaanmyymala.fi\/en\/tuote\/halti-kulmavuodesohva-avopaadylla\/","url_meta":{"origin":15696,"position":2},"title":"Halti kulmavuodesohva avop\u00e4\u00e4dyll\u00e4 alk.","author":"Sami Viitala","date":"August 24, 2021","format":false,"excerpt":"Halti on laadukas valinta, kun on s\u00e4\u00e4nn\u00f6list\u00e4 tarvetta hyv\u00e4lle varavuoteelle.","rel":"","context":"Similar post","block_context":{"text":"Similar post","link":""},"img":{"alt_text":"Halti kulmavuodesohva harmaa avo vasemmalla","src":"https:\/\/i0.wp.com\/pohjanmaantehtaanmyymala.fi\/wp-content\/uploads\/2021\/08\/Pohjanmaan_Halti_kulmavuodesohva_vas.jpg?fit=1200%2C1200&ssl=1&resize=350%2C200","width":350,"height":200,"srcset":"https:\/\/i0.wp.com\/pohjanmaantehtaanmyymala.fi\/wp-content\/uploads\/2021\/08\/Pohjanmaan_Halti_kulmavuodesohva_vas.jpg?fit=1200%2C1200&ssl=1&resize=350%2C200 1x, https:\/\/i0.wp.com\/pohjanmaantehtaanmyymala.fi\/wp-content\/uploads\/2021\/08\/Pohjanmaan_Halti_kulmavuodesohva_vas.jpg?fit=1200%2C1200&ssl=1&resize=525%2C300 1.5x, https:\/\/i0.wp.com\/pohjanmaantehtaanmyymala.fi\/wp-content\/uploads\/2021\/08\/Pohjanmaan_Halti_kulmavuodesohva_vas.jpg?fit=1200%2C1200&ssl=1&resize=700%2C400 2x, https:\/\/i0.wp.com\/pohjanmaantehtaanmyymala.fi\/wp-content\/uploads\/2021\/08\/Pohjanmaan_Halti_kulmavuodesohva_vas.jpg?fit=1200%2C1200&ssl=1&resize=1050%2C600 3x"},"classes":[]},{"id":21324,"url":"https:\/\/pohjanmaantehtaanmyymala.fi\/en\/tuote\/halti-vuodesohva\/","url_meta":{"origin":15696,"position":3},"title":"Halti vuodesohva alken hinta","author":"Sami Viitala","date":"September 10, 2022","format":false,"excerpt":"Pohjanmaan Kalusteen Luonto Furniture Amerikan vientimalliston isossa Halti-vuodesohvassa on laadukas vuodemekanismi ja s\u00e4\u00e4dett\u00e4v\u00e4t niskatuet selk\u00e4nojissa. Haltista voit tehd\u00e4 helposti mielytt\u00e4v\u00e4n varavuoteen kahdelle. Halti -vuodesohvassa on k\u00e4tev\u00e4sti s\u00e4\u00e4dett\u00e4v\u00e4t selk\u00e4nojan niskatuet. Lis\u00e4ksi Haltissa on huippulaadukkaat istuin- ja selk\u00e4pehmusteet, joten se sopiikin mainiosti jokap\u00e4iv\u00e4iseen kovaan k\u00e4ytt\u00f6\u00f6n kotiisi tai vapaa-ajanasunnolle. Linkki Halti-tuotekortiin tehtaan sivuille.\u2026","rel":"","context":"Similar post","block_context":{"text":"Similar post","link":""},"img":{"alt_text":"Halti vuodesohva harmaa","src":"https:\/\/i0.wp.com\/pohjanmaantehtaanmyymala.fi\/wp-content\/uploads\/2022\/09\/Halti_vuodesohva_Lens700.jpg?fit=1200%2C1200&ssl=1&resize=350%2C200","width":350,"height":200,"srcset":"https:\/\/i0.wp.com\/pohjanmaantehtaanmyymala.fi\/wp-content\/uploads\/2022\/09\/Halti_vuodesohva_Lens700.jpg?fit=1200%2C1200&ssl=1&resize=350%2C200 1x, https:\/\/i0.wp.com\/pohjanmaantehtaanmyymala.fi\/wp-content\/uploads\/2022\/09\/Halti_vuodesohva_Lens700.jpg?fit=1200%2C1200&ssl=1&resize=525%2C300 1.5x, https:\/\/i0.wp.com\/pohjanmaantehtaanmyymala.fi\/wp-content\/uploads\/2022\/09\/Halti_vuodesohva_Lens700.jpg?fit=1200%2C1200&ssl=1&resize=700%2C400 2x, https:\/\/i0.wp.com\/pohjanmaantehtaanmyymala.fi\/wp-content\/uploads\/2022\/09\/Halti_vuodesohva_Lens700.jpg?fit=1200%2C1200&ssl=1&resize=1050%2C600 3x"},"classes":[]},{"id":9483,"url":"https:\/\/pohjanmaantehtaanmyymala.fi\/en\/tuote\/zoom-ruokapoyta\/","url_meta":{"origin":15696,"position":4},"title":"ZOOM &#8211; ruokap\u00f6yt\u00e4 180&#215;95 cm valkoinen","author":"petri","date":"September 14, 2019","format":false,"excerpt":"Suoralinjainen ja massiivinen ruokap\u00f6yt\u00e4 moderniin sisustukseen.","rel":"","context":"Similar post","block_context":{"text":"Similar post","link":""},"img":{"alt_text":"","src":"https:\/\/i0.wp.com\/pohjanmaantehtaanmyymala.fi\/wp-content\/uploads\/2019\/06\/Zoom-95x180-White-Glass-6Zoom-Barcelona90.jpg?fit=960%2C960&ssl=1&resize=350%2C200","width":350,"height":200,"srcset":"https:\/\/i0.wp.com\/pohjanmaantehtaanmyymala.fi\/wp-content\/uploads\/2019\/06\/Zoom-95x180-White-Glass-6Zoom-Barcelona90.jpg?fit=960%2C960&ssl=1&resize=350%2C200 1x, https:\/\/i0.wp.com\/pohjanmaantehtaanmyymala.fi\/wp-content\/uploads\/2019\/06\/Zoom-95x180-White-Glass-6Zoom-Barcelona90.jpg?fit=960%2C960&ssl=1&resize=525%2C300 1.5x, https:\/\/i0.wp.com\/pohjanmaantehtaanmyymala.fi\/wp-content\/uploads\/2019\/06\/Zoom-95x180-White-Glass-6Zoom-Barcelona90.jpg?fit=960%2C960&ssl=1&resize=700%2C400 2x"},"classes":[]},{"id":13123,"url":"https:\/\/pohjanmaantehtaanmyymala.fi\/en\/tuote\/zoom-ruokapoyta-200x100-cm-valkoinen\/","url_meta":{"origin":15696,"position":5},"title":"ZOOM &#8211; ruokap\u00f6yt\u00e4 200&#215;100 cm valkoinen","author":"Sami Viitala","date":"September 18, 2020","format":false,"excerpt":"Suoralinjainen ja massiivinen ruokap\u00f6yt\u00e4 moderniin sisustukseen.","rel":"","context":"Similar post","block_context":{"text":"Similar post","link":""},"img":{"alt_text":"Zoom ruokap\u00f6yt\u00e4 kuura tuoli","src":"https:\/\/i0.wp.com\/pohjanmaantehtaanmyymala.fi\/wp-content\/uploads\/2020\/09\/Zoom-poyta-kuura-tuoli.jpg?fit=1200%2C1200&ssl=1&resize=350%2C200","width":350,"height":200,"srcset":"https:\/\/i0.wp.com\/pohjanmaantehtaanmyymala.fi\/wp-content\/uploads\/2020\/09\/Zoom-poyta-kuura-tuoli.jpg?fit=1200%2C1200&ssl=1&resize=350%2C200 1x, https:\/\/i0.wp.com\/pohjanmaantehtaanmyymala.fi\/wp-content\/uploads\/2020\/09\/Zoom-poyta-kuura-tuoli.jpg?fit=1200%2C1200&ssl=1&resize=525%2C300 1.5x, https:\/\/i0.wp.com\/pohjanmaantehtaanmyymala.fi\/wp-content\/uploads\/2020\/09\/Zoom-poyta-kuura-tuoli.jpg?fit=1200%2C1200&ssl=1&resize=700%2C400 2x, https:\/\/i0.wp.com\/pohjanmaantehtaanmyymala.fi\/wp-content\/uploads\/2020\/09\/Zoom-poyta-kuura-tuoli.jpg?fit=1200%2C1200&ssl=1&resize=1050%2C600 3x"},"classes":[]}],"_links":{"self":[{"href":"https:\/\/pohjanmaantehtaanmyymala.fi\/en\/wp-json\/wp\/v2\/product\/15696","targetHints":{"allow":["GET"]}}],"collection":[{"href":"https:\/\/pohjanmaantehtaanmyymala.fi\/en\/wp-json\/wp\/v2\/product"}],"about":[{"href":"https:\/\/pohjanmaantehtaanmyymala.fi\/en\/wp-json\/wp\/v2\/types\/product"}],"replies":[{"embeddable":true,"href":"https:\/\/pohjanmaantehtaanmyymala.fi\/en\/wp-json\/wp\/v2\/comments?post=15696"}],"wp:featuredmedia":[{"embeddable":true,"href":"https:\/\/pohjanmaantehtaanmyymala.fi\/en\/wp-json\/wp\/v2\/media\/15687"}],"wp:attachment":[{"href":"https:\/\/pohjanmaantehtaanmyymala.fi\/en\/wp-json\/wp\/v2\/media?parent=15696"}],"wp:term":[{"taxonomy":"product_brand","embeddable":true,"href":"https:\/\/pohjanmaantehtaanmyymala.fi\/en\/wp-json\/wp\/v2\/product_brand?post=15696"},{"taxonomy":"product_cat","embeddable":true,"href":"https:\/\/pohjanmaantehtaanmyymala.fi\/en\/wp-json\/wp\/v2\/product_cat?post=15696"},{"taxonomy":"product_tag","embeddable":true,"href":"https:\/\/pohjanmaantehtaanmyymala.fi\/en\/wp-json\/wp\/v2\/product_tag?post=15696"}],"curies":[{"name":"wp","href":"https:\/\/api.w.org\/{rel}","templated":true}]}}