{"id":13759,"date":"2020-10-09T11:51:59","date_gmt":"2020-10-09T09:51:59","guid":{"rendered":"https:\/\/pohjanmaantehtaanmyymala.fi\/?post_type=product&#038;p=13759"},"modified":"2025-03-10T10:48:57","modified_gmt":"2025-03-10T08:48:57","slug":"aino-kaytamatto-80x250-cm","status":"publish","type":"product","link":"https:\/\/pohjanmaantehtaanmyymala.fi\/en\/tuote\/aino-kaytamatto-80x250-cm\/","title":{"rendered":"Aino k\u00e4yt\u00e4v\u00e4matto 80&#215;250 cm"},"content":{"rendered":"<p><strong>Poistuva, turkoosi v\u00e4ri\u00e4 vi\u00e4 pari j\u00e4ljell\u00e4.<\/strong><\/p>\n<p>Aino matto on paperinaruntyylinen 100 % polypropeeni-k\u00e4yt\u00e4v\u00e4matto. Soveltuu my\u00f6s ulkok\u00e4ytt\u00f6\u00f6n esim. terassille. Matosta saatavana eri v\u00e4rej\u00e4.<\/p>\n<p>Materiaali 100% heatset k\u00e4sitelty polypropeeni.<\/p>\n","protected":false},"excerpt":{"rendered":"<p>Kaunis polypropeenimatto kodin oleskelutiloihin ja terassille.<\/p>\n","protected":false},"featured_media":13194,"comment_status":"closed","ping_status":"closed","template":"","meta":{"_acf_changed":false,"jetpack_post_was_ever_published":false,"jetpack_publicize_message":"","jetpack_publicize_feature_enabled":true,"jetpack_social_post_already_shared":true,"jetpack_social_options":{"image_generator_settings":{"template":"highway","default_image_id":0,"font":"","enabled":false},"version":2}},"product_brand":[243],"product_cat":[210],"product_tag":[],"class_list":{"0":"post-13759","1":"product","2":"type-product","3":"status-publish","4":"has-post-thumbnail","6":"product_brand-villages","7":"product_cat-matot","8":"pa_vari-flamingo-roosa","9":"pa_vari-hopea","10":"pa_vari-turkoosi","12":"first","13":"instock","14":"sale","15":"shipping-taxable","16":"purchasable","17":"product-type-variable"},"acf":[],"jetpack_publicize_connections":[],"jetpack_sharing_enabled":true,"jetpack-related-posts":[{"id":13207,"url":"https:\/\/pohjanmaantehtaanmyymala.fi\/en\/tuote\/aino-matto-160x230-cm-2\/","url_meta":{"origin":13759,"position":0},"title":"Aino k\u00e4yt\u00e4v\u00e4matto 80&#215;200 cm","author":"Sami Viitala","date":"September 19, 2020","format":false,"excerpt":"Kaunis polypropeenimatto kodin oleskelutiloihin ja terassille.","rel":"","context":"Similar post","block_context":{"text":"Similar post","link":""},"img":{"alt_text":"Aino matto turkoosi 140x200","src":"https:\/\/i0.wp.com\/pohjanmaantehtaanmyymala.fi\/wp-content\/uploads\/2020\/09\/Aino-matto-turkoosi-dedalj.jpg?fit=960%2C960&ssl=1&resize=350%2C200","width":350,"height":200,"srcset":"https:\/\/i0.wp.com\/pohjanmaantehtaanmyymala.fi\/wp-content\/uploads\/2020\/09\/Aino-matto-turkoosi-dedalj.jpg?fit=960%2C960&ssl=1&resize=350%2C200 1x, https:\/\/i0.wp.com\/pohjanmaantehtaanmyymala.fi\/wp-content\/uploads\/2020\/09\/Aino-matto-turkoosi-dedalj.jpg?fit=960%2C960&ssl=1&resize=525%2C300 1.5x, https:\/\/i0.wp.com\/pohjanmaantehtaanmyymala.fi\/wp-content\/uploads\/2020\/09\/Aino-matto-turkoosi-dedalj.jpg?fit=960%2C960&ssl=1&resize=700%2C400 2x"},"classes":[]},{"id":13189,"url":"https:\/\/pohjanmaantehtaanmyymala.fi\/en\/tuote\/aino-matto-140x200-cm\/","url_meta":{"origin":13759,"position":1},"title":"Aino matto 140&#215;200 cm","author":"Sami Viitala","date":"September 19, 2020","format":false,"excerpt":"Aino polypropeenimatto kodin oleskelutiloihin.","rel":"","context":"Similar post","block_context":{"text":"Similar post","link":""},"img":{"alt_text":"Aino matto flamingo 140x200","src":"https:\/\/i0.wp.com\/pohjanmaantehtaanmyymala.fi\/wp-content\/uploads\/2020\/09\/Aino-matto-flamingo-dedalj.jpg?fit=960%2C960&ssl=1&resize=350%2C200","width":350,"height":200,"srcset":"https:\/\/i0.wp.com\/pohjanmaantehtaanmyymala.fi\/wp-content\/uploads\/2020\/09\/Aino-matto-flamingo-dedalj.jpg?fit=960%2C960&ssl=1&resize=350%2C200 1x, https:\/\/i0.wp.com\/pohjanmaantehtaanmyymala.fi\/wp-content\/uploads\/2020\/09\/Aino-matto-flamingo-dedalj.jpg?fit=960%2C960&ssl=1&resize=525%2C300 1.5x, https:\/\/i0.wp.com\/pohjanmaantehtaanmyymala.fi\/wp-content\/uploads\/2020\/09\/Aino-matto-flamingo-dedalj.jpg?fit=960%2C960&ssl=1&resize=700%2C400 2x"},"classes":[]},{"id":13212,"url":"https:\/\/pohjanmaantehtaanmyymala.fi\/en\/tuote\/aino-matto-160x230-cm\/","url_meta":{"origin":13759,"position":2},"title":"Aino matto 160&#215;230 cm","author":"Sami Viitala","date":"September 19, 2020","format":false,"excerpt":"Aino polypropeenimatto kodin oleskelutiloihin.","rel":"","context":"Similar post","block_context":{"text":"Similar post","link":""},"img":{"alt_text":"Aino matto turkoosi 140x200","src":"https:\/\/i0.wp.com\/pohjanmaantehtaanmyymala.fi\/wp-content\/uploads\/2020\/09\/Aino-matto-turkoosi-miljoo.jpg?fit=960%2C960&ssl=1&resize=350%2C200","width":350,"height":200,"srcset":"https:\/\/i0.wp.com\/pohjanmaantehtaanmyymala.fi\/wp-content\/uploads\/2020\/09\/Aino-matto-turkoosi-miljoo.jpg?fit=960%2C960&ssl=1&resize=350%2C200 1x, https:\/\/i0.wp.com\/pohjanmaantehtaanmyymala.fi\/wp-content\/uploads\/2020\/09\/Aino-matto-turkoosi-miljoo.jpg?fit=960%2C960&ssl=1&resize=525%2C300 1.5x, https:\/\/i0.wp.com\/pohjanmaantehtaanmyymala.fi\/wp-content\/uploads\/2020\/09\/Aino-matto-turkoosi-miljoo.jpg?fit=960%2C960&ssl=1&resize=700%2C400 2x"},"classes":[]},{"id":21950,"url":"https:\/\/pohjanmaantehtaanmyymala.fi\/en\/tuote\/narma-liiva-kakspuolinen-kaytavamatto-80x250-cm\/","url_meta":{"origin":13759,"position":3},"title":"Narma Liiva kakspuolinen k\u00e4yt\u00e4v\u00e4matto 80&#215;250 cm","author":"Sami Viitala","date":"December 9, 2022","format":false,"excerpt":"Kaksipuolinen chenille-matto kodin oleskelutiloihin.","rel":"","context":"Similar post","block_context":{"text":"Similar post","link":""},"img":{"alt_text":"Liiva puuvilllamatto v\u00e4ri gold","src":"https:\/\/i0.wp.com\/pohjanmaantehtaanmyymala.fi\/wp-content\/uploads\/2022\/12\/Liiva-matto-gold-miljoo.jpg?fit=960%2C960&ssl=1&resize=350%2C200","width":350,"height":200,"srcset":"https:\/\/i0.wp.com\/pohjanmaantehtaanmyymala.fi\/wp-content\/uploads\/2022\/12\/Liiva-matto-gold-miljoo.jpg?fit=960%2C960&ssl=1&resize=350%2C200 1x, https:\/\/i0.wp.com\/pohjanmaantehtaanmyymala.fi\/wp-content\/uploads\/2022\/12\/Liiva-matto-gold-miljoo.jpg?fit=960%2C960&ssl=1&resize=525%2C300 1.5x, https:\/\/i0.wp.com\/pohjanmaantehtaanmyymala.fi\/wp-content\/uploads\/2022\/12\/Liiva-matto-gold-miljoo.jpg?fit=960%2C960&ssl=1&resize=700%2C400 2x"},"classes":[]},{"id":22014,"url":"https:\/\/pohjanmaantehtaanmyymala.fi\/en\/tuote\/kodin-helmi-kaytavamatto-70x300-cm\/","url_meta":{"origin":13759,"position":4},"title":"Kodin Helmi k\u00e4yt\u00e4v\u00e4matto 70&#215;300 cm","author":"Sami Viitala","date":"December 12, 2022","format":false,"excerpt":"Valiste v\u00e4ri!","rel":"","context":"Similar post","block_context":{"text":"Similar post","link":""},"img":{"alt_text":"Kodin Helmi k\u00e4yt\u00e4v\u00e4matto musta","src":"https:\/\/i0.wp.com\/pohjanmaantehtaanmyymala.fi\/wp-content\/uploads\/2022\/12\/Kodinhelmi-matto-valkomustaraita_5.jpg?fit=960%2C960&ssl=1&resize=350%2C200","width":350,"height":200,"srcset":"https:\/\/i0.wp.com\/pohjanmaantehtaanmyymala.fi\/wp-content\/uploads\/2022\/12\/Kodinhelmi-matto-valkomustaraita_5.jpg?fit=960%2C960&ssl=1&resize=350%2C200 1x, https:\/\/i0.wp.com\/pohjanmaantehtaanmyymala.fi\/wp-content\/uploads\/2022\/12\/Kodinhelmi-matto-valkomustaraita_5.jpg?fit=960%2C960&ssl=1&resize=525%2C300 1.5x, https:\/\/i0.wp.com\/pohjanmaantehtaanmyymala.fi\/wp-content\/uploads\/2022\/12\/Kodinhelmi-matto-valkomustaraita_5.jpg?fit=960%2C960&ssl=1&resize=700%2C400 2x"},"classes":[]},{"id":22023,"url":"https:\/\/pohjanmaantehtaanmyymala.fi\/en\/tuote\/kodin-helmi-kaytavamatto-70x250-cm\/","url_meta":{"origin":13759,"position":5},"title":"Kodin Helmi k\u00e4yt\u00e4v\u00e4matto 70&#215;250 cm","author":"Sami Viitala","date":"December 12, 2022","format":false,"excerpt":"Valiste v\u00e4ri!","rel":"","context":"Similar post","block_context":{"text":"Similar post","link":""},"img":{"alt_text":"Kodin Helmi k\u00e4yt\u00e4v\u00e4matto beige","src":"https:\/\/i0.wp.com\/pohjanmaantehtaanmyymala.fi\/wp-content\/uploads\/2022\/12\/Kodinhelmi-matto-valkoharmaaraita_3.jpg?fit=960%2C960&ssl=1&resize=350%2C200","width":350,"height":200,"srcset":"https:\/\/i0.wp.com\/pohjanmaantehtaanmyymala.fi\/wp-content\/uploads\/2022\/12\/Kodinhelmi-matto-valkoharmaaraita_3.jpg?fit=960%2C960&ssl=1&resize=350%2C200 1x, https:\/\/i0.wp.com\/pohjanmaantehtaanmyymala.fi\/wp-content\/uploads\/2022\/12\/Kodinhelmi-matto-valkoharmaaraita_3.jpg?fit=960%2C960&ssl=1&resize=525%2C300 1.5x, https:\/\/i0.wp.com\/pohjanmaantehtaanmyymala.fi\/wp-content\/uploads\/2022\/12\/Kodinhelmi-matto-valkoharmaaraita_3.jpg?fit=960%2C960&ssl=1&resize=700%2C400 2x"},"classes":[]}],"_links":{"self":[{"href":"https:\/\/pohjanmaantehtaanmyymala.fi\/en\/wp-json\/wp\/v2\/product\/13759","targetHints":{"allow":["GET"]}}],"collection":[{"href":"https:\/\/pohjanmaantehtaanmyymala.fi\/en\/wp-json\/wp\/v2\/product"}],"about":[{"href":"https:\/\/pohjanmaantehtaanmyymala.fi\/en\/wp-json\/wp\/v2\/types\/product"}],"replies":[{"embeddable":true,"href":"https:\/\/pohjanmaantehtaanmyymala.fi\/en\/wp-json\/wp\/v2\/comments?post=13759"}],"wp:featuredmedia":[{"embeddable":true,"href":"https:\/\/pohjanmaantehtaanmyymala.fi\/en\/wp-json\/wp\/v2\/media\/13194"}],"wp:attachment":[{"href":"https:\/\/pohjanmaantehtaanmyymala.fi\/en\/wp-json\/wp\/v2\/media?parent=13759"}],"wp:term":[{"taxonomy":"product_brand","embeddable":true,"href":"https:\/\/pohjanmaantehtaanmyymala.fi\/en\/wp-json\/wp\/v2\/product_brand?post=13759"},{"taxonomy":"product_cat","embeddable":true,"href":"https:\/\/pohjanmaantehtaanmyymala.fi\/en\/wp-json\/wp\/v2\/product_cat?post=13759"},{"taxonomy":"product_tag","embeddable":true,"href":"https:\/\/pohjanmaantehtaanmyymala.fi\/en\/wp-json\/wp\/v2\/product_tag?post=13759"}],"curies":[{"name":"wp","href":"https:\/\/api.w.org\/{rel}","templated":true}]}}