{"id":13720,"date":"2020-10-08T19:44:32","date_gmt":"2020-10-08T17:44:32","guid":{"rendered":"https:\/\/pohjanmaantehtaanmyymala.fi\/?post_type=product&#038;p=13720"},"modified":"2021-04-12T19:51:21","modified_gmt":"2021-04-12T17:51:21","slug":"4living-cloud-painopeitto-7-kg-150x200-cm","status":"publish","type":"product","link":"https:\/\/pohjanmaantehtaanmyymala.fi\/en\/tuote\/4living-cloud-painopeitto-7-kg-150x200-cm\/","title":{"rendered":"4Living Cloud Painopeitto 7 kg 150&#215;200 cm"},"content":{"rendered":"<p>Cloud-Painopeiton alla makaaminen saa aikaan turvallisen ja rentoutuneen olon. Painon ansiosta kehosi rentoutuu nopeammin ja nukahtamisesta tulee helpompaa.<\/p>\n<p>-Helpottaa keskittymist\u00e4<br \/>\n-Rauhoittaa motorisesti ja psyykkisesti<br \/>\n-Auttaa rentoutumaan<br \/>\n-Helpottaa unen saantia<br \/>\n-Tasoittaa mielialan tunteita<br \/>\n-Luo turvallisuuden tunnetta<\/p>\n<p>Huomio seuraavat!<br \/>\n-ei suositella henkil\u00f6ille, joilla on murtumia, hengitys- tai verenkiertoelimist\u00f6n sairauksia, heikentynyt keuhkojen toiminta, vaikeita ihosairauksia, pahaa ahtaanpaikankammoa tai osteoporoosia.<br \/>\n-Peiton k\u00e4ytt\u00e4j\u00e4n on kyett\u00e4v\u00e4 itse siirt\u00e4m\u00e4\u00e4n peitto pois p\u00e4\u00e4lt\u00e4\u00e4n vaaratilanteiden v\u00e4ltt\u00e4miseksi.<\/p>\n<h3>Tuotetiedot:<\/h3>\n<p>Peiton koko: 150&#215;200 cm ja paino 7 kg.<br \/>\nPainopeitoissa on ns. 10 % s\u00e4\u00e4nt\u00f6, eli painopeiton painon on oltava noin 10% sen alla nukkuvan henkil\u00f6n painosta, jotta sen hy\u00f6ty on maksimaalinen.<br \/>\nPeiton kangas on 100% puuvillaa.<br \/>\nPeiton t\u00e4ytteen\u00e4 on 3D 100% polyesterkuitua ja nontoxic lasihelmi\u00e4.<\/p>\n<p>Suositellaan ensisijaisesti tahranpoistoa kostealla liinalla. Mik\u00e4li peitto tarvitsee kunnon pesua, on otettava huomioon pyykinpesukoneen painorajat. Kuivaus ripustus- tai tasokuivaus<\/p>\n","protected":false},"excerpt":{"rendered":"<p>Suosittupainopeitto 65-80 kg painaville henkil\u00f6ille.<\/p>\n","protected":false},"featured_media":13722,"comment_status":"closed","ping_status":"closed","template":"","meta":{"_acf_changed":false,"jetpack_post_was_ever_published":false,"jetpack_publicize_message":"","jetpack_publicize_feature_enabled":true,"jetpack_social_post_already_shared":true,"jetpack_social_options":{"image_generator_settings":{"template":"highway","default_image_id":0,"font":"","enabled":false},"version":2}},"product_brand":[242],"product_cat":[241],"product_tag":[],"class_list":{"0":"post-13720","1":"product","2":"type-product","3":"status-publish","4":"has-post-thumbnail","6":"product_brand-4living","7":"product_cat-peitot-ja-tyynyt","9":"first","10":"instock","11":"sale","12":"shipping-taxable","13":"purchasable","14":"product-type-simple"},"acf":[],"jetpack_publicize_connections":[],"jetpack_sharing_enabled":true,"jetpack-related-posts":[{"id":13776,"url":"https:\/\/pohjanmaantehtaanmyymala.fi\/en\/tuote\/4living-cloud-painopeitto-3-kg-150x200-cm\/","url_meta":{"origin":13720,"position":0},"title":"4Living Cloud Painopeitto 3 kg 150&#215;200 cm","author":"Sami Viitala","date":"October 9, 2020","format":false,"excerpt":"Cloud-painopeiton ansiosta nukahtamisesta tulee helpompaa sek\u00e4 painopeiton alla makaaminen saa aikaan turvallisen ja rentoutuneen olon.","rel":"","context":"Similar post","block_context":{"text":"Similar post","link":""},"img":{"alt_text":"4Living Painopeitto 3 kg","src":"https:\/\/i0.wp.com\/pohjanmaantehtaanmyymala.fi\/wp-content\/uploads\/2020\/10\/Painopeitto-3kg-329946-2.jpg?fit=1200%2C1200&ssl=1&resize=350%2C200","width":350,"height":200,"srcset":"https:\/\/i0.wp.com\/pohjanmaantehtaanmyymala.fi\/wp-content\/uploads\/2020\/10\/Painopeitto-3kg-329946-2.jpg?fit=1200%2C1200&ssl=1&resize=350%2C200 1x, https:\/\/i0.wp.com\/pohjanmaantehtaanmyymala.fi\/wp-content\/uploads\/2020\/10\/Painopeitto-3kg-329946-2.jpg?fit=1200%2C1200&ssl=1&resize=525%2C300 1.5x, https:\/\/i0.wp.com\/pohjanmaantehtaanmyymala.fi\/wp-content\/uploads\/2020\/10\/Painopeitto-3kg-329946-2.jpg?fit=1200%2C1200&ssl=1&resize=700%2C400 2x, https:\/\/i0.wp.com\/pohjanmaantehtaanmyymala.fi\/wp-content\/uploads\/2020\/10\/Painopeitto-3kg-329946-2.jpg?fit=1200%2C1200&ssl=1&resize=1050%2C600 3x"},"classes":[]},{"id":13782,"url":"https:\/\/pohjanmaantehtaanmyymala.fi\/en\/tuote\/4living-cloud-painopeitto-55-kg-150x200-cm\/","url_meta":{"origin":13720,"position":1},"title":"4Living Cloud Painopeitto 5,5 kg 150&#215;200 cm","author":"Sami Viitala","date":"October 9, 2020","format":false,"excerpt":"Suosittu painopeitto 45-60 kg painaville henkil\u00f6ille.","rel":"","context":"Similar post","block_context":{"text":"Similar post","link":""},"img":{"alt_text":"4Living Painopeitto 5,5 kg","src":"https:\/\/i0.wp.com\/pohjanmaantehtaanmyymala.fi\/wp-content\/uploads\/2020\/10\/Painopeitto-55-kg-322853-2.jpg?fit=1200%2C1200&ssl=1&resize=350%2C200","width":350,"height":200,"srcset":"https:\/\/i0.wp.com\/pohjanmaantehtaanmyymala.fi\/wp-content\/uploads\/2020\/10\/Painopeitto-55-kg-322853-2.jpg?fit=1200%2C1200&ssl=1&resize=350%2C200 1x, https:\/\/i0.wp.com\/pohjanmaantehtaanmyymala.fi\/wp-content\/uploads\/2020\/10\/Painopeitto-55-kg-322853-2.jpg?fit=1200%2C1200&ssl=1&resize=525%2C300 1.5x, https:\/\/i0.wp.com\/pohjanmaantehtaanmyymala.fi\/wp-content\/uploads\/2020\/10\/Painopeitto-55-kg-322853-2.jpg?fit=1200%2C1200&ssl=1&resize=700%2C400 2x, https:\/\/i0.wp.com\/pohjanmaantehtaanmyymala.fi\/wp-content\/uploads\/2020\/10\/Painopeitto-55-kg-322853-2.jpg?fit=1200%2C1200&ssl=1&resize=1050%2C600 3x"},"classes":[]},{"id":13790,"url":"https:\/\/pohjanmaantehtaanmyymala.fi\/en\/tuote\/4living-cloud-painopeitto-9-kg-150x200-cm\/","url_meta":{"origin":13720,"position":2},"title":"4Living Cloud Painopeitto 9 kg 150&#215;200 cm","author":"Sami Viitala","date":"October 9, 2020","format":false,"excerpt":"Suosittupainopeitto n. + 85 kg painaville henkil\u00f6ille.","rel":"","context":"Similar post","block_context":{"text":"Similar post","link":""},"img":{"alt_text":"4Living Painopeitto 7kg","src":"https:\/\/i0.wp.com\/pohjanmaantehtaanmyymala.fi\/wp-content\/uploads\/2020\/10\/Painopeitto-7kg-329947-2.jpg?fit=1200%2C1200&ssl=1&resize=350%2C200","width":350,"height":200,"srcset":"https:\/\/i0.wp.com\/pohjanmaantehtaanmyymala.fi\/wp-content\/uploads\/2020\/10\/Painopeitto-7kg-329947-2.jpg?fit=1200%2C1200&ssl=1&resize=350%2C200 1x, https:\/\/i0.wp.com\/pohjanmaantehtaanmyymala.fi\/wp-content\/uploads\/2020\/10\/Painopeitto-7kg-329947-2.jpg?fit=1200%2C1200&ssl=1&resize=525%2C300 1.5x, https:\/\/i0.wp.com\/pohjanmaantehtaanmyymala.fi\/wp-content\/uploads\/2020\/10\/Painopeitto-7kg-329947-2.jpg?fit=1200%2C1200&ssl=1&resize=700%2C400 2x, https:\/\/i0.wp.com\/pohjanmaantehtaanmyymala.fi\/wp-content\/uploads\/2020\/10\/Painopeitto-7kg-329947-2.jpg?fit=1200%2C1200&ssl=1&resize=1050%2C600 3x"},"classes":[]},{"id":15785,"url":"https:\/\/pohjanmaantehtaanmyymala.fi\/en\/tuote\/4living-dream-painopeitto-7-kg-150x200-cm\/","url_meta":{"origin":13720,"position":3},"title":"4Living Dream Painopeitto 7 kg 150&#215;200 cm","author":"Sami Viitala","date":"November 23, 2020","format":false,"excerpt":"Miellytt\u00e4v\u00e4ntuntuinen painopeitto 65-80 kg painaville henkil\u00f6ille.","rel":"","context":"Similar post","block_context":{"text":"Similar post","link":""},"img":{"alt_text":"4Living Dream painopeitto 7 kg","src":"https:\/\/i0.wp.com\/pohjanmaantehtaanmyymala.fi\/wp-content\/uploads\/2020\/11\/322854-Painopeitto-Dream.jpg?fit=1200%2C1200&ssl=1&resize=350%2C200","width":350,"height":200,"srcset":"https:\/\/i0.wp.com\/pohjanmaantehtaanmyymala.fi\/wp-content\/uploads\/2020\/11\/322854-Painopeitto-Dream.jpg?fit=1200%2C1200&ssl=1&resize=350%2C200 1x, https:\/\/i0.wp.com\/pohjanmaantehtaanmyymala.fi\/wp-content\/uploads\/2020\/11\/322854-Painopeitto-Dream.jpg?fit=1200%2C1200&ssl=1&resize=525%2C300 1.5x, https:\/\/i0.wp.com\/pohjanmaantehtaanmyymala.fi\/wp-content\/uploads\/2020\/11\/322854-Painopeitto-Dream.jpg?fit=1200%2C1200&ssl=1&resize=700%2C400 2x, https:\/\/i0.wp.com\/pohjanmaantehtaanmyymala.fi\/wp-content\/uploads\/2020\/11\/322854-Painopeitto-Dream.jpg?fit=1200%2C1200&ssl=1&resize=1050%2C600 3x"},"classes":[]},{"id":15771,"url":"https:\/\/pohjanmaantehtaanmyymala.fi\/en\/tuote\/4living-soft-painopeitto-7-kg-150x200-cm\/","url_meta":{"origin":13720,"position":4},"title":"4Living Soft Painopeitto 7 kg 150&#215;200 cm","author":"Sami Viitala","date":"November 23, 2020","format":false,"excerpt":"Suosittu painopeitto 65-80 kg painaville henkil\u00f6ille.","rel":"","context":"Similar post","block_context":{"text":"Similar post","link":""},"img":{"alt_text":"4Living soft painopeitto 7 kg","src":"https:\/\/i0.wp.com\/pohjanmaantehtaanmyymala.fi\/wp-content\/uploads\/2020\/11\/Painopeitto-soft-7kg-600985-2.jpg?fit=1200%2C1200&ssl=1&resize=350%2C200","width":350,"height":200,"srcset":"https:\/\/i0.wp.com\/pohjanmaantehtaanmyymala.fi\/wp-content\/uploads\/2020\/11\/Painopeitto-soft-7kg-600985-2.jpg?fit=1200%2C1200&ssl=1&resize=350%2C200 1x, https:\/\/i0.wp.com\/pohjanmaantehtaanmyymala.fi\/wp-content\/uploads\/2020\/11\/Painopeitto-soft-7kg-600985-2.jpg?fit=1200%2C1200&ssl=1&resize=525%2C300 1.5x, https:\/\/i0.wp.com\/pohjanmaantehtaanmyymala.fi\/wp-content\/uploads\/2020\/11\/Painopeitto-soft-7kg-600985-2.jpg?fit=1200%2C1200&ssl=1&resize=700%2C400 2x, https:\/\/i0.wp.com\/pohjanmaantehtaanmyymala.fi\/wp-content\/uploads\/2020\/11\/Painopeitto-soft-7kg-600985-2.jpg?fit=1200%2C1200&ssl=1&resize=1050%2C600 3x"},"classes":[]},{"id":13803,"url":"https:\/\/pohjanmaantehtaanmyymala.fi\/en\/tuote\/oiva-viskoelastinen-tyyny-60x45-cm\/","url_meta":{"origin":13720,"position":5},"title":"Oiva viskoelastinen tyyny 60&#215;45 cm","author":"Sami Viitala","date":"October 13, 2020","format":false,"excerpt":"L\u00e4mp\u00f6\u00f6n ja painoon reakoiva tyyny. Kaksi eri paksuutta.","rel":"","context":"Similar post","block_context":{"text":"Similar post","link":""},"img":{"alt_text":"viskoelastinen Oiva tyyny","src":"https:\/\/i0.wp.com\/pohjanmaantehtaanmyymala.fi\/wp-content\/uploads\/2020\/10\/Oiva-tyyny.jpg?fit=960%2C960&ssl=1&resize=350%2C200","width":350,"height":200,"srcset":"https:\/\/i0.wp.com\/pohjanmaantehtaanmyymala.fi\/wp-content\/uploads\/2020\/10\/Oiva-tyyny.jpg?fit=960%2C960&ssl=1&resize=350%2C200 1x, https:\/\/i0.wp.com\/pohjanmaantehtaanmyymala.fi\/wp-content\/uploads\/2020\/10\/Oiva-tyyny.jpg?fit=960%2C960&ssl=1&resize=525%2C300 1.5x, https:\/\/i0.wp.com\/pohjanmaantehtaanmyymala.fi\/wp-content\/uploads\/2020\/10\/Oiva-tyyny.jpg?fit=960%2C960&ssl=1&resize=700%2C400 2x"},"classes":[]}],"_links":{"self":[{"href":"https:\/\/pohjanmaantehtaanmyymala.fi\/en\/wp-json\/wp\/v2\/product\/13720","targetHints":{"allow":["GET"]}}],"collection":[{"href":"https:\/\/pohjanmaantehtaanmyymala.fi\/en\/wp-json\/wp\/v2\/product"}],"about":[{"href":"https:\/\/pohjanmaantehtaanmyymala.fi\/en\/wp-json\/wp\/v2\/types\/product"}],"replies":[{"embeddable":true,"href":"https:\/\/pohjanmaantehtaanmyymala.fi\/en\/wp-json\/wp\/v2\/comments?post=13720"}],"wp:featuredmedia":[{"embeddable":true,"href":"https:\/\/pohjanmaantehtaanmyymala.fi\/en\/wp-json\/wp\/v2\/media\/13722"}],"wp:attachment":[{"href":"https:\/\/pohjanmaantehtaanmyymala.fi\/en\/wp-json\/wp\/v2\/media?parent=13720"}],"wp:term":[{"taxonomy":"product_brand","embeddable":true,"href":"https:\/\/pohjanmaantehtaanmyymala.fi\/en\/wp-json\/wp\/v2\/product_brand?post=13720"},{"taxonomy":"product_cat","embeddable":true,"href":"https:\/\/pohjanmaantehtaanmyymala.fi\/en\/wp-json\/wp\/v2\/product_cat?post=13720"},{"taxonomy":"product_tag","embeddable":true,"href":"https:\/\/pohjanmaantehtaanmyymala.fi\/en\/wp-json\/wp\/v2\/product_tag?post=13720"}],"curies":[{"name":"wp","href":"https:\/\/api.w.org\/{rel}","templated":true}]}}