{"id":13658,"date":"2020-09-30T21:01:07","date_gmt":"2020-09-30T19:01:07","guid":{"rendered":"https:\/\/pohjanmaantehtaanmyymala.fi\/?post_type=product&#038;p=13658"},"modified":"2025-08-22T12:46:30","modified_gmt":"2025-08-22T10:46:30","slug":"ergo-sahkopoyta-120x70-cm-valkoinen","status":"publish","type":"product","link":"https:\/\/pohjanmaantehtaanmyymala.fi\/en\/tuote\/ergo-sahkopoyta-120x70-cm-valkoinen\/","title":{"rendered":"Ergo \u2013 s\u00e4hk\u00f6p\u00f6yt\u00e4 120&#215;70 cm valkoinen"},"content":{"rendered":"<h3 class=\"std descr2 descr2-after-descr1\">Erikoistarjous valkoisella kannella!<\/h3>\n<div><\/div>\n<div class=\"std descr2 descr2-after-descr1\">Ergo- ty\u00f6p\u00f6yt\u00e4 on ergonomisesti oiva valinta.\u00a0 Voit p\u00e4iv\u00e4n aikana helposti vaihtaa ty\u00f6skentelyasentoa istuma-asennosta seisoma-asentoon. Ty\u00f6p\u00f6yd\u00e4n sopiva korkeus on helppo s\u00e4\u00e4t\u00e4\u00e4 ohjauspaneelista napin painalluksella 63-127 cm:n v\u00e4lill\u00e4 portaattomasti. Ergo-s\u00e4hk\u00f6p\u00f6yt\u00e4\u00e4n voi ohjelmoida nelj\u00e4 eri korkeutta muistipaikkoihin, mitk\u00e4 voit valita ja vaihtaa k\u00e4yt\u00f6ss\u00e4 napinpainalluksella.<\/div>\n<h3>Tuotetiedot:<\/h3>\n<p>Kannen v\u00e4ri; harmaa, musta tai valkoinen, jalan v\u00e4ri; harmaa, musta ja valkoinen.<\/p>\n<p>Kaksi moottoria<br \/>\nMax. kuorma 120 kg<br \/>\nTakuu 5 vuotta<br \/>\nTuote toimitetaan osina. Tuotteen toimitusaika on n. 2 viikkoa.<br \/>\nMeilt\u00e4 saa my\u00f6s kasauspalvelun.<\/p>\n<p>Ergo -ty\u00f6p\u00f6yt\u00e4\u00e4 on saatavana my\u00f6s muita kokoja ja v\u00e4rej\u00e4. Kysy n\u00e4ist\u00e4 lis\u00e4tietoa <a href=\"https:\/\/www.pohjanmaantehtaanmyymala.fi\/yhteys\/\">asiakaspalvelustamme.<\/a><\/p>\n","protected":false},"excerpt":{"rendered":"<p>S\u00e4hk\u00f6inen s\u00e4\u00e4t\u00f6p\u00f6yt\u00e4 on turvallinen valinta kotitoimistoon tai konttoriin. Valitse v\u00e4ri alta!<\/p>\n","protected":false},"featured_media":13660,"comment_status":"closed","ping_status":"closed","template":"","meta":{"_acf_changed":false,"jetpack_post_was_ever_published":false,"jetpack_publicize_message":"","jetpack_publicize_feature_enabled":true,"jetpack_social_post_already_shared":true,"jetpack_social_options":{"image_generator_settings":{"template":"highway","default_image_id":0,"font":"","enabled":false},"version":2}},"product_brand":[172],"product_cat":[197],"product_tag":[],"class_list":{"0":"post-13658","1":"product","2":"type-product","3":"status-publish","4":"has-post-thumbnail","6":"product_brand-hiipakka","7":"product_cat-toimistokalusteet","8":"product_shipping_class-161","10":"first","11":"instock","12":"sale","13":"purchasable","14":"product-type-variable","15":"has-default-attributes"},"acf":[],"jetpack_publicize_connections":[],"jetpack_sharing_enabled":true,"jetpack-related-posts":[{"id":13668,"url":"https:\/\/pohjanmaantehtaanmyymala.fi\/en\/tuote\/ergo-sahkopoyta-160x80-cm\/","url_meta":{"origin":13658,"position":0},"title":"Ergo \u2013 s\u00e4hk\u00f6p\u00f6yt\u00e4 160&#215;80 cm","author":"Sami Viitala","date":"October 1, 2020","format":false,"excerpt":"S\u00e4hk\u00f6inen s\u00e4\u00e4t\u00f6p\u00f6yt\u00e4 on turvallinen valinta kotitoimistoon tai konttoriin. Valitse v\u00e4ri!","rel":"","context":"Similar post","block_context":{"text":"Similar post","link":""},"img":{"alt_text":"Ergo s\u00e4hk\u00f6p\u00f6yt\u00e4 160x80 harmaa valkoinen","src":"https:\/\/i0.wp.com\/pohjanmaantehtaanmyymala.fi\/wp-content\/uploads\/2020\/10\/Ergo-sahkopoyta-160x80-harmaa-valkoinen.jpg?fit=1200%2C1200&ssl=1&resize=350%2C200","width":350,"height":200,"srcset":"https:\/\/i0.wp.com\/pohjanmaantehtaanmyymala.fi\/wp-content\/uploads\/2020\/10\/Ergo-sahkopoyta-160x80-harmaa-valkoinen.jpg?fit=1200%2C1200&ssl=1&resize=350%2C200 1x, https:\/\/i0.wp.com\/pohjanmaantehtaanmyymala.fi\/wp-content\/uploads\/2020\/10\/Ergo-sahkopoyta-160x80-harmaa-valkoinen.jpg?fit=1200%2C1200&ssl=1&resize=525%2C300 1.5x, https:\/\/i0.wp.com\/pohjanmaantehtaanmyymala.fi\/wp-content\/uploads\/2020\/10\/Ergo-sahkopoyta-160x80-harmaa-valkoinen.jpg?fit=1200%2C1200&ssl=1&resize=700%2C400 2x, https:\/\/i0.wp.com\/pohjanmaantehtaanmyymala.fi\/wp-content\/uploads\/2020\/10\/Ergo-sahkopoyta-160x80-harmaa-valkoinen.jpg?fit=1200%2C1200&ssl=1&resize=1050%2C600 3x"},"classes":[]},{"id":24919,"url":"https:\/\/pohjanmaantehtaanmyymala.fi\/en\/tuote\/ergo-sahkopoyta-115x67-cm\/","url_meta":{"origin":13658,"position":1},"title":"Ergo \u2013 s\u00e4hk\u00f6p\u00f6yt\u00e4 115&#215;67 cm","author":"Sami Viitala","date":"February 6, 2024","format":false,"excerpt":"S\u00e4hk\u00f6k\u00e4ytt\u00f6inen s\u00e4\u00e4t\u00f6p\u00f6yt\u00e4 on oiva valinta kotitoimistoon tai konttoriin. Valitse v\u00e4ri alta!","rel":"","context":"Similar post","block_context":{"text":"Similar post","link":""},"img":{"alt_text":"Ergo s\u00e4\u00e4t\u00f6p\u00f6yt\u00e4 120x70 valkoinen","src":"https:\/\/i0.wp.com\/pohjanmaantehtaanmyymala.fi\/wp-content\/uploads\/2020\/09\/Ergo-saatopoyta-120x70-valkoinen.jpg?fit=1200%2C1200&ssl=1&resize=350%2C200","width":350,"height":200,"srcset":"https:\/\/i0.wp.com\/pohjanmaantehtaanmyymala.fi\/wp-content\/uploads\/2020\/09\/Ergo-saatopoyta-120x70-valkoinen.jpg?fit=1200%2C1200&ssl=1&resize=350%2C200 1x, https:\/\/i0.wp.com\/pohjanmaantehtaanmyymala.fi\/wp-content\/uploads\/2020\/09\/Ergo-saatopoyta-120x70-valkoinen.jpg?fit=1200%2C1200&ssl=1&resize=525%2C300 1.5x, https:\/\/i0.wp.com\/pohjanmaantehtaanmyymala.fi\/wp-content\/uploads\/2020\/09\/Ergo-saatopoyta-120x70-valkoinen.jpg?fit=1200%2C1200&ssl=1&resize=700%2C400 2x, https:\/\/i0.wp.com\/pohjanmaantehtaanmyymala.fi\/wp-content\/uploads\/2020\/09\/Ergo-saatopoyta-120x70-valkoinen.jpg?fit=1200%2C1200&ssl=1&resize=1050%2C600 3x"},"classes":[]},{"id":19441,"url":"https:\/\/pohjanmaantehtaanmyymala.fi\/en\/tuote\/ergo-sahkopoyta-140x70-cm\/","url_meta":{"origin":13658,"position":2},"title":"Ergo \u2013 s\u00e4hk\u00f6p\u00f6yt\u00e4 135&#215;67 cm","author":"Sami Viitala","date":"January 9, 2022","format":false,"excerpt":"S\u00e4hk\u00f6inen s\u00e4\u00e4t\u00f6p\u00f6yt\u00e4 on mainio valinta kotitoimistoon tai konttoriin. Valitse v\u00e4ri!","rel":"","context":"Similar post","block_context":{"text":"Similar post","link":""},"img":{"alt_text":"Ergo s\u00e4\u00e4t\u00f6p\u00f6yt\u00e4 musta","src":"https:\/\/i0.wp.com\/pohjanmaantehtaanmyymala.fi\/wp-content\/uploads\/2020\/10\/Ergo_Black_saatopoyta.jpg?fit=960%2C960&ssl=1&resize=350%2C200","width":350,"height":200,"srcset":"https:\/\/i0.wp.com\/pohjanmaantehtaanmyymala.fi\/wp-content\/uploads\/2020\/10\/Ergo_Black_saatopoyta.jpg?fit=960%2C960&ssl=1&resize=350%2C200 1x, https:\/\/i0.wp.com\/pohjanmaantehtaanmyymala.fi\/wp-content\/uploads\/2020\/10\/Ergo_Black_saatopoyta.jpg?fit=960%2C960&ssl=1&resize=525%2C300 1.5x, https:\/\/i0.wp.com\/pohjanmaantehtaanmyymala.fi\/wp-content\/uploads\/2020\/10\/Ergo_Black_saatopoyta.jpg?fit=960%2C960&ssl=1&resize=700%2C400 2x"},"classes":[]},{"id":24206,"url":"https:\/\/pohjanmaantehtaanmyymala.fi\/en\/tuote\/ergo-1-jalkainen-sahkopoyta-100x50-cm\/","url_meta":{"origin":13658,"position":3},"title":"Ergo 1-jalkainen s\u00e4hk\u00f6p\u00f6yt\u00e4 100&#215;50 cm","author":"Sami Viitala","date":"November 22, 2023","format":false,"excerpt":"Hiipakan korkeuss\u00e4\u00e4dett\u00e4v\u00e4 s\u00e4hk\u00f6p\u00f6yt\u00e4 pieneen tilaan.","rel":"","context":"Similar post","block_context":{"text":"Similar post","link":""},"img":{"alt_text":"Ergo s\u00e4hk\u00f6p\u00f6yt\u00e4 1-jalkainen valkoinen","src":"https:\/\/i0.wp.com\/pohjanmaantehtaanmyymala.fi\/wp-content\/uploads\/2023\/11\/Ergo-1-jalkainen-sahkopoyta-valkoinen.jpg?fit=960%2C960&ssl=1&resize=350%2C200","width":350,"height":200,"srcset":"https:\/\/i0.wp.com\/pohjanmaantehtaanmyymala.fi\/wp-content\/uploads\/2023\/11\/Ergo-1-jalkainen-sahkopoyta-valkoinen.jpg?fit=960%2C960&ssl=1&resize=350%2C200 1x, https:\/\/i0.wp.com\/pohjanmaantehtaanmyymala.fi\/wp-content\/uploads\/2023\/11\/Ergo-1-jalkainen-sahkopoyta-valkoinen.jpg?fit=960%2C960&ssl=1&resize=525%2C300 1.5x, https:\/\/i0.wp.com\/pohjanmaantehtaanmyymala.fi\/wp-content\/uploads\/2023\/11\/Ergo-1-jalkainen-sahkopoyta-valkoinen.jpg?fit=960%2C960&ssl=1&resize=700%2C400 2x"},"classes":[]},{"id":24113,"url":"https:\/\/pohjanmaantehtaanmyymala.fi\/en\/tuote\/ergo-korkeussaadettava-tyopoyta-135x67-cm\/","url_meta":{"origin":13658,"position":4},"title":"Ergo korkeuss\u00e4\u00e4dett\u00e4v\u00e4 ty\u00f6p\u00f6yt\u00e4 135&#215;67 cm","author":"Sami Viitala","date":"November 16, 2023","format":false,"excerpt":"Nyt Hiipakan s\u00e4\u00e4t\u00f6p\u00f6yt\u00e4 edullisesti! Valitse v\u00e4ri!","rel":"","context":"Similar post","block_context":{"text":"Similar post","link":""},"img":{"alt_text":"Ergo s\u00e4\u00e4t\u00f6p\u00f6yt\u00e4 veivill\u00e4 hopeajalava kansi 135x67 cm ja musta jalka","src":"https:\/\/i0.wp.com\/pohjanmaantehtaanmyymala.fi\/wp-content\/uploads\/2023\/11\/Ergo_tyopoyta_veivilla_1.jpg?fit=960%2C960&ssl=1&resize=350%2C200","width":350,"height":200,"srcset":"https:\/\/i0.wp.com\/pohjanmaantehtaanmyymala.fi\/wp-content\/uploads\/2023\/11\/Ergo_tyopoyta_veivilla_1.jpg?fit=960%2C960&ssl=1&resize=350%2C200 1x, https:\/\/i0.wp.com\/pohjanmaantehtaanmyymala.fi\/wp-content\/uploads\/2023\/11\/Ergo_tyopoyta_veivilla_1.jpg?fit=960%2C960&ssl=1&resize=525%2C300 1.5x, https:\/\/i0.wp.com\/pohjanmaantehtaanmyymala.fi\/wp-content\/uploads\/2023\/11\/Ergo_tyopoyta_veivilla_1.jpg?fit=960%2C960&ssl=1&resize=700%2C400 2x"},"classes":[]},{"id":24185,"url":"https:\/\/pohjanmaantehtaanmyymala.fi\/en\/tuote\/ergo-korkeussaadettava-tyopoyta-120x70cm-valkoinen\/","url_meta":{"origin":13658,"position":5},"title":"Ergo korkeuss\u00e4\u00e4dett\u00e4v\u00e4 ty\u00f6p\u00f6yt\u00e4 120x70cm valkoinen","author":"Sami Viitala","date":"November 21, 2023","format":false,"excerpt":"Nyt Hiipakan s\u00e4\u00e4t\u00f6p\u00f6yt\u00e4 edullisesti!","rel":"","context":"Similar post","block_context":{"text":"Similar post","link":""},"img":{"alt_text":"Ergo korkeuss\u00e4\u00e4dett\u00e4v\u00e4 ty\u00f6p\u00f6yt\u00e4 veivill\u00e4 valkoinen","src":"https:\/\/i0.wp.com\/pohjanmaantehtaanmyymala.fi\/wp-content\/uploads\/2023\/11\/Ergo-korkeussaadettava-tyopoyta-veivilla.jpg?fit=960%2C960&ssl=1&resize=350%2C200","width":350,"height":200,"srcset":"https:\/\/i0.wp.com\/pohjanmaantehtaanmyymala.fi\/wp-content\/uploads\/2023\/11\/Ergo-korkeussaadettava-tyopoyta-veivilla.jpg?fit=960%2C960&ssl=1&resize=350%2C200 1x, https:\/\/i0.wp.com\/pohjanmaantehtaanmyymala.fi\/wp-content\/uploads\/2023\/11\/Ergo-korkeussaadettava-tyopoyta-veivilla.jpg?fit=960%2C960&ssl=1&resize=525%2C300 1.5x, https:\/\/i0.wp.com\/pohjanmaantehtaanmyymala.fi\/wp-content\/uploads\/2023\/11\/Ergo-korkeussaadettava-tyopoyta-veivilla.jpg?fit=960%2C960&ssl=1&resize=700%2C400 2x"},"classes":[]}],"_links":{"self":[{"href":"https:\/\/pohjanmaantehtaanmyymala.fi\/en\/wp-json\/wp\/v2\/product\/13658","targetHints":{"allow":["GET"]}}],"collection":[{"href":"https:\/\/pohjanmaantehtaanmyymala.fi\/en\/wp-json\/wp\/v2\/product"}],"about":[{"href":"https:\/\/pohjanmaantehtaanmyymala.fi\/en\/wp-json\/wp\/v2\/types\/product"}],"replies":[{"embeddable":true,"href":"https:\/\/pohjanmaantehtaanmyymala.fi\/en\/wp-json\/wp\/v2\/comments?post=13658"}],"wp:featuredmedia":[{"embeddable":true,"href":"https:\/\/pohjanmaantehtaanmyymala.fi\/en\/wp-json\/wp\/v2\/media\/13660"}],"wp:attachment":[{"href":"https:\/\/pohjanmaantehtaanmyymala.fi\/en\/wp-json\/wp\/v2\/media?parent=13658"}],"wp:term":[{"taxonomy":"product_brand","embeddable":true,"href":"https:\/\/pohjanmaantehtaanmyymala.fi\/en\/wp-json\/wp\/v2\/product_brand?post=13658"},{"taxonomy":"product_cat","embeddable":true,"href":"https:\/\/pohjanmaantehtaanmyymala.fi\/en\/wp-json\/wp\/v2\/product_cat?post=13658"},{"taxonomy":"product_tag","embeddable":true,"href":"https:\/\/pohjanmaantehtaanmyymala.fi\/en\/wp-json\/wp\/v2\/product_tag?post=13658"}],"curies":[{"name":"wp","href":"https:\/\/api.w.org\/{rel}","templated":true}]}}