{"id":13597,"date":"2020-09-28T19:10:48","date_gmt":"2020-09-28T17:10:48","guid":{"rendered":"https:\/\/pohjanmaantehtaanmyymala.fi\/?post_type=product&#038;p=13597"},"modified":"2026-04-25T11:26:13","modified_gmt":"2026-04-25T09:26:13","slug":"auburn-baarituoli","status":"publish","type":"product","link":"https:\/\/pohjanmaantehtaanmyymala.fi\/en\/tuote\/auburn-baarituoli\/","title":{"rendered":"Auburn &#8211; Baarituoli"},"content":{"rendered":"<p>Auburn- baarituoli on tyylik\u00e4s valinta kotisi saarekkeen istuinpaikaksi.<br \/>\nTuolin jalat ovat metallia ja istuimessa helppohoitoinen tekstiilinahka.<br \/>\nAlpha- baarituolissa on mukava istua pidempi\u00e4kin aikoja.<\/p>\n<p>Auburn -baarituolia on saatavana mustana ja ruskeana. Tuolissa on aina musta metallijalka.<\/p>\n<h3>Tuotetiedot:<\/h3>\n<p>leveys: 45 cm<br \/>\nSyvyys: 50 cm<br \/>\nKorkes: 80 cm<br \/>\nIstuinkorkeus 65 cm<br \/>\nIstuinsyvyys 40 cm<br \/>\nIstuinleveys 43 cm<br \/>\nJalkatuen korkeus maasta 22 cm.<\/p>\n<p>Istuin: Tekstiilinahkaa<br \/>\nJalat: Pulverimaalattua metallia<\/p>\n<p>Toimitetaan jalat irrallaan.<\/p>\n","protected":false},"excerpt":{"rendered":"<p>Auburn- baarituoli on tyylik\u00e4s valinta kotisi saarekkeen istuinpaikaksi. Tuolin jalat ovat metallia ja istuimessa helppohoitoinen tekstiilinahka. Alpha- baarituolissa on mukava istua pidempi\u00e4kin aikoja. Auburn -baarituolia on saatavana mustana ja ruskeana. Tuolissa on aina musta metallijalka. Tuotetiedot: leveys: 45 cm Syvyys: 50 cm Korkes: 80 cm Istuinkorkeus 65 cm Istuinsyvyys 40 cm Istuinleveys 43 cm Jalkatuen [&hellip;]<\/p>\n","protected":false},"featured_media":13602,"comment_status":"closed","ping_status":"closed","template":"","meta":{"_acf_changed":false,"jetpack_post_was_ever_published":false,"jetpack_publicize_message":"","jetpack_publicize_feature_enabled":true,"jetpack_social_post_already_shared":true,"jetpack_social_options":{"image_generator_settings":{"template":"highway","default_image_id":0,"font":"","enabled":false},"version":2}},"product_brand":[179],"product_cat":[194],"product_tag":[],"class_list":{"0":"post-13597","1":"product","2":"type-product","3":"status-publish","4":"has-post-thumbnail","6":"product_brand-rowico","7":"product_cat-ruokapoydat-ja-tuolit","8":"product_shipping_class-161","10":"first","11":"instock","12":"purchasable","13":"product-type-simple"},"acf":[],"jetpack_publicize_connections":[],"jetpack_sharing_enabled":true,"jetpack-related-posts":[{"id":22039,"url":"https:\/\/pohjanmaantehtaanmyymala.fi\/en\/tuote\/rustiikki-baarituoli-musta-tammi\/","url_meta":{"origin":13597,"position":0},"title":"Rustiikki baarituoli musta\/tammi","author":"Sami Viitala","date":"December 13, 2022","format":false,"excerpt":"J\u00e4my Rustiikki baarituoli, jossa on mustaksi maalattu runko ja rustiikkitamminen istuin. Tuolin kanssa on saatavana my\u00f6s baarip\u00f6yt\u00e4, kysy lis\u00e4tietoja myynnist\u00e4mme. Istuinkorkeus: 62 cm Tuolin mitat: korkeus 97 cm, leveys 50 cm, syvyys 49 cm. Toimitetaan valmiiksi koottuna.","rel":"","context":"Similar post","block_context":{"text":"Similar post","link":""},"img":{"alt_text":"Massiivipuinen Rustiikki baarituoli mustaksi maalattu runko ja rustiikkitammi istuin.","src":"https:\/\/i0.wp.com\/pohjanmaantehtaanmyymala.fi\/wp-content\/uploads\/2022\/12\/Rustiikki-baarituoli-musta-tammi.jpg?fit=960%2C960&ssl=1&resize=350%2C200","width":350,"height":200,"srcset":"https:\/\/i0.wp.com\/pohjanmaantehtaanmyymala.fi\/wp-content\/uploads\/2022\/12\/Rustiikki-baarituoli-musta-tammi.jpg?fit=960%2C960&ssl=1&resize=350%2C200 1x, https:\/\/i0.wp.com\/pohjanmaantehtaanmyymala.fi\/wp-content\/uploads\/2022\/12\/Rustiikki-baarituoli-musta-tammi.jpg?fit=960%2C960&ssl=1&resize=525%2C300 1.5x, https:\/\/i0.wp.com\/pohjanmaantehtaanmyymala.fi\/wp-content\/uploads\/2022\/12\/Rustiikki-baarituoli-musta-tammi.jpg?fit=960%2C960&ssl=1&resize=700%2C400 2x"},"classes":[]},{"id":23353,"url":"https:\/\/pohjanmaantehtaanmyymala.fi\/en\/tuote\/monaco-pyoriva-baarituoli-musta-nahka\/","url_meta":{"origin":13597,"position":1},"title":"Monaco py\u00f6riv\u00e4 baarituoli musta nahka","author":"Sami Viitala","date":"September 12, 2023","format":false,"excerpt":"Pu-nahkalla verhoiltu ja mustilla pulverimaalatuilla metallijaloilla varustettu py\u00f6riv\u00e4 keitti\u00f6saarekkeen tuoli.","rel":"","context":"Similar post","block_context":{"text":"Similar post","link":""},"img":{"alt_text":"Monaco baarituoli musta pu-nahka ja musta metallijalka","src":"https:\/\/i0.wp.com\/pohjanmaantehtaanmyymala.fi\/wp-content\/uploads\/2023\/09\/Monaco-baarituoli-1001322-1.jpg?fit=960%2C960&ssl=1&resize=350%2C200","width":350,"height":200,"srcset":"https:\/\/i0.wp.com\/pohjanmaantehtaanmyymala.fi\/wp-content\/uploads\/2023\/09\/Monaco-baarituoli-1001322-1.jpg?fit=960%2C960&ssl=1&resize=350%2C200 1x, https:\/\/i0.wp.com\/pohjanmaantehtaanmyymala.fi\/wp-content\/uploads\/2023\/09\/Monaco-baarituoli-1001322-1.jpg?fit=960%2C960&ssl=1&resize=525%2C300 1.5x, https:\/\/i0.wp.com\/pohjanmaantehtaanmyymala.fi\/wp-content\/uploads\/2023\/09\/Monaco-baarituoli-1001322-1.jpg?fit=960%2C960&ssl=1&resize=700%2C400 2x"},"classes":[]},{"id":21149,"url":"https:\/\/pohjanmaantehtaanmyymala.fi\/en\/tuote\/austin-baarituoli\/","url_meta":{"origin":13597,"position":2},"title":"Austin baarituoli","author":"Sami Viitala","date":"September 4, 2022","format":false,"excerpt":"Simppeli baarijakkara saatavana kolmella eri v\u00e4rill\u00e4.","rel":"","context":"Similar post","block_context":{"text":"Similar post","link":""},"img":{"alt_text":"Rowico Austin baaarijakkarat ryhm\u00e4kuvassa, musta, tammi ja valkopesty","src":"https:\/\/i0.wp.com\/pohjanmaantehtaanmyymala.fi\/wp-content\/uploads\/2022\/09\/Austin-baarijakkara-kokoelma.jpg?fit=960%2C960&ssl=1&resize=350%2C200","width":350,"height":200,"srcset":"https:\/\/i0.wp.com\/pohjanmaantehtaanmyymala.fi\/wp-content\/uploads\/2022\/09\/Austin-baarijakkara-kokoelma.jpg?fit=960%2C960&ssl=1&resize=350%2C200 1x, https:\/\/i0.wp.com\/pohjanmaantehtaanmyymala.fi\/wp-content\/uploads\/2022\/09\/Austin-baarijakkara-kokoelma.jpg?fit=960%2C960&ssl=1&resize=525%2C300 1.5x, https:\/\/i0.wp.com\/pohjanmaantehtaanmyymala.fi\/wp-content\/uploads\/2022\/09\/Austin-baarijakkara-kokoelma.jpg?fit=960%2C960&ssl=1&resize=700%2C400 2x"},"classes":[]},{"id":8938,"url":"https:\/\/pohjanmaantehtaanmyymala.fi\/en\/tuote\/alpha-tuoli\/","url_meta":{"origin":13597,"position":3},"title":"AUBURN &#8211; tuoli","author":"petri","date":"September 14, 2019","format":false,"excerpt":"Auburn -tuoli on tyylik\u00e4s valinta kodin ruokailutilaan. Tuolin jalat ovat metallia ja istuimessa helppohoitoinen tekstiilinahka (keinonahka). Auburn -tuolissa on miellytt\u00e4v\u00e4 istua pidempi\u00e4kin aikoja. Tuolin istuinkorkeus 47 cm. Tuotetiedot: Istuin: Musta tekstiilinahkaa Jalat: Pulverimaalattua metallia Toimitetaan jalat irrallaan.","rel":"","context":"Similar post","block_context":{"text":"Similar post","link":""},"img":{"alt_text":"","src":"https:\/\/i0.wp.com\/pohjanmaantehtaanmyymala.fi\/wp-content\/uploads\/2019\/06\/117650-a-Alpha-stol-svart-sv-konstlader-R.jpg?fit=960%2C960&ssl=1&resize=350%2C200","width":350,"height":200,"srcset":"https:\/\/i0.wp.com\/pohjanmaantehtaanmyymala.fi\/wp-content\/uploads\/2019\/06\/117650-a-Alpha-stol-svart-sv-konstlader-R.jpg?fit=960%2C960&ssl=1&resize=350%2C200 1x, https:\/\/i0.wp.com\/pohjanmaantehtaanmyymala.fi\/wp-content\/uploads\/2019\/06\/117650-a-Alpha-stol-svart-sv-konstlader-R.jpg?fit=960%2C960&ssl=1&resize=525%2C300 1.5x, https:\/\/i0.wp.com\/pohjanmaantehtaanmyymala.fi\/wp-content\/uploads\/2019\/06\/117650-a-Alpha-stol-svart-sv-konstlader-R.jpg?fit=960%2C960&ssl=1&resize=700%2C400 2x"},"classes":[]},{"id":19758,"url":"https:\/\/pohjanmaantehtaanmyymala.fi\/en\/tuote\/norwell-tuoli\/","url_meta":{"origin":13597,"position":4},"title":"NORWELL tuoli","author":"Sami Viitala","date":"February 14, 2022","format":false,"excerpt":"Rowicon tyylik\u00e4s tuoli py\u00f6riv\u00e4ll\u00e4 jalalla.","rel":"","context":"Similar post","block_context":{"text":"Similar post","link":""},"img":{"alt_text":"Rowico Norwell tuolit beige ja harmaa","src":"https:\/\/i0.wp.com\/pohjanmaantehtaanmyymala.fi\/wp-content\/uploads\/2022\/02\/Rowico-Norwell-tuoli-harmaa-beige.jpg?fit=960%2C960&ssl=1&resize=350%2C200","width":350,"height":200,"srcset":"https:\/\/i0.wp.com\/pohjanmaantehtaanmyymala.fi\/wp-content\/uploads\/2022\/02\/Rowico-Norwell-tuoli-harmaa-beige.jpg?fit=960%2C960&ssl=1&resize=350%2C200 1x, https:\/\/i0.wp.com\/pohjanmaantehtaanmyymala.fi\/wp-content\/uploads\/2022\/02\/Rowico-Norwell-tuoli-harmaa-beige.jpg?fit=960%2C960&ssl=1&resize=525%2C300 1.5x, https:\/\/i0.wp.com\/pohjanmaantehtaanmyymala.fi\/wp-content\/uploads\/2022\/02\/Rowico-Norwell-tuoli-harmaa-beige.jpg?fit=960%2C960&ssl=1&resize=700%2C400 2x"},"classes":[]},{"id":15618,"url":"https:\/\/pohjanmaantehtaanmyymala.fi\/en\/tuote\/rowico-haley-tuoli\/","url_meta":{"origin":13597,"position":5},"title":"Rowico HALEY &#8211; tuoli","author":"Sami Viitala","date":"November 20, 2020","format":false,"excerpt":"Rowicon py\u00f6re\u00e4linjainen ruokap\u00f6yd\u00e4n tuoli vaaleanharmaalla verhoilulla.","rel":"","context":"Similar post","block_context":{"text":"Similar post","link":""},"img":{"alt_text":"Rowico Haley tuoli vaalean harmaa","src":"https:\/\/i0.wp.com\/pohjanmaantehtaanmyymala.fi\/wp-content\/uploads\/2020\/11\/Rowico_Haley_tuoli_vaaleanharmaa.jpg?fit=1200%2C1200&ssl=1&resize=350%2C200","width":350,"height":200,"srcset":"https:\/\/i0.wp.com\/pohjanmaantehtaanmyymala.fi\/wp-content\/uploads\/2020\/11\/Rowico_Haley_tuoli_vaaleanharmaa.jpg?fit=1200%2C1200&ssl=1&resize=350%2C200 1x, https:\/\/i0.wp.com\/pohjanmaantehtaanmyymala.fi\/wp-content\/uploads\/2020\/11\/Rowico_Haley_tuoli_vaaleanharmaa.jpg?fit=1200%2C1200&ssl=1&resize=525%2C300 1.5x, https:\/\/i0.wp.com\/pohjanmaantehtaanmyymala.fi\/wp-content\/uploads\/2020\/11\/Rowico_Haley_tuoli_vaaleanharmaa.jpg?fit=1200%2C1200&ssl=1&resize=700%2C400 2x, https:\/\/i0.wp.com\/pohjanmaantehtaanmyymala.fi\/wp-content\/uploads\/2020\/11\/Rowico_Haley_tuoli_vaaleanharmaa.jpg?fit=1200%2C1200&ssl=1&resize=1050%2C600 3x"},"classes":[]}],"_links":{"self":[{"href":"https:\/\/pohjanmaantehtaanmyymala.fi\/en\/wp-json\/wp\/v2\/product\/13597","targetHints":{"allow":["GET"]}}],"collection":[{"href":"https:\/\/pohjanmaantehtaanmyymala.fi\/en\/wp-json\/wp\/v2\/product"}],"about":[{"href":"https:\/\/pohjanmaantehtaanmyymala.fi\/en\/wp-json\/wp\/v2\/types\/product"}],"replies":[{"embeddable":true,"href":"https:\/\/pohjanmaantehtaanmyymala.fi\/en\/wp-json\/wp\/v2\/comments?post=13597"}],"wp:featuredmedia":[{"embeddable":true,"href":"https:\/\/pohjanmaantehtaanmyymala.fi\/en\/wp-json\/wp\/v2\/media\/13602"}],"wp:attachment":[{"href":"https:\/\/pohjanmaantehtaanmyymala.fi\/en\/wp-json\/wp\/v2\/media?parent=13597"}],"wp:term":[{"taxonomy":"product_brand","embeddable":true,"href":"https:\/\/pohjanmaantehtaanmyymala.fi\/en\/wp-json\/wp\/v2\/product_brand?post=13597"},{"taxonomy":"product_cat","embeddable":true,"href":"https:\/\/pohjanmaantehtaanmyymala.fi\/en\/wp-json\/wp\/v2\/product_cat?post=13597"},{"taxonomy":"product_tag","embeddable":true,"href":"https:\/\/pohjanmaantehtaanmyymala.fi\/en\/wp-json\/wp\/v2\/product_tag?post=13597"}],"curies":[{"name":"wp","href":"https:\/\/api.w.org\/{rel}","templated":true}]}}