{"id":13487,"date":"2020-09-24T12:42:38","date_gmt":"2020-09-24T10:42:38","guid":{"rendered":"https:\/\/pohjanmaantehtaanmyymala.fi\/?post_type=product&#038;p=13487"},"modified":"2025-07-11T13:05:20","modified_gmt":"2025-07-11T11:05:20","slug":"erika-vuodetuoli-luna-kankaalla","status":"publish","type":"product","link":"https:\/\/pohjanmaantehtaanmyymala.fi\/en\/tuote\/erika-vuodetuoli-luna-kankaalla\/","title":{"rendered":"America Nest &#8211; vuodetuoli Luna-kankaalla"},"content":{"rendered":"<p>Laadukas America-vuodesohva Nest-vuodemekanismilla. Pohjanmaan Kalusteen valmistama vuodetuoli on verhoiltu kest\u00e4v\u00e4ll\u00e4 Luna-kankaalla. Kankaasta voit valita omaan kotiisi sopivan verhoilun pirte\u00e4n fuksiasta takuuvarmaan harmaaseen.<\/p>\n<p>America-tuolia saa my\u00f6s sadoilla muillakin verhoilumateriaaleilla. Kysy muita lis\u00e4tietoa <a href=\"https:\/\/www.pohjanmaantehtaanmyymala.fi\/yhteys\/\">myynist\u00e4mme<\/a> tule paikanp\u00e4\u00e4lle Tehtaanmyym\u00e4l\u00e4\u00e4n!<\/p>\n<h3>Tuotetiedot:<\/h3>\n<p>leveys: 98 cm<\/p>\n<p>korkeus: 82 cm<\/p>\n<p>syvyys: 101 cm<\/p>\n<p>istuinsyvyys: 54<br \/>\nistuinkorkeus: 45 cm<\/p>\n<p>Vuodekoko on 76*203 cm.<\/p>\n<p>Runko: Massiivipuu vaneri ja kovalevy. (puurunkotakuu 20-vuotta, mekanismin osilla 2 vuottta)<br \/>\nIstuinpehmusteet: no-zag jouset HR35140 vaahtomuovi.<br \/>\nSelk\u00e4pehmusteet: Vanutyyny.<br \/>\nJalat: Massiivipuu<br \/>\nKangas: Luna -kangas.<\/p>\n<p>Toimitetaan valmiiksi kasattuna jalat irrallaan.<\/p>\n","protected":false},"excerpt":{"rendered":"<p>Pohjanmaan Kalusteen valmistama tyylik\u00e4s vuodetuoli, jossa hyv\u00e4n istuttavuuden lis\u00e4ksi laadukas vuodemekanismi.<\/p>\n","protected":false},"featured_media":13488,"comment_status":"closed","ping_status":"closed","template":"","meta":{"_acf_changed":false,"jetpack_post_was_ever_published":false,"jetpack_publicize_message":"","jetpack_publicize_feature_enabled":true,"jetpack_social_post_already_shared":true,"jetpack_social_options":{"image_generator_settings":{"template":"highway","default_image_id":0,"font":"","enabled":false},"version":2}},"product_brand":[270],"product_cat":[193],"product_tag":[],"class_list":{"0":"post-13487","1":"product","2":"type-product","3":"status-publish","4":"has-post-thumbnail","6":"product_brand-pohjanmaan","7":"product_cat-vuodesohvat","8":"product_shipping_class-161","10":"first","11":"instock","12":"sale","13":"purchasable","14":"product-type-simple"},"acf":[],"jetpack_publicize_connections":[],"jetpack_sharing_enabled":true,"jetpack-related-posts":[{"id":13411,"url":"https:\/\/pohjanmaantehtaanmyymala.fi\/en\/tuote\/erika-vuodesohva-l-162-cm-oliver-kankaalla\/","url_meta":{"origin":13487,"position":0},"title":"America Nest 162 cm vuodesohva Luna-kankaalla","author":"Sami Viitala","date":"September 22, 2020","format":false,"excerpt":"Pohjanmaan Kalusteen valmistama tyylik\u00e4s vuodesohva, jossa hyv\u00e4n istuttavuuden lis\u00e4ksi laadukas vuodemekanismi.","rel":"","context":"Similar post","block_context":{"text":"Similar post","link":""},"img":{"alt_text":"","src":"https:\/\/i0.wp.com\/pohjanmaantehtaanmyymala.fi\/wp-content\/uploads\/2020\/09\/America_Erika_2_Sleeper_Luna24_1.jpg?fit=960%2C960&ssl=1&resize=350%2C200","width":350,"height":200,"srcset":"https:\/\/i0.wp.com\/pohjanmaantehtaanmyymala.fi\/wp-content\/uploads\/2020\/09\/America_Erika_2_Sleeper_Luna24_1.jpg?fit=960%2C960&ssl=1&resize=350%2C200 1x, https:\/\/i0.wp.com\/pohjanmaantehtaanmyymala.fi\/wp-content\/uploads\/2020\/09\/America_Erika_2_Sleeper_Luna24_1.jpg?fit=960%2C960&ssl=1&resize=525%2C300 1.5x, https:\/\/i0.wp.com\/pohjanmaantehtaanmyymala.fi\/wp-content\/uploads\/2020\/09\/America_Erika_2_Sleeper_Luna24_1.jpg?fit=960%2C960&ssl=1&resize=700%2C400 2x"},"classes":[]},{"id":26462,"url":"https:\/\/pohjanmaantehtaanmyymala.fi\/en\/tuote\/america-nest-vuodesohva-3-istuttava\/","url_meta":{"origin":13487,"position":1},"title":"America Nest 215 cm vuodesohva 3-istuttava","author":"Miro Nevala","date":"September 25, 2024","format":false,"excerpt":"Skandinaavisuutta henkiv\u00e4 ja monimuotoisuudessaan ly\u00f6m\u00e4t\u00f6n vuodesohva.","rel":"","context":"Similar post","block_context":{"text":"Similar post","link":""},"img":{"alt_text":"America 3-ist. vuodesohva Luna lila kankaalla.","src":"https:\/\/i0.wp.com\/pohjanmaantehtaanmyymala.fi\/wp-content\/uploads\/2024\/09\/America_3Mnest193_Luna29-3.jpg?fit=960%2C960&ssl=1&resize=350%2C200","width":350,"height":200,"srcset":"https:\/\/i0.wp.com\/pohjanmaantehtaanmyymala.fi\/wp-content\/uploads\/2024\/09\/America_3Mnest193_Luna29-3.jpg?fit=960%2C960&ssl=1&resize=350%2C200 1x, https:\/\/i0.wp.com\/pohjanmaantehtaanmyymala.fi\/wp-content\/uploads\/2024\/09\/America_3Mnest193_Luna29-3.jpg?fit=960%2C960&ssl=1&resize=525%2C300 1.5x, https:\/\/i0.wp.com\/pohjanmaantehtaanmyymala.fi\/wp-content\/uploads\/2024\/09\/America_3Mnest193_Luna29-3.jpg?fit=960%2C960&ssl=1&resize=700%2C400 2x"},"classes":[]},{"id":9448,"url":"https:\/\/pohjanmaantehtaanmyymala.fi\/en\/tuote\/monika-vuodetuoli\/","url_meta":{"origin":13487,"position":2},"title":"MONIKA NEST &#8211; vuodetuoli","author":"petri","date":"September 14, 2019","format":false,"excerpt":"Tyylik\u00e4s Monika-vuodetuoli! Pohjanmaan kalusteen valmistama tyylik\u00e4s Monika-vuodetuoli jossa hyv\u00e4n istuttavuuden lis\u00e4ksi mukava ja helppok\u00e4ytt\u00f6inen vierass\u00e4nky. Vuodekoko Monika- vuodetuolissa on 76*205 cm. Monikasta on my\u00f6s saatavana vuodesohvat. Kysy lis\u00e4\u00e4 myynnist\u00e4mme. Tuotetiedot: Katso tuotekortti t\u00e4st\u00e4! Runko: Massiivipuu vaneri ja kovalevy. (takuu 20-vuotta) Istuinpehmusteet: no-zag jouset HR35140 vaahtomuovi. Selk\u00e4pehmusteet: Vanutyyny. Jalat: Massiivipuu Kangas:\u2026","rel":"","context":"Similar post","block_context":{"text":"Similar post","link":""},"img":{"alt_text":"","src":"https:\/\/i0.wp.com\/pohjanmaantehtaanmyymala.fi\/wp-content\/uploads\/2019\/06\/Monika-Chair-Sleeper-Luna24-1.jpg?fit=960%2C960&ssl=1&resize=350%2C200","width":350,"height":200,"srcset":"https:\/\/i0.wp.com\/pohjanmaantehtaanmyymala.fi\/wp-content\/uploads\/2019\/06\/Monika-Chair-Sleeper-Luna24-1.jpg?fit=960%2C960&ssl=1&resize=350%2C200 1x, https:\/\/i0.wp.com\/pohjanmaantehtaanmyymala.fi\/wp-content\/uploads\/2019\/06\/Monika-Chair-Sleeper-Luna24-1.jpg?fit=960%2C960&ssl=1&resize=525%2C300 1.5x, https:\/\/i0.wp.com\/pohjanmaantehtaanmyymala.fi\/wp-content\/uploads\/2019\/06\/Monika-Chair-Sleeper-Luna24-1.jpg?fit=960%2C960&ssl=1&resize=700%2C400 2x"},"classes":[]},{"id":27156,"url":"https:\/\/pohjanmaantehtaanmyymala.fi\/en\/tuote\/america-nest-174-cm-vuodesohva-oliver-kankaalla\/","url_meta":{"origin":13487,"position":3},"title":"America Nest 174 cm vuodesohva Oliver-kankaalla","author":"Sami Viitala","date":"September 26, 2024","format":false,"excerpt":"Ajaton ja laadukas vuodesohva, jossa hyv\u00e4n istuttavuuden lis\u00e4ksi kunnon vuodemekanismi.","rel":"","context":"Similar post","block_context":{"text":"Similar post","link":""},"img":{"alt_text":"America Nest MAX vuodesohva oliver-kangas keltainen edest\u00e4","src":"https:\/\/i0.wp.com\/pohjanmaantehtaanmyymala.fi\/wp-content\/uploads\/2024\/09\/America_2nest_vuodesohva_Oliver.jpg?fit=960%2C960&ssl=1&resize=350%2C200","width":350,"height":200,"srcset":"https:\/\/i0.wp.com\/pohjanmaantehtaanmyymala.fi\/wp-content\/uploads\/2024\/09\/America_2nest_vuodesohva_Oliver.jpg?fit=960%2C960&ssl=1&resize=350%2C200 1x, https:\/\/i0.wp.com\/pohjanmaantehtaanmyymala.fi\/wp-content\/uploads\/2024\/09\/America_2nest_vuodesohva_Oliver.jpg?fit=960%2C960&ssl=1&resize=525%2C300 1.5x, https:\/\/i0.wp.com\/pohjanmaantehtaanmyymala.fi\/wp-content\/uploads\/2024\/09\/America_2nest_vuodesohva_Oliver.jpg?fit=960%2C960&ssl=1&resize=700%2C400 2x"},"classes":[]},{"id":26461,"url":"https:\/\/pohjanmaantehtaanmyymala.fi\/en\/tuote\/fantasy-vuodetuoli\/","url_meta":{"origin":13487,"position":4},"title":"Fantasy Level vuodetuoli","author":"Miro Nevala","date":"September 11, 2024","format":false,"excerpt":"N\u00e4ytt\u00e4v\u00e4 lepotuoli joka avautuu vuoteeksi silm\u00e4nr\u00e4p\u00e4yksess\u00e4!","rel":"","context":"Similar post","block_context":{"text":"Similar post","link":""},"img":{"alt_text":"Fantasy level vuodetuoli edest\u00e4","src":"https:\/\/i0.wp.com\/pohjanmaantehtaanmyymala.fi\/wp-content\/uploads\/2024\/03\/Fantasy-level-vuodetuoli-edesta%CC%88-eri-kangas.jpg?fit=960%2C960&ssl=1&resize=350%2C200","width":350,"height":200,"srcset":"https:\/\/i0.wp.com\/pohjanmaantehtaanmyymala.fi\/wp-content\/uploads\/2024\/03\/Fantasy-level-vuodetuoli-edesta%CC%88-eri-kangas.jpg?fit=960%2C960&ssl=1&resize=350%2C200 1x, https:\/\/i0.wp.com\/pohjanmaantehtaanmyymala.fi\/wp-content\/uploads\/2024\/03\/Fantasy-level-vuodetuoli-edesta%CC%88-eri-kangas.jpg?fit=960%2C960&ssl=1&resize=525%2C300 1.5x, https:\/\/i0.wp.com\/pohjanmaantehtaanmyymala.fi\/wp-content\/uploads\/2024\/03\/Fantasy-level-vuodetuoli-edesta%CC%88-eri-kangas.jpg?fit=960%2C960&ssl=1&resize=700%2C400 2x"},"classes":[]},{"id":23676,"url":"https:\/\/pohjanmaantehtaanmyymala.fi\/en\/tuote\/moduli-avokulmasohva-stark-kankaalla\/","url_meta":{"origin":13487,"position":5},"title":"Moduli avokulmasohva Stark-kankaalla","author":"Sami Viitala","date":"September 23, 2023","format":false,"excerpt":"Modulisohva on POP!255","rel":"","context":"Similar post","block_context":{"text":"Similar post","link":""},"img":{"alt_text":"Moduli Livorno avokulmasohva Luna harmaa kangas","src":"https:\/\/i0.wp.com\/pohjanmaantehtaanmyymala.fi\/wp-content\/uploads\/2023\/09\/Moduli_avokulmasohva_harmaa.jpg?fit=960%2C960&ssl=1&resize=350%2C200","width":350,"height":200,"srcset":"https:\/\/i0.wp.com\/pohjanmaantehtaanmyymala.fi\/wp-content\/uploads\/2023\/09\/Moduli_avokulmasohva_harmaa.jpg?fit=960%2C960&ssl=1&resize=350%2C200 1x, https:\/\/i0.wp.com\/pohjanmaantehtaanmyymala.fi\/wp-content\/uploads\/2023\/09\/Moduli_avokulmasohva_harmaa.jpg?fit=960%2C960&ssl=1&resize=525%2C300 1.5x, https:\/\/i0.wp.com\/pohjanmaantehtaanmyymala.fi\/wp-content\/uploads\/2023\/09\/Moduli_avokulmasohva_harmaa.jpg?fit=960%2C960&ssl=1&resize=700%2C400 2x"},"classes":[]}],"_links":{"self":[{"href":"https:\/\/pohjanmaantehtaanmyymala.fi\/en\/wp-json\/wp\/v2\/product\/13487","targetHints":{"allow":["GET"]}}],"collection":[{"href":"https:\/\/pohjanmaantehtaanmyymala.fi\/en\/wp-json\/wp\/v2\/product"}],"about":[{"href":"https:\/\/pohjanmaantehtaanmyymala.fi\/en\/wp-json\/wp\/v2\/types\/product"}],"replies":[{"embeddable":true,"href":"https:\/\/pohjanmaantehtaanmyymala.fi\/en\/wp-json\/wp\/v2\/comments?post=13487"}],"wp:featuredmedia":[{"embeddable":true,"href":"https:\/\/pohjanmaantehtaanmyymala.fi\/en\/wp-json\/wp\/v2\/media\/13488"}],"wp:attachment":[{"href":"https:\/\/pohjanmaantehtaanmyymala.fi\/en\/wp-json\/wp\/v2\/media?parent=13487"}],"wp:term":[{"taxonomy":"product_brand","embeddable":true,"href":"https:\/\/pohjanmaantehtaanmyymala.fi\/en\/wp-json\/wp\/v2\/product_brand?post=13487"},{"taxonomy":"product_cat","embeddable":true,"href":"https:\/\/pohjanmaantehtaanmyymala.fi\/en\/wp-json\/wp\/v2\/product_cat?post=13487"},{"taxonomy":"product_tag","embeddable":true,"href":"https:\/\/pohjanmaantehtaanmyymala.fi\/en\/wp-json\/wp\/v2\/product_tag?post=13487"}],"curies":[{"name":"wp","href":"https:\/\/api.w.org\/{rel}","templated":true}]}}