{"id":13244,"date":"2020-09-19T22:15:54","date_gmt":"2020-09-19T20:15:54","guid":{"rendered":"https:\/\/pohjanmaantehtaanmyymala.fi\/?post_type=product&#038;p=13244"},"modified":"2025-02-11T17:39:21","modified_gmt":"2025-02-11T15:39:21","slug":"gustav-tv-taso-159-cm","status":"publish","type":"product","link":"https:\/\/pohjanmaantehtaanmyymala.fi\/en\/tuote\/gustav-tv-taso-159-cm\/","title":{"rendered":"GUSTAV TV-taso jaloilla 159 cm"},"content":{"rendered":"<p>Kauniin maalaisromanttimem Gustav TV-taso jaloilla.<br \/>\nTv-tasossa on k\u00e4tev\u00e4t liuko-ovet. Ovet liukuvat liukukiskoilla ja s\u00e4\u00e4st\u00e4v\u00e4t siten tilaa.<br \/>\nTakalevyss\u00e4 on aukot johtojen l\u00e4piviemiseksi.<\/p>\n<h3>Tuotetiedot:<\/h3>\n<p><strong>Mitat:<\/strong><\/p>\n<p>Leveys 159 cm,syvyys 39 cm ja korkeus 68 cm.<\/p>\n<p><strong>Materiaali ja v\u00e4ri:<\/strong><\/p>\n<p>Runko ja hyllyt: Valkoiseksi maalattua mdf-levy\u00e4<br \/>\nOvi: Kest\u00e4v\u00e4\u00e4 karkaistua turvalasia<br \/>\nKoristelistat: Massiivipuuta<br \/>\nTuotteen valmiusaste: Toimitetaan runkokasattuna, ovet ja jalat asennettava<br \/>\nTuotteen valmistusmaa: Viro<\/p>\n<p><strong>Toimitusaika:<\/strong><\/p>\n<p>Toimitusaika n.4-7 viikkoa.<\/p>\n<p>Toimitetaan valmiiksi kasattuna.<\/p>\n","protected":false},"excerpt":{"rendered":"<p>Kauniin maalaisromanttimem Gustav TV-taso jaloilla. Tv-tasossa on k\u00e4tev\u00e4t liuko-ovet. Ovet liukuvat liukukiskoilla ja s\u00e4\u00e4st\u00e4v\u00e4t siten tilaa. Takalevyss\u00e4 on aukot johtojen l\u00e4piviemiseksi. Tuotetiedot: Mitat: Leveys 159 cm,syvyys 39 cm ja korkeus 68 cm. Materiaali ja v\u00e4ri: Runko ja hyllyt: Valkoiseksi maalattua mdf-levy\u00e4 Ovi: Kest\u00e4v\u00e4\u00e4 karkaistua turvalasia Koristelistat: Massiivipuuta Tuotteen valmiusaste: Toimitetaan runkokasattuna, ovet ja jalat asennettava [&hellip;]<\/p>\n","protected":false},"featured_media":13245,"comment_status":"closed","ping_status":"closed","template":"","meta":{"_acf_changed":false,"jetpack_post_was_ever_published":false,"jetpack_publicize_message":"","jetpack_publicize_feature_enabled":true,"jetpack_social_post_already_shared":true,"jetpack_social_options":{"image_generator_settings":{"template":"highway","default_image_id":0,"font":"","enabled":false},"version":2}},"product_brand":[177],"product_cat":[196],"product_tag":[],"class_list":{"0":"post-13244","1":"product","2":"type-product","3":"status-publish","4":"has-post-thumbnail","6":"product_brand-byniemi","7":"product_cat-sailytyskalusteet-ja-tv-tasot","8":"product_shipping_class-161","10":"first","11":"instock","12":"sale","13":"purchasable","14":"product-type-simple"},"acf":[],"jetpack_publicize_connections":[],"jetpack_sharing_enabled":true,"jetpack-related-posts":[{"id":26789,"url":"https:\/\/pohjanmaantehtaanmyymala.fi\/en\/tuote\/gustav-senkki-jaloilla\/","url_meta":{"origin":13244,"position":0},"title":"GUSTAV senkki jaloilla","author":"Sami Viitala","date":"April 13, 2024","format":false,"excerpt":"Laadukas ja tilava s\u00e4ilytysratkaisu.","rel":"","context":"Similar post","block_context":{"text":"Similar post","link":""},"img":{"alt_text":"Gustav senkki jaloilla, v\u00e4ri valkoinen","src":"https:\/\/i0.wp.com\/pohjanmaantehtaanmyymala.fi\/wp-content\/uploads\/2024\/04\/Gustav_t13-1891_Senkki_Jaloilla.jpg?fit=960%2C960&ssl=1&resize=350%2C200","width":350,"height":200,"srcset":"https:\/\/i0.wp.com\/pohjanmaantehtaanmyymala.fi\/wp-content\/uploads\/2024\/04\/Gustav_t13-1891_Senkki_Jaloilla.jpg?fit=960%2C960&ssl=1&resize=350%2C200 1x, https:\/\/i0.wp.com\/pohjanmaantehtaanmyymala.fi\/wp-content\/uploads\/2024\/04\/Gustav_t13-1891_Senkki_Jaloilla.jpg?fit=960%2C960&ssl=1&resize=525%2C300 1.5x, https:\/\/i0.wp.com\/pohjanmaantehtaanmyymala.fi\/wp-content\/uploads\/2024\/04\/Gustav_t13-1891_Senkki_Jaloilla.jpg?fit=960%2C960&ssl=1&resize=700%2C400 2x"},"classes":[]},{"id":26799,"url":"https:\/\/pohjanmaantehtaanmyymala.fi\/en\/tuote\/gustav-senkki-lasiovilla\/","url_meta":{"origin":13244,"position":1},"title":"GUSTAV senkki lasiovilla","author":"Sami Viitala","date":"April 13, 2024","format":false,"excerpt":"Laadukas ja tilava s\u00e4ilytysratkaisu.","rel":"","context":"Similar post","block_context":{"text":"Similar post","link":""},"img":{"alt_text":"Gustav senkki liukulasiovilla ja jaloilla, v\u00e4ri valkoinen","src":"https:\/\/i0.wp.com\/pohjanmaantehtaanmyymala.fi\/wp-content\/uploads\/2024\/04\/Gustav-senkki-jaloilla_lasiovet.jpg?fit=960%2C960&ssl=1&resize=350%2C200","width":350,"height":200,"srcset":"https:\/\/i0.wp.com\/pohjanmaantehtaanmyymala.fi\/wp-content\/uploads\/2024\/04\/Gustav-senkki-jaloilla_lasiovet.jpg?fit=960%2C960&ssl=1&resize=350%2C200 1x, https:\/\/i0.wp.com\/pohjanmaantehtaanmyymala.fi\/wp-content\/uploads\/2024\/04\/Gustav-senkki-jaloilla_lasiovet.jpg?fit=960%2C960&ssl=1&resize=525%2C300 1.5x, https:\/\/i0.wp.com\/pohjanmaantehtaanmyymala.fi\/wp-content\/uploads\/2024\/04\/Gustav-senkki-jaloilla_lasiovet.jpg?fit=960%2C960&ssl=1&resize=700%2C400 2x"},"classes":[]},{"id":13250,"url":"https:\/\/pohjanmaantehtaanmyymala.fi\/en\/tuote\/gustav-vitriini-valkoinen\/","url_meta":{"origin":13244,"position":2},"title":"GUSTAV liukuovivitriini valkoinen","author":"Sami Viitala","date":"September 20, 2020","format":false,"excerpt":"Kauniin maalaisromanttimem lasivitriini jaloilla.","rel":"","context":"Similar post","block_context":{"text":"Similar post","link":""},"img":{"alt_text":"Gustav vitriini valkoinen","src":"https:\/\/i0.wp.com\/pohjanmaantehtaanmyymala.fi\/wp-content\/uploads\/2020\/09\/Gustav_t13-1893_Vitriini_Jaloilla.jpg?fit=960%2C960&ssl=1&resize=350%2C200","width":350,"height":200,"srcset":"https:\/\/i0.wp.com\/pohjanmaantehtaanmyymala.fi\/wp-content\/uploads\/2020\/09\/Gustav_t13-1893_Vitriini_Jaloilla.jpg?fit=960%2C960&ssl=1&resize=350%2C200 1x, https:\/\/i0.wp.com\/pohjanmaantehtaanmyymala.fi\/wp-content\/uploads\/2020\/09\/Gustav_t13-1893_Vitriini_Jaloilla.jpg?fit=960%2C960&ssl=1&resize=525%2C300 1.5x, https:\/\/i0.wp.com\/pohjanmaantehtaanmyymala.fi\/wp-content\/uploads\/2020\/09\/Gustav_t13-1893_Vitriini_Jaloilla.jpg?fit=960%2C960&ssl=1&resize=700%2C400 2x"},"classes":[]},{"id":19741,"url":"https:\/\/pohjanmaantehtaanmyymala.fi\/en\/tuote\/gustav-kirjakaappi-120-cm\/","url_meta":{"origin":13244,"position":3},"title":"GUSTAV Kirjakaappi 120 cm","author":"Sami Viitala","date":"February 11, 2022","format":false,"excerpt":"Kotimaiset Gustav kirjakaappi on tyylik\u00e4s s\u00e4ilytysratkaisu. Jos haluat n\u00e4ytt\u00e4v\u00e4mm\u00e4n kokonaisuuden, kirjakaappeja voi laittaa kaksi kaappia p\u00e4\u00e4llekk\u00e4in, jolloin toinen niist\u00e4 k\u00e4\u00e4nnet\u00e4\u00e4n yl\u00f6salaisin, silloin alasokkelista tulee hieno kruunu kirjakaapin p\u00e4\u00e4lle. Kaapin viereen voi asettaa toisen ja niiden p\u00e4\u00e4lle viel\u00e4 toiset kaapit, jolloin saa ison s\u00e4iilytyskokonaisuuden aikaiseksi. Voit yhditestell\u00e4 ja tehd\u00e4 n\u00e4ytt\u00e4vi\u00e4 kokoonpanoja\u2026","rel":"","context":"Similar post","block_context":{"text":"Similar post","link":""},"img":{"alt_text":"Gustav kirjakaappi umpiovilla valkoinen","src":"https:\/\/i0.wp.com\/pohjanmaantehtaanmyymala.fi\/wp-content\/uploads\/2022\/02\/Gustav_y07-0365_Kirjakaappi120.jpg?fit=960%2C960&ssl=1&resize=350%2C200","width":350,"height":200,"srcset":"https:\/\/i0.wp.com\/pohjanmaantehtaanmyymala.fi\/wp-content\/uploads\/2022\/02\/Gustav_y07-0365_Kirjakaappi120.jpg?fit=960%2C960&ssl=1&resize=350%2C200 1x, https:\/\/i0.wp.com\/pohjanmaantehtaanmyymala.fi\/wp-content\/uploads\/2022\/02\/Gustav_y07-0365_Kirjakaappi120.jpg?fit=960%2C960&ssl=1&resize=525%2C300 1.5x, https:\/\/i0.wp.com\/pohjanmaantehtaanmyymala.fi\/wp-content\/uploads\/2022\/02\/Gustav_y07-0365_Kirjakaappi120.jpg?fit=960%2C960&ssl=1&resize=700%2C400 2x"},"classes":[]},{"id":10588,"url":"https:\/\/pohjanmaantehtaanmyymala.fi\/en\/tuote\/anton-tv-taso-2-ovea-2-laatikkoa-200cm-a6-1\/","url_meta":{"origin":13244,"position":4},"title":"ANTON A6.1 TV-taso umpiovilla 200cm","author":"petri","date":"September 14, 2019","format":false,"excerpt":"Kauniin valkoinen Anton-taso kahdella laatikolla ja umpiovella. Suureen 200 cm leve\u00e4\u00e4n Anton TV-tasoon mahtuu kaikki kodin viihdelaitteet helposti, tason taustassa valmiit rei\u00e4t johtoja varten. Tason ovissa ja laatikoissa push-to-open -mekanismilla toimivat ovet, jolloin vetimi\u00e4 ei ole lainkaan. Tv-tason kaappien sis\u00e4ll\u00e4 on yksi v\u00e4lihylly. Anton- sarjaan voit valita kannenv\u00e4rin kolmesta eri\u2026","rel":"","context":"Similar post","block_context":{"text":"Similar post","link":""},"img":{"alt_text":"Hiipakka Anton tv-taso 200 cm valkoinen","src":"https:\/\/i0.wp.com\/pohjanmaantehtaanmyymala.fi\/wp-content\/uploads\/2019\/09\/Anton-A6.1-TV-taso-1.jpg?fit=1200%2C1200&ssl=1&resize=350%2C200","width":350,"height":200,"srcset":"https:\/\/i0.wp.com\/pohjanmaantehtaanmyymala.fi\/wp-content\/uploads\/2019\/09\/Anton-A6.1-TV-taso-1.jpg?fit=1200%2C1200&ssl=1&resize=350%2C200 1x, https:\/\/i0.wp.com\/pohjanmaantehtaanmyymala.fi\/wp-content\/uploads\/2019\/09\/Anton-A6.1-TV-taso-1.jpg?fit=1200%2C1200&ssl=1&resize=525%2C300 1.5x, https:\/\/i0.wp.com\/pohjanmaantehtaanmyymala.fi\/wp-content\/uploads\/2019\/09\/Anton-A6.1-TV-taso-1.jpg?fit=1200%2C1200&ssl=1&resize=700%2C400 2x, https:\/\/i0.wp.com\/pohjanmaantehtaanmyymala.fi\/wp-content\/uploads\/2019\/09\/Anton-A6.1-TV-taso-1.jpg?fit=1200%2C1200&ssl=1&resize=1050%2C600 3x"},"classes":[]},{"id":19749,"url":"https:\/\/pohjanmaantehtaanmyymala.fi\/en\/tuote\/gustav-kirjakaappi-60-cm\/","url_meta":{"origin":13244,"position":5},"title":"GUSTAV kirjakaappi 60 cm","author":"Sami Viitala","date":"February 11, 2022","format":false,"excerpt":"Kotimainen Gustav kirjakaappi on oiva s\u00e4ilytysratkaisu, johon mahtuu paljon tavaraa katseilta piiloon. Kirjakaappia on saatavana sek\u00e4 oikea- et\u00e4\u00e4 vasenk\u00e4tisell\u00e4 ovella. Jos haluat n\u00e4ytt\u00e4v\u00e4mm\u00e4n kokonaisuuden, kirjakaappeja voi laittaa kaksi kaappia p\u00e4\u00e4llekk\u00e4in, jolloin toinen niist\u00e4 k\u00e4\u00e4nnet\u00e4\u00e4n yl\u00f6salaisin, silloin alasokkelista tulee hieno kruunu kirjakaapin p\u00e4\u00e4lle. Kaapin viereen voi my\u00f6s asettaa toisen kaapin ja\u2026","rel":"","context":"Similar post","block_context":{"text":"Similar post","link":""},"img":{"alt_text":"Gustva kirjakaappi valkoinen umpiovella 60 cm leve\u00e4","src":"https:\/\/i0.wp.com\/pohjanmaantehtaanmyymala.fi\/wp-content\/uploads\/2022\/02\/Kirjakaappi-60-vasenkatinen-umpiovet.jpg?fit=960%2C960&ssl=1&resize=350%2C200","width":350,"height":200,"srcset":"https:\/\/i0.wp.com\/pohjanmaantehtaanmyymala.fi\/wp-content\/uploads\/2022\/02\/Kirjakaappi-60-vasenkatinen-umpiovet.jpg?fit=960%2C960&ssl=1&resize=350%2C200 1x, https:\/\/i0.wp.com\/pohjanmaantehtaanmyymala.fi\/wp-content\/uploads\/2022\/02\/Kirjakaappi-60-vasenkatinen-umpiovet.jpg?fit=960%2C960&ssl=1&resize=525%2C300 1.5x, https:\/\/i0.wp.com\/pohjanmaantehtaanmyymala.fi\/wp-content\/uploads\/2022\/02\/Kirjakaappi-60-vasenkatinen-umpiovet.jpg?fit=960%2C960&ssl=1&resize=700%2C400 2x"},"classes":[]}],"_links":{"self":[{"href":"https:\/\/pohjanmaantehtaanmyymala.fi\/en\/wp-json\/wp\/v2\/product\/13244","targetHints":{"allow":["GET"]}}],"collection":[{"href":"https:\/\/pohjanmaantehtaanmyymala.fi\/en\/wp-json\/wp\/v2\/product"}],"about":[{"href":"https:\/\/pohjanmaantehtaanmyymala.fi\/en\/wp-json\/wp\/v2\/types\/product"}],"replies":[{"embeddable":true,"href":"https:\/\/pohjanmaantehtaanmyymala.fi\/en\/wp-json\/wp\/v2\/comments?post=13244"}],"wp:featuredmedia":[{"embeddable":true,"href":"https:\/\/pohjanmaantehtaanmyymala.fi\/en\/wp-json\/wp\/v2\/media\/13245"}],"wp:attachment":[{"href":"https:\/\/pohjanmaantehtaanmyymala.fi\/en\/wp-json\/wp\/v2\/media?parent=13244"}],"wp:term":[{"taxonomy":"product_brand","embeddable":true,"href":"https:\/\/pohjanmaantehtaanmyymala.fi\/en\/wp-json\/wp\/v2\/product_brand?post=13244"},{"taxonomy":"product_cat","embeddable":true,"href":"https:\/\/pohjanmaantehtaanmyymala.fi\/en\/wp-json\/wp\/v2\/product_cat?post=13244"},{"taxonomy":"product_tag","embeddable":true,"href":"https:\/\/pohjanmaantehtaanmyymala.fi\/en\/wp-json\/wp\/v2\/product_tag?post=13244"}],"curies":[{"name":"wp","href":"https:\/\/api.w.org\/{rel}","templated":true}]}}