{"id":13220,"date":"2020-09-19T13:32:16","date_gmt":"2020-09-19T11:32:16","guid":{"rendered":"https:\/\/pohjanmaantehtaanmyymala.fi\/?post_type=product&#038;p=13220"},"modified":"2023-03-23T16:33:47","modified_gmt":"2023-03-23T14:33:47","slug":"jazz-avokulmasohva-tarjouskangas","status":"publish","type":"product","link":"https:\/\/pohjanmaantehtaanmyymala.fi\/en\/tuote\/jazz-avokulmasohva-tarjouskangas\/","title":{"rendered":"Jazz avokulmasohva harmaa tarjous"},"content":{"rendered":"<div class=\"std descr2 descr2-after-descr1\">Niemi Sofan valmistama kevyt Jazz-kulmasohva. Ryhdikk\u00e4\u00e4n istuttavuuden ja sohvaan ilmavuutta antavat sirot korkeat jalat tekev\u00e4t\u00a0 kulmasohvasta upean n\u00e4k\u00f6isen kokonaisuuden.<br \/>\nVarastossa olevat ovat verhoiltu Suma harmaalla kankaalla. Kulmasohvan saa sek\u00e4 oikea- ett\u00e4 vasenk\u00e4tisen\u00e4. Jazz avokulmaa on saatavana useilla eri kangasvaihtoehdoilla.<\/div>\n<div><\/div>\n<div><a href=\"https:\/\/pohjanmaantehtaanmyymala.fi\/yhteys\/\">Kysy lis\u00e4tietoja myynnist\u00e4mme!<\/a><\/div>\n<p>Mitat: leveys 242 x 205 cm, syvyys 91 cm ja korkeus 82 cm.<\/p>\n<p>Tuote toimitetaan kahdessa osassa.<\/p>\n","protected":false},"excerpt":{"rendered":"<p>Niemi Sofan valmistama kevyt avokulmasohva<\/p>\n","protected":false},"featured_media":13230,"comment_status":"closed","ping_status":"closed","template":"","meta":{"_acf_changed":false,"jetpack_post_was_ever_published":false,"jetpack_publicize_message":"","jetpack_publicize_feature_enabled":true,"jetpack_social_post_already_shared":true,"jetpack_social_options":{"image_generator_settings":{"template":"highway","default_image_id":0,"font":"","enabled":false},"version":2}},"product_brand":[177],"product_cat":[201],"product_tag":[],"class_list":{"0":"post-13220","1":"product","2":"type-product","3":"status-publish","4":"has-post-thumbnail","6":"product_brand-byniemi","7":"product_cat-sohvat","8":"product_shipping_class-161","10":"first","11":"instock","12":"sale","13":"shipping-taxable","14":"purchasable","15":"product-type-simple"},"acf":[],"jetpack_publicize_connections":[],"jetpack_sharing_enabled":true,"jetpack-related-posts":[{"id":21788,"url":"https:\/\/pohjanmaantehtaanmyymala.fi\/en\/tuote\/colorado-avokulmasohva-konjakki\/","url_meta":{"origin":13220,"position":0},"title":"Jazz avokulmasohva Colorado konjakki","author":"Sami Viitala","date":"November 24, 2022","format":false,"excerpt":"Niemi Sofan valmistama kevyt avokulmasohva","rel":"","context":"Similar post","block_context":{"text":"Similar post","link":""},"img":{"alt_text":"Colorado\/Jazz avokulmasohva avo edest\u00e4 p\u00e4in oikealla, v\u00e4ri konjakki","src":"https:\/\/i0.wp.com\/pohjanmaantehtaanmyymala.fi\/wp-content\/uploads\/2022\/11\/Copenhagen_avokulmasohva_konjakinruskea.jpg?fit=960%2C960&ssl=1&resize=350%2C200","width":350,"height":200,"srcset":"https:\/\/i0.wp.com\/pohjanmaantehtaanmyymala.fi\/wp-content\/uploads\/2022\/11\/Copenhagen_avokulmasohva_konjakinruskea.jpg?fit=960%2C960&ssl=1&resize=350%2C200 1x, https:\/\/i0.wp.com\/pohjanmaantehtaanmyymala.fi\/wp-content\/uploads\/2022\/11\/Copenhagen_avokulmasohva_konjakinruskea.jpg?fit=960%2C960&ssl=1&resize=525%2C300 1.5x, https:\/\/i0.wp.com\/pohjanmaantehtaanmyymala.fi\/wp-content\/uploads\/2022\/11\/Copenhagen_avokulmasohva_konjakinruskea.jpg?fit=960%2C960&ssl=1&resize=700%2C400 2x"},"classes":[]},{"id":22834,"url":"https:\/\/pohjanmaantehtaanmyymala.fi\/en\/tuote\/marta-avokulmasohva-connect-kankaalla\/","url_meta":{"origin":13220,"position":1},"title":"Marta avokulmasohva Storm-kankaalla","author":"Sami Viitala","date":"April 12, 2023","format":false,"excerpt":"Persoonallien kulmasohva! Valitse k\u00e4tisyys.","rel":"","context":"Similar post","block_context":{"text":"Similar post","link":""},"img":{"alt_text":"Marta avokulmasohva harmaalla kankaalla avo-osa oikealla edest\u00e4 p\u00e4in katsottuna","src":"https:\/\/i0.wp.com\/pohjanmaantehtaanmyymala.fi\/wp-content\/uploads\/2023\/04\/Marta_avokulmasohva_vasen.jpg?fit=960%2C960&ssl=1&resize=350%2C200","width":350,"height":200,"srcset":"https:\/\/i0.wp.com\/pohjanmaantehtaanmyymala.fi\/wp-content\/uploads\/2023\/04\/Marta_avokulmasohva_vasen.jpg?fit=960%2C960&ssl=1&resize=350%2C200 1x, https:\/\/i0.wp.com\/pohjanmaantehtaanmyymala.fi\/wp-content\/uploads\/2023\/04\/Marta_avokulmasohva_vasen.jpg?fit=960%2C960&ssl=1&resize=525%2C300 1.5x, https:\/\/i0.wp.com\/pohjanmaantehtaanmyymala.fi\/wp-content\/uploads\/2023\/04\/Marta_avokulmasohva_vasen.jpg?fit=960%2C960&ssl=1&resize=700%2C400 2x"},"classes":[]},{"id":22939,"url":"https:\/\/pohjanmaantehtaanmyymala.fi\/en\/tuote\/jazz-recliner-nojatuoli\/","url_meta":{"origin":13220,"position":2},"title":"Jazz recliner nojatuoli","author":"Sami Viitala","date":"May 11, 2023","format":false,"excerpt":"Siron mallinen Jazz recliner tuoli py\u00f6riv\u00e4ll\u00e4 ja keinuvalla mekanismilla sopii mainiosti tv:n katseluun. Tuolissa on k\u00e4tev\u00e4 mekanismi, kahvasta k\u00e4\u00e4nt\u00e4m\u00e4ll\u00e4 avautuu jalkarahi ja silloin saa my\u00f6s selk\u00e4nojaa kallistettua taakse p\u00e4in. Tuoli on verhoiltu Suma-kankaalla. Puurungolle valmistajan takuu 20-vuotta mekanismille 2-vuotta. Istuin t\u00e4ytteen\u00e4 vaahtomuovi selk\u00e4osassa ja k\u00e4sinojissa vaahtomuovi\/vanu. T\u00e4m\u00e4 tuotteen voi tilata\u2026","rel":"","context":"Similar post","block_context":{"text":"Similar post","link":""},"img":{"alt_text":"Jazz recliner nojatuoli harmaa Suma-kangas","src":"https:\/\/i0.wp.com\/pohjanmaantehtaanmyymala.fi\/wp-content\/uploads\/2023\/05\/Jazz-recliner-Suma-17-etusivu.jpg?fit=960%2C960&ssl=1&resize=350%2C200","width":350,"height":200,"srcset":"https:\/\/i0.wp.com\/pohjanmaantehtaanmyymala.fi\/wp-content\/uploads\/2023\/05\/Jazz-recliner-Suma-17-etusivu.jpg?fit=960%2C960&ssl=1&resize=350%2C200 1x, https:\/\/i0.wp.com\/pohjanmaantehtaanmyymala.fi\/wp-content\/uploads\/2023\/05\/Jazz-recliner-Suma-17-etusivu.jpg?fit=960%2C960&ssl=1&resize=525%2C300 1.5x, https:\/\/i0.wp.com\/pohjanmaantehtaanmyymala.fi\/wp-content\/uploads\/2023\/05\/Jazz-recliner-Suma-17-etusivu.jpg?fit=960%2C960&ssl=1&resize=700%2C400 2x"},"classes":[]},{"id":16483,"url":"https:\/\/pohjanmaantehtaanmyymala.fi\/en\/tuote\/outfit-polyrottinki-kulmasohva-ja-poyta-musta-harmaa\/","url_meta":{"origin":13220,"position":3},"title":"OUTFIT &#8211; polyrottinki-kulmasohva ja p\u00f6yt\u00e4, musta\/harmaa","author":"Sami Viitala","date":"February 12, 2021","format":false,"excerpt":"Tilava kulmasohva-ryhm\u00e4, jossa k\u00e4tisyys on vaihdettavissa.","rel":"","context":"Similar post","block_context":{"text":"Similar post","link":""},"img":{"alt_text":"Outfit kulmasohva p\u00f6yd\u00e4ll\u00e4 polyrottinki musta","src":"https:\/\/i0.wp.com\/pohjanmaantehtaanmyymala.fi\/wp-content\/uploads\/2021\/02\/49201_f1_300.jpg?fit=1200%2C1200&ssl=1&resize=350%2C200","width":350,"height":200,"srcset":"https:\/\/i0.wp.com\/pohjanmaantehtaanmyymala.fi\/wp-content\/uploads\/2021\/02\/49201_f1_300.jpg?fit=1200%2C1200&ssl=1&resize=350%2C200 1x, https:\/\/i0.wp.com\/pohjanmaantehtaanmyymala.fi\/wp-content\/uploads\/2021\/02\/49201_f1_300.jpg?fit=1200%2C1200&ssl=1&resize=525%2C300 1.5x, https:\/\/i0.wp.com\/pohjanmaantehtaanmyymala.fi\/wp-content\/uploads\/2021\/02\/49201_f1_300.jpg?fit=1200%2C1200&ssl=1&resize=700%2C400 2x, https:\/\/i0.wp.com\/pohjanmaantehtaanmyymala.fi\/wp-content\/uploads\/2021\/02\/49201_f1_300.jpg?fit=1200%2C1200&ssl=1&resize=1050%2C600 3x"},"classes":[]},{"id":23944,"url":"https:\/\/pohjanmaantehtaanmyymala.fi\/en\/tuote\/marta-avokulmasohva-retrobliss-kankaalla\/","url_meta":{"origin":13220,"position":4},"title":"Marta avokulmasohva RetroBliss-kankaalla","author":"Sami Viitala","date":"November 6, 2023","format":false,"excerpt":"Persoonallien kulmasohva! Valitse k\u00e4tisyys.","rel":"","context":"Similar post","block_context":{"text":"Similar post","link":""},"img":{"alt_text":"Marta avokulma oikeak\u00e4tinen, harmaa Retro Bliss kangas","src":"https:\/\/i0.wp.com\/pohjanmaantehtaanmyymala.fi\/wp-content\/uploads\/2023\/11\/Marta-avokulma-kangas.jpg?fit=960%2C960&ssl=1&resize=350%2C200","width":350,"height":200,"srcset":"https:\/\/i0.wp.com\/pohjanmaantehtaanmyymala.fi\/wp-content\/uploads\/2023\/11\/Marta-avokulma-kangas.jpg?fit=960%2C960&ssl=1&resize=350%2C200 1x, https:\/\/i0.wp.com\/pohjanmaantehtaanmyymala.fi\/wp-content\/uploads\/2023\/11\/Marta-avokulma-kangas.jpg?fit=960%2C960&ssl=1&resize=525%2C300 1.5x, https:\/\/i0.wp.com\/pohjanmaantehtaanmyymala.fi\/wp-content\/uploads\/2023\/11\/Marta-avokulma-kangas.jpg?fit=960%2C960&ssl=1&resize=700%2C400 2x"},"classes":[]},{"id":25279,"url":"https:\/\/pohjanmaantehtaanmyymala.fi\/en\/tuote\/eleanor-kulmasohva\/","url_meta":{"origin":13220,"position":5},"title":"Eleanor avokulmasohva alk.","author":"Miro Nevala","date":"February 14, 2024","format":false,"excerpt":"Hurmaava ja retrohenkinen kulmasohva kattavalla v\u00e4rivalikoimalla!","rel":"","context":"Similar post","block_context":{"text":"Similar post","link":""},"img":{"alt_text":"Eleanor kulmasohva kuvattu edest\u00e4","src":"https:\/\/i0.wp.com\/pohjanmaantehtaanmyymala.fi\/wp-content\/uploads\/2024\/02\/Eleanor-kulmasohva-960dpi.jpg?fit=960%2C960&ssl=1&resize=350%2C200","width":350,"height":200,"srcset":"https:\/\/i0.wp.com\/pohjanmaantehtaanmyymala.fi\/wp-content\/uploads\/2024\/02\/Eleanor-kulmasohva-960dpi.jpg?fit=960%2C960&ssl=1&resize=350%2C200 1x, https:\/\/i0.wp.com\/pohjanmaantehtaanmyymala.fi\/wp-content\/uploads\/2024\/02\/Eleanor-kulmasohva-960dpi.jpg?fit=960%2C960&ssl=1&resize=525%2C300 1.5x, https:\/\/i0.wp.com\/pohjanmaantehtaanmyymala.fi\/wp-content\/uploads\/2024\/02\/Eleanor-kulmasohva-960dpi.jpg?fit=960%2C960&ssl=1&resize=700%2C400 2x"},"classes":[]}],"_links":{"self":[{"href":"https:\/\/pohjanmaantehtaanmyymala.fi\/en\/wp-json\/wp\/v2\/product\/13220","targetHints":{"allow":["GET"]}}],"collection":[{"href":"https:\/\/pohjanmaantehtaanmyymala.fi\/en\/wp-json\/wp\/v2\/product"}],"about":[{"href":"https:\/\/pohjanmaantehtaanmyymala.fi\/en\/wp-json\/wp\/v2\/types\/product"}],"replies":[{"embeddable":true,"href":"https:\/\/pohjanmaantehtaanmyymala.fi\/en\/wp-json\/wp\/v2\/comments?post=13220"}],"wp:featuredmedia":[{"embeddable":true,"href":"https:\/\/pohjanmaantehtaanmyymala.fi\/en\/wp-json\/wp\/v2\/media\/13230"}],"wp:attachment":[{"href":"https:\/\/pohjanmaantehtaanmyymala.fi\/en\/wp-json\/wp\/v2\/media?parent=13220"}],"wp:term":[{"taxonomy":"product_brand","embeddable":true,"href":"https:\/\/pohjanmaantehtaanmyymala.fi\/en\/wp-json\/wp\/v2\/product_brand?post=13220"},{"taxonomy":"product_cat","embeddable":true,"href":"https:\/\/pohjanmaantehtaanmyymala.fi\/en\/wp-json\/wp\/v2\/product_cat?post=13220"},{"taxonomy":"product_tag","embeddable":true,"href":"https:\/\/pohjanmaantehtaanmyymala.fi\/en\/wp-json\/wp\/v2\/product_tag?post=13220"}],"curies":[{"name":"wp","href":"https:\/\/api.w.org\/{rel}","templated":true}]}}