{"id":13056,"date":"2020-09-17T08:13:10","date_gmt":"2020-09-17T06:13:10","guid":{"rendered":"https:\/\/www.pohjanmaantehtaanmyymala.fi\/?post_type=product&#038;p=13056"},"modified":"2024-10-28T16:03:03","modified_gmt":"2024-10-28T14:03:03","slug":"house-nordic-vojens-ruokapoyta-120-cm","status":"publish","type":"product","link":"https:\/\/pohjanmaantehtaanmyymala.fi\/en\/tuote\/house-nordic-vojens-ruokapoyta-120-cm\/","title":{"rendered":"House Nordic Vojens -ruokap\u00f6yt\u00e4 120 cm"},"content":{"rendered":"<p>Vojens -ruokap\u00f6yt\u00e4 on kaunis ja edullinen valinta pienen asunnon p\u00f6yd\u00e4ksi. P\u00f6yd\u00e4ss\u00e4 on tyylikk\u00e4\u00e4t mustat jalat ja valkoinen kansi. Vojens -p\u00f6yd\u00e4st\u00e4 on saatavana my\u00f6s py\u00f6re\u00e4nmallinen p\u00f6yt\u00e4, jonka halkaisia on 105 cm. Vojens p\u00f6yd\u00e4n tuoliksi sopii mainiosti esimerkiksi House Nordic:n musta <a href=\"https:\/\/www.pohjanmaantehtaanmyymala.fi\/tuote\/stockholm-tuoli\/\">Stockholm<\/a>-tuoli.<\/p>\n<h3>Tuotetiedot:<\/h3>\n<p>Leveys 70 cm, Pituus 120 cm, Korkeus 75 cm<\/p>\n<p>Kansi: valkoiseksi maalattu MDF-levy<br \/>\nJalka: lakattu puu.<\/p>\n<p>Tuote toimitetaan jalat irrallaan pahvipakkauksessa.<\/p>\n","protected":false},"excerpt":{"rendered":"<p>Pieni ja tyylik\u00e4s ruokap\u00f6yt\u00e4 vaikka opiskelija-asuntoon.<\/p>\n","protected":false},"featured_media":27436,"comment_status":"closed","ping_status":"closed","template":"","meta":{"_acf_changed":false,"jetpack_post_was_ever_published":false,"jetpack_publicize_message":"","jetpack_publicize_feature_enabled":true,"jetpack_social_post_already_shared":true,"jetpack_social_options":{"image_generator_settings":{"template":"highway","default_image_id":0,"font":"","enabled":false},"version":2}},"product_brand":[220],"product_cat":[194],"product_tag":[],"class_list":{"0":"post-13056","1":"product","2":"type-product","3":"status-publish","4":"has-post-thumbnail","6":"product_brand-house-nordic","7":"product_cat-ruokapoydat-ja-tuolit","9":"first","10":"instock","11":"sale","12":"shipping-taxable","13":"purchasable","14":"product-type-simple"},"acf":[],"jetpack_publicize_connections":[],"jetpack_sharing_enabled":true,"jetpack-related-posts":[{"id":13037,"url":"https:\/\/pohjanmaantehtaanmyymala.fi\/en\/tuote\/house-nordic-toulon-ruokapoyta-140-cm-tammi\/","url_meta":{"origin":13056,"position":0},"title":"House Nordic Toulon -ruokap\u00f6yt\u00e4 140 cm tammi","author":"Sami Viitala","date":"September 17, 2020","format":false,"excerpt":"Tyylik\u00e4s lankkup\u00f6yt\u00e4 pienempiin tiloihin.","rel":"","context":"Similar post","block_context":{"text":"Similar post","link":""},"img":{"alt_text":"Toulon ruokap\u00f6yt\u00e4 tammi 140 cm","src":"https:\/\/i0.wp.com\/pohjanmaantehtaanmyymala.fi\/wp-content\/uploads\/2020\/09\/Toulon-poyta-140.jpg?fit=1200%2C1200&ssl=1&resize=350%2C200","width":350,"height":200,"srcset":"https:\/\/i0.wp.com\/pohjanmaantehtaanmyymala.fi\/wp-content\/uploads\/2020\/09\/Toulon-poyta-140.jpg?fit=1200%2C1200&ssl=1&resize=350%2C200 1x, https:\/\/i0.wp.com\/pohjanmaantehtaanmyymala.fi\/wp-content\/uploads\/2020\/09\/Toulon-poyta-140.jpg?fit=1200%2C1200&ssl=1&resize=525%2C300 1.5x, https:\/\/i0.wp.com\/pohjanmaantehtaanmyymala.fi\/wp-content\/uploads\/2020\/09\/Toulon-poyta-140.jpg?fit=1200%2C1200&ssl=1&resize=700%2C400 2x, https:\/\/i0.wp.com\/pohjanmaantehtaanmyymala.fi\/wp-content\/uploads\/2020\/09\/Toulon-poyta-140.jpg?fit=1200%2C1200&ssl=1&resize=1050%2C600 3x"},"classes":[]},{"id":20461,"url":"https:\/\/pohjanmaantehtaanmyymala.fi\/en\/tuote\/asolo-kulmasohva-ja-poyta-polyrottinki-harmaa-mustat-pehmusteet\/","url_meta":{"origin":13056,"position":1},"title":"Asolo kulmasohva ja p\u00f6yt\u00e4, polyrottinki harmaa\/mustat pehmusteet","author":"Sami Viitala","date":"March 29, 2022","format":false,"excerpt":"Upea terassikulmasohvaryhm\u00e4","rel":"","context":"Similar post","block_context":{"text":"Similar post","link":""},"img":{"alt_text":"House Nordin Asolo polyrottinkikulmaryhm\u00e4 p\u00f6yd\u00e4ll\u00e4 harmaa\/musta","src":"https:\/\/i0.wp.com\/pohjanmaantehtaanmyymala.fi\/wp-content\/uploads\/2022\/03\/Asolo-kulmasohva-7701025.jpg?fit=960%2C960&ssl=1&resize=350%2C200","width":350,"height":200,"srcset":"https:\/\/i0.wp.com\/pohjanmaantehtaanmyymala.fi\/wp-content\/uploads\/2022\/03\/Asolo-kulmasohva-7701025.jpg?fit=960%2C960&ssl=1&resize=350%2C200 1x, https:\/\/i0.wp.com\/pohjanmaantehtaanmyymala.fi\/wp-content\/uploads\/2022\/03\/Asolo-kulmasohva-7701025.jpg?fit=960%2C960&ssl=1&resize=525%2C300 1.5x, https:\/\/i0.wp.com\/pohjanmaantehtaanmyymala.fi\/wp-content\/uploads\/2022\/03\/Asolo-kulmasohva-7701025.jpg?fit=960%2C960&ssl=1&resize=700%2C400 2x"},"classes":[]},{"id":25116,"url":"https:\/\/pohjanmaantehtaanmyymala.fi\/en\/tuote\/wild-lankku-ruokapoyta-280x95cm\/","url_meta":{"origin":13056,"position":2},"title":"Wild lankku Ruokap\u00f6yt\u00e4 280x95cm","author":"Miro Nevala","date":"February 13, 2024","format":false,"excerpt":"Vaikuttava ja yksil\u00f6llinen luonnontuotteena valmistettu ruokap\u00f6yt\u00e4!","rel":"","context":"Similar post","block_context":{"text":"Similar post","link":""},"img":{"alt_text":"Pohjanmaan Wild tammilankkup\u00f6yt\u00e4 240x95cm mustilla metallijaloilla","src":"https:\/\/i0.wp.com\/pohjanmaantehtaanmyymala.fi\/wp-content\/uploads\/2024\/02\/Pohjanmaan-Wild-tammilankkupo%CC%88yta%CC%88-240cm-960dpi.jpg?fit=960%2C960&ssl=1&resize=350%2C200","width":350,"height":200,"srcset":"https:\/\/i0.wp.com\/pohjanmaantehtaanmyymala.fi\/wp-content\/uploads\/2024\/02\/Pohjanmaan-Wild-tammilankkupo%CC%88yta%CC%88-240cm-960dpi.jpg?fit=960%2C960&ssl=1&resize=350%2C200 1x, https:\/\/i0.wp.com\/pohjanmaantehtaanmyymala.fi\/wp-content\/uploads\/2024\/02\/Pohjanmaan-Wild-tammilankkupo%CC%88yta%CC%88-240cm-960dpi.jpg?fit=960%2C960&ssl=1&resize=525%2C300 1.5x, https:\/\/i0.wp.com\/pohjanmaantehtaanmyymala.fi\/wp-content\/uploads\/2024\/02\/Pohjanmaan-Wild-tammilankkupo%CC%88yta%CC%88-240cm-960dpi.jpg?fit=960%2C960&ssl=1&resize=700%2C400 2x"},"classes":[]},{"id":25071,"url":"https:\/\/pohjanmaantehtaanmyymala.fi\/en\/tuote\/wild-lankku-ruokapoyta-180x95cm\/","url_meta":{"origin":13056,"position":3},"title":"Wild lankku Ruokap\u00f6yt\u00e4 180x95cm","author":"Miro Nevala","date":"February 29, 2024","format":false,"excerpt":"Vaikuttava ja yksil\u00f6llinen luonnontuotteena valmistettu ruokap\u00f6yt\u00e4!","rel":"","context":"Similar post","block_context":{"text":"Similar post","link":""},"img":{"alt_text":"Pohjanmaan Wild tammilankkup\u00f6yt\u00e4 mustilla metallijaloilla","src":"https:\/\/i0.wp.com\/pohjanmaantehtaanmyymala.fi\/wp-content\/uploads\/2024\/02\/Pohjanmaan-Wild-tammilankkupo%CC%88yta%CC%88-1-960dpi.jpg?fit=960%2C960&ssl=1&resize=350%2C200","width":350,"height":200,"srcset":"https:\/\/i0.wp.com\/pohjanmaantehtaanmyymala.fi\/wp-content\/uploads\/2024\/02\/Pohjanmaan-Wild-tammilankkupo%CC%88yta%CC%88-1-960dpi.jpg?fit=960%2C960&ssl=1&resize=350%2C200 1x, https:\/\/i0.wp.com\/pohjanmaantehtaanmyymala.fi\/wp-content\/uploads\/2024\/02\/Pohjanmaan-Wild-tammilankkupo%CC%88yta%CC%88-1-960dpi.jpg?fit=960%2C960&ssl=1&resize=525%2C300 1.5x, https:\/\/i0.wp.com\/pohjanmaantehtaanmyymala.fi\/wp-content\/uploads\/2024\/02\/Pohjanmaan-Wild-tammilankkupo%CC%88yta%CC%88-1-960dpi.jpg?fit=960%2C960&ssl=1&resize=700%2C400 2x"},"classes":[]},{"id":25096,"url":"https:\/\/pohjanmaantehtaanmyymala.fi\/en\/tuote\/wild-lankku-ruokapoyta-140x95cm\/","url_meta":{"origin":13056,"position":4},"title":"Wild lankku Ruokap\u00f6yt\u00e4 140x95cm","author":"Miro Nevala","date":"February 13, 2024","format":false,"excerpt":"Vaikuttava ja yksil\u00f6llinen luonnontuotteena valmistettu ruokap\u00f6yt\u00e4!","rel":"","context":"Similar post","block_context":{"text":"Similar post","link":""},"img":{"alt_text":"Pohjanmaan Wild tammilankkup\u00f6yt\u00e4 mustilla metallijaloilla 140x95cm","src":"https:\/\/i0.wp.com\/pohjanmaantehtaanmyymala.fi\/wp-content\/uploads\/2024\/02\/Pohjanmaan-Wild-tammilankkupo%CC%88yta%CC%88-2-960dpi.jpg?fit=960%2C960&ssl=1&resize=350%2C200","width":350,"height":200,"srcset":"https:\/\/i0.wp.com\/pohjanmaantehtaanmyymala.fi\/wp-content\/uploads\/2024\/02\/Pohjanmaan-Wild-tammilankkupo%CC%88yta%CC%88-2-960dpi.jpg?fit=960%2C960&ssl=1&resize=350%2C200 1x, https:\/\/i0.wp.com\/pohjanmaantehtaanmyymala.fi\/wp-content\/uploads\/2024\/02\/Pohjanmaan-Wild-tammilankkupo%CC%88yta%CC%88-2-960dpi.jpg?fit=960%2C960&ssl=1&resize=525%2C300 1.5x, https:\/\/i0.wp.com\/pohjanmaantehtaanmyymala.fi\/wp-content\/uploads\/2024\/02\/Pohjanmaan-Wild-tammilankkupo%CC%88yta%CC%88-2-960dpi.jpg?fit=960%2C960&ssl=1&resize=700%2C400 2x"},"classes":[]},{"id":25103,"url":"https:\/\/pohjanmaantehtaanmyymala.fi\/en\/tuote\/wild-lankku-ruokapoyta-240x95cm\/","url_meta":{"origin":13056,"position":5},"title":"Wild lankku Ruokap\u00f6yt\u00e4 240x95cm","author":"Miro Nevala","date":"February 13, 2024","format":false,"excerpt":"Vaikuttava ja yksil\u00f6llinen luonnontuotteena valmistettu ruokap\u00f6yt\u00e4!","rel":"","context":"Similar post","block_context":{"text":"Similar post","link":""},"img":{"alt_text":"Wild lankkup\u00f6yt\u00e4 kuultovalkoinen kansi valkoinen jalka","src":"https:\/\/i0.wp.com\/pohjanmaantehtaanmyymala.fi\/wp-content\/uploads\/2024\/02\/Wild_Lankku_valkoinen-jalka-240.jpg?fit=960%2C960&ssl=1&resize=350%2C200","width":350,"height":200,"srcset":"https:\/\/i0.wp.com\/pohjanmaantehtaanmyymala.fi\/wp-content\/uploads\/2024\/02\/Wild_Lankku_valkoinen-jalka-240.jpg?fit=960%2C960&ssl=1&resize=350%2C200 1x, https:\/\/i0.wp.com\/pohjanmaantehtaanmyymala.fi\/wp-content\/uploads\/2024\/02\/Wild_Lankku_valkoinen-jalka-240.jpg?fit=960%2C960&ssl=1&resize=525%2C300 1.5x, https:\/\/i0.wp.com\/pohjanmaantehtaanmyymala.fi\/wp-content\/uploads\/2024\/02\/Wild_Lankku_valkoinen-jalka-240.jpg?fit=960%2C960&ssl=1&resize=700%2C400 2x"},"classes":[]}],"_links":{"self":[{"href":"https:\/\/pohjanmaantehtaanmyymala.fi\/en\/wp-json\/wp\/v2\/product\/13056","targetHints":{"allow":["GET"]}}],"collection":[{"href":"https:\/\/pohjanmaantehtaanmyymala.fi\/en\/wp-json\/wp\/v2\/product"}],"about":[{"href":"https:\/\/pohjanmaantehtaanmyymala.fi\/en\/wp-json\/wp\/v2\/types\/product"}],"replies":[{"embeddable":true,"href":"https:\/\/pohjanmaantehtaanmyymala.fi\/en\/wp-json\/wp\/v2\/comments?post=13056"}],"wp:featuredmedia":[{"embeddable":true,"href":"https:\/\/pohjanmaantehtaanmyymala.fi\/en\/wp-json\/wp\/v2\/media\/27436"}],"wp:attachment":[{"href":"https:\/\/pohjanmaantehtaanmyymala.fi\/en\/wp-json\/wp\/v2\/media?parent=13056"}],"wp:term":[{"taxonomy":"product_brand","embeddable":true,"href":"https:\/\/pohjanmaantehtaanmyymala.fi\/en\/wp-json\/wp\/v2\/product_brand?post=13056"},{"taxonomy":"product_cat","embeddable":true,"href":"https:\/\/pohjanmaantehtaanmyymala.fi\/en\/wp-json\/wp\/v2\/product_cat?post=13056"},{"taxonomy":"product_tag","embeddable":true,"href":"https:\/\/pohjanmaantehtaanmyymala.fi\/en\/wp-json\/wp\/v2\/product_tag?post=13056"}],"curies":[{"name":"wp","href":"https:\/\/api.w.org\/{rel}","templated":true}]}}