{"id":13037,"date":"2020-09-17T07:46:12","date_gmt":"2020-09-17T05:46:12","guid":{"rendered":"https:\/\/www.pohjanmaantehtaanmyymala.fi\/?post_type=product&#038;p=13037"},"modified":"2023-03-13T08:24:01","modified_gmt":"2023-03-13T06:24:01","slug":"house-nordic-toulon-ruokapoyta-140-cm-tammi","status":"publish","type":"product","link":"https:\/\/pohjanmaantehtaanmyymala.fi\/en\/tuote\/house-nordic-toulon-ruokapoyta-140-cm-tammi\/","title":{"rendered":"House Nordic Toulon -ruokap\u00f6yt\u00e4 140 cm tammi"},"content":{"rendered":"<p>Toulon -lankkup\u00f6yt\u00e4 on tyylikk\u00e4\u00e4n n\u00e4k\u00f6inen kokonaisuus, jossa yhdistyy jykev\u00e4t tammilankut mahtavan metallijalan kanssa. Kokonsa puolesta t\u00e4m\u00e4 ruokap\u00f6yt\u00e4 sopii mainiosti my\u00f6s pienempiin asuntoihin. Toulon p\u00f6yd\u00e4st\u00e4 on saatavana my\u00f6s isompi 220 cm:n versio. Toulon p\u00f6yd\u00e4n tuoliksi sopii mainiosti esimerkiksi House Nordic:n <a href=\"https:\/\/www.pohjanmaantehtaanmyymala.fi\/tuote\/stockholm-tuoli\/\">Stockholm<\/a>&#8211; tai Middlefart -tuolit.<\/p>\n<p>P\u00f6yd\u00e4n kantta on saatavilla kahta eri versiota; \u00f6ljytty tammi ja petsattu ruskea.<\/p>\n<h3>Tuotetiedot:<\/h3>\n<p>Leveys 95 cm, Pituus 140 cm, Korkeus 75 cm<br \/>\nKannen paksuus 4 cm<\/p>\n<p>Kansi: Tammea, kannen reuna on &#8220;viimeistelem\u00e4t\u00f6n&#8221;<br \/>\nJalka: Ter\u00e4st\u00e4, maalattu mustaksi<\/p>\n<p>Tuote toimitetaan jalat irrallaan pahvipakkauksissa.<\/p>\n","protected":false},"excerpt":{"rendered":"<p>Tyylik\u00e4s lankkup\u00f6yt\u00e4 pienempiin tiloihin.<\/p>\n","protected":false},"featured_media":13039,"comment_status":"closed","ping_status":"closed","template":"","meta":{"_acf_changed":false,"jetpack_post_was_ever_published":false,"jetpack_publicize_message":"","jetpack_publicize_feature_enabled":true,"jetpack_social_post_already_shared":true,"jetpack_social_options":{"image_generator_settings":{"template":"highway","default_image_id":0,"font":"","enabled":false},"version":2}},"product_brand":[220],"product_cat":[194],"product_tag":[],"class_list":{"0":"post-13037","1":"product","2":"type-product","3":"status-publish","4":"has-post-thumbnail","6":"product_brand-house-nordic","7":"product_cat-ruokapoydat-ja-tuolit","8":"pa_vari-oljytty-tammi","9":"pa_vari-ruskea-tammi","11":"first","12":"instock","13":"sale","14":"shipping-taxable","15":"purchasable","16":"product-type-variable"},"acf":[],"jetpack_publicize_connections":[],"jetpack_sharing_enabled":true,"jetpack-related-posts":[{"id":13056,"url":"https:\/\/pohjanmaantehtaanmyymala.fi\/en\/tuote\/house-nordic-vojens-ruokapoyta-120-cm\/","url_meta":{"origin":13037,"position":0},"title":"House Nordic Vojens -ruokap\u00f6yt\u00e4 120 cm","author":"Sami Viitala","date":"September 17, 2020","format":false,"excerpt":"Pieni ja tyylik\u00e4s ruokap\u00f6yt\u00e4 vaikka opiskelija-asuntoon.","rel":"","context":"Similar post","block_context":{"text":"Similar post","link":""},"img":{"alt_text":"Vojens p\u00f6yt\u00e4 80x120 cm puunv\u00e4riset jalat ja valkoinen kansi","src":"https:\/\/i0.wp.com\/pohjanmaantehtaanmyymala.fi\/wp-content\/uploads\/2020\/09\/Vojens_2201030.jpg?fit=960%2C960&ssl=1&resize=350%2C200","width":350,"height":200,"srcset":"https:\/\/i0.wp.com\/pohjanmaantehtaanmyymala.fi\/wp-content\/uploads\/2020\/09\/Vojens_2201030.jpg?fit=960%2C960&ssl=1&resize=350%2C200 1x, https:\/\/i0.wp.com\/pohjanmaantehtaanmyymala.fi\/wp-content\/uploads\/2020\/09\/Vojens_2201030.jpg?fit=960%2C960&ssl=1&resize=525%2C300 1.5x, https:\/\/i0.wp.com\/pohjanmaantehtaanmyymala.fi\/wp-content\/uploads\/2020\/09\/Vojens_2201030.jpg?fit=960%2C960&ssl=1&resize=700%2C400 2x"},"classes":[]},{"id":18606,"url":"https:\/\/pohjanmaantehtaanmyymala.fi\/en\/tuote\/ohio-lankkupoyta-240-cm\/","url_meta":{"origin":13037,"position":1},"title":"Ohio &#8211; lankkup\u00f6yt\u00e4 240&#215;95 cm","author":"Sami Viitala","date":"October 29, 2021","format":false,"excerpt":"N\u00e4ytt\u00e4v\u00e4 ruokap\u00f6yt\u00e4 metallijaloilla.","rel":"","context":"Similar post","block_context":{"text":"Similar post","link":""},"img":{"alt_text":"Ohio-lankkup\u00f6yt\u00e4 valkolakattu tammi mustilla jaloilla","src":"https:\/\/i0.wp.com\/pohjanmaantehtaanmyymala.fi\/wp-content\/uploads\/2021\/10\/Pohjanmaan_Ohio-lankkupoyta-240.jpg?fit=960%2C960&ssl=1&resize=350%2C200","width":350,"height":200,"srcset":"https:\/\/i0.wp.com\/pohjanmaantehtaanmyymala.fi\/wp-content\/uploads\/2021\/10\/Pohjanmaan_Ohio-lankkupoyta-240.jpg?fit=960%2C960&ssl=1&resize=350%2C200 1x, https:\/\/i0.wp.com\/pohjanmaantehtaanmyymala.fi\/wp-content\/uploads\/2021\/10\/Pohjanmaan_Ohio-lankkupoyta-240.jpg?fit=960%2C960&ssl=1&resize=525%2C300 1.5x, https:\/\/i0.wp.com\/pohjanmaantehtaanmyymala.fi\/wp-content\/uploads\/2021\/10\/Pohjanmaan_Ohio-lankkupoyta-240.jpg?fit=960%2C960&ssl=1&resize=700%2C400 2x"},"classes":[]},{"id":25071,"url":"https:\/\/pohjanmaantehtaanmyymala.fi\/en\/tuote\/wild-lankku-ruokapoyta-180x95cm\/","url_meta":{"origin":13037,"position":2},"title":"Wild lankku Ruokap\u00f6yt\u00e4 180x95cm","author":"Miro Nevala","date":"February 29, 2024","format":false,"excerpt":"Vaikuttava ja yksil\u00f6llinen luonnontuotteena valmistettu ruokap\u00f6yt\u00e4!","rel":"","context":"Similar post","block_context":{"text":"Similar post","link":""},"img":{"alt_text":"Pohjanmaan Wild tammilankkup\u00f6yt\u00e4 mustilla metallijaloilla","src":"https:\/\/i0.wp.com\/pohjanmaantehtaanmyymala.fi\/wp-content\/uploads\/2024\/02\/Pohjanmaan-Wild-tammilankkupo%CC%88yta%CC%88-1-960dpi.jpg?fit=960%2C960&ssl=1&resize=350%2C200","width":350,"height":200,"srcset":"https:\/\/i0.wp.com\/pohjanmaantehtaanmyymala.fi\/wp-content\/uploads\/2024\/02\/Pohjanmaan-Wild-tammilankkupo%CC%88yta%CC%88-1-960dpi.jpg?fit=960%2C960&ssl=1&resize=350%2C200 1x, https:\/\/i0.wp.com\/pohjanmaantehtaanmyymala.fi\/wp-content\/uploads\/2024\/02\/Pohjanmaan-Wild-tammilankkupo%CC%88yta%CC%88-1-960dpi.jpg?fit=960%2C960&ssl=1&resize=525%2C300 1.5x, https:\/\/i0.wp.com\/pohjanmaantehtaanmyymala.fi\/wp-content\/uploads\/2024\/02\/Pohjanmaan-Wild-tammilankkupo%CC%88yta%CC%88-1-960dpi.jpg?fit=960%2C960&ssl=1&resize=700%2C400 2x"},"classes":[]},{"id":25096,"url":"https:\/\/pohjanmaantehtaanmyymala.fi\/en\/tuote\/wild-lankku-ruokapoyta-140x95cm\/","url_meta":{"origin":13037,"position":3},"title":"Wild lankku Ruokap\u00f6yt\u00e4 140x95cm","author":"Miro Nevala","date":"February 13, 2024","format":false,"excerpt":"Vaikuttava ja yksil\u00f6llinen luonnontuotteena valmistettu ruokap\u00f6yt\u00e4!","rel":"","context":"Similar post","block_context":{"text":"Similar post","link":""},"img":{"alt_text":"Pohjanmaan Wild tammilankkup\u00f6yt\u00e4 mustilla metallijaloilla 140x95cm","src":"https:\/\/i0.wp.com\/pohjanmaantehtaanmyymala.fi\/wp-content\/uploads\/2024\/02\/Pohjanmaan-Wild-tammilankkupo%CC%88yta%CC%88-2-960dpi.jpg?fit=960%2C960&ssl=1&resize=350%2C200","width":350,"height":200,"srcset":"https:\/\/i0.wp.com\/pohjanmaantehtaanmyymala.fi\/wp-content\/uploads\/2024\/02\/Pohjanmaan-Wild-tammilankkupo%CC%88yta%CC%88-2-960dpi.jpg?fit=960%2C960&ssl=1&resize=350%2C200 1x, https:\/\/i0.wp.com\/pohjanmaantehtaanmyymala.fi\/wp-content\/uploads\/2024\/02\/Pohjanmaan-Wild-tammilankkupo%CC%88yta%CC%88-2-960dpi.jpg?fit=960%2C960&ssl=1&resize=525%2C300 1.5x, https:\/\/i0.wp.com\/pohjanmaantehtaanmyymala.fi\/wp-content\/uploads\/2024\/02\/Pohjanmaan-Wild-tammilankkupo%CC%88yta%CC%88-2-960dpi.jpg?fit=960%2C960&ssl=1&resize=700%2C400 2x"},"classes":[]},{"id":25103,"url":"https:\/\/pohjanmaantehtaanmyymala.fi\/en\/tuote\/wild-lankku-ruokapoyta-240x95cm\/","url_meta":{"origin":13037,"position":4},"title":"Wild lankku Ruokap\u00f6yt\u00e4 240x95cm","author":"Miro Nevala","date":"February 13, 2024","format":false,"excerpt":"Vaikuttava ja yksil\u00f6llinen luonnontuotteena valmistettu ruokap\u00f6yt\u00e4!","rel":"","context":"Similar post","block_context":{"text":"Similar post","link":""},"img":{"alt_text":"Wild lankkup\u00f6yt\u00e4 kuultovalkoinen kansi valkoinen jalka","src":"https:\/\/i0.wp.com\/pohjanmaantehtaanmyymala.fi\/wp-content\/uploads\/2024\/02\/Wild_Lankku_valkoinen-jalka-240.jpg?fit=960%2C960&ssl=1&resize=350%2C200","width":350,"height":200,"srcset":"https:\/\/i0.wp.com\/pohjanmaantehtaanmyymala.fi\/wp-content\/uploads\/2024\/02\/Wild_Lankku_valkoinen-jalka-240.jpg?fit=960%2C960&ssl=1&resize=350%2C200 1x, https:\/\/i0.wp.com\/pohjanmaantehtaanmyymala.fi\/wp-content\/uploads\/2024\/02\/Wild_Lankku_valkoinen-jalka-240.jpg?fit=960%2C960&ssl=1&resize=525%2C300 1.5x, https:\/\/i0.wp.com\/pohjanmaantehtaanmyymala.fi\/wp-content\/uploads\/2024\/02\/Wild_Lankku_valkoinen-jalka-240.jpg?fit=960%2C960&ssl=1&resize=700%2C400 2x"},"classes":[]},{"id":18631,"url":"https:\/\/pohjanmaantehtaanmyymala.fi\/en\/tuote\/ohio-lankkupoyta-180-cm\/","url_meta":{"origin":13037,"position":5},"title":"Ohio &#8211; lankkup\u00f6yt\u00e4 180&#215;95 cm","author":"Sami Viitala","date":"October 30, 2021","format":false,"excerpt":"N\u00e4ytt\u00e4v\u00e4 lankkuruokap\u00f6yt\u00e4 metallijaloilla.","rel":"","context":"Similar post","block_context":{"text":"Similar post","link":""},"img":{"alt_text":"Ohio-lankkup\u00f6yt\u00e4 180 cm smoked-v\u00e4ri","src":"https:\/\/i0.wp.com\/pohjanmaantehtaanmyymala.fi\/wp-content\/uploads\/2021\/10\/Pohjanmaan_Ohio-lankkup_180-smoked.jpg?fit=960%2C960&ssl=1&resize=350%2C200","width":350,"height":200,"srcset":"https:\/\/i0.wp.com\/pohjanmaantehtaanmyymala.fi\/wp-content\/uploads\/2021\/10\/Pohjanmaan_Ohio-lankkup_180-smoked.jpg?fit=960%2C960&ssl=1&resize=350%2C200 1x, https:\/\/i0.wp.com\/pohjanmaantehtaanmyymala.fi\/wp-content\/uploads\/2021\/10\/Pohjanmaan_Ohio-lankkup_180-smoked.jpg?fit=960%2C960&ssl=1&resize=525%2C300 1.5x, https:\/\/i0.wp.com\/pohjanmaantehtaanmyymala.fi\/wp-content\/uploads\/2021\/10\/Pohjanmaan_Ohio-lankkup_180-smoked.jpg?fit=960%2C960&ssl=1&resize=700%2C400 2x"},"classes":[]}],"_links":{"self":[{"href":"https:\/\/pohjanmaantehtaanmyymala.fi\/en\/wp-json\/wp\/v2\/product\/13037","targetHints":{"allow":["GET"]}}],"collection":[{"href":"https:\/\/pohjanmaantehtaanmyymala.fi\/en\/wp-json\/wp\/v2\/product"}],"about":[{"href":"https:\/\/pohjanmaantehtaanmyymala.fi\/en\/wp-json\/wp\/v2\/types\/product"}],"replies":[{"embeddable":true,"href":"https:\/\/pohjanmaantehtaanmyymala.fi\/en\/wp-json\/wp\/v2\/comments?post=13037"}],"wp:featuredmedia":[{"embeddable":true,"href":"https:\/\/pohjanmaantehtaanmyymala.fi\/en\/wp-json\/wp\/v2\/media\/13039"}],"wp:attachment":[{"href":"https:\/\/pohjanmaantehtaanmyymala.fi\/en\/wp-json\/wp\/v2\/media?parent=13037"}],"wp:term":[{"taxonomy":"product_brand","embeddable":true,"href":"https:\/\/pohjanmaantehtaanmyymala.fi\/en\/wp-json\/wp\/v2\/product_brand?post=13037"},{"taxonomy":"product_cat","embeddable":true,"href":"https:\/\/pohjanmaantehtaanmyymala.fi\/en\/wp-json\/wp\/v2\/product_cat?post=13037"},{"taxonomy":"product_tag","embeddable":true,"href":"https:\/\/pohjanmaantehtaanmyymala.fi\/en\/wp-json\/wp\/v2\/product_tag?post=13037"}],"curies":[{"name":"wp","href":"https:\/\/api.w.org\/{rel}","templated":true}]}}