{"id":10929,"date":"2019-09-14T09:57:54","date_gmt":"2019-09-14T07:57:54","guid":{"rendered":"https:\/\/pohjanmaantehtaanmyymala.fi\/tuote\/franz-vuodesohva-200cm\/"},"modified":"2022-03-26T14:59:22","modified_gmt":"2022-03-26T12:59:22","slug":"franz-vuodesohva-200cm","status":"publish","type":"product","link":"https:\/\/pohjanmaantehtaanmyymala.fi\/en\/tuote\/franz-vuodesohva-200cm\/","title":{"rendered":"FRANZ \u2013 vuodesohva 200cm"},"content":{"rendered":"<p>Kotimainen Kiteen tyylik\u00e4s \u201ddaybed\u201d vuodesohva hivelee silmi\u00e4 kauneudellaan.<\/p>\n<p>Franz -sohvassa on levitett\u00e4v\u00e4 vuode, jona koko on 140&#215;190 cm.<br \/>\nRunkoa on saatavissa valkoisena, mustana ja koivuisena.<br \/>\nPatjasarja on harmaa. Kysy lis\u00e4\u00e4 myynnist\u00e4mme!<br \/>\nSohvan k\u00e4tisyyden voit p\u00e4\u00e4tt\u00e4\u00e4 vasta sohvaa kasattaessa.<\/p>\n<p>Tuote on valmistettu koivusta.<br \/>\ntoimitetaan osina.<\/p>\n","protected":false},"excerpt":{"rendered":"<p>Kotimainen Kiteen tyylik\u00e4s \u201ddaybed\u201d vuodesohva hivelee silmi\u00e4 kauneudellaan. Franz -sohvassa on levitett\u00e4v\u00e4 vuode, jona koko on 140&#215;190 cm. Runkoa on saatavissa valkoisena, mustana ja koivuisena. Patjasarja on harmaa. Kysy lis\u00e4\u00e4 myynnist\u00e4mme! Sohvan k\u00e4tisyyden voit p\u00e4\u00e4tt\u00e4\u00e4 vasta sohvaa kasattaessa. Tuote on valmistettu koivusta. toimitetaan osina.<\/p>\n","protected":false},"featured_media":15008,"comment_status":"closed","ping_status":"closed","template":"","meta":{"_acf_changed":false,"jetpack_post_was_ever_published":false,"jetpack_publicize_message":"","jetpack_publicize_feature_enabled":true,"jetpack_social_post_already_shared":true,"jetpack_social_options":{"image_generator_settings":{"template":"highway","default_image_id":0,"font":"","enabled":false},"version":2}},"product_brand":[205],"product_cat":[193],"product_tag":[],"class_list":{"0":"post-10929","1":"product","2":"type-product","3":"status-publish","4":"has-post-thumbnail","6":"product_brand-kiteen","7":"product_cat-vuodesohvat","8":"product_shipping_class-161","10":"first","11":"instock","12":"purchasable","13":"product-type-simple"},"acf":[],"jetpack_publicize_connections":[],"jetpack_sharing_enabled":true,"jetpack-related-posts":[{"id":17806,"url":"https:\/\/pohjanmaantehtaanmyymala.fi\/en\/tuote\/copenhagen-vuodesohva-alk\/","url_meta":{"origin":10929,"position":0},"title":"COPENHAGEN vuodesohva kysy hinta!","author":"Sami Viitala","date":"August 24, 2021","format":false,"excerpt":"Kun arvostat hyv\u00e4\u00e4 istuinmukavuutta vuodesohvassa.","rel":"","context":"Similar post","block_context":{"text":"Similar post","link":""},"img":{"alt_text":"Copenhagen vuodesohva punainen","src":"https:\/\/i0.wp.com\/pohjanmaantehtaanmyymala.fi\/wp-content\/uploads\/2021\/08\/copenhagen_vuodesohva.jpg?fit=960%2C960&ssl=1&resize=350%2C200","width":350,"height":200,"srcset":"https:\/\/i0.wp.com\/pohjanmaantehtaanmyymala.fi\/wp-content\/uploads\/2021\/08\/copenhagen_vuodesohva.jpg?fit=960%2C960&ssl=1&resize=350%2C200 1x, https:\/\/i0.wp.com\/pohjanmaantehtaanmyymala.fi\/wp-content\/uploads\/2021\/08\/copenhagen_vuodesohva.jpg?fit=960%2C960&ssl=1&resize=525%2C300 1.5x, https:\/\/i0.wp.com\/pohjanmaantehtaanmyymala.fi\/wp-content\/uploads\/2021\/08\/copenhagen_vuodesohva.jpg?fit=960%2C960&ssl=1&resize=700%2C400 2x"},"classes":[]},{"id":10950,"url":"https:\/\/pohjanmaantehtaanmyymala.fi\/en\/tuote\/leo-vuodesohva-2-istuttava-tarjous\/","url_meta":{"origin":10929,"position":1},"title":"LEO vuodesohva 2-istuttava TARJOUS!","author":"petri","date":"September 14, 2019","format":false,"excerpt":"Laadukas kahdenistuttava vuodesohva .","rel":"","context":"Similar post","block_context":{"text":"Similar post","link":""},"img":{"alt_text":"","src":"https:\/\/i0.wp.com\/pohjanmaantehtaanmyymala.fi\/wp-content\/uploads\/2019\/09\/Leo_2_istuttava_vuodesohva.jpg?fit=960%2C960&ssl=1&resize=350%2C200","width":350,"height":200,"srcset":"https:\/\/i0.wp.com\/pohjanmaantehtaanmyymala.fi\/wp-content\/uploads\/2019\/09\/Leo_2_istuttava_vuodesohva.jpg?fit=960%2C960&ssl=1&resize=350%2C200 1x, https:\/\/i0.wp.com\/pohjanmaantehtaanmyymala.fi\/wp-content\/uploads\/2019\/09\/Leo_2_istuttava_vuodesohva.jpg?fit=960%2C960&ssl=1&resize=525%2C300 1.5x, https:\/\/i0.wp.com\/pohjanmaantehtaanmyymala.fi\/wp-content\/uploads\/2019\/09\/Leo_2_istuttava_vuodesohva.jpg?fit=960%2C960&ssl=1&resize=700%2C400 2x"},"classes":[]},{"id":19624,"url":"https:\/\/pohjanmaantehtaanmyymala.fi\/en\/tuote\/art-vuodesohva-inari-kankaalla\/","url_meta":{"origin":10929,"position":2},"title":"Art vuodesohva Inari-kankaalla","author":"Sami Viitala","date":"January 23, 2022","format":false,"excerpt":"Vuodesohva, jossa on helppotoiminen vuodemekanismi. Saatavana eri v\u00e4reill\u00e4.","rel":"","context":"Similar post","block_context":{"text":"Similar post","link":""},"img":{"alt_text":"Art vuodesohva inari-kangas harmaa","src":"https:\/\/i0.wp.com\/pohjanmaantehtaanmyymala.fi\/wp-content\/uploads\/2022\/01\/art_vuodesohva_inari.jpg?fit=960%2C960&ssl=1&resize=350%2C200","width":350,"height":200,"srcset":"https:\/\/i0.wp.com\/pohjanmaantehtaanmyymala.fi\/wp-content\/uploads\/2022\/01\/art_vuodesohva_inari.jpg?fit=960%2C960&ssl=1&resize=350%2C200 1x, https:\/\/i0.wp.com\/pohjanmaantehtaanmyymala.fi\/wp-content\/uploads\/2022\/01\/art_vuodesohva_inari.jpg?fit=960%2C960&ssl=1&resize=525%2C300 1.5x, https:\/\/i0.wp.com\/pohjanmaantehtaanmyymala.fi\/wp-content\/uploads\/2022\/01\/art_vuodesohva_inari.jpg?fit=960%2C960&ssl=1&resize=700%2C400 2x"},"classes":[]},{"id":10923,"url":"https:\/\/pohjanmaantehtaanmyymala.fi\/en\/tuote\/franz-vuodesohva-190cm\/","url_meta":{"origin":10929,"position":3},"title":"FRANZ \u2013 vuodesohva 190 cm","author":"petri","date":"September 14, 2019","format":false,"excerpt":"Kiteen Huonekalutehtaan valmistama tyylik\u00e4s \u201ddaybed\u201d vuodesohva hivelee silmi\u00e4 kauneudellaan.","rel":"","context":"Similar post","block_context":{"text":"Similar post","link":""},"img":{"alt_text":"","src":"https:\/\/i0.wp.com\/pohjanmaantehtaanmyymala.fi\/wp-content\/uploads\/2019\/09\/Franz-vuodesohva-koivu-beige-2.jpg?fit=960%2C960&ssl=1&resize=350%2C200","width":350,"height":200,"srcset":"https:\/\/i0.wp.com\/pohjanmaantehtaanmyymala.fi\/wp-content\/uploads\/2019\/09\/Franz-vuodesohva-koivu-beige-2.jpg?fit=960%2C960&ssl=1&resize=350%2C200 1x, https:\/\/i0.wp.com\/pohjanmaantehtaanmyymala.fi\/wp-content\/uploads\/2019\/09\/Franz-vuodesohva-koivu-beige-2.jpg?fit=960%2C960&ssl=1&resize=525%2C300 1.5x, https:\/\/i0.wp.com\/pohjanmaantehtaanmyymala.fi\/wp-content\/uploads\/2019\/09\/Franz-vuodesohva-koivu-beige-2.jpg?fit=960%2C960&ssl=1&resize=700%2C400 2x"},"classes":[]},{"id":25219,"url":"https:\/\/pohjanmaantehtaanmyymala.fi\/en\/tuote\/harmony-vuodesohva-austin-kankaalla\/","url_meta":{"origin":10929,"position":4},"title":"Harmony vuodesohva Austin-kankaalla","author":"Miro Nevala","date":"February 13, 2024","format":false,"excerpt":"Upea vuodesohva mekanismilla useilla v\u00e4rivaihtoehdoilla!","rel":"","context":"Similar post","block_context":{"text":"Similar post","link":""},"img":{"alt_text":"Harmony vuodesohva edest\u00e4p\u00e4in","src":"https:\/\/i0.wp.com\/pohjanmaantehtaanmyymala.fi\/wp-content\/uploads\/2024\/02\/Harmony-vuodesohva-1-960dpi.jpg?fit=960%2C960&ssl=1&resize=350%2C200","width":350,"height":200,"srcset":"https:\/\/i0.wp.com\/pohjanmaantehtaanmyymala.fi\/wp-content\/uploads\/2024\/02\/Harmony-vuodesohva-1-960dpi.jpg?fit=960%2C960&ssl=1&resize=350%2C200 1x, https:\/\/i0.wp.com\/pohjanmaantehtaanmyymala.fi\/wp-content\/uploads\/2024\/02\/Harmony-vuodesohva-1-960dpi.jpg?fit=960%2C960&ssl=1&resize=525%2C300 1.5x, https:\/\/i0.wp.com\/pohjanmaantehtaanmyymala.fi\/wp-content\/uploads\/2024\/02\/Harmony-vuodesohva-1-960dpi.jpg?fit=960%2C960&ssl=1&resize=700%2C400 2x"},"classes":[]},{"id":28553,"url":"https:\/\/pohjanmaantehtaanmyymala.fi\/en\/tuote\/senna-vuodesohva-gripsholm-kankaalla\/","url_meta":{"origin":10929,"position":5},"title":"Senna-vuodesohva Gripsholm-kankaalla","author":"Sami Viitala","date":"July 10, 2025","format":false,"excerpt":"Hulppea vuodesohva hyv\u00e4ll\u00e4 vuodemekanismilla.","rel":"","context":"Similar post","block_context":{"text":"Similar post","link":""},"img":{"alt_text":"Senna vuodesohva Gripsholm kukkakankaalla","src":"https:\/\/i0.wp.com\/pohjanmaantehtaanmyymala.fi\/wp-content\/uploads\/2025\/07\/senna_vuodesohva_gripsholm-2.jpg?fit=1000%2C1000&ssl=1&resize=350%2C200","width":350,"height":200,"srcset":"https:\/\/i0.wp.com\/pohjanmaantehtaanmyymala.fi\/wp-content\/uploads\/2025\/07\/senna_vuodesohva_gripsholm-2.jpg?fit=1000%2C1000&ssl=1&resize=350%2C200 1x, https:\/\/i0.wp.com\/pohjanmaantehtaanmyymala.fi\/wp-content\/uploads\/2025\/07\/senna_vuodesohva_gripsholm-2.jpg?fit=1000%2C1000&ssl=1&resize=525%2C300 1.5x, https:\/\/i0.wp.com\/pohjanmaantehtaanmyymala.fi\/wp-content\/uploads\/2025\/07\/senna_vuodesohva_gripsholm-2.jpg?fit=1000%2C1000&ssl=1&resize=700%2C400 2x"},"classes":[]}],"_links":{"self":[{"href":"https:\/\/pohjanmaantehtaanmyymala.fi\/en\/wp-json\/wp\/v2\/product\/10929","targetHints":{"allow":["GET"]}}],"collection":[{"href":"https:\/\/pohjanmaantehtaanmyymala.fi\/en\/wp-json\/wp\/v2\/product"}],"about":[{"href":"https:\/\/pohjanmaantehtaanmyymala.fi\/en\/wp-json\/wp\/v2\/types\/product"}],"replies":[{"embeddable":true,"href":"https:\/\/pohjanmaantehtaanmyymala.fi\/en\/wp-json\/wp\/v2\/comments?post=10929"}],"wp:featuredmedia":[{"embeddable":true,"href":"https:\/\/pohjanmaantehtaanmyymala.fi\/en\/wp-json\/wp\/v2\/media\/15008"}],"wp:attachment":[{"href":"https:\/\/pohjanmaantehtaanmyymala.fi\/en\/wp-json\/wp\/v2\/media?parent=10929"}],"wp:term":[{"taxonomy":"product_brand","embeddable":true,"href":"https:\/\/pohjanmaantehtaanmyymala.fi\/en\/wp-json\/wp\/v2\/product_brand?post=10929"},{"taxonomy":"product_cat","embeddable":true,"href":"https:\/\/pohjanmaantehtaanmyymala.fi\/en\/wp-json\/wp\/v2\/product_cat?post=10929"},{"taxonomy":"product_tag","embeddable":true,"href":"https:\/\/pohjanmaantehtaanmyymala.fi\/en\/wp-json\/wp\/v2\/product_tag?post=10929"}],"curies":[{"name":"wp","href":"https:\/\/api.w.org\/{rel}","templated":true}]}}