{"id":10910,"date":"2019-09-14T09:57:11","date_gmt":"2019-09-14T07:57:11","guid":{"rendered":"https:\/\/pohjanmaantehtaanmyymala.fi\/tuote\/fondi-vitriini-kapea\/"},"modified":"2020-10-16T18:12:03","modified_gmt":"2020-10-16T16:12:03","slug":"fondi-vitriini-kapea","status":"publish","type":"product","link":"https:\/\/pohjanmaantehtaanmyymala.fi\/en\/tuote\/fondi-vitriini-kapea\/","title":{"rendered":"FONDI \u2013 vitriini kapea"},"content":{"rendered":"<p>Tyylik\u00e4s kotimainen lasivitriini etsatullla lasiovella.<\/p>\n<p>Tuote toimitetaan pahvipaketissa.<br \/>\nKoko:<br \/>\nLeveys 41cm<br \/>\nkorkeus 151cm<br \/>\nsyvyys 41 cm.<br \/>\nVitriini koostuu avohyllyst\u00e4 nro13 ja lasiovesta nro14<\/p>\n<p>Toimitusaika noin 1-2 viikkoa.<\/p>\n<p>V\u00e4ri valikoinen.<br \/>\nTilauksesta voi kannen v\u00e4rivaihtoehdoksi valita my\u00f6s aitopuuviilutetun; py\u00f6kki-, kirsikka-, p\u00e4hkin\u00e4- ja tammi v\u00e4rin.<br \/>\nViilu on aito luonnonmateriaali, joka muuttaa s\u00e4vy\u00e4\u00e4n ajan kuluessa muun muassa auringon ultraviolettivalon vaikutuksesta.<\/p>\n<p>Vitriinin saa my\u00f6s kirkkaalla lasiovella<br \/>\nKysy myynnist\u00e4mme lis\u00e4tietoa muista vaihtoehdoista<br \/>\nLeo-Matti Ojalan kauhajoella valmistamasta kalustesarjasta on saatavilla my\u00f6s lipastoja, tasoja, senkkej\u00e4 ja ty\u00f6p\u00f6yti\u00e4.<\/p>\n<p>Fondi -sarjan runko toimitetaan aina koottuna kansi irrallaan.<\/p>\n","protected":false},"excerpt":{"rendered":"<p>Tyylik\u00e4s kotimainen lasivitriini etsatullla lasiovella. Tuote toimitetaan pahvipaketissa. Koko: Leveys 41cm korkeus 151cm syvyys 41 cm. Vitriini koostuu avohyllyst\u00e4 nro13 ja lasiovesta nro14 Toimitusaika noin 1-2 viikkoa. V\u00e4ri valikoinen. Tilauksesta voi kannen v\u00e4rivaihtoehdoksi valita my\u00f6s aitopuuviilutetun; py\u00f6kki-, kirsikka-, p\u00e4hkin\u00e4- ja tammi v\u00e4rin. Viilu on aito luonnonmateriaali, joka muuttaa s\u00e4vy\u00e4\u00e4n ajan kuluessa muun muassa auringon ultraviolettivalon [&hellip;]<\/p>\n","protected":false},"featured_media":13949,"comment_status":"closed","ping_status":"closed","template":"","meta":{"_acf_changed":false,"jetpack_post_was_ever_published":false,"jetpack_publicize_message":"","jetpack_publicize_feature_enabled":true,"jetpack_social_post_already_shared":true,"jetpack_social_options":{"image_generator_settings":{"template":"highway","default_image_id":0,"font":"","enabled":false},"version":2}},"product_brand":[183],"product_cat":[196],"product_tag":[],"class_list":{"0":"post-10910","1":"product","2":"type-product","3":"status-publish","4":"has-post-thumbnail","6":"product_brand-ojala","7":"product_cat-sailytyskalusteet-ja-tv-tasot","8":"product_shipping_class-161","10":"first","11":"instock","12":"purchasable","13":"product-type-simple"},"acf":[],"jetpack_publicize_connections":[],"jetpack_sharing_enabled":true,"jetpack-related-posts":[{"id":10919,"url":"https:\/\/pohjanmaantehtaanmyymala.fi\/en\/tuote\/fondi-vitriini-40-korkea\/","url_meta":{"origin":10910,"position":0},"title":"FONDI \u2013 vitriini 40 korkea","author":"petri","date":"September 14, 2019","format":false,"excerpt":"Fondi -lasivitriini etsatullla lasiovella ja laatikoilla.Tuote toimitetaan pahvipaketissa.Koko:Leveys 41cmkorkeus 185cmsyvyys 41 cm.Vitriini koostuu avohyllyst\u00e4 nro41 ja lasiovesta nro14Toimitusaika noin 1-2 viikkoa.V\u00e4ri valikoinen. Tilauksesta voi kannen v\u00e4rivaihtoehdoksi valita my\u00f6s aitopuuviilutetun; py\u00f6kki-, kirsikka-, p\u00e4hkin\u00e4- ja tammi v\u00e4rin.Viilu on aito luonnonmateriaali, joka muuttaa s\u00e4vy\u00e4\u00e4n ajan kuluessa muun muassa auringon ultraviolettivalon vaikutuksesta.Vitriinin saa my\u00f6s\u2026","rel":"","context":"Similar post","block_context":{"text":"Similar post","link":""},"img":{"alt_text":"","src":"https:\/\/i0.wp.com\/pohjanmaantehtaanmyymala.fi\/wp-content\/uploads\/2019\/09\/Fondi_korkea_40_vitriini.jpg?fit=960%2C960&ssl=1&resize=350%2C200","width":350,"height":200,"srcset":"https:\/\/i0.wp.com\/pohjanmaantehtaanmyymala.fi\/wp-content\/uploads\/2019\/09\/Fondi_korkea_40_vitriini.jpg?fit=960%2C960&ssl=1&resize=350%2C200 1x, https:\/\/i0.wp.com\/pohjanmaantehtaanmyymala.fi\/wp-content\/uploads\/2019\/09\/Fondi_korkea_40_vitriini.jpg?fit=960%2C960&ssl=1&resize=525%2C300 1.5x, https:\/\/i0.wp.com\/pohjanmaantehtaanmyymala.fi\/wp-content\/uploads\/2019\/09\/Fondi_korkea_40_vitriini.jpg?fit=960%2C960&ssl=1&resize=700%2C400 2x"},"classes":[]},{"id":10921,"url":"https:\/\/pohjanmaantehtaanmyymala.fi\/en\/tuote\/fondi-vitriini-80-korkea\/","url_meta":{"origin":10910,"position":1},"title":"FONDI \u2013 vitriini 80 korkea","author":"petri","date":"September 14, 2019","format":false,"excerpt":"Selke\u00e4linjainen lasivitriini etsatullla lasiovella ja laatikoilla.Tuote toimitetaan pahvipaketissa.Koko:Leveys 80cmkorkeus 185cmsyvyys 41 cm.Vitriini koostuu avohyllyst\u00e4 nro42 ja kahdesta lasiovesta nro14Toimitusaika noin 1-2 viikkoa.V\u00e4ri valikoinen. Tilauksesta voi kannen v\u00e4rivaihtoehdoksi valita my\u00f6s aitopuuviilutetun; py\u00f6kki-, kirsikka-, p\u00e4hkin\u00e4- ja tammi v\u00e4rin.Viilu on aito luonnonmateriaali, joka muuttaa s\u00e4vy\u00e4\u00e4n ajan kuluessa muun muassa auringon ultraviolettivalon vaikutuksesta.Vitriinin saa\u2026","rel":"","context":"Similar post","block_context":{"text":"Similar post","link":""},"img":{"alt_text":"","src":"https:\/\/i0.wp.com\/pohjanmaantehtaanmyymala.fi\/wp-content\/uploads\/2019\/09\/Fondi_korkea_80_vitriini.jpg?fit=960%2C960&ssl=1&resize=350%2C200","width":350,"height":200,"srcset":"https:\/\/i0.wp.com\/pohjanmaantehtaanmyymala.fi\/wp-content\/uploads\/2019\/09\/Fondi_korkea_80_vitriini.jpg?fit=960%2C960&ssl=1&resize=350%2C200 1x, https:\/\/i0.wp.com\/pohjanmaantehtaanmyymala.fi\/wp-content\/uploads\/2019\/09\/Fondi_korkea_80_vitriini.jpg?fit=960%2C960&ssl=1&resize=525%2C300 1.5x, https:\/\/i0.wp.com\/pohjanmaantehtaanmyymala.fi\/wp-content\/uploads\/2019\/09\/Fondi_korkea_80_vitriini.jpg?fit=960%2C960&ssl=1&resize=700%2C400 2x"},"classes":[]},{"id":10911,"url":"https:\/\/pohjanmaantehtaanmyymala.fi\/en\/tuote\/fondi-vitriini-levea\/","url_meta":{"origin":10910,"position":2},"title":"FONDI \u2013 vitriini leve\u00e4","author":"petri","date":"September 14, 2019","format":false,"excerpt":"Tyylik\u00e4s kotimainen lasivitriini 2:lla etsatullla lasiovella.Tuote toimitetaan pahvipaketissa.Koko:Leveys 80cmkorkeus 151cmsyvyys 41 cm.Vitriini koostuu avohyllyst\u00e4 nro13 ja kahdesta lasiovesta nro14Toimitusaika noin 1-2 viikkoa.V\u00e4ri valikoinen. Tilauksesta voi kannen v\u00e4rivaihtoehdoksi valita my\u00f6s aitopuuviilutetun; py\u00f6kki-, kirsikka-, p\u00e4hkin\u00e4- ja tammi v\u00e4rin.Viilu on aito luonnonmateriaali, joka muuttaa s\u00e4vy\u00e4\u00e4n ajan kuluessa muun muassa auringon ultraviolettivalon vaikutuksesta.Vitriinin saa\u2026","rel":"","context":"Similar post","block_context":{"text":"Similar post","link":""},"img":{"alt_text":"","src":"https:\/\/i0.wp.com\/pohjanmaantehtaanmyymala.fi\/wp-content\/uploads\/2019\/09\/Fondi-vitriini-kaksovinen-LM-ojala.jpg?fit=960%2C960&ssl=1&resize=350%2C200","width":350,"height":200,"srcset":"https:\/\/i0.wp.com\/pohjanmaantehtaanmyymala.fi\/wp-content\/uploads\/2019\/09\/Fondi-vitriini-kaksovinen-LM-ojala.jpg?fit=960%2C960&ssl=1&resize=350%2C200 1x, https:\/\/i0.wp.com\/pohjanmaantehtaanmyymala.fi\/wp-content\/uploads\/2019\/09\/Fondi-vitriini-kaksovinen-LM-ojala.jpg?fit=960%2C960&ssl=1&resize=525%2C300 1.5x, https:\/\/i0.wp.com\/pohjanmaantehtaanmyymala.fi\/wp-content\/uploads\/2019\/09\/Fondi-vitriini-kaksovinen-LM-ojala.jpg?fit=960%2C960&ssl=1&resize=700%2C400 2x"},"classes":[]},{"id":10605,"url":"https:\/\/pohjanmaantehtaanmyymala.fi\/en\/tuote\/anton-vitriini-kirkkaat-lasiovet-lasihyllyt-matala-100cm-a8-5\/","url_meta":{"origin":10910,"position":3},"title":"ANTON A8.5 Vitriini kirkkaat lasiovet","author":"petri","date":"September 14, 2019","format":false,"excerpt":"Kotimainen Anton A8.6 matala Vitriini kirkkailla lasiovilla. Rungon v\u00e4ri on aina valkoinen, kannen v\u00e4riksi voi valita valkoisen, tammen tai saarnin. Anton tuotesarja on suunniteltu ja valmistettu Hiipakan Tehtailla Suomessa. Anton- lasivitriini sopii erinomaisesti skandinaaviseen sisustukseen. Vakiotoimitus tulee lasihyllyill\u00e4, mutta vitriinin saa my\u00f6s puuhyllyill\u00e4. Vitriini nimike puuhyllyill\u00e4 on Anton A8.8. Anton-sarjaan\u2026","rel":"","context":"Similar post","block_context":{"text":"Similar post","link":""},"img":{"alt_text":"Hiipakka Anton vitriini jaloilla valkoinen saarni","src":"https:\/\/i0.wp.com\/pohjanmaantehtaanmyymala.fi\/wp-content\/uploads\/2019\/09\/Anton-A85-0016188.jpg?fit=960%2C960&ssl=1&resize=350%2C200","width":350,"height":200,"srcset":"https:\/\/i0.wp.com\/pohjanmaantehtaanmyymala.fi\/wp-content\/uploads\/2019\/09\/Anton-A85-0016188.jpg?fit=960%2C960&ssl=1&resize=350%2C200 1x, https:\/\/i0.wp.com\/pohjanmaantehtaanmyymala.fi\/wp-content\/uploads\/2019\/09\/Anton-A85-0016188.jpg?fit=960%2C960&ssl=1&resize=525%2C300 1.5x, https:\/\/i0.wp.com\/pohjanmaantehtaanmyymala.fi\/wp-content\/uploads\/2019\/09\/Anton-A85-0016188.jpg?fit=960%2C960&ssl=1&resize=700%2C400 2x"},"classes":[]},{"id":10599,"url":"https:\/\/pohjanmaantehtaanmyymala.fi\/en\/tuote\/anton-vitriini-etsatut-lasiovet-matala-lasihyllyt-100cm-a8-6\/","url_meta":{"origin":10910,"position":4},"title":"ANTON A8.6 matala vitriini etsatut lasiovet","author":"petri","date":"September 14, 2019","format":false,"excerpt":"Tyylik\u00e4s vitriini kodin tavaroiden s\u00e4ilytykseen. Voit valita Anton-vitriiniin haluamasi kansiv\u00e4rin.","rel":"","context":"Similar post","block_context":{"text":"Similar post","link":""},"img":{"alt_text":"Hiipakka Anton matala vitriini etsattu lasi tammi kansi","src":"https:\/\/i0.wp.com\/pohjanmaantehtaanmyymala.fi\/wp-content\/uploads\/2019\/09\/Anton-A86-0016192-2.jpg?fit=960%2C960&ssl=1&resize=350%2C200","width":350,"height":200,"srcset":"https:\/\/i0.wp.com\/pohjanmaantehtaanmyymala.fi\/wp-content\/uploads\/2019\/09\/Anton-A86-0016192-2.jpg?fit=960%2C960&ssl=1&resize=350%2C200 1x, https:\/\/i0.wp.com\/pohjanmaantehtaanmyymala.fi\/wp-content\/uploads\/2019\/09\/Anton-A86-0016192-2.jpg?fit=960%2C960&ssl=1&resize=525%2C300 1.5x, https:\/\/i0.wp.com\/pohjanmaantehtaanmyymala.fi\/wp-content\/uploads\/2019\/09\/Anton-A86-0016192-2.jpg?fit=960%2C960&ssl=1&resize=700%2C400 2x"},"classes":[]},{"id":10593,"url":"https:\/\/pohjanmaantehtaanmyymala.fi\/en\/tuote\/anton-vitriini-etsattu-lasiovi-lasihyllyt-matala-50cm-a8-2\/","url_meta":{"origin":10910,"position":5},"title":"ANTON A8.2 matala vitriini etsattu lasiovi","author":"petri","date":"September 14, 2019","format":false,"excerpt":"Kotimainen Anton A8.2 matala Vitriini etsatulla lasiovella. Rungon v\u00e4ri on aina valkoinen, kannen v\u00e4riksi voi valita valkoisen, tammen tai saarnin. Anton tuotesarja on suunniteltu ja valmistettu Hiipakan Tehtailla Suomessa. Anton- lasivitriini sopii erinomaisesti skandinaaviseen sisustukseen. Vakiotoimitus tulee lasihyllyill\u00e4, mutta vitriinin saa my\u00f6s puuhyllyill\u00e4. Vitriini nimike puuhyllyill\u00e4 on Anton A8.3. Anton-sarjaan\u2026","rel":"","context":"Similar post","block_context":{"text":"Similar post","link":""},"img":{"alt_text":"","src":"https:\/\/i0.wp.com\/pohjanmaantehtaanmyymala.fi\/wp-content\/uploads\/2019\/09\/Anton-A82-0016178.jpg?fit=960%2C960&ssl=1&resize=350%2C200","width":350,"height":200,"srcset":"https:\/\/i0.wp.com\/pohjanmaantehtaanmyymala.fi\/wp-content\/uploads\/2019\/09\/Anton-A82-0016178.jpg?fit=960%2C960&ssl=1&resize=350%2C200 1x, https:\/\/i0.wp.com\/pohjanmaantehtaanmyymala.fi\/wp-content\/uploads\/2019\/09\/Anton-A82-0016178.jpg?fit=960%2C960&ssl=1&resize=525%2C300 1.5x, https:\/\/i0.wp.com\/pohjanmaantehtaanmyymala.fi\/wp-content\/uploads\/2019\/09\/Anton-A82-0016178.jpg?fit=960%2C960&ssl=1&resize=700%2C400 2x"},"classes":[]}],"_links":{"self":[{"href":"https:\/\/pohjanmaantehtaanmyymala.fi\/en\/wp-json\/wp\/v2\/product\/10910","targetHints":{"allow":["GET"]}}],"collection":[{"href":"https:\/\/pohjanmaantehtaanmyymala.fi\/en\/wp-json\/wp\/v2\/product"}],"about":[{"href":"https:\/\/pohjanmaantehtaanmyymala.fi\/en\/wp-json\/wp\/v2\/types\/product"}],"replies":[{"embeddable":true,"href":"https:\/\/pohjanmaantehtaanmyymala.fi\/en\/wp-json\/wp\/v2\/comments?post=10910"}],"wp:featuredmedia":[{"embeddable":true,"href":"https:\/\/pohjanmaantehtaanmyymala.fi\/en\/wp-json\/wp\/v2\/media\/13949"}],"wp:attachment":[{"href":"https:\/\/pohjanmaantehtaanmyymala.fi\/en\/wp-json\/wp\/v2\/media?parent=10910"}],"wp:term":[{"taxonomy":"product_brand","embeddable":true,"href":"https:\/\/pohjanmaantehtaanmyymala.fi\/en\/wp-json\/wp\/v2\/product_brand?post=10910"},{"taxonomy":"product_cat","embeddable":true,"href":"https:\/\/pohjanmaantehtaanmyymala.fi\/en\/wp-json\/wp\/v2\/product_cat?post=10910"},{"taxonomy":"product_tag","embeddable":true,"href":"https:\/\/pohjanmaantehtaanmyymala.fi\/en\/wp-json\/wp\/v2\/product_tag?post=10910"}],"curies":[{"name":"wp","href":"https:\/\/api.w.org\/{rel}","templated":true}]}}