{"id":10908,"date":"2019-09-14T09:57:07","date_gmt":"2019-09-14T07:57:07","guid":{"rendered":"https:\/\/pohjanmaantehtaanmyymala.fi\/tuote\/fondi-tv-taso-nro10\/"},"modified":"2020-10-16T17:30:15","modified_gmt":"2020-10-16T15:30:15","slug":"fondi-tv-taso-nro10","status":"publish","type":"product","link":"https:\/\/pohjanmaantehtaanmyymala.fi\/en\/tuote\/fondi-tv-taso-nro10\/","title":{"rendered":"FONDI \u2013 TV-taso NRO10"},"content":{"rendered":"<p>Fondi-tv-Tasossa on kolme s\u00e4ilytyslaatikkoa kodin tavaroille.<\/p>\n<p>Tuote toimitetaan pahvipaketissa.<br \/>Koko:<br \/>Leveys 119 cm<br \/>korkeus 41cm<br \/>syvyys 41 cm.<\/p>\n<p>Toimitusaika noin 1-2 viikkoa.<\/p>\n<p>V\u00e4ri valikoinen. <br \/>Tilauksesta voi kannen v\u00e4rivaihtoehdoksi valita my\u00f6s aitopuuviilutetun; py\u00f6kki-, kirsikka-, p\u00e4hkin\u00e4- ja tammi v\u00e4rin.<br \/>Viilu on aito luonnonmateriaali, joka muuttaa s\u00e4vy\u00e4\u00e4n ajan kuluessa muun muassa auringon ultraviolettivalon vaikutuksesta.<\/p>\n<p>Kysy myynnist\u00e4mme lis\u00e4tietoa muista vaihtoehdoista<br \/>Leo-Matti Ojalan kauhajoella valmistamasta kalustesarjasta on saatavilla my\u00f6s lipastoja, tasoja, senkkej\u00e4 ja ty\u00f6p\u00f6yti\u00e4.<\/p>\n<p>Fondi -sarjan runko toimitetaan aina koottuna kansi irrallaan.<\/p>\n","protected":false},"excerpt":{"rendered":"<p>Fondi-tv-Tasossa on kolme s\u00e4ilytyslaatikkoa kodin tavaroille. Tuote toimitetaan pahvipaketissa.Koko:Leveys 119 cmkorkeus 41cmsyvyys 41 cm. Toimitusaika noin 1-2 viikkoa. V\u00e4ri valikoinen. Tilauksesta voi kannen v\u00e4rivaihtoehdoksi valita my\u00f6s aitopuuviilutetun; py\u00f6kki-, kirsikka-, p\u00e4hkin\u00e4- ja tammi v\u00e4rin.Viilu on aito luonnonmateriaali, joka muuttaa s\u00e4vy\u00e4\u00e4n ajan kuluessa muun muassa auringon ultraviolettivalon vaikutuksesta. Kysy myynnist\u00e4mme lis\u00e4tietoa muista vaihtoehdoistaLeo-Matti Ojalan kauhajoella valmistamasta kalustesarjasta [&hellip;]<\/p>\n","protected":false},"featured_media":10909,"comment_status":"closed","ping_status":"open","template":"","meta":{"_acf_changed":false,"jetpack_post_was_ever_published":false,"jetpack_publicize_message":"","jetpack_publicize_feature_enabled":true,"jetpack_social_post_already_shared":true,"jetpack_social_options":{"image_generator_settings":{"template":"highway","default_image_id":0,"font":"","enabled":false},"version":2}},"product_brand":[183],"product_cat":[196],"product_tag":[],"class_list":{"0":"post-10908","1":"product","2":"type-product","3":"status-publish","4":"has-post-thumbnail","6":"product_brand-ojala","7":"product_cat-sailytyskalusteet-ja-tv-tasot","8":"product_shipping_class-161","10":"first","11":"instock","12":"purchasable","13":"product-type-simple"},"acf":[],"jetpack_publicize_connections":[],"jetpack_sharing_enabled":true,"jetpack-related-posts":[{"id":10906,"url":"https:\/\/pohjanmaantehtaanmyymala.fi\/en\/tuote\/fondi-tv-taso-nro9\/","url_meta":{"origin":10908,"position":0},"title":"FONDI \u2013 TV-taso NRO9","author":"petri","date":"September 14, 2019","format":false,"excerpt":"T\u00e4m\u00e4 Fondi-tv-taso sopii pieniin tiloihin. Tasossa on kaksi s\u00e4ilytyslaatikkoa kodin tavaroille.Tuote toimitetaan pahvipaketissa.Koko:Leveys 80 cmkorkeus 401cmsyvyys 41 cm.Toimitusaika noin 1-2 viikkoa.V\u00e4ri valikoinen. Tilauksesta voi kannen v\u00e4rivaihtoehdoksi valita my\u00f6s aitopuuviilutetun; py\u00f6kki-, kirsikka-, p\u00e4hkin\u00e4- ja tammi v\u00e4rin.Viilu on aito luonnonmateriaali, joka muuttaa s\u00e4vy\u00e4\u00e4n ajan kuluessa muun muassa auringon ultraviolettivalon vaikutuksesta.Kysy myynnist\u00e4mme lis\u00e4tietoa\u2026","rel":"","context":"Similar post","block_context":{"text":"Similar post","link":""},"img":{"alt_text":"","src":"https:\/\/i0.wp.com\/pohjanmaantehtaanmyymala.fi\/wp-content\/uploads\/2019\/09\/Fondi_9.jpg?fit=960%2C960&ssl=1&resize=350%2C200","width":350,"height":200,"srcset":"https:\/\/i0.wp.com\/pohjanmaantehtaanmyymala.fi\/wp-content\/uploads\/2019\/09\/Fondi_9.jpg?fit=960%2C960&ssl=1&resize=350%2C200 1x, https:\/\/i0.wp.com\/pohjanmaantehtaanmyymala.fi\/wp-content\/uploads\/2019\/09\/Fondi_9.jpg?fit=960%2C960&ssl=1&resize=525%2C300 1.5x, https:\/\/i0.wp.com\/pohjanmaantehtaanmyymala.fi\/wp-content\/uploads\/2019\/09\/Fondi_9.jpg?fit=960%2C960&ssl=1&resize=700%2C400 2x"},"classes":[]},{"id":10917,"url":"https:\/\/pohjanmaantehtaanmyymala.fi\/en\/tuote\/fondi-levea-tv-taso-160cm-nro40\/","url_meta":{"origin":10908,"position":1},"title":"FONDI \u2013 leve\u00e4 TV-taso 160cm NRO40","author":"petri","date":"September 14, 2019","format":false,"excerpt":"Tyylikk\u00e4\u00e4ss\u00e4 TV-Tasossa on kaksi s\u00e4ilytyslaatikkoa, joiden lasinen yl\u00e4osa peitt\u00e4\u00e4 tason hyllyn.Tuote toimitetaan pahvipaketissa.Koko:Leveys 140 cmkorkeus 41cmsyvyys 41 cm.Toimitusaika noin 1-2 viikkoa.V\u00e4ri valikoinen. Tilauksesta voi kannen v\u00e4rivaihtoehdoksi valita my\u00f6s aitopuuviilutetun; py\u00f6kki-, kirsikka-, p\u00e4hkin\u00e4- ja tammi v\u00e4rin.Viilu on aito luonnonmateriaali, joka muuttaa s\u00e4vy\u00e4\u00e4n ajan kuluessa muun muassa auringon ultraviolettivalon vaikutuksesta.Kysy myynnist\u00e4mme lis\u00e4tietoa\u2026","rel":"","context":"Similar post","block_context":{"text":"Similar post","link":""},"img":{"alt_text":"","src":"https:\/\/i0.wp.com\/pohjanmaantehtaanmyymala.fi\/wp-content\/uploads\/2019\/09\/Fondi_160_taso_2-lt.jpg?fit=960%2C960&ssl=1&resize=350%2C200","width":350,"height":200,"srcset":"https:\/\/i0.wp.com\/pohjanmaantehtaanmyymala.fi\/wp-content\/uploads\/2019\/09\/Fondi_160_taso_2-lt.jpg?fit=960%2C960&ssl=1&resize=350%2C200 1x, https:\/\/i0.wp.com\/pohjanmaantehtaanmyymala.fi\/wp-content\/uploads\/2019\/09\/Fondi_160_taso_2-lt.jpg?fit=960%2C960&ssl=1&resize=525%2C300 1.5x, https:\/\/i0.wp.com\/pohjanmaantehtaanmyymala.fi\/wp-content\/uploads\/2019\/09\/Fondi_160_taso_2-lt.jpg?fit=960%2C960&ssl=1&resize=700%2C400 2x"},"classes":[]},{"id":10915,"url":"https:\/\/pohjanmaantehtaanmyymala.fi\/en\/tuote\/fondi-yopoyta-nro21\/","url_meta":{"origin":10908,"position":2},"title":"FONDI \u2013 y\u00f6p\u00f6yt\u00e4 NRO21","author":"petri","date":"September 14, 2019","format":false,"excerpt":"Fondi -y\u00f6p\u00f6yt\u00e4 laatikolla ja avohyllyll\u00e4.Tuote toimitetaan osaksi kasattuna kansi irrallaan pahvipaketissa.Koko:Leveys 41cmkorkeus 52 cmsyvyys 41 cm.Toimitusaika noin 1-2 viikkoa.V\u00e4ri on valikoinen. Tilauksesta voi kannen v\u00e4rivaihtoehdoksi valita my\u00f6s aitopuuviilutetun; py\u00f6kki-, kirsikka-, p\u00e4hkin\u00e4- ja tammi v\u00e4rin.Viilu on aito luonnonmateriaali, joka muuttaa s\u00e4vy\u00e4\u00e4n ajan kuluessa muun muassa auringon ultraviolettivalon vaikutuksesta.Kysy myynnist\u00e4mme lis\u00e4tietoa muista\u2026","rel":"","context":"Similar post","block_context":{"text":"Similar post","link":""},"img":{"alt_text":"","src":"https:\/\/i0.wp.com\/pohjanmaantehtaanmyymala.fi\/wp-content\/uploads\/2019\/09\/Fondi_051223_Leo-Matti.jpg?fit=960%2C960&ssl=1&resize=350%2C200","width":350,"height":200,"srcset":"https:\/\/i0.wp.com\/pohjanmaantehtaanmyymala.fi\/wp-content\/uploads\/2019\/09\/Fondi_051223_Leo-Matti.jpg?fit=960%2C960&ssl=1&resize=350%2C200 1x, https:\/\/i0.wp.com\/pohjanmaantehtaanmyymala.fi\/wp-content\/uploads\/2019\/09\/Fondi_051223_Leo-Matti.jpg?fit=960%2C960&ssl=1&resize=525%2C300 1.5x, https:\/\/i0.wp.com\/pohjanmaantehtaanmyymala.fi\/wp-content\/uploads\/2019\/09\/Fondi_051223_Leo-Matti.jpg?fit=960%2C960&ssl=1&resize=700%2C400 2x"},"classes":[]},{"id":10894,"url":"https:\/\/pohjanmaantehtaanmyymala.fi\/en\/tuote\/fondi-lipasto-nro3\/","url_meta":{"origin":10908,"position":3},"title":"FONDI \u2013 lipasto NRO3","author":"petri","date":"September 14, 2019","format":false,"excerpt":"Kotimainen valkoinen Fondi -lipasto 5:ll\u00e4 laatikollaTuote on pakattu pahvipakettiin.Koko:Leveys 41 cmkorkeus 89 cmsyvyys 41 cm.Toimitusaika noin 1-2 viikkoa.Tilauksesta voi kannen v\u00e4rivaihtoehdoksi valita my\u00f6s aitopuuviilutetun; py\u00f6kki-, kirsikka-, p\u00e4hkin\u00e4- tai tammi v\u00e4rin.Viilu on aito luonnonmateriaali, joka muuttaa s\u00e4vy\u00e4\u00e4n ajan kuluessa muun muassa auringon ultraviolettivalon vaikutuksesta.Kysy myynnist\u00e4mme lis\u00e4tietoa muista vaihtoehdoistaLeo-Matti Ojalan kauhajoella valmistamasta\u2026","rel":"","context":"Similar post","block_context":{"text":"Similar post","link":""},"img":{"alt_text":"","src":"https:\/\/i0.wp.com\/pohjanmaantehtaanmyymala.fi\/wp-content\/uploads\/2019\/09\/Fondi_3.jpg?fit=960%2C960&ssl=1&resize=350%2C200","width":350,"height":200,"srcset":"https:\/\/i0.wp.com\/pohjanmaantehtaanmyymala.fi\/wp-content\/uploads\/2019\/09\/Fondi_3.jpg?fit=960%2C960&ssl=1&resize=350%2C200 1x, https:\/\/i0.wp.com\/pohjanmaantehtaanmyymala.fi\/wp-content\/uploads\/2019\/09\/Fondi_3.jpg?fit=960%2C960&ssl=1&resize=525%2C300 1.5x, https:\/\/i0.wp.com\/pohjanmaantehtaanmyymala.fi\/wp-content\/uploads\/2019\/09\/Fondi_3.jpg?fit=960%2C960&ssl=1&resize=700%2C400 2x"},"classes":[]},{"id":10910,"url":"https:\/\/pohjanmaantehtaanmyymala.fi\/en\/tuote\/fondi-vitriini-kapea\/","url_meta":{"origin":10908,"position":4},"title":"FONDI \u2013 vitriini kapea","author":"petri","date":"September 14, 2019","format":false,"excerpt":"Tyylik\u00e4s kotimainen lasivitriini etsatullla lasiovella. Tuote toimitetaan pahvipaketissa. Koko: Leveys 41cm korkeus 151cm syvyys 41 cm. Vitriini koostuu avohyllyst\u00e4 nro13 ja lasiovesta nro14 Toimitusaika noin 1-2 viikkoa. V\u00e4ri valikoinen. Tilauksesta voi kannen v\u00e4rivaihtoehdoksi valita my\u00f6s aitopuuviilutetun; py\u00f6kki-, kirsikka-, p\u00e4hkin\u00e4- ja tammi v\u00e4rin. Viilu on aito luonnonmateriaali, joka muuttaa s\u00e4vy\u00e4\u00e4n ajan\u2026","rel":"","context":"Similar post","block_context":{"text":"Similar post","link":""},"img":{"alt_text":"Fondi vitriini yksovinen LM-ojala","src":"https:\/\/i0.wp.com\/pohjanmaantehtaanmyymala.fi\/wp-content\/uploads\/2019\/09\/Fondi-vitriini-yksovinen-LM-ojala.jpg?fit=960%2C960&ssl=1&resize=350%2C200","width":350,"height":200,"srcset":"https:\/\/i0.wp.com\/pohjanmaantehtaanmyymala.fi\/wp-content\/uploads\/2019\/09\/Fondi-vitriini-yksovinen-LM-ojala.jpg?fit=960%2C960&ssl=1&resize=350%2C200 1x, https:\/\/i0.wp.com\/pohjanmaantehtaanmyymala.fi\/wp-content\/uploads\/2019\/09\/Fondi-vitriini-yksovinen-LM-ojala.jpg?fit=960%2C960&ssl=1&resize=525%2C300 1.5x, https:\/\/i0.wp.com\/pohjanmaantehtaanmyymala.fi\/wp-content\/uploads\/2019\/09\/Fondi-vitriini-yksovinen-LM-ojala.jpg?fit=960%2C960&ssl=1&resize=700%2C400 2x"},"classes":[]},{"id":10919,"url":"https:\/\/pohjanmaantehtaanmyymala.fi\/en\/tuote\/fondi-vitriini-40-korkea\/","url_meta":{"origin":10908,"position":5},"title":"FONDI \u2013 vitriini 40 korkea","author":"petri","date":"September 14, 2019","format":false,"excerpt":"Fondi -lasivitriini etsatullla lasiovella ja laatikoilla.Tuote toimitetaan pahvipaketissa.Koko:Leveys 41cmkorkeus 185cmsyvyys 41 cm.Vitriini koostuu avohyllyst\u00e4 nro41 ja lasiovesta nro14Toimitusaika noin 1-2 viikkoa.V\u00e4ri valikoinen. Tilauksesta voi kannen v\u00e4rivaihtoehdoksi valita my\u00f6s aitopuuviilutetun; py\u00f6kki-, kirsikka-, p\u00e4hkin\u00e4- ja tammi v\u00e4rin.Viilu on aito luonnonmateriaali, joka muuttaa s\u00e4vy\u00e4\u00e4n ajan kuluessa muun muassa auringon ultraviolettivalon vaikutuksesta.Vitriinin saa my\u00f6s\u2026","rel":"","context":"Similar post","block_context":{"text":"Similar post","link":""},"img":{"alt_text":"","src":"https:\/\/i0.wp.com\/pohjanmaantehtaanmyymala.fi\/wp-content\/uploads\/2019\/09\/Fondi_korkea_40_vitriini.jpg?fit=960%2C960&ssl=1&resize=350%2C200","width":350,"height":200,"srcset":"https:\/\/i0.wp.com\/pohjanmaantehtaanmyymala.fi\/wp-content\/uploads\/2019\/09\/Fondi_korkea_40_vitriini.jpg?fit=960%2C960&ssl=1&resize=350%2C200 1x, https:\/\/i0.wp.com\/pohjanmaantehtaanmyymala.fi\/wp-content\/uploads\/2019\/09\/Fondi_korkea_40_vitriini.jpg?fit=960%2C960&ssl=1&resize=525%2C300 1.5x, https:\/\/i0.wp.com\/pohjanmaantehtaanmyymala.fi\/wp-content\/uploads\/2019\/09\/Fondi_korkea_40_vitriini.jpg?fit=960%2C960&ssl=1&resize=700%2C400 2x"},"classes":[]}],"_links":{"self":[{"href":"https:\/\/pohjanmaantehtaanmyymala.fi\/en\/wp-json\/wp\/v2\/product\/10908","targetHints":{"allow":["GET"]}}],"collection":[{"href":"https:\/\/pohjanmaantehtaanmyymala.fi\/en\/wp-json\/wp\/v2\/product"}],"about":[{"href":"https:\/\/pohjanmaantehtaanmyymala.fi\/en\/wp-json\/wp\/v2\/types\/product"}],"replies":[{"embeddable":true,"href":"https:\/\/pohjanmaantehtaanmyymala.fi\/en\/wp-json\/wp\/v2\/comments?post=10908"}],"wp:featuredmedia":[{"embeddable":true,"href":"https:\/\/pohjanmaantehtaanmyymala.fi\/en\/wp-json\/wp\/v2\/media\/10909"}],"wp:attachment":[{"href":"https:\/\/pohjanmaantehtaanmyymala.fi\/en\/wp-json\/wp\/v2\/media?parent=10908"}],"wp:term":[{"taxonomy":"product_brand","embeddable":true,"href":"https:\/\/pohjanmaantehtaanmyymala.fi\/en\/wp-json\/wp\/v2\/product_brand?post=10908"},{"taxonomy":"product_cat","embeddable":true,"href":"https:\/\/pohjanmaantehtaanmyymala.fi\/en\/wp-json\/wp\/v2\/product_cat?post=10908"},{"taxonomy":"product_tag","embeddable":true,"href":"https:\/\/pohjanmaantehtaanmyymala.fi\/en\/wp-json\/wp\/v2\/product_tag?post=10908"}],"curies":[{"name":"wp","href":"https:\/\/api.w.org\/{rel}","templated":true}]}}