{"id":10902,"date":"2019-09-14T09:56:54","date_gmt":"2019-09-14T07:56:54","guid":{"rendered":"https:\/\/pohjanmaantehtaanmyymala.fi\/tuote\/fondi-senkki-nro7\/"},"modified":"2020-10-16T17:30:16","modified_gmt":"2020-10-16T15:30:16","slug":"fondi-senkki-nro7","status":"publish","type":"product","link":"https:\/\/pohjanmaantehtaanmyymala.fi\/en\/tuote\/fondi-senkki-nro7\/","title":{"rendered":"FONDI \u2013 senkki NRO7"},"content":{"rendered":"<p>Suoralinjainen  valkoinen senkki lasiovella ja 5:lla laatikolla sopii joka kotiin t\u00e4ydellisesti<\/p>\n<p>Tuote on pakattu pahvipakettiin.<br \/>Koko:<br \/>Leveys 80 cm<br \/>korkeus 89 cm<br \/>syvyys 41 cm.<\/p>\n<p>Toimitusaika noin 1-2 viikkoa.<\/p>\n<p>Tilauksesta voi kannen v\u00e4rivaihtoehdoksi valita my\u00f6s aitopuuviilutetun; py\u00f6kki-, kirsikka-, p\u00e4hkin\u00e4- ja tammi v\u00e4rin.<br \/>Viilu on aito luonnonmateriaali, joka muuttaa s\u00e4vy\u00e4\u00e4n ajan kuluessa muun muassa auringon ultraviolettivalon vaikutuksesta.<\/p>\n<p>Kysy myynnist\u00e4mme lis\u00e4tietoa muista vaihtoehdoista<br \/>Leo-Matti Ojalan kauhajoella valmistamasta kalustesarjasta on saatavilla my\u00f6s lipastoja, tasoja, senkkej\u00e4 ja ty\u00f6p\u00f6yti\u00e4.<\/p>\n<p>Fondi -sarjan runko toimitetaan aina koottuna kansi irrallaan.<\/p>\n","protected":false},"excerpt":{"rendered":"<p>Suoralinjainen valkoinen senkki lasiovella ja 5:lla laatikolla sopii joka kotiin t\u00e4ydellisesti Tuote on pakattu pahvipakettiin.Koko:Leveys 80 cmkorkeus 89 cmsyvyys 41 cm. Toimitusaika noin 1-2 viikkoa. Tilauksesta voi kannen v\u00e4rivaihtoehdoksi valita my\u00f6s aitopuuviilutetun; py\u00f6kki-, kirsikka-, p\u00e4hkin\u00e4- ja tammi v\u00e4rin.Viilu on aito luonnonmateriaali, joka muuttaa s\u00e4vy\u00e4\u00e4n ajan kuluessa muun muassa auringon ultraviolettivalon vaikutuksesta. Kysy myynnist\u00e4mme lis\u00e4tietoa muista [&hellip;]<\/p>\n","protected":false},"featured_media":10903,"comment_status":"closed","ping_status":"open","template":"","meta":{"_acf_changed":false,"jetpack_post_was_ever_published":false,"jetpack_publicize_message":"","jetpack_publicize_feature_enabled":true,"jetpack_social_post_already_shared":true,"jetpack_social_options":{"image_generator_settings":{"template":"highway","default_image_id":0,"font":"","enabled":false},"version":2}},"product_brand":[183],"product_cat":[196],"product_tag":[],"class_list":{"0":"post-10902","1":"product","2":"type-product","3":"status-publish","4":"has-post-thumbnail","6":"product_brand-ojala","7":"product_cat-sailytyskalusteet-ja-tv-tasot","8":"product_shipping_class-161","10":"first","11":"instock","12":"purchasable","13":"product-type-simple"},"acf":[],"jetpack_publicize_connections":[],"jetpack_sharing_enabled":true,"jetpack-related-posts":[{"id":10904,"url":"https:\/\/pohjanmaantehtaanmyymala.fi\/en\/tuote\/fondi-senkki-matala-nro8\/","url_meta":{"origin":10902,"position":0},"title":"FONDI \u2013 senkki matala NRO8","author":"petri","date":"September 14, 2019","format":false,"excerpt":"Fonsi -senkki tarjoaa reilusti s\u00e4ilytystilaa kodin tavaroille.V\u00e4ri valikoinen. Tuote on pakattu pahvipakettiin.Koko:Leveys 119 cmkorkeus 89 cmsyvyys 41 cm.Toimitusaika noin 1-2 viikkoa.Tilauksesta voi kannen v\u00e4rivaihtoehdoksi valita my\u00f6s aitopuuviilutetun; py\u00f6kki-, kirsikka-, p\u00e4hkin\u00e4- ja tammi v\u00e4rin.Viilu on aito luonnonmateriaali, joka muuttaa s\u00e4vy\u00e4\u00e4n ajan kuluessa muun muassa auringon ultraviolettivalon vaikutuksesta.Kysy myynnist\u00e4mme lis\u00e4tietoa muista vaihtoehdoistaLeo-Matti\u2026","rel":"","context":"Similar post","block_context":{"text":"Similar post","link":""},"img":{"alt_text":"","src":"https:\/\/i0.wp.com\/pohjanmaantehtaanmyymala.fi\/wp-content\/uploads\/2019\/09\/Fondi_8.jpg?fit=960%2C960&ssl=1&resize=350%2C200","width":350,"height":200,"srcset":"https:\/\/i0.wp.com\/pohjanmaantehtaanmyymala.fi\/wp-content\/uploads\/2019\/09\/Fondi_8.jpg?fit=960%2C960&ssl=1&resize=350%2C200 1x, https:\/\/i0.wp.com\/pohjanmaantehtaanmyymala.fi\/wp-content\/uploads\/2019\/09\/Fondi_8.jpg?fit=960%2C960&ssl=1&resize=525%2C300 1.5x, https:\/\/i0.wp.com\/pohjanmaantehtaanmyymala.fi\/wp-content\/uploads\/2019\/09\/Fondi_8.jpg?fit=960%2C960&ssl=1&resize=700%2C400 2x"},"classes":[]},{"id":10900,"url":"https:\/\/pohjanmaantehtaanmyymala.fi\/en\/tuote\/fondi-pieni-senkki-nro6\/","url_meta":{"origin":10902,"position":1},"title":"FONDI \u2013 pieni senkki NRO6","author":"petri","date":"September 14, 2019","format":false,"excerpt":"Pieni senkki lasiovella ja 4:lla laatikolla sopii kotiisi t\u00e4ydellisestiTuote on pakattu pahvipakettiin.Koko:Leveys 80 cmkorkeus 74 cmsyvyys 41 cm.Toimitusaika noin 1-2 viikkoa.V\u00e4ri on koko valikoinen. Tilauksesta voi kannen v\u00e4rivaihtoehdoksi valita my\u00f6s aitopuuviilutetun; py\u00f6kki-, kirsikka-, p\u00e4hkin\u00e4- ja tammi v\u00e4rin.Viilu on aito luonnonmateriaali, joka muuttaa s\u00e4vy\u00e4\u00e4n ajan kuluessa muun muassa auringon ultraviolettivalon vaikutuksesta.Kysy\u2026","rel":"","context":"Similar post","block_context":{"text":"Similar post","link":""},"img":{"alt_text":"","src":"https:\/\/i0.wp.com\/pohjanmaantehtaanmyymala.fi\/wp-content\/uploads\/2019\/09\/Fondi_6.jpg?fit=960%2C960&ssl=1&resize=350%2C200","width":350,"height":200,"srcset":"https:\/\/i0.wp.com\/pohjanmaantehtaanmyymala.fi\/wp-content\/uploads\/2019\/09\/Fondi_6.jpg?fit=960%2C960&ssl=1&resize=350%2C200 1x, https:\/\/i0.wp.com\/pohjanmaantehtaanmyymala.fi\/wp-content\/uploads\/2019\/09\/Fondi_6.jpg?fit=960%2C960&ssl=1&resize=525%2C300 1.5x, https:\/\/i0.wp.com\/pohjanmaantehtaanmyymala.fi\/wp-content\/uploads\/2019\/09\/Fondi_6.jpg?fit=960%2C960&ssl=1&resize=700%2C400 2x"},"classes":[]},{"id":10794,"url":"https:\/\/pohjanmaantehtaanmyymala.fi\/en\/tuote\/klaara-senkki-matala-6\/","url_meta":{"origin":10902,"position":2},"title":"KLAARA 6 Senkki matala","author":"petri","date":"September 14, 2019","format":false,"excerpt":"Kotimainen Leo-Matti Ojalan valmistama Klaara senkki, jossa on kaksi ovea ja nelj\u00e4 laatikkoa. Klaara sarjan runko ja laatikon etusarjojen v\u00e4ri on valkoinen. Kansiv\u00e4rin voi valita valkoisen, harmaan, koivu luonnonv\u00e4risen tai ruskean v\u00e4lilt\u00e4. Tuotetiedot: Runko: maalattua mdf-levy\u00e4 Laatiko: mdf-levy\u00e4 Kansi: Koivu lv, harmaa ja ruskea kansi ovat massiivikoivua sek\u00e4 valkoinem on\u2026","rel":"","context":"Similar post","block_context":{"text":"Similar post","link":""},"img":{"alt_text":"","src":"https:\/\/i0.wp.com\/pohjanmaantehtaanmyymala.fi\/wp-content\/uploads\/2019\/09\/Klaara_matala_senkki6.jpg?fit=960%2C960&ssl=1&resize=350%2C200","width":350,"height":200,"srcset":"https:\/\/i0.wp.com\/pohjanmaantehtaanmyymala.fi\/wp-content\/uploads\/2019\/09\/Klaara_matala_senkki6.jpg?fit=960%2C960&ssl=1&resize=350%2C200 1x, https:\/\/i0.wp.com\/pohjanmaantehtaanmyymala.fi\/wp-content\/uploads\/2019\/09\/Klaara_matala_senkki6.jpg?fit=960%2C960&ssl=1&resize=525%2C300 1.5x, https:\/\/i0.wp.com\/pohjanmaantehtaanmyymala.fi\/wp-content\/uploads\/2019\/09\/Klaara_matala_senkki6.jpg?fit=960%2C960&ssl=1&resize=700%2C400 2x"},"classes":[]},{"id":10796,"url":"https:\/\/pohjanmaantehtaanmyymala.fi\/en\/tuote\/klaara-senkki-korkea-7\/","url_meta":{"origin":10902,"position":3},"title":"KLAARA 7 Senkki korkea","author":"petri","date":"September 14, 2019","format":false,"excerpt":"Kotimainen Leo-Matti Ojalan valmistama Klaara senkki, jossa on kolme ovea ja kolme laatikkoa. Klaara sarjan runko ja laatikon etusarjojen v\u00e4ri on valkoinen. Kansiv\u00e4rin voi valita valkoisen, harmaan, koivu luonnonv\u00e4risen tai ruskean v\u00e4lilt\u00e4. Tuotetiedot: Runko: maalattua mdf-levy\u00e4 Laatiko: mdf-levy\u00e4 Kansi: Koivu lv, harmaa ja ruskea kansi ovat massiivikoivua sek\u00e4 valkoinem on\u2026","rel":"","context":"Similar post","block_context":{"text":"Similar post","link":""},"img":{"alt_text":"","src":"https:\/\/i0.wp.com\/pohjanmaantehtaanmyymala.fi\/wp-content\/uploads\/2019\/09\/Klaara-senkki33.jpg?fit=960%2C960&ssl=1&resize=350%2C200","width":350,"height":200,"srcset":"https:\/\/i0.wp.com\/pohjanmaantehtaanmyymala.fi\/wp-content\/uploads\/2019\/09\/Klaara-senkki33.jpg?fit=960%2C960&ssl=1&resize=350%2C200 1x, https:\/\/i0.wp.com\/pohjanmaantehtaanmyymala.fi\/wp-content\/uploads\/2019\/09\/Klaara-senkki33.jpg?fit=960%2C960&ssl=1&resize=525%2C300 1.5x, https:\/\/i0.wp.com\/pohjanmaantehtaanmyymala.fi\/wp-content\/uploads\/2019\/09\/Klaara-senkki33.jpg?fit=960%2C960&ssl=1&resize=700%2C400 2x"},"classes":[]},{"id":9079,"url":"https:\/\/pohjanmaantehtaanmyymala.fi\/en\/tuote\/filippa-senkki-150cm\/","url_meta":{"origin":10902,"position":4},"title":"FILIPPA &#8211; senkki 150cm","author":"petri","date":"September 14, 2019","format":false,"excerpt":"Tyylik\u00e4s iso 150cm massiivitamminen Filippa-senkki Rowicon mallistosta! Rowicon upealla Filippa sarjalla sisustat kotisi kauniisti sarjasta l\u00f6ytyy lipastot senkit vitriinit ruokap\u00f6yd\u00e4t ja tuolit! Kannen v\u00e4rivaihtoehtoja ovat Tammi Valkopesty tammi ja Ruskea. Rungon v\u00e4rit: Valkoinen valkopesty tammi ja tammi. Tuotetiedot: Ovissa ja laatikoissa hidastinmekanismit. Toimitetaan kasattuna vain jalat ovat irrallaan.","rel":"","context":"Similar post","block_context":{"text":"Similar post","link":""},"img":{"alt_text":"","src":"https:\/\/i0.wp.com\/pohjanmaantehtaanmyymala.fi\/wp-content\/uploads\/2019\/06\/113776-a-Filippa-R.jpg?fit=960%2C960&ssl=1&resize=350%2C200","width":350,"height":200,"srcset":"https:\/\/i0.wp.com\/pohjanmaantehtaanmyymala.fi\/wp-content\/uploads\/2019\/06\/113776-a-Filippa-R.jpg?fit=960%2C960&ssl=1&resize=350%2C200 1x, https:\/\/i0.wp.com\/pohjanmaantehtaanmyymala.fi\/wp-content\/uploads\/2019\/06\/113776-a-Filippa-R.jpg?fit=960%2C960&ssl=1&resize=525%2C300 1.5x, https:\/\/i0.wp.com\/pohjanmaantehtaanmyymala.fi\/wp-content\/uploads\/2019\/06\/113776-a-Filippa-R.jpg?fit=960%2C960&ssl=1&resize=700%2C400 2x"},"classes":[]},{"id":8923,"url":"https:\/\/pohjanmaantehtaanmyymala.fi\/en\/tuote\/forte-senkki\/","url_meta":{"origin":10902,"position":5},"title":"FORTE &#8211; senkki 135 cm","author":"petri","date":"September 14, 2019","format":false,"excerpt":"Trendik\u00e4s ja tyylik\u00e4s senkki valkoisella levykannella ja metallijaloilla. Senkin ovikaappien takana olevassa tilassa on yksi v\u00e4lihylly jonka korkeutta voi s\u00e4\u00e4t\u00e4\u00e4. Tuotetiedot: Runko: Valkoista kalustelevy\u00e4, paksuus 18 mm Etusarjat: Maalattua valkoista MDF-levy\u00e4 Kansi: 8 mm paksu, valkoinen levy Jalat: Valkoiseksi maalattua metallia Laatikoissa ja ovissa: Ponnahdusmekanismi Tuotteen valmiusaste: Toimitetaan valmiiksi koottuna,\u2026","rel":"","context":"Similar post","block_context":{"text":"Similar post","link":""},"img":{"alt_text":"","src":"https:\/\/i0.wp.com\/pohjanmaantehtaanmyymala.fi\/wp-content\/uploads\/2019\/06\/Y07-2102-010-FORTE-Senkki-135cm.jpg?fit=960%2C960&ssl=1&resize=350%2C200","width":350,"height":200,"srcset":"https:\/\/i0.wp.com\/pohjanmaantehtaanmyymala.fi\/wp-content\/uploads\/2019\/06\/Y07-2102-010-FORTE-Senkki-135cm.jpg?fit=960%2C960&ssl=1&resize=350%2C200 1x, https:\/\/i0.wp.com\/pohjanmaantehtaanmyymala.fi\/wp-content\/uploads\/2019\/06\/Y07-2102-010-FORTE-Senkki-135cm.jpg?fit=960%2C960&ssl=1&resize=525%2C300 1.5x, https:\/\/i0.wp.com\/pohjanmaantehtaanmyymala.fi\/wp-content\/uploads\/2019\/06\/Y07-2102-010-FORTE-Senkki-135cm.jpg?fit=960%2C960&ssl=1&resize=700%2C400 2x"},"classes":[]}],"_links":{"self":[{"href":"https:\/\/pohjanmaantehtaanmyymala.fi\/en\/wp-json\/wp\/v2\/product\/10902","targetHints":{"allow":["GET"]}}],"collection":[{"href":"https:\/\/pohjanmaantehtaanmyymala.fi\/en\/wp-json\/wp\/v2\/product"}],"about":[{"href":"https:\/\/pohjanmaantehtaanmyymala.fi\/en\/wp-json\/wp\/v2\/types\/product"}],"replies":[{"embeddable":true,"href":"https:\/\/pohjanmaantehtaanmyymala.fi\/en\/wp-json\/wp\/v2\/comments?post=10902"}],"wp:featuredmedia":[{"embeddable":true,"href":"https:\/\/pohjanmaantehtaanmyymala.fi\/en\/wp-json\/wp\/v2\/media\/10903"}],"wp:attachment":[{"href":"https:\/\/pohjanmaantehtaanmyymala.fi\/en\/wp-json\/wp\/v2\/media?parent=10902"}],"wp:term":[{"taxonomy":"product_brand","embeddable":true,"href":"https:\/\/pohjanmaantehtaanmyymala.fi\/en\/wp-json\/wp\/v2\/product_brand?post=10902"},{"taxonomy":"product_cat","embeddable":true,"href":"https:\/\/pohjanmaantehtaanmyymala.fi\/en\/wp-json\/wp\/v2\/product_cat?post=10902"},{"taxonomy":"product_tag","embeddable":true,"href":"https:\/\/pohjanmaantehtaanmyymala.fi\/en\/wp-json\/wp\/v2\/product_tag?post=10902"}],"curies":[{"name":"wp","href":"https:\/\/api.w.org\/{rel}","templated":true}]}}