{"id":10884,"date":"2019-09-14T09:56:12","date_gmt":"2019-09-14T07:56:12","guid":{"rendered":"https:\/\/pohjanmaantehtaanmyymala.fi\/tuote\/aina-exlusive-petauspatja\/"},"modified":"2025-12-10T16:55:36","modified_gmt":"2025-12-10T14:55:36","slug":"aina-exlusive-petauspatja","status":"publish","type":"product","link":"https:\/\/pohjanmaantehtaanmyymala.fi\/en\/tuote\/aina-exlusive-petauspatja\/","title":{"rendered":"EDEN &#8211; Exclusive petauspatjat"},"content":{"rendered":"<p>Muotoutuva viskoelastinen ja ylellisen pehme\u00e4 Eden Exclusive -petauspatja. Kotimainen N\u00e4rpi\u00f6ss\u00e4 valmistettu Eden exclusive- petauspatja kehon l\u00e4mp\u00f6\u00f6n reagoivalla Exclusive \u00e4l\u00e4ypehmusteella. Kaikissa Eden- sijauspatjoissa on irroitettava ja vesipest\u00e4v\u00e4 joustokangasp\u00e4\u00e4llinen.<\/p>\n<p>Kysy p\u00e4iv\u00e4n tarjous <a href=\"https:\/\/pohjanmaantehtaanmyymala.fi\/yhteys\/\">myynnist\u00e4mme!<\/a><\/p>\n<h3>Tuotetiedot:<\/h3>\n<p>P\u00e4\u00e4llinen irroitettava, vesipest\u00e4v\u00e4 josutokangas p\u00e4\u00e4llinen. Vesipesu 60 asteessa.<br \/>\nSisus 70 mm:n profiloitu, kehon l\u00e4mp\u00f6\u00f6n ja painoon reagoivaa eroikoispehme\u00e4\u00e4 viskoelastista vaahtomuovia. Ominaispaino 65 kg\/m\u00b3.<\/p>\n<p>Petauspatja kokonaispaksuus on n. 9 cm.<\/p>\n<p>Koot: 80&#215;200, 90&#215;200, 120&#215;200, 140&#215;200, 160&#215;200 ja 180&#215;200 cm.<\/p>\n","protected":false},"excerpt":{"rendered":"<p>L\u00e4mm\u00f6n ja painon vaikutuksesta mukautuva sijauspatja. Valitse koko alta!<\/p>\n","protected":false},"featured_media":10885,"comment_status":"closed","ping_status":"closed","template":"","meta":{"_acf_changed":false,"jetpack_post_was_ever_published":false,"jetpack_publicize_message":"","jetpack_publicize_feature_enabled":true,"jetpack_social_post_already_shared":true,"jetpack_social_options":{"image_generator_settings":{"template":"highway","default_image_id":0,"font":"","enabled":false},"version":2}},"product_brand":[203],"product_cat":[198,615],"product_tag":[],"class_list":{"0":"post-10884","1":"product","2":"type-product","3":"status-publish","4":"has-post-thumbnail","6":"product_brand-hilding","7":"product_cat-patjat-ja-sangyt","8":"product_cat-petauspatjat","9":"product_shipping_class-161","10":"pa_koko-120x200-cm","11":"pa_koko-140x200-cm","12":"pa_koko-160x200-cm","13":"pa_koko-180x200-cm","14":"pa_koko-80x200-cm","15":"pa_koko-90x200-cm","17":"first","18":"instock","19":"sale","20":"purchasable","21":"product-type-variable","22":"has-default-attributes"},"acf":[],"jetpack_publicize_connections":[],"jetpack_sharing_enabled":true,"jetpack-related-posts":[{"id":10393,"url":"https:\/\/pohjanmaantehtaanmyymala.fi\/en\/tuote\/aina-runkopatja-80x200-cm-petari-ei-sis-hintaan\/","url_meta":{"origin":10884,"position":0},"title":"EDEN 7 ergo -runkopatja 80&#215;200 cm petauspatjalla","author":"petri","date":"September 14, 2019","format":false,"excerpt":"Pintapaineita ehk\u00e4isev\u00e4, kehon l\u00e4mp\u00f6\u00f6n ja painoon reakoiva s\u00e4nky. Kaksi eri j\u00e4ykkyyt\u00e4 ja viisi eri v\u00e4ri\u00e4.","rel":"","context":"Similar post","block_context":{"text":"Similar post","link":""},"img":{"alt_text":"Eden 7 runkopatja 80x200 cm petauspatjalla grafiitti runko ja tammiset jalat","src":"https:\/\/i0.wp.com\/pohjanmaantehtaanmyymala.fi\/wp-content\/uploads\/2019\/09\/Hilding-Ergo_eden_7_muotoutuva_runko_80.jpg?fit=1200%2C1039&ssl=1&resize=350%2C200","width":350,"height":200,"srcset":"https:\/\/i0.wp.com\/pohjanmaantehtaanmyymala.fi\/wp-content\/uploads\/2019\/09\/Hilding-Ergo_eden_7_muotoutuva_runko_80.jpg?fit=1200%2C1039&ssl=1&resize=350%2C200 1x, https:\/\/i0.wp.com\/pohjanmaantehtaanmyymala.fi\/wp-content\/uploads\/2019\/09\/Hilding-Ergo_eden_7_muotoutuva_runko_80.jpg?fit=1200%2C1039&ssl=1&resize=525%2C300 1.5x, https:\/\/i0.wp.com\/pohjanmaantehtaanmyymala.fi\/wp-content\/uploads\/2019\/09\/Hilding-Ergo_eden_7_muotoutuva_runko_80.jpg?fit=1200%2C1039&ssl=1&resize=700%2C400 2x, https:\/\/i0.wp.com\/pohjanmaantehtaanmyymala.fi\/wp-content\/uploads\/2019\/09\/Hilding-Ergo_eden_7_muotoutuva_runko_80.jpg?fit=1200%2C1039&ssl=1&resize=1050%2C600 3x"},"classes":[]},{"id":10395,"url":"https:\/\/pohjanmaantehtaanmyymala.fi\/en\/tuote\/aina-runkopatja-90x200-cm-petari-ei-sis-hintaan\/","url_meta":{"origin":10884,"position":1},"title":"EDEN 7 ergo -runkopatja 90&#215;200 cm petauspatjalla","author":"petri","date":"September 14, 2019","format":false,"excerpt":"Pintapaineita ehk\u00e4isev\u00e4, kehon l\u00e4mp\u00f6\u00f6n ja painoon reakoiva s\u00e4nky, valitse 2 eri j\u00e4ykkyyt\u00e4 3 eri\u00a0 runkov\u00e4ri\u00e4.","rel":"","context":"Similar post","block_context":{"text":"Similar post","link":""},"img":{"alt_text":"Eden 7 runkopatja petauspatjalla grafiitti runko ja tammiset jalat","src":"https:\/\/i0.wp.com\/pohjanmaantehtaanmyymala.fi\/wp-content\/uploads\/2019\/09\/Hilding-Ergo_eden_7_muotoutuva_runko.jpg?fit=1200%2C1039&ssl=1&resize=350%2C200","width":350,"height":200,"srcset":"https:\/\/i0.wp.com\/pohjanmaantehtaanmyymala.fi\/wp-content\/uploads\/2019\/09\/Hilding-Ergo_eden_7_muotoutuva_runko.jpg?fit=1200%2C1039&ssl=1&resize=350%2C200 1x, https:\/\/i0.wp.com\/pohjanmaantehtaanmyymala.fi\/wp-content\/uploads\/2019\/09\/Hilding-Ergo_eden_7_muotoutuva_runko.jpg?fit=1200%2C1039&ssl=1&resize=525%2C300 1.5x, https:\/\/i0.wp.com\/pohjanmaantehtaanmyymala.fi\/wp-content\/uploads\/2019\/09\/Hilding-Ergo_eden_7_muotoutuva_runko.jpg?fit=1200%2C1039&ssl=1&resize=700%2C400 2x, https:\/\/i0.wp.com\/pohjanmaantehtaanmyymala.fi\/wp-content\/uploads\/2019\/09\/Hilding-Ergo_eden_7_muotoutuva_runko.jpg?fit=1200%2C1039&ssl=1&resize=1050%2C600 3x"},"classes":[]},{"id":28220,"url":"https:\/\/pohjanmaantehtaanmyymala.fi\/en\/tuote\/eden-comfort-petauspatja\/","url_meta":{"origin":10884,"position":2},"title":"EDEN Comfort petauspatja","author":"Sami Viitala","date":"December 14, 2024","format":false,"excerpt":"Eden-sarjan miellytt\u00e4v\u00e4n pehme\u00e4 Comfort sijauspatja. Valitse koko alta!","rel":"","context":"Similar post","block_context":{"text":"Similar post","link":""},"img":{"alt_text":"EDEN comfort-premium- ja exclusive petauspatja","src":"https:\/\/i0.wp.com\/pohjanmaantehtaanmyymala.fi\/wp-content\/uploads\/2024\/11\/Comfort-Premium-ja-Exclusive-petauspatjat.jpg?fit=960%2C960&ssl=1&resize=350%2C200","width":350,"height":200,"srcset":"https:\/\/i0.wp.com\/pohjanmaantehtaanmyymala.fi\/wp-content\/uploads\/2024\/11\/Comfort-Premium-ja-Exclusive-petauspatjat.jpg?fit=960%2C960&ssl=1&resize=350%2C200 1x, https:\/\/i0.wp.com\/pohjanmaantehtaanmyymala.fi\/wp-content\/uploads\/2024\/11\/Comfort-Premium-ja-Exclusive-petauspatjat.jpg?fit=960%2C960&ssl=1&resize=525%2C300 1.5x, https:\/\/i0.wp.com\/pohjanmaantehtaanmyymala.fi\/wp-content\/uploads\/2024\/11\/Comfort-Premium-ja-Exclusive-petauspatjat.jpg?fit=960%2C960&ssl=1&resize=700%2C400 2x"},"classes":[]},{"id":22364,"url":"https:\/\/pohjanmaantehtaanmyymala.fi\/en\/tuote\/eden-premiun-petauspatja\/","url_meta":{"origin":10884,"position":3},"title":"EDEN Premiun petauspatja","author":"Sami Viitala","date":"January 30, 2023","format":false,"excerpt":"Eden-sarjan suosituin sijauspatja Stylex-sisustuksella. Valitse koko alta!","rel":"","context":"Similar post","block_context":{"text":"Similar post","link":""},"img":{"alt_text":"","src":"https:\/\/i0.wp.com\/pohjanmaantehtaanmyymala.fi\/wp-content\/uploads\/2019\/09\/Aina_Exlusive_Petauspatja_lajitelma.jpg?fit=800%2C800&ssl=1&resize=350%2C200","width":350,"height":200,"srcset":"https:\/\/i0.wp.com\/pohjanmaantehtaanmyymala.fi\/wp-content\/uploads\/2019\/09\/Aina_Exlusive_Petauspatja_lajitelma.jpg?fit=800%2C800&ssl=1&resize=350%2C200 1x, https:\/\/i0.wp.com\/pohjanmaantehtaanmyymala.fi\/wp-content\/uploads\/2019\/09\/Aina_Exlusive_Petauspatja_lajitelma.jpg?fit=800%2C800&ssl=1&resize=525%2C300 1.5x, https:\/\/i0.wp.com\/pohjanmaantehtaanmyymala.fi\/wp-content\/uploads\/2019\/09\/Aina_Exlusive_Petauspatja_lajitelma.jpg?fit=800%2C800&ssl=1&resize=700%2C400 2x"},"classes":[]},{"id":10401,"url":"https:\/\/pohjanmaantehtaanmyymala.fi\/en\/tuote\/aina-viskoelastinen-runkopatjasetti-160-cm-levea\/","url_meta":{"origin":10884,"position":4},"title":"EDEN 7 ergo runkopatjasetti 160&#215;200 cm","author":"petri","date":"September 14, 2019","format":false,"excerpt":"T\u00e4ysin jouseton Eden 7 ergo -runkos\u00e4nky l\u00e4mm\u00f6n ja nukkujan painon mukaan muotoutuvalla viskovaahtomuovi -rakenteella. T\u00e4m\u00e4 ergonominen s\u00e4nkysetti sis\u00e4lt\u00e4\u00e4 160 cm leve\u00e4n Ecxlusive-petauspatjan kaksi 80 cm leve\u00e4\u00e4 runkopatjaa ja jalat. Eden 7 -runkopatjoissa ylempi kerros on l\u00e4mp\u00f6\u00f6n reagoivaa korkealaatuista ja kest\u00e4v\u00e4\u00e4 pienisoluista viskoosimateriaalia joka palautuu muotoonsa noustuasi patjalta. Viskoelastisen kerroksen alla\u2026","rel":"","context":"Similar post","block_context":{"text":"Similar post","link":""},"img":{"alt_text":"Eden 7 muotoutuva runkos\u00e4nkykokonaisuus Exclusive-petauspatjalla 160 x200 cm","src":"https:\/\/i0.wp.com\/pohjanmaantehtaanmyymala.fi\/wp-content\/uploads\/2019\/09\/Hilding-Ergo_eden_7_muotoutuva_runkopatjasetti.jpg?fit=1200%2C914&ssl=1&resize=350%2C200","width":350,"height":200,"srcset":"https:\/\/i0.wp.com\/pohjanmaantehtaanmyymala.fi\/wp-content\/uploads\/2019\/09\/Hilding-Ergo_eden_7_muotoutuva_runkopatjasetti.jpg?fit=1200%2C914&ssl=1&resize=350%2C200 1x, https:\/\/i0.wp.com\/pohjanmaantehtaanmyymala.fi\/wp-content\/uploads\/2019\/09\/Hilding-Ergo_eden_7_muotoutuva_runkopatjasetti.jpg?fit=1200%2C914&ssl=1&resize=525%2C300 1.5x, https:\/\/i0.wp.com\/pohjanmaantehtaanmyymala.fi\/wp-content\/uploads\/2019\/09\/Hilding-Ergo_eden_7_muotoutuva_runkopatjasetti.jpg?fit=1200%2C914&ssl=1&resize=700%2C400 2x, https:\/\/i0.wp.com\/pohjanmaantehtaanmyymala.fi\/wp-content\/uploads\/2019\/09\/Hilding-Ergo_eden_7_muotoutuva_runkopatjasetti.jpg?fit=1200%2C914&ssl=1&resize=1050%2C600 3x"},"classes":[]},{"id":10396,"url":"https:\/\/pohjanmaantehtaanmyymala.fi\/en\/tuote\/aina-jenkkisanky-160x200-cm\/","url_meta":{"origin":10884,"position":5},"title":"EDEN 7 ergo jenkkis\u00e4nky 160&#215;200 cm petauspatjalla","author":"petri","date":"September 14, 2019","format":false,"excerpt":"Valitse malli ja v\u00e4ri alta!","rel":"","context":"Similar post","block_context":{"text":"Similar post","link":""},"img":{"alt_text":"Eden 7 muotoutuva jenkkis\u00e4nky Exclusive-petauspatjalla 160 x200 cm","src":"https:\/\/i0.wp.com\/pohjanmaantehtaanmyymala.fi\/wp-content\/uploads\/2019\/09\/Eden_7_muotoutuva_jenkki_160-e1761580749693.jpg?fit=1000%2C770&ssl=1&resize=350%2C200","width":350,"height":200,"srcset":"https:\/\/i0.wp.com\/pohjanmaantehtaanmyymala.fi\/wp-content\/uploads\/2019\/09\/Eden_7_muotoutuva_jenkki_160-e1761580749693.jpg?fit=1000%2C770&ssl=1&resize=350%2C200 1x, https:\/\/i0.wp.com\/pohjanmaantehtaanmyymala.fi\/wp-content\/uploads\/2019\/09\/Eden_7_muotoutuva_jenkki_160-e1761580749693.jpg?fit=1000%2C770&ssl=1&resize=525%2C300 1.5x, https:\/\/i0.wp.com\/pohjanmaantehtaanmyymala.fi\/wp-content\/uploads\/2019\/09\/Eden_7_muotoutuva_jenkki_160-e1761580749693.jpg?fit=1000%2C770&ssl=1&resize=700%2C400 2x"},"classes":[]}],"_links":{"self":[{"href":"https:\/\/pohjanmaantehtaanmyymala.fi\/en\/wp-json\/wp\/v2\/product\/10884","targetHints":{"allow":["GET"]}}],"collection":[{"href":"https:\/\/pohjanmaantehtaanmyymala.fi\/en\/wp-json\/wp\/v2\/product"}],"about":[{"href":"https:\/\/pohjanmaantehtaanmyymala.fi\/en\/wp-json\/wp\/v2\/types\/product"}],"replies":[{"embeddable":true,"href":"https:\/\/pohjanmaantehtaanmyymala.fi\/en\/wp-json\/wp\/v2\/comments?post=10884"}],"wp:featuredmedia":[{"embeddable":true,"href":"https:\/\/pohjanmaantehtaanmyymala.fi\/en\/wp-json\/wp\/v2\/media\/10885"}],"wp:attachment":[{"href":"https:\/\/pohjanmaantehtaanmyymala.fi\/en\/wp-json\/wp\/v2\/media?parent=10884"}],"wp:term":[{"taxonomy":"product_brand","embeddable":true,"href":"https:\/\/pohjanmaantehtaanmyymala.fi\/en\/wp-json\/wp\/v2\/product_brand?post=10884"},{"taxonomy":"product_cat","embeddable":true,"href":"https:\/\/pohjanmaantehtaanmyymala.fi\/en\/wp-json\/wp\/v2\/product_cat?post=10884"},{"taxonomy":"product_tag","embeddable":true,"href":"https:\/\/pohjanmaantehtaanmyymala.fi\/en\/wp-json\/wp\/v2\/product_tag?post=10884"}],"curies":[{"name":"wp","href":"https:\/\/api.w.org\/{rel}","templated":true}]}}