{"id":10883,"date":"2019-09-14T09:56:09","date_gmt":"2019-09-14T07:56:09","guid":{"rendered":"https:\/\/pohjanmaantehtaanmyymala.fi\/tuote\/eden-1-petauspatja-profiloitu-tarjous\/"},"modified":"2025-12-10T17:01:12","modified_gmt":"2025-12-10T15:01:12","slug":"eden-1-petauspatja-profiloitu-tarjous","status":"publish","type":"product","link":"https:\/\/pohjanmaantehtaanmyymala.fi\/en\/tuote\/eden-1-petauspatja-profiloitu-tarjous\/","title":{"rendered":"EDEN 1 petauspatja 8 cm paksu eri kokoja"},"content":{"rendered":"<p>Kotimainen 8 cm paksu Profiloitu Eden 1 sijauspatja.<\/p>\n<p>Hilding Andersin Suomessa valmistamassa petauspatjassa on kaunis valkoinen joustokangasp\u00e4\u00e4llinen.<br \/>\nSisus on profiloitua vaatomuovia, jonka ansioista se muotoutuu vartalon alla tasaisesti.<br \/>\nPetauspatjaa on saatavilla useassa eri kossa; 80, 90, 120, 140, 160 ja 180 cm leve\u00e4n\u00e4.<br \/>\nHanki kotimainen laadukas petauspatja s\u00e4nkyysi edullisesti Tehtaanmyym\u00e4l\u00e4st\u00e4!<\/p>\n<p>Tiedot:p\u00e4\u00e4llinen vanutikattua joustokudoskangasta, vesipest\u00e4v\u00e4.<br \/>\nsisus: E23 -luokan vaahtomuovia, paksuus 80 mm.<br \/>\nTuote on pakattu muoviin.<\/p>\n<p>Eden s\u00e4nkysarjan toimitusaika on n. 2 viikkoa tilauksesta.<\/p>\n","protected":false},"excerpt":{"rendered":"<p>Hilding Andersin Suomessa valmistamassa petauspatjassa on kaunis valkoinen joustokangasp\u00e4\u00e4llinen. Valitse koko!<\/p>\n","protected":false},"featured_media":13935,"comment_status":"closed","ping_status":"closed","template":"","meta":{"_acf_changed":false,"jetpack_post_was_ever_published":false,"jetpack_publicize_message":"","jetpack_publicize_feature_enabled":true,"jetpack_social_post_already_shared":true,"jetpack_social_options":{"image_generator_settings":{"template":"highway","default_image_id":0,"font":"","enabled":false},"version":2}},"product_brand":[203],"product_cat":[198,615],"product_tag":[],"class_list":{"0":"post-10883","1":"product","2":"type-product","3":"status-publish","4":"has-post-thumbnail","6":"product_brand-hilding","7":"product_cat-patjat-ja-sangyt","8":"product_cat-petauspatjat","9":"product_shipping_class-161","10":"pa_koko-120x200-cm","11":"pa_koko-140x200-cm","12":"pa_koko-160x200-cm","13":"pa_koko-180x200-cm","14":"pa_koko-80x200-cm","15":"pa_koko-90x200-cm","17":"first","18":"instock","19":"sale","20":"purchasable","21":"product-type-variable","22":"has-default-attributes"},"acf":[],"jetpack_publicize_connections":[],"jetpack_sharing_enabled":true,"jetpack-related-posts":[{"id":10881,"url":"https:\/\/pohjanmaantehtaanmyymala.fi\/en\/tuote\/eden-1-petauspatja-profiloitu-80-cm-levea\/","url_meta":{"origin":10883,"position":0},"title":"EDEN 1 -petauspatja 80x200x5 cm","author":"petri","date":"September 14, 2019","format":false,"excerpt":"Hilding Andersin Suomessa valmistamassa petauspatjassa on kaunis valkoinen joustokangasp\u00e4\u00e4llinen.","rel":"","context":"Similar post","block_context":{"text":"Similar post","link":""},"img":{"alt_text":"Eden 1-petauspatja 90x200x5cm","src":"https:\/\/i0.wp.com\/pohjanmaantehtaanmyymala.fi\/wp-content\/uploads\/2019\/09\/Eden_1-petauspatja_90x200x5cm.jpg?fit=1200%2C1200&ssl=1&resize=350%2C200","width":350,"height":200,"srcset":"https:\/\/i0.wp.com\/pohjanmaantehtaanmyymala.fi\/wp-content\/uploads\/2019\/09\/Eden_1-petauspatja_90x200x5cm.jpg?fit=1200%2C1200&ssl=1&resize=350%2C200 1x, https:\/\/i0.wp.com\/pohjanmaantehtaanmyymala.fi\/wp-content\/uploads\/2019\/09\/Eden_1-petauspatja_90x200x5cm.jpg?fit=1200%2C1200&ssl=1&resize=525%2C300 1.5x, https:\/\/i0.wp.com\/pohjanmaantehtaanmyymala.fi\/wp-content\/uploads\/2019\/09\/Eden_1-petauspatja_90x200x5cm.jpg?fit=1200%2C1200&ssl=1&resize=700%2C400 2x, https:\/\/i0.wp.com\/pohjanmaantehtaanmyymala.fi\/wp-content\/uploads\/2019\/09\/Eden_1-petauspatja_90x200x5cm.jpg?fit=1200%2C1200&ssl=1&resize=1050%2C600 3x"},"classes":[]},{"id":10882,"url":"https:\/\/pohjanmaantehtaanmyymala.fi\/en\/tuote\/eden-1-petauspatja-profiloitu-90-cm-levea\/","url_meta":{"origin":10883,"position":1},"title":"EDEN 1 -petauspatja 90x200x5 cm","author":"petri","date":"September 14, 2019","format":false,"excerpt":"Hilding Andersin Suomessa valmistamassa petauspatjassa on kaunis valkoinen joustokangasp\u00e4\u00e4llinen.","rel":"","context":"Similar post","block_context":{"text":"Similar post","link":""},"img":{"alt_text":"Eden 1-petauspatja 90x200x5cm","src":"https:\/\/i0.wp.com\/pohjanmaantehtaanmyymala.fi\/wp-content\/uploads\/2019\/09\/Eden_1-petauspatja_90x200x5cm.jpg?fit=1200%2C1200&ssl=1&resize=350%2C200","width":350,"height":200,"srcset":"https:\/\/i0.wp.com\/pohjanmaantehtaanmyymala.fi\/wp-content\/uploads\/2019\/09\/Eden_1-petauspatja_90x200x5cm.jpg?fit=1200%2C1200&ssl=1&resize=350%2C200 1x, https:\/\/i0.wp.com\/pohjanmaantehtaanmyymala.fi\/wp-content\/uploads\/2019\/09\/Eden_1-petauspatja_90x200x5cm.jpg?fit=1200%2C1200&ssl=1&resize=525%2C300 1.5x, https:\/\/i0.wp.com\/pohjanmaantehtaanmyymala.fi\/wp-content\/uploads\/2019\/09\/Eden_1-petauspatja_90x200x5cm.jpg?fit=1200%2C1200&ssl=1&resize=700%2C400 2x, https:\/\/i0.wp.com\/pohjanmaantehtaanmyymala.fi\/wp-content\/uploads\/2019\/09\/Eden_1-petauspatja_90x200x5cm.jpg?fit=1200%2C1200&ssl=1&resize=1050%2C600 3x"},"classes":[]},{"id":28628,"url":"https:\/\/pohjanmaantehtaanmyymala.fi\/en\/tuote\/eden-1-sankysetti-180x200-cm-muhkealla-petauspatjalla\/","url_meta":{"origin":10883,"position":2},"title":"EDEN 1 s\u00e4nkysetti 180&#215;200 cm muhkealla petauspatjalla","author":"Sami Viitala","date":"August 21, 2025","format":false,"excerpt":"T\u00e4st\u00e4 kotimainen laadukas s\u00e4nkysetti edullisesti!","rel":"","context":"Similar post","block_context":{"text":"Similar post","link":""},"img":{"alt_text":"Hilding runkopatjasetti 180 cm leve\u00e4n\u00e4 jossa on 8 cm paksu profiloitu sijauspatja ja mustat jalat","src":"https:\/\/i0.wp.com\/pohjanmaantehtaanmyymala.fi\/wp-content\/uploads\/2025\/08\/Eden1-runkosanky-180cm.jpg?fit=1000%2C1000&ssl=1&resize=350%2C200","width":350,"height":200,"srcset":"https:\/\/i0.wp.com\/pohjanmaantehtaanmyymala.fi\/wp-content\/uploads\/2025\/08\/Eden1-runkosanky-180cm.jpg?fit=1000%2C1000&ssl=1&resize=350%2C200 1x, https:\/\/i0.wp.com\/pohjanmaantehtaanmyymala.fi\/wp-content\/uploads\/2025\/08\/Eden1-runkosanky-180cm.jpg?fit=1000%2C1000&ssl=1&resize=525%2C300 1.5x, https:\/\/i0.wp.com\/pohjanmaantehtaanmyymala.fi\/wp-content\/uploads\/2025\/08\/Eden1-runkosanky-180cm.jpg?fit=1000%2C1000&ssl=1&resize=700%2C400 2x"},"classes":[]},{"id":28666,"url":"https:\/\/pohjanmaantehtaanmyymala.fi\/en\/tuote\/eden-1-runkosanky-120x200-cm-muhkealla-petauspatjalla\/","url_meta":{"origin":10883,"position":3},"title":"EDEN 1 runkos\u00e4nky 120&#215;200 cm muhkealla petauspatjalla","author":"Sami Viitala","date":"August 22, 2025","format":false,"excerpt":"Hilding Andersin valmistamassa s\u00e4ngyssa on vartola tukeva pussijousitus.","rel":"","context":"Similar post","block_context":{"text":"Similar post","link":""},"img":{"alt_text":"Hildind Anders Eden 120 cm leve\u00e4 runkos\u00e4nky petauspatjalla ja mustilla jaloilla.","src":"https:\/\/i0.wp.com\/pohjanmaantehtaanmyymala.fi\/wp-content\/uploads\/2025\/08\/Eden_1_runkopatja_120.jpg?fit=1000%2C1000&ssl=1&resize=350%2C200","width":350,"height":200,"srcset":"https:\/\/i0.wp.com\/pohjanmaantehtaanmyymala.fi\/wp-content\/uploads\/2025\/08\/Eden_1_runkopatja_120.jpg?fit=1000%2C1000&ssl=1&resize=350%2C200 1x, https:\/\/i0.wp.com\/pohjanmaantehtaanmyymala.fi\/wp-content\/uploads\/2025\/08\/Eden_1_runkopatja_120.jpg?fit=1000%2C1000&ssl=1&resize=525%2C300 1.5x, https:\/\/i0.wp.com\/pohjanmaantehtaanmyymala.fi\/wp-content\/uploads\/2025\/08\/Eden_1_runkopatja_120.jpg?fit=1000%2C1000&ssl=1&resize=700%2C400 2x"},"classes":[]},{"id":28618,"url":"https:\/\/pohjanmaantehtaanmyymala.fi\/en\/tuote\/eden-1-sankysetti-160x200-cm-muhkealla-petauspatjalla\/","url_meta":{"origin":10883,"position":4},"title":"EDEN 1 s\u00e4nkysetti 160&#215;200 cm muhkealla petauspatjalla","author":"Sami Viitala","date":"August 21, 2025","format":false,"excerpt":"T\u00e4st\u00e4 kotimainen laadukas runkos\u00e4nkysetti edullisesti!","rel":"","context":"Similar post","block_context":{"text":"Similar post","link":""},"img":{"alt_text":"Hilding Eden runkopatjasetti leveys 160 cm muhkealla 8 cm paksulla petauspatjalla ja mustilla jaloilla.","src":"https:\/\/i0.wp.com\/pohjanmaantehtaanmyymala.fi\/wp-content\/uploads\/2025\/08\/Eden1-runkosanky-160cm.jpg?fit=1000%2C1000&ssl=1&resize=350%2C200","width":350,"height":200,"srcset":"https:\/\/i0.wp.com\/pohjanmaantehtaanmyymala.fi\/wp-content\/uploads\/2025\/08\/Eden1-runkosanky-160cm.jpg?fit=1000%2C1000&ssl=1&resize=350%2C200 1x, https:\/\/i0.wp.com\/pohjanmaantehtaanmyymala.fi\/wp-content\/uploads\/2025\/08\/Eden1-runkosanky-160cm.jpg?fit=1000%2C1000&ssl=1&resize=525%2C300 1.5x, https:\/\/i0.wp.com\/pohjanmaantehtaanmyymala.fi\/wp-content\/uploads\/2025\/08\/Eden1-runkosanky-160cm.jpg?fit=1000%2C1000&ssl=1&resize=700%2C400 2x"},"classes":[]},{"id":22364,"url":"https:\/\/pohjanmaantehtaanmyymala.fi\/en\/tuote\/eden-premiun-petauspatja\/","url_meta":{"origin":10883,"position":5},"title":"EDEN Premiun petauspatja","author":"Sami Viitala","date":"January 30, 2023","format":false,"excerpt":"Eden-sarjan suosituin sijauspatja Stylex-sisustuksella. Valitse koko alta!","rel":"","context":"Similar post","block_context":{"text":"Similar post","link":""},"img":{"alt_text":"","src":"https:\/\/i0.wp.com\/pohjanmaantehtaanmyymala.fi\/wp-content\/uploads\/2019\/09\/Aina_Exlusive_Petauspatja_lajitelma.jpg?fit=800%2C800&ssl=1&resize=350%2C200","width":350,"height":200,"srcset":"https:\/\/i0.wp.com\/pohjanmaantehtaanmyymala.fi\/wp-content\/uploads\/2019\/09\/Aina_Exlusive_Petauspatja_lajitelma.jpg?fit=800%2C800&ssl=1&resize=350%2C200 1x, https:\/\/i0.wp.com\/pohjanmaantehtaanmyymala.fi\/wp-content\/uploads\/2019\/09\/Aina_Exlusive_Petauspatja_lajitelma.jpg?fit=800%2C800&ssl=1&resize=525%2C300 1.5x, https:\/\/i0.wp.com\/pohjanmaantehtaanmyymala.fi\/wp-content\/uploads\/2019\/09\/Aina_Exlusive_Petauspatja_lajitelma.jpg?fit=800%2C800&ssl=1&resize=700%2C400 2x"},"classes":[]}],"_links":{"self":[{"href":"https:\/\/pohjanmaantehtaanmyymala.fi\/en\/wp-json\/wp\/v2\/product\/10883","targetHints":{"allow":["GET"]}}],"collection":[{"href":"https:\/\/pohjanmaantehtaanmyymala.fi\/en\/wp-json\/wp\/v2\/product"}],"about":[{"href":"https:\/\/pohjanmaantehtaanmyymala.fi\/en\/wp-json\/wp\/v2\/types\/product"}],"replies":[{"embeddable":true,"href":"https:\/\/pohjanmaantehtaanmyymala.fi\/en\/wp-json\/wp\/v2\/comments?post=10883"}],"wp:featuredmedia":[{"embeddable":true,"href":"https:\/\/pohjanmaantehtaanmyymala.fi\/en\/wp-json\/wp\/v2\/media\/13935"}],"wp:attachment":[{"href":"https:\/\/pohjanmaantehtaanmyymala.fi\/en\/wp-json\/wp\/v2\/media?parent=10883"}],"wp:term":[{"taxonomy":"product_brand","embeddable":true,"href":"https:\/\/pohjanmaantehtaanmyymala.fi\/en\/wp-json\/wp\/v2\/product_brand?post=10883"},{"taxonomy":"product_cat","embeddable":true,"href":"https:\/\/pohjanmaantehtaanmyymala.fi\/en\/wp-json\/wp\/v2\/product_cat?post=10883"},{"taxonomy":"product_tag","embeddable":true,"href":"https:\/\/pohjanmaantehtaanmyymala.fi\/en\/wp-json\/wp\/v2\/product_tag?post=10883"}],"curies":[{"name":"wp","href":"https:\/\/api.w.org\/{rel}","templated":true}]}}