{"id":10875,"date":"2019-09-14T09:55:49","date_gmt":"2019-09-14T07:55:49","guid":{"rendered":"https:\/\/pohjanmaantehtaanmyymala.fi\/tuote\/eden-1-joustinpatja-pussijousitettu\/"},"modified":"2025-12-10T17:09:35","modified_gmt":"2025-12-10T15:09:35","slug":"eden-1-joustinpatja-pussijousitettu","status":"publish","type":"product","link":"https:\/\/pohjanmaantehtaanmyymala.fi\/en\/tuote\/eden-1-joustinpatja-pussijousitettu\/","title":{"rendered":"EDEN 1 joustinpatja"},"content":{"rendered":"<p>Hilding Andersin valmistamassa Eden 1 -patjassa jokainen jousi on omassa kangaspussissaan, jolloin ne joustavat itsen\u00e4isesti ja vartalon paino jakautuu tasaisesti patjan p\u00e4\u00e4lle<br \/>\nJoustinpatjaa on saatavilla kahdessa eri koossa, 80 ja 90 cm leve\u00e4n\u00e4.<br \/>\nHanki kotimainen laadukas joustinpatja edullisesti Tehtaanmyym\u00e4l\u00e4st\u00e4!<\/p>\n<p>Voit valita patjalle petauspatjan <a href=\"https:\/\/pohjanmaantehtaanmyymala.fi\/tuote-osasto\/patjat-ja-sangyt\/petauspatjat\/\">t\u00e4st\u00e4!<\/a><\/p>\n<p>Tiedot: Verhoiltu kest\u00e4v\u00e4ll\u00e4 harmaalla huonekalukankaalla.<br \/>\njousitus: Pussijousitettu. Jousen lankavahvuus 1,9mm, joita on 250kpl\/m2.<br \/>\nJoustinpatjaan on saatavilla my\u00f6s petauspatja, kysy vaihtoehdoista lis\u00e4tietoa myynnist\u00e4mme<br \/>\nTuote on pakattu muoviin.<\/p>\n<p>Eden s\u00e4nkysarjan toimitusaika on n. 2 viikkoa tilauksesta.<\/p>\n","protected":false},"excerpt":{"rendered":"<p>Kotimainen Eden -joustinpatja. Valitse koko!<\/p>\n","protected":false},"featured_media":10876,"comment_status":"closed","ping_status":"closed","template":"","meta":{"_acf_changed":false,"jetpack_post_was_ever_published":false,"jetpack_publicize_message":"","jetpack_publicize_feature_enabled":true,"jetpack_social_post_already_shared":true,"jetpack_social_options":{"image_generator_settings":{"template":"highway","default_image_id":0,"font":"","enabled":false},"version":2}},"product_brand":[203],"product_cat":[198],"product_tag":[],"class_list":{"0":"post-10875","1":"product","2":"type-product","3":"status-publish","4":"has-post-thumbnail","6":"product_brand-hilding","7":"product_cat-patjat-ja-sangyt","8":"product_shipping_class-161","9":"pa_koko-120x200-cm","10":"pa_koko-80x200-cm","11":"pa_koko-90x200-cm","13":"first","14":"instock","15":"sale","16":"purchasable","17":"product-type-variable"},"acf":[],"jetpack_publicize_connections":[],"jetpack_sharing_enabled":true,"jetpack-related-posts":[{"id":29445,"url":"https:\/\/pohjanmaantehtaanmyymala.fi\/en\/tuote\/eden-3-joustinpatja-80x200-cm\/","url_meta":{"origin":10875,"position":0},"title":"EDEN 3 joustinpatja 80&#215;200 cm","author":"Sami Viitala","date":"December 10, 2025","format":false,"excerpt":"Kotimainen Eden -joustinpatja. Valitse malli!","rel":"","context":"Similar post","block_context":{"text":"Similar post","link":""},"img":{"alt_text":"Eden 3 (kolme) joustinpatja","src":"https:\/\/i0.wp.com\/pohjanmaantehtaanmyymala.fi\/wp-content\/uploads\/2025\/12\/Eden3_joustinpatja.jpg?fit=1200%2C1200&ssl=1&resize=350%2C200","width":350,"height":200,"srcset":"https:\/\/i0.wp.com\/pohjanmaantehtaanmyymala.fi\/wp-content\/uploads\/2025\/12\/Eden3_joustinpatja.jpg?fit=1200%2C1200&ssl=1&resize=350%2C200 1x, https:\/\/i0.wp.com\/pohjanmaantehtaanmyymala.fi\/wp-content\/uploads\/2025\/12\/Eden3_joustinpatja.jpg?fit=1200%2C1200&ssl=1&resize=525%2C300 1.5x, https:\/\/i0.wp.com\/pohjanmaantehtaanmyymala.fi\/wp-content\/uploads\/2025\/12\/Eden3_joustinpatja.jpg?fit=1200%2C1200&ssl=1&resize=700%2C400 2x, https:\/\/i0.wp.com\/pohjanmaantehtaanmyymala.fi\/wp-content\/uploads\/2025\/12\/Eden3_joustinpatja.jpg?fit=1200%2C1200&ssl=1&resize=1050%2C600 3x"},"classes":[]},{"id":29459,"url":"https:\/\/pohjanmaantehtaanmyymala.fi\/en\/tuote\/eden-3-joustinpatja-90x200-cm\/","url_meta":{"origin":10875,"position":1},"title":"EDEN 3 joustinpatja 90&#215;200 cm","author":"Sami Viitala","date":"December 10, 2025","format":false,"excerpt":"Kotimainen Eden -joustinpatja. Valitse malli!","rel":"","context":"Similar post","block_context":{"text":"Similar post","link":""},"img":{"alt_text":"Eden 3 joustinpatja 90 cm leve\u00e4n\u00e4","src":"https:\/\/i0.wp.com\/pohjanmaantehtaanmyymala.fi\/wp-content\/uploads\/2025\/12\/Eden3_joustinpatja_90.jpg?fit=1200%2C1200&ssl=1&resize=350%2C200","width":350,"height":200,"srcset":"https:\/\/i0.wp.com\/pohjanmaantehtaanmyymala.fi\/wp-content\/uploads\/2025\/12\/Eden3_joustinpatja_90.jpg?fit=1200%2C1200&ssl=1&resize=350%2C200 1x, https:\/\/i0.wp.com\/pohjanmaantehtaanmyymala.fi\/wp-content\/uploads\/2025\/12\/Eden3_joustinpatja_90.jpg?fit=1200%2C1200&ssl=1&resize=525%2C300 1.5x, https:\/\/i0.wp.com\/pohjanmaantehtaanmyymala.fi\/wp-content\/uploads\/2025\/12\/Eden3_joustinpatja_90.jpg?fit=1200%2C1200&ssl=1&resize=700%2C400 2x, https:\/\/i0.wp.com\/pohjanmaantehtaanmyymala.fi\/wp-content\/uploads\/2025\/12\/Eden3_joustinpatja_90.jpg?fit=1200%2C1200&ssl=1&resize=1050%2C600 3x"},"classes":[]},{"id":17640,"url":"https:\/\/pohjanmaantehtaanmyymala.fi\/en\/tuote\/eden-1-jenkkisanky-120x200-cm\/","url_meta":{"origin":10875,"position":2},"title":"EDEN 1 -jenkkis\u00e4nky 120&#215;200 cm petauspatjalla","author":"Sami Viitala","date":"August 18, 2021","format":false,"excerpt":"T\u00e4st\u00e4 kotimainen N\u00e4rpi\u00f6ss\u00e4 valmistettu jenkkis\u00e4nkypaketti edullisesti.","rel":"","context":"Similar post","block_context":{"text":"Similar post","link":""},"img":{"alt_text":"Hilding Anders Eden 1 jenkkis\u00e4nky 120x200 cm profiloidulla petauspajalla ja mustilla jaloilla.","src":"https:\/\/i0.wp.com\/pohjanmaantehtaanmyymala.fi\/wp-content\/uploads\/2021\/08\/Eden_1_Jenkki_120.jpg?fit=1000%2C1000&ssl=1&resize=350%2C200","width":350,"height":200,"srcset":"https:\/\/i0.wp.com\/pohjanmaantehtaanmyymala.fi\/wp-content\/uploads\/2021\/08\/Eden_1_Jenkki_120.jpg?fit=1000%2C1000&ssl=1&resize=350%2C200 1x, https:\/\/i0.wp.com\/pohjanmaantehtaanmyymala.fi\/wp-content\/uploads\/2021\/08\/Eden_1_Jenkki_120.jpg?fit=1000%2C1000&ssl=1&resize=525%2C300 1.5x, https:\/\/i0.wp.com\/pohjanmaantehtaanmyymala.fi\/wp-content\/uploads\/2021\/08\/Eden_1_Jenkki_120.jpg?fit=1000%2C1000&ssl=1&resize=700%2C400 2x"},"classes":[]},{"id":29696,"url":"https:\/\/pohjanmaantehtaanmyymala.fi\/en\/tuote\/eden-1-jenkkisanky-160x200-cm-petauspatjalla\/","url_meta":{"origin":10875,"position":3},"title":"EDEN 1 -jenkkis\u00e4nky 160&#215;200 cm petauspatjalla","author":"Sami Viitala","date":"January 27, 2026","format":false,"excerpt":"T\u00e4st\u00e4 jenkkis\u00e4nkypaketti edullisesti.","rel":"","context":"Similar post","block_context":{"text":"Similar post","link":""},"img":{"alt_text":"Eden 1 jenkkis\u00e4nky 160x200 cm petauspatjalla","src":"https:\/\/i0.wp.com\/pohjanmaantehtaanmyymala.fi\/wp-content\/uploads\/2019\/09\/Eden1-jenkkis%C3%A4nky.jpg?fit=960%2C960&ssl=1&resize=350%2C200","width":350,"height":200,"srcset":"https:\/\/i0.wp.com\/pohjanmaantehtaanmyymala.fi\/wp-content\/uploads\/2019\/09\/Eden1-jenkkis%C3%A4nky.jpg?fit=960%2C960&ssl=1&resize=350%2C200 1x, https:\/\/i0.wp.com\/pohjanmaantehtaanmyymala.fi\/wp-content\/uploads\/2019\/09\/Eden1-jenkkis%C3%A4nky.jpg?fit=960%2C960&ssl=1&resize=525%2C300 1.5x, https:\/\/i0.wp.com\/pohjanmaantehtaanmyymala.fi\/wp-content\/uploads\/2019\/09\/Eden1-jenkkis%C3%A4nky.jpg?fit=960%2C960&ssl=1&resize=700%2C400 2x"},"classes":[]},{"id":10859,"url":"https:\/\/pohjanmaantehtaanmyymala.fi\/en\/tuote\/eden-1-jenkkisanky-140x200-cm-tarjous\/","url_meta":{"origin":10875,"position":4},"title":"EDEN 1 -jenkkis\u00e4nky 140&#215;200 cm petauspatjalla","author":"petri","date":"September 14, 2019","format":false,"excerpt":"T\u00e4st\u00e4 jenkkis\u00e4nkypaketti edullisesti.","rel":"","context":"Similar post","block_context":{"text":"Similar post","link":""},"img":{"alt_text":"Hilding Anders Eden 1 jenkkis\u00e4nky 140x200 cm profiloidulla petauspajalla ja mustilla jaloilla.","src":"https:\/\/i0.wp.com\/pohjanmaantehtaanmyymala.fi\/wp-content\/uploads\/2019\/09\/Eden_1_Jenkki_140.jpg?fit=1000%2C1000&ssl=1&resize=350%2C200","width":350,"height":200,"srcset":"https:\/\/i0.wp.com\/pohjanmaantehtaanmyymala.fi\/wp-content\/uploads\/2019\/09\/Eden_1_Jenkki_140.jpg?fit=1000%2C1000&ssl=1&resize=350%2C200 1x, https:\/\/i0.wp.com\/pohjanmaantehtaanmyymala.fi\/wp-content\/uploads\/2019\/09\/Eden_1_Jenkki_140.jpg?fit=1000%2C1000&ssl=1&resize=525%2C300 1.5x, https:\/\/i0.wp.com\/pohjanmaantehtaanmyymala.fi\/wp-content\/uploads\/2019\/09\/Eden_1_Jenkki_140.jpg?fit=1000%2C1000&ssl=1&resize=700%2C400 2x"},"classes":[]},{"id":10869,"url":"https:\/\/pohjanmaantehtaanmyymala.fi\/en\/tuote\/eden-1-moottorisanky\/","url_meta":{"origin":10875,"position":5},"title":"EDEN 1 -moottoris\u00e4nky","author":"petri","date":"September 14, 2019","format":false,"excerpt":"S\u00e4\u00e4t\u00f6s\u00e4nky, jos on valittavana kaksi eri leveytt\u00e4.","rel":"","context":"Similar post","block_context":{"text":"Similar post","link":""},"img":{"alt_text":"","src":"https:\/\/i0.wp.com\/pohjanmaantehtaanmyymala.fi\/wp-content\/uploads\/2019\/09\/Eden1-moottoris%C3%A4nky.jpg?fit=960%2C960&ssl=1&resize=350%2C200","width":350,"height":200,"srcset":"https:\/\/i0.wp.com\/pohjanmaantehtaanmyymala.fi\/wp-content\/uploads\/2019\/09\/Eden1-moottoris%C3%A4nky.jpg?fit=960%2C960&ssl=1&resize=350%2C200 1x, https:\/\/i0.wp.com\/pohjanmaantehtaanmyymala.fi\/wp-content\/uploads\/2019\/09\/Eden1-moottoris%C3%A4nky.jpg?fit=960%2C960&ssl=1&resize=525%2C300 1.5x, https:\/\/i0.wp.com\/pohjanmaantehtaanmyymala.fi\/wp-content\/uploads\/2019\/09\/Eden1-moottoris%C3%A4nky.jpg?fit=960%2C960&ssl=1&resize=700%2C400 2x"},"classes":[]}],"_links":{"self":[{"href":"https:\/\/pohjanmaantehtaanmyymala.fi\/en\/wp-json\/wp\/v2\/product\/10875","targetHints":{"allow":["GET"]}}],"collection":[{"href":"https:\/\/pohjanmaantehtaanmyymala.fi\/en\/wp-json\/wp\/v2\/product"}],"about":[{"href":"https:\/\/pohjanmaantehtaanmyymala.fi\/en\/wp-json\/wp\/v2\/types\/product"}],"replies":[{"embeddable":true,"href":"https:\/\/pohjanmaantehtaanmyymala.fi\/en\/wp-json\/wp\/v2\/comments?post=10875"}],"wp:featuredmedia":[{"embeddable":true,"href":"https:\/\/pohjanmaantehtaanmyymala.fi\/en\/wp-json\/wp\/v2\/media\/10876"}],"wp:attachment":[{"href":"https:\/\/pohjanmaantehtaanmyymala.fi\/en\/wp-json\/wp\/v2\/media?parent=10875"}],"wp:term":[{"taxonomy":"product_brand","embeddable":true,"href":"https:\/\/pohjanmaantehtaanmyymala.fi\/en\/wp-json\/wp\/v2\/product_brand?post=10875"},{"taxonomy":"product_cat","embeddable":true,"href":"https:\/\/pohjanmaantehtaanmyymala.fi\/en\/wp-json\/wp\/v2\/product_cat?post=10875"},{"taxonomy":"product_tag","embeddable":true,"href":"https:\/\/pohjanmaantehtaanmyymala.fi\/en\/wp-json\/wp\/v2\/product_tag?post=10875"}],"curies":[{"name":"wp","href":"https:\/\/api.w.org\/{rel}","templated":true}]}}