{"id":10869,"date":"2019-09-14T09:55:35","date_gmt":"2019-09-14T07:55:35","guid":{"rendered":"https:\/\/pohjanmaantehtaanmyymala.fi\/tuote\/eden-1-moottorisanky\/"},"modified":"2025-03-24T16:31:49","modified_gmt":"2025-03-24T14:31:49","slug":"eden-1-moottorisanky","status":"publish","type":"product","link":"https:\/\/pohjanmaantehtaanmyymala.fi\/en\/tuote\/eden-1-moottorisanky\/","title":{"rendered":"EDEN 1 -moottoris\u00e4nky"},"content":{"rendered":"<p>Eden 1 -s\u00e4\u00e4t\u00f6s\u00e4nky sijauspatjalla.<br \/>\nHilding Andersin valmistama kotimainen edullinen s\u00e4nkysarja<\/p>\n<p>S\u00e4hk\u00f6s\u00e4nkypatettiin kuuluu moottoripohja, joustinpatja, sijauspatja ja jalkasarja.<br \/>\nS\u00e4nky\u00e4 on saatavilla kahdessa eri koossa, 80 ja 90 cm leve\u00e4n\u00e4.<br \/>\nS\u00e4\u00e4t\u00f6pohja on kaksi moottoria, joilla voi s\u00e4\u00e4t\u00e4\u00e4 s\u00e4gyn asentoa portaattomasi.<br \/>\nS\u00e4\u00e4din on langallinen.<\/p>\n<p>Kysy tarjous Tehtaanmyym\u00e4l\u00e4st\u00e4!<\/p>\n<p>Tiedot:Verhoiltu kest\u00e4v\u00e4ll\u00e4 harmaalla huonekalukankaalla.<br \/>\npatjanjousitus: Pussijousitettu. Jousen lankavahvuus 1,9mm, joita on 250kpl\/m2.<br \/>\nTakuu: Puurungolle ja jousistolle 10-vuotta.<br \/>\nPetauspatja: Sisus vaahtomuovia, irroitettava ja pest\u00e4v\u00e4 p\u00e4\u00e4llinen, paksuus 4 cm.<br \/>\nS\u00e4nky toimitetaan nelj\u00e4ss\u00e4 eri pakkauksessa; moottoripohja, patja, sijauspatja ja jalkasarja.<br \/>\nTuote on osittain valmiiksi koottu<\/p>\n<p>Eden s\u00e4nkysarjan toimitusaika on n. 2 viikkoa tilauksesta.<\/p>\n","protected":false},"excerpt":{"rendered":"<p>S\u00e4\u00e4t\u00f6s\u00e4nky, jos on valittavana kaksi eri leveytt\u00e4.<\/p>\n","protected":false},"featured_media":10870,"comment_status":"closed","ping_status":"closed","template":"","meta":{"_acf_changed":false,"jetpack_post_was_ever_published":false,"jetpack_publicize_message":"","jetpack_publicize_feature_enabled":true,"jetpack_social_post_already_shared":true,"jetpack_social_options":{"image_generator_settings":{"template":"highway","default_image_id":0,"font":"","enabled":false},"version":2}},"product_brand":[203],"product_cat":[198],"product_tag":[],"class_list":{"0":"post-10869","1":"product","2":"type-product","3":"status-publish","4":"has-post-thumbnail","6":"product_brand-hilding","7":"product_cat-patjat-ja-sangyt","8":"product_shipping_class-161","9":"pa_koko-80x200-cm","10":"pa_koko-90x200-cm","12":"first","13":"instock","14":"sale","15":"purchasable","16":"product-type-variable","17":"has-default-attributes"},"acf":[],"jetpack_publicize_connections":[],"jetpack_sharing_enabled":true,"jetpack-related-posts":[{"id":24313,"url":"https:\/\/pohjanmaantehtaanmyymala.fi\/en\/tuote\/eden-1-runkosanky-90x200-cm\/","url_meta":{"origin":10869,"position":0},"title":"EDEN 1 runkos\u00e4nky 90&#215;200 cm petauspatjalla","author":"Sami Viitala","date":"November 28, 2023","format":false,"excerpt":"Hilding Andersin valmistamassa s\u00e4ngyss\u00e4 on vartaloa tukeva pussijousitus.","rel":"","context":"Similar post","block_context":{"text":"Similar post","link":""},"img":{"alt_text":"","src":"https:\/\/i0.wp.com\/pohjanmaantehtaanmyymala.fi\/wp-content\/uploads\/2019\/09\/Eden1-runkopatja.jpg?fit=960%2C960&ssl=1&resize=350%2C200","width":350,"height":200,"srcset":"https:\/\/i0.wp.com\/pohjanmaantehtaanmyymala.fi\/wp-content\/uploads\/2019\/09\/Eden1-runkopatja.jpg?fit=960%2C960&ssl=1&resize=350%2C200 1x, https:\/\/i0.wp.com\/pohjanmaantehtaanmyymala.fi\/wp-content\/uploads\/2019\/09\/Eden1-runkopatja.jpg?fit=960%2C960&ssl=1&resize=525%2C300 1.5x, https:\/\/i0.wp.com\/pohjanmaantehtaanmyymala.fi\/wp-content\/uploads\/2019\/09\/Eden1-runkopatja.jpg?fit=960%2C960&ssl=1&resize=700%2C400 2x"},"classes":[]},{"id":10883,"url":"https:\/\/pohjanmaantehtaanmyymala.fi\/en\/tuote\/eden-1-petauspatja-profiloitu-tarjous\/","url_meta":{"origin":10869,"position":1},"title":"EDEN 1 petauspatja 8 cm paksu eri kokoja","author":"petri","date":"September 14, 2019","format":false,"excerpt":"Hilding Andersin Suomessa valmistamassa petauspatjassa on kaunis valkoinen joustokangasp\u00e4\u00e4llinen. Valitse koko!","rel":"","context":"Similar post","block_context":{"text":"Similar post","link":""},"img":{"alt_text":"eden petauspatja 8 cm","src":"https:\/\/i0.wp.com\/pohjanmaantehtaanmyymala.fi\/wp-content\/uploads\/2019\/09\/eden-petauspatja-8cm.jpg?fit=960%2C960&ssl=1&resize=350%2C200","width":350,"height":200,"srcset":"https:\/\/i0.wp.com\/pohjanmaantehtaanmyymala.fi\/wp-content\/uploads\/2019\/09\/eden-petauspatja-8cm.jpg?fit=960%2C960&ssl=1&resize=350%2C200 1x, https:\/\/i0.wp.com\/pohjanmaantehtaanmyymala.fi\/wp-content\/uploads\/2019\/09\/eden-petauspatja-8cm.jpg?fit=960%2C960&ssl=1&resize=525%2C300 1.5x, https:\/\/i0.wp.com\/pohjanmaantehtaanmyymala.fi\/wp-content\/uploads\/2019\/09\/eden-petauspatja-8cm.jpg?fit=960%2C960&ssl=1&resize=700%2C400 2x"},"classes":[]},{"id":10393,"url":"https:\/\/pohjanmaantehtaanmyymala.fi\/en\/tuote\/aina-runkopatja-80x200-cm-petari-ei-sis-hintaan\/","url_meta":{"origin":10869,"position":2},"title":"EDEN 7 ergo -runkopatja 80&#215;200 cm petauspatjalla","author":"petri","date":"September 14, 2019","format":false,"excerpt":"Pintapaineita ehk\u00e4isev\u00e4, kehon l\u00e4mp\u00f6\u00f6n ja painoon reakoiva s\u00e4nky. Kaksi eri j\u00e4ykkyyt\u00e4 ja viisi eri v\u00e4ri\u00e4.","rel":"","context":"Similar post","block_context":{"text":"Similar post","link":""},"img":{"alt_text":"Eden 7 runkopatja 80x200 cm petauspatjalla grafiitti runko ja tammiset jalat","src":"https:\/\/i0.wp.com\/pohjanmaantehtaanmyymala.fi\/wp-content\/uploads\/2019\/09\/Hilding-Ergo_eden_7_muotoutuva_runko_80.jpg?fit=1200%2C1039&ssl=1&resize=350%2C200","width":350,"height":200,"srcset":"https:\/\/i0.wp.com\/pohjanmaantehtaanmyymala.fi\/wp-content\/uploads\/2019\/09\/Hilding-Ergo_eden_7_muotoutuva_runko_80.jpg?fit=1200%2C1039&ssl=1&resize=350%2C200 1x, https:\/\/i0.wp.com\/pohjanmaantehtaanmyymala.fi\/wp-content\/uploads\/2019\/09\/Hilding-Ergo_eden_7_muotoutuva_runko_80.jpg?fit=1200%2C1039&ssl=1&resize=525%2C300 1.5x, https:\/\/i0.wp.com\/pohjanmaantehtaanmyymala.fi\/wp-content\/uploads\/2019\/09\/Hilding-Ergo_eden_7_muotoutuva_runko_80.jpg?fit=1200%2C1039&ssl=1&resize=700%2C400 2x, https:\/\/i0.wp.com\/pohjanmaantehtaanmyymala.fi\/wp-content\/uploads\/2019\/09\/Hilding-Ergo_eden_7_muotoutuva_runko_80.jpg?fit=1200%2C1039&ssl=1&resize=1050%2C600 3x"},"classes":[]},{"id":10881,"url":"https:\/\/pohjanmaantehtaanmyymala.fi\/en\/tuote\/eden-1-petauspatja-profiloitu-80-cm-levea\/","url_meta":{"origin":10869,"position":3},"title":"EDEN 1 -petauspatja 80x200x5 cm","author":"petri","date":"September 14, 2019","format":false,"excerpt":"Hilding Andersin Suomessa valmistamassa petauspatjassa on kaunis valkoinen joustokangasp\u00e4\u00e4llinen.","rel":"","context":"Similar post","block_context":{"text":"Similar post","link":""},"img":{"alt_text":"Eden 1-petauspatja 90x200x5cm","src":"https:\/\/i0.wp.com\/pohjanmaantehtaanmyymala.fi\/wp-content\/uploads\/2019\/09\/Eden_1-petauspatja_90x200x5cm.jpg?fit=1200%2C1200&ssl=1&resize=350%2C200","width":350,"height":200,"srcset":"https:\/\/i0.wp.com\/pohjanmaantehtaanmyymala.fi\/wp-content\/uploads\/2019\/09\/Eden_1-petauspatja_90x200x5cm.jpg?fit=1200%2C1200&ssl=1&resize=350%2C200 1x, https:\/\/i0.wp.com\/pohjanmaantehtaanmyymala.fi\/wp-content\/uploads\/2019\/09\/Eden_1-petauspatja_90x200x5cm.jpg?fit=1200%2C1200&ssl=1&resize=525%2C300 1.5x, https:\/\/i0.wp.com\/pohjanmaantehtaanmyymala.fi\/wp-content\/uploads\/2019\/09\/Eden_1-petauspatja_90x200x5cm.jpg?fit=1200%2C1200&ssl=1&resize=700%2C400 2x, https:\/\/i0.wp.com\/pohjanmaantehtaanmyymala.fi\/wp-content\/uploads\/2019\/09\/Eden_1-petauspatja_90x200x5cm.jpg?fit=1200%2C1200&ssl=1&resize=1050%2C600 3x"},"classes":[]},{"id":10882,"url":"https:\/\/pohjanmaantehtaanmyymala.fi\/en\/tuote\/eden-1-petauspatja-profiloitu-90-cm-levea\/","url_meta":{"origin":10869,"position":4},"title":"EDEN 1 -petauspatja 90x200x5 cm","author":"petri","date":"September 14, 2019","format":false,"excerpt":"Hilding Andersin Suomessa valmistamassa petauspatjassa on kaunis valkoinen joustokangasp\u00e4\u00e4llinen.","rel":"","context":"Similar post","block_context":{"text":"Similar post","link":""},"img":{"alt_text":"Eden 1-petauspatja 90x200x5cm","src":"https:\/\/i0.wp.com\/pohjanmaantehtaanmyymala.fi\/wp-content\/uploads\/2019\/09\/Eden_1-petauspatja_90x200x5cm.jpg?fit=1200%2C1200&ssl=1&resize=350%2C200","width":350,"height":200,"srcset":"https:\/\/i0.wp.com\/pohjanmaantehtaanmyymala.fi\/wp-content\/uploads\/2019\/09\/Eden_1-petauspatja_90x200x5cm.jpg?fit=1200%2C1200&ssl=1&resize=350%2C200 1x, https:\/\/i0.wp.com\/pohjanmaantehtaanmyymala.fi\/wp-content\/uploads\/2019\/09\/Eden_1-petauspatja_90x200x5cm.jpg?fit=1200%2C1200&ssl=1&resize=525%2C300 1.5x, https:\/\/i0.wp.com\/pohjanmaantehtaanmyymala.fi\/wp-content\/uploads\/2019\/09\/Eden_1-petauspatja_90x200x5cm.jpg?fit=1200%2C1200&ssl=1&resize=700%2C400 2x, https:\/\/i0.wp.com\/pohjanmaantehtaanmyymala.fi\/wp-content\/uploads\/2019\/09\/Eden_1-petauspatja_90x200x5cm.jpg?fit=1200%2C1200&ssl=1&resize=1050%2C600 3x"},"classes":[]},{"id":10863,"url":"https:\/\/pohjanmaantehtaanmyymala.fi\/en\/tuote\/eden-1-runkosanky\/","url_meta":{"origin":10869,"position":5},"title":"EDEN 1 runkos\u00e4nky 80&#215;200 cm petauspatjalla","author":"petri","date":"September 14, 2019","format":false,"excerpt":"T\u00e4st\u00e4 kotimainen laadukas runkos\u00e4nkysetti edullisesti!","rel":"","context":"Similar post","block_context":{"text":"Similar post","link":""},"img":{"alt_text":"","src":"https:\/\/i0.wp.com\/pohjanmaantehtaanmyymala.fi\/wp-content\/uploads\/2019\/09\/Eden1-runkopatja.jpg?fit=960%2C960&ssl=1&resize=350%2C200","width":350,"height":200,"srcset":"https:\/\/i0.wp.com\/pohjanmaantehtaanmyymala.fi\/wp-content\/uploads\/2019\/09\/Eden1-runkopatja.jpg?fit=960%2C960&ssl=1&resize=350%2C200 1x, https:\/\/i0.wp.com\/pohjanmaantehtaanmyymala.fi\/wp-content\/uploads\/2019\/09\/Eden1-runkopatja.jpg?fit=960%2C960&ssl=1&resize=525%2C300 1.5x, https:\/\/i0.wp.com\/pohjanmaantehtaanmyymala.fi\/wp-content\/uploads\/2019\/09\/Eden1-runkopatja.jpg?fit=960%2C960&ssl=1&resize=700%2C400 2x"},"classes":[]}],"_links":{"self":[{"href":"https:\/\/pohjanmaantehtaanmyymala.fi\/en\/wp-json\/wp\/v2\/product\/10869","targetHints":{"allow":["GET"]}}],"collection":[{"href":"https:\/\/pohjanmaantehtaanmyymala.fi\/en\/wp-json\/wp\/v2\/product"}],"about":[{"href":"https:\/\/pohjanmaantehtaanmyymala.fi\/en\/wp-json\/wp\/v2\/types\/product"}],"replies":[{"embeddable":true,"href":"https:\/\/pohjanmaantehtaanmyymala.fi\/en\/wp-json\/wp\/v2\/comments?post=10869"}],"wp:featuredmedia":[{"embeddable":true,"href":"https:\/\/pohjanmaantehtaanmyymala.fi\/en\/wp-json\/wp\/v2\/media\/10870"}],"wp:attachment":[{"href":"https:\/\/pohjanmaantehtaanmyymala.fi\/en\/wp-json\/wp\/v2\/media?parent=10869"}],"wp:term":[{"taxonomy":"product_brand","embeddable":true,"href":"https:\/\/pohjanmaantehtaanmyymala.fi\/en\/wp-json\/wp\/v2\/product_brand?post=10869"},{"taxonomy":"product_cat","embeddable":true,"href":"https:\/\/pohjanmaantehtaanmyymala.fi\/en\/wp-json\/wp\/v2\/product_cat?post=10869"},{"taxonomy":"product_tag","embeddable":true,"href":"https:\/\/pohjanmaantehtaanmyymala.fi\/en\/wp-json\/wp\/v2\/product_tag?post=10869"}],"curies":[{"name":"wp","href":"https:\/\/api.w.org\/{rel}","templated":true}]}}