{"id":10854,"date":"2019-09-14T09:55:04","date_gmt":"2019-09-14T07:55:04","guid":{"rendered":"https:\/\/pohjanmaantehtaanmyymala.fi\/tuote\/unipuu-sanky-80-va-levypohjalla\/"},"modified":"2023-01-21T14:53:30","modified_gmt":"2023-01-21T12:53:30","slug":"unipuu-sanky-80-va","status":"publish","type":"product","link":"https:\/\/pohjanmaantehtaanmyymala.fi\/en\/tuote\/unipuu-sanky-80-va\/","title":{"rendered":"UNIPUU \u2013 s\u00e4nky 80"},"content":{"rendered":"<p>Klassikko Unipuu-s\u00e4nky kasvaa perheen mukana. Unipuu-sarjan laajasta valikoimasta l\u00f6yd\u00e4t useita kesken\u00e4\u00e4n yhteensopivia osia, joista saa muunneltavia ja tilaa s\u00e4\u00e4st\u00e4vi\u00e4 vuoderatkaisuja\u00a0 el\u00e4m\u00e4n eri vaiheisiin.<\/p>\n<h3>Mittatiedot:<\/h3>\n<p>L 211 cm x S 96 cm x K 56 cm<br \/>\nPatjan koko 90 cm x 200 cm<\/p>\n<p>S\u00e4ngyss\u00e4 on vakiotoimituksena puus\u00e4lepohja.<\/p>\n<p>Valkoinen<\/p>\n","protected":false},"excerpt":{"rendered":"<p>Perinteinen s\u00e4nky Unipuu s\u00e4nky on valmistettu <strong>Suomessa<\/strong>.<\/p>\n","protected":false},"featured_media":10855,"comment_status":"closed","ping_status":"closed","template":"","meta":{"_acf_changed":false,"jetpack_post_was_ever_published":false,"jetpack_publicize_message":"","jetpack_publicize_feature_enabled":true,"jetpack_social_post_already_shared":true,"jetpack_social_options":{"image_generator_settings":{"template":"highway","default_image_id":0,"font":"","enabled":false},"version":2}},"product_brand":[177],"product_cat":[198],"product_tag":[],"class_list":{"0":"post-10854","1":"product","2":"type-product","3":"status-publish","4":"has-post-thumbnail","6":"product_brand-byniemi","7":"product_cat-patjat-ja-sangyt","8":"product_shipping_class-161","10":"first","11":"instock","12":"sale","13":"purchasable","14":"product-type-simple"},"acf":[],"jetpack_publicize_connections":[],"jetpack_sharing_enabled":true,"jetpack-related-posts":[{"id":10853,"url":"https:\/\/pohjanmaantehtaanmyymala.fi\/en\/tuote\/unipuu-pikkuparvi-90-va\/","url_meta":{"origin":10854,"position":0},"title":"UNIPUU \u2013 pikkuparvi 90","author":"petri","date":"September 14, 2019","format":false,"excerpt":"Unipuu-pikkuparvi on pienen huoneen tilaihme.","rel":"","context":"Similar post","block_context":{"text":"Similar post","link":""},"img":{"alt_text":"Pikkuparvi levypohjalla valkoinen","src":"https:\/\/i0.wp.com\/pohjanmaantehtaanmyymala.fi\/wp-content\/uploads\/2019\/09\/Pikkuparvi_valkoinen_lowres.jpg?fit=960%2C960&ssl=1&resize=350%2C200","width":350,"height":200,"srcset":"https:\/\/i0.wp.com\/pohjanmaantehtaanmyymala.fi\/wp-content\/uploads\/2019\/09\/Pikkuparvi_valkoinen_lowres.jpg?fit=960%2C960&ssl=1&resize=350%2C200 1x, https:\/\/i0.wp.com\/pohjanmaantehtaanmyymala.fi\/wp-content\/uploads\/2019\/09\/Pikkuparvi_valkoinen_lowres.jpg?fit=960%2C960&ssl=1&resize=525%2C300 1.5x, https:\/\/i0.wp.com\/pohjanmaantehtaanmyymala.fi\/wp-content\/uploads\/2019\/09\/Pikkuparvi_valkoinen_lowres.jpg?fit=960%2C960&ssl=1&resize=700%2C400 2x"},"classes":[]},{"id":10856,"url":"https:\/\/pohjanmaantehtaanmyymala.fi\/en\/tuote\/unipuu-sanky-90-va\/","url_meta":{"origin":10854,"position":1},"title":"UNIPUU \u2013 s\u00e4nky 90","author":"petri","date":"September 14, 2019","format":false,"excerpt":"Klassikko Unipuu s\u00e4ngyst\u00e4 on hyv\u00e4 aloittaa. S\u00e4ngyn voi my\u00f6hemmin muuntaa parveksi tai kerross\u00e4ngyksi hankkimalla lis\u00e4osia tarpeen mukaan.S\u00e4n","rel":"","context":"Similar post","block_context":{"text":"Similar post","link":""},"img":{"alt_text":"","src":"https:\/\/i0.wp.com\/pohjanmaantehtaanmyymala.fi\/wp-content\/uploads\/2019\/09\/Unipuu_sanky_valkoinen_.jpg?fit=960%2C960&ssl=1&resize=350%2C200","width":350,"height":200,"srcset":"https:\/\/i0.wp.com\/pohjanmaantehtaanmyymala.fi\/wp-content\/uploads\/2019\/09\/Unipuu_sanky_valkoinen_.jpg?fit=960%2C960&ssl=1&resize=350%2C200 1x, https:\/\/i0.wp.com\/pohjanmaantehtaanmyymala.fi\/wp-content\/uploads\/2019\/09\/Unipuu_sanky_valkoinen_.jpg?fit=960%2C960&ssl=1&resize=525%2C300 1.5x, https:\/\/i0.wp.com\/pohjanmaantehtaanmyymala.fi\/wp-content\/uploads\/2019\/09\/Unipuu_sanky_valkoinen_.jpg?fit=960%2C960&ssl=1&resize=700%2C400 2x"},"classes":[]},{"id":10842,"url":"https:\/\/pohjanmaantehtaanmyymala.fi\/en\/tuote\/unipuu-kerrossanky-80-va\/","url_meta":{"origin":10854,"position":2},"title":"UNIPUU \u2013 kerross\u00e4nky 80","author":"petri","date":"September 14, 2019","format":false,"excerpt":"Unipuu -kalustesarja on ilahduttanut ihmisi\u00e4 funktionaalisuudellaan jo vuosikymmeni\u00e4. Unipuu kasvaa perheen mukana. Unipuu-sarjan monipuolisesta valikoimasta l\u00f6ytyy lukuisia kesken\u00e4\u00e4n yhteensopivia osia, joista saa muunneltavia ja tilaa s\u00e4\u00e4st\u00e4vi\u00e4 vuoderatkaisuja perheen ja lapsen eri el\u00e4m\u00e4nvaiheiden tarpeisiin Kerross\u00e4ngyst\u00e4 saat helposti muodostettua kaksi erillist\u00e4 s\u00e4nky\u00e4. Tuotetiedot: Mitat L 211 cm x S 86 cm x\u2026","rel":"","context":"Similar post","block_context":{"text":"Similar post","link":""},"img":{"alt_text":"","src":"https:\/\/i0.wp.com\/pohjanmaantehtaanmyymala.fi\/wp-content\/uploads\/2019\/09\/Unipuu_kerrossanky_valkoinen_low_res.jpg?fit=960%2C960&ssl=1&resize=350%2C200","width":350,"height":200,"srcset":"https:\/\/i0.wp.com\/pohjanmaantehtaanmyymala.fi\/wp-content\/uploads\/2019\/09\/Unipuu_kerrossanky_valkoinen_low_res.jpg?fit=960%2C960&ssl=1&resize=350%2C200 1x, https:\/\/i0.wp.com\/pohjanmaantehtaanmyymala.fi\/wp-content\/uploads\/2019\/09\/Unipuu_kerrossanky_valkoinen_low_res.jpg?fit=960%2C960&ssl=1&resize=525%2C300 1.5x, https:\/\/i0.wp.com\/pohjanmaantehtaanmyymala.fi\/wp-content\/uploads\/2019\/09\/Unipuu_kerrossanky_valkoinen_low_res.jpg?fit=960%2C960&ssl=1&resize=700%2C400 2x"},"classes":[]},{"id":10844,"url":"https:\/\/pohjanmaantehtaanmyymala.fi\/en\/tuote\/unipuu-kerrossanky-90-va\/","url_meta":{"origin":10854,"position":3},"title":"UNIPUU \u2013 kerross\u00e4nky 90","author":"petri","date":"September 14, 2019","format":false,"excerpt":"T\u00e4t\u00e4 klassikkoa on valmistettu jo 70-luvulta saakka.","rel":"","context":"Similar post","block_context":{"text":"Similar post","link":""},"img":{"alt_text":"","src":"https:\/\/i0.wp.com\/pohjanmaantehtaanmyymala.fi\/wp-content\/uploads\/2019\/09\/Unipuu_kerrossanky_valkoinen_low_res.jpg?fit=960%2C960&ssl=1&resize=350%2C200","width":350,"height":200,"srcset":"https:\/\/i0.wp.com\/pohjanmaantehtaanmyymala.fi\/wp-content\/uploads\/2019\/09\/Unipuu_kerrossanky_valkoinen_low_res.jpg?fit=960%2C960&ssl=1&resize=350%2C200 1x, https:\/\/i0.wp.com\/pohjanmaantehtaanmyymala.fi\/wp-content\/uploads\/2019\/09\/Unipuu_kerrossanky_valkoinen_low_res.jpg?fit=960%2C960&ssl=1&resize=525%2C300 1.5x, https:\/\/i0.wp.com\/pohjanmaantehtaanmyymala.fi\/wp-content\/uploads\/2019\/09\/Unipuu_kerrossanky_valkoinen_low_res.jpg?fit=960%2C960&ssl=1&resize=700%2C400 2x"},"classes":[]},{"id":10852,"url":"https:\/\/pohjanmaantehtaanmyymala.fi\/en\/tuote\/unipuu-pikkuparvi-80-va\/","url_meta":{"origin":10854,"position":4},"title":"UNIPUU \u2013 pikkuparvi 80","author":"petri","date":"September 14, 2019","format":false,"excerpt":"Unipuu-pikkuparvi on pienen huoneen tilaihme.","rel":"","context":"Similar post","block_context":{"text":"Similar post","link":""},"img":{"alt_text":"Pikkuparvi levypohjalla valkoinen","src":"https:\/\/i0.wp.com\/pohjanmaantehtaanmyymala.fi\/wp-content\/uploads\/2019\/09\/Pikkuparvi_valkoinen_lowres.jpg?fit=960%2C960&ssl=1&resize=350%2C200","width":350,"height":200,"srcset":"https:\/\/i0.wp.com\/pohjanmaantehtaanmyymala.fi\/wp-content\/uploads\/2019\/09\/Pikkuparvi_valkoinen_lowres.jpg?fit=960%2C960&ssl=1&resize=350%2C200 1x, https:\/\/i0.wp.com\/pohjanmaantehtaanmyymala.fi\/wp-content\/uploads\/2019\/09\/Pikkuparvi_valkoinen_lowres.jpg?fit=960%2C960&ssl=1&resize=525%2C300 1.5x, https:\/\/i0.wp.com\/pohjanmaantehtaanmyymala.fi\/wp-content\/uploads\/2019\/09\/Pikkuparvi_valkoinen_lowres.jpg?fit=960%2C960&ssl=1&resize=700%2C400 2x"},"classes":[]},{"id":10837,"url":"https:\/\/pohjanmaantehtaanmyymala.fi\/en\/tuote\/unipuu-jatkopuu-jatkettava-sanky\/","url_meta":{"origin":10854,"position":5},"title":"UNIPUU \u2013 Jatkopuu s\u00e4nky","author":"petri","date":"September 14, 2019","format":false,"excerpt":"Jatkopuu s\u00e4nky kasvaa lapsen mukana.","rel":"","context":"Similar post","block_context":{"text":"Similar post","link":""},"img":{"alt_text":"","src":"https:\/\/i0.wp.com\/pohjanmaantehtaanmyymala.fi\/wp-content\/uploads\/2019\/09\/Jatkopuu_sanky_valkoinen.jpg?fit=960%2C960&ssl=1&resize=350%2C200","width":350,"height":200,"srcset":"https:\/\/i0.wp.com\/pohjanmaantehtaanmyymala.fi\/wp-content\/uploads\/2019\/09\/Jatkopuu_sanky_valkoinen.jpg?fit=960%2C960&ssl=1&resize=350%2C200 1x, https:\/\/i0.wp.com\/pohjanmaantehtaanmyymala.fi\/wp-content\/uploads\/2019\/09\/Jatkopuu_sanky_valkoinen.jpg?fit=960%2C960&ssl=1&resize=525%2C300 1.5x, https:\/\/i0.wp.com\/pohjanmaantehtaanmyymala.fi\/wp-content\/uploads\/2019\/09\/Jatkopuu_sanky_valkoinen.jpg?fit=960%2C960&ssl=1&resize=700%2C400 2x"},"classes":[]}],"_links":{"self":[{"href":"https:\/\/pohjanmaantehtaanmyymala.fi\/en\/wp-json\/wp\/v2\/product\/10854","targetHints":{"allow":["GET"]}}],"collection":[{"href":"https:\/\/pohjanmaantehtaanmyymala.fi\/en\/wp-json\/wp\/v2\/product"}],"about":[{"href":"https:\/\/pohjanmaantehtaanmyymala.fi\/en\/wp-json\/wp\/v2\/types\/product"}],"replies":[{"embeddable":true,"href":"https:\/\/pohjanmaantehtaanmyymala.fi\/en\/wp-json\/wp\/v2\/comments?post=10854"}],"wp:featuredmedia":[{"embeddable":true,"href":"https:\/\/pohjanmaantehtaanmyymala.fi\/en\/wp-json\/wp\/v2\/media\/10855"}],"wp:attachment":[{"href":"https:\/\/pohjanmaantehtaanmyymala.fi\/en\/wp-json\/wp\/v2\/media?parent=10854"}],"wp:term":[{"taxonomy":"product_brand","embeddable":true,"href":"https:\/\/pohjanmaantehtaanmyymala.fi\/en\/wp-json\/wp\/v2\/product_brand?post=10854"},{"taxonomy":"product_cat","embeddable":true,"href":"https:\/\/pohjanmaantehtaanmyymala.fi\/en\/wp-json\/wp\/v2\/product_cat?post=10854"},{"taxonomy":"product_tag","embeddable":true,"href":"https:\/\/pohjanmaantehtaanmyymala.fi\/en\/wp-json\/wp\/v2\/product_tag?post=10854"}],"curies":[{"name":"wp","href":"https:\/\/api.w.org\/{rel}","templated":true}]}}