{"id":10848,"date":"2019-09-14T09:54:47","date_gmt":"2019-09-14T07:54:47","guid":{"rendered":"https:\/\/pohjanmaantehtaanmyymala.fi\/tuote\/unipuu-kerrossanky-varavuode-va\/"},"modified":"2023-01-21T14:54:30","modified_gmt":"2023-01-21T12:54:30","slug":"unipuu-kerrossanky-varavuode-va","status":"publish","type":"product","link":"https:\/\/pohjanmaantehtaanmyymala.fi\/en\/tuote\/unipuu-kerrossanky-varavuode-va\/","title":{"rendered":"UNIPUU \u2013 varavuode"},"content":{"rendered":"<p>Unipuu varavuode nukkumiseen tai s\u00e4ilytykseen. Sopii Unipuu -kerross\u00e4nkyyn tai -s\u00e4nkyyn. Varavuoteessa on liikuttelua helpottavat py\u00f6r\u00e4t. Patja myyd\u00e4\u00e4n erikseen.Tuotetiedot:<\/p>\n<p><strong>Mitat<\/strong><br \/>\nL 174 cm x S 80 cm x K 19 cm<\/p>\n<p><strong>V\u00e4ri<\/strong><br \/>\nValkoinen<\/p>\n<p><strong>Lis\u00e4tietoja<\/strong><br \/>\nLevypohja<br \/>\nToimitetaan osina.<\/p>\n","protected":false},"excerpt":{"rendered":"<p>Varavuode Unipuu s\u00e4ngyjen alle.<\/p>\n","protected":false},"featured_media":10849,"comment_status":"closed","ping_status":"closed","template":"","meta":{"_acf_changed":false,"jetpack_post_was_ever_published":false,"jetpack_publicize_message":"","jetpack_publicize_feature_enabled":true,"jetpack_social_post_already_shared":true,"jetpack_social_options":{"image_generator_settings":{"template":"highway","default_image_id":0,"font":"","enabled":false},"version":2}},"product_brand":[177],"product_cat":[198],"product_tag":[],"class_list":{"0":"post-10848","1":"product","2":"type-product","3":"status-publish","4":"has-post-thumbnail","6":"product_brand-byniemi","7":"product_cat-patjat-ja-sangyt","9":"first","10":"instock","11":"sale","12":"purchasable","13":"product-type-simple"},"acf":[],"jetpack_publicize_connections":[],"jetpack_sharing_enabled":true,"jetpack-related-posts":[{"id":10847,"url":"https:\/\/pohjanmaantehtaanmyymala.fi\/en\/tuote\/unipuu-parvisanky-90-va\/","url_meta":{"origin":10848,"position":0},"title":"UNIPUU \u2013 parvis\u00e4nky 90","author":"petri","date":"September 14, 2019","format":false,"excerpt":"Unipuu -kalustesarja on ilahduttanut ihmisi\u00e4 funktionaalisuudellaan jo vuosikymmeni\u00e4. Unipuu kasvaa perheen mukana. Unipuu-sarjan monipuolisesta valikoimasta l\u00f6ytyy lukuisia kesken\u00e4\u00e4n yhteensopivia osia, joista saa muunneltavia ja tilaa s\u00e4\u00e4st\u00e4vi\u00e4 vuoderatkaisuja perheen ja lapsen eri el\u00e4m\u00e4nvaiheiden tarpeisiin Tuotetiedot: Mitat L 211 cm x S 96 cm x K 162 cm Patjan koko 90 cm\u2026","rel":"","context":"Similar post","block_context":{"text":"Similar post","link":""},"img":{"alt_text":"","src":"https:\/\/i0.wp.com\/pohjanmaantehtaanmyymala.fi\/wp-content\/uploads\/2019\/09\/uNIPUU_PARVISANKY_VALKOINEN_LOW_RES.jpg?fit=960%2C960&ssl=1&resize=350%2C200","width":350,"height":200,"srcset":"https:\/\/i0.wp.com\/pohjanmaantehtaanmyymala.fi\/wp-content\/uploads\/2019\/09\/uNIPUU_PARVISANKY_VALKOINEN_LOW_RES.jpg?fit=960%2C960&ssl=1&resize=350%2C200 1x, https:\/\/i0.wp.com\/pohjanmaantehtaanmyymala.fi\/wp-content\/uploads\/2019\/09\/uNIPUU_PARVISANKY_VALKOINEN_LOW_RES.jpg?fit=960%2C960&ssl=1&resize=525%2C300 1.5x, https:\/\/i0.wp.com\/pohjanmaantehtaanmyymala.fi\/wp-content\/uploads\/2019\/09\/uNIPUU_PARVISANKY_VALKOINEN_LOW_RES.jpg?fit=960%2C960&ssl=1&resize=700%2C400 2x"},"classes":[]},{"id":10842,"url":"https:\/\/pohjanmaantehtaanmyymala.fi\/en\/tuote\/unipuu-kerrossanky-80-va\/","url_meta":{"origin":10848,"position":1},"title":"UNIPUU \u2013 kerross\u00e4nky 80","author":"petri","date":"September 14, 2019","format":false,"excerpt":"Unipuu -kalustesarja on ilahduttanut ihmisi\u00e4 funktionaalisuudellaan jo vuosikymmeni\u00e4. Unipuu kasvaa perheen mukana. Unipuu-sarjan monipuolisesta valikoimasta l\u00f6ytyy lukuisia kesken\u00e4\u00e4n yhteensopivia osia, joista saa muunneltavia ja tilaa s\u00e4\u00e4st\u00e4vi\u00e4 vuoderatkaisuja perheen ja lapsen eri el\u00e4m\u00e4nvaiheiden tarpeisiin Kerross\u00e4ngyst\u00e4 saat helposti muodostettua kaksi erillist\u00e4 s\u00e4nky\u00e4. Tuotetiedot: Mitat L 211 cm x S 86 cm x\u2026","rel":"","context":"Similar post","block_context":{"text":"Similar post","link":""},"img":{"alt_text":"","src":"https:\/\/i0.wp.com\/pohjanmaantehtaanmyymala.fi\/wp-content\/uploads\/2019\/09\/Unipuu_kerrossanky_valkoinen_low_res.jpg?fit=960%2C960&ssl=1&resize=350%2C200","width":350,"height":200,"srcset":"https:\/\/i0.wp.com\/pohjanmaantehtaanmyymala.fi\/wp-content\/uploads\/2019\/09\/Unipuu_kerrossanky_valkoinen_low_res.jpg?fit=960%2C960&ssl=1&resize=350%2C200 1x, https:\/\/i0.wp.com\/pohjanmaantehtaanmyymala.fi\/wp-content\/uploads\/2019\/09\/Unipuu_kerrossanky_valkoinen_low_res.jpg?fit=960%2C960&ssl=1&resize=525%2C300 1.5x, https:\/\/i0.wp.com\/pohjanmaantehtaanmyymala.fi\/wp-content\/uploads\/2019\/09\/Unipuu_kerrossanky_valkoinen_low_res.jpg?fit=960%2C960&ssl=1&resize=700%2C400 2x"},"classes":[]},{"id":10845,"url":"https:\/\/pohjanmaantehtaanmyymala.fi\/en\/tuote\/unipuu-parvisanky-80-va\/","url_meta":{"origin":10848,"position":2},"title":"UNIPUU \u2013 parvis\u00e4nky 80","author":"petri","date":"September 14, 2019","format":false,"excerpt":"T\u00e4ll\u00e4 s\u00e4ngyll\u00e4 saat huoneen neli\u00f6t tehok\u00e4ytt\u00f6\u00f6n.","rel":"","context":"Similar post","block_context":{"text":"Similar post","link":""},"img":{"alt_text":"","src":"https:\/\/i0.wp.com\/pohjanmaantehtaanmyymala.fi\/wp-content\/uploads\/2019\/09\/uNIPUU_PARVISANKY_VALKOINEN_LOW_RES.jpg?fit=960%2C960&ssl=1&resize=350%2C200","width":350,"height":200,"srcset":"https:\/\/i0.wp.com\/pohjanmaantehtaanmyymala.fi\/wp-content\/uploads\/2019\/09\/uNIPUU_PARVISANKY_VALKOINEN_LOW_RES.jpg?fit=960%2C960&ssl=1&resize=350%2C200 1x, https:\/\/i0.wp.com\/pohjanmaantehtaanmyymala.fi\/wp-content\/uploads\/2019\/09\/uNIPUU_PARVISANKY_VALKOINEN_LOW_RES.jpg?fit=960%2C960&ssl=1&resize=525%2C300 1.5x, https:\/\/i0.wp.com\/pohjanmaantehtaanmyymala.fi\/wp-content\/uploads\/2019\/09\/uNIPUU_PARVISANKY_VALKOINEN_LOW_RES.jpg?fit=960%2C960&ssl=1&resize=700%2C400 2x"},"classes":[]},{"id":10844,"url":"https:\/\/pohjanmaantehtaanmyymala.fi\/en\/tuote\/unipuu-kerrossanky-90-va\/","url_meta":{"origin":10848,"position":3},"title":"UNIPUU \u2013 kerross\u00e4nky 90","author":"petri","date":"September 14, 2019","format":false,"excerpt":"T\u00e4t\u00e4 klassikkoa on valmistettu jo 70-luvulta saakka.","rel":"","context":"Similar post","block_context":{"text":"Similar post","link":""},"img":{"alt_text":"","src":"https:\/\/i0.wp.com\/pohjanmaantehtaanmyymala.fi\/wp-content\/uploads\/2019\/09\/Unipuu_kerrossanky_valkoinen_low_res.jpg?fit=960%2C960&ssl=1&resize=350%2C200","width":350,"height":200,"srcset":"https:\/\/i0.wp.com\/pohjanmaantehtaanmyymala.fi\/wp-content\/uploads\/2019\/09\/Unipuu_kerrossanky_valkoinen_low_res.jpg?fit=960%2C960&ssl=1&resize=350%2C200 1x, https:\/\/i0.wp.com\/pohjanmaantehtaanmyymala.fi\/wp-content\/uploads\/2019\/09\/Unipuu_kerrossanky_valkoinen_low_res.jpg?fit=960%2C960&ssl=1&resize=525%2C300 1.5x, https:\/\/i0.wp.com\/pohjanmaantehtaanmyymala.fi\/wp-content\/uploads\/2019\/09\/Unipuu_kerrossanky_valkoinen_low_res.jpg?fit=960%2C960&ssl=1&resize=700%2C400 2x"},"classes":[]},{"id":10852,"url":"https:\/\/pohjanmaantehtaanmyymala.fi\/en\/tuote\/unipuu-pikkuparvi-80-va\/","url_meta":{"origin":10848,"position":4},"title":"UNIPUU \u2013 pikkuparvi 80","author":"petri","date":"September 14, 2019","format":false,"excerpt":"Unipuu-pikkuparvi on pienen huoneen tilaihme.","rel":"","context":"Similar post","block_context":{"text":"Similar post","link":""},"img":{"alt_text":"Pikkuparvi levypohjalla valkoinen","src":"https:\/\/i0.wp.com\/pohjanmaantehtaanmyymala.fi\/wp-content\/uploads\/2019\/09\/Pikkuparvi_valkoinen_lowres.jpg?fit=960%2C960&ssl=1&resize=350%2C200","width":350,"height":200,"srcset":"https:\/\/i0.wp.com\/pohjanmaantehtaanmyymala.fi\/wp-content\/uploads\/2019\/09\/Pikkuparvi_valkoinen_lowres.jpg?fit=960%2C960&ssl=1&resize=350%2C200 1x, https:\/\/i0.wp.com\/pohjanmaantehtaanmyymala.fi\/wp-content\/uploads\/2019\/09\/Pikkuparvi_valkoinen_lowres.jpg?fit=960%2C960&ssl=1&resize=525%2C300 1.5x, https:\/\/i0.wp.com\/pohjanmaantehtaanmyymala.fi\/wp-content\/uploads\/2019\/09\/Pikkuparvi_valkoinen_lowres.jpg?fit=960%2C960&ssl=1&resize=700%2C400 2x"},"classes":[]},{"id":10853,"url":"https:\/\/pohjanmaantehtaanmyymala.fi\/en\/tuote\/unipuu-pikkuparvi-90-va\/","url_meta":{"origin":10848,"position":5},"title":"UNIPUU \u2013 pikkuparvi 90","author":"petri","date":"September 14, 2019","format":false,"excerpt":"Unipuu-pikkuparvi on pienen huoneen tilaihme.","rel":"","context":"Similar post","block_context":{"text":"Similar post","link":""},"img":{"alt_text":"Pikkuparvi levypohjalla valkoinen","src":"https:\/\/i0.wp.com\/pohjanmaantehtaanmyymala.fi\/wp-content\/uploads\/2019\/09\/Pikkuparvi_valkoinen_lowres.jpg?fit=960%2C960&ssl=1&resize=350%2C200","width":350,"height":200,"srcset":"https:\/\/i0.wp.com\/pohjanmaantehtaanmyymala.fi\/wp-content\/uploads\/2019\/09\/Pikkuparvi_valkoinen_lowres.jpg?fit=960%2C960&ssl=1&resize=350%2C200 1x, https:\/\/i0.wp.com\/pohjanmaantehtaanmyymala.fi\/wp-content\/uploads\/2019\/09\/Pikkuparvi_valkoinen_lowres.jpg?fit=960%2C960&ssl=1&resize=525%2C300 1.5x, https:\/\/i0.wp.com\/pohjanmaantehtaanmyymala.fi\/wp-content\/uploads\/2019\/09\/Pikkuparvi_valkoinen_lowres.jpg?fit=960%2C960&ssl=1&resize=700%2C400 2x"},"classes":[]}],"_links":{"self":[{"href":"https:\/\/pohjanmaantehtaanmyymala.fi\/en\/wp-json\/wp\/v2\/product\/10848","targetHints":{"allow":["GET"]}}],"collection":[{"href":"https:\/\/pohjanmaantehtaanmyymala.fi\/en\/wp-json\/wp\/v2\/product"}],"about":[{"href":"https:\/\/pohjanmaantehtaanmyymala.fi\/en\/wp-json\/wp\/v2\/types\/product"}],"replies":[{"embeddable":true,"href":"https:\/\/pohjanmaantehtaanmyymala.fi\/en\/wp-json\/wp\/v2\/comments?post=10848"}],"wp:featuredmedia":[{"embeddable":true,"href":"https:\/\/pohjanmaantehtaanmyymala.fi\/en\/wp-json\/wp\/v2\/media\/10849"}],"wp:attachment":[{"href":"https:\/\/pohjanmaantehtaanmyymala.fi\/en\/wp-json\/wp\/v2\/media?parent=10848"}],"wp:term":[{"taxonomy":"product_brand","embeddable":true,"href":"https:\/\/pohjanmaantehtaanmyymala.fi\/en\/wp-json\/wp\/v2\/product_brand?post=10848"},{"taxonomy":"product_cat","embeddable":true,"href":"https:\/\/pohjanmaantehtaanmyymala.fi\/en\/wp-json\/wp\/v2\/product_cat?post=10848"},{"taxonomy":"product_tag","embeddable":true,"href":"https:\/\/pohjanmaantehtaanmyymala.fi\/en\/wp-json\/wp\/v2\/product_tag?post=10848"}],"curies":[{"name":"wp","href":"https:\/\/api.w.org\/{rel}","templated":true}]}}